{"id":39180,"date":"2025-05-15T18:01:13","date_gmt":"2025-05-15T16:01:13","guid":{"rendered":"https:\/\/www.axiomams.eu\/produktas\/ametek-jofra-rtc-700-temperaturas-kalibrators"},"modified":"2026-03-25T17:00:38","modified_gmt":"2026-03-25T15:00:38","slug":"ametek-jofra-rtc-700-temperaturas-kalibrators","status":"publish","type":"product","link":"https:\/\/www.axiomams.eu\/lv\/produktas\/ametek-jofra-rtc-700-temperaturas-kalibrators","title":{"rendered":"Ametek JOFRA RTC-700 temperat\u016bras kalibrators"},"content":{"rendered":"<p>JOFRA RTC s\u0113rijas standarta temperat\u016bras kalibrators<\/p>\n<p>Iepaz\u012bstin\u0101m ar jaun\u0101ko JOFRA RTC (references temperat\u016bras kalibratoru) s\u0113riju ar sausajiem blokiem RTC-156, 157, 159 un 700 un kombin\u0113tajiem sausajiem blokiem un \u0161\u0137idruma vann\u0101m RTC-158 un 250, kas ir v\u0113l sare\u017e\u0123\u012bt\u0101ki par visiem l\u012bdz\u0161in\u0113jiem kalibratoriem.<\/p>\n<p>JAUNUMS! Efekt\u012bva dzes\u0113\u0161anas tehnolo\u0123ija<br \/>\nRTC-159 gan ar sild\u012b\u0161anas, gan dzes\u0113\u0161anas jaudu ir apr\u012bkoti ar FPSC (Free Piston Stirling Cooler) dzes\u0113\u0161anas avotu, kas ir daudz efekt\u012bv\u0101ks nek\u0101 termoelektriskie (Peltj\u0113) dzes\u0113t\u0101ji.<br \/>\nUzlabota temperat\u016bras homogenit\u0101te<br \/>\nUnik\u0101lais akt\u012bvais divu zonu bloks (RTC-156\/157\/158\/159\/250) vai tr\u012bs zonu bloks (RTC-700) nodro\u0161ina labu temperat\u016bras homogenit\u0101ti kalibr\u0113\u0161anas zon\u0101.<br \/>\nDLC &#8211; dinamisk\u0101 slodzes kompens\u0101cija Patents gaida patentu!<br \/>\nPerfekta temperat\u016bras viendab\u012bba buks\u0113, pat ja kalibr\u0113 lielus sensorus vai vair\u0101kus sensorus vienlaic\u012bgi.<br \/>\nB un C mode\u013ci.<br \/>\nTemperat\u016bras viendab\u012bguma indikators<br \/>\nTemperat\u016bras viendab\u012bguma l\u012bme\u0146a r\u0101d\u012bjums ieb\u016bv\u0113, ja tiek izmantota jaun\u0101 DLC tehnolo\u0123ija.<br \/>\nB un C mode\u013ci.<br \/>\nInteli\u0123entie atskaites sensori<br \/>\nJOFRA atskaites sensori tiek pieg\u0101d\u0101ti ar inteli\u0123entiem savienot\u0101jiem, kas veic atskaites sensora kalibr\u0113\u0161anas datus (koeficientus).<br \/>\nUSB sazi\u0146a<br \/>\nVisi RTC kalibratori sazin\u0101s, izmantojot USB portu.<br \/>\nLaika ietaup\u012bjums<br \/>\nLiels \u0101trums, izmantojot sild\u012b\u0161anu un dzes\u0113\u0161anu.<br \/>\nEURAMET<br \/>\nVislab\u0101kie rezult\u0101ti k\u0101 sausajam blokam saska\u0146\u0101 ar EURAMET\/cg-13\/v.01 vadl\u012bnij\u0101m sauso bloku test\u0113\u0161anai.<\/p>\n<h3>Tehnisk\u0101 inform\u0101cija:<\/h3>\n<ul>\n<li><a href=\"https:\/\/axiomams.eu\/importer\/export\/attachments\/en\/jofra-ametek-rtc-700.pdf\" target=\"_blank\">Jofra Ametek RTC 700.pdf<\/a><\/li>\n<\/ul>\n","protected":false},"excerpt":{"rendered":"<p>JOFRA RTC s\u0113rijas standarta temperat\u016bras kalibrators Iepaz\u012bstin\u0101m ar jaun\u0101ko JOFRA RTC (references temperat\u016bras kalibratoru) s\u0113riju ar sausajiem blokiem RTC-156, 157, 159 un 700 un kombin\u0113tajiem sausajiem blokiem un \u0161\u0137idruma vann\u0101m RTC-158 un 250, kas ir v\u0113l sare\u017e\u0123\u012bt\u0101ki par visiem l\u012bdz\u0161in\u0113jiem kalibratoriem. JAUNUMS! Efekt\u012bva dzes\u0113\u0161anas tehnolo\u0123ija RTC-159 gan ar sild\u012b\u0161anas, gan dzes\u0113\u0161anas jaudu ir apr\u012bkoti ar&#8230;<\/p>\n","protected":false},"featured_media":42087,"comment_status":"open","ping_status":"closed","template":"","meta":{"_acf_changed":false},"product_brand":[1202],"product_cat":[17745],"product_tag":[],"class_list":{"0":"post-39180","1":"product","2":"type-product","3":"status-publish","4":"has-post-thumbnail","6":"product_brand-ametek","7":"product_cat-procesa-un-temperaturas-kalibresanai","9":"first","10":"instock","11":"taxable","12":"shipping-taxable","13":"product-type-simple"},"acf":[],"yoast_head":"<!-- This site is optimized with the Yoast SEO plugin v27.0 - https:\/\/yoast.com\/product\/yoast-seo-wordpress\/ -->\n<title>Ametek JOFRA RTC-700 temperat\u016bras kalibrators - AXIOMA MS<\/title>\n<meta name=\"robots\" content=\"index, follow, max-snippet:-1, max-image-preview:large, max-video-preview:-1\" \/>\n<link rel=\"canonical\" href=\"https:\/\/www.axiomams.eu\/lv\/produktas\/ametek-jofra-rtc-700-temperaturas-kalibrators\" \/>\n<meta property=\"og:locale\" content=\"lv_LV\" \/>\n<meta property=\"og:type\" content=\"article\" \/>\n<meta property=\"og:title\" content=\"Ametek JOFRA RTC-700 temperat\u016bras kalibrators - AXIOMA MS\" \/>\n<meta property=\"og:description\" content=\"JOFRA RTC s\u0113rijas standarta temperat\u016bras kalibrators Iepaz\u012bstin\u0101m ar jaun\u0101ko JOFRA RTC (references temperat\u016bras kalibratoru) s\u0113riju ar sausajiem blokiem RTC-156, 157, 159 un 700 un kombin\u0113tajiem sausajiem blokiem un \u0161\u0137idruma vann\u0101m RTC-158 un 250, kas ir v\u0113l sare\u017e\u0123\u012bt\u0101ki par visiem l\u012bdz\u0161in\u0113jiem kalibratoriem. JAUNUMS! Efekt\u012bva dzes\u0113\u0161anas tehnolo\u0123ija RTC-159 gan ar sild\u012b\u0161anas, gan dzes\u0113\u0161anas jaudu ir apr\u012bkoti ar...\" \/>\n<meta property=\"og:url\" content=\"https:\/\/www.axiomams.eu\/lv\/produktas\/ametek-jofra-rtc-700-temperaturas-kalibrators\" \/>\n<meta property=\"og:site_name\" content=\"AXIOMA MS\" \/>\n<meta property=\"article:publisher\" content=\"https:\/\/www.facebook.com\/AxiomaMS\" \/>\n<meta property=\"article:modified_time\" content=\"2026-03-25T15:00:38+00:00\" \/>\n<meta property=\"og:image\" content=\"https:\/\/www.axiomams.eu\/wp-content\/uploads\/2025\/07\/822-1847.jpg\" \/>\n\t<meta property=\"og:image:width\" content=\"550\" \/>\n\t<meta property=\"og:image:height\" content=\"500\" \/>\n\t<meta property=\"og:image:type\" content=\"image\/jpeg\" \/>\n<meta name=\"twitter:card\" content=\"summary_large_image\" \/>\n<meta name=\"twitter:label1\" content=\"Est. reading time\" \/>\n\t<meta name=\"twitter:data1\" content=\"1 minute\" \/>\n<script type=\"application\/ld+json\" class=\"yoast-schema-graph\">{\"@context\":\"https:\/\/schema.org\",\"@graph\":[{\"@type\":\"WebPage\",\"@id\":\"https:\/\/www.axiomams.eu\/lv\/produktas\/ametek-jofra-rtc-700-temperaturas-kalibrators\",\"url\":\"https:\/\/www.axiomams.eu\/lv\/produktas\/ametek-jofra-rtc-700-temperaturas-kalibrators\",\"name\":\"Ametek JOFRA RTC-700 temperat\u016bras kalibrators - AXIOMA MS\",\"isPartOf\":{\"@id\":\"https:\/\/www.axiomams.eu\/lv#website\"},\"primaryImageOfPage\":{\"@id\":\"https:\/\/www.axiomams.eu\/lv\/produktas\/ametek-jofra-rtc-700-temperaturas-kalibrators#primaryimage\"},\"image\":{\"@id\":\"https:\/\/www.axiomams.eu\/lv\/produktas\/ametek-jofra-rtc-700-temperaturas-kalibrators#primaryimage\"},\"thumbnailUrl\":\"https:\/\/www.axiomams.eu\/wp-content\/uploads\/2025\/07\/822-1847.jpg\",\"datePublished\":\"2025-05-15T16:01:13+00:00\",\"dateModified\":\"2026-03-25T15:00:38+00:00\",\"breadcrumb\":{\"@id\":\"https:\/\/www.axiomams.eu\/lv\/produktas\/ametek-jofra-rtc-700-temperaturas-kalibrators#breadcrumb\"},\"inLanguage\":\"lv-LV\",\"potentialAction\":[{\"@type\":\"ReadAction\",\"target\":[\"https:\/\/www.axiomams.eu\/lv\/produktas\/ametek-jofra-rtc-700-temperaturas-kalibrators\"]}]},{\"@type\":\"ImageObject\",\"inLanguage\":\"lv-LV\",\"@id\":\"https:\/\/www.axiomams.eu\/lv\/produktas\/ametek-jofra-rtc-700-temperaturas-kalibrators#primaryimage\",\"url\":\"https:\/\/www.axiomams.eu\/wp-content\/uploads\/2025\/07\/822-1847.jpg\",\"contentUrl\":\"https:\/\/www.axiomams.eu\/wp-content\/uploads\/2025\/07\/822-1847.jpg\",\"width\":550,\"height\":500},{\"@type\":\"BreadcrumbList\",\"@id\":\"https:\/\/www.axiomams.eu\/lv\/produktas\/ametek-jofra-rtc-700-temperaturas-kalibrators#breadcrumb\",\"itemListElement\":[{\"@type\":\"ListItem\",\"position\":1,\"name\":\"Home\",\"item\":\"https:\/\/www.axiomams.eu\/lv\"},{\"@type\":\"ListItem\",\"position\":2,\"name\":\"Produkti\",\"item\":\"https:\/\/www.axiomams.eu\/lv\/produkti\"},{\"@type\":\"ListItem\",\"position\":3,\"name\":\"Ametek JOFRA RTC-700 temperat\u016bras kalibrators\"}]},{\"@type\":\"WebSite\",\"@id\":\"https:\/\/www.axiomams.eu\/lv#website\",\"url\":\"https:\/\/www.axiomams.eu\/lv\",\"name\":\"AXIOMA MS\",\"description\":\"Terrmovizoriai ir matavimo \u012franga\",\"publisher\":{\"@id\":\"https:\/\/www.axiomams.eu\/lv#organization\"},\"potentialAction\":[{\"@type\":\"SearchAction\",\"target\":{\"@type\":\"EntryPoint\",\"urlTemplate\":\"https:\/\/www.axiomams.eu\/lv?s={search_term_string}\"},\"query-input\":{\"@type\":\"PropertyValueSpecification\",\"valueRequired\":true,\"valueName\":\"search_term_string\"}}],\"inLanguage\":\"lv-LV\"},{\"@type\":\"Organization\",\"@id\":\"https:\/\/www.axiomams.eu\/lv#organization\",\"name\":\"AXIOMA MS\",\"url\":\"https:\/\/www.axiomams.eu\/lv\",\"logo\":{\"@type\":\"ImageObject\",\"inLanguage\":\"lv-LV\",\"@id\":\"https:\/\/www.axiomams.eu\/lv#\/schema\/logo\/image\/\",\"url\":\"https:\/\/www.axiomams.eu\/wp-content\/uploads\/2025\/06\/axioma-logo-2.png\",\"contentUrl\":\"https:\/\/www.axiomams.eu\/wp-content\/uploads\/2025\/06\/axioma-logo-2.png\",\"width\":1200,\"height\":1200,\"caption\":\"AXIOMA MS\"},\"image\":{\"@id\":\"https:\/\/www.axiomams.eu\/lv#\/schema\/logo\/image\/\"},\"sameAs\":[\"https:\/\/www.facebook.com\/AxiomaMS\",\"https:\/\/www.linkedin.com\/company\/axiomams\/\"]}]}<\/script>\n<!-- \/ Yoast SEO plugin. -->","yoast_head_json":{"title":"Ametek JOFRA RTC-700 temperat\u016bras kalibrators - AXIOMA MS","robots":{"index":"index","follow":"follow","max-snippet":"max-snippet:-1","max-image-preview":"max-image-preview:large","max-video-preview":"max-video-preview:-1"},"canonical":"https:\/\/www.axiomams.eu\/lv\/produktas\/ametek-jofra-rtc-700-temperaturas-kalibrators","og_locale":"lv_LV","og_type":"article","og_title":"Ametek JOFRA RTC-700 temperat\u016bras kalibrators - AXIOMA MS","og_description":"JOFRA RTC s\u0113rijas standarta temperat\u016bras kalibrators Iepaz\u012bstin\u0101m ar jaun\u0101ko JOFRA RTC (references temperat\u016bras kalibratoru) s\u0113riju ar sausajiem blokiem RTC-156, 157, 159 un 700 un kombin\u0113tajiem sausajiem blokiem un \u0161\u0137idruma vann\u0101m RTC-158 un 250, kas ir v\u0113l sare\u017e\u0123\u012bt\u0101ki par visiem l\u012bdz\u0161in\u0113jiem kalibratoriem. JAUNUMS! Efekt\u012bva dzes\u0113\u0161anas tehnolo\u0123ija RTC-159 gan ar sild\u012b\u0161anas, gan dzes\u0113\u0161anas jaudu ir apr\u012bkoti ar...","og_url":"https:\/\/www.axiomams.eu\/lv\/produktas\/ametek-jofra-rtc-700-temperaturas-kalibrators","og_site_name":"AXIOMA MS","article_publisher":"https:\/\/www.facebook.com\/AxiomaMS","article_modified_time":"2026-03-25T15:00:38+00:00","og_image":[{"width":550,"height":500,"url":"https:\/\/www.axiomams.eu\/wp-content\/uploads\/2025\/07\/822-1847.jpg","type":"image\/jpeg"}],"twitter_card":"summary_large_image","twitter_misc":{"Est. reading time":"1 minute"},"schema":{"@context":"https:\/\/schema.org","@graph":[{"@type":"WebPage","@id":"https:\/\/www.axiomams.eu\/lv\/produktas\/ametek-jofra-rtc-700-temperaturas-kalibrators","url":"https:\/\/www.axiomams.eu\/lv\/produktas\/ametek-jofra-rtc-700-temperaturas-kalibrators","name":"Ametek JOFRA RTC-700 temperat\u016bras kalibrators - AXIOMA MS","isPartOf":{"@id":"https:\/\/www.axiomams.eu\/lv#website"},"primaryImageOfPage":{"@id":"https:\/\/www.axiomams.eu\/lv\/produktas\/ametek-jofra-rtc-700-temperaturas-kalibrators#primaryimage"},"image":{"@id":"https:\/\/www.axiomams.eu\/lv\/produktas\/ametek-jofra-rtc-700-temperaturas-kalibrators#primaryimage"},"thumbnailUrl":"https:\/\/www.axiomams.eu\/wp-content\/uploads\/2025\/07\/822-1847.jpg","datePublished":"2025-05-15T16:01:13+00:00","dateModified":"2026-03-25T15:00:38+00:00","breadcrumb":{"@id":"https:\/\/www.axiomams.eu\/lv\/produktas\/ametek-jofra-rtc-700-temperaturas-kalibrators#breadcrumb"},"inLanguage":"lv-LV","potentialAction":[{"@type":"ReadAction","target":["https:\/\/www.axiomams.eu\/lv\/produktas\/ametek-jofra-rtc-700-temperaturas-kalibrators"]}]},{"@type":"ImageObject","inLanguage":"lv-LV","@id":"https:\/\/www.axiomams.eu\/lv\/produktas\/ametek-jofra-rtc-700-temperaturas-kalibrators#primaryimage","url":"https:\/\/www.axiomams.eu\/wp-content\/uploads\/2025\/07\/822-1847.jpg","contentUrl":"https:\/\/www.axiomams.eu\/wp-content\/uploads\/2025\/07\/822-1847.jpg","width":550,"height":500},{"@type":"BreadcrumbList","@id":"https:\/\/www.axiomams.eu\/lv\/produktas\/ametek-jofra-rtc-700-temperaturas-kalibrators#breadcrumb","itemListElement":[{"@type":"ListItem","position":1,"name":"Home","item":"https:\/\/www.axiomams.eu\/lv"},{"@type":"ListItem","position":2,"name":"Produkti","item":"https:\/\/www.axiomams.eu\/lv\/produkti"},{"@type":"ListItem","position":3,"name":"Ametek JOFRA RTC-700 temperat\u016bras kalibrators"}]},{"@type":"WebSite","@id":"https:\/\/www.axiomams.eu\/lv#website","url":"https:\/\/www.axiomams.eu\/lv","name":"AXIOMA MS","description":"Terrmovizoriai ir matavimo \u012franga","publisher":{"@id":"https:\/\/www.axiomams.eu\/lv#organization"},"potentialAction":[{"@type":"SearchAction","target":{"@type":"EntryPoint","urlTemplate":"https:\/\/www.axiomams.eu\/lv?s={search_term_string}"},"query-input":{"@type":"PropertyValueSpecification","valueRequired":true,"valueName":"search_term_string"}}],"inLanguage":"lv-LV"},{"@type":"Organization","@id":"https:\/\/www.axiomams.eu\/lv#organization","name":"AXIOMA MS","url":"https:\/\/www.axiomams.eu\/lv","logo":{"@type":"ImageObject","inLanguage":"lv-LV","@id":"https:\/\/www.axiomams.eu\/lv#\/schema\/logo\/image\/","url":"https:\/\/www.axiomams.eu\/wp-content\/uploads\/2025\/06\/axioma-logo-2.png","contentUrl":"https:\/\/www.axiomams.eu\/wp-content\/uploads\/2025\/06\/axioma-logo-2.png","width":1200,"height":1200,"caption":"AXIOMA MS"},"image":{"@id":"https:\/\/www.axiomams.eu\/lv#\/schema\/logo\/image\/"},"sameAs":["https:\/\/www.facebook.com\/AxiomaMS","https:\/\/www.linkedin.com\/company\/axiomams\/"]}]}},"_links":{"self":[{"href":"https:\/\/www.axiomams.eu\/lv\/wp-json\/wp\/v2\/product\/39180","targetHints":{"allow":["GET"]}}],"collection":[{"href":"https:\/\/www.axiomams.eu\/lv\/wp-json\/wp\/v2\/product"}],"about":[{"href":"https:\/\/www.axiomams.eu\/lv\/wp-json\/wp\/v2\/types\/product"}],"replies":[{"embeddable":true,"href":"https:\/\/www.axiomams.eu\/lv\/wp-json\/wp\/v2\/comments?post=39180"}],"wp:featuredmedia":[{"embeddable":true,"href":"https:\/\/www.axiomams.eu\/lv\/wp-json\/wp\/v2\/media\/42087"}],"wp:attachment":[{"href":"https:\/\/www.axiomams.eu\/lv\/wp-json\/wp\/v2\/media?parent=39180"}],"wp:term":[{"taxonomy":"product_brand","embeddable":true,"href":"https:\/\/www.axiomams.eu\/lv\/wp-json\/wp\/v2\/product_brand?post=39180"},{"taxonomy":"product_cat","embeddable":true,"href":"https:\/\/www.axiomams.eu\/lv\/wp-json\/wp\/v2\/product_cat?post=39180"},{"taxonomy":"product_tag","embeddable":true,"href":"https:\/\/www.axiomams.eu\/lv\/wp-json\/wp\/v2\/product_tag?post=39180"}],"curies":[{"name":"wp","href":"https:\/\/api.w.org\/{rel}","templated":true}]}}