{"id":39181,"date":"2025-05-15T18:01:15","date_gmt":"2025-05-15T16:01:15","guid":{"rendered":"https:\/\/www.axiomams.eu\/produktas\/flir-k33-termokamera"},"modified":"2026-03-25T17:00:38","modified_gmt":"2026-03-25T15:00:38","slug":"flir-k33-termokamera","status":"publish","type":"product","link":"https:\/\/www.axiomams.eu\/lv\/produktas\/flir-k33-termokamera","title":{"rendered":"Flir K33 termokamera"},"content":{"rendered":"<p>FLIR K33 termokamera &#8211; sp\u0113j\u012bga, iztur\u012bga un uzticama. K33 padara pieejam\u0101ku augstas kvalit\u0101tes term\u0101lo att\u0113lu uz\u0146em\u0161anu, lai vair\u0101k pirm\u0101s pal\u012bdz\u012bbas sniedz\u0113ju var\u0113tu pal\u012bdz\u0113t gl\u0101bt dz\u012bv\u012bbas un aizsarg\u0101t \u012bpa\u0161umu.<br \/>\n\u0160o vieglo kameru var viegli piestiprin\u0101t pie apvedce\u013ciem, un t\u0101 pied\u0101v\u0101 vienk\u0101r\u0161otu vad\u012bbu, ko var lietot ar\u012b ar smagiem cimdiem.<br \/>\nAr t\u0101d\u0101m funkcij\u0101m k\u0101 elast\u012bga skatuves uzlabo\u0161ana (FSX), \u0113rti lietojamas pogas un iesp\u0113ja darboties temperat\u016br\u0101 l\u012bdz 260 \u00b0C (5 min), K33 ir neliels ieguld\u012bjums, kas atmaks\u0101jas ar liel\u0101m dividend\u0113m &#8211; gl\u0101bjot dz\u012bv\u012bbas, aizsarg\u0101jot \u012bpa\u0161umu un nodro\u0161inot ugunsdz\u0113s\u0113ju dro\u0161\u012bbu.<\/p>\n<p>Standarta komplekts: FLIR K33 infrasarkan\u0101 kamera, baterijas, bateriju l\u0101d\u0113t\u0101js, karab\u012bnes siksna, ciets transport\u0113\u0161anas futr\u0101lis, baro\u0161anas bloks, druk\u0101ta dokument\u0101cija, ievelkama siksna, USB kabelis.<\/p>\n<p><iframe loading=\"lazy\" width=\"560\" height=\"315\" src=\"https:\/\/www.youtube.com\/embed\/iPHpFLer2yg?si=Hn70coqA_AUp3qnh\" title=\"YouTube video atska\u0146ot\u0101js\" frameborder=\"0\" allow=\"accelerometer; autoplay; clipboard-write; encrypted-media; gyroscope; picture-in-picture; web-share\" referrerpolicy=\"strict-origin-when-cross-origin\" allowfullscreen><\/iframe><\/p>\n<p><iframe loading=\"lazy\" width=\"560\" height=\"315\" src=\"https:\/\/www.youtube.com\/embed\/fEunsyGKRUY?si=87tOVF0uEy2A6_TL\" title=\"YouTube video atska\u0146ot\u0101js\" frameborder=\"0\" allow=\"accelerometer; autoplay; clipboard-write; encrypted-media; gyroscope; picture-in-picture; web-share\" referrerpolicy=\"strict-origin-when-cross-origin\" allowfullscreen><\/iframe><\/p>\n<h3>Tehnisk\u0101 inform\u0101cija:<\/h3>\n<ul>\n<li><a href=\"https:\/\/axiomams.eu\/importer\/export\/attachments\/en\/flir-k33-53-datasheet.pdf\" target=\"_blank\">FLIR-K33-53-Datasheet.pdf<\/a><\/li>\n<\/ul>\n","protected":false},"excerpt":{"rendered":"<p>FLIR K33 termokamera &#8211; sp\u0113j\u012bga, iztur\u012bga un uzticama. K33 padara pieejam\u0101ku augstas kvalit\u0101tes term\u0101lo att\u0113lu uz\u0146em\u0161anu, lai vair\u0101k pirm\u0101s pal\u012bdz\u012bbas sniedz\u0113ju var\u0113tu pal\u012bdz\u0113t gl\u0101bt dz\u012bv\u012bbas un aizsarg\u0101t \u012bpa\u0161umu. \u0160o vieglo kameru var viegli piestiprin\u0101t pie apvedce\u013ciem, un t\u0101 pied\u0101v\u0101 vienk\u0101r\u0161otu vad\u012bbu, ko var lietot ar\u012b ar smagiem cimdiem. Ar t\u0101d\u0101m funkcij\u0101m k\u0101 elast\u012bga skatuves uzlabo\u0161ana&#8230;<\/p>\n","protected":false},"featured_media":42089,"comment_status":"open","ping_status":"closed","template":"","meta":{"_acf_changed":false},"product_brand":[734],"product_cat":[17732],"product_tag":[],"class_list":{"0":"post-39181","1":"product","2":"type-product","3":"status-publish","4":"has-post-thumbnail","6":"product_brand-flir","7":"product_cat-ugunsdrosiba","9":"first","10":"instock","11":"taxable","12":"shipping-taxable","13":"purchasable","14":"product-type-simple"},"acf":[],"yoast_head":"<!-- This site is optimized with the Yoast SEO plugin v27.0 - https:\/\/yoast.com\/product\/yoast-seo-wordpress\/ -->\n<title>Flir K33 termokamera - AXIOMA MS<\/title>\n<meta name=\"robots\" content=\"index, follow, max-snippet:-1, max-image-preview:large, max-video-preview:-1\" \/>\n<link rel=\"canonical\" href=\"https:\/\/www.axiomams.eu\/lv\/produktas\/flir-k33-termokamera\" \/>\n<meta property=\"og:locale\" content=\"lv_LV\" \/>\n<meta property=\"og:type\" content=\"article\" \/>\n<meta property=\"og:title\" content=\"Flir K33 termokamera - AXIOMA MS\" \/>\n<meta property=\"og:description\" content=\"FLIR K33 termokamera &#8211; sp\u0113j\u012bga, iztur\u012bga un uzticama. K33 padara pieejam\u0101ku augstas kvalit\u0101tes term\u0101lo att\u0113lu uz\u0146em\u0161anu, lai vair\u0101k pirm\u0101s pal\u012bdz\u012bbas sniedz\u0113ju var\u0113tu pal\u012bdz\u0113t gl\u0101bt dz\u012bv\u012bbas un aizsarg\u0101t \u012bpa\u0161umu. \u0160o vieglo kameru var viegli piestiprin\u0101t pie apvedce\u013ciem, un t\u0101 pied\u0101v\u0101 vienk\u0101r\u0161otu vad\u012bbu, ko var lietot ar\u012b ar smagiem cimdiem. Ar t\u0101d\u0101m funkcij\u0101m k\u0101 elast\u012bga skatuves uzlabo\u0161ana...\" \/>\n<meta property=\"og:url\" content=\"https:\/\/www.axiomams.eu\/lv\/produktas\/flir-k33-termokamera\" \/>\n<meta property=\"og:site_name\" content=\"AXIOMA MS\" \/>\n<meta property=\"article:publisher\" content=\"https:\/\/www.facebook.com\/AxiomaMS\" \/>\n<meta property=\"article:modified_time\" content=\"2026-03-25T15:00:38+00:00\" \/>\n<meta property=\"og:image\" content=\"https:\/\/www.axiomams.eu\/wp-content\/uploads\/2025\/07\/1453-1859.jpg\" \/>\n\t<meta property=\"og:image:width\" content=\"500\" \/>\n\t<meta property=\"og:image:height\" content=\"414\" \/>\n\t<meta property=\"og:image:type\" content=\"image\/jpeg\" \/>\n<meta name=\"twitter:card\" content=\"summary_large_image\" \/>\n<meta name=\"twitter:label1\" content=\"Est. reading time\" \/>\n\t<meta name=\"twitter:data1\" content=\"1 minute\" \/>\n<script type=\"application\/ld+json\" class=\"yoast-schema-graph\">{\"@context\":\"https:\/\/schema.org\",\"@graph\":[{\"@type\":\"WebPage\",\"@id\":\"https:\/\/www.axiomams.eu\/lv\/produktas\/flir-k33-termokamera\",\"url\":\"https:\/\/www.axiomams.eu\/lv\/produktas\/flir-k33-termokamera\",\"name\":\"Flir K33 termokamera - AXIOMA MS\",\"isPartOf\":{\"@id\":\"https:\/\/www.axiomams.eu\/lv#website\"},\"primaryImageOfPage\":{\"@id\":\"https:\/\/www.axiomams.eu\/lv\/produktas\/flir-k33-termokamera#primaryimage\"},\"image\":{\"@id\":\"https:\/\/www.axiomams.eu\/lv\/produktas\/flir-k33-termokamera#primaryimage\"},\"thumbnailUrl\":\"https:\/\/www.axiomams.eu\/wp-content\/uploads\/2025\/07\/1453-1859.jpg\",\"datePublished\":\"2025-05-15T16:01:15+00:00\",\"dateModified\":\"2026-03-25T15:00:38+00:00\",\"breadcrumb\":{\"@id\":\"https:\/\/www.axiomams.eu\/lv\/produktas\/flir-k33-termokamera#breadcrumb\"},\"inLanguage\":\"lv-LV\",\"potentialAction\":[{\"@type\":\"ReadAction\",\"target\":[\"https:\/\/www.axiomams.eu\/lv\/produktas\/flir-k33-termokamera\"]}]},{\"@type\":\"ImageObject\",\"inLanguage\":\"lv-LV\",\"@id\":\"https:\/\/www.axiomams.eu\/lv\/produktas\/flir-k33-termokamera#primaryimage\",\"url\":\"https:\/\/www.axiomams.eu\/wp-content\/uploads\/2025\/07\/1453-1859.jpg\",\"contentUrl\":\"https:\/\/www.axiomams.eu\/wp-content\/uploads\/2025\/07\/1453-1859.jpg\",\"width\":500,\"height\":414},{\"@type\":\"BreadcrumbList\",\"@id\":\"https:\/\/www.axiomams.eu\/lv\/produktas\/flir-k33-termokamera#breadcrumb\",\"itemListElement\":[{\"@type\":\"ListItem\",\"position\":1,\"name\":\"Home\",\"item\":\"https:\/\/www.axiomams.eu\/lv\"},{\"@type\":\"ListItem\",\"position\":2,\"name\":\"Produkti\",\"item\":\"https:\/\/www.axiomams.eu\/lv\/produkti\"},{\"@type\":\"ListItem\",\"position\":3,\"name\":\"Flir K33 termokamera\"}]},{\"@type\":\"WebSite\",\"@id\":\"https:\/\/www.axiomams.eu\/lv#website\",\"url\":\"https:\/\/www.axiomams.eu\/lv\",\"name\":\"AXIOMA MS\",\"description\":\"\",\"publisher\":{\"@id\":\"https:\/\/www.axiomams.eu\/lv#organization\"},\"potentialAction\":[{\"@type\":\"SearchAction\",\"target\":{\"@type\":\"EntryPoint\",\"urlTemplate\":\"https:\/\/www.axiomams.eu\/lv?s={search_term_string}\"},\"query-input\":{\"@type\":\"PropertyValueSpecification\",\"valueRequired\":true,\"valueName\":\"search_term_string\"}}],\"inLanguage\":\"lv-LV\"},{\"@type\":\"Organization\",\"@id\":\"https:\/\/www.axiomams.eu\/lv#organization\",\"name\":\"AXIOMA MS\",\"url\":\"https:\/\/www.axiomams.eu\/lv\",\"logo\":{\"@type\":\"ImageObject\",\"inLanguage\":\"lv-LV\",\"@id\":\"https:\/\/www.axiomams.eu\/lv#\/schema\/logo\/image\/\",\"url\":\"https:\/\/www.axiomams.eu\/wp-content\/uploads\/2025\/06\/axioma-logo-2.png\",\"contentUrl\":\"https:\/\/www.axiomams.eu\/wp-content\/uploads\/2025\/06\/axioma-logo-2.png\",\"width\":1200,\"height\":1200,\"caption\":\"AXIOMA MS\"},\"image\":{\"@id\":\"https:\/\/www.axiomams.eu\/lv#\/schema\/logo\/image\/\"},\"sameAs\":[\"https:\/\/www.facebook.com\/AxiomaMS\",\"https:\/\/www.linkedin.com\/company\/axiomams\/\"]}]}<\/script>\n<!-- \/ Yoast SEO plugin. -->","yoast_head_json":{"title":"Flir K33 termokamera - AXIOMA MS","robots":{"index":"index","follow":"follow","max-snippet":"max-snippet:-1","max-image-preview":"max-image-preview:large","max-video-preview":"max-video-preview:-1"},"canonical":"https:\/\/www.axiomams.eu\/lv\/produktas\/flir-k33-termokamera","og_locale":"lv_LV","og_type":"article","og_title":"Flir K33 termokamera - AXIOMA MS","og_description":"FLIR K33 termokamera &#8211; sp\u0113j\u012bga, iztur\u012bga un uzticama. K33 padara pieejam\u0101ku augstas kvalit\u0101tes term\u0101lo att\u0113lu uz\u0146em\u0161anu, lai vair\u0101k pirm\u0101s pal\u012bdz\u012bbas sniedz\u0113ju var\u0113tu pal\u012bdz\u0113t gl\u0101bt dz\u012bv\u012bbas un aizsarg\u0101t \u012bpa\u0161umu. \u0160o vieglo kameru var viegli piestiprin\u0101t pie apvedce\u013ciem, un t\u0101 pied\u0101v\u0101 vienk\u0101r\u0161otu vad\u012bbu, ko var lietot ar\u012b ar smagiem cimdiem. Ar t\u0101d\u0101m funkcij\u0101m k\u0101 elast\u012bga skatuves uzlabo\u0161ana...","og_url":"https:\/\/www.axiomams.eu\/lv\/produktas\/flir-k33-termokamera","og_site_name":"AXIOMA MS","article_publisher":"https:\/\/www.facebook.com\/AxiomaMS","article_modified_time":"2026-03-25T15:00:38+00:00","og_image":[{"width":500,"height":414,"url":"https:\/\/www.axiomams.eu\/wp-content\/uploads\/2025\/07\/1453-1859.jpg","type":"image\/jpeg"}],"twitter_card":"summary_large_image","twitter_misc":{"Est. reading time":"1 minute"},"schema":{"@context":"https:\/\/schema.org","@graph":[{"@type":"WebPage","@id":"https:\/\/www.axiomams.eu\/lv\/produktas\/flir-k33-termokamera","url":"https:\/\/www.axiomams.eu\/lv\/produktas\/flir-k33-termokamera","name":"Flir K33 termokamera - AXIOMA MS","isPartOf":{"@id":"https:\/\/www.axiomams.eu\/lv#website"},"primaryImageOfPage":{"@id":"https:\/\/www.axiomams.eu\/lv\/produktas\/flir-k33-termokamera#primaryimage"},"image":{"@id":"https:\/\/www.axiomams.eu\/lv\/produktas\/flir-k33-termokamera#primaryimage"},"thumbnailUrl":"https:\/\/www.axiomams.eu\/wp-content\/uploads\/2025\/07\/1453-1859.jpg","datePublished":"2025-05-15T16:01:15+00:00","dateModified":"2026-03-25T15:00:38+00:00","breadcrumb":{"@id":"https:\/\/www.axiomams.eu\/lv\/produktas\/flir-k33-termokamera#breadcrumb"},"inLanguage":"lv-LV","potentialAction":[{"@type":"ReadAction","target":["https:\/\/www.axiomams.eu\/lv\/produktas\/flir-k33-termokamera"]}]},{"@type":"ImageObject","inLanguage":"lv-LV","@id":"https:\/\/www.axiomams.eu\/lv\/produktas\/flir-k33-termokamera#primaryimage","url":"https:\/\/www.axiomams.eu\/wp-content\/uploads\/2025\/07\/1453-1859.jpg","contentUrl":"https:\/\/www.axiomams.eu\/wp-content\/uploads\/2025\/07\/1453-1859.jpg","width":500,"height":414},{"@type":"BreadcrumbList","@id":"https:\/\/www.axiomams.eu\/lv\/produktas\/flir-k33-termokamera#breadcrumb","itemListElement":[{"@type":"ListItem","position":1,"name":"Home","item":"https:\/\/www.axiomams.eu\/lv"},{"@type":"ListItem","position":2,"name":"Produkti","item":"https:\/\/www.axiomams.eu\/lv\/produkti"},{"@type":"ListItem","position":3,"name":"Flir K33 termokamera"}]},{"@type":"WebSite","@id":"https:\/\/www.axiomams.eu\/lv#website","url":"https:\/\/www.axiomams.eu\/lv","name":"AXIOMA MS","description":"","publisher":{"@id":"https:\/\/www.axiomams.eu\/lv#organization"},"potentialAction":[{"@type":"SearchAction","target":{"@type":"EntryPoint","urlTemplate":"https:\/\/www.axiomams.eu\/lv?s={search_term_string}"},"query-input":{"@type":"PropertyValueSpecification","valueRequired":true,"valueName":"search_term_string"}}],"inLanguage":"lv-LV"},{"@type":"Organization","@id":"https:\/\/www.axiomams.eu\/lv#organization","name":"AXIOMA MS","url":"https:\/\/www.axiomams.eu\/lv","logo":{"@type":"ImageObject","inLanguage":"lv-LV","@id":"https:\/\/www.axiomams.eu\/lv#\/schema\/logo\/image\/","url":"https:\/\/www.axiomams.eu\/wp-content\/uploads\/2025\/06\/axioma-logo-2.png","contentUrl":"https:\/\/www.axiomams.eu\/wp-content\/uploads\/2025\/06\/axioma-logo-2.png","width":1200,"height":1200,"caption":"AXIOMA MS"},"image":{"@id":"https:\/\/www.axiomams.eu\/lv#\/schema\/logo\/image\/"},"sameAs":["https:\/\/www.facebook.com\/AxiomaMS","https:\/\/www.linkedin.com\/company\/axiomams\/"]}]}},"_links":{"self":[{"href":"https:\/\/www.axiomams.eu\/lv\/wp-json\/wp\/v2\/product\/39181","targetHints":{"allow":["GET"]}}],"collection":[{"href":"https:\/\/www.axiomams.eu\/lv\/wp-json\/wp\/v2\/product"}],"about":[{"href":"https:\/\/www.axiomams.eu\/lv\/wp-json\/wp\/v2\/types\/product"}],"replies":[{"embeddable":true,"href":"https:\/\/www.axiomams.eu\/lv\/wp-json\/wp\/v2\/comments?post=39181"}],"wp:featuredmedia":[{"embeddable":true,"href":"https:\/\/www.axiomams.eu\/lv\/wp-json\/wp\/v2\/media\/42089"}],"wp:attachment":[{"href":"https:\/\/www.axiomams.eu\/lv\/wp-json\/wp\/v2\/media?parent=39181"}],"wp:term":[{"taxonomy":"product_brand","embeddable":true,"href":"https:\/\/www.axiomams.eu\/lv\/wp-json\/wp\/v2\/product_brand?post=39181"},{"taxonomy":"product_cat","embeddable":true,"href":"https:\/\/www.axiomams.eu\/lv\/wp-json\/wp\/v2\/product_cat?post=39181"},{"taxonomy":"product_tag","embeddable":true,"href":"https:\/\/www.axiomams.eu\/lv\/wp-json\/wp\/v2\/product_tag?post=39181"}],"curies":[{"name":"wp","href":"https:\/\/api.w.org\/{rel}","templated":true}]}}