{"id":39188,"date":"2025-05-15T18:01:33","date_gmt":"2025-05-15T16:01:33","guid":{"rendered":"https:\/\/www.axiomams.eu\/produktas\/fixturlaser-lazera-komplekts-lazera-varpstas-centresanas-ierice"},"modified":"2026-03-25T17:00:41","modified_gmt":"2026-03-25T15:00:41","slug":"fixturlaser-lazera-komplekts-lazera-varpstas-centresanas-ierice","status":"publish","type":"product","link":"https:\/\/www.axiomams.eu\/lv\/produktas\/fixturlaser-lazera-komplekts-lazera-varpstas-centresanas-ierice","title":{"rendered":"Fixturlaser l\u0101zera komplekts L\u0101zera v\u0101rpstas centr\u0113\u0161anas ier\u012bce"},"content":{"rendered":"<p>Fixturlaser l\u0101zera komplekts &#8211; l\u0101zera v\u0101rpstas centr\u0113\u0161anas ier\u012bce ar \u012bpa\u0161i lietot\u0101jam draudz\u012bgu saskarni. Tas ir jauns, intuit\u012bvs FIXTURLASER produkts Android un Apple ier\u012bc\u0113m.<\/p>\n<p>Fixturlaser Laser Kit sist\u0113ma<br \/>\nSvars, ieskaitot visas standarta da\u013cas: 2,7 kg<br \/>\nIzm\u0113ri: 357 x 305 x 96 mm<\/p>\n<p>TD bloki<br \/>\nSvars: 156 g<br \/>\nIzm\u0113ri: 139 x 79 x 40 mm<br \/>\nVides aizsardz\u012bba: VIDES AIZSARDZ\u012aBA: IP 20<br \/>\nM\u0113r\u012b\u0161anas att\u0101lums: L\u012bdz 85 cm<br \/>\nDetektors: DETEKTORS: PSD<br \/>\nDetektora garums: 8,5 mm<br \/>\nM\u0113r\u012bjumu precizit\u0101te: 3% \u00b1 0,01 mm<\/p>\n<p>V\u0101rpstas kron\u0161teini<br \/>\nV\u0101rpstas diametrs: \u00d8 30 mm &#8230; 150 mm;<br \/>\nstie\u0146i: 2 gab. 150 mm<\/p>\n<p>Standarta komplekts: bezvadu sensori 2 gab., V-veida kron\u0161teins, baro\u0161anas avots, \u0137\u0113des 2 gab., stie\u0146u komplekts, m\u0113rlente 5 m, lietot\u0101ja rokasgr\u0101mata, ciets koferis.<\/p>\n<h3>Tehnisk\u0101 inform\u0101cija:<\/h3>\n<ul>\n<li><a href=\"https:\/\/axiomams.eu\/importer\/export\/attachments\/en\/laserkit.pdf\" target=\"_blank\">Laserkit.pdf<\/a><\/li>\n<\/ul>\n","protected":false},"excerpt":{"rendered":"<p>Fixturlaser l\u0101zera komplekts &#8211; l\u0101zera v\u0101rpstas centr\u0113\u0161anas ier\u012bce ar \u012bpa\u0161i lietot\u0101jam draudz\u012bgu saskarni. Tas ir jauns, intuit\u012bvs FIXTURLASER produkts Android un Apple ier\u012bc\u0113m. Fixturlaser Laser Kit sist\u0113ma Svars, ieskaitot visas standarta da\u013cas: 2,7 kg Izm\u0113ri: 357 x 305 x 96 mm TD bloki Svars: 156 g Izm\u0113ri: 139 x 79 x 40 mm Vides aizsardz\u012bba:&#8230;<\/p>\n","protected":false},"featured_media":42101,"comment_status":"open","ping_status":"closed","template":"","meta":{"_acf_changed":false},"product_brand":[17686],"product_cat":[17765],"product_tag":[],"class_list":{"0":"post-39188","1":"product","2":"type-product","3":"status-publish","4":"has-post-thumbnail","6":"product_brand-fixturlaser","7":"product_cat-centresanas-varpstam-un-siksnu-piedzinam","9":"first","10":"instock","11":"taxable","12":"shipping-taxable","13":"purchasable","14":"product-type-simple"},"acf":[],"yoast_head":"<!-- This site is optimized with the Yoast SEO plugin v27.0 - https:\/\/yoast.com\/product\/yoast-seo-wordpress\/ -->\n<title>Fixturlaser l\u0101zera komplekts L\u0101zera v\u0101rpstas centr\u0113\u0161anas ier\u012bce - AXIOMA MS<\/title>\n<meta name=\"robots\" content=\"index, follow, max-snippet:-1, max-image-preview:large, max-video-preview:-1\" \/>\n<link rel=\"canonical\" href=\"https:\/\/www.axiomams.eu\/lv\/produktas\/fixturlaser-lazera-komplekts-lazera-varpstas-centresanas-ierice\" \/>\n<meta property=\"og:locale\" content=\"lv_LV\" \/>\n<meta property=\"og:type\" content=\"article\" \/>\n<meta property=\"og:title\" content=\"Fixturlaser l\u0101zera komplekts L\u0101zera v\u0101rpstas centr\u0113\u0161anas ier\u012bce - AXIOMA MS\" \/>\n<meta property=\"og:description\" content=\"Fixturlaser l\u0101zera komplekts &#8211; l\u0101zera v\u0101rpstas centr\u0113\u0161anas ier\u012bce ar \u012bpa\u0161i lietot\u0101jam draudz\u012bgu saskarni. Tas ir jauns, intuit\u012bvs FIXTURLASER produkts Android un Apple ier\u012bc\u0113m. Fixturlaser Laser Kit sist\u0113ma Svars, ieskaitot visas standarta da\u013cas: 2,7 kg Izm\u0113ri: 357 x 305 x 96 mm TD bloki Svars: 156 g Izm\u0113ri: 139 x 79 x 40 mm Vides aizsardz\u012bba:...\" \/>\n<meta property=\"og:url\" content=\"https:\/\/www.axiomams.eu\/lv\/produktas\/fixturlaser-lazera-komplekts-lazera-varpstas-centresanas-ierice\" \/>\n<meta property=\"og:site_name\" content=\"AXIOMA MS\" \/>\n<meta property=\"article:publisher\" content=\"https:\/\/www.facebook.com\/AxiomaMS\" \/>\n<meta property=\"article:modified_time\" content=\"2026-03-25T15:00:41+00:00\" \/>\n<meta property=\"og:image\" content=\"https:\/\/www.axiomams.eu\/wp-content\/uploads\/2025\/07\/2792-3638.jpg\" \/>\n\t<meta property=\"og:image:width\" content=\"1534\" \/>\n\t<meta property=\"og:image:height\" content=\"1020\" \/>\n\t<meta property=\"og:image:type\" content=\"image\/jpeg\" \/>\n<meta name=\"twitter:card\" content=\"summary_large_image\" \/>\n<meta name=\"twitter:label1\" content=\"Est. reading time\" \/>\n\t<meta name=\"twitter:data1\" content=\"1 minute\" \/>\n<script type=\"application\/ld+json\" class=\"yoast-schema-graph\">{\"@context\":\"https:\/\/schema.org\",\"@graph\":[{\"@type\":\"WebPage\",\"@id\":\"https:\/\/www.axiomams.eu\/lv\/produktas\/fixturlaser-lazera-komplekts-lazera-varpstas-centresanas-ierice\",\"url\":\"https:\/\/www.axiomams.eu\/lv\/produktas\/fixturlaser-lazera-komplekts-lazera-varpstas-centresanas-ierice\",\"name\":\"Fixturlaser l\u0101zera komplekts L\u0101zera v\u0101rpstas centr\u0113\u0161anas ier\u012bce - AXIOMA MS\",\"isPartOf\":{\"@id\":\"https:\/\/www.axiomams.eu\/lv#website\"},\"primaryImageOfPage\":{\"@id\":\"https:\/\/www.axiomams.eu\/lv\/produktas\/fixturlaser-lazera-komplekts-lazera-varpstas-centresanas-ierice#primaryimage\"},\"image\":{\"@id\":\"https:\/\/www.axiomams.eu\/lv\/produktas\/fixturlaser-lazera-komplekts-lazera-varpstas-centresanas-ierice#primaryimage\"},\"thumbnailUrl\":\"https:\/\/www.axiomams.eu\/wp-content\/uploads\/2025\/07\/2792-3638.jpg\",\"datePublished\":\"2025-05-15T16:01:33+00:00\",\"dateModified\":\"2026-03-25T15:00:41+00:00\",\"breadcrumb\":{\"@id\":\"https:\/\/www.axiomams.eu\/lv\/produktas\/fixturlaser-lazera-komplekts-lazera-varpstas-centresanas-ierice#breadcrumb\"},\"inLanguage\":\"lv-LV\",\"potentialAction\":[{\"@type\":\"ReadAction\",\"target\":[\"https:\/\/www.axiomams.eu\/lv\/produktas\/fixturlaser-lazera-komplekts-lazera-varpstas-centresanas-ierice\"]}]},{\"@type\":\"ImageObject\",\"inLanguage\":\"lv-LV\",\"@id\":\"https:\/\/www.axiomams.eu\/lv\/produktas\/fixturlaser-lazera-komplekts-lazera-varpstas-centresanas-ierice#primaryimage\",\"url\":\"https:\/\/www.axiomams.eu\/wp-content\/uploads\/2025\/07\/2792-3638.jpg\",\"contentUrl\":\"https:\/\/www.axiomams.eu\/wp-content\/uploads\/2025\/07\/2792-3638.jpg\",\"width\":1534,\"height\":1020},{\"@type\":\"BreadcrumbList\",\"@id\":\"https:\/\/www.axiomams.eu\/lv\/produktas\/fixturlaser-lazera-komplekts-lazera-varpstas-centresanas-ierice#breadcrumb\",\"itemListElement\":[{\"@type\":\"ListItem\",\"position\":1,\"name\":\"Home\",\"item\":\"https:\/\/www.axiomams.eu\/lv\"},{\"@type\":\"ListItem\",\"position\":2,\"name\":\"Produkti\",\"item\":\"https:\/\/www.axiomams.eu\/lv\/produkti\"},{\"@type\":\"ListItem\",\"position\":3,\"name\":\"Fixturlaser l\u0101zera komplekts L\u0101zera v\u0101rpstas centr\u0113\u0161anas ier\u012bce\"}]},{\"@type\":\"WebSite\",\"@id\":\"https:\/\/www.axiomams.eu\/lv#website\",\"url\":\"https:\/\/www.axiomams.eu\/lv\",\"name\":\"AXIOMA MS\",\"description\":\"Terrmovizoriai ir matavimo \u012franga\",\"publisher\":{\"@id\":\"https:\/\/www.axiomams.eu\/lv#organization\"},\"potentialAction\":[{\"@type\":\"SearchAction\",\"target\":{\"@type\":\"EntryPoint\",\"urlTemplate\":\"https:\/\/www.axiomams.eu\/lv?s={search_term_string}\"},\"query-input\":{\"@type\":\"PropertyValueSpecification\",\"valueRequired\":true,\"valueName\":\"search_term_string\"}}],\"inLanguage\":\"lv-LV\"},{\"@type\":\"Organization\",\"@id\":\"https:\/\/www.axiomams.eu\/lv#organization\",\"name\":\"AXIOMA MS\",\"url\":\"https:\/\/www.axiomams.eu\/lv\",\"logo\":{\"@type\":\"ImageObject\",\"inLanguage\":\"lv-LV\",\"@id\":\"https:\/\/www.axiomams.eu\/lv#\/schema\/logo\/image\/\",\"url\":\"https:\/\/www.axiomams.eu\/wp-content\/uploads\/2025\/06\/axioma-logo-2.png\",\"contentUrl\":\"https:\/\/www.axiomams.eu\/wp-content\/uploads\/2025\/06\/axioma-logo-2.png\",\"width\":1200,\"height\":1200,\"caption\":\"AXIOMA MS\"},\"image\":{\"@id\":\"https:\/\/www.axiomams.eu\/lv#\/schema\/logo\/image\/\"},\"sameAs\":[\"https:\/\/www.facebook.com\/AxiomaMS\",\"https:\/\/www.linkedin.com\/company\/axiomams\/\"]}]}<\/script>\n<!-- \/ Yoast SEO plugin. -->","yoast_head_json":{"title":"Fixturlaser l\u0101zera komplekts L\u0101zera v\u0101rpstas centr\u0113\u0161anas ier\u012bce - AXIOMA MS","robots":{"index":"index","follow":"follow","max-snippet":"max-snippet:-1","max-image-preview":"max-image-preview:large","max-video-preview":"max-video-preview:-1"},"canonical":"https:\/\/www.axiomams.eu\/lv\/produktas\/fixturlaser-lazera-komplekts-lazera-varpstas-centresanas-ierice","og_locale":"lv_LV","og_type":"article","og_title":"Fixturlaser l\u0101zera komplekts L\u0101zera v\u0101rpstas centr\u0113\u0161anas ier\u012bce - AXIOMA MS","og_description":"Fixturlaser l\u0101zera komplekts &#8211; l\u0101zera v\u0101rpstas centr\u0113\u0161anas ier\u012bce ar \u012bpa\u0161i lietot\u0101jam draudz\u012bgu saskarni. Tas ir jauns, intuit\u012bvs FIXTURLASER produkts Android un Apple ier\u012bc\u0113m. Fixturlaser Laser Kit sist\u0113ma Svars, ieskaitot visas standarta da\u013cas: 2,7 kg Izm\u0113ri: 357 x 305 x 96 mm TD bloki Svars: 156 g Izm\u0113ri: 139 x 79 x 40 mm Vides aizsardz\u012bba:...","og_url":"https:\/\/www.axiomams.eu\/lv\/produktas\/fixturlaser-lazera-komplekts-lazera-varpstas-centresanas-ierice","og_site_name":"AXIOMA MS","article_publisher":"https:\/\/www.facebook.com\/AxiomaMS","article_modified_time":"2026-03-25T15:00:41+00:00","og_image":[{"width":1534,"height":1020,"url":"https:\/\/www.axiomams.eu\/wp-content\/uploads\/2025\/07\/2792-3638.jpg","type":"image\/jpeg"}],"twitter_card":"summary_large_image","twitter_misc":{"Est. reading time":"1 minute"},"schema":{"@context":"https:\/\/schema.org","@graph":[{"@type":"WebPage","@id":"https:\/\/www.axiomams.eu\/lv\/produktas\/fixturlaser-lazera-komplekts-lazera-varpstas-centresanas-ierice","url":"https:\/\/www.axiomams.eu\/lv\/produktas\/fixturlaser-lazera-komplekts-lazera-varpstas-centresanas-ierice","name":"Fixturlaser l\u0101zera komplekts L\u0101zera v\u0101rpstas centr\u0113\u0161anas ier\u012bce - AXIOMA MS","isPartOf":{"@id":"https:\/\/www.axiomams.eu\/lv#website"},"primaryImageOfPage":{"@id":"https:\/\/www.axiomams.eu\/lv\/produktas\/fixturlaser-lazera-komplekts-lazera-varpstas-centresanas-ierice#primaryimage"},"image":{"@id":"https:\/\/www.axiomams.eu\/lv\/produktas\/fixturlaser-lazera-komplekts-lazera-varpstas-centresanas-ierice#primaryimage"},"thumbnailUrl":"https:\/\/www.axiomams.eu\/wp-content\/uploads\/2025\/07\/2792-3638.jpg","datePublished":"2025-05-15T16:01:33+00:00","dateModified":"2026-03-25T15:00:41+00:00","breadcrumb":{"@id":"https:\/\/www.axiomams.eu\/lv\/produktas\/fixturlaser-lazera-komplekts-lazera-varpstas-centresanas-ierice#breadcrumb"},"inLanguage":"lv-LV","potentialAction":[{"@type":"ReadAction","target":["https:\/\/www.axiomams.eu\/lv\/produktas\/fixturlaser-lazera-komplekts-lazera-varpstas-centresanas-ierice"]}]},{"@type":"ImageObject","inLanguage":"lv-LV","@id":"https:\/\/www.axiomams.eu\/lv\/produktas\/fixturlaser-lazera-komplekts-lazera-varpstas-centresanas-ierice#primaryimage","url":"https:\/\/www.axiomams.eu\/wp-content\/uploads\/2025\/07\/2792-3638.jpg","contentUrl":"https:\/\/www.axiomams.eu\/wp-content\/uploads\/2025\/07\/2792-3638.jpg","width":1534,"height":1020},{"@type":"BreadcrumbList","@id":"https:\/\/www.axiomams.eu\/lv\/produktas\/fixturlaser-lazera-komplekts-lazera-varpstas-centresanas-ierice#breadcrumb","itemListElement":[{"@type":"ListItem","position":1,"name":"Home","item":"https:\/\/www.axiomams.eu\/lv"},{"@type":"ListItem","position":2,"name":"Produkti","item":"https:\/\/www.axiomams.eu\/lv\/produkti"},{"@type":"ListItem","position":3,"name":"Fixturlaser l\u0101zera komplekts L\u0101zera v\u0101rpstas centr\u0113\u0161anas ier\u012bce"}]},{"@type":"WebSite","@id":"https:\/\/www.axiomams.eu\/lv#website","url":"https:\/\/www.axiomams.eu\/lv","name":"AXIOMA MS","description":"Terrmovizoriai ir matavimo \u012franga","publisher":{"@id":"https:\/\/www.axiomams.eu\/lv#organization"},"potentialAction":[{"@type":"SearchAction","target":{"@type":"EntryPoint","urlTemplate":"https:\/\/www.axiomams.eu\/lv?s={search_term_string}"},"query-input":{"@type":"PropertyValueSpecification","valueRequired":true,"valueName":"search_term_string"}}],"inLanguage":"lv-LV"},{"@type":"Organization","@id":"https:\/\/www.axiomams.eu\/lv#organization","name":"AXIOMA MS","url":"https:\/\/www.axiomams.eu\/lv","logo":{"@type":"ImageObject","inLanguage":"lv-LV","@id":"https:\/\/www.axiomams.eu\/lv#\/schema\/logo\/image\/","url":"https:\/\/www.axiomams.eu\/wp-content\/uploads\/2025\/06\/axioma-logo-2.png","contentUrl":"https:\/\/www.axiomams.eu\/wp-content\/uploads\/2025\/06\/axioma-logo-2.png","width":1200,"height":1200,"caption":"AXIOMA MS"},"image":{"@id":"https:\/\/www.axiomams.eu\/lv#\/schema\/logo\/image\/"},"sameAs":["https:\/\/www.facebook.com\/AxiomaMS","https:\/\/www.linkedin.com\/company\/axiomams\/"]}]}},"_links":{"self":[{"href":"https:\/\/www.axiomams.eu\/lv\/wp-json\/wp\/v2\/product\/39188","targetHints":{"allow":["GET"]}}],"collection":[{"href":"https:\/\/www.axiomams.eu\/lv\/wp-json\/wp\/v2\/product"}],"about":[{"href":"https:\/\/www.axiomams.eu\/lv\/wp-json\/wp\/v2\/types\/product"}],"replies":[{"embeddable":true,"href":"https:\/\/www.axiomams.eu\/lv\/wp-json\/wp\/v2\/comments?post=39188"}],"wp:featuredmedia":[{"embeddable":true,"href":"https:\/\/www.axiomams.eu\/lv\/wp-json\/wp\/v2\/media\/42101"}],"wp:attachment":[{"href":"https:\/\/www.axiomams.eu\/lv\/wp-json\/wp\/v2\/media?parent=39188"}],"wp:term":[{"taxonomy":"product_brand","embeddable":true,"href":"https:\/\/www.axiomams.eu\/lv\/wp-json\/wp\/v2\/product_brand?post=39188"},{"taxonomy":"product_cat","embeddable":true,"href":"https:\/\/www.axiomams.eu\/lv\/wp-json\/wp\/v2\/product_cat?post=39188"},{"taxonomy":"product_tag","embeddable":true,"href":"https:\/\/www.axiomams.eu\/lv\/wp-json\/wp\/v2\/product_tag?post=39188"}],"curies":[{"name":"wp","href":"https:\/\/api.w.org\/{rel}","templated":true}]}}