{"id":39189,"date":"2025-05-15T18:01:39","date_gmt":"2025-05-15T16:01:39","guid":{"rendered":"https:\/\/www.axiomams.eu\/produktas\/doble-lcm500-parsprieguma-ierobezotajs-nopludes-stravas-monitors"},"modified":"2026-03-25T17:00:42","modified_gmt":"2026-03-25T15:00:42","slug":"doble-lcm500-parsprieguma-ierobezotajs-nopludes-stravas-monitors","status":"publish","type":"product","link":"https:\/\/www.axiomams.eu\/lv\/produktas\/doble-lcm500-parsprieguma-ierobezotajs-nopludes-stravas-monitors","title":{"rendered":"Doble LCM500 p\u0101rsprieguma ierobe\u017eot\u0101js nopl\u016bdes str\u0101vas monitors"},"content":{"rendered":"<p>Doble LCM 500 &#8211; p\u0101rsprieguma ierobe\u017eot\u0101ju nov\u0113rt\u0113\u0161ana tie\u0161saist\u0113<br \/>\n&#8211; Dro\u0161a un efekt\u012bva MOSA nov\u0113rt\u0113\u0161ana<br \/>\n&#8211; Bezvadu sensori<br \/>\n&#8211; Neinvaz\u012bvai apak\u0161staciju ikdienas apseko\u0161anai<br \/>\n&#8211; Saska\u0146\u0101 ar IEC 60099-5 metodi B2<br \/>\n&#8211; Uzlabots lietot\u0101jam draudz\u012bgs diagnostikas r\u012bks<br \/>\n&#8211; Ide\u0101li piem\u0113rots uz st\u0101vokli balst\u012btas tehnisk\u0101s apkopes (CBM) programmai<\/p>\n<h3>Tehnisk\u0101 inform\u0101cija:<\/h3>\n<ul>\n<li><a href=\"https:\/\/axiomams.eu\/importer\/export\/attachments\/en\/doble-lcm500.pdf\" target=\"_blank\">Doble LCM500.pdf<\/a><\/li>\n<\/ul>\n","protected":false},"excerpt":{"rendered":"<p>Doble LCM 500 &#8211; p\u0101rsprieguma ierobe\u017eot\u0101ju nov\u0113rt\u0113\u0161ana tie\u0161saist\u0113 &#8211; Dro\u0161a un efekt\u012bva MOSA nov\u0113rt\u0113\u0161ana &#8211; Bezvadu sensori &#8211; Neinvaz\u012bvai apak\u0161staciju ikdienas apseko\u0161anai &#8211; Saska\u0146\u0101 ar IEC 60099-5 metodi B2 &#8211; Uzlabots lietot\u0101jam draudz\u012bgs diagnostikas r\u012bks &#8211; Ide\u0101li piem\u0113rots uz st\u0101vokli balst\u012btas tehnisk\u0101s apkopes (CBM) programmai Tehnisk\u0101 inform\u0101cija: Doble LCM500.pdf<\/p>\n","protected":false},"featured_media":42103,"comment_status":"open","ping_status":"closed","template":"","meta":{"_acf_changed":false},"product_brand":[1357],"product_cat":[17713],"product_tag":[],"class_list":{"0":"post-39189","1":"product","2":"type-product","3":"status-publish","4":"has-post-thumbnail","6":"product_brand-doble","7":"product_cat-elektroiekartu-testesanai-un-parbaudei","9":"first","10":"instock","11":"taxable","12":"shipping-taxable","13":"product-type-simple"},"acf":[],"yoast_head":"<!-- This site is optimized with the Yoast SEO plugin v27.0 - https:\/\/yoast.com\/product\/yoast-seo-wordpress\/ -->\n<title>Doble LCM500 p\u0101rsprieguma ierobe\u017eot\u0101js nopl\u016bdes str\u0101vas monitors - AXIOMA MS<\/title>\n<meta name=\"robots\" content=\"index, follow, max-snippet:-1, max-image-preview:large, max-video-preview:-1\" \/>\n<link rel=\"canonical\" href=\"https:\/\/www.axiomams.eu\/lv\/produktas\/doble-lcm500-parsprieguma-ierobezotajs-nopludes-stravas-monitors\" \/>\n<meta property=\"og:locale\" content=\"lv_LV\" \/>\n<meta property=\"og:type\" content=\"article\" \/>\n<meta property=\"og:title\" content=\"Doble LCM500 p\u0101rsprieguma ierobe\u017eot\u0101js nopl\u016bdes str\u0101vas monitors - AXIOMA MS\" \/>\n<meta property=\"og:description\" content=\"Doble LCM 500 &#8211; p\u0101rsprieguma ierobe\u017eot\u0101ju nov\u0113rt\u0113\u0161ana tie\u0161saist\u0113 &#8211; Dro\u0161a un efekt\u012bva MOSA nov\u0113rt\u0113\u0161ana &#8211; Bezvadu sensori &#8211; Neinvaz\u012bvai apak\u0161staciju ikdienas apseko\u0161anai &#8211; Saska\u0146\u0101 ar IEC 60099-5 metodi B2 &#8211; Uzlabots lietot\u0101jam draudz\u012bgs diagnostikas r\u012bks &#8211; Ide\u0101li piem\u0113rots uz st\u0101vokli balst\u012btas tehnisk\u0101s apkopes (CBM) programmai Tehnisk\u0101 inform\u0101cija: Doble LCM500.pdf\" \/>\n<meta property=\"og:url\" content=\"https:\/\/www.axiomams.eu\/lv\/produktas\/doble-lcm500-parsprieguma-ierobezotajs-nopludes-stravas-monitors\" \/>\n<meta property=\"og:site_name\" content=\"AXIOMA MS\" \/>\n<meta property=\"article:publisher\" content=\"https:\/\/www.facebook.com\/AxiomaMS\" \/>\n<meta property=\"article:modified_time\" content=\"2026-03-25T15:00:42+00:00\" \/>\n<meta property=\"og:image\" content=\"https:\/\/www.axiomams.eu\/wp-content\/uploads\/2025\/07\/449-1466.png\" \/>\n\t<meta property=\"og:image:width\" content=\"435\" \/>\n\t<meta property=\"og:image:height\" content=\"463\" \/>\n\t<meta property=\"og:image:type\" content=\"image\/png\" \/>\n<meta name=\"twitter:card\" content=\"summary_large_image\" \/>\n<script type=\"application\/ld+json\" class=\"yoast-schema-graph\">{\"@context\":\"https:\/\/schema.org\",\"@graph\":[{\"@type\":\"WebPage\",\"@id\":\"https:\/\/www.axiomams.eu\/lv\/produktas\/doble-lcm500-parsprieguma-ierobezotajs-nopludes-stravas-monitors\",\"url\":\"https:\/\/www.axiomams.eu\/lv\/produktas\/doble-lcm500-parsprieguma-ierobezotajs-nopludes-stravas-monitors\",\"name\":\"Doble LCM500 p\u0101rsprieguma ierobe\u017eot\u0101js nopl\u016bdes str\u0101vas monitors - AXIOMA MS\",\"isPartOf\":{\"@id\":\"https:\/\/www.axiomams.eu\/lv#website\"},\"primaryImageOfPage\":{\"@id\":\"https:\/\/www.axiomams.eu\/lv\/produktas\/doble-lcm500-parsprieguma-ierobezotajs-nopludes-stravas-monitors#primaryimage\"},\"image\":{\"@id\":\"https:\/\/www.axiomams.eu\/lv\/produktas\/doble-lcm500-parsprieguma-ierobezotajs-nopludes-stravas-monitors#primaryimage\"},\"thumbnailUrl\":\"https:\/\/www.axiomams.eu\/wp-content\/uploads\/2025\/07\/449-1466.png\",\"datePublished\":\"2025-05-15T16:01:39+00:00\",\"dateModified\":\"2026-03-25T15:00:42+00:00\",\"breadcrumb\":{\"@id\":\"https:\/\/www.axiomams.eu\/lv\/produktas\/doble-lcm500-parsprieguma-ierobezotajs-nopludes-stravas-monitors#breadcrumb\"},\"inLanguage\":\"lv-LV\",\"potentialAction\":[{\"@type\":\"ReadAction\",\"target\":[\"https:\/\/www.axiomams.eu\/lv\/produktas\/doble-lcm500-parsprieguma-ierobezotajs-nopludes-stravas-monitors\"]}]},{\"@type\":\"ImageObject\",\"inLanguage\":\"lv-LV\",\"@id\":\"https:\/\/www.axiomams.eu\/lv\/produktas\/doble-lcm500-parsprieguma-ierobezotajs-nopludes-stravas-monitors#primaryimage\",\"url\":\"https:\/\/www.axiomams.eu\/wp-content\/uploads\/2025\/07\/449-1466.png\",\"contentUrl\":\"https:\/\/www.axiomams.eu\/wp-content\/uploads\/2025\/07\/449-1466.png\",\"width\":435,\"height\":463},{\"@type\":\"BreadcrumbList\",\"@id\":\"https:\/\/www.axiomams.eu\/lv\/produktas\/doble-lcm500-parsprieguma-ierobezotajs-nopludes-stravas-monitors#breadcrumb\",\"itemListElement\":[{\"@type\":\"ListItem\",\"position\":1,\"name\":\"Home\",\"item\":\"https:\/\/www.axiomams.eu\/lv\"},{\"@type\":\"ListItem\",\"position\":2,\"name\":\"Produkti\",\"item\":\"https:\/\/www.axiomams.eu\/lv\/produkti\"},{\"@type\":\"ListItem\",\"position\":3,\"name\":\"Doble LCM500 p\u0101rsprieguma ierobe\u017eot\u0101js nopl\u016bdes str\u0101vas monitors\"}]},{\"@type\":\"WebSite\",\"@id\":\"https:\/\/www.axiomams.eu\/lv#website\",\"url\":\"https:\/\/www.axiomams.eu\/lv\",\"name\":\"AXIOMA MS\",\"description\":\"Terrmovizoriai ir matavimo \u012franga\",\"publisher\":{\"@id\":\"https:\/\/www.axiomams.eu\/lv#organization\"},\"potentialAction\":[{\"@type\":\"SearchAction\",\"target\":{\"@type\":\"EntryPoint\",\"urlTemplate\":\"https:\/\/www.axiomams.eu\/lv?s={search_term_string}\"},\"query-input\":{\"@type\":\"PropertyValueSpecification\",\"valueRequired\":true,\"valueName\":\"search_term_string\"}}],\"inLanguage\":\"lv-LV\"},{\"@type\":\"Organization\",\"@id\":\"https:\/\/www.axiomams.eu\/lv#organization\",\"name\":\"AXIOMA MS\",\"url\":\"https:\/\/www.axiomams.eu\/lv\",\"logo\":{\"@type\":\"ImageObject\",\"inLanguage\":\"lv-LV\",\"@id\":\"https:\/\/www.axiomams.eu\/lv#\/schema\/logo\/image\/\",\"url\":\"https:\/\/www.axiomams.eu\/wp-content\/uploads\/2025\/06\/axioma-logo-2.png\",\"contentUrl\":\"https:\/\/www.axiomams.eu\/wp-content\/uploads\/2025\/06\/axioma-logo-2.png\",\"width\":1200,\"height\":1200,\"caption\":\"AXIOMA MS\"},\"image\":{\"@id\":\"https:\/\/www.axiomams.eu\/lv#\/schema\/logo\/image\/\"},\"sameAs\":[\"https:\/\/www.facebook.com\/AxiomaMS\",\"https:\/\/www.linkedin.com\/company\/axiomams\/\"]}]}<\/script>\n<!-- \/ Yoast SEO plugin. -->","yoast_head_json":{"title":"Doble LCM500 p\u0101rsprieguma ierobe\u017eot\u0101js nopl\u016bdes str\u0101vas monitors - AXIOMA MS","robots":{"index":"index","follow":"follow","max-snippet":"max-snippet:-1","max-image-preview":"max-image-preview:large","max-video-preview":"max-video-preview:-1"},"canonical":"https:\/\/www.axiomams.eu\/lv\/produktas\/doble-lcm500-parsprieguma-ierobezotajs-nopludes-stravas-monitors","og_locale":"lv_LV","og_type":"article","og_title":"Doble LCM500 p\u0101rsprieguma ierobe\u017eot\u0101js nopl\u016bdes str\u0101vas monitors - AXIOMA MS","og_description":"Doble LCM 500 &#8211; p\u0101rsprieguma ierobe\u017eot\u0101ju nov\u0113rt\u0113\u0161ana tie\u0161saist\u0113 &#8211; Dro\u0161a un efekt\u012bva MOSA nov\u0113rt\u0113\u0161ana &#8211; Bezvadu sensori &#8211; Neinvaz\u012bvai apak\u0161staciju ikdienas apseko\u0161anai &#8211; Saska\u0146\u0101 ar IEC 60099-5 metodi B2 &#8211; Uzlabots lietot\u0101jam draudz\u012bgs diagnostikas r\u012bks &#8211; Ide\u0101li piem\u0113rots uz st\u0101vokli balst\u012btas tehnisk\u0101s apkopes (CBM) programmai Tehnisk\u0101 inform\u0101cija: Doble LCM500.pdf","og_url":"https:\/\/www.axiomams.eu\/lv\/produktas\/doble-lcm500-parsprieguma-ierobezotajs-nopludes-stravas-monitors","og_site_name":"AXIOMA MS","article_publisher":"https:\/\/www.facebook.com\/AxiomaMS","article_modified_time":"2026-03-25T15:00:42+00:00","og_image":[{"width":435,"height":463,"url":"https:\/\/www.axiomams.eu\/wp-content\/uploads\/2025\/07\/449-1466.png","type":"image\/png"}],"twitter_card":"summary_large_image","schema":{"@context":"https:\/\/schema.org","@graph":[{"@type":"WebPage","@id":"https:\/\/www.axiomams.eu\/lv\/produktas\/doble-lcm500-parsprieguma-ierobezotajs-nopludes-stravas-monitors","url":"https:\/\/www.axiomams.eu\/lv\/produktas\/doble-lcm500-parsprieguma-ierobezotajs-nopludes-stravas-monitors","name":"Doble LCM500 p\u0101rsprieguma ierobe\u017eot\u0101js nopl\u016bdes str\u0101vas monitors - AXIOMA MS","isPartOf":{"@id":"https:\/\/www.axiomams.eu\/lv#website"},"primaryImageOfPage":{"@id":"https:\/\/www.axiomams.eu\/lv\/produktas\/doble-lcm500-parsprieguma-ierobezotajs-nopludes-stravas-monitors#primaryimage"},"image":{"@id":"https:\/\/www.axiomams.eu\/lv\/produktas\/doble-lcm500-parsprieguma-ierobezotajs-nopludes-stravas-monitors#primaryimage"},"thumbnailUrl":"https:\/\/www.axiomams.eu\/wp-content\/uploads\/2025\/07\/449-1466.png","datePublished":"2025-05-15T16:01:39+00:00","dateModified":"2026-03-25T15:00:42+00:00","breadcrumb":{"@id":"https:\/\/www.axiomams.eu\/lv\/produktas\/doble-lcm500-parsprieguma-ierobezotajs-nopludes-stravas-monitors#breadcrumb"},"inLanguage":"lv-LV","potentialAction":[{"@type":"ReadAction","target":["https:\/\/www.axiomams.eu\/lv\/produktas\/doble-lcm500-parsprieguma-ierobezotajs-nopludes-stravas-monitors"]}]},{"@type":"ImageObject","inLanguage":"lv-LV","@id":"https:\/\/www.axiomams.eu\/lv\/produktas\/doble-lcm500-parsprieguma-ierobezotajs-nopludes-stravas-monitors#primaryimage","url":"https:\/\/www.axiomams.eu\/wp-content\/uploads\/2025\/07\/449-1466.png","contentUrl":"https:\/\/www.axiomams.eu\/wp-content\/uploads\/2025\/07\/449-1466.png","width":435,"height":463},{"@type":"BreadcrumbList","@id":"https:\/\/www.axiomams.eu\/lv\/produktas\/doble-lcm500-parsprieguma-ierobezotajs-nopludes-stravas-monitors#breadcrumb","itemListElement":[{"@type":"ListItem","position":1,"name":"Home","item":"https:\/\/www.axiomams.eu\/lv"},{"@type":"ListItem","position":2,"name":"Produkti","item":"https:\/\/www.axiomams.eu\/lv\/produkti"},{"@type":"ListItem","position":3,"name":"Doble LCM500 p\u0101rsprieguma ierobe\u017eot\u0101js nopl\u016bdes str\u0101vas monitors"}]},{"@type":"WebSite","@id":"https:\/\/www.axiomams.eu\/lv#website","url":"https:\/\/www.axiomams.eu\/lv","name":"AXIOMA MS","description":"Terrmovizoriai ir matavimo \u012franga","publisher":{"@id":"https:\/\/www.axiomams.eu\/lv#organization"},"potentialAction":[{"@type":"SearchAction","target":{"@type":"EntryPoint","urlTemplate":"https:\/\/www.axiomams.eu\/lv?s={search_term_string}"},"query-input":{"@type":"PropertyValueSpecification","valueRequired":true,"valueName":"search_term_string"}}],"inLanguage":"lv-LV"},{"@type":"Organization","@id":"https:\/\/www.axiomams.eu\/lv#organization","name":"AXIOMA MS","url":"https:\/\/www.axiomams.eu\/lv","logo":{"@type":"ImageObject","inLanguage":"lv-LV","@id":"https:\/\/www.axiomams.eu\/lv#\/schema\/logo\/image\/","url":"https:\/\/www.axiomams.eu\/wp-content\/uploads\/2025\/06\/axioma-logo-2.png","contentUrl":"https:\/\/www.axiomams.eu\/wp-content\/uploads\/2025\/06\/axioma-logo-2.png","width":1200,"height":1200,"caption":"AXIOMA MS"},"image":{"@id":"https:\/\/www.axiomams.eu\/lv#\/schema\/logo\/image\/"},"sameAs":["https:\/\/www.facebook.com\/AxiomaMS","https:\/\/www.linkedin.com\/company\/axiomams\/"]}]}},"_links":{"self":[{"href":"https:\/\/www.axiomams.eu\/lv\/wp-json\/wp\/v2\/product\/39189","targetHints":{"allow":["GET"]}}],"collection":[{"href":"https:\/\/www.axiomams.eu\/lv\/wp-json\/wp\/v2\/product"}],"about":[{"href":"https:\/\/www.axiomams.eu\/lv\/wp-json\/wp\/v2\/types\/product"}],"replies":[{"embeddable":true,"href":"https:\/\/www.axiomams.eu\/lv\/wp-json\/wp\/v2\/comments?post=39189"}],"wp:featuredmedia":[{"embeddable":true,"href":"https:\/\/www.axiomams.eu\/lv\/wp-json\/wp\/v2\/media\/42103"}],"wp:attachment":[{"href":"https:\/\/www.axiomams.eu\/lv\/wp-json\/wp\/v2\/media?parent=39189"}],"wp:term":[{"taxonomy":"product_brand","embeddable":true,"href":"https:\/\/www.axiomams.eu\/lv\/wp-json\/wp\/v2\/product_brand?post=39189"},{"taxonomy":"product_cat","embeddable":true,"href":"https:\/\/www.axiomams.eu\/lv\/wp-json\/wp\/v2\/product_cat?post=39189"},{"taxonomy":"product_tag","embeddable":true,"href":"https:\/\/www.axiomams.eu\/lv\/wp-json\/wp\/v2\/product_tag?post=39189"}],"curies":[{"name":"wp","href":"https:\/\/api.w.org\/{rel}","templated":true}]}}