{"id":39191,"date":"2025-05-15T18:07:39","date_gmt":"2025-05-15T16:07:39","guid":{"rendered":"https:\/\/www.axiomams.eu\/produktas\/ld-500-saspiesta-gaisa-nopludes-detektors-ar-kameru"},"modified":"2026-03-25T17:00:42","modified_gmt":"2026-03-25T15:00:42","slug":"ld-500-saspiesta-gaisa-nopludes-detektors-ar-kameru","status":"publish","type":"product","link":"https:\/\/www.axiomams.eu\/lv\/produktas\/ld-500-saspiesta-gaisa-nopludes-detektors-ar-kameru","title":{"rendered":"LD 500 Saspiest\u0101 gaisa nopl\u016bdes detektors ar kameru"},"content":{"rendered":"<p>Jaunie nopl\u016bdes m\u0113r\u012bt\u0101ji ar integr\u0113tu kameru un nopl\u016bdes apr\u0113\u0137inu ir ide\u0101li m\u0113rinstrumenti, kas pal\u012bdz viegli atrast un dokument\u0113t pat vismaz\u0101k\u0101s nopl\u016bdes (0,1 l\/min atbilst aptuveni 1 \u20ac gad\u0101) pat liel\u0101 att\u0101lum\u0101.<\/p>\n<p>Darba frekvence: 40 kHz \u00b1 2 kHz<br \/>\nSavienojumi: 3,5 mm stereo ligzda austi\u0146\u0101m; baro\u0161anas ligzda \u0101r\u0113j\u0101 l\u0101d\u0113t\u0101ja piesl\u0113g\u0161anai.<br \/>\nL\u0101zers: Vi\u013c\u0146a garums: 630 nm &#8230;660 nm; izejas jauda: < 1 mW (l\u0101zera 2. klase)\nDisplejs: 3,5\" sk\u0101rienekr\u0101ns\nInterfeiss: USB interfeiss\nDatu re\u0123istrators: 16 GB SD atmi\u0146as karte (100 miljoni v\u0113rt\u012bbu)\nBaro\u0161anas avots: Aptuveni 9 h nep\u0101rtrauktas darb\u012bbas, 4 h uzl\u0101des laiks.\nApk\u0101rt\u0113j\u0101 temperat\u016bra: -5\u00b0C ... +50\u00b0C\nEMG: DIN EN 61326\nAutom\u0101tiskais l\u012bmenis: Autom\u0101tiski piel\u0101go jut\u012bbu videi un dro\u0161i nov\u0113r\u0161 apk\u0101rt\u0113jo troksni.\nJut\u012bba: min: 0,1 l\/min pie 6 b\u0101riem, 5 m att\u0101lum\u0101\n\nStandarta komplekts: nopl\u016bdes detektors, Integr\u0113ts l\u0101zera att\u0101luma m\u0113r\u012bt\u0101js, Transport\u0113\u0161anas futr\u0101lis, Ska\u0146u necaurlaid\u012bgas austi\u0146as, Fokusa caurule ar fokusa uzgal\u012bti, Mai\u0146str\u0101vas adaptera kontaktdak\u0161a, Kabula ar plecu siksnu.\n\n\n\n<h3>Tehnisk\u0101 inform\u0101cija:<\/h3>\n<ul>\n<li><a href=\"https:\/\/axiomams.eu\/importer\/export\/attachments\/en\/compressed-air-leakage-detector-with-a-camera.pdf\" target=\"_blank\">Compressed air leakage detector with a camera.pdf<\/a><\/li>\n<\/ul>\n","protected":false},"excerpt":{"rendered":"<p>Jaunie nopl\u016bdes m\u0113r\u012bt\u0101ji ar integr\u0113tu kameru un nopl\u016bdes apr\u0113\u0137inu ir ide\u0101li m\u0113rinstrumenti, kas pal\u012bdz viegli atrast un dokument\u0113t pat vismaz\u0101k\u0101s nopl\u016bdes (0,1 l\/min atbilst aptuveni 1 \u20ac gad\u0101) pat liel\u0101 att\u0101lum\u0101. Darba frekvence: 40 kHz \u00b1 2 kHz Savienojumi: 3,5 mm stereo ligzda austi\u0146\u0101m; baro\u0161anas ligzda \u0101r\u0113j\u0101 l\u0101d\u0113t\u0101ja piesl\u0113g\u0161anai. L\u0101zers: Vi\u013c\u0146a garums: 630 nm &#8230;660&#8230;<\/p>\n","protected":false},"featured_media":41402,"comment_status":"open","ping_status":"closed","template":"","meta":{"_acf_changed":false},"product_brand":[],"product_cat":[17749],"product_tag":[],"class_list":{"0":"post-39191","1":"product","2":"type-product","3":"status-publish","4":"has-post-thumbnail","6":"product_cat-saspiesta-gaisa-nopludes-meklesana","8":"first","9":"instock","10":"taxable","11":"shipping-taxable","12":"product-type-simple"},"acf":[],"yoast_head":"<!-- This site is optimized with the Yoast SEO plugin v27.0 - https:\/\/yoast.com\/product\/yoast-seo-wordpress\/ -->\n<title>LD 500 Saspiest\u0101 gaisa nopl\u016bdes detektors ar kameru - AXIOMA MS<\/title>\n<meta name=\"robots\" content=\"index, follow, max-snippet:-1, max-image-preview:large, max-video-preview:-1\" \/>\n<link rel=\"canonical\" href=\"https:\/\/www.axiomams.eu\/lv\/produktas\/ld-500-saspiesta-gaisa-nopludes-detektors-ar-kameru\" \/>\n<meta property=\"og:locale\" content=\"lv_LV\" \/>\n<meta property=\"og:type\" content=\"article\" \/>\n<meta property=\"og:title\" content=\"LD 500 Saspiest\u0101 gaisa nopl\u016bdes detektors ar kameru - AXIOMA MS\" \/>\n<meta property=\"og:description\" content=\"Jaunie nopl\u016bdes m\u0113r\u012bt\u0101ji ar integr\u0113tu kameru un nopl\u016bdes apr\u0113\u0137inu ir ide\u0101li m\u0113rinstrumenti, kas pal\u012bdz viegli atrast un dokument\u0113t pat vismaz\u0101k\u0101s nopl\u016bdes (0,1 l\/min atbilst aptuveni 1 \u20ac gad\u0101) pat liel\u0101 att\u0101lum\u0101. Darba frekvence: 40 kHz \u00b1 2 kHz Savienojumi: 3,5 mm stereo ligzda austi\u0146\u0101m; baro\u0161anas ligzda \u0101r\u0113j\u0101 l\u0101d\u0113t\u0101ja piesl\u0113g\u0161anai. L\u0101zers: Vi\u013c\u0146a garums: 630 nm &#8230;660...\" \/>\n<meta property=\"og:url\" content=\"https:\/\/www.axiomams.eu\/lv\/produktas\/ld-500-saspiesta-gaisa-nopludes-detektors-ar-kameru\" \/>\n<meta property=\"og:site_name\" content=\"AXIOMA MS\" \/>\n<meta property=\"article:publisher\" content=\"https:\/\/www.facebook.com\/AxiomaMS\" \/>\n<meta property=\"article:modified_time\" content=\"2026-03-25T15:00:42+00:00\" \/>\n<meta property=\"og:image\" content=\"https:\/\/www.axiomams.eu\/wp-content\/uploads\/2025\/07\/2487-3207.jpg\" \/>\n\t<meta property=\"og:image:width\" content=\"660\" \/>\n\t<meta property=\"og:image:height\" content=\"600\" \/>\n\t<meta property=\"og:image:type\" content=\"image\/jpeg\" \/>\n<meta name=\"twitter:card\" content=\"summary_large_image\" \/>\n<meta name=\"twitter:label1\" content=\"Est. reading time\" \/>\n\t<meta name=\"twitter:data1\" content=\"1 minute\" \/>\n<script type=\"application\/ld+json\" class=\"yoast-schema-graph\">{\"@context\":\"https:\/\/schema.org\",\"@graph\":[{\"@type\":\"WebPage\",\"@id\":\"https:\/\/www.axiomams.eu\/lv\/produktas\/ld-500-saspiesta-gaisa-nopludes-detektors-ar-kameru\",\"url\":\"https:\/\/www.axiomams.eu\/lv\/produktas\/ld-500-saspiesta-gaisa-nopludes-detektors-ar-kameru\",\"name\":\"LD 500 Saspiest\u0101 gaisa nopl\u016bdes detektors ar kameru - AXIOMA MS\",\"isPartOf\":{\"@id\":\"https:\/\/www.axiomams.eu\/lv#website\"},\"primaryImageOfPage\":{\"@id\":\"https:\/\/www.axiomams.eu\/lv\/produktas\/ld-500-saspiesta-gaisa-nopludes-detektors-ar-kameru#primaryimage\"},\"image\":{\"@id\":\"https:\/\/www.axiomams.eu\/lv\/produktas\/ld-500-saspiesta-gaisa-nopludes-detektors-ar-kameru#primaryimage\"},\"thumbnailUrl\":\"https:\/\/www.axiomams.eu\/wp-content\/uploads\/2025\/07\/2487-3207.jpg\",\"datePublished\":\"2025-05-15T16:07:39+00:00\",\"dateModified\":\"2026-03-25T15:00:42+00:00\",\"breadcrumb\":{\"@id\":\"https:\/\/www.axiomams.eu\/lv\/produktas\/ld-500-saspiesta-gaisa-nopludes-detektors-ar-kameru#breadcrumb\"},\"inLanguage\":\"lv-LV\",\"potentialAction\":[{\"@type\":\"ReadAction\",\"target\":[\"https:\/\/www.axiomams.eu\/lv\/produktas\/ld-500-saspiesta-gaisa-nopludes-detektors-ar-kameru\"]}]},{\"@type\":\"ImageObject\",\"inLanguage\":\"lv-LV\",\"@id\":\"https:\/\/www.axiomams.eu\/lv\/produktas\/ld-500-saspiesta-gaisa-nopludes-detektors-ar-kameru#primaryimage\",\"url\":\"https:\/\/www.axiomams.eu\/wp-content\/uploads\/2025\/07\/2487-3207.jpg\",\"contentUrl\":\"https:\/\/www.axiomams.eu\/wp-content\/uploads\/2025\/07\/2487-3207.jpg\",\"width\":660,\"height\":600},{\"@type\":\"BreadcrumbList\",\"@id\":\"https:\/\/www.axiomams.eu\/lv\/produktas\/ld-500-saspiesta-gaisa-nopludes-detektors-ar-kameru#breadcrumb\",\"itemListElement\":[{\"@type\":\"ListItem\",\"position\":1,\"name\":\"Home\",\"item\":\"https:\/\/www.axiomams.eu\/lv\"},{\"@type\":\"ListItem\",\"position\":2,\"name\":\"Produkti\",\"item\":\"https:\/\/www.axiomams.eu\/lv\/produkti\"},{\"@type\":\"ListItem\",\"position\":3,\"name\":\"LD 500 Saspiest\u0101 gaisa nopl\u016bdes detektors ar kameru\"}]},{\"@type\":\"WebSite\",\"@id\":\"https:\/\/www.axiomams.eu\/lv#website\",\"url\":\"https:\/\/www.axiomams.eu\/lv\",\"name\":\"AXIOMA MS\",\"description\":\"Terrmovizoriai ir matavimo \u012franga\",\"publisher\":{\"@id\":\"https:\/\/www.axiomams.eu\/lv#organization\"},\"potentialAction\":[{\"@type\":\"SearchAction\",\"target\":{\"@type\":\"EntryPoint\",\"urlTemplate\":\"https:\/\/www.axiomams.eu\/lv?s={search_term_string}\"},\"query-input\":{\"@type\":\"PropertyValueSpecification\",\"valueRequired\":true,\"valueName\":\"search_term_string\"}}],\"inLanguage\":\"lv-LV\"},{\"@type\":\"Organization\",\"@id\":\"https:\/\/www.axiomams.eu\/lv#organization\",\"name\":\"AXIOMA MS\",\"url\":\"https:\/\/www.axiomams.eu\/lv\",\"logo\":{\"@type\":\"ImageObject\",\"inLanguage\":\"lv-LV\",\"@id\":\"https:\/\/www.axiomams.eu\/lv#\/schema\/logo\/image\/\",\"url\":\"https:\/\/www.axiomams.eu\/wp-content\/uploads\/2025\/06\/axioma-logo-2.png\",\"contentUrl\":\"https:\/\/www.axiomams.eu\/wp-content\/uploads\/2025\/06\/axioma-logo-2.png\",\"width\":1200,\"height\":1200,\"caption\":\"AXIOMA MS\"},\"image\":{\"@id\":\"https:\/\/www.axiomams.eu\/lv#\/schema\/logo\/image\/\"},\"sameAs\":[\"https:\/\/www.facebook.com\/AxiomaMS\",\"https:\/\/www.linkedin.com\/company\/axiomams\/\"]}]}<\/script>\n<!-- \/ Yoast SEO plugin. -->","yoast_head_json":{"title":"LD 500 Saspiest\u0101 gaisa nopl\u016bdes detektors ar kameru - AXIOMA MS","robots":{"index":"index","follow":"follow","max-snippet":"max-snippet:-1","max-image-preview":"max-image-preview:large","max-video-preview":"max-video-preview:-1"},"canonical":"https:\/\/www.axiomams.eu\/lv\/produktas\/ld-500-saspiesta-gaisa-nopludes-detektors-ar-kameru","og_locale":"lv_LV","og_type":"article","og_title":"LD 500 Saspiest\u0101 gaisa nopl\u016bdes detektors ar kameru - AXIOMA MS","og_description":"Jaunie nopl\u016bdes m\u0113r\u012bt\u0101ji ar integr\u0113tu kameru un nopl\u016bdes apr\u0113\u0137inu ir ide\u0101li m\u0113rinstrumenti, kas pal\u012bdz viegli atrast un dokument\u0113t pat vismaz\u0101k\u0101s nopl\u016bdes (0,1 l\/min atbilst aptuveni 1 \u20ac gad\u0101) pat liel\u0101 att\u0101lum\u0101. Darba frekvence: 40 kHz \u00b1 2 kHz Savienojumi: 3,5 mm stereo ligzda austi\u0146\u0101m; baro\u0161anas ligzda \u0101r\u0113j\u0101 l\u0101d\u0113t\u0101ja piesl\u0113g\u0161anai. L\u0101zers: Vi\u013c\u0146a garums: 630 nm &#8230;660...","og_url":"https:\/\/www.axiomams.eu\/lv\/produktas\/ld-500-saspiesta-gaisa-nopludes-detektors-ar-kameru","og_site_name":"AXIOMA MS","article_publisher":"https:\/\/www.facebook.com\/AxiomaMS","article_modified_time":"2026-03-25T15:00:42+00:00","og_image":[{"width":660,"height":600,"url":"https:\/\/www.axiomams.eu\/wp-content\/uploads\/2025\/07\/2487-3207.jpg","type":"image\/jpeg"}],"twitter_card":"summary_large_image","twitter_misc":{"Est. reading time":"1 minute"},"schema":{"@context":"https:\/\/schema.org","@graph":[{"@type":"WebPage","@id":"https:\/\/www.axiomams.eu\/lv\/produktas\/ld-500-saspiesta-gaisa-nopludes-detektors-ar-kameru","url":"https:\/\/www.axiomams.eu\/lv\/produktas\/ld-500-saspiesta-gaisa-nopludes-detektors-ar-kameru","name":"LD 500 Saspiest\u0101 gaisa nopl\u016bdes detektors ar kameru - AXIOMA MS","isPartOf":{"@id":"https:\/\/www.axiomams.eu\/lv#website"},"primaryImageOfPage":{"@id":"https:\/\/www.axiomams.eu\/lv\/produktas\/ld-500-saspiesta-gaisa-nopludes-detektors-ar-kameru#primaryimage"},"image":{"@id":"https:\/\/www.axiomams.eu\/lv\/produktas\/ld-500-saspiesta-gaisa-nopludes-detektors-ar-kameru#primaryimage"},"thumbnailUrl":"https:\/\/www.axiomams.eu\/wp-content\/uploads\/2025\/07\/2487-3207.jpg","datePublished":"2025-05-15T16:07:39+00:00","dateModified":"2026-03-25T15:00:42+00:00","breadcrumb":{"@id":"https:\/\/www.axiomams.eu\/lv\/produktas\/ld-500-saspiesta-gaisa-nopludes-detektors-ar-kameru#breadcrumb"},"inLanguage":"lv-LV","potentialAction":[{"@type":"ReadAction","target":["https:\/\/www.axiomams.eu\/lv\/produktas\/ld-500-saspiesta-gaisa-nopludes-detektors-ar-kameru"]}]},{"@type":"ImageObject","inLanguage":"lv-LV","@id":"https:\/\/www.axiomams.eu\/lv\/produktas\/ld-500-saspiesta-gaisa-nopludes-detektors-ar-kameru#primaryimage","url":"https:\/\/www.axiomams.eu\/wp-content\/uploads\/2025\/07\/2487-3207.jpg","contentUrl":"https:\/\/www.axiomams.eu\/wp-content\/uploads\/2025\/07\/2487-3207.jpg","width":660,"height":600},{"@type":"BreadcrumbList","@id":"https:\/\/www.axiomams.eu\/lv\/produktas\/ld-500-saspiesta-gaisa-nopludes-detektors-ar-kameru#breadcrumb","itemListElement":[{"@type":"ListItem","position":1,"name":"Home","item":"https:\/\/www.axiomams.eu\/lv"},{"@type":"ListItem","position":2,"name":"Produkti","item":"https:\/\/www.axiomams.eu\/lv\/produkti"},{"@type":"ListItem","position":3,"name":"LD 500 Saspiest\u0101 gaisa nopl\u016bdes detektors ar kameru"}]},{"@type":"WebSite","@id":"https:\/\/www.axiomams.eu\/lv#website","url":"https:\/\/www.axiomams.eu\/lv","name":"AXIOMA MS","description":"Terrmovizoriai ir matavimo \u012franga","publisher":{"@id":"https:\/\/www.axiomams.eu\/lv#organization"},"potentialAction":[{"@type":"SearchAction","target":{"@type":"EntryPoint","urlTemplate":"https:\/\/www.axiomams.eu\/lv?s={search_term_string}"},"query-input":{"@type":"PropertyValueSpecification","valueRequired":true,"valueName":"search_term_string"}}],"inLanguage":"lv-LV"},{"@type":"Organization","@id":"https:\/\/www.axiomams.eu\/lv#organization","name":"AXIOMA MS","url":"https:\/\/www.axiomams.eu\/lv","logo":{"@type":"ImageObject","inLanguage":"lv-LV","@id":"https:\/\/www.axiomams.eu\/lv#\/schema\/logo\/image\/","url":"https:\/\/www.axiomams.eu\/wp-content\/uploads\/2025\/06\/axioma-logo-2.png","contentUrl":"https:\/\/www.axiomams.eu\/wp-content\/uploads\/2025\/06\/axioma-logo-2.png","width":1200,"height":1200,"caption":"AXIOMA MS"},"image":{"@id":"https:\/\/www.axiomams.eu\/lv#\/schema\/logo\/image\/"},"sameAs":["https:\/\/www.facebook.com\/AxiomaMS","https:\/\/www.linkedin.com\/company\/axiomams\/"]}]}},"_links":{"self":[{"href":"https:\/\/www.axiomams.eu\/lv\/wp-json\/wp\/v2\/product\/39191","targetHints":{"allow":["GET"]}}],"collection":[{"href":"https:\/\/www.axiomams.eu\/lv\/wp-json\/wp\/v2\/product"}],"about":[{"href":"https:\/\/www.axiomams.eu\/lv\/wp-json\/wp\/v2\/types\/product"}],"replies":[{"embeddable":true,"href":"https:\/\/www.axiomams.eu\/lv\/wp-json\/wp\/v2\/comments?post=39191"}],"wp:featuredmedia":[{"embeddable":true,"href":"https:\/\/www.axiomams.eu\/lv\/wp-json\/wp\/v2\/media\/41402"}],"wp:attachment":[{"href":"https:\/\/www.axiomams.eu\/lv\/wp-json\/wp\/v2\/media?parent=39191"}],"wp:term":[{"taxonomy":"product_brand","embeddable":true,"href":"https:\/\/www.axiomams.eu\/lv\/wp-json\/wp\/v2\/product_brand?post=39191"},{"taxonomy":"product_cat","embeddable":true,"href":"https:\/\/www.axiomams.eu\/lv\/wp-json\/wp\/v2\/product_cat?post=39191"},{"taxonomy":"product_tag","embeddable":true,"href":"https:\/\/www.axiomams.eu\/lv\/wp-json\/wp\/v2\/product_tag?post=39191"}],"curies":[{"name":"wp","href":"https:\/\/api.w.org\/{rel}","templated":true}]}}