{"id":39193,"date":"2025-05-15T18:02:03","date_gmt":"2025-05-15T16:02:03","guid":{"rendered":"https:\/\/www.axiomams.eu\/produktas\/hwm-lmic-nopludes-detektors"},"modified":"2026-03-25T17:00:42","modified_gmt":"2026-03-25T15:00:42","slug":"hwm-lmic-nopludes-detektors","status":"publish","type":"product","link":"https:\/\/www.axiomams.eu\/lv\/produktas\/hwm-lmic-nopludes-detektors","title":{"rendered":"HWM Lmic nopl\u016bdes detektors"},"content":{"rendered":"<p>HWM Lmic ir viegli lietojams, l\u0113ts, l\u0113ts, kombin\u0113ts elektroniskais klaus\u012b\u0161an\u0101s stienis un zemes mikrofons. T\u0101 ir ide\u0101li piem\u0113rota visp\u0101r\u0113j\u0101m nopl\u016b\u017eu zond\u0113\u0161anas oper\u0101cij\u0101m, un to var apr\u012bkot ar stat\u012bva k\u0101ji\u0146u (izmanto\u0161anai k\u0101 zemes mikrofonu) vai zondes stie\u0146iem (zond\u0113\u0161anai pie armat\u016bras vai m\u012bkst\u0101 zem\u0113).<\/p>\n<p>Standarta komplekts: Lmic rokas vad\u012bbas bloks, mikrofona bloks ar kabeli un stat\u012bva bloks, 2 zondes stie\u0146i, mai\u0146str\u0101vas adapteris, austi\u0146as, p\u0101rn\u0113s\u0101jam\u0101 soma, lieto\u0161anas instrukcija.<\/p>\n<h3>Tehnisk\u0101 inform\u0101cija:<\/h3>\n<ul>\n<li><a href=\"https:\/\/axiomams.eu\/importer\/export\/attachments\/en\/lmic.pdf\" target=\"_blank\">Lmic.pdf<\/a><\/li>\n<\/ul>\n","protected":false},"excerpt":{"rendered":"<p>HWM Lmic ir viegli lietojams, l\u0113ts, l\u0113ts, kombin\u0113ts elektroniskais klaus\u012b\u0161an\u0101s stienis un zemes mikrofons. T\u0101 ir ide\u0101li piem\u0113rota visp\u0101r\u0113j\u0101m nopl\u016b\u017eu zond\u0113\u0161anas oper\u0101cij\u0101m, un to var apr\u012bkot ar stat\u012bva k\u0101ji\u0146u (izmanto\u0161anai k\u0101 zemes mikrofonu) vai zondes stie\u0146iem (zond\u0113\u0161anai pie armat\u016bras vai m\u012bkst\u0101 zem\u0113). Standarta komplekts: Lmic rokas vad\u012bbas bloks, mikrofona bloks ar kabeli un stat\u012bva bloks,&#8230;<\/p>\n","protected":false},"featured_media":42109,"comment_status":"open","ping_status":"closed","template":"","meta":{"_acf_changed":false},"product_brand":[1011],"product_cat":[17751],"product_tag":[],"class_list":{"0":"post-39193","1":"product","2":"type-product","3":"status-publish","4":"has-post-thumbnail","6":"product_brand-hwm","7":"product_cat-udens-nopludes-meklesana","9":"first","10":"instock","11":"taxable","12":"shipping-taxable","13":"product-type-simple"},"acf":[],"yoast_head":"<!-- This site is optimized with the Yoast SEO plugin v27.0 - https:\/\/yoast.com\/product\/yoast-seo-wordpress\/ -->\n<title>HWM Lmic nopl\u016bdes detektors - AXIOMA MS<\/title>\n<meta name=\"robots\" content=\"index, follow, max-snippet:-1, max-image-preview:large, max-video-preview:-1\" \/>\n<link rel=\"canonical\" href=\"https:\/\/www.axiomams.eu\/lv\/produktas\/hwm-lmic-nopludes-detektors\" \/>\n<meta property=\"og:locale\" content=\"lv_LV\" \/>\n<meta property=\"og:type\" content=\"article\" \/>\n<meta property=\"og:title\" content=\"HWM Lmic nopl\u016bdes detektors - AXIOMA MS\" \/>\n<meta property=\"og:description\" content=\"HWM Lmic ir viegli lietojams, l\u0113ts, l\u0113ts, kombin\u0113ts elektroniskais klaus\u012b\u0161an\u0101s stienis un zemes mikrofons. T\u0101 ir ide\u0101li piem\u0113rota visp\u0101r\u0113j\u0101m nopl\u016b\u017eu zond\u0113\u0161anas oper\u0101cij\u0101m, un to var apr\u012bkot ar stat\u012bva k\u0101ji\u0146u (izmanto\u0161anai k\u0101 zemes mikrofonu) vai zondes stie\u0146iem (zond\u0113\u0161anai pie armat\u016bras vai m\u012bkst\u0101 zem\u0113). Standarta komplekts: Lmic rokas vad\u012bbas bloks, mikrofona bloks ar kabeli un stat\u012bva bloks,...\" \/>\n<meta property=\"og:url\" content=\"https:\/\/www.axiomams.eu\/lv\/produktas\/hwm-lmic-nopludes-detektors\" \/>\n<meta property=\"og:site_name\" content=\"AXIOMA MS\" \/>\n<meta property=\"article:publisher\" content=\"https:\/\/www.facebook.com\/AxiomaMS\" \/>\n<meta property=\"article:modified_time\" content=\"2026-03-25T15:00:42+00:00\" \/>\n<meta property=\"og:image\" content=\"https:\/\/www.axiomams.eu\/wp-content\/uploads\/2025\/07\/200-3133.jpg\" \/>\n\t<meta property=\"og:image:width\" content=\"390\" \/>\n\t<meta property=\"og:image:height\" content=\"457\" \/>\n\t<meta property=\"og:image:type\" content=\"image\/jpeg\" \/>\n<meta name=\"twitter:card\" content=\"summary_large_image\" \/>\n<meta name=\"twitter:label1\" content=\"Est. reading time\" \/>\n\t<meta name=\"twitter:data1\" content=\"1 minute\" \/>\n<script type=\"application\/ld+json\" class=\"yoast-schema-graph\">{\"@context\":\"https:\/\/schema.org\",\"@graph\":[{\"@type\":\"WebPage\",\"@id\":\"https:\/\/www.axiomams.eu\/lv\/produktas\/hwm-lmic-nopludes-detektors\",\"url\":\"https:\/\/www.axiomams.eu\/lv\/produktas\/hwm-lmic-nopludes-detektors\",\"name\":\"HWM Lmic nopl\u016bdes detektors - AXIOMA MS\",\"isPartOf\":{\"@id\":\"https:\/\/www.axiomams.eu\/lv#website\"},\"primaryImageOfPage\":{\"@id\":\"https:\/\/www.axiomams.eu\/lv\/produktas\/hwm-lmic-nopludes-detektors#primaryimage\"},\"image\":{\"@id\":\"https:\/\/www.axiomams.eu\/lv\/produktas\/hwm-lmic-nopludes-detektors#primaryimage\"},\"thumbnailUrl\":\"https:\/\/www.axiomams.eu\/wp-content\/uploads\/2025\/07\/200-3133.jpg\",\"datePublished\":\"2025-05-15T16:02:03+00:00\",\"dateModified\":\"2026-03-25T15:00:42+00:00\",\"breadcrumb\":{\"@id\":\"https:\/\/www.axiomams.eu\/lv\/produktas\/hwm-lmic-nopludes-detektors#breadcrumb\"},\"inLanguage\":\"lv-LV\",\"potentialAction\":[{\"@type\":\"ReadAction\",\"target\":[\"https:\/\/www.axiomams.eu\/lv\/produktas\/hwm-lmic-nopludes-detektors\"]}]},{\"@type\":\"ImageObject\",\"inLanguage\":\"lv-LV\",\"@id\":\"https:\/\/www.axiomams.eu\/lv\/produktas\/hwm-lmic-nopludes-detektors#primaryimage\",\"url\":\"https:\/\/www.axiomams.eu\/wp-content\/uploads\/2025\/07\/200-3133.jpg\",\"contentUrl\":\"https:\/\/www.axiomams.eu\/wp-content\/uploads\/2025\/07\/200-3133.jpg\",\"width\":390,\"height\":457},{\"@type\":\"BreadcrumbList\",\"@id\":\"https:\/\/www.axiomams.eu\/lv\/produktas\/hwm-lmic-nopludes-detektors#breadcrumb\",\"itemListElement\":[{\"@type\":\"ListItem\",\"position\":1,\"name\":\"Home\",\"item\":\"https:\/\/www.axiomams.eu\/lv\"},{\"@type\":\"ListItem\",\"position\":2,\"name\":\"Produkti\",\"item\":\"https:\/\/www.axiomams.eu\/lv\/produkti\"},{\"@type\":\"ListItem\",\"position\":3,\"name\":\"HWM Lmic nopl\u016bdes detektors\"}]},{\"@type\":\"WebSite\",\"@id\":\"https:\/\/www.axiomams.eu\/lv#website\",\"url\":\"https:\/\/www.axiomams.eu\/lv\",\"name\":\"AXIOMA MS\",\"description\":\"Terrmovizoriai ir matavimo \u012franga\",\"publisher\":{\"@id\":\"https:\/\/www.axiomams.eu\/lv#organization\"},\"potentialAction\":[{\"@type\":\"SearchAction\",\"target\":{\"@type\":\"EntryPoint\",\"urlTemplate\":\"https:\/\/www.axiomams.eu\/lv?s={search_term_string}\"},\"query-input\":{\"@type\":\"PropertyValueSpecification\",\"valueRequired\":true,\"valueName\":\"search_term_string\"}}],\"inLanguage\":\"lv-LV\"},{\"@type\":\"Organization\",\"@id\":\"https:\/\/www.axiomams.eu\/lv#organization\",\"name\":\"AXIOMA MS\",\"url\":\"https:\/\/www.axiomams.eu\/lv\",\"logo\":{\"@type\":\"ImageObject\",\"inLanguage\":\"lv-LV\",\"@id\":\"https:\/\/www.axiomams.eu\/lv#\/schema\/logo\/image\/\",\"url\":\"https:\/\/www.axiomams.eu\/wp-content\/uploads\/2025\/06\/axioma-logo-2.png\",\"contentUrl\":\"https:\/\/www.axiomams.eu\/wp-content\/uploads\/2025\/06\/axioma-logo-2.png\",\"width\":1200,\"height\":1200,\"caption\":\"AXIOMA MS\"},\"image\":{\"@id\":\"https:\/\/www.axiomams.eu\/lv#\/schema\/logo\/image\/\"},\"sameAs\":[\"https:\/\/www.facebook.com\/AxiomaMS\",\"https:\/\/www.linkedin.com\/company\/axiomams\/\"]}]}<\/script>\n<!-- \/ Yoast SEO plugin. -->","yoast_head_json":{"title":"HWM Lmic nopl\u016bdes detektors - AXIOMA MS","robots":{"index":"index","follow":"follow","max-snippet":"max-snippet:-1","max-image-preview":"max-image-preview:large","max-video-preview":"max-video-preview:-1"},"canonical":"https:\/\/www.axiomams.eu\/lv\/produktas\/hwm-lmic-nopludes-detektors","og_locale":"lv_LV","og_type":"article","og_title":"HWM Lmic nopl\u016bdes detektors - AXIOMA MS","og_description":"HWM Lmic ir viegli lietojams, l\u0113ts, l\u0113ts, kombin\u0113ts elektroniskais klaus\u012b\u0161an\u0101s stienis un zemes mikrofons. T\u0101 ir ide\u0101li piem\u0113rota visp\u0101r\u0113j\u0101m nopl\u016b\u017eu zond\u0113\u0161anas oper\u0101cij\u0101m, un to var apr\u012bkot ar stat\u012bva k\u0101ji\u0146u (izmanto\u0161anai k\u0101 zemes mikrofonu) vai zondes stie\u0146iem (zond\u0113\u0161anai pie armat\u016bras vai m\u012bkst\u0101 zem\u0113). Standarta komplekts: Lmic rokas vad\u012bbas bloks, mikrofona bloks ar kabeli un stat\u012bva bloks,...","og_url":"https:\/\/www.axiomams.eu\/lv\/produktas\/hwm-lmic-nopludes-detektors","og_site_name":"AXIOMA MS","article_publisher":"https:\/\/www.facebook.com\/AxiomaMS","article_modified_time":"2026-03-25T15:00:42+00:00","og_image":[{"width":390,"height":457,"url":"https:\/\/www.axiomams.eu\/wp-content\/uploads\/2025\/07\/200-3133.jpg","type":"image\/jpeg"}],"twitter_card":"summary_large_image","twitter_misc":{"Est. reading time":"1 minute"},"schema":{"@context":"https:\/\/schema.org","@graph":[{"@type":"WebPage","@id":"https:\/\/www.axiomams.eu\/lv\/produktas\/hwm-lmic-nopludes-detektors","url":"https:\/\/www.axiomams.eu\/lv\/produktas\/hwm-lmic-nopludes-detektors","name":"HWM Lmic nopl\u016bdes detektors - AXIOMA MS","isPartOf":{"@id":"https:\/\/www.axiomams.eu\/lv#website"},"primaryImageOfPage":{"@id":"https:\/\/www.axiomams.eu\/lv\/produktas\/hwm-lmic-nopludes-detektors#primaryimage"},"image":{"@id":"https:\/\/www.axiomams.eu\/lv\/produktas\/hwm-lmic-nopludes-detektors#primaryimage"},"thumbnailUrl":"https:\/\/www.axiomams.eu\/wp-content\/uploads\/2025\/07\/200-3133.jpg","datePublished":"2025-05-15T16:02:03+00:00","dateModified":"2026-03-25T15:00:42+00:00","breadcrumb":{"@id":"https:\/\/www.axiomams.eu\/lv\/produktas\/hwm-lmic-nopludes-detektors#breadcrumb"},"inLanguage":"lv-LV","potentialAction":[{"@type":"ReadAction","target":["https:\/\/www.axiomams.eu\/lv\/produktas\/hwm-lmic-nopludes-detektors"]}]},{"@type":"ImageObject","inLanguage":"lv-LV","@id":"https:\/\/www.axiomams.eu\/lv\/produktas\/hwm-lmic-nopludes-detektors#primaryimage","url":"https:\/\/www.axiomams.eu\/wp-content\/uploads\/2025\/07\/200-3133.jpg","contentUrl":"https:\/\/www.axiomams.eu\/wp-content\/uploads\/2025\/07\/200-3133.jpg","width":390,"height":457},{"@type":"BreadcrumbList","@id":"https:\/\/www.axiomams.eu\/lv\/produktas\/hwm-lmic-nopludes-detektors#breadcrumb","itemListElement":[{"@type":"ListItem","position":1,"name":"Home","item":"https:\/\/www.axiomams.eu\/lv"},{"@type":"ListItem","position":2,"name":"Produkti","item":"https:\/\/www.axiomams.eu\/lv\/produkti"},{"@type":"ListItem","position":3,"name":"HWM Lmic nopl\u016bdes detektors"}]},{"@type":"WebSite","@id":"https:\/\/www.axiomams.eu\/lv#website","url":"https:\/\/www.axiomams.eu\/lv","name":"AXIOMA MS","description":"Terrmovizoriai ir matavimo \u012franga","publisher":{"@id":"https:\/\/www.axiomams.eu\/lv#organization"},"potentialAction":[{"@type":"SearchAction","target":{"@type":"EntryPoint","urlTemplate":"https:\/\/www.axiomams.eu\/lv?s={search_term_string}"},"query-input":{"@type":"PropertyValueSpecification","valueRequired":true,"valueName":"search_term_string"}}],"inLanguage":"lv-LV"},{"@type":"Organization","@id":"https:\/\/www.axiomams.eu\/lv#organization","name":"AXIOMA MS","url":"https:\/\/www.axiomams.eu\/lv","logo":{"@type":"ImageObject","inLanguage":"lv-LV","@id":"https:\/\/www.axiomams.eu\/lv#\/schema\/logo\/image\/","url":"https:\/\/www.axiomams.eu\/wp-content\/uploads\/2025\/06\/axioma-logo-2.png","contentUrl":"https:\/\/www.axiomams.eu\/wp-content\/uploads\/2025\/06\/axioma-logo-2.png","width":1200,"height":1200,"caption":"AXIOMA MS"},"image":{"@id":"https:\/\/www.axiomams.eu\/lv#\/schema\/logo\/image\/"},"sameAs":["https:\/\/www.facebook.com\/AxiomaMS","https:\/\/www.linkedin.com\/company\/axiomams\/"]}]}},"_links":{"self":[{"href":"https:\/\/www.axiomams.eu\/lv\/wp-json\/wp\/v2\/product\/39193","targetHints":{"allow":["GET"]}}],"collection":[{"href":"https:\/\/www.axiomams.eu\/lv\/wp-json\/wp\/v2\/product"}],"about":[{"href":"https:\/\/www.axiomams.eu\/lv\/wp-json\/wp\/v2\/types\/product"}],"replies":[{"embeddable":true,"href":"https:\/\/www.axiomams.eu\/lv\/wp-json\/wp\/v2\/comments?post=39193"}],"wp:featuredmedia":[{"embeddable":true,"href":"https:\/\/www.axiomams.eu\/lv\/wp-json\/wp\/v2\/media\/42109"}],"wp:attachment":[{"href":"https:\/\/www.axiomams.eu\/lv\/wp-json\/wp\/v2\/media?parent=39193"}],"wp:term":[{"taxonomy":"product_brand","embeddable":true,"href":"https:\/\/www.axiomams.eu\/lv\/wp-json\/wp\/v2\/product_brand?post=39193"},{"taxonomy":"product_cat","embeddable":true,"href":"https:\/\/www.axiomams.eu\/lv\/wp-json\/wp\/v2\/product_cat?post=39193"},{"taxonomy":"product_tag","embeddable":true,"href":"https:\/\/www.axiomams.eu\/lv\/wp-json\/wp\/v2\/product_tag?post=39193"}],"curies":[{"name":"wp","href":"https:\/\/api.w.org\/{rel}","templated":true}]}}