{"id":39194,"date":"2025-05-15T18:02:05","date_gmt":"2025-05-15T16:02:05","guid":{"rendered":"https:\/\/www.axiomams.eu\/produktas\/radiodetection-lmx150-findar-zemes-penetracijas-radars"},"modified":"2026-03-25T17:00:42","modified_gmt":"2026-03-25T15:00:42","slug":"radiodetection-lmx150-findar-zemes-penetracijas-radars","status":"publish","type":"product","link":"https:\/\/www.axiomams.eu\/lv\/produktas\/radiodetection-lmx150-findar-zemes-penetracijas-radars","title":{"rendered":"Radiodetection LMX150 FINDAR zemes penetr\u0101cijas radars"},"content":{"rendered":"<p>LMX150 FINDAR GPR<br \/>\nZemes penetr\u0101cijas radars (GPR)<br \/>\nM\u016bsu sensori un programmat\u016bra LMX150 FINDAR ir kompakta, augstas iz\u0161\u0137irtsp\u0113jas in\u017eenierkomunik\u0101ciju atra\u0161an\u0101s vietas noteik\u0161anas sist\u0113ma j\u016bsu atra\u0161an\u0101s vietas noteik\u0161anas un kart\u0113\u0161anas vajadz\u012bb\u0101m.<\/p>\n<p>LMX150 FINDAR GPR papildina tradicion\u0101los cauru\u013cu un kabe\u013cu lokatorus un \u013cauj jums atrast m\u0113r\u0137us zem virsmas, piem\u0113ram:<\/p>\n<p>met\u0101la in\u017eenierkomunik\u0101cijas, tostarp caurules un kabe\u013cus<br \/>\nnemet\u0101la caurules, tostarp PVC un azbestcementa caurules<br \/>\nbetona lietus un kanaliz\u0101cijas sist\u0113mas<br \/>\nin\u017eenierkomunik\u0101cijas, kur uzst\u0101d\u012bt\u0101 tras\u0113\u0161anas instal\u0101cija ir boj\u0101ta.<br \/>\npazemes uzglab\u0101\u0161anas tvertnes un dren\u0101\u017eas fl\u012bzes<br \/>\nSeptisko sist\u0113mu komponenti<br \/>\noptisk\u0101s \u0161\u0137iedras kabe\u013ci<br \/>\nar in\u017eenierkomunik\u0101cij\u0101m nesaist\u012btas konstrukcijas, piem\u0113ram, velves, pamatu sienas un betona palikt\u0146i<\/p>\n<h3>Tehnisk\u0101 inform\u0101cija:<\/h3>\n<ul>\n<li><a href=\"https:\/\/axiomams.eu\/importer\/export\/attachments\/en\/radiodetection-lmx150.pdf\" target=\"_blank\">Radiodetection LMX150.pdf<\/a><\/li>\n<\/ul>\n","protected":false},"excerpt":{"rendered":"<p>LMX150 FINDAR GPR Zemes penetr\u0101cijas radars (GPR) M\u016bsu sensori un programmat\u016bra LMX150 FINDAR ir kompakta, augstas iz\u0161\u0137irtsp\u0113jas in\u017eenierkomunik\u0101ciju atra\u0161an\u0101s vietas noteik\u0161anas sist\u0113ma j\u016bsu atra\u0161an\u0101s vietas noteik\u0161anas un kart\u0113\u0161anas vajadz\u012bb\u0101m. LMX150 FINDAR GPR papildina tradicion\u0101los cauru\u013cu un kabe\u013cu lokatorus un \u013cauj jums atrast m\u0113r\u0137us zem virsmas, piem\u0113ram: met\u0101la in\u017eenierkomunik\u0101cijas, tostarp caurules un kabe\u013cus nemet\u0101la caurules, tostarp&#8230;<\/p>\n","protected":false},"featured_media":42111,"comment_status":"open","ping_status":"closed","template":"","meta":{"_acf_changed":false},"product_brand":[730],"product_cat":[17740],"product_tag":[],"class_list":{"0":"post-39194","1":"product","2":"type-product","3":"status-publish","4":"has-post-thumbnail","6":"product_brand-radiodetection","7":"product_cat-georadari-un-pazemes-komunikaciju-lokatori","9":"first","10":"instock","11":"taxable","12":"shipping-taxable","13":"product-type-simple"},"acf":[],"yoast_head":"<!-- This site is optimized with the Yoast SEO plugin v27.0 - https:\/\/yoast.com\/product\/yoast-seo-wordpress\/ -->\n<title>Radiodetection LMX150 FINDAR zemes penetr\u0101cijas radars - AXIOMA MS<\/title>\n<meta name=\"robots\" content=\"index, follow, max-snippet:-1, max-image-preview:large, max-video-preview:-1\" \/>\n<link rel=\"canonical\" href=\"https:\/\/www.axiomams.eu\/lv\/produktas\/radiodetection-lmx150-findar-zemes-penetracijas-radars\" \/>\n<meta property=\"og:locale\" content=\"lv_LV\" \/>\n<meta property=\"og:type\" content=\"article\" \/>\n<meta property=\"og:title\" content=\"Radiodetection LMX150 FINDAR zemes penetr\u0101cijas radars - AXIOMA MS\" \/>\n<meta property=\"og:description\" content=\"LMX150 FINDAR GPR Zemes penetr\u0101cijas radars (GPR) M\u016bsu sensori un programmat\u016bra LMX150 FINDAR ir kompakta, augstas iz\u0161\u0137irtsp\u0113jas in\u017eenierkomunik\u0101ciju atra\u0161an\u0101s vietas noteik\u0161anas sist\u0113ma j\u016bsu atra\u0161an\u0101s vietas noteik\u0161anas un kart\u0113\u0161anas vajadz\u012bb\u0101m. LMX150 FINDAR GPR papildina tradicion\u0101los cauru\u013cu un kabe\u013cu lokatorus un \u013cauj jums atrast m\u0113r\u0137us zem virsmas, piem\u0113ram: met\u0101la in\u017eenierkomunik\u0101cijas, tostarp caurules un kabe\u013cus nemet\u0101la caurules, tostarp...\" \/>\n<meta property=\"og:url\" content=\"https:\/\/www.axiomams.eu\/lv\/produktas\/radiodetection-lmx150-findar-zemes-penetracijas-radars\" \/>\n<meta property=\"og:site_name\" content=\"AXIOMA MS\" \/>\n<meta property=\"article:publisher\" content=\"https:\/\/www.facebook.com\/AxiomaMS\" \/>\n<meta property=\"article:modified_time\" content=\"2026-03-25T15:00:42+00:00\" \/>\n<meta property=\"og:image\" content=\"https:\/\/www.axiomams.eu\/wp-content\/uploads\/2025\/07\/3406-4740.jpg\" \/>\n\t<meta property=\"og:image:width\" content=\"1020\" \/>\n\t<meta property=\"og:image:height\" content=\"1020\" \/>\n\t<meta property=\"og:image:type\" content=\"image\/jpeg\" \/>\n<meta name=\"twitter:card\" content=\"summary_large_image\" \/>\n<meta name=\"twitter:label1\" content=\"Est. reading time\" \/>\n\t<meta name=\"twitter:data1\" content=\"1 minute\" \/>\n<script type=\"application\/ld+json\" class=\"yoast-schema-graph\">{\"@context\":\"https:\/\/schema.org\",\"@graph\":[{\"@type\":\"WebPage\",\"@id\":\"https:\/\/www.axiomams.eu\/lv\/produktas\/radiodetection-lmx150-findar-zemes-penetracijas-radars\",\"url\":\"https:\/\/www.axiomams.eu\/lv\/produktas\/radiodetection-lmx150-findar-zemes-penetracijas-radars\",\"name\":\"Radiodetection LMX150 FINDAR zemes penetr\u0101cijas radars - AXIOMA MS\",\"isPartOf\":{\"@id\":\"https:\/\/www.axiomams.eu\/lv#website\"},\"primaryImageOfPage\":{\"@id\":\"https:\/\/www.axiomams.eu\/lv\/produktas\/radiodetection-lmx150-findar-zemes-penetracijas-radars#primaryimage\"},\"image\":{\"@id\":\"https:\/\/www.axiomams.eu\/lv\/produktas\/radiodetection-lmx150-findar-zemes-penetracijas-radars#primaryimage\"},\"thumbnailUrl\":\"https:\/\/www.axiomams.eu\/wp-content\/uploads\/2025\/07\/3406-4740.jpg\",\"datePublished\":\"2025-05-15T16:02:05+00:00\",\"dateModified\":\"2026-03-25T15:00:42+00:00\",\"breadcrumb\":{\"@id\":\"https:\/\/www.axiomams.eu\/lv\/produktas\/radiodetection-lmx150-findar-zemes-penetracijas-radars#breadcrumb\"},\"inLanguage\":\"lv-LV\",\"potentialAction\":[{\"@type\":\"ReadAction\",\"target\":[\"https:\/\/www.axiomams.eu\/lv\/produktas\/radiodetection-lmx150-findar-zemes-penetracijas-radars\"]}]},{\"@type\":\"ImageObject\",\"inLanguage\":\"lv-LV\",\"@id\":\"https:\/\/www.axiomams.eu\/lv\/produktas\/radiodetection-lmx150-findar-zemes-penetracijas-radars#primaryimage\",\"url\":\"https:\/\/www.axiomams.eu\/wp-content\/uploads\/2025\/07\/3406-4740.jpg\",\"contentUrl\":\"https:\/\/www.axiomams.eu\/wp-content\/uploads\/2025\/07\/3406-4740.jpg\",\"width\":1020,\"height\":1020},{\"@type\":\"BreadcrumbList\",\"@id\":\"https:\/\/www.axiomams.eu\/lv\/produktas\/radiodetection-lmx150-findar-zemes-penetracijas-radars#breadcrumb\",\"itemListElement\":[{\"@type\":\"ListItem\",\"position\":1,\"name\":\"Home\",\"item\":\"https:\/\/www.axiomams.eu\/lv\"},{\"@type\":\"ListItem\",\"position\":2,\"name\":\"Produkti\",\"item\":\"https:\/\/www.axiomams.eu\/lv\/produkti\"},{\"@type\":\"ListItem\",\"position\":3,\"name\":\"Radiodetection LMX150 FINDAR zemes penetr\u0101cijas radars\"}]},{\"@type\":\"WebSite\",\"@id\":\"https:\/\/www.axiomams.eu\/lv#website\",\"url\":\"https:\/\/www.axiomams.eu\/lv\",\"name\":\"AXIOMA MS\",\"description\":\"Terrmovizoriai ir matavimo \u012franga\",\"publisher\":{\"@id\":\"https:\/\/www.axiomams.eu\/lv#organization\"},\"potentialAction\":[{\"@type\":\"SearchAction\",\"target\":{\"@type\":\"EntryPoint\",\"urlTemplate\":\"https:\/\/www.axiomams.eu\/lv?s={search_term_string}\"},\"query-input\":{\"@type\":\"PropertyValueSpecification\",\"valueRequired\":true,\"valueName\":\"search_term_string\"}}],\"inLanguage\":\"lv-LV\"},{\"@type\":\"Organization\",\"@id\":\"https:\/\/www.axiomams.eu\/lv#organization\",\"name\":\"AXIOMA MS\",\"url\":\"https:\/\/www.axiomams.eu\/lv\",\"logo\":{\"@type\":\"ImageObject\",\"inLanguage\":\"lv-LV\",\"@id\":\"https:\/\/www.axiomams.eu\/lv#\/schema\/logo\/image\/\",\"url\":\"https:\/\/www.axiomams.eu\/wp-content\/uploads\/2025\/06\/axioma-logo-2.png\",\"contentUrl\":\"https:\/\/www.axiomams.eu\/wp-content\/uploads\/2025\/06\/axioma-logo-2.png\",\"width\":1200,\"height\":1200,\"caption\":\"AXIOMA MS\"},\"image\":{\"@id\":\"https:\/\/www.axiomams.eu\/lv#\/schema\/logo\/image\/\"},\"sameAs\":[\"https:\/\/www.facebook.com\/AxiomaMS\",\"https:\/\/www.linkedin.com\/company\/axiomams\/\"]}]}<\/script>\n<!-- \/ Yoast SEO plugin. -->","yoast_head_json":{"title":"Radiodetection LMX150 FINDAR zemes penetr\u0101cijas radars - AXIOMA MS","robots":{"index":"index","follow":"follow","max-snippet":"max-snippet:-1","max-image-preview":"max-image-preview:large","max-video-preview":"max-video-preview:-1"},"canonical":"https:\/\/www.axiomams.eu\/lv\/produktas\/radiodetection-lmx150-findar-zemes-penetracijas-radars","og_locale":"lv_LV","og_type":"article","og_title":"Radiodetection LMX150 FINDAR zemes penetr\u0101cijas radars - AXIOMA MS","og_description":"LMX150 FINDAR GPR Zemes penetr\u0101cijas radars (GPR) M\u016bsu sensori un programmat\u016bra LMX150 FINDAR ir kompakta, augstas iz\u0161\u0137irtsp\u0113jas in\u017eenierkomunik\u0101ciju atra\u0161an\u0101s vietas noteik\u0161anas sist\u0113ma j\u016bsu atra\u0161an\u0101s vietas noteik\u0161anas un kart\u0113\u0161anas vajadz\u012bb\u0101m. LMX150 FINDAR GPR papildina tradicion\u0101los cauru\u013cu un kabe\u013cu lokatorus un \u013cauj jums atrast m\u0113r\u0137us zem virsmas, piem\u0113ram: met\u0101la in\u017eenierkomunik\u0101cijas, tostarp caurules un kabe\u013cus nemet\u0101la caurules, tostarp...","og_url":"https:\/\/www.axiomams.eu\/lv\/produktas\/radiodetection-lmx150-findar-zemes-penetracijas-radars","og_site_name":"AXIOMA MS","article_publisher":"https:\/\/www.facebook.com\/AxiomaMS","article_modified_time":"2026-03-25T15:00:42+00:00","og_image":[{"width":1020,"height":1020,"url":"https:\/\/www.axiomams.eu\/wp-content\/uploads\/2025\/07\/3406-4740.jpg","type":"image\/jpeg"}],"twitter_card":"summary_large_image","twitter_misc":{"Est. reading time":"1 minute"},"schema":{"@context":"https:\/\/schema.org","@graph":[{"@type":"WebPage","@id":"https:\/\/www.axiomams.eu\/lv\/produktas\/radiodetection-lmx150-findar-zemes-penetracijas-radars","url":"https:\/\/www.axiomams.eu\/lv\/produktas\/radiodetection-lmx150-findar-zemes-penetracijas-radars","name":"Radiodetection LMX150 FINDAR zemes penetr\u0101cijas radars - AXIOMA MS","isPartOf":{"@id":"https:\/\/www.axiomams.eu\/lv#website"},"primaryImageOfPage":{"@id":"https:\/\/www.axiomams.eu\/lv\/produktas\/radiodetection-lmx150-findar-zemes-penetracijas-radars#primaryimage"},"image":{"@id":"https:\/\/www.axiomams.eu\/lv\/produktas\/radiodetection-lmx150-findar-zemes-penetracijas-radars#primaryimage"},"thumbnailUrl":"https:\/\/www.axiomams.eu\/wp-content\/uploads\/2025\/07\/3406-4740.jpg","datePublished":"2025-05-15T16:02:05+00:00","dateModified":"2026-03-25T15:00:42+00:00","breadcrumb":{"@id":"https:\/\/www.axiomams.eu\/lv\/produktas\/radiodetection-lmx150-findar-zemes-penetracijas-radars#breadcrumb"},"inLanguage":"lv-LV","potentialAction":[{"@type":"ReadAction","target":["https:\/\/www.axiomams.eu\/lv\/produktas\/radiodetection-lmx150-findar-zemes-penetracijas-radars"]}]},{"@type":"ImageObject","inLanguage":"lv-LV","@id":"https:\/\/www.axiomams.eu\/lv\/produktas\/radiodetection-lmx150-findar-zemes-penetracijas-radars#primaryimage","url":"https:\/\/www.axiomams.eu\/wp-content\/uploads\/2025\/07\/3406-4740.jpg","contentUrl":"https:\/\/www.axiomams.eu\/wp-content\/uploads\/2025\/07\/3406-4740.jpg","width":1020,"height":1020},{"@type":"BreadcrumbList","@id":"https:\/\/www.axiomams.eu\/lv\/produktas\/radiodetection-lmx150-findar-zemes-penetracijas-radars#breadcrumb","itemListElement":[{"@type":"ListItem","position":1,"name":"Home","item":"https:\/\/www.axiomams.eu\/lv"},{"@type":"ListItem","position":2,"name":"Produkti","item":"https:\/\/www.axiomams.eu\/lv\/produkti"},{"@type":"ListItem","position":3,"name":"Radiodetection LMX150 FINDAR zemes penetr\u0101cijas radars"}]},{"@type":"WebSite","@id":"https:\/\/www.axiomams.eu\/lv#website","url":"https:\/\/www.axiomams.eu\/lv","name":"AXIOMA MS","description":"Terrmovizoriai ir matavimo \u012franga","publisher":{"@id":"https:\/\/www.axiomams.eu\/lv#organization"},"potentialAction":[{"@type":"SearchAction","target":{"@type":"EntryPoint","urlTemplate":"https:\/\/www.axiomams.eu\/lv?s={search_term_string}"},"query-input":{"@type":"PropertyValueSpecification","valueRequired":true,"valueName":"search_term_string"}}],"inLanguage":"lv-LV"},{"@type":"Organization","@id":"https:\/\/www.axiomams.eu\/lv#organization","name":"AXIOMA MS","url":"https:\/\/www.axiomams.eu\/lv","logo":{"@type":"ImageObject","inLanguage":"lv-LV","@id":"https:\/\/www.axiomams.eu\/lv#\/schema\/logo\/image\/","url":"https:\/\/www.axiomams.eu\/wp-content\/uploads\/2025\/06\/axioma-logo-2.png","contentUrl":"https:\/\/www.axiomams.eu\/wp-content\/uploads\/2025\/06\/axioma-logo-2.png","width":1200,"height":1200,"caption":"AXIOMA MS"},"image":{"@id":"https:\/\/www.axiomams.eu\/lv#\/schema\/logo\/image\/"},"sameAs":["https:\/\/www.facebook.com\/AxiomaMS","https:\/\/www.linkedin.com\/company\/axiomams\/"]}]}},"_links":{"self":[{"href":"https:\/\/www.axiomams.eu\/lv\/wp-json\/wp\/v2\/product\/39194","targetHints":{"allow":["GET"]}}],"collection":[{"href":"https:\/\/www.axiomams.eu\/lv\/wp-json\/wp\/v2\/product"}],"about":[{"href":"https:\/\/www.axiomams.eu\/lv\/wp-json\/wp\/v2\/types\/product"}],"replies":[{"embeddable":true,"href":"https:\/\/www.axiomams.eu\/lv\/wp-json\/wp\/v2\/comments?post=39194"}],"wp:featuredmedia":[{"embeddable":true,"href":"https:\/\/www.axiomams.eu\/lv\/wp-json\/wp\/v2\/media\/42111"}],"wp:attachment":[{"href":"https:\/\/www.axiomams.eu\/lv\/wp-json\/wp\/v2\/media?parent=39194"}],"wp:term":[{"taxonomy":"product_brand","embeddable":true,"href":"https:\/\/www.axiomams.eu\/lv\/wp-json\/wp\/v2\/product_brand?post=39194"},{"taxonomy":"product_cat","embeddable":true,"href":"https:\/\/www.axiomams.eu\/lv\/wp-json\/wp\/v2\/product_cat?post=39194"},{"taxonomy":"product_tag","embeddable":true,"href":"https:\/\/www.axiomams.eu\/lv\/wp-json\/wp\/v2\/product_tag?post=39194"}],"curies":[{"name":"wp","href":"https:\/\/api.w.org\/{rel}","templated":true}]}}