{"id":39195,"date":"2025-05-15T18:02:10","date_gmt":"2025-05-15T16:02:10","guid":{"rendered":"https:\/\/www.axiomams.eu\/produktas\/radiodetection-lmx200-zeme-ieklustosais-radars"},"modified":"2026-03-25T17:00:43","modified_gmt":"2026-03-25T15:00:43","slug":"radiodetection-lmx200-zeme-ieklustosais-radars","status":"publish","type":"product","link":"https:\/\/www.axiomams.eu\/lv\/produktas\/radiodetection-lmx200-zeme-ieklustosais-radars","title":{"rendered":"Radiodetection LMX200 zem\u0113 iek\u013c\u016bsto\u0161ais radars"},"content":{"rendered":"<p>Vienk\u0101r\u0161s un izdev\u012bgs veids, k\u0101 atrast un mar\u0137\u0113t in\u017eenierkomunik\u0101cijas uz lauka. LMX zemes penetr\u0113jo\u0161\u0101 radara (GPR) sist\u0113mas ir izstr\u0101d\u0101tas un optimiz\u0113tas in\u017eenierkomunik\u0101ciju lokaliz\u0101cijai, t\u0101p\u0113c LMX ir dabisks papildin\u0101jums j\u016bsu lokaliz\u0101cijas darba pl\u016bsmai.<\/p>\n<p>LMX \u0123eoradara sist\u0113mas papildina tradicion\u0101los cauru\u013cu un kabe\u013cu lokatorus un \u013cauj jums atrast un mar\u0137\u0113t:<br \/>\n&#8211; met\u0101la in\u017eenierkomunik\u0101cijas, tostarp caurules un kabe\u013cus<br \/>\n&#8211; nemet\u0101la caurules, tostarp PVC un azbestcementa caurules.<br \/>\n&#8211; betona lietus un kanaliz\u0101cijas sist\u0113mas<br \/>\n&#8211; in\u017eenierkomunik\u0101cijas, kur\u0101s uzst\u0101d\u012bt\u0101 tras\u0113\u0161anas instal\u0101cija ir boj\u0101ta.<br \/>\n&#8211; pazemes uzglab\u0101\u0161anas tvertnes un dren\u0101\u017eas fl\u012bzes<br \/>\n&#8211; Septisko sist\u0113mu komponenti<br \/>\n&#8211; ar in\u017eenierkomunik\u0101cij\u0101m nesaist\u012btas konstrukcijas, piem\u0113ram, kr\u0101tuves, pamatu sienas un betona palikt\u0146i<\/p>\n<p>&#8211; 8&#8243; sk\u0101rienjut\u012bgais LCD displejs ar apgaismojumu<br \/>\n&#8211; Ieb\u016bv\u0113ts GPS uztv\u0113r\u0113js \u0123eoreferences datu ieg\u016b\u0161anai ar iesp\u0113ju piesl\u0113gt \u0101r\u0113jo GPS antenu.<br \/>\n&#8211; Ultraplatjoslas (UWB) 250 MHz GPR antena<br \/>\n&#8211; Dzi\u013cuma griezumi lauk\u0101<br \/>\n&#8211; DynaT ir funkcija, kas var selekt\u012bvi palielin\u0101t mazus, vid\u0113ja lieluma vai lielus m\u0113r\u0137us, lai tos b\u016btu viegl\u0101k apskat\u012bt un atkl\u0101t.<br \/>\n&#8211; Karoga funkcija<br \/>\n&#8211; Visa apsekojuma vizualiz\u0113\u0161ana pakalpojum\u0101 MapView<br \/>\n&#8211; Vizualiz\u0113jiet, izprotiet un zi\u0146ojiet par \u0123eoradara rezult\u0101tiem ar EKKO_Project PC programmat\u016bru.<br \/>\n&#8211; Zemes penetr\u0113jo\u0161\u0101 radara dzi\u013cums: l\u012bdz 8 metriem<br \/>\n&#8211; Atmi\u0146a: iek\u0161\u0113j\u0101 vai \u0101r\u0113j\u0101, izmantojot USB<br \/>\n&#8211; Datu saglab\u0101\u0161ana projektu veid\u0101: 9 projekti, katrs ar: 10 re\u017e\u0123i, 99 l\u012bnijas, 999 ekr\u0101n\u0161\u0101vi\u0146i.<br \/>\n&#8211; Failu form\u0101ti: JPEG, GPZ<br \/>\n&#8211; Integr\u0113ts odometrs<br \/>\n&#8211; Ieb\u016bv\u0113ts ska\u013crunis: 85 dBA ska\u013crunis ar ska\u013cuma regul\u0113\u0161anu<br \/>\n&#8211; Bezvadu savienojums: Integr\u0113tie modu\u013ci: Wi-Fi (IEEE 802.11 b,g,n), GPS\/GLONASS: Wi-Fi (IEEE 802.11 b,g,n), GPS\/GLONASS.<br \/>\n&#8211; Akumulatora ietilp\u012bba: 9,0 Ah<br \/>\n&#8211; Akumulatora darb\u012bbas laiks: 4-6 stundas<br \/>\n&#8211; Ieb\u016bv\u0113ts l\u0101d\u0113t\u0101js ar st\u0101vok\u013ca indikatoru, iev: 100-240 V, 1,5 A, izeja: 12 V @ 3 amp\u0113ri<br \/>\n&#8211; Aizsardz\u012bba pret iek\u013c\u016b\u0161anu (IP): IP65 saska\u0146\u0101 ar IEC 60529<br \/>\n&#8211; Darba temperat\u016bras diapazons: 1: GPR sensors: -40 l\u012bdz 50\u00b0C, displeja bloks: -20\u00b0C l\u012bdz 50\u00b0C.<br \/>\n&#8211; GPR sensora izm\u0113ri: 630 x 410 x 230 mm<br \/>\n&#8211; Svars: GPR sensors: 5 kg, displeja bloks: 2,83 kg, akumulators: 3,6 kg.<\/p>\n<p>Standarta komplekts: displeja bloks, antena, kabe\u013cu komplekts, stikla \u0161\u0137iedras rati\u0146i, uzl\u0101d\u0113jams akumulators, l\u0101d\u0113t\u0101js, lietot\u0101ja rokasgr\u0101mata.<\/p>\n<h3>Tehnisk\u0101 inform\u0101cija:<\/h3>\n<ul>\n<li><a href=\"https:\/\/axiomams.eu\/importer\/export\/attachments\/en\/radiodetection-lmx200.pdf\" target=\"_blank\">Radiodetection LMX200.pdf<\/a><\/li>\n<\/ul>\n","protected":false},"excerpt":{"rendered":"<p>Vienk\u0101r\u0161s un izdev\u012bgs veids, k\u0101 atrast un mar\u0137\u0113t in\u017eenierkomunik\u0101cijas uz lauka. LMX zemes penetr\u0113jo\u0161\u0101 radara (GPR) sist\u0113mas ir izstr\u0101d\u0101tas un optimiz\u0113tas in\u017eenierkomunik\u0101ciju lokaliz\u0101cijai, t\u0101p\u0113c LMX ir dabisks papildin\u0101jums j\u016bsu lokaliz\u0101cijas darba pl\u016bsmai. LMX \u0123eoradara sist\u0113mas papildina tradicion\u0101los cauru\u013cu un kabe\u013cu lokatorus un \u013cauj jums atrast un mar\u0137\u0113t: &#8211; met\u0101la in\u017eenierkomunik\u0101cijas, tostarp caurules un kabe\u013cus &#8211;&#8230;<\/p>\n","protected":false},"featured_media":42113,"comment_status":"open","ping_status":"closed","template":"","meta":{"_acf_changed":false},"product_brand":[730],"product_cat":[17740],"product_tag":[],"class_list":{"0":"post-39195","1":"product","2":"type-product","3":"status-publish","4":"has-post-thumbnail","6":"product_brand-radiodetection","7":"product_cat-georadari-un-pazemes-komunikaciju-lokatori","9":"first","10":"instock","11":"taxable","12":"shipping-taxable","13":"product-type-simple"},"acf":[],"yoast_head":"<!-- This site is optimized with the Yoast SEO plugin v27.0 - https:\/\/yoast.com\/product\/yoast-seo-wordpress\/ -->\n<title>Radiodetection LMX200 zem\u0113 iek\u013c\u016bsto\u0161ais radars - AXIOMA MS<\/title>\n<meta name=\"robots\" content=\"index, follow, max-snippet:-1, max-image-preview:large, max-video-preview:-1\" \/>\n<link rel=\"canonical\" href=\"https:\/\/www.axiomams.eu\/lv\/produktas\/radiodetection-lmx200-zeme-ieklustosais-radars\" \/>\n<meta property=\"og:locale\" content=\"lv_LV\" \/>\n<meta property=\"og:type\" content=\"article\" \/>\n<meta property=\"og:title\" content=\"Radiodetection LMX200 zem\u0113 iek\u013c\u016bsto\u0161ais radars - AXIOMA MS\" \/>\n<meta property=\"og:description\" content=\"Vienk\u0101r\u0161s un izdev\u012bgs veids, k\u0101 atrast un mar\u0137\u0113t in\u017eenierkomunik\u0101cijas uz lauka. LMX zemes penetr\u0113jo\u0161\u0101 radara (GPR) sist\u0113mas ir izstr\u0101d\u0101tas un optimiz\u0113tas in\u017eenierkomunik\u0101ciju lokaliz\u0101cijai, t\u0101p\u0113c LMX ir dabisks papildin\u0101jums j\u016bsu lokaliz\u0101cijas darba pl\u016bsmai. LMX \u0123eoradara sist\u0113mas papildina tradicion\u0101los cauru\u013cu un kabe\u013cu lokatorus un \u013cauj jums atrast un mar\u0137\u0113t: &#8211; met\u0101la in\u017eenierkomunik\u0101cijas, tostarp caurules un kabe\u013cus &#8211;...\" \/>\n<meta property=\"og:url\" content=\"https:\/\/www.axiomams.eu\/lv\/produktas\/radiodetection-lmx200-zeme-ieklustosais-radars\" \/>\n<meta property=\"og:site_name\" content=\"AXIOMA MS\" \/>\n<meta property=\"article:publisher\" content=\"https:\/\/www.facebook.com\/AxiomaMS\" \/>\n<meta property=\"article:modified_time\" content=\"2026-03-25T15:00:43+00:00\" \/>\n<meta property=\"og:image\" content=\"https:\/\/www.axiomams.eu\/wp-content\/uploads\/2025\/07\/3401-4554.jpg\" \/>\n\t<meta property=\"og:image:width\" content=\"849\" \/>\n\t<meta property=\"og:image:height\" content=\"1020\" \/>\n\t<meta property=\"og:image:type\" content=\"image\/jpeg\" \/>\n<meta name=\"twitter:card\" content=\"summary_large_image\" \/>\n<meta name=\"twitter:label1\" content=\"Est. reading time\" \/>\n\t<meta name=\"twitter:data1\" content=\"2 minutes\" \/>\n<script type=\"application\/ld+json\" class=\"yoast-schema-graph\">{\"@context\":\"https:\/\/schema.org\",\"@graph\":[{\"@type\":\"WebPage\",\"@id\":\"https:\/\/www.axiomams.eu\/lv\/produktas\/radiodetection-lmx200-zeme-ieklustosais-radars\",\"url\":\"https:\/\/www.axiomams.eu\/lv\/produktas\/radiodetection-lmx200-zeme-ieklustosais-radars\",\"name\":\"Radiodetection LMX200 zem\u0113 iek\u013c\u016bsto\u0161ais radars - AXIOMA MS\",\"isPartOf\":{\"@id\":\"https:\/\/www.axiomams.eu\/lv#website\"},\"primaryImageOfPage\":{\"@id\":\"https:\/\/www.axiomams.eu\/lv\/produktas\/radiodetection-lmx200-zeme-ieklustosais-radars#primaryimage\"},\"image\":{\"@id\":\"https:\/\/www.axiomams.eu\/lv\/produktas\/radiodetection-lmx200-zeme-ieklustosais-radars#primaryimage\"},\"thumbnailUrl\":\"https:\/\/www.axiomams.eu\/wp-content\/uploads\/2025\/07\/3401-4554.jpg\",\"datePublished\":\"2025-05-15T16:02:10+00:00\",\"dateModified\":\"2026-03-25T15:00:43+00:00\",\"breadcrumb\":{\"@id\":\"https:\/\/www.axiomams.eu\/lv\/produktas\/radiodetection-lmx200-zeme-ieklustosais-radars#breadcrumb\"},\"inLanguage\":\"lv-LV\",\"potentialAction\":[{\"@type\":\"ReadAction\",\"target\":[\"https:\/\/www.axiomams.eu\/lv\/produktas\/radiodetection-lmx200-zeme-ieklustosais-radars\"]}]},{\"@type\":\"ImageObject\",\"inLanguage\":\"lv-LV\",\"@id\":\"https:\/\/www.axiomams.eu\/lv\/produktas\/radiodetection-lmx200-zeme-ieklustosais-radars#primaryimage\",\"url\":\"https:\/\/www.axiomams.eu\/wp-content\/uploads\/2025\/07\/3401-4554.jpg\",\"contentUrl\":\"https:\/\/www.axiomams.eu\/wp-content\/uploads\/2025\/07\/3401-4554.jpg\",\"width\":849,\"height\":1020},{\"@type\":\"BreadcrumbList\",\"@id\":\"https:\/\/www.axiomams.eu\/lv\/produktas\/radiodetection-lmx200-zeme-ieklustosais-radars#breadcrumb\",\"itemListElement\":[{\"@type\":\"ListItem\",\"position\":1,\"name\":\"Home\",\"item\":\"https:\/\/www.axiomams.eu\/lv\"},{\"@type\":\"ListItem\",\"position\":2,\"name\":\"Produkti\",\"item\":\"https:\/\/www.axiomams.eu\/lv\/produkti\"},{\"@type\":\"ListItem\",\"position\":3,\"name\":\"Radiodetection LMX200 zem\u0113 iek\u013c\u016bsto\u0161ais radars\"}]},{\"@type\":\"WebSite\",\"@id\":\"https:\/\/www.axiomams.eu\/lv#website\",\"url\":\"https:\/\/www.axiomams.eu\/lv\",\"name\":\"AXIOMA MS\",\"description\":\"Terrmovizoriai ir matavimo \u012franga\",\"publisher\":{\"@id\":\"https:\/\/www.axiomams.eu\/lv#organization\"},\"potentialAction\":[{\"@type\":\"SearchAction\",\"target\":{\"@type\":\"EntryPoint\",\"urlTemplate\":\"https:\/\/www.axiomams.eu\/lv?s={search_term_string}\"},\"query-input\":{\"@type\":\"PropertyValueSpecification\",\"valueRequired\":true,\"valueName\":\"search_term_string\"}}],\"inLanguage\":\"lv-LV\"},{\"@type\":\"Organization\",\"@id\":\"https:\/\/www.axiomams.eu\/lv#organization\",\"name\":\"AXIOMA MS\",\"url\":\"https:\/\/www.axiomams.eu\/lv\",\"logo\":{\"@type\":\"ImageObject\",\"inLanguage\":\"lv-LV\",\"@id\":\"https:\/\/www.axiomams.eu\/lv#\/schema\/logo\/image\/\",\"url\":\"https:\/\/www.axiomams.eu\/wp-content\/uploads\/2025\/06\/axioma-logo-2.png\",\"contentUrl\":\"https:\/\/www.axiomams.eu\/wp-content\/uploads\/2025\/06\/axioma-logo-2.png\",\"width\":1200,\"height\":1200,\"caption\":\"AXIOMA MS\"},\"image\":{\"@id\":\"https:\/\/www.axiomams.eu\/lv#\/schema\/logo\/image\/\"},\"sameAs\":[\"https:\/\/www.facebook.com\/AxiomaMS\",\"https:\/\/www.linkedin.com\/company\/axiomams\/\"]}]}<\/script>\n<!-- \/ Yoast SEO plugin. -->","yoast_head_json":{"title":"Radiodetection LMX200 zem\u0113 iek\u013c\u016bsto\u0161ais radars - AXIOMA MS","robots":{"index":"index","follow":"follow","max-snippet":"max-snippet:-1","max-image-preview":"max-image-preview:large","max-video-preview":"max-video-preview:-1"},"canonical":"https:\/\/www.axiomams.eu\/lv\/produktas\/radiodetection-lmx200-zeme-ieklustosais-radars","og_locale":"lv_LV","og_type":"article","og_title":"Radiodetection LMX200 zem\u0113 iek\u013c\u016bsto\u0161ais radars - AXIOMA MS","og_description":"Vienk\u0101r\u0161s un izdev\u012bgs veids, k\u0101 atrast un mar\u0137\u0113t in\u017eenierkomunik\u0101cijas uz lauka. LMX zemes penetr\u0113jo\u0161\u0101 radara (GPR) sist\u0113mas ir izstr\u0101d\u0101tas un optimiz\u0113tas in\u017eenierkomunik\u0101ciju lokaliz\u0101cijai, t\u0101p\u0113c LMX ir dabisks papildin\u0101jums j\u016bsu lokaliz\u0101cijas darba pl\u016bsmai. LMX \u0123eoradara sist\u0113mas papildina tradicion\u0101los cauru\u013cu un kabe\u013cu lokatorus un \u013cauj jums atrast un mar\u0137\u0113t: &#8211; met\u0101la in\u017eenierkomunik\u0101cijas, tostarp caurules un kabe\u013cus &#8211;...","og_url":"https:\/\/www.axiomams.eu\/lv\/produktas\/radiodetection-lmx200-zeme-ieklustosais-radars","og_site_name":"AXIOMA MS","article_publisher":"https:\/\/www.facebook.com\/AxiomaMS","article_modified_time":"2026-03-25T15:00:43+00:00","og_image":[{"width":849,"height":1020,"url":"https:\/\/www.axiomams.eu\/wp-content\/uploads\/2025\/07\/3401-4554.jpg","type":"image\/jpeg"}],"twitter_card":"summary_large_image","twitter_misc":{"Est. reading time":"2 minutes"},"schema":{"@context":"https:\/\/schema.org","@graph":[{"@type":"WebPage","@id":"https:\/\/www.axiomams.eu\/lv\/produktas\/radiodetection-lmx200-zeme-ieklustosais-radars","url":"https:\/\/www.axiomams.eu\/lv\/produktas\/radiodetection-lmx200-zeme-ieklustosais-radars","name":"Radiodetection LMX200 zem\u0113 iek\u013c\u016bsto\u0161ais radars - AXIOMA MS","isPartOf":{"@id":"https:\/\/www.axiomams.eu\/lv#website"},"primaryImageOfPage":{"@id":"https:\/\/www.axiomams.eu\/lv\/produktas\/radiodetection-lmx200-zeme-ieklustosais-radars#primaryimage"},"image":{"@id":"https:\/\/www.axiomams.eu\/lv\/produktas\/radiodetection-lmx200-zeme-ieklustosais-radars#primaryimage"},"thumbnailUrl":"https:\/\/www.axiomams.eu\/wp-content\/uploads\/2025\/07\/3401-4554.jpg","datePublished":"2025-05-15T16:02:10+00:00","dateModified":"2026-03-25T15:00:43+00:00","breadcrumb":{"@id":"https:\/\/www.axiomams.eu\/lv\/produktas\/radiodetection-lmx200-zeme-ieklustosais-radars#breadcrumb"},"inLanguage":"lv-LV","potentialAction":[{"@type":"ReadAction","target":["https:\/\/www.axiomams.eu\/lv\/produktas\/radiodetection-lmx200-zeme-ieklustosais-radars"]}]},{"@type":"ImageObject","inLanguage":"lv-LV","@id":"https:\/\/www.axiomams.eu\/lv\/produktas\/radiodetection-lmx200-zeme-ieklustosais-radars#primaryimage","url":"https:\/\/www.axiomams.eu\/wp-content\/uploads\/2025\/07\/3401-4554.jpg","contentUrl":"https:\/\/www.axiomams.eu\/wp-content\/uploads\/2025\/07\/3401-4554.jpg","width":849,"height":1020},{"@type":"BreadcrumbList","@id":"https:\/\/www.axiomams.eu\/lv\/produktas\/radiodetection-lmx200-zeme-ieklustosais-radars#breadcrumb","itemListElement":[{"@type":"ListItem","position":1,"name":"Home","item":"https:\/\/www.axiomams.eu\/lv"},{"@type":"ListItem","position":2,"name":"Produkti","item":"https:\/\/www.axiomams.eu\/lv\/produkti"},{"@type":"ListItem","position":3,"name":"Radiodetection LMX200 zem\u0113 iek\u013c\u016bsto\u0161ais radars"}]},{"@type":"WebSite","@id":"https:\/\/www.axiomams.eu\/lv#website","url":"https:\/\/www.axiomams.eu\/lv","name":"AXIOMA MS","description":"Terrmovizoriai ir matavimo \u012franga","publisher":{"@id":"https:\/\/www.axiomams.eu\/lv#organization"},"potentialAction":[{"@type":"SearchAction","target":{"@type":"EntryPoint","urlTemplate":"https:\/\/www.axiomams.eu\/lv?s={search_term_string}"},"query-input":{"@type":"PropertyValueSpecification","valueRequired":true,"valueName":"search_term_string"}}],"inLanguage":"lv-LV"},{"@type":"Organization","@id":"https:\/\/www.axiomams.eu\/lv#organization","name":"AXIOMA MS","url":"https:\/\/www.axiomams.eu\/lv","logo":{"@type":"ImageObject","inLanguage":"lv-LV","@id":"https:\/\/www.axiomams.eu\/lv#\/schema\/logo\/image\/","url":"https:\/\/www.axiomams.eu\/wp-content\/uploads\/2025\/06\/axioma-logo-2.png","contentUrl":"https:\/\/www.axiomams.eu\/wp-content\/uploads\/2025\/06\/axioma-logo-2.png","width":1200,"height":1200,"caption":"AXIOMA MS"},"image":{"@id":"https:\/\/www.axiomams.eu\/lv#\/schema\/logo\/image\/"},"sameAs":["https:\/\/www.facebook.com\/AxiomaMS","https:\/\/www.linkedin.com\/company\/axiomams\/"]}]}},"_links":{"self":[{"href":"https:\/\/www.axiomams.eu\/lv\/wp-json\/wp\/v2\/product\/39195","targetHints":{"allow":["GET"]}}],"collection":[{"href":"https:\/\/www.axiomams.eu\/lv\/wp-json\/wp\/v2\/product"}],"about":[{"href":"https:\/\/www.axiomams.eu\/lv\/wp-json\/wp\/v2\/types\/product"}],"replies":[{"embeddable":true,"href":"https:\/\/www.axiomams.eu\/lv\/wp-json\/wp\/v2\/comments?post=39195"}],"wp:featuredmedia":[{"embeddable":true,"href":"https:\/\/www.axiomams.eu\/lv\/wp-json\/wp\/v2\/media\/42113"}],"wp:attachment":[{"href":"https:\/\/www.axiomams.eu\/lv\/wp-json\/wp\/v2\/media?parent=39195"}],"wp:term":[{"taxonomy":"product_brand","embeddable":true,"href":"https:\/\/www.axiomams.eu\/lv\/wp-json\/wp\/v2\/product_brand?post=39195"},{"taxonomy":"product_cat","embeddable":true,"href":"https:\/\/www.axiomams.eu\/lv\/wp-json\/wp\/v2\/product_cat?post=39195"},{"taxonomy":"product_tag","embeddable":true,"href":"https:\/\/www.axiomams.eu\/lv\/wp-json\/wp\/v2\/product_tag?post=39195"}],"curies":[{"name":"wp","href":"https:\/\/api.w.org\/{rel}","templated":true}]}}