{"id":39197,"date":"2025-05-15T18:02:16","date_gmt":"2025-05-15T16:02:16","guid":{"rendered":"https:\/\/www.axiomams.eu\/produktas\/delta-ohm-lr35lh-datu-registrators"},"modified":"2026-03-25T17:00:45","modified_gmt":"2026-03-25T15:00:45","slug":"delta-ohm-lr35lh-datu-registrators","status":"publish","type":"product","link":"https:\/\/www.axiomams.eu\/lv\/produktas\/delta-ohm-lr35lh-datu-registrators","title":{"rendered":"Delta OHM LR35LH datu re\u0123istrators"},"content":{"rendered":"<p>LoRaWAN bezvadu datu re\u0123istr\u0113t\u0101ji vides apst\u0101k\u013cu uzkr\u0101\u0161anai un datu p\u0101rs\u016bt\u012b\u0161anai bezvadu re\u017e\u012bm\u0101. T\u0101 ir lieliska izv\u0113le p\u0101rtikas un medikamentu uzglab\u0101\u0161anas un transport\u0113\u0161anas uz\u0146\u0113mumiem, siltumn\u012bc\u0101m, muzejiem vai dokumentu kr\u0101tuv\u0113m. Sist\u0113mas uzst\u0101d\u012b\u0161ana un ekspluat\u0101cija neprasa papildu izmaksas, jo sav\u0101ktie dati tiek p\u0101rraid\u012bti bezvadu re\u017e\u012bm\u0101 j\u016bsu izv\u0113l\u0113taj\u0101 laik\u0101.<\/p>\n<p>Standarta komplekt\u0101: iek\u0161\u0113jais 3,6 V neuzl\u0101d\u0113jams litija tionilhlor\u012bda (Li-SOCl2) akumulators, sienas stiprin\u0101juma atbalsts (mode\u013ci tikai iek\u0161telp\u0101s), lieto\u0161anas pam\u0101c\u012bba.<\/p>\n<h3>Tehnisk\u0101 inform\u0101cija:<\/h3>\n<ul>\n<li><a href=\"https:\/\/axiomams.eu\/importer\/export\/attachments\/en\/lr35_manual_eng.pdf\" target=\"_blank\">LR35_manual_ENG.pdf<\/a><\/li>\n<\/ul>\n","protected":false},"excerpt":{"rendered":"<p>LoRaWAN bezvadu datu re\u0123istr\u0113t\u0101ji vides apst\u0101k\u013cu uzkr\u0101\u0161anai un datu p\u0101rs\u016bt\u012b\u0161anai bezvadu re\u017e\u012bm\u0101. T\u0101 ir lieliska izv\u0113le p\u0101rtikas un medikamentu uzglab\u0101\u0161anas un transport\u0113\u0161anas uz\u0146\u0113mumiem, siltumn\u012bc\u0101m, muzejiem vai dokumentu kr\u0101tuv\u0113m. Sist\u0113mas uzst\u0101d\u012b\u0161ana un ekspluat\u0101cija neprasa papildu izmaksas, jo sav\u0101ktie dati tiek p\u0101rraid\u012bti bezvadu re\u017e\u012bm\u0101 j\u016bsu izv\u0113l\u0113taj\u0101 laik\u0101. Standarta komplekt\u0101: iek\u0161\u0113jais 3,6 V neuzl\u0101d\u0113jams litija tionilhlor\u012bda (Li-SOCl2) akumulators,&#8230;<\/p>\n","protected":false},"featured_media":0,"comment_status":"open","ping_status":"closed","template":"","meta":{"_acf_changed":false},"product_brand":[740],"product_cat":[17725],"product_tag":[],"class_list":{"0":"post-39197","1":"product","2":"type-product","3":"status-publish","5":"product_brand-delta-ohm","6":"product_cat-datu-registretaji","8":"first","9":"instock","10":"taxable","11":"shipping-taxable","12":"purchasable","13":"product-type-simple"},"acf":[],"yoast_head":"<!-- This site is optimized with the Yoast SEO plugin v27.0 - https:\/\/yoast.com\/product\/yoast-seo-wordpress\/ -->\n<title>Delta OHM LR35LH datu re\u0123istrators - AXIOMA MS<\/title>\n<meta name=\"robots\" content=\"index, follow, max-snippet:-1, max-image-preview:large, max-video-preview:-1\" \/>\n<link rel=\"canonical\" href=\"https:\/\/www.axiomams.eu\/lv\/produktas\/delta-ohm-lr35lh-datu-registrators\" \/>\n<meta property=\"og:locale\" content=\"lv_LV\" \/>\n<meta property=\"og:type\" content=\"article\" \/>\n<meta property=\"og:title\" content=\"Delta OHM LR35LH datu re\u0123istrators - AXIOMA MS\" \/>\n<meta property=\"og:description\" content=\"LoRaWAN bezvadu datu re\u0123istr\u0113t\u0101ji vides apst\u0101k\u013cu uzkr\u0101\u0161anai un datu p\u0101rs\u016bt\u012b\u0161anai bezvadu re\u017e\u012bm\u0101. T\u0101 ir lieliska izv\u0113le p\u0101rtikas un medikamentu uzglab\u0101\u0161anas un transport\u0113\u0161anas uz\u0146\u0113mumiem, siltumn\u012bc\u0101m, muzejiem vai dokumentu kr\u0101tuv\u0113m. Sist\u0113mas uzst\u0101d\u012b\u0161ana un ekspluat\u0101cija neprasa papildu izmaksas, jo sav\u0101ktie dati tiek p\u0101rraid\u012bti bezvadu re\u017e\u012bm\u0101 j\u016bsu izv\u0113l\u0113taj\u0101 laik\u0101. Standarta komplekt\u0101: iek\u0161\u0113jais 3,6 V neuzl\u0101d\u0113jams litija tionilhlor\u012bda (Li-SOCl2) akumulators,...\" \/>\n<meta property=\"og:url\" content=\"https:\/\/www.axiomams.eu\/lv\/produktas\/delta-ohm-lr35lh-datu-registrators\" \/>\n<meta property=\"og:site_name\" content=\"AXIOMA MS\" \/>\n<meta property=\"article:publisher\" content=\"https:\/\/www.facebook.com\/AxiomaMS\" \/>\n<meta property=\"article:modified_time\" content=\"2026-03-25T15:00:45+00:00\" \/>\n<meta name=\"twitter:card\" content=\"summary_large_image\" \/>\n<meta name=\"twitter:label1\" content=\"Est. reading time\" \/>\n\t<meta name=\"twitter:data1\" content=\"1 minute\" \/>\n<script type=\"application\/ld+json\" class=\"yoast-schema-graph\">{\"@context\":\"https:\/\/schema.org\",\"@graph\":[{\"@type\":\"WebPage\",\"@id\":\"https:\/\/www.axiomams.eu\/lv\/produktas\/delta-ohm-lr35lh-datu-registrators\",\"url\":\"https:\/\/www.axiomams.eu\/lv\/produktas\/delta-ohm-lr35lh-datu-registrators\",\"name\":\"Delta OHM LR35LH datu re\u0123istrators - AXIOMA MS\",\"isPartOf\":{\"@id\":\"https:\/\/www.axiomams.eu\/lv#website\"},\"datePublished\":\"2025-05-15T16:02:16+00:00\",\"dateModified\":\"2026-03-25T15:00:45+00:00\",\"breadcrumb\":{\"@id\":\"https:\/\/www.axiomams.eu\/lv\/produktas\/delta-ohm-lr35lh-datu-registrators#breadcrumb\"},\"inLanguage\":\"lv-LV\",\"potentialAction\":[{\"@type\":\"ReadAction\",\"target\":[\"https:\/\/www.axiomams.eu\/lv\/produktas\/delta-ohm-lr35lh-datu-registrators\"]}]},{\"@type\":\"BreadcrumbList\",\"@id\":\"https:\/\/www.axiomams.eu\/lv\/produktas\/delta-ohm-lr35lh-datu-registrators#breadcrumb\",\"itemListElement\":[{\"@type\":\"ListItem\",\"position\":1,\"name\":\"Home\",\"item\":\"https:\/\/www.axiomams.eu\/lv\"},{\"@type\":\"ListItem\",\"position\":2,\"name\":\"Produkti\",\"item\":\"https:\/\/www.axiomams.eu\/lv\/produkti\"},{\"@type\":\"ListItem\",\"position\":3,\"name\":\"Delta OHM LR35LH datu re\u0123istrators\"}]},{\"@type\":\"WebSite\",\"@id\":\"https:\/\/www.axiomams.eu\/lv#website\",\"url\":\"https:\/\/www.axiomams.eu\/lv\",\"name\":\"AXIOMA MS\",\"description\":\"Terrmovizoriai ir matavimo \u012franga\",\"publisher\":{\"@id\":\"https:\/\/www.axiomams.eu\/lv#organization\"},\"potentialAction\":[{\"@type\":\"SearchAction\",\"target\":{\"@type\":\"EntryPoint\",\"urlTemplate\":\"https:\/\/www.axiomams.eu\/lv?s={search_term_string}\"},\"query-input\":{\"@type\":\"PropertyValueSpecification\",\"valueRequired\":true,\"valueName\":\"search_term_string\"}}],\"inLanguage\":\"lv-LV\"},{\"@type\":\"Organization\",\"@id\":\"https:\/\/www.axiomams.eu\/lv#organization\",\"name\":\"AXIOMA MS\",\"url\":\"https:\/\/www.axiomams.eu\/lv\",\"logo\":{\"@type\":\"ImageObject\",\"inLanguage\":\"lv-LV\",\"@id\":\"https:\/\/www.axiomams.eu\/lv#\/schema\/logo\/image\/\",\"url\":\"https:\/\/www.axiomams.eu\/wp-content\/uploads\/2025\/06\/axioma-logo-2.png\",\"contentUrl\":\"https:\/\/www.axiomams.eu\/wp-content\/uploads\/2025\/06\/axioma-logo-2.png\",\"width\":1200,\"height\":1200,\"caption\":\"AXIOMA MS\"},\"image\":{\"@id\":\"https:\/\/www.axiomams.eu\/lv#\/schema\/logo\/image\/\"},\"sameAs\":[\"https:\/\/www.facebook.com\/AxiomaMS\",\"https:\/\/www.linkedin.com\/company\/axiomams\/\"]}]}<\/script>\n<!-- \/ Yoast SEO plugin. -->","yoast_head_json":{"title":"Delta OHM LR35LH datu re\u0123istrators - AXIOMA MS","robots":{"index":"index","follow":"follow","max-snippet":"max-snippet:-1","max-image-preview":"max-image-preview:large","max-video-preview":"max-video-preview:-1"},"canonical":"https:\/\/www.axiomams.eu\/lv\/produktas\/delta-ohm-lr35lh-datu-registrators","og_locale":"lv_LV","og_type":"article","og_title":"Delta OHM LR35LH datu re\u0123istrators - AXIOMA MS","og_description":"LoRaWAN bezvadu datu re\u0123istr\u0113t\u0101ji vides apst\u0101k\u013cu uzkr\u0101\u0161anai un datu p\u0101rs\u016bt\u012b\u0161anai bezvadu re\u017e\u012bm\u0101. T\u0101 ir lieliska izv\u0113le p\u0101rtikas un medikamentu uzglab\u0101\u0161anas un transport\u0113\u0161anas uz\u0146\u0113mumiem, siltumn\u012bc\u0101m, muzejiem vai dokumentu kr\u0101tuv\u0113m. Sist\u0113mas uzst\u0101d\u012b\u0161ana un ekspluat\u0101cija neprasa papildu izmaksas, jo sav\u0101ktie dati tiek p\u0101rraid\u012bti bezvadu re\u017e\u012bm\u0101 j\u016bsu izv\u0113l\u0113taj\u0101 laik\u0101. Standarta komplekt\u0101: iek\u0161\u0113jais 3,6 V neuzl\u0101d\u0113jams litija tionilhlor\u012bda (Li-SOCl2) akumulators,...","og_url":"https:\/\/www.axiomams.eu\/lv\/produktas\/delta-ohm-lr35lh-datu-registrators","og_site_name":"AXIOMA MS","article_publisher":"https:\/\/www.facebook.com\/AxiomaMS","article_modified_time":"2026-03-25T15:00:45+00:00","twitter_card":"summary_large_image","twitter_misc":{"Est. reading time":"1 minute"},"schema":{"@context":"https:\/\/schema.org","@graph":[{"@type":"WebPage","@id":"https:\/\/www.axiomams.eu\/lv\/produktas\/delta-ohm-lr35lh-datu-registrators","url":"https:\/\/www.axiomams.eu\/lv\/produktas\/delta-ohm-lr35lh-datu-registrators","name":"Delta OHM LR35LH datu re\u0123istrators - AXIOMA MS","isPartOf":{"@id":"https:\/\/www.axiomams.eu\/lv#website"},"datePublished":"2025-05-15T16:02:16+00:00","dateModified":"2026-03-25T15:00:45+00:00","breadcrumb":{"@id":"https:\/\/www.axiomams.eu\/lv\/produktas\/delta-ohm-lr35lh-datu-registrators#breadcrumb"},"inLanguage":"lv-LV","potentialAction":[{"@type":"ReadAction","target":["https:\/\/www.axiomams.eu\/lv\/produktas\/delta-ohm-lr35lh-datu-registrators"]}]},{"@type":"BreadcrumbList","@id":"https:\/\/www.axiomams.eu\/lv\/produktas\/delta-ohm-lr35lh-datu-registrators#breadcrumb","itemListElement":[{"@type":"ListItem","position":1,"name":"Home","item":"https:\/\/www.axiomams.eu\/lv"},{"@type":"ListItem","position":2,"name":"Produkti","item":"https:\/\/www.axiomams.eu\/lv\/produkti"},{"@type":"ListItem","position":3,"name":"Delta OHM LR35LH datu re\u0123istrators"}]},{"@type":"WebSite","@id":"https:\/\/www.axiomams.eu\/lv#website","url":"https:\/\/www.axiomams.eu\/lv","name":"AXIOMA MS","description":"Terrmovizoriai ir matavimo \u012franga","publisher":{"@id":"https:\/\/www.axiomams.eu\/lv#organization"},"potentialAction":[{"@type":"SearchAction","target":{"@type":"EntryPoint","urlTemplate":"https:\/\/www.axiomams.eu\/lv?s={search_term_string}"},"query-input":{"@type":"PropertyValueSpecification","valueRequired":true,"valueName":"search_term_string"}}],"inLanguage":"lv-LV"},{"@type":"Organization","@id":"https:\/\/www.axiomams.eu\/lv#organization","name":"AXIOMA MS","url":"https:\/\/www.axiomams.eu\/lv","logo":{"@type":"ImageObject","inLanguage":"lv-LV","@id":"https:\/\/www.axiomams.eu\/lv#\/schema\/logo\/image\/","url":"https:\/\/www.axiomams.eu\/wp-content\/uploads\/2025\/06\/axioma-logo-2.png","contentUrl":"https:\/\/www.axiomams.eu\/wp-content\/uploads\/2025\/06\/axioma-logo-2.png","width":1200,"height":1200,"caption":"AXIOMA MS"},"image":{"@id":"https:\/\/www.axiomams.eu\/lv#\/schema\/logo\/image\/"},"sameAs":["https:\/\/www.facebook.com\/AxiomaMS","https:\/\/www.linkedin.com\/company\/axiomams\/"]}]}},"_links":{"self":[{"href":"https:\/\/www.axiomams.eu\/lv\/wp-json\/wp\/v2\/product\/39197","targetHints":{"allow":["GET"]}}],"collection":[{"href":"https:\/\/www.axiomams.eu\/lv\/wp-json\/wp\/v2\/product"}],"about":[{"href":"https:\/\/www.axiomams.eu\/lv\/wp-json\/wp\/v2\/types\/product"}],"replies":[{"embeddable":true,"href":"https:\/\/www.axiomams.eu\/lv\/wp-json\/wp\/v2\/comments?post=39197"}],"wp:attachment":[{"href":"https:\/\/www.axiomams.eu\/lv\/wp-json\/wp\/v2\/media?parent=39197"}],"wp:term":[{"taxonomy":"product_brand","embeddable":true,"href":"https:\/\/www.axiomams.eu\/lv\/wp-json\/wp\/v2\/product_brand?post=39197"},{"taxonomy":"product_cat","embeddable":true,"href":"https:\/\/www.axiomams.eu\/lv\/wp-json\/wp\/v2\/product_cat?post=39197"},{"taxonomy":"product_tag","embeddable":true,"href":"https:\/\/www.axiomams.eu\/lv\/wp-json\/wp\/v2\/product_tag?post=39197"}],"curies":[{"name":"wp","href":"https:\/\/api.w.org\/{rel}","templated":true}]}}