{"id":39199,"date":"2025-10-01T13:08:16","date_gmt":"2025-10-01T11:08:16","guid":{"rendered":"https:\/\/www.axiomams.eu\/produktas\/hioki-lr8102-datu-registrators"},"modified":"2026-03-25T17:00:45","modified_gmt":"2026-03-25T15:00:45","slug":"hioki-lr8102-datu-registrators","status":"publish","type":"product","link":"https:\/\/www.axiomams.eu\/lv\/produktas\/hioki-lr8102-datu-registrators","title":{"rendered":"HIOKI LR8102 datu re\u0123istrators"},"content":{"rendered":"<p><b>Hioki LR8102 datu re\u0123istratori<\/b><br \/>\nHioki LR8102 datu re\u0123istratori LR8102 nodro\u0161ina robustus risin\u0101jumus progres\u012bvu akumulatoru sist\u0113mu test\u0113\u0161anai un anal\u012bzei. \u0160ie instrumenti ir izstr\u0101d\u0101ti, lai iztur\u0113tu augstsprieguma vides pras\u012bbas, un tie p\u0101rveido sare\u017e\u0123\u012btus m\u0113r\u012bjumu uzdevumus par efekt\u012bviem un racionaliz\u0113tiem procesiem.<\/p>\n<p><b>Uzlaboti m\u0113r\u012bjumu risin\u0101jumi augstsprieguma elektromobi\u013cu akumulatoriem<\/b><br \/>\nAtt\u012bstoties elektrisko transportl\u012bdzek\u013cu tehnolo\u0123ijai, akumulatoru sist\u0113mas sasniedz augst\u0101kus sprieguma l\u012bme\u0146us, radot jaunus test\u0113\u0161anas un datu v\u0101k\u0161anas izaicin\u0101jumus. Prec\u012bza elementu sprieguma un temperat\u016bras uzraudz\u012bba uzl\u0101des un izl\u0101des ciklu laik\u0101 ir b\u016btiska gan veiktsp\u0113jas optimiz\u0101cijai, gan dro\u0161\u012bbas nodro\u0161in\u0101\u0161anai. Str\u0101d\u0101jot ar augstsprieguma akumulatoru komplektiem, ir \u013coti svar\u012bgi nov\u0113rt\u0113t spriegumu starp spail\u0113m un zem\u0113m un spriegumu starp modu\u013ciem, lai nodro\u0161in\u0101tu dro\u0161u un uzticamu darb\u012bbu.<\/p>\n<p><b>Pamat\u012bg\u0101s priek\u0161roc\u012bbas<\/b><br \/>\n&#8211; Dro\u0161as darb\u012bbas nodro\u0161in\u0101\u0161ana, m\u0113rot augstsprieguma sist\u0113mas<br \/>\n&#8211; Atbalsta lielu skaitu m\u0113r\u012b\u0161anas kan\u0101lu visaptvero\u0161ai test\u0113\u0161anai<br \/>\n&#8211; Iesp\u0113ja bez probl\u0113m\u0101m integr\u0113ties ar galvenaj\u0101m sist\u0113m\u0101m, lai nodro\u0161in\u0101tu vienotu datu p\u0101rvald\u012bbu.<\/p>\n<p><b>Le\u0146\u0137aina sist\u0113mas konfigur\u0101cija<\/b><br \/>\n&#8211; Pievienojiet m\u0113r\u012b\u0161anas modu\u013cus p\u0113c vajadz\u012bbas, lai izveidotu piel\u0101gotu sist\u0113mu<br \/>\n&#8211; Papla\u0161in\u0101t kan\u0101lu ietilp\u012bbu, sinhroniz\u0113jot paraugu \u0146em\u0161anu vair\u0101kos re\u0123istr\u0113\u0161anas ier\u012bc\u0113s.<br \/>\n&#8211; Uztveriet un p\u0101rs\u016btiet \u0101trdarb\u012bgus datus re\u0101laj\u0101 laik\u0101 detaliz\u0113tai anal\u012bzei.<\/p>\n<p>Hioki LR8102 dod iesp\u0113ju in\u017eenieriem un p\u0113tniekiem dro\u0161i un efekt\u012bvi m\u0113r\u012bt sprieguma un temperat\u016bras datus, nodro\u0161inot precizit\u0101ti, m\u0113rogojam\u012bbu un uzticam\u012bbu elektromobi\u013cu akumulatoru test\u0113\u0161an\u0101. Apvienojot elast\u012bgu modul\u0101ro konstrukciju ar uzlabotu datu savienojam\u012bbu, \u0161ie instrumenti pal\u012bdz optimiz\u0113t test\u0113\u0161anas darba procesu, vienlaikus iev\u0113rojot stingrus dro\u0161\u012bbas standartus.<\/p>\n<p>Standarta komplekts: Hioki LR8102 datu re\u0123istrators, ekspluat\u0101cijas piesardz\u012bbas pas\u0101kumi, palai\u0161anas rokasgr\u0101mata, DVD ar programmat\u016bru un dokument\u0101ciju.<\/p>\n<h3>Tehnisk\u0101 inform\u0101cija:<\/h3>\n<ul>\n<li><a href=\"https:\/\/axiomams.eu\/importer\/export\/attachments\/en\/hioki-lr8102.pdf\" target=\"_blank\">Hioki LR8102.pdf<\/a><\/li>\n<\/ul>\n","protected":false},"excerpt":{"rendered":"<p>Hioki LR8102 datu re\u0123istratori Hioki LR8102 datu re\u0123istratori LR8102 nodro\u0161ina robustus risin\u0101jumus progres\u012bvu akumulatoru sist\u0113mu test\u0113\u0161anai un anal\u012bzei. \u0160ie instrumenti ir izstr\u0101d\u0101ti, lai iztur\u0113tu augstsprieguma vides pras\u012bbas, un tie p\u0101rveido sare\u017e\u0123\u012btus m\u0113r\u012bjumu uzdevumus par efekt\u012bviem un racionaliz\u0113tiem procesiem. Uzlaboti m\u0113r\u012bjumu risin\u0101jumi augstsprieguma elektromobi\u013cu akumulatoriem Att\u012bstoties elektrisko transportl\u012bdzek\u013cu tehnolo\u0123ijai, akumulatoru sist\u0113mas sasniedz augst\u0101kus sprieguma l\u012bme\u0146us, radot&#8230;<\/p>\n","protected":false},"featured_media":42119,"comment_status":"open","ping_status":"closed","template":"","meta":{"_acf_changed":false},"product_brand":[1112],"product_cat":[17725],"product_tag":[],"class_list":{"0":"post-39199","1":"product","2":"type-product","3":"status-publish","4":"has-post-thumbnail","6":"product_brand-hioki","7":"product_cat-datu-registretaji","9":"first","10":"instock","11":"taxable","12":"shipping-taxable","13":"product-type-simple"},"acf":[],"yoast_head":"<!-- This site is optimized with the Yoast SEO plugin v27.0 - https:\/\/yoast.com\/product\/yoast-seo-wordpress\/ -->\n<title>HIOKI LR8102 datu re\u0123istrators - AXIOMA MS<\/title>\n<meta name=\"robots\" content=\"index, follow, max-snippet:-1, max-image-preview:large, max-video-preview:-1\" \/>\n<link rel=\"canonical\" href=\"https:\/\/www.axiomams.eu\/lv\/produktas\/hioki-lr8102-datu-registrators\" \/>\n<meta property=\"og:locale\" content=\"lv_LV\" \/>\n<meta property=\"og:type\" content=\"article\" \/>\n<meta property=\"og:title\" content=\"HIOKI LR8102 datu re\u0123istrators - AXIOMA MS\" \/>\n<meta property=\"og:description\" content=\"Hioki LR8102 datu re\u0123istratori Hioki LR8102 datu re\u0123istratori LR8102 nodro\u0161ina robustus risin\u0101jumus progres\u012bvu akumulatoru sist\u0113mu test\u0113\u0161anai un anal\u012bzei. \u0160ie instrumenti ir izstr\u0101d\u0101ti, lai iztur\u0113tu augstsprieguma vides pras\u012bbas, un tie p\u0101rveido sare\u017e\u0123\u012btus m\u0113r\u012bjumu uzdevumus par efekt\u012bviem un racionaliz\u0113tiem procesiem. Uzlaboti m\u0113r\u012bjumu risin\u0101jumi augstsprieguma elektromobi\u013cu akumulatoriem Att\u012bstoties elektrisko transportl\u012bdzek\u013cu tehnolo\u0123ijai, akumulatoru sist\u0113mas sasniedz augst\u0101kus sprieguma l\u012bme\u0146us, radot...\" \/>\n<meta property=\"og:url\" content=\"https:\/\/www.axiomams.eu\/lv\/produktas\/hioki-lr8102-datu-registrators\" \/>\n<meta property=\"og:site_name\" content=\"AXIOMA MS\" \/>\n<meta property=\"article:publisher\" content=\"https:\/\/www.facebook.com\/AxiomaMS\" \/>\n<meta property=\"article:modified_time\" content=\"2026-03-25T15:00:45+00:00\" \/>\n<meta property=\"og:image\" content=\"https:\/\/www.axiomams.eu\/wp-content\/uploads\/2025\/10\/4669-6170.jpg\" \/>\n\t<meta property=\"og:image:width\" content=\"694\" \/>\n\t<meta property=\"og:image:height\" content=\"694\" \/>\n\t<meta property=\"og:image:type\" content=\"image\/jpeg\" \/>\n<meta name=\"twitter:card\" content=\"summary_large_image\" \/>\n<meta name=\"twitter:label1\" content=\"Est. reading time\" \/>\n\t<meta name=\"twitter:data1\" content=\"2 minutes\" \/>\n<script type=\"application\/ld+json\" class=\"yoast-schema-graph\">{\"@context\":\"https:\/\/schema.org\",\"@graph\":[{\"@type\":\"WebPage\",\"@id\":\"https:\/\/www.axiomams.eu\/lv\/produktas\/hioki-lr8102-datu-registrators\",\"url\":\"https:\/\/www.axiomams.eu\/lv\/produktas\/hioki-lr8102-datu-registrators\",\"name\":\"HIOKI LR8102 datu re\u0123istrators - AXIOMA MS\",\"isPartOf\":{\"@id\":\"https:\/\/www.axiomams.eu\/lv#website\"},\"primaryImageOfPage\":{\"@id\":\"https:\/\/www.axiomams.eu\/lv\/produktas\/hioki-lr8102-datu-registrators#primaryimage\"},\"image\":{\"@id\":\"https:\/\/www.axiomams.eu\/lv\/produktas\/hioki-lr8102-datu-registrators#primaryimage\"},\"thumbnailUrl\":\"https:\/\/www.axiomams.eu\/wp-content\/uploads\/2025\/10\/4669-6170.jpg\",\"datePublished\":\"2025-10-01T11:08:16+00:00\",\"dateModified\":\"2026-03-25T15:00:45+00:00\",\"breadcrumb\":{\"@id\":\"https:\/\/www.axiomams.eu\/lv\/produktas\/hioki-lr8102-datu-registrators#breadcrumb\"},\"inLanguage\":\"lv-LV\",\"potentialAction\":[{\"@type\":\"ReadAction\",\"target\":[\"https:\/\/www.axiomams.eu\/lv\/produktas\/hioki-lr8102-datu-registrators\"]}]},{\"@type\":\"ImageObject\",\"inLanguage\":\"lv-LV\",\"@id\":\"https:\/\/www.axiomams.eu\/lv\/produktas\/hioki-lr8102-datu-registrators#primaryimage\",\"url\":\"https:\/\/www.axiomams.eu\/wp-content\/uploads\/2025\/10\/4669-6170.jpg\",\"contentUrl\":\"https:\/\/www.axiomams.eu\/wp-content\/uploads\/2025\/10\/4669-6170.jpg\",\"width\":694,\"height\":694},{\"@type\":\"BreadcrumbList\",\"@id\":\"https:\/\/www.axiomams.eu\/lv\/produktas\/hioki-lr8102-datu-registrators#breadcrumb\",\"itemListElement\":[{\"@type\":\"ListItem\",\"position\":1,\"name\":\"Home\",\"item\":\"https:\/\/www.axiomams.eu\/lv\"},{\"@type\":\"ListItem\",\"position\":2,\"name\":\"Produkti\",\"item\":\"https:\/\/www.axiomams.eu\/lv\/produkti\"},{\"@type\":\"ListItem\",\"position\":3,\"name\":\"HIOKI LR8102 datu re\u0123istrators\"}]},{\"@type\":\"WebSite\",\"@id\":\"https:\/\/www.axiomams.eu\/lv#website\",\"url\":\"https:\/\/www.axiomams.eu\/lv\",\"name\":\"AXIOMA MS\",\"description\":\"Terrmovizoriai ir matavimo \u012franga\",\"publisher\":{\"@id\":\"https:\/\/www.axiomams.eu\/lv#organization\"},\"potentialAction\":[{\"@type\":\"SearchAction\",\"target\":{\"@type\":\"EntryPoint\",\"urlTemplate\":\"https:\/\/www.axiomams.eu\/lv?s={search_term_string}\"},\"query-input\":{\"@type\":\"PropertyValueSpecification\",\"valueRequired\":true,\"valueName\":\"search_term_string\"}}],\"inLanguage\":\"lv-LV\"},{\"@type\":\"Organization\",\"@id\":\"https:\/\/www.axiomams.eu\/lv#organization\",\"name\":\"AXIOMA MS\",\"url\":\"https:\/\/www.axiomams.eu\/lv\",\"logo\":{\"@type\":\"ImageObject\",\"inLanguage\":\"lv-LV\",\"@id\":\"https:\/\/www.axiomams.eu\/lv#\/schema\/logo\/image\/\",\"url\":\"https:\/\/www.axiomams.eu\/wp-content\/uploads\/2025\/06\/axioma-logo-2.png\",\"contentUrl\":\"https:\/\/www.axiomams.eu\/wp-content\/uploads\/2025\/06\/axioma-logo-2.png\",\"width\":1200,\"height\":1200,\"caption\":\"AXIOMA MS\"},\"image\":{\"@id\":\"https:\/\/www.axiomams.eu\/lv#\/schema\/logo\/image\/\"},\"sameAs\":[\"https:\/\/www.facebook.com\/AxiomaMS\",\"https:\/\/www.linkedin.com\/company\/axiomams\/\"]}]}<\/script>\n<!-- \/ Yoast SEO plugin. -->","yoast_head_json":{"title":"HIOKI LR8102 datu re\u0123istrators - AXIOMA MS","robots":{"index":"index","follow":"follow","max-snippet":"max-snippet:-1","max-image-preview":"max-image-preview:large","max-video-preview":"max-video-preview:-1"},"canonical":"https:\/\/www.axiomams.eu\/lv\/produktas\/hioki-lr8102-datu-registrators","og_locale":"lv_LV","og_type":"article","og_title":"HIOKI LR8102 datu re\u0123istrators - AXIOMA MS","og_description":"Hioki LR8102 datu re\u0123istratori Hioki LR8102 datu re\u0123istratori LR8102 nodro\u0161ina robustus risin\u0101jumus progres\u012bvu akumulatoru sist\u0113mu test\u0113\u0161anai un anal\u012bzei. \u0160ie instrumenti ir izstr\u0101d\u0101ti, lai iztur\u0113tu augstsprieguma vides pras\u012bbas, un tie p\u0101rveido sare\u017e\u0123\u012btus m\u0113r\u012bjumu uzdevumus par efekt\u012bviem un racionaliz\u0113tiem procesiem. Uzlaboti m\u0113r\u012bjumu risin\u0101jumi augstsprieguma elektromobi\u013cu akumulatoriem Att\u012bstoties elektrisko transportl\u012bdzek\u013cu tehnolo\u0123ijai, akumulatoru sist\u0113mas sasniedz augst\u0101kus sprieguma l\u012bme\u0146us, radot...","og_url":"https:\/\/www.axiomams.eu\/lv\/produktas\/hioki-lr8102-datu-registrators","og_site_name":"AXIOMA MS","article_publisher":"https:\/\/www.facebook.com\/AxiomaMS","article_modified_time":"2026-03-25T15:00:45+00:00","og_image":[{"width":694,"height":694,"url":"https:\/\/www.axiomams.eu\/wp-content\/uploads\/2025\/10\/4669-6170.jpg","type":"image\/jpeg"}],"twitter_card":"summary_large_image","twitter_misc":{"Est. reading time":"2 minutes"},"schema":{"@context":"https:\/\/schema.org","@graph":[{"@type":"WebPage","@id":"https:\/\/www.axiomams.eu\/lv\/produktas\/hioki-lr8102-datu-registrators","url":"https:\/\/www.axiomams.eu\/lv\/produktas\/hioki-lr8102-datu-registrators","name":"HIOKI LR8102 datu re\u0123istrators - AXIOMA MS","isPartOf":{"@id":"https:\/\/www.axiomams.eu\/lv#website"},"primaryImageOfPage":{"@id":"https:\/\/www.axiomams.eu\/lv\/produktas\/hioki-lr8102-datu-registrators#primaryimage"},"image":{"@id":"https:\/\/www.axiomams.eu\/lv\/produktas\/hioki-lr8102-datu-registrators#primaryimage"},"thumbnailUrl":"https:\/\/www.axiomams.eu\/wp-content\/uploads\/2025\/10\/4669-6170.jpg","datePublished":"2025-10-01T11:08:16+00:00","dateModified":"2026-03-25T15:00:45+00:00","breadcrumb":{"@id":"https:\/\/www.axiomams.eu\/lv\/produktas\/hioki-lr8102-datu-registrators#breadcrumb"},"inLanguage":"lv-LV","potentialAction":[{"@type":"ReadAction","target":["https:\/\/www.axiomams.eu\/lv\/produktas\/hioki-lr8102-datu-registrators"]}]},{"@type":"ImageObject","inLanguage":"lv-LV","@id":"https:\/\/www.axiomams.eu\/lv\/produktas\/hioki-lr8102-datu-registrators#primaryimage","url":"https:\/\/www.axiomams.eu\/wp-content\/uploads\/2025\/10\/4669-6170.jpg","contentUrl":"https:\/\/www.axiomams.eu\/wp-content\/uploads\/2025\/10\/4669-6170.jpg","width":694,"height":694},{"@type":"BreadcrumbList","@id":"https:\/\/www.axiomams.eu\/lv\/produktas\/hioki-lr8102-datu-registrators#breadcrumb","itemListElement":[{"@type":"ListItem","position":1,"name":"Home","item":"https:\/\/www.axiomams.eu\/lv"},{"@type":"ListItem","position":2,"name":"Produkti","item":"https:\/\/www.axiomams.eu\/lv\/produkti"},{"@type":"ListItem","position":3,"name":"HIOKI LR8102 datu re\u0123istrators"}]},{"@type":"WebSite","@id":"https:\/\/www.axiomams.eu\/lv#website","url":"https:\/\/www.axiomams.eu\/lv","name":"AXIOMA MS","description":"Terrmovizoriai ir matavimo \u012franga","publisher":{"@id":"https:\/\/www.axiomams.eu\/lv#organization"},"potentialAction":[{"@type":"SearchAction","target":{"@type":"EntryPoint","urlTemplate":"https:\/\/www.axiomams.eu\/lv?s={search_term_string}"},"query-input":{"@type":"PropertyValueSpecification","valueRequired":true,"valueName":"search_term_string"}}],"inLanguage":"lv-LV"},{"@type":"Organization","@id":"https:\/\/www.axiomams.eu\/lv#organization","name":"AXIOMA MS","url":"https:\/\/www.axiomams.eu\/lv","logo":{"@type":"ImageObject","inLanguage":"lv-LV","@id":"https:\/\/www.axiomams.eu\/lv#\/schema\/logo\/image\/","url":"https:\/\/www.axiomams.eu\/wp-content\/uploads\/2025\/06\/axioma-logo-2.png","contentUrl":"https:\/\/www.axiomams.eu\/wp-content\/uploads\/2025\/06\/axioma-logo-2.png","width":1200,"height":1200,"caption":"AXIOMA MS"},"image":{"@id":"https:\/\/www.axiomams.eu\/lv#\/schema\/logo\/image\/"},"sameAs":["https:\/\/www.facebook.com\/AxiomaMS","https:\/\/www.linkedin.com\/company\/axiomams\/"]}]}},"_links":{"self":[{"href":"https:\/\/www.axiomams.eu\/lv\/wp-json\/wp\/v2\/product\/39199","targetHints":{"allow":["GET"]}}],"collection":[{"href":"https:\/\/www.axiomams.eu\/lv\/wp-json\/wp\/v2\/product"}],"about":[{"href":"https:\/\/www.axiomams.eu\/lv\/wp-json\/wp\/v2\/types\/product"}],"replies":[{"embeddable":true,"href":"https:\/\/www.axiomams.eu\/lv\/wp-json\/wp\/v2\/comments?post=39199"}],"wp:featuredmedia":[{"embeddable":true,"href":"https:\/\/www.axiomams.eu\/lv\/wp-json\/wp\/v2\/media\/42119"}],"wp:attachment":[{"href":"https:\/\/www.axiomams.eu\/lv\/wp-json\/wp\/v2\/media?parent=39199"}],"wp:term":[{"taxonomy":"product_brand","embeddable":true,"href":"https:\/\/www.axiomams.eu\/lv\/wp-json\/wp\/v2\/product_brand?post=39199"},{"taxonomy":"product_cat","embeddable":true,"href":"https:\/\/www.axiomams.eu\/lv\/wp-json\/wp\/v2\/product_cat?post=39199"},{"taxonomy":"product_tag","embeddable":true,"href":"https:\/\/www.axiomams.eu\/lv\/wp-json\/wp\/v2\/product_tag?post=39199"}],"curies":[{"name":"wp","href":"https:\/\/api.w.org\/{rel}","templated":true}]}}