{"id":39200,"date":"2025-05-15T18:03:17","date_gmt":"2025-05-15T16:03:17","guid":{"rendered":"https:\/\/www.axiomams.eu\/produktas\/hioki-lr8431-20-datu-registretajs"},"modified":"2026-03-25T17:00:46","modified_gmt":"2026-03-25T15:00:46","slug":"hioki-lr8431-20-datu-registretajs","status":"publish","type":"product","link":"https:\/\/www.axiomams.eu\/lv\/produktas\/hioki-lr8431-20-datu-registretajs","title":{"rendered":"HIOKI LR8431-20 Datu re\u0123istr\u0113t\u0101js"},"content":{"rendered":"<p>Hioki LR8431 ir \u0101trgaitas datu re\u0123istr\u0113t\u0101ji sprieguma, temperat\u016bras, impulsu vai rot\u0101cijas sign\u0101lu vair\u0101ku kan\u0101lu ierakst\u012b\u0161anai, nodro\u0161inot piln\u012bgu izol\u0101ciju starp kan\u0101liem un sp\u0113c\u012bgu trok\u0161\u0146u iztur\u012bbu. LR8431 re\u0123istr\u0113 datus ar 10 ms \u0101trumu 10 kan\u0101los vienlaic\u012bgi, un tam ir spilgts kr\u0101sains LCD displejs krist\u0101ldzidru vi\u013c\u0146u formu par\u0101d\u012b\u0161anai.<\/p>\n<p>Standarta komplekts: Hioki LR8431-20, m\u0113r\u012bjumu rokasgr\u0101mata, AC ADAPTER Z1005, USB kabelis, CD-R.<\/p>\n<h3>Tehnisk\u0101 inform\u0101cija:<\/h3>\n<ul>\n<li><a href=\"https:\/\/axiomams.eu\/importer\/export\/attachments\/en\/hioki-hilogger-lr8431-20.pdf\" target=\"_blank\">Hioki HiLOGGER LR8431-20.pdf<\/a><\/li>\n<\/ul>\n","protected":false},"excerpt":{"rendered":"<p>Hioki LR8431 ir \u0101trgaitas datu re\u0123istr\u0113t\u0101ji sprieguma, temperat\u016bras, impulsu vai rot\u0101cijas sign\u0101lu vair\u0101ku kan\u0101lu ierakst\u012b\u0161anai, nodro\u0161inot piln\u012bgu izol\u0101ciju starp kan\u0101liem un sp\u0113c\u012bgu trok\u0161\u0146u iztur\u012bbu. LR8431 re\u0123istr\u0113 datus ar 10 ms \u0101trumu 10 kan\u0101los vienlaic\u012bgi, un tam ir spilgts kr\u0101sains LCD displejs krist\u0101ldzidru vi\u013c\u0146u formu par\u0101d\u012b\u0161anai. Standarta komplekts: Hioki LR8431-20, m\u0113r\u012bjumu rokasgr\u0101mata, AC ADAPTER Z1005, USB&#8230;<\/p>\n","protected":false},"featured_media":42121,"comment_status":"open","ping_status":"closed","template":"","meta":{"_acf_changed":false},"product_brand":[1112],"product_cat":[17725],"product_tag":[],"class_list":{"0":"post-39200","1":"product","2":"type-product","3":"status-publish","4":"has-post-thumbnail","6":"product_brand-hioki","7":"product_cat-datu-registretaji","9":"first","10":"instock","11":"taxable","12":"shipping-taxable","13":"purchasable","14":"product-type-simple"},"acf":[],"yoast_head":"<!-- This site is optimized with the Yoast SEO plugin v27.0 - https:\/\/yoast.com\/product\/yoast-seo-wordpress\/ -->\n<title>HIOKI LR8431-20 Datu re\u0123istr\u0113t\u0101js - AXIOMA MS<\/title>\n<meta name=\"robots\" content=\"index, follow, max-snippet:-1, max-image-preview:large, max-video-preview:-1\" \/>\n<link rel=\"canonical\" href=\"https:\/\/www.axiomams.eu\/lv\/produktas\/hioki-lr8431-20-datu-registretajs\" \/>\n<meta property=\"og:locale\" content=\"lv_LV\" \/>\n<meta property=\"og:type\" content=\"article\" \/>\n<meta property=\"og:title\" content=\"HIOKI LR8431-20 Datu re\u0123istr\u0113t\u0101js - AXIOMA MS\" \/>\n<meta property=\"og:description\" content=\"Hioki LR8431 ir \u0101trgaitas datu re\u0123istr\u0113t\u0101ji sprieguma, temperat\u016bras, impulsu vai rot\u0101cijas sign\u0101lu vair\u0101ku kan\u0101lu ierakst\u012b\u0161anai, nodro\u0161inot piln\u012bgu izol\u0101ciju starp kan\u0101liem un sp\u0113c\u012bgu trok\u0161\u0146u iztur\u012bbu. LR8431 re\u0123istr\u0113 datus ar 10 ms \u0101trumu 10 kan\u0101los vienlaic\u012bgi, un tam ir spilgts kr\u0101sains LCD displejs krist\u0101ldzidru vi\u013c\u0146u formu par\u0101d\u012b\u0161anai. Standarta komplekts: Hioki LR8431-20, m\u0113r\u012bjumu rokasgr\u0101mata, AC ADAPTER Z1005, USB...\" \/>\n<meta property=\"og:url\" content=\"https:\/\/www.axiomams.eu\/lv\/produktas\/hioki-lr8431-20-datu-registretajs\" \/>\n<meta property=\"og:site_name\" content=\"AXIOMA MS\" \/>\n<meta property=\"article:publisher\" content=\"https:\/\/www.facebook.com\/AxiomaMS\" \/>\n<meta property=\"article:modified_time\" content=\"2026-03-25T15:00:46+00:00\" \/>\n<meta property=\"og:image\" content=\"https:\/\/www.axiomams.eu\/wp-content\/uploads\/2025\/07\/2614-3817.jpg\" \/>\n\t<meta property=\"og:image:width\" content=\"1183\" \/>\n\t<meta property=\"og:image:height\" content=\"947\" \/>\n\t<meta property=\"og:image:type\" content=\"image\/jpeg\" \/>\n<meta name=\"twitter:card\" content=\"summary_large_image\" \/>\n<script type=\"application\/ld+json\" class=\"yoast-schema-graph\">{\"@context\":\"https:\/\/schema.org\",\"@graph\":[{\"@type\":\"WebPage\",\"@id\":\"https:\/\/www.axiomams.eu\/lv\/produktas\/hioki-lr8431-20-datu-registretajs\",\"url\":\"https:\/\/www.axiomams.eu\/lv\/produktas\/hioki-lr8431-20-datu-registretajs\",\"name\":\"HIOKI LR8431-20 Datu re\u0123istr\u0113t\u0101js - AXIOMA MS\",\"isPartOf\":{\"@id\":\"https:\/\/www.axiomams.eu\/lv#website\"},\"primaryImageOfPage\":{\"@id\":\"https:\/\/www.axiomams.eu\/lv\/produktas\/hioki-lr8431-20-datu-registretajs#primaryimage\"},\"image\":{\"@id\":\"https:\/\/www.axiomams.eu\/lv\/produktas\/hioki-lr8431-20-datu-registretajs#primaryimage\"},\"thumbnailUrl\":\"https:\/\/www.axiomams.eu\/wp-content\/uploads\/2025\/07\/2614-3817.jpg\",\"datePublished\":\"2025-05-15T16:03:17+00:00\",\"dateModified\":\"2026-03-25T15:00:46+00:00\",\"breadcrumb\":{\"@id\":\"https:\/\/www.axiomams.eu\/lv\/produktas\/hioki-lr8431-20-datu-registretajs#breadcrumb\"},\"inLanguage\":\"lv-LV\",\"potentialAction\":[{\"@type\":\"ReadAction\",\"target\":[\"https:\/\/www.axiomams.eu\/lv\/produktas\/hioki-lr8431-20-datu-registretajs\"]}]},{\"@type\":\"ImageObject\",\"inLanguage\":\"lv-LV\",\"@id\":\"https:\/\/www.axiomams.eu\/lv\/produktas\/hioki-lr8431-20-datu-registretajs#primaryimage\",\"url\":\"https:\/\/www.axiomams.eu\/wp-content\/uploads\/2025\/07\/2614-3817.jpg\",\"contentUrl\":\"https:\/\/www.axiomams.eu\/wp-content\/uploads\/2025\/07\/2614-3817.jpg\",\"width\":1183,\"height\":947},{\"@type\":\"BreadcrumbList\",\"@id\":\"https:\/\/www.axiomams.eu\/lv\/produktas\/hioki-lr8431-20-datu-registretajs#breadcrumb\",\"itemListElement\":[{\"@type\":\"ListItem\",\"position\":1,\"name\":\"Home\",\"item\":\"https:\/\/www.axiomams.eu\/lv\"},{\"@type\":\"ListItem\",\"position\":2,\"name\":\"Produkti\",\"item\":\"https:\/\/www.axiomams.eu\/lv\/produkti\"},{\"@type\":\"ListItem\",\"position\":3,\"name\":\"HIOKI LR8431-20 Datu re\u0123istr\u0113t\u0101js\"}]},{\"@type\":\"WebSite\",\"@id\":\"https:\/\/www.axiomams.eu\/lv#website\",\"url\":\"https:\/\/www.axiomams.eu\/lv\",\"name\":\"AXIOMA MS\",\"description\":\"Terrmovizoriai ir matavimo \u012franga\",\"publisher\":{\"@id\":\"https:\/\/www.axiomams.eu\/lv#organization\"},\"potentialAction\":[{\"@type\":\"SearchAction\",\"target\":{\"@type\":\"EntryPoint\",\"urlTemplate\":\"https:\/\/www.axiomams.eu\/lv?s={search_term_string}\"},\"query-input\":{\"@type\":\"PropertyValueSpecification\",\"valueRequired\":true,\"valueName\":\"search_term_string\"}}],\"inLanguage\":\"lv-LV\"},{\"@type\":\"Organization\",\"@id\":\"https:\/\/www.axiomams.eu\/lv#organization\",\"name\":\"AXIOMA MS\",\"url\":\"https:\/\/www.axiomams.eu\/lv\",\"logo\":{\"@type\":\"ImageObject\",\"inLanguage\":\"lv-LV\",\"@id\":\"https:\/\/www.axiomams.eu\/lv#\/schema\/logo\/image\/\",\"url\":\"https:\/\/www.axiomams.eu\/wp-content\/uploads\/2025\/06\/axioma-logo-2.png\",\"contentUrl\":\"https:\/\/www.axiomams.eu\/wp-content\/uploads\/2025\/06\/axioma-logo-2.png\",\"width\":1200,\"height\":1200,\"caption\":\"AXIOMA MS\"},\"image\":{\"@id\":\"https:\/\/www.axiomams.eu\/lv#\/schema\/logo\/image\/\"},\"sameAs\":[\"https:\/\/www.facebook.com\/AxiomaMS\",\"https:\/\/www.linkedin.com\/company\/axiomams\/\"]}]}<\/script>\n<!-- \/ Yoast SEO plugin. -->","yoast_head_json":{"title":"HIOKI LR8431-20 Datu re\u0123istr\u0113t\u0101js - AXIOMA MS","robots":{"index":"index","follow":"follow","max-snippet":"max-snippet:-1","max-image-preview":"max-image-preview:large","max-video-preview":"max-video-preview:-1"},"canonical":"https:\/\/www.axiomams.eu\/lv\/produktas\/hioki-lr8431-20-datu-registretajs","og_locale":"lv_LV","og_type":"article","og_title":"HIOKI LR8431-20 Datu re\u0123istr\u0113t\u0101js - AXIOMA MS","og_description":"Hioki LR8431 ir \u0101trgaitas datu re\u0123istr\u0113t\u0101ji sprieguma, temperat\u016bras, impulsu vai rot\u0101cijas sign\u0101lu vair\u0101ku kan\u0101lu ierakst\u012b\u0161anai, nodro\u0161inot piln\u012bgu izol\u0101ciju starp kan\u0101liem un sp\u0113c\u012bgu trok\u0161\u0146u iztur\u012bbu. LR8431 re\u0123istr\u0113 datus ar 10 ms \u0101trumu 10 kan\u0101los vienlaic\u012bgi, un tam ir spilgts kr\u0101sains LCD displejs krist\u0101ldzidru vi\u013c\u0146u formu par\u0101d\u012b\u0161anai. Standarta komplekts: Hioki LR8431-20, m\u0113r\u012bjumu rokasgr\u0101mata, AC ADAPTER Z1005, USB...","og_url":"https:\/\/www.axiomams.eu\/lv\/produktas\/hioki-lr8431-20-datu-registretajs","og_site_name":"AXIOMA MS","article_publisher":"https:\/\/www.facebook.com\/AxiomaMS","article_modified_time":"2026-03-25T15:00:46+00:00","og_image":[{"width":1183,"height":947,"url":"https:\/\/www.axiomams.eu\/wp-content\/uploads\/2025\/07\/2614-3817.jpg","type":"image\/jpeg"}],"twitter_card":"summary_large_image","schema":{"@context":"https:\/\/schema.org","@graph":[{"@type":"WebPage","@id":"https:\/\/www.axiomams.eu\/lv\/produktas\/hioki-lr8431-20-datu-registretajs","url":"https:\/\/www.axiomams.eu\/lv\/produktas\/hioki-lr8431-20-datu-registretajs","name":"HIOKI LR8431-20 Datu re\u0123istr\u0113t\u0101js - AXIOMA MS","isPartOf":{"@id":"https:\/\/www.axiomams.eu\/lv#website"},"primaryImageOfPage":{"@id":"https:\/\/www.axiomams.eu\/lv\/produktas\/hioki-lr8431-20-datu-registretajs#primaryimage"},"image":{"@id":"https:\/\/www.axiomams.eu\/lv\/produktas\/hioki-lr8431-20-datu-registretajs#primaryimage"},"thumbnailUrl":"https:\/\/www.axiomams.eu\/wp-content\/uploads\/2025\/07\/2614-3817.jpg","datePublished":"2025-05-15T16:03:17+00:00","dateModified":"2026-03-25T15:00:46+00:00","breadcrumb":{"@id":"https:\/\/www.axiomams.eu\/lv\/produktas\/hioki-lr8431-20-datu-registretajs#breadcrumb"},"inLanguage":"lv-LV","potentialAction":[{"@type":"ReadAction","target":["https:\/\/www.axiomams.eu\/lv\/produktas\/hioki-lr8431-20-datu-registretajs"]}]},{"@type":"ImageObject","inLanguage":"lv-LV","@id":"https:\/\/www.axiomams.eu\/lv\/produktas\/hioki-lr8431-20-datu-registretajs#primaryimage","url":"https:\/\/www.axiomams.eu\/wp-content\/uploads\/2025\/07\/2614-3817.jpg","contentUrl":"https:\/\/www.axiomams.eu\/wp-content\/uploads\/2025\/07\/2614-3817.jpg","width":1183,"height":947},{"@type":"BreadcrumbList","@id":"https:\/\/www.axiomams.eu\/lv\/produktas\/hioki-lr8431-20-datu-registretajs#breadcrumb","itemListElement":[{"@type":"ListItem","position":1,"name":"Home","item":"https:\/\/www.axiomams.eu\/lv"},{"@type":"ListItem","position":2,"name":"Produkti","item":"https:\/\/www.axiomams.eu\/lv\/produkti"},{"@type":"ListItem","position":3,"name":"HIOKI LR8431-20 Datu re\u0123istr\u0113t\u0101js"}]},{"@type":"WebSite","@id":"https:\/\/www.axiomams.eu\/lv#website","url":"https:\/\/www.axiomams.eu\/lv","name":"AXIOMA MS","description":"Terrmovizoriai ir matavimo \u012franga","publisher":{"@id":"https:\/\/www.axiomams.eu\/lv#organization"},"potentialAction":[{"@type":"SearchAction","target":{"@type":"EntryPoint","urlTemplate":"https:\/\/www.axiomams.eu\/lv?s={search_term_string}"},"query-input":{"@type":"PropertyValueSpecification","valueRequired":true,"valueName":"search_term_string"}}],"inLanguage":"lv-LV"},{"@type":"Organization","@id":"https:\/\/www.axiomams.eu\/lv#organization","name":"AXIOMA MS","url":"https:\/\/www.axiomams.eu\/lv","logo":{"@type":"ImageObject","inLanguage":"lv-LV","@id":"https:\/\/www.axiomams.eu\/lv#\/schema\/logo\/image\/","url":"https:\/\/www.axiomams.eu\/wp-content\/uploads\/2025\/06\/axioma-logo-2.png","contentUrl":"https:\/\/www.axiomams.eu\/wp-content\/uploads\/2025\/06\/axioma-logo-2.png","width":1200,"height":1200,"caption":"AXIOMA MS"},"image":{"@id":"https:\/\/www.axiomams.eu\/lv#\/schema\/logo\/image\/"},"sameAs":["https:\/\/www.facebook.com\/AxiomaMS","https:\/\/www.linkedin.com\/company\/axiomams\/"]}]}},"_links":{"self":[{"href":"https:\/\/www.axiomams.eu\/lv\/wp-json\/wp\/v2\/product\/39200","targetHints":{"allow":["GET"]}}],"collection":[{"href":"https:\/\/www.axiomams.eu\/lv\/wp-json\/wp\/v2\/product"}],"about":[{"href":"https:\/\/www.axiomams.eu\/lv\/wp-json\/wp\/v2\/types\/product"}],"replies":[{"embeddable":true,"href":"https:\/\/www.axiomams.eu\/lv\/wp-json\/wp\/v2\/comments?post=39200"}],"wp:featuredmedia":[{"embeddable":true,"href":"https:\/\/www.axiomams.eu\/lv\/wp-json\/wp\/v2\/media\/42121"}],"wp:attachment":[{"href":"https:\/\/www.axiomams.eu\/lv\/wp-json\/wp\/v2\/media?parent=39200"}],"wp:term":[{"taxonomy":"product_brand","embeddable":true,"href":"https:\/\/www.axiomams.eu\/lv\/wp-json\/wp\/v2\/product_brand?post=39200"},{"taxonomy":"product_cat","embeddable":true,"href":"https:\/\/www.axiomams.eu\/lv\/wp-json\/wp\/v2\/product_cat?post=39200"},{"taxonomy":"product_tag","embeddable":true,"href":"https:\/\/www.axiomams.eu\/lv\/wp-json\/wp\/v2\/product_tag?post=39200"}],"curies":[{"name":"wp","href":"https:\/\/api.w.org\/{rel}","templated":true}]}}