{"id":39202,"date":"2025-05-15T18:03:18","date_gmt":"2025-05-15T16:03:18","guid":{"rendered":"https:\/\/www.axiomams.eu\/produktas\/hioki-lr8450-datu-registrators"},"modified":"2026-03-25T17:00:46","modified_gmt":"2026-03-25T15:00:46","slug":"hioki-lr8450-datu-registrators","status":"publish","type":"product","link":"https:\/\/www.axiomams.eu\/lv\/produktas\/hioki-lr8450-datu-registrators","title":{"rendered":"HIOKI LR8450 datu re\u0123istrators"},"content":{"rendered":"<p>Maksim\u0101lais savienojamo modu\u013cu skaits: 4 pievienojamie ieejas modu\u013ci<br \/>\nSavienojamie modu\u013ci (plug-in modu\u013ci): U8550, U8551, U8552, U8553, U8554.<br \/>\nM\u0113r\u012b\u0161anas kan\u0101lu skaits: L\u012bdz 120 ch ar pievienojamiem ieejas modu\u013ciem<br \/>\nIerakst\u012b\u0161anas interv\u0101li: 1 ms*, 2 ms*, 5 ms* (*: var iestat\u012bt tikai tad, ja izmanto 1 ms\/S modu\u013cus), no 10 ms l\u012bdz 1 stundai, 22 izv\u0113les (datu atjauno\u0161anas interv\u0101lu var iestat\u012bt katrai vien\u012bbai.<br \/>\nAtmi\u0146a: SD atmi\u0146as karte\/USB disks (lietot\u0101ja izv\u0113le)<br \/>\nLAN saskarne: 100BASE-TX \/ 1000BASE-T, DHCP, DNS atbalsts,<br \/>\nUSB interfeiss: 2 x USB A 2.0, 1 x USB mini-B.<br \/>\nDisplejs: 7 collu TFT kr\u0101su \u0161\u0137idro krist\u0101lu displejs (WVGA 800 \u00d7 480 pikse\u013cu)<br \/>\nBaro\u0161anas avots: 100 l\u012bdz 240 V mai\u0146str\u0101vas, 50\/60 Hz, 95 VA Maks.<br \/>\nIzm\u0113ri: 272 x 145 x 43 mm<br \/>\nSvars: 1108 g<\/p>\n<p>Standarta komplekts: Komplekt\u0101: \u0101tr\u0101s palai\u0161anas rokasgr\u0101mata, LOGGER lietojumprogrammas disks, USB kabelis, mai\u0146str\u0101vas adapteris Z1014.<\/p>\n<h3>Tehnisk\u0101 inform\u0101cija:<\/h3>\n<ul>\n<li><a href=\"https:\/\/axiomams.eu\/importer\/export\/attachments\/en\/hioki-memory-hilogger-lr8450.pdf\" target=\"_blank\">HIOKI MEMORY HiLOGGER LR8450.pdf<\/a><\/li>\n<\/ul>\n","protected":false},"excerpt":{"rendered":"<p>Maksim\u0101lais savienojamo modu\u013cu skaits: 4 pievienojamie ieejas modu\u013ci Savienojamie modu\u013ci (plug-in modu\u013ci): U8550, U8551, U8552, U8553, U8554. M\u0113r\u012b\u0161anas kan\u0101lu skaits: L\u012bdz 120 ch ar pievienojamiem ieejas modu\u013ciem Ierakst\u012b\u0161anas interv\u0101li: 1 ms*, 2 ms*, 5 ms* (*: var iestat\u012bt tikai tad, ja izmanto 1 ms\/S modu\u013cus), no 10 ms l\u012bdz 1 stundai, 22 izv\u0113les (datu atjauno\u0161anas&#8230;<\/p>\n","protected":false},"featured_media":42125,"comment_status":"open","ping_status":"closed","template":"","meta":{"_acf_changed":false},"product_brand":[1112],"product_cat":[17725],"product_tag":[],"class_list":{"0":"post-39202","1":"product","2":"type-product","3":"status-publish","4":"has-post-thumbnail","6":"product_brand-hioki","7":"product_cat-datu-registretaji","9":"first","10":"instock","11":"taxable","12":"shipping-taxable","13":"purchasable","14":"product-type-simple"},"acf":[],"yoast_head":"<!-- This site is optimized with the Yoast SEO plugin v27.0 - https:\/\/yoast.com\/product\/yoast-seo-wordpress\/ -->\n<title>HIOKI LR8450 datu re\u0123istrators - AXIOMA MS<\/title>\n<meta name=\"robots\" content=\"index, follow, max-snippet:-1, max-image-preview:large, max-video-preview:-1\" \/>\n<link rel=\"canonical\" href=\"https:\/\/www.axiomams.eu\/lv\/produktas\/hioki-lr8450-datu-registrators\" \/>\n<meta property=\"og:locale\" content=\"lv_LV\" \/>\n<meta property=\"og:type\" content=\"article\" \/>\n<meta property=\"og:title\" content=\"HIOKI LR8450 datu re\u0123istrators - AXIOMA MS\" \/>\n<meta property=\"og:description\" content=\"Maksim\u0101lais savienojamo modu\u013cu skaits: 4 pievienojamie ieejas modu\u013ci Savienojamie modu\u013ci (plug-in modu\u013ci): U8550, U8551, U8552, U8553, U8554. M\u0113r\u012b\u0161anas kan\u0101lu skaits: L\u012bdz 120 ch ar pievienojamiem ieejas modu\u013ciem Ierakst\u012b\u0161anas interv\u0101li: 1 ms*, 2 ms*, 5 ms* (*: var iestat\u012bt tikai tad, ja izmanto 1 ms\/S modu\u013cus), no 10 ms l\u012bdz 1 stundai, 22 izv\u0113les (datu atjauno\u0161anas...\" \/>\n<meta property=\"og:url\" content=\"https:\/\/www.axiomams.eu\/lv\/produktas\/hioki-lr8450-datu-registrators\" \/>\n<meta property=\"og:site_name\" content=\"AXIOMA MS\" \/>\n<meta property=\"article:publisher\" content=\"https:\/\/www.facebook.com\/AxiomaMS\" \/>\n<meta property=\"article:modified_time\" content=\"2026-03-25T15:00:46+00:00\" \/>\n<meta property=\"og:image\" content=\"https:\/\/www.axiomams.eu\/wp-content\/uploads\/2025\/07\/3021-4001.jpg\" \/>\n\t<meta property=\"og:image:width\" content=\"1275\" \/>\n\t<meta property=\"og:image:height\" content=\"1020\" \/>\n\t<meta property=\"og:image:type\" content=\"image\/jpeg\" \/>\n<meta name=\"twitter:card\" content=\"summary_large_image\" \/>\n<meta name=\"twitter:label1\" content=\"Est. reading time\" \/>\n\t<meta name=\"twitter:data1\" content=\"1 minute\" \/>\n<script type=\"application\/ld+json\" class=\"yoast-schema-graph\">{\"@context\":\"https:\/\/schema.org\",\"@graph\":[{\"@type\":\"WebPage\",\"@id\":\"https:\/\/www.axiomams.eu\/lv\/produktas\/hioki-lr8450-datu-registrators\",\"url\":\"https:\/\/www.axiomams.eu\/lv\/produktas\/hioki-lr8450-datu-registrators\",\"name\":\"HIOKI LR8450 datu re\u0123istrators - AXIOMA MS\",\"isPartOf\":{\"@id\":\"https:\/\/www.axiomams.eu\/lv#website\"},\"primaryImageOfPage\":{\"@id\":\"https:\/\/www.axiomams.eu\/lv\/produktas\/hioki-lr8450-datu-registrators#primaryimage\"},\"image\":{\"@id\":\"https:\/\/www.axiomams.eu\/lv\/produktas\/hioki-lr8450-datu-registrators#primaryimage\"},\"thumbnailUrl\":\"https:\/\/www.axiomams.eu\/wp-content\/uploads\/2025\/07\/3021-4001.jpg\",\"datePublished\":\"2025-05-15T16:03:18+00:00\",\"dateModified\":\"2026-03-25T15:00:46+00:00\",\"breadcrumb\":{\"@id\":\"https:\/\/www.axiomams.eu\/lv\/produktas\/hioki-lr8450-datu-registrators#breadcrumb\"},\"inLanguage\":\"lv-LV\",\"potentialAction\":[{\"@type\":\"ReadAction\",\"target\":[\"https:\/\/www.axiomams.eu\/lv\/produktas\/hioki-lr8450-datu-registrators\"]}]},{\"@type\":\"ImageObject\",\"inLanguage\":\"lv-LV\",\"@id\":\"https:\/\/www.axiomams.eu\/lv\/produktas\/hioki-lr8450-datu-registrators#primaryimage\",\"url\":\"https:\/\/www.axiomams.eu\/wp-content\/uploads\/2025\/07\/3021-4001.jpg\",\"contentUrl\":\"https:\/\/www.axiomams.eu\/wp-content\/uploads\/2025\/07\/3021-4001.jpg\",\"width\":1275,\"height\":1020},{\"@type\":\"BreadcrumbList\",\"@id\":\"https:\/\/www.axiomams.eu\/lv\/produktas\/hioki-lr8450-datu-registrators#breadcrumb\",\"itemListElement\":[{\"@type\":\"ListItem\",\"position\":1,\"name\":\"Home\",\"item\":\"https:\/\/www.axiomams.eu\/lv\"},{\"@type\":\"ListItem\",\"position\":2,\"name\":\"Produkti\",\"item\":\"https:\/\/www.axiomams.eu\/lv\/produkti\"},{\"@type\":\"ListItem\",\"position\":3,\"name\":\"HIOKI LR8450 datu re\u0123istrators\"}]},{\"@type\":\"WebSite\",\"@id\":\"https:\/\/www.axiomams.eu\/lv#website\",\"url\":\"https:\/\/www.axiomams.eu\/lv\",\"name\":\"AXIOMA MS\",\"description\":\"Terrmovizoriai ir matavimo \u012franga\",\"publisher\":{\"@id\":\"https:\/\/www.axiomams.eu\/lv#organization\"},\"potentialAction\":[{\"@type\":\"SearchAction\",\"target\":{\"@type\":\"EntryPoint\",\"urlTemplate\":\"https:\/\/www.axiomams.eu\/lv?s={search_term_string}\"},\"query-input\":{\"@type\":\"PropertyValueSpecification\",\"valueRequired\":true,\"valueName\":\"search_term_string\"}}],\"inLanguage\":\"lv-LV\"},{\"@type\":\"Organization\",\"@id\":\"https:\/\/www.axiomams.eu\/lv#organization\",\"name\":\"AXIOMA MS\",\"url\":\"https:\/\/www.axiomams.eu\/lv\",\"logo\":{\"@type\":\"ImageObject\",\"inLanguage\":\"lv-LV\",\"@id\":\"https:\/\/www.axiomams.eu\/lv#\/schema\/logo\/image\/\",\"url\":\"https:\/\/www.axiomams.eu\/wp-content\/uploads\/2025\/06\/axioma-logo-2.png\",\"contentUrl\":\"https:\/\/www.axiomams.eu\/wp-content\/uploads\/2025\/06\/axioma-logo-2.png\",\"width\":1200,\"height\":1200,\"caption\":\"AXIOMA MS\"},\"image\":{\"@id\":\"https:\/\/www.axiomams.eu\/lv#\/schema\/logo\/image\/\"},\"sameAs\":[\"https:\/\/www.facebook.com\/AxiomaMS\",\"https:\/\/www.linkedin.com\/company\/axiomams\/\"]}]}<\/script>\n<!-- \/ Yoast SEO plugin. -->","yoast_head_json":{"title":"HIOKI LR8450 datu re\u0123istrators - AXIOMA MS","robots":{"index":"index","follow":"follow","max-snippet":"max-snippet:-1","max-image-preview":"max-image-preview:large","max-video-preview":"max-video-preview:-1"},"canonical":"https:\/\/www.axiomams.eu\/lv\/produktas\/hioki-lr8450-datu-registrators","og_locale":"lv_LV","og_type":"article","og_title":"HIOKI LR8450 datu re\u0123istrators - AXIOMA MS","og_description":"Maksim\u0101lais savienojamo modu\u013cu skaits: 4 pievienojamie ieejas modu\u013ci Savienojamie modu\u013ci (plug-in modu\u013ci): U8550, U8551, U8552, U8553, U8554. M\u0113r\u012b\u0161anas kan\u0101lu skaits: L\u012bdz 120 ch ar pievienojamiem ieejas modu\u013ciem Ierakst\u012b\u0161anas interv\u0101li: 1 ms*, 2 ms*, 5 ms* (*: var iestat\u012bt tikai tad, ja izmanto 1 ms\/S modu\u013cus), no 10 ms l\u012bdz 1 stundai, 22 izv\u0113les (datu atjauno\u0161anas...","og_url":"https:\/\/www.axiomams.eu\/lv\/produktas\/hioki-lr8450-datu-registrators","og_site_name":"AXIOMA MS","article_publisher":"https:\/\/www.facebook.com\/AxiomaMS","article_modified_time":"2026-03-25T15:00:46+00:00","og_image":[{"width":1275,"height":1020,"url":"https:\/\/www.axiomams.eu\/wp-content\/uploads\/2025\/07\/3021-4001.jpg","type":"image\/jpeg"}],"twitter_card":"summary_large_image","twitter_misc":{"Est. reading time":"1 minute"},"schema":{"@context":"https:\/\/schema.org","@graph":[{"@type":"WebPage","@id":"https:\/\/www.axiomams.eu\/lv\/produktas\/hioki-lr8450-datu-registrators","url":"https:\/\/www.axiomams.eu\/lv\/produktas\/hioki-lr8450-datu-registrators","name":"HIOKI LR8450 datu re\u0123istrators - AXIOMA MS","isPartOf":{"@id":"https:\/\/www.axiomams.eu\/lv#website"},"primaryImageOfPage":{"@id":"https:\/\/www.axiomams.eu\/lv\/produktas\/hioki-lr8450-datu-registrators#primaryimage"},"image":{"@id":"https:\/\/www.axiomams.eu\/lv\/produktas\/hioki-lr8450-datu-registrators#primaryimage"},"thumbnailUrl":"https:\/\/www.axiomams.eu\/wp-content\/uploads\/2025\/07\/3021-4001.jpg","datePublished":"2025-05-15T16:03:18+00:00","dateModified":"2026-03-25T15:00:46+00:00","breadcrumb":{"@id":"https:\/\/www.axiomams.eu\/lv\/produktas\/hioki-lr8450-datu-registrators#breadcrumb"},"inLanguage":"lv-LV","potentialAction":[{"@type":"ReadAction","target":["https:\/\/www.axiomams.eu\/lv\/produktas\/hioki-lr8450-datu-registrators"]}]},{"@type":"ImageObject","inLanguage":"lv-LV","@id":"https:\/\/www.axiomams.eu\/lv\/produktas\/hioki-lr8450-datu-registrators#primaryimage","url":"https:\/\/www.axiomams.eu\/wp-content\/uploads\/2025\/07\/3021-4001.jpg","contentUrl":"https:\/\/www.axiomams.eu\/wp-content\/uploads\/2025\/07\/3021-4001.jpg","width":1275,"height":1020},{"@type":"BreadcrumbList","@id":"https:\/\/www.axiomams.eu\/lv\/produktas\/hioki-lr8450-datu-registrators#breadcrumb","itemListElement":[{"@type":"ListItem","position":1,"name":"Home","item":"https:\/\/www.axiomams.eu\/lv"},{"@type":"ListItem","position":2,"name":"Produkti","item":"https:\/\/www.axiomams.eu\/lv\/produkti"},{"@type":"ListItem","position":3,"name":"HIOKI LR8450 datu re\u0123istrators"}]},{"@type":"WebSite","@id":"https:\/\/www.axiomams.eu\/lv#website","url":"https:\/\/www.axiomams.eu\/lv","name":"AXIOMA MS","description":"Terrmovizoriai ir matavimo \u012franga","publisher":{"@id":"https:\/\/www.axiomams.eu\/lv#organization"},"potentialAction":[{"@type":"SearchAction","target":{"@type":"EntryPoint","urlTemplate":"https:\/\/www.axiomams.eu\/lv?s={search_term_string}"},"query-input":{"@type":"PropertyValueSpecification","valueRequired":true,"valueName":"search_term_string"}}],"inLanguage":"lv-LV"},{"@type":"Organization","@id":"https:\/\/www.axiomams.eu\/lv#organization","name":"AXIOMA MS","url":"https:\/\/www.axiomams.eu\/lv","logo":{"@type":"ImageObject","inLanguage":"lv-LV","@id":"https:\/\/www.axiomams.eu\/lv#\/schema\/logo\/image\/","url":"https:\/\/www.axiomams.eu\/wp-content\/uploads\/2025\/06\/axioma-logo-2.png","contentUrl":"https:\/\/www.axiomams.eu\/wp-content\/uploads\/2025\/06\/axioma-logo-2.png","width":1200,"height":1200,"caption":"AXIOMA MS"},"image":{"@id":"https:\/\/www.axiomams.eu\/lv#\/schema\/logo\/image\/"},"sameAs":["https:\/\/www.facebook.com\/AxiomaMS","https:\/\/www.linkedin.com\/company\/axiomams\/"]}]}},"_links":{"self":[{"href":"https:\/\/www.axiomams.eu\/lv\/wp-json\/wp\/v2\/product\/39202","targetHints":{"allow":["GET"]}}],"collection":[{"href":"https:\/\/www.axiomams.eu\/lv\/wp-json\/wp\/v2\/product"}],"about":[{"href":"https:\/\/www.axiomams.eu\/lv\/wp-json\/wp\/v2\/types\/product"}],"replies":[{"embeddable":true,"href":"https:\/\/www.axiomams.eu\/lv\/wp-json\/wp\/v2\/comments?post=39202"}],"wp:featuredmedia":[{"embeddable":true,"href":"https:\/\/www.axiomams.eu\/lv\/wp-json\/wp\/v2\/media\/42125"}],"wp:attachment":[{"href":"https:\/\/www.axiomams.eu\/lv\/wp-json\/wp\/v2\/media?parent=39202"}],"wp:term":[{"taxonomy":"product_brand","embeddable":true,"href":"https:\/\/www.axiomams.eu\/lv\/wp-json\/wp\/v2\/product_brand?post=39202"},{"taxonomy":"product_cat","embeddable":true,"href":"https:\/\/www.axiomams.eu\/lv\/wp-json\/wp\/v2\/product_cat?post=39202"},{"taxonomy":"product_tag","embeddable":true,"href":"https:\/\/www.axiomams.eu\/lv\/wp-json\/wp\/v2\/product_tag?post=39202"}],"curies":[{"name":"wp","href":"https:\/\/api.w.org\/{rel}","templated":true}]}}