{"id":39207,"date":"2025-05-15T18:02:40","date_gmt":"2025-05-15T16:02:40","guid":{"rendered":"https:\/\/www.axiomams.eu\/produktas\/metrel-ma-2067-demonstracijas-plate"},"modified":"2026-03-25T17:00:49","modified_gmt":"2026-03-25T15:00:49","slug":"metrel-ma-2067-demonstracijas-plate","status":"publish","type":"product","link":"https:\/\/www.axiomams.eu\/lv\/produktas\/metrel-ma-2067-demonstracijas-plate","title":{"rendered":"Metrel MA 2067 demonstr\u0101cijas plate"},"content":{"rendered":"<p>Demonstr\u0101cijas d\u0113lis MA 2067 nodro\u0161ina r\u016bpniecisko un dz\u012bvojamo \u0113ku elektroinstal\u0101ciju uzskat\u0101mu att\u0113lojumu, boj\u0101jumu simul\u0101ciju un to lokaliz\u0101ciju, k\u0101 ar\u012b instal\u0101ciju test\u0113\u0161anu, izmantojot piem\u0113rotus instrumentus. Taj\u0101 ir iek\u013cauti visi noz\u012bm\u012bg\u0101kie elektroinstal\u0101ciju elementi, piem\u0113ram, dro\u0161in\u0101t\u0101ji, FI aizsardz\u012bbas sl\u0113d\u017ei, rozetes, da\u017e\u0101di elektroener\u0123ijas pat\u0113r\u0113t\u0101ji un da\u017e\u0101das zem\u0113juma sist\u0113mas (TT, TN, IT).<br \/>\nUz t\u0101feles var veikt 65 da\u017e\u0101dus m\u0113r\u012bjumus. Izmantojot ieb\u016bv\u0113to boj\u0101jumu simulatoru, var demonstr\u0113t da\u017e\u0101dus elektroinstal\u0101ciju un piesl\u0113gto pat\u0113r\u0113t\u0101ju boj\u0101jumus. Kop\u0113jais pieejamo boj\u0101jumu kombin\u0101ciju skaits ir 19.<br \/>\nMatavimo standartai:<br \/>\nEN 61010-1 (dro\u0161\u012bbas)<br \/>\nEN 50081-1 (EMC)<br \/>\nEN 50082-1 (EMC)<\/p>\n<p>Standartu komplekts: Demonstr\u0101cijas plate MA 2067, d\u017eemperis (x4), demonstr\u0101cijas plates balsts (vertik\u0101lai lieto\u0161anai), vienf\u0101zes saska\u0146o\u0161anas kabelis, lieto\u0161anas instrukcija.<\/p>\n<h3>Tehnisk\u0101 inform\u0101cija:<\/h3>\n<ul>\n<li><a href=\"https:\/\/axiomams.eu\/importer\/export\/attachments\/en\/ma-2067-demonstration-board.pdf\" target=\"_blank\">MA 2067 Demonstration Board.pdf<\/a><\/li>\n<\/ul>\n","protected":false},"excerpt":{"rendered":"<p>Demonstr\u0101cijas d\u0113lis MA 2067 nodro\u0161ina r\u016bpniecisko un dz\u012bvojamo \u0113ku elektroinstal\u0101ciju uzskat\u0101mu att\u0113lojumu, boj\u0101jumu simul\u0101ciju un to lokaliz\u0101ciju, k\u0101 ar\u012b instal\u0101ciju test\u0113\u0161anu, izmantojot piem\u0113rotus instrumentus. Taj\u0101 ir iek\u013cauti visi noz\u012bm\u012bg\u0101kie elektroinstal\u0101ciju elementi, piem\u0113ram, dro\u0161in\u0101t\u0101ji, FI aizsardz\u012bbas sl\u0113d\u017ei, rozetes, da\u017e\u0101di elektroener\u0123ijas pat\u0113r\u0113t\u0101ji un da\u017e\u0101das zem\u0113juma sist\u0113mas (TT, TN, IT). Uz t\u0101feles var veikt 65 da\u017e\u0101dus m\u0113r\u012bjumus. Izmantojot&#8230;<\/p>\n","protected":false},"featured_media":42135,"comment_status":"open","ping_status":"closed","template":"","meta":{"_acf_changed":false},"product_brand":[732],"product_cat":[17756],"product_tag":[],"class_list":{"0":"post-39207","1":"product","2":"type-product","3":"status-publish","4":"has-post-thumbnail","6":"product_brand-metrel","7":"product_cat-izglitibas-stendi","9":"first","10":"instock","11":"taxable","12":"shipping-taxable","13":"purchasable","14":"product-type-simple"},"acf":[],"yoast_head":"<!-- This site is optimized with the Yoast SEO plugin v27.0 - https:\/\/yoast.com\/product\/yoast-seo-wordpress\/ -->\n<title>Metrel MA 2067 demonstr\u0101cijas plate - AXIOMA MS<\/title>\n<meta name=\"robots\" content=\"index, follow, max-snippet:-1, max-image-preview:large, max-video-preview:-1\" \/>\n<link rel=\"canonical\" href=\"https:\/\/www.axiomams.eu\/lv\/produktas\/metrel-ma-2067-demonstracijas-plate\" \/>\n<meta property=\"og:locale\" content=\"lv_LV\" \/>\n<meta property=\"og:type\" content=\"article\" \/>\n<meta property=\"og:title\" content=\"Metrel MA 2067 demonstr\u0101cijas plate - AXIOMA MS\" \/>\n<meta property=\"og:description\" content=\"Demonstr\u0101cijas d\u0113lis MA 2067 nodro\u0161ina r\u016bpniecisko un dz\u012bvojamo \u0113ku elektroinstal\u0101ciju uzskat\u0101mu att\u0113lojumu, boj\u0101jumu simul\u0101ciju un to lokaliz\u0101ciju, k\u0101 ar\u012b instal\u0101ciju test\u0113\u0161anu, izmantojot piem\u0113rotus instrumentus. Taj\u0101 ir iek\u013cauti visi noz\u012bm\u012bg\u0101kie elektroinstal\u0101ciju elementi, piem\u0113ram, dro\u0161in\u0101t\u0101ji, FI aizsardz\u012bbas sl\u0113d\u017ei, rozetes, da\u017e\u0101di elektroener\u0123ijas pat\u0113r\u0113t\u0101ji un da\u017e\u0101das zem\u0113juma sist\u0113mas (TT, TN, IT). Uz t\u0101feles var veikt 65 da\u017e\u0101dus m\u0113r\u012bjumus. Izmantojot...\" \/>\n<meta property=\"og:url\" content=\"https:\/\/www.axiomams.eu\/lv\/produktas\/metrel-ma-2067-demonstracijas-plate\" \/>\n<meta property=\"og:site_name\" content=\"AXIOMA MS\" \/>\n<meta property=\"article:publisher\" content=\"https:\/\/www.facebook.com\/AxiomaMS\" \/>\n<meta property=\"article:modified_time\" content=\"2026-03-25T15:00:49+00:00\" \/>\n<meta property=\"og:image\" content=\"https:\/\/www.axiomams.eu\/wp-content\/uploads\/2025\/07\/408-551.jpeg\" \/>\n\t<meta property=\"og:image:width\" content=\"600\" \/>\n\t<meta property=\"og:image:height\" content=\"600\" \/>\n\t<meta property=\"og:image:type\" content=\"image\/jpeg\" \/>\n<meta name=\"twitter:card\" content=\"summary_large_image\" \/>\n<meta name=\"twitter:label1\" content=\"Est. reading time\" \/>\n\t<meta name=\"twitter:data1\" content=\"1 minute\" \/>\n<script type=\"application\/ld+json\" class=\"yoast-schema-graph\">{\"@context\":\"https:\/\/schema.org\",\"@graph\":[{\"@type\":\"WebPage\",\"@id\":\"https:\/\/www.axiomams.eu\/lv\/produktas\/metrel-ma-2067-demonstracijas-plate\",\"url\":\"https:\/\/www.axiomams.eu\/lv\/produktas\/metrel-ma-2067-demonstracijas-plate\",\"name\":\"Metrel MA 2067 demonstr\u0101cijas plate - AXIOMA MS\",\"isPartOf\":{\"@id\":\"https:\/\/www.axiomams.eu\/lv#website\"},\"primaryImageOfPage\":{\"@id\":\"https:\/\/www.axiomams.eu\/lv\/produktas\/metrel-ma-2067-demonstracijas-plate#primaryimage\"},\"image\":{\"@id\":\"https:\/\/www.axiomams.eu\/lv\/produktas\/metrel-ma-2067-demonstracijas-plate#primaryimage\"},\"thumbnailUrl\":\"https:\/\/www.axiomams.eu\/wp-content\/uploads\/2025\/07\/408-551.jpeg\",\"datePublished\":\"2025-05-15T16:02:40+00:00\",\"dateModified\":\"2026-03-25T15:00:49+00:00\",\"breadcrumb\":{\"@id\":\"https:\/\/www.axiomams.eu\/lv\/produktas\/metrel-ma-2067-demonstracijas-plate#breadcrumb\"},\"inLanguage\":\"lv-LV\",\"potentialAction\":[{\"@type\":\"ReadAction\",\"target\":[\"https:\/\/www.axiomams.eu\/lv\/produktas\/metrel-ma-2067-demonstracijas-plate\"]}]},{\"@type\":\"ImageObject\",\"inLanguage\":\"lv-LV\",\"@id\":\"https:\/\/www.axiomams.eu\/lv\/produktas\/metrel-ma-2067-demonstracijas-plate#primaryimage\",\"url\":\"https:\/\/www.axiomams.eu\/wp-content\/uploads\/2025\/07\/408-551.jpeg\",\"contentUrl\":\"https:\/\/www.axiomams.eu\/wp-content\/uploads\/2025\/07\/408-551.jpeg\",\"width\":600,\"height\":600},{\"@type\":\"BreadcrumbList\",\"@id\":\"https:\/\/www.axiomams.eu\/lv\/produktas\/metrel-ma-2067-demonstracijas-plate#breadcrumb\",\"itemListElement\":[{\"@type\":\"ListItem\",\"position\":1,\"name\":\"Home\",\"item\":\"https:\/\/www.axiomams.eu\/lv\"},{\"@type\":\"ListItem\",\"position\":2,\"name\":\"Produkti\",\"item\":\"https:\/\/www.axiomams.eu\/lv\/produkti\"},{\"@type\":\"ListItem\",\"position\":3,\"name\":\"Metrel MA 2067 demonstr\u0101cijas plate\"}]},{\"@type\":\"WebSite\",\"@id\":\"https:\/\/www.axiomams.eu\/lv#website\",\"url\":\"https:\/\/www.axiomams.eu\/lv\",\"name\":\"AXIOMA MS\",\"description\":\"\",\"publisher\":{\"@id\":\"https:\/\/www.axiomams.eu\/lv#organization\"},\"potentialAction\":[{\"@type\":\"SearchAction\",\"target\":{\"@type\":\"EntryPoint\",\"urlTemplate\":\"https:\/\/www.axiomams.eu\/lv?s={search_term_string}\"},\"query-input\":{\"@type\":\"PropertyValueSpecification\",\"valueRequired\":true,\"valueName\":\"search_term_string\"}}],\"inLanguage\":\"lv-LV\"},{\"@type\":\"Organization\",\"@id\":\"https:\/\/www.axiomams.eu\/lv#organization\",\"name\":\"AXIOMA MS\",\"url\":\"https:\/\/www.axiomams.eu\/lv\",\"logo\":{\"@type\":\"ImageObject\",\"inLanguage\":\"lv-LV\",\"@id\":\"https:\/\/www.axiomams.eu\/lv#\/schema\/logo\/image\/\",\"url\":\"https:\/\/www.axiomams.eu\/wp-content\/uploads\/2025\/06\/axioma-logo-2.png\",\"contentUrl\":\"https:\/\/www.axiomams.eu\/wp-content\/uploads\/2025\/06\/axioma-logo-2.png\",\"width\":1200,\"height\":1200,\"caption\":\"AXIOMA MS\"},\"image\":{\"@id\":\"https:\/\/www.axiomams.eu\/lv#\/schema\/logo\/image\/\"},\"sameAs\":[\"https:\/\/www.facebook.com\/AxiomaMS\",\"https:\/\/www.linkedin.com\/company\/axiomams\/\"]}]}<\/script>\n<!-- \/ Yoast SEO plugin. -->","yoast_head_json":{"title":"Metrel MA 2067 demonstr\u0101cijas plate - AXIOMA MS","robots":{"index":"index","follow":"follow","max-snippet":"max-snippet:-1","max-image-preview":"max-image-preview:large","max-video-preview":"max-video-preview:-1"},"canonical":"https:\/\/www.axiomams.eu\/lv\/produktas\/metrel-ma-2067-demonstracijas-plate","og_locale":"lv_LV","og_type":"article","og_title":"Metrel MA 2067 demonstr\u0101cijas plate - AXIOMA MS","og_description":"Demonstr\u0101cijas d\u0113lis MA 2067 nodro\u0161ina r\u016bpniecisko un dz\u012bvojamo \u0113ku elektroinstal\u0101ciju uzskat\u0101mu att\u0113lojumu, boj\u0101jumu simul\u0101ciju un to lokaliz\u0101ciju, k\u0101 ar\u012b instal\u0101ciju test\u0113\u0161anu, izmantojot piem\u0113rotus instrumentus. Taj\u0101 ir iek\u013cauti visi noz\u012bm\u012bg\u0101kie elektroinstal\u0101ciju elementi, piem\u0113ram, dro\u0161in\u0101t\u0101ji, FI aizsardz\u012bbas sl\u0113d\u017ei, rozetes, da\u017e\u0101di elektroener\u0123ijas pat\u0113r\u0113t\u0101ji un da\u017e\u0101das zem\u0113juma sist\u0113mas (TT, TN, IT). Uz t\u0101feles var veikt 65 da\u017e\u0101dus m\u0113r\u012bjumus. Izmantojot...","og_url":"https:\/\/www.axiomams.eu\/lv\/produktas\/metrel-ma-2067-demonstracijas-plate","og_site_name":"AXIOMA MS","article_publisher":"https:\/\/www.facebook.com\/AxiomaMS","article_modified_time":"2026-03-25T15:00:49+00:00","og_image":[{"width":600,"height":600,"url":"https:\/\/www.axiomams.eu\/wp-content\/uploads\/2025\/07\/408-551.jpeg","type":"image\/jpeg"}],"twitter_card":"summary_large_image","twitter_misc":{"Est. reading time":"1 minute"},"schema":{"@context":"https:\/\/schema.org","@graph":[{"@type":"WebPage","@id":"https:\/\/www.axiomams.eu\/lv\/produktas\/metrel-ma-2067-demonstracijas-plate","url":"https:\/\/www.axiomams.eu\/lv\/produktas\/metrel-ma-2067-demonstracijas-plate","name":"Metrel MA 2067 demonstr\u0101cijas plate - AXIOMA MS","isPartOf":{"@id":"https:\/\/www.axiomams.eu\/lv#website"},"primaryImageOfPage":{"@id":"https:\/\/www.axiomams.eu\/lv\/produktas\/metrel-ma-2067-demonstracijas-plate#primaryimage"},"image":{"@id":"https:\/\/www.axiomams.eu\/lv\/produktas\/metrel-ma-2067-demonstracijas-plate#primaryimage"},"thumbnailUrl":"https:\/\/www.axiomams.eu\/wp-content\/uploads\/2025\/07\/408-551.jpeg","datePublished":"2025-05-15T16:02:40+00:00","dateModified":"2026-03-25T15:00:49+00:00","breadcrumb":{"@id":"https:\/\/www.axiomams.eu\/lv\/produktas\/metrel-ma-2067-demonstracijas-plate#breadcrumb"},"inLanguage":"lv-LV","potentialAction":[{"@type":"ReadAction","target":["https:\/\/www.axiomams.eu\/lv\/produktas\/metrel-ma-2067-demonstracijas-plate"]}]},{"@type":"ImageObject","inLanguage":"lv-LV","@id":"https:\/\/www.axiomams.eu\/lv\/produktas\/metrel-ma-2067-demonstracijas-plate#primaryimage","url":"https:\/\/www.axiomams.eu\/wp-content\/uploads\/2025\/07\/408-551.jpeg","contentUrl":"https:\/\/www.axiomams.eu\/wp-content\/uploads\/2025\/07\/408-551.jpeg","width":600,"height":600},{"@type":"BreadcrumbList","@id":"https:\/\/www.axiomams.eu\/lv\/produktas\/metrel-ma-2067-demonstracijas-plate#breadcrumb","itemListElement":[{"@type":"ListItem","position":1,"name":"Home","item":"https:\/\/www.axiomams.eu\/lv"},{"@type":"ListItem","position":2,"name":"Produkti","item":"https:\/\/www.axiomams.eu\/lv\/produkti"},{"@type":"ListItem","position":3,"name":"Metrel MA 2067 demonstr\u0101cijas plate"}]},{"@type":"WebSite","@id":"https:\/\/www.axiomams.eu\/lv#website","url":"https:\/\/www.axiomams.eu\/lv","name":"AXIOMA MS","description":"","publisher":{"@id":"https:\/\/www.axiomams.eu\/lv#organization"},"potentialAction":[{"@type":"SearchAction","target":{"@type":"EntryPoint","urlTemplate":"https:\/\/www.axiomams.eu\/lv?s={search_term_string}"},"query-input":{"@type":"PropertyValueSpecification","valueRequired":true,"valueName":"search_term_string"}}],"inLanguage":"lv-LV"},{"@type":"Organization","@id":"https:\/\/www.axiomams.eu\/lv#organization","name":"AXIOMA MS","url":"https:\/\/www.axiomams.eu\/lv","logo":{"@type":"ImageObject","inLanguage":"lv-LV","@id":"https:\/\/www.axiomams.eu\/lv#\/schema\/logo\/image\/","url":"https:\/\/www.axiomams.eu\/wp-content\/uploads\/2025\/06\/axioma-logo-2.png","contentUrl":"https:\/\/www.axiomams.eu\/wp-content\/uploads\/2025\/06\/axioma-logo-2.png","width":1200,"height":1200,"caption":"AXIOMA MS"},"image":{"@id":"https:\/\/www.axiomams.eu\/lv#\/schema\/logo\/image\/"},"sameAs":["https:\/\/www.facebook.com\/AxiomaMS","https:\/\/www.linkedin.com\/company\/axiomams\/"]}]}},"_links":{"self":[{"href":"https:\/\/www.axiomams.eu\/lv\/wp-json\/wp\/v2\/product\/39207","targetHints":{"allow":["GET"]}}],"collection":[{"href":"https:\/\/www.axiomams.eu\/lv\/wp-json\/wp\/v2\/product"}],"about":[{"href":"https:\/\/www.axiomams.eu\/lv\/wp-json\/wp\/v2\/types\/product"}],"replies":[{"embeddable":true,"href":"https:\/\/www.axiomams.eu\/lv\/wp-json\/wp\/v2\/comments?post=39207"}],"wp:featuredmedia":[{"embeddable":true,"href":"https:\/\/www.axiomams.eu\/lv\/wp-json\/wp\/v2\/media\/42135"}],"wp:attachment":[{"href":"https:\/\/www.axiomams.eu\/lv\/wp-json\/wp\/v2\/media?parent=39207"}],"wp:term":[{"taxonomy":"product_brand","embeddable":true,"href":"https:\/\/www.axiomams.eu\/lv\/wp-json\/wp\/v2\/product_brand?post=39207"},{"taxonomy":"product_cat","embeddable":true,"href":"https:\/\/www.axiomams.eu\/lv\/wp-json\/wp\/v2\/product_cat?post=39207"},{"taxonomy":"product_tag","embeddable":true,"href":"https:\/\/www.axiomams.eu\/lv\/wp-json\/wp\/v2\/product_tag?post=39207"}],"curies":[{"name":"wp","href":"https:\/\/api.w.org\/{rel}","templated":true}]}}