{"id":39211,"date":"2025-05-15T18:02:50","date_gmt":"2025-05-15T16:02:50","guid":{"rendered":"https:\/\/www.axiomams.eu\/produktas\/radiodetection-maggie-magnetiskais-lokators"},"modified":"2026-03-25T17:00:49","modified_gmt":"2026-03-25T15:00:49","slug":"radiodetection-maggie-magnetiskais-lokators","status":"publish","type":"product","link":"https:\/\/www.axiomams.eu\/lv\/produktas\/radiodetection-maggie-magnetiskais-lokators","title":{"rendered":"Radiodetection MAGGIE magn\u0113tiskais lokators"},"content":{"rendered":"<p>Radiodetection Maggie ir iztur\u012bgs, kompakts un viegli kopjams magn\u0113tiskais lokators, kas apvieno jut\u012bbu un precizit\u0101ti ar vienas rokas vad\u012bbu un vizu\u0101lu displeju. Papla\u0161ino\u0161\u0101 joslu diagramma nor\u0101da polarit\u0101ti (pozit\u012bva vai negat\u012bva) un relat\u012bvo sign\u0101la stiprumu. Teleskopisk\u0101 konstrukcija \u013cauj lietot\u0101jiem piel\u0101got ier\u012bci v\u0113lamajam garumam.<\/p>\n<p>Standarta komplekts: Radiodetektors Maggie, m\u012bksts futr\u0101lis.<\/p>\n<h3>Tehnisk\u0101 inform\u0101cija:<\/h3>\n<ul>\n<li><a href=\"https:\/\/axiomams.eu\/importer\/export\/attachments\/en\/radiodetection-maggie.pdf\" target=\"_blank\">Radiodetection MAGGIE.pdf<\/a><\/li>\n<\/ul>\n","protected":false},"excerpt":{"rendered":"<p>Radiodetection Maggie ir iztur\u012bgs, kompakts un viegli kopjams magn\u0113tiskais lokators, kas apvieno jut\u012bbu un precizit\u0101ti ar vienas rokas vad\u012bbu un vizu\u0101lu displeju. Papla\u0161ino\u0161\u0101 joslu diagramma nor\u0101da polarit\u0101ti (pozit\u012bva vai negat\u012bva) un relat\u012bvo sign\u0101la stiprumu. Teleskopisk\u0101 konstrukcija \u013cauj lietot\u0101jiem piel\u0101got ier\u012bci v\u0113lamajam garumam. Standarta komplekts: Radiodetektors Maggie, m\u012bksts futr\u0101lis. Tehnisk\u0101 inform\u0101cija: Radiodetection MAGGIE.pdf<\/p>\n","protected":false},"featured_media":42143,"comment_status":"open","ping_status":"closed","template":"","meta":{"_acf_changed":false},"product_brand":[730],"product_cat":[17740],"product_tag":[],"class_list":{"0":"post-39211","1":"product","2":"type-product","3":"status-publish","4":"has-post-thumbnail","6":"product_brand-radiodetection","7":"product_cat-georadari-un-pazemes-komunikaciju-lokatori","9":"first","10":"instock","11":"taxable","12":"shipping-taxable","13":"purchasable","14":"product-type-simple"},"acf":[],"yoast_head":"<!-- This site is optimized with the Yoast SEO plugin v27.0 - https:\/\/yoast.com\/product\/yoast-seo-wordpress\/ -->\n<title>Radiodetection MAGGIE magn\u0113tiskais lokators - AXIOMA MS<\/title>\n<meta name=\"robots\" content=\"index, follow, max-snippet:-1, max-image-preview:large, max-video-preview:-1\" \/>\n<link rel=\"canonical\" href=\"https:\/\/www.axiomams.eu\/lv\/produktas\/radiodetection-maggie-magnetiskais-lokators\" \/>\n<meta property=\"og:locale\" content=\"lv_LV\" \/>\n<meta property=\"og:type\" content=\"article\" \/>\n<meta property=\"og:title\" content=\"Radiodetection MAGGIE magn\u0113tiskais lokators - AXIOMA MS\" \/>\n<meta property=\"og:description\" content=\"Radiodetection Maggie ir iztur\u012bgs, kompakts un viegli kopjams magn\u0113tiskais lokators, kas apvieno jut\u012bbu un precizit\u0101ti ar vienas rokas vad\u012bbu un vizu\u0101lu displeju. Papla\u0161ino\u0161\u0101 joslu diagramma nor\u0101da polarit\u0101ti (pozit\u012bva vai negat\u012bva) un relat\u012bvo sign\u0101la stiprumu. Teleskopisk\u0101 konstrukcija \u013cauj lietot\u0101jiem piel\u0101got ier\u012bci v\u0113lamajam garumam. Standarta komplekts: Radiodetektors Maggie, m\u012bksts futr\u0101lis. Tehnisk\u0101 inform\u0101cija: Radiodetection MAGGIE.pdf\" \/>\n<meta property=\"og:url\" content=\"https:\/\/www.axiomams.eu\/lv\/produktas\/radiodetection-maggie-magnetiskais-lokators\" \/>\n<meta property=\"og:site_name\" content=\"AXIOMA MS\" \/>\n<meta property=\"article:publisher\" content=\"https:\/\/www.facebook.com\/AxiomaMS\" \/>\n<meta property=\"article:modified_time\" content=\"2026-03-25T15:00:49+00:00\" \/>\n<meta property=\"og:image\" content=\"https:\/\/www.axiomams.eu\/wp-content\/uploads\/2025\/07\/3060-4055.jpg\" \/>\n\t<meta property=\"og:image:width\" content=\"1020\" \/>\n\t<meta property=\"og:image:height\" content=\"1020\" \/>\n\t<meta property=\"og:image:type\" content=\"image\/jpeg\" \/>\n<meta name=\"twitter:card\" content=\"summary_large_image\" \/>\n<script type=\"application\/ld+json\" class=\"yoast-schema-graph\">{\"@context\":\"https:\/\/schema.org\",\"@graph\":[{\"@type\":\"WebPage\",\"@id\":\"https:\/\/www.axiomams.eu\/lv\/produktas\/radiodetection-maggie-magnetiskais-lokators\",\"url\":\"https:\/\/www.axiomams.eu\/lv\/produktas\/radiodetection-maggie-magnetiskais-lokators\",\"name\":\"Radiodetection MAGGIE magn\u0113tiskais lokators - AXIOMA MS\",\"isPartOf\":{\"@id\":\"https:\/\/www.axiomams.eu\/lv#website\"},\"primaryImageOfPage\":{\"@id\":\"https:\/\/www.axiomams.eu\/lv\/produktas\/radiodetection-maggie-magnetiskais-lokators#primaryimage\"},\"image\":{\"@id\":\"https:\/\/www.axiomams.eu\/lv\/produktas\/radiodetection-maggie-magnetiskais-lokators#primaryimage\"},\"thumbnailUrl\":\"https:\/\/www.axiomams.eu\/wp-content\/uploads\/2025\/07\/3060-4055.jpg\",\"datePublished\":\"2025-05-15T16:02:50+00:00\",\"dateModified\":\"2026-03-25T15:00:49+00:00\",\"breadcrumb\":{\"@id\":\"https:\/\/www.axiomams.eu\/lv\/produktas\/radiodetection-maggie-magnetiskais-lokators#breadcrumb\"},\"inLanguage\":\"lv-LV\",\"potentialAction\":[{\"@type\":\"ReadAction\",\"target\":[\"https:\/\/www.axiomams.eu\/lv\/produktas\/radiodetection-maggie-magnetiskais-lokators\"]}]},{\"@type\":\"ImageObject\",\"inLanguage\":\"lv-LV\",\"@id\":\"https:\/\/www.axiomams.eu\/lv\/produktas\/radiodetection-maggie-magnetiskais-lokators#primaryimage\",\"url\":\"https:\/\/www.axiomams.eu\/wp-content\/uploads\/2025\/07\/3060-4055.jpg\",\"contentUrl\":\"https:\/\/www.axiomams.eu\/wp-content\/uploads\/2025\/07\/3060-4055.jpg\",\"width\":1020,\"height\":1020},{\"@type\":\"BreadcrumbList\",\"@id\":\"https:\/\/www.axiomams.eu\/lv\/produktas\/radiodetection-maggie-magnetiskais-lokators#breadcrumb\",\"itemListElement\":[{\"@type\":\"ListItem\",\"position\":1,\"name\":\"Home\",\"item\":\"https:\/\/www.axiomams.eu\/lv\"},{\"@type\":\"ListItem\",\"position\":2,\"name\":\"Produkti\",\"item\":\"https:\/\/www.axiomams.eu\/lv\/produkti\"},{\"@type\":\"ListItem\",\"position\":3,\"name\":\"Radiodetection MAGGIE magn\u0113tiskais lokators\"}]},{\"@type\":\"WebSite\",\"@id\":\"https:\/\/www.axiomams.eu\/lv#website\",\"url\":\"https:\/\/www.axiomams.eu\/lv\",\"name\":\"AXIOMA MS\",\"description\":\"Terrmovizoriai ir matavimo \u012franga\",\"publisher\":{\"@id\":\"https:\/\/www.axiomams.eu\/lv#organization\"},\"potentialAction\":[{\"@type\":\"SearchAction\",\"target\":{\"@type\":\"EntryPoint\",\"urlTemplate\":\"https:\/\/www.axiomams.eu\/lv?s={search_term_string}\"},\"query-input\":{\"@type\":\"PropertyValueSpecification\",\"valueRequired\":true,\"valueName\":\"search_term_string\"}}],\"inLanguage\":\"lv-LV\"},{\"@type\":\"Organization\",\"@id\":\"https:\/\/www.axiomams.eu\/lv#organization\",\"name\":\"AXIOMA MS\",\"url\":\"https:\/\/www.axiomams.eu\/lv\",\"logo\":{\"@type\":\"ImageObject\",\"inLanguage\":\"lv-LV\",\"@id\":\"https:\/\/www.axiomams.eu\/lv#\/schema\/logo\/image\/\",\"url\":\"https:\/\/www.axiomams.eu\/wp-content\/uploads\/2025\/06\/axioma-logo-2.png\",\"contentUrl\":\"https:\/\/www.axiomams.eu\/wp-content\/uploads\/2025\/06\/axioma-logo-2.png\",\"width\":1200,\"height\":1200,\"caption\":\"AXIOMA MS\"},\"image\":{\"@id\":\"https:\/\/www.axiomams.eu\/lv#\/schema\/logo\/image\/\"},\"sameAs\":[\"https:\/\/www.facebook.com\/AxiomaMS\",\"https:\/\/www.linkedin.com\/company\/axiomams\/\"]}]}<\/script>\n<!-- \/ Yoast SEO plugin. -->","yoast_head_json":{"title":"Radiodetection MAGGIE magn\u0113tiskais lokators - AXIOMA MS","robots":{"index":"index","follow":"follow","max-snippet":"max-snippet:-1","max-image-preview":"max-image-preview:large","max-video-preview":"max-video-preview:-1"},"canonical":"https:\/\/www.axiomams.eu\/lv\/produktas\/radiodetection-maggie-magnetiskais-lokators","og_locale":"lv_LV","og_type":"article","og_title":"Radiodetection MAGGIE magn\u0113tiskais lokators - AXIOMA MS","og_description":"Radiodetection Maggie ir iztur\u012bgs, kompakts un viegli kopjams magn\u0113tiskais lokators, kas apvieno jut\u012bbu un precizit\u0101ti ar vienas rokas vad\u012bbu un vizu\u0101lu displeju. Papla\u0161ino\u0161\u0101 joslu diagramma nor\u0101da polarit\u0101ti (pozit\u012bva vai negat\u012bva) un relat\u012bvo sign\u0101la stiprumu. Teleskopisk\u0101 konstrukcija \u013cauj lietot\u0101jiem piel\u0101got ier\u012bci v\u0113lamajam garumam. Standarta komplekts: Radiodetektors Maggie, m\u012bksts futr\u0101lis. Tehnisk\u0101 inform\u0101cija: Radiodetection MAGGIE.pdf","og_url":"https:\/\/www.axiomams.eu\/lv\/produktas\/radiodetection-maggie-magnetiskais-lokators","og_site_name":"AXIOMA MS","article_publisher":"https:\/\/www.facebook.com\/AxiomaMS","article_modified_time":"2026-03-25T15:00:49+00:00","og_image":[{"width":1020,"height":1020,"url":"https:\/\/www.axiomams.eu\/wp-content\/uploads\/2025\/07\/3060-4055.jpg","type":"image\/jpeg"}],"twitter_card":"summary_large_image","schema":{"@context":"https:\/\/schema.org","@graph":[{"@type":"WebPage","@id":"https:\/\/www.axiomams.eu\/lv\/produktas\/radiodetection-maggie-magnetiskais-lokators","url":"https:\/\/www.axiomams.eu\/lv\/produktas\/radiodetection-maggie-magnetiskais-lokators","name":"Radiodetection MAGGIE magn\u0113tiskais lokators - AXIOMA MS","isPartOf":{"@id":"https:\/\/www.axiomams.eu\/lv#website"},"primaryImageOfPage":{"@id":"https:\/\/www.axiomams.eu\/lv\/produktas\/radiodetection-maggie-magnetiskais-lokators#primaryimage"},"image":{"@id":"https:\/\/www.axiomams.eu\/lv\/produktas\/radiodetection-maggie-magnetiskais-lokators#primaryimage"},"thumbnailUrl":"https:\/\/www.axiomams.eu\/wp-content\/uploads\/2025\/07\/3060-4055.jpg","datePublished":"2025-05-15T16:02:50+00:00","dateModified":"2026-03-25T15:00:49+00:00","breadcrumb":{"@id":"https:\/\/www.axiomams.eu\/lv\/produktas\/radiodetection-maggie-magnetiskais-lokators#breadcrumb"},"inLanguage":"lv-LV","potentialAction":[{"@type":"ReadAction","target":["https:\/\/www.axiomams.eu\/lv\/produktas\/radiodetection-maggie-magnetiskais-lokators"]}]},{"@type":"ImageObject","inLanguage":"lv-LV","@id":"https:\/\/www.axiomams.eu\/lv\/produktas\/radiodetection-maggie-magnetiskais-lokators#primaryimage","url":"https:\/\/www.axiomams.eu\/wp-content\/uploads\/2025\/07\/3060-4055.jpg","contentUrl":"https:\/\/www.axiomams.eu\/wp-content\/uploads\/2025\/07\/3060-4055.jpg","width":1020,"height":1020},{"@type":"BreadcrumbList","@id":"https:\/\/www.axiomams.eu\/lv\/produktas\/radiodetection-maggie-magnetiskais-lokators#breadcrumb","itemListElement":[{"@type":"ListItem","position":1,"name":"Home","item":"https:\/\/www.axiomams.eu\/lv"},{"@type":"ListItem","position":2,"name":"Produkti","item":"https:\/\/www.axiomams.eu\/lv\/produkti"},{"@type":"ListItem","position":3,"name":"Radiodetection MAGGIE magn\u0113tiskais lokators"}]},{"@type":"WebSite","@id":"https:\/\/www.axiomams.eu\/lv#website","url":"https:\/\/www.axiomams.eu\/lv","name":"AXIOMA MS","description":"Terrmovizoriai ir matavimo \u012franga","publisher":{"@id":"https:\/\/www.axiomams.eu\/lv#organization"},"potentialAction":[{"@type":"SearchAction","target":{"@type":"EntryPoint","urlTemplate":"https:\/\/www.axiomams.eu\/lv?s={search_term_string}"},"query-input":{"@type":"PropertyValueSpecification","valueRequired":true,"valueName":"search_term_string"}}],"inLanguage":"lv-LV"},{"@type":"Organization","@id":"https:\/\/www.axiomams.eu\/lv#organization","name":"AXIOMA MS","url":"https:\/\/www.axiomams.eu\/lv","logo":{"@type":"ImageObject","inLanguage":"lv-LV","@id":"https:\/\/www.axiomams.eu\/lv#\/schema\/logo\/image\/","url":"https:\/\/www.axiomams.eu\/wp-content\/uploads\/2025\/06\/axioma-logo-2.png","contentUrl":"https:\/\/www.axiomams.eu\/wp-content\/uploads\/2025\/06\/axioma-logo-2.png","width":1200,"height":1200,"caption":"AXIOMA MS"},"image":{"@id":"https:\/\/www.axiomams.eu\/lv#\/schema\/logo\/image\/"},"sameAs":["https:\/\/www.facebook.com\/AxiomaMS","https:\/\/www.linkedin.com\/company\/axiomams\/"]}]}},"_links":{"self":[{"href":"https:\/\/www.axiomams.eu\/lv\/wp-json\/wp\/v2\/product\/39211","targetHints":{"allow":["GET"]}}],"collection":[{"href":"https:\/\/www.axiomams.eu\/lv\/wp-json\/wp\/v2\/product"}],"about":[{"href":"https:\/\/www.axiomams.eu\/lv\/wp-json\/wp\/v2\/types\/product"}],"replies":[{"embeddable":true,"href":"https:\/\/www.axiomams.eu\/lv\/wp-json\/wp\/v2\/comments?post=39211"}],"wp:featuredmedia":[{"embeddable":true,"href":"https:\/\/www.axiomams.eu\/lv\/wp-json\/wp\/v2\/media\/42143"}],"wp:attachment":[{"href":"https:\/\/www.axiomams.eu\/lv\/wp-json\/wp\/v2\/media?parent=39211"}],"wp:term":[{"taxonomy":"product_brand","embeddable":true,"href":"https:\/\/www.axiomams.eu\/lv\/wp-json\/wp\/v2\/product_brand?post=39211"},{"taxonomy":"product_cat","embeddable":true,"href":"https:\/\/www.axiomams.eu\/lv\/wp-json\/wp\/v2\/product_cat?post=39211"},{"taxonomy":"product_tag","embeddable":true,"href":"https:\/\/www.axiomams.eu\/lv\/wp-json\/wp\/v2\/product_tag?post=39211"}],"curies":[{"name":"wp","href":"https:\/\/api.w.org\/{rel}","templated":true}]}}