{"id":39212,"date":"2025-05-15T18:02:54","date_gmt":"2025-05-15T16:02:54","guid":{"rendered":"https:\/\/www.axiomams.eu\/produktas\/maschek-esm-100-elektriska-lauka-testeris"},"modified":"2026-03-25T17:00:50","modified_gmt":"2026-03-25T15:00:50","slug":"maschek-esm-100-elektriska-lauka-testeris","status":"publish","type":"product","link":"https:\/\/www.axiomams.eu\/lv\/produktas\/maschek-esm-100-elektriska-lauka-testeris","title":{"rendered":"Maschek ESM-100 elektrisk\u0101 lauka testeris"},"content":{"rendered":"<p>Elektriskajai str\u0101vai ir svar\u012bga loma praktiski vis\u0101s dz\u012bves jom\u0101s. Tom\u0113r spriegums un str\u0101va rada elektriskos un magn\u0113tiskos laukus, kas savuk\u0101rt var negat\u012bvi ietekm\u0113t vesel\u012bbu. Vienk\u0101r\u0161s un viegls veids, k\u0101 izm\u0113r\u012bt kait\u012bgo elektromagn\u0113tisko nopl\u016bdi, ir izmantot EMS-100 m\u0113r\u012bt\u0101ju.<\/p>\n<p>Standarta komplekts: ier\u012bce, sensors, programmat\u016bra, optisk\u0101s \u0161\u0137iedras kabelis (5 m), somi\u0146a, instrukcija, kalibr\u0113\u0161anas sertifik\u0101ts.<\/p>\n<h3>Tehnisk\u0101 inform\u0101cija:<\/h3>\n<ul>\n<li><a href=\"https:\/\/axiomams.eu\/importer\/export\/attachments\/en\/maschek-esm-100.pdf\" target=\"_blank\">maschek ESM-100.pdf<\/a><\/li>\n<\/ul>\n","protected":false},"excerpt":{"rendered":"<p>Elektriskajai str\u0101vai ir svar\u012bga loma praktiski vis\u0101s dz\u012bves jom\u0101s. Tom\u0113r spriegums un str\u0101va rada elektriskos un magn\u0113tiskos laukus, kas savuk\u0101rt var negat\u012bvi ietekm\u0113t vesel\u012bbu. Vienk\u0101r\u0161s un viegls veids, k\u0101 izm\u0113r\u012bt kait\u012bgo elektromagn\u0113tisko nopl\u016bdi, ir izmantot EMS-100 m\u0113r\u012bt\u0101ju. Standarta komplekts: ier\u012bce, sensors, programmat\u016bra, optisk\u0101s \u0161\u0137iedras kabelis (5 m), somi\u0146a, instrukcija, kalibr\u0113\u0161anas sertifik\u0101ts. Tehnisk\u0101 inform\u0101cija: maschek ESM-100.pdf<\/p>\n","protected":false},"featured_media":42145,"comment_status":"open","ping_status":"closed","template":"","meta":{"_acf_changed":false},"product_brand":[],"product_cat":[17723],"product_tag":[],"class_list":{"0":"post-39212","1":"product","2":"type-product","3":"status-publish","4":"has-post-thumbnail","6":"product_cat-putekliem-elektromagnetiska-lauka-merijumiem","8":"first","9":"instock","10":"taxable","11":"shipping-taxable","12":"product-type-simple"},"acf":[],"yoast_head":"<!-- This site is optimized with the Yoast SEO plugin v27.0 - https:\/\/yoast.com\/product\/yoast-seo-wordpress\/ -->\n<title>Maschek ESM-100 elektrisk\u0101 lauka testeris - AXIOMA MS<\/title>\n<meta name=\"robots\" content=\"index, follow, max-snippet:-1, max-image-preview:large, max-video-preview:-1\" \/>\n<link rel=\"canonical\" href=\"https:\/\/www.axiomams.eu\/lv\/produktas\/maschek-esm-100-elektriska-lauka-testeris\" \/>\n<meta property=\"og:locale\" content=\"lv_LV\" \/>\n<meta property=\"og:type\" content=\"article\" \/>\n<meta property=\"og:title\" content=\"Maschek ESM-100 elektrisk\u0101 lauka testeris - AXIOMA MS\" \/>\n<meta property=\"og:description\" content=\"Elektriskajai str\u0101vai ir svar\u012bga loma praktiski vis\u0101s dz\u012bves jom\u0101s. Tom\u0113r spriegums un str\u0101va rada elektriskos un magn\u0113tiskos laukus, kas savuk\u0101rt var negat\u012bvi ietekm\u0113t vesel\u012bbu. Vienk\u0101r\u0161s un viegls veids, k\u0101 izm\u0113r\u012bt kait\u012bgo elektromagn\u0113tisko nopl\u016bdi, ir izmantot EMS-100 m\u0113r\u012bt\u0101ju. Standarta komplekts: ier\u012bce, sensors, programmat\u016bra, optisk\u0101s \u0161\u0137iedras kabelis (5 m), somi\u0146a, instrukcija, kalibr\u0113\u0161anas sertifik\u0101ts. Tehnisk\u0101 inform\u0101cija: maschek ESM-100.pdf\" \/>\n<meta property=\"og:url\" content=\"https:\/\/www.axiomams.eu\/lv\/produktas\/maschek-esm-100-elektriska-lauka-testeris\" \/>\n<meta property=\"og:site_name\" content=\"AXIOMA MS\" \/>\n<meta property=\"article:publisher\" content=\"https:\/\/www.facebook.com\/AxiomaMS\" \/>\n<meta property=\"article:modified_time\" content=\"2026-03-25T15:00:50+00:00\" \/>\n<meta property=\"og:image\" content=\"https:\/\/www.axiomams.eu\/wp-content\/uploads\/2025\/07\/237-653.jpg\" \/>\n\t<meta property=\"og:image:width\" content=\"326\" \/>\n\t<meta property=\"og:image:height\" content=\"326\" \/>\n\t<meta property=\"og:image:type\" content=\"image\/jpeg\" \/>\n<meta name=\"twitter:card\" content=\"summary_large_image\" \/>\n<script type=\"application\/ld+json\" class=\"yoast-schema-graph\">{\"@context\":\"https:\/\/schema.org\",\"@graph\":[{\"@type\":\"WebPage\",\"@id\":\"https:\/\/www.axiomams.eu\/lv\/produktas\/maschek-esm-100-elektriska-lauka-testeris\",\"url\":\"https:\/\/www.axiomams.eu\/lv\/produktas\/maschek-esm-100-elektriska-lauka-testeris\",\"name\":\"Maschek ESM-100 elektrisk\u0101 lauka testeris - AXIOMA MS\",\"isPartOf\":{\"@id\":\"https:\/\/www.axiomams.eu\/lv#website\"},\"primaryImageOfPage\":{\"@id\":\"https:\/\/www.axiomams.eu\/lv\/produktas\/maschek-esm-100-elektriska-lauka-testeris#primaryimage\"},\"image\":{\"@id\":\"https:\/\/www.axiomams.eu\/lv\/produktas\/maschek-esm-100-elektriska-lauka-testeris#primaryimage\"},\"thumbnailUrl\":\"https:\/\/www.axiomams.eu\/wp-content\/uploads\/2025\/07\/237-653.jpg\",\"datePublished\":\"2025-05-15T16:02:54+00:00\",\"dateModified\":\"2026-03-25T15:00:50+00:00\",\"breadcrumb\":{\"@id\":\"https:\/\/www.axiomams.eu\/lv\/produktas\/maschek-esm-100-elektriska-lauka-testeris#breadcrumb\"},\"inLanguage\":\"lv-LV\",\"potentialAction\":[{\"@type\":\"ReadAction\",\"target\":[\"https:\/\/www.axiomams.eu\/lv\/produktas\/maschek-esm-100-elektriska-lauka-testeris\"]}]},{\"@type\":\"ImageObject\",\"inLanguage\":\"lv-LV\",\"@id\":\"https:\/\/www.axiomams.eu\/lv\/produktas\/maschek-esm-100-elektriska-lauka-testeris#primaryimage\",\"url\":\"https:\/\/www.axiomams.eu\/wp-content\/uploads\/2025\/07\/237-653.jpg\",\"contentUrl\":\"https:\/\/www.axiomams.eu\/wp-content\/uploads\/2025\/07\/237-653.jpg\",\"width\":326,\"height\":326},{\"@type\":\"BreadcrumbList\",\"@id\":\"https:\/\/www.axiomams.eu\/lv\/produktas\/maschek-esm-100-elektriska-lauka-testeris#breadcrumb\",\"itemListElement\":[{\"@type\":\"ListItem\",\"position\":1,\"name\":\"Home\",\"item\":\"https:\/\/www.axiomams.eu\/lv\"},{\"@type\":\"ListItem\",\"position\":2,\"name\":\"Produkti\",\"item\":\"https:\/\/www.axiomams.eu\/lv\/produkti\"},{\"@type\":\"ListItem\",\"position\":3,\"name\":\"Maschek ESM-100 elektrisk\u0101 lauka testeris\"}]},{\"@type\":\"WebSite\",\"@id\":\"https:\/\/www.axiomams.eu\/lv#website\",\"url\":\"https:\/\/www.axiomams.eu\/lv\",\"name\":\"AXIOMA MS\",\"description\":\"Terrmovizoriai ir matavimo \u012franga\",\"publisher\":{\"@id\":\"https:\/\/www.axiomams.eu\/lv#organization\"},\"potentialAction\":[{\"@type\":\"SearchAction\",\"target\":{\"@type\":\"EntryPoint\",\"urlTemplate\":\"https:\/\/www.axiomams.eu\/lv?s={search_term_string}\"},\"query-input\":{\"@type\":\"PropertyValueSpecification\",\"valueRequired\":true,\"valueName\":\"search_term_string\"}}],\"inLanguage\":\"lv-LV\"},{\"@type\":\"Organization\",\"@id\":\"https:\/\/www.axiomams.eu\/lv#organization\",\"name\":\"AXIOMA MS\",\"url\":\"https:\/\/www.axiomams.eu\/lv\",\"logo\":{\"@type\":\"ImageObject\",\"inLanguage\":\"lv-LV\",\"@id\":\"https:\/\/www.axiomams.eu\/lv#\/schema\/logo\/image\/\",\"url\":\"https:\/\/www.axiomams.eu\/wp-content\/uploads\/2025\/06\/axioma-logo-2.png\",\"contentUrl\":\"https:\/\/www.axiomams.eu\/wp-content\/uploads\/2025\/06\/axioma-logo-2.png\",\"width\":1200,\"height\":1200,\"caption\":\"AXIOMA MS\"},\"image\":{\"@id\":\"https:\/\/www.axiomams.eu\/lv#\/schema\/logo\/image\/\"},\"sameAs\":[\"https:\/\/www.facebook.com\/AxiomaMS\",\"https:\/\/www.linkedin.com\/company\/axiomams\/\"]}]}<\/script>\n<!-- \/ Yoast SEO plugin. -->","yoast_head_json":{"title":"Maschek ESM-100 elektrisk\u0101 lauka testeris - AXIOMA MS","robots":{"index":"index","follow":"follow","max-snippet":"max-snippet:-1","max-image-preview":"max-image-preview:large","max-video-preview":"max-video-preview:-1"},"canonical":"https:\/\/www.axiomams.eu\/lv\/produktas\/maschek-esm-100-elektriska-lauka-testeris","og_locale":"lv_LV","og_type":"article","og_title":"Maschek ESM-100 elektrisk\u0101 lauka testeris - AXIOMA MS","og_description":"Elektriskajai str\u0101vai ir svar\u012bga loma praktiski vis\u0101s dz\u012bves jom\u0101s. Tom\u0113r spriegums un str\u0101va rada elektriskos un magn\u0113tiskos laukus, kas savuk\u0101rt var negat\u012bvi ietekm\u0113t vesel\u012bbu. Vienk\u0101r\u0161s un viegls veids, k\u0101 izm\u0113r\u012bt kait\u012bgo elektromagn\u0113tisko nopl\u016bdi, ir izmantot EMS-100 m\u0113r\u012bt\u0101ju. Standarta komplekts: ier\u012bce, sensors, programmat\u016bra, optisk\u0101s \u0161\u0137iedras kabelis (5 m), somi\u0146a, instrukcija, kalibr\u0113\u0161anas sertifik\u0101ts. Tehnisk\u0101 inform\u0101cija: maschek ESM-100.pdf","og_url":"https:\/\/www.axiomams.eu\/lv\/produktas\/maschek-esm-100-elektriska-lauka-testeris","og_site_name":"AXIOMA MS","article_publisher":"https:\/\/www.facebook.com\/AxiomaMS","article_modified_time":"2026-03-25T15:00:50+00:00","og_image":[{"width":326,"height":326,"url":"https:\/\/www.axiomams.eu\/wp-content\/uploads\/2025\/07\/237-653.jpg","type":"image\/jpeg"}],"twitter_card":"summary_large_image","schema":{"@context":"https:\/\/schema.org","@graph":[{"@type":"WebPage","@id":"https:\/\/www.axiomams.eu\/lv\/produktas\/maschek-esm-100-elektriska-lauka-testeris","url":"https:\/\/www.axiomams.eu\/lv\/produktas\/maschek-esm-100-elektriska-lauka-testeris","name":"Maschek ESM-100 elektrisk\u0101 lauka testeris - AXIOMA MS","isPartOf":{"@id":"https:\/\/www.axiomams.eu\/lv#website"},"primaryImageOfPage":{"@id":"https:\/\/www.axiomams.eu\/lv\/produktas\/maschek-esm-100-elektriska-lauka-testeris#primaryimage"},"image":{"@id":"https:\/\/www.axiomams.eu\/lv\/produktas\/maschek-esm-100-elektriska-lauka-testeris#primaryimage"},"thumbnailUrl":"https:\/\/www.axiomams.eu\/wp-content\/uploads\/2025\/07\/237-653.jpg","datePublished":"2025-05-15T16:02:54+00:00","dateModified":"2026-03-25T15:00:50+00:00","breadcrumb":{"@id":"https:\/\/www.axiomams.eu\/lv\/produktas\/maschek-esm-100-elektriska-lauka-testeris#breadcrumb"},"inLanguage":"lv-LV","potentialAction":[{"@type":"ReadAction","target":["https:\/\/www.axiomams.eu\/lv\/produktas\/maschek-esm-100-elektriska-lauka-testeris"]}]},{"@type":"ImageObject","inLanguage":"lv-LV","@id":"https:\/\/www.axiomams.eu\/lv\/produktas\/maschek-esm-100-elektriska-lauka-testeris#primaryimage","url":"https:\/\/www.axiomams.eu\/wp-content\/uploads\/2025\/07\/237-653.jpg","contentUrl":"https:\/\/www.axiomams.eu\/wp-content\/uploads\/2025\/07\/237-653.jpg","width":326,"height":326},{"@type":"BreadcrumbList","@id":"https:\/\/www.axiomams.eu\/lv\/produktas\/maschek-esm-100-elektriska-lauka-testeris#breadcrumb","itemListElement":[{"@type":"ListItem","position":1,"name":"Home","item":"https:\/\/www.axiomams.eu\/lv"},{"@type":"ListItem","position":2,"name":"Produkti","item":"https:\/\/www.axiomams.eu\/lv\/produkti"},{"@type":"ListItem","position":3,"name":"Maschek ESM-100 elektrisk\u0101 lauka testeris"}]},{"@type":"WebSite","@id":"https:\/\/www.axiomams.eu\/lv#website","url":"https:\/\/www.axiomams.eu\/lv","name":"AXIOMA MS","description":"Terrmovizoriai ir matavimo \u012franga","publisher":{"@id":"https:\/\/www.axiomams.eu\/lv#organization"},"potentialAction":[{"@type":"SearchAction","target":{"@type":"EntryPoint","urlTemplate":"https:\/\/www.axiomams.eu\/lv?s={search_term_string}"},"query-input":{"@type":"PropertyValueSpecification","valueRequired":true,"valueName":"search_term_string"}}],"inLanguage":"lv-LV"},{"@type":"Organization","@id":"https:\/\/www.axiomams.eu\/lv#organization","name":"AXIOMA MS","url":"https:\/\/www.axiomams.eu\/lv","logo":{"@type":"ImageObject","inLanguage":"lv-LV","@id":"https:\/\/www.axiomams.eu\/lv#\/schema\/logo\/image\/","url":"https:\/\/www.axiomams.eu\/wp-content\/uploads\/2025\/06\/axioma-logo-2.png","contentUrl":"https:\/\/www.axiomams.eu\/wp-content\/uploads\/2025\/06\/axioma-logo-2.png","width":1200,"height":1200,"caption":"AXIOMA MS"},"image":{"@id":"https:\/\/www.axiomams.eu\/lv#\/schema\/logo\/image\/"},"sameAs":["https:\/\/www.facebook.com\/AxiomaMS","https:\/\/www.linkedin.com\/company\/axiomams\/"]}]}},"_links":{"self":[{"href":"https:\/\/www.axiomams.eu\/lv\/wp-json\/wp\/v2\/product\/39212","targetHints":{"allow":["GET"]}}],"collection":[{"href":"https:\/\/www.axiomams.eu\/lv\/wp-json\/wp\/v2\/product"}],"about":[{"href":"https:\/\/www.axiomams.eu\/lv\/wp-json\/wp\/v2\/types\/product"}],"replies":[{"embeddable":true,"href":"https:\/\/www.axiomams.eu\/lv\/wp-json\/wp\/v2\/comments?post=39212"}],"wp:featuredmedia":[{"embeddable":true,"href":"https:\/\/www.axiomams.eu\/lv\/wp-json\/wp\/v2\/media\/42145"}],"wp:attachment":[{"href":"https:\/\/www.axiomams.eu\/lv\/wp-json\/wp\/v2\/media?parent=39212"}],"wp:term":[{"taxonomy":"product_brand","embeddable":true,"href":"https:\/\/www.axiomams.eu\/lv\/wp-json\/wp\/v2\/product_brand?post=39212"},{"taxonomy":"product_cat","embeddable":true,"href":"https:\/\/www.axiomams.eu\/lv\/wp-json\/wp\/v2\/product_cat?post=39212"},{"taxonomy":"product_tag","embeddable":true,"href":"https:\/\/www.axiomams.eu\/lv\/wp-json\/wp\/v2\/product_tag?post=39212"}],"curies":[{"name":"wp","href":"https:\/\/api.w.org\/{rel}","templated":true}]}}