{"id":39227,"date":"2025-05-15T18:03:15","date_gmt":"2025-05-15T16:03:15","guid":{"rendered":"https:\/\/www.axiomams.eu\/produktas\/metrel-md-9273-stravas-skava"},"modified":"2026-03-25T17:00:56","modified_gmt":"2026-03-25T15:00:56","slug":"metrel-md-9273-stravas-skava","status":"publish","type":"product","link":"https:\/\/www.axiomams.eu\/lv\/produktas\/metrel-md-9273-stravas-skava","title":{"rendered":"Metrel MD 9273 &#8211; str\u0101vas skava"},"content":{"rendered":"<p>Metrel MD 9273 ir Bluetooth papildin\u0101jums Metrel daudzfunkcion\u0101lajiem testeriem MI 3155, MI 3152 un MI 3325. Lietojot tos kop\u0101, tie veido komandu datu m\u0113r\u012b\u0161anai no dro\u0161a att\u0101luma. Daudzfunkcion\u0101lie instrumenti var re\u0123istr\u0113t iesl\u0113g\u0161an\u0101s str\u0101vu no MD 9273 m\u0113r\u012bjumiem un att\u0113lot datus tabulas vai grafika veid\u0101, vai ar\u012b tos var izmantot 128 Hz sign\u0101la \u0123ener\u0113\u0161anai, ko MD 9273 var filtr\u0113t un sekot kabe\u013ca izseko\u0161anai. Darbojoties k\u0101 t\u0101lvad\u012bbas zonde, t\u0101 var nos\u016bt\u012bt datus par str\u0101vu, spriegumu, jaudu un harmoniku. No otras puses, tas ir neatkar\u012bgs instruments ar uzlabotu precizit\u0101ti, konstrukciju un jaun\u0101m funkcij\u0101m, piem\u0113ram, VFD filtru. Tas var prec\u012bzi nolas\u012bt sist\u0113mas TRMS mai\u0146str\u0101vas nopl\u016bdes str\u0101vu, noteikt zudumus sist\u0113m\u0101, ieteikt iesp\u0113jamos zudumu iemeslus, uztvert harmonikas sign\u0101l\u0101 un veikt pamata elektroener\u0123ijas kvalit\u0101tes testus.<\/p>\n<p>Standarta komplekts: Metrel MD 9273, testa vads ar zondi, 2 gab, AMD 9028 aligatora skava, 2 gab, 1,5 V baterija, AA tipa, 2 gab, maisi\u0146\u0161, lieto\u0161anas instrukcija, kalibr\u0113\u0161anas sertifik\u0101ts.<\/p>\n<h3>Tehnisk\u0101 inform\u0101cija:<\/h3>\n<ul>\n<li><a href=\"https:\/\/axiomams.eu\/importer\/export\/attachments\/en\/metrel-md-9273.pdf\" target=\"_blank\">Metrel MD 9273.pdf<\/a><\/li>\n<\/ul>\n","protected":false},"excerpt":{"rendered":"<p>Metrel MD 9273 ir Bluetooth papildin\u0101jums Metrel daudzfunkcion\u0101lajiem testeriem MI 3155, MI 3152 un MI 3325. Lietojot tos kop\u0101, tie veido komandu datu m\u0113r\u012b\u0161anai no dro\u0161a att\u0101luma. Daudzfunkcion\u0101lie instrumenti var re\u0123istr\u0113t iesl\u0113g\u0161an\u0101s str\u0101vu no MD 9273 m\u0113r\u012bjumiem un att\u0113lot datus tabulas vai grafika veid\u0101, vai ar\u012b tos var izmantot 128 Hz sign\u0101la \u0123ener\u0113\u0161anai, ko MD&#8230;<\/p>\n","protected":false},"featured_media":42173,"comment_status":"open","ping_status":"closed","template":"","meta":{"_acf_changed":false},"product_brand":[732],"product_cat":[17719],"product_tag":[],"class_list":{"0":"post-39227","1":"product","2":"type-product","3":"status-publish","4":"has-post-thumbnail","6":"product_brand-metrel","7":"product_cat-elektrikiem-un-energetikas-inzenieriem","9":"first","10":"instock","11":"taxable","12":"shipping-taxable","13":"purchasable","14":"product-type-simple"},"acf":[],"yoast_head":"<!-- This site is optimized with the Yoast SEO plugin v27.0 - https:\/\/yoast.com\/product\/yoast-seo-wordpress\/ -->\n<title>Metrel MD 9273 - str\u0101vas skava - AXIOMA MS<\/title>\n<meta name=\"robots\" content=\"index, follow, max-snippet:-1, max-image-preview:large, max-video-preview:-1\" \/>\n<link rel=\"canonical\" href=\"https:\/\/www.axiomams.eu\/lv\/produktas\/metrel-md-9273-stravas-skava\" \/>\n<meta property=\"og:locale\" content=\"lv_LV\" \/>\n<meta property=\"og:type\" content=\"article\" \/>\n<meta property=\"og:title\" content=\"Metrel MD 9273 - str\u0101vas skava - AXIOMA MS\" \/>\n<meta property=\"og:description\" content=\"Metrel MD 9273 ir Bluetooth papildin\u0101jums Metrel daudzfunkcion\u0101lajiem testeriem MI 3155, MI 3152 un MI 3325. Lietojot tos kop\u0101, tie veido komandu datu m\u0113r\u012b\u0161anai no dro\u0161a att\u0101luma. Daudzfunkcion\u0101lie instrumenti var re\u0123istr\u0113t iesl\u0113g\u0161an\u0101s str\u0101vu no MD 9273 m\u0113r\u012bjumiem un att\u0113lot datus tabulas vai grafika veid\u0101, vai ar\u012b tos var izmantot 128 Hz sign\u0101la \u0123ener\u0113\u0161anai, ko MD...\" \/>\n<meta property=\"og:url\" content=\"https:\/\/www.axiomams.eu\/lv\/produktas\/metrel-md-9273-stravas-skava\" \/>\n<meta property=\"og:site_name\" content=\"AXIOMA MS\" \/>\n<meta property=\"article:publisher\" content=\"https:\/\/www.facebook.com\/AxiomaMS\" \/>\n<meta property=\"article:modified_time\" content=\"2026-03-25T15:00:56+00:00\" \/>\n<meta property=\"og:image\" content=\"https:\/\/www.axiomams.eu\/wp-content\/uploads\/2025\/07\/3382-6036.jpg\" \/>\n\t<meta property=\"og:image:width\" content=\"1020\" \/>\n\t<meta property=\"og:image:height\" content=\"1020\" \/>\n\t<meta property=\"og:image:type\" content=\"image\/jpeg\" \/>\n<meta name=\"twitter:card\" content=\"summary_large_image\" \/>\n<meta name=\"twitter:label1\" content=\"Est. reading time\" \/>\n\t<meta name=\"twitter:data1\" content=\"1 minute\" \/>\n<script type=\"application\/ld+json\" class=\"yoast-schema-graph\">{\"@context\":\"https:\/\/schema.org\",\"@graph\":[{\"@type\":\"WebPage\",\"@id\":\"https:\/\/www.axiomams.eu\/lv\/produktas\/metrel-md-9273-stravas-skava\",\"url\":\"https:\/\/www.axiomams.eu\/lv\/produktas\/metrel-md-9273-stravas-skava\",\"name\":\"Metrel MD 9273 - str\u0101vas skava - AXIOMA MS\",\"isPartOf\":{\"@id\":\"https:\/\/www.axiomams.eu\/lv#website\"},\"primaryImageOfPage\":{\"@id\":\"https:\/\/www.axiomams.eu\/lv\/produktas\/metrel-md-9273-stravas-skava#primaryimage\"},\"image\":{\"@id\":\"https:\/\/www.axiomams.eu\/lv\/produktas\/metrel-md-9273-stravas-skava#primaryimage\"},\"thumbnailUrl\":\"https:\/\/www.axiomams.eu\/wp-content\/uploads\/2025\/07\/3382-6036.jpg\",\"datePublished\":\"2025-05-15T16:03:15+00:00\",\"dateModified\":\"2026-03-25T15:00:56+00:00\",\"breadcrumb\":{\"@id\":\"https:\/\/www.axiomams.eu\/lv\/produktas\/metrel-md-9273-stravas-skava#breadcrumb\"},\"inLanguage\":\"lv-LV\",\"potentialAction\":[{\"@type\":\"ReadAction\",\"target\":[\"https:\/\/www.axiomams.eu\/lv\/produktas\/metrel-md-9273-stravas-skava\"]}]},{\"@type\":\"ImageObject\",\"inLanguage\":\"lv-LV\",\"@id\":\"https:\/\/www.axiomams.eu\/lv\/produktas\/metrel-md-9273-stravas-skava#primaryimage\",\"url\":\"https:\/\/www.axiomams.eu\/wp-content\/uploads\/2025\/07\/3382-6036.jpg\",\"contentUrl\":\"https:\/\/www.axiomams.eu\/wp-content\/uploads\/2025\/07\/3382-6036.jpg\",\"width\":1020,\"height\":1020},{\"@type\":\"BreadcrumbList\",\"@id\":\"https:\/\/www.axiomams.eu\/lv\/produktas\/metrel-md-9273-stravas-skava#breadcrumb\",\"itemListElement\":[{\"@type\":\"ListItem\",\"position\":1,\"name\":\"Home\",\"item\":\"https:\/\/www.axiomams.eu\/lv\"},{\"@type\":\"ListItem\",\"position\":2,\"name\":\"Produkti\",\"item\":\"https:\/\/www.axiomams.eu\/lv\/produkti\"},{\"@type\":\"ListItem\",\"position\":3,\"name\":\"Metrel MD 9273 &#8211; str\u0101vas skava\"}]},{\"@type\":\"WebSite\",\"@id\":\"https:\/\/www.axiomams.eu\/lv#website\",\"url\":\"https:\/\/www.axiomams.eu\/lv\",\"name\":\"AXIOMA MS\",\"description\":\"Terrmovizoriai ir matavimo \u012franga\",\"publisher\":{\"@id\":\"https:\/\/www.axiomams.eu\/lv#organization\"},\"potentialAction\":[{\"@type\":\"SearchAction\",\"target\":{\"@type\":\"EntryPoint\",\"urlTemplate\":\"https:\/\/www.axiomams.eu\/lv?s={search_term_string}\"},\"query-input\":{\"@type\":\"PropertyValueSpecification\",\"valueRequired\":true,\"valueName\":\"search_term_string\"}}],\"inLanguage\":\"lv-LV\"},{\"@type\":\"Organization\",\"@id\":\"https:\/\/www.axiomams.eu\/lv#organization\",\"name\":\"AXIOMA MS\",\"url\":\"https:\/\/www.axiomams.eu\/lv\",\"logo\":{\"@type\":\"ImageObject\",\"inLanguage\":\"lv-LV\",\"@id\":\"https:\/\/www.axiomams.eu\/lv#\/schema\/logo\/image\/\",\"url\":\"https:\/\/www.axiomams.eu\/wp-content\/uploads\/2025\/06\/axioma-logo-2.png\",\"contentUrl\":\"https:\/\/www.axiomams.eu\/wp-content\/uploads\/2025\/06\/axioma-logo-2.png\",\"width\":1200,\"height\":1200,\"caption\":\"AXIOMA MS\"},\"image\":{\"@id\":\"https:\/\/www.axiomams.eu\/lv#\/schema\/logo\/image\/\"},\"sameAs\":[\"https:\/\/www.facebook.com\/AxiomaMS\",\"https:\/\/www.linkedin.com\/company\/axiomams\/\"]}]}<\/script>\n<!-- \/ Yoast SEO plugin. -->","yoast_head_json":{"title":"Metrel MD 9273 - str\u0101vas skava - AXIOMA MS","robots":{"index":"index","follow":"follow","max-snippet":"max-snippet:-1","max-image-preview":"max-image-preview:large","max-video-preview":"max-video-preview:-1"},"canonical":"https:\/\/www.axiomams.eu\/lv\/produktas\/metrel-md-9273-stravas-skava","og_locale":"lv_LV","og_type":"article","og_title":"Metrel MD 9273 - str\u0101vas skava - AXIOMA MS","og_description":"Metrel MD 9273 ir Bluetooth papildin\u0101jums Metrel daudzfunkcion\u0101lajiem testeriem MI 3155, MI 3152 un MI 3325. Lietojot tos kop\u0101, tie veido komandu datu m\u0113r\u012b\u0161anai no dro\u0161a att\u0101luma. Daudzfunkcion\u0101lie instrumenti var re\u0123istr\u0113t iesl\u0113g\u0161an\u0101s str\u0101vu no MD 9273 m\u0113r\u012bjumiem un att\u0113lot datus tabulas vai grafika veid\u0101, vai ar\u012b tos var izmantot 128 Hz sign\u0101la \u0123ener\u0113\u0161anai, ko MD...","og_url":"https:\/\/www.axiomams.eu\/lv\/produktas\/metrel-md-9273-stravas-skava","og_site_name":"AXIOMA MS","article_publisher":"https:\/\/www.facebook.com\/AxiomaMS","article_modified_time":"2026-03-25T15:00:56+00:00","og_image":[{"width":1020,"height":1020,"url":"https:\/\/www.axiomams.eu\/wp-content\/uploads\/2025\/07\/3382-6036.jpg","type":"image\/jpeg"}],"twitter_card":"summary_large_image","twitter_misc":{"Est. reading time":"1 minute"},"schema":{"@context":"https:\/\/schema.org","@graph":[{"@type":"WebPage","@id":"https:\/\/www.axiomams.eu\/lv\/produktas\/metrel-md-9273-stravas-skava","url":"https:\/\/www.axiomams.eu\/lv\/produktas\/metrel-md-9273-stravas-skava","name":"Metrel MD 9273 - str\u0101vas skava - AXIOMA MS","isPartOf":{"@id":"https:\/\/www.axiomams.eu\/lv#website"},"primaryImageOfPage":{"@id":"https:\/\/www.axiomams.eu\/lv\/produktas\/metrel-md-9273-stravas-skava#primaryimage"},"image":{"@id":"https:\/\/www.axiomams.eu\/lv\/produktas\/metrel-md-9273-stravas-skava#primaryimage"},"thumbnailUrl":"https:\/\/www.axiomams.eu\/wp-content\/uploads\/2025\/07\/3382-6036.jpg","datePublished":"2025-05-15T16:03:15+00:00","dateModified":"2026-03-25T15:00:56+00:00","breadcrumb":{"@id":"https:\/\/www.axiomams.eu\/lv\/produktas\/metrel-md-9273-stravas-skava#breadcrumb"},"inLanguage":"lv-LV","potentialAction":[{"@type":"ReadAction","target":["https:\/\/www.axiomams.eu\/lv\/produktas\/metrel-md-9273-stravas-skava"]}]},{"@type":"ImageObject","inLanguage":"lv-LV","@id":"https:\/\/www.axiomams.eu\/lv\/produktas\/metrel-md-9273-stravas-skava#primaryimage","url":"https:\/\/www.axiomams.eu\/wp-content\/uploads\/2025\/07\/3382-6036.jpg","contentUrl":"https:\/\/www.axiomams.eu\/wp-content\/uploads\/2025\/07\/3382-6036.jpg","width":1020,"height":1020},{"@type":"BreadcrumbList","@id":"https:\/\/www.axiomams.eu\/lv\/produktas\/metrel-md-9273-stravas-skava#breadcrumb","itemListElement":[{"@type":"ListItem","position":1,"name":"Home","item":"https:\/\/www.axiomams.eu\/lv"},{"@type":"ListItem","position":2,"name":"Produkti","item":"https:\/\/www.axiomams.eu\/lv\/produkti"},{"@type":"ListItem","position":3,"name":"Metrel MD 9273 &#8211; str\u0101vas skava"}]},{"@type":"WebSite","@id":"https:\/\/www.axiomams.eu\/lv#website","url":"https:\/\/www.axiomams.eu\/lv","name":"AXIOMA MS","description":"Terrmovizoriai ir matavimo \u012franga","publisher":{"@id":"https:\/\/www.axiomams.eu\/lv#organization"},"potentialAction":[{"@type":"SearchAction","target":{"@type":"EntryPoint","urlTemplate":"https:\/\/www.axiomams.eu\/lv?s={search_term_string}"},"query-input":{"@type":"PropertyValueSpecification","valueRequired":true,"valueName":"search_term_string"}}],"inLanguage":"lv-LV"},{"@type":"Organization","@id":"https:\/\/www.axiomams.eu\/lv#organization","name":"AXIOMA MS","url":"https:\/\/www.axiomams.eu\/lv","logo":{"@type":"ImageObject","inLanguage":"lv-LV","@id":"https:\/\/www.axiomams.eu\/lv#\/schema\/logo\/image\/","url":"https:\/\/www.axiomams.eu\/wp-content\/uploads\/2025\/06\/axioma-logo-2.png","contentUrl":"https:\/\/www.axiomams.eu\/wp-content\/uploads\/2025\/06\/axioma-logo-2.png","width":1200,"height":1200,"caption":"AXIOMA MS"},"image":{"@id":"https:\/\/www.axiomams.eu\/lv#\/schema\/logo\/image\/"},"sameAs":["https:\/\/www.facebook.com\/AxiomaMS","https:\/\/www.linkedin.com\/company\/axiomams\/"]}]}},"_links":{"self":[{"href":"https:\/\/www.axiomams.eu\/lv\/wp-json\/wp\/v2\/product\/39227","targetHints":{"allow":["GET"]}}],"collection":[{"href":"https:\/\/www.axiomams.eu\/lv\/wp-json\/wp\/v2\/product"}],"about":[{"href":"https:\/\/www.axiomams.eu\/lv\/wp-json\/wp\/v2\/types\/product"}],"replies":[{"embeddable":true,"href":"https:\/\/www.axiomams.eu\/lv\/wp-json\/wp\/v2\/comments?post=39227"}],"wp:featuredmedia":[{"embeddable":true,"href":"https:\/\/www.axiomams.eu\/lv\/wp-json\/wp\/v2\/media\/42173"}],"wp:attachment":[{"href":"https:\/\/www.axiomams.eu\/lv\/wp-json\/wp\/v2\/media?parent=39227"}],"wp:term":[{"taxonomy":"product_brand","embeddable":true,"href":"https:\/\/www.axiomams.eu\/lv\/wp-json\/wp\/v2\/product_brand?post=39227"},{"taxonomy":"product_cat","embeddable":true,"href":"https:\/\/www.axiomams.eu\/lv\/wp-json\/wp\/v2\/product_cat?post=39227"},{"taxonomy":"product_tag","embeddable":true,"href":"https:\/\/www.axiomams.eu\/lv\/wp-json\/wp\/v2\/product_tag?post=39227"}],"curies":[{"name":"wp","href":"https:\/\/api.w.org\/{rel}","templated":true}]}}