{"id":39228,"date":"2025-05-15T18:03:19","date_gmt":"2025-05-15T16:03:19","guid":{"rendered":"https:\/\/www.axiomams.eu\/produktas\/metrel-mi-2093-kabelu-detektors"},"modified":"2026-03-25T17:00:56","modified_gmt":"2026-03-25T15:00:56","slug":"metrel-mi-2093-kabelu-detektors","status":"publish","type":"product","link":"https:\/\/www.axiomams.eu\/lv\/produktas\/metrel-mi-2093-kabelu-detektors","title":{"rendered":"Metrel MI 2093 kabe\u013cu detektors"},"content":{"rendered":"<p>Metrel MI 2093 Line Tracer ir univers\u0101ls instruments, kas paredz\u0113ts sl\u0113pto vad\u012btsp\u0113j\u012bgo ce\u013cu izseko\u0161anai zem sienu, gr\u012bdu un zemes apmetuma vai viena vada noteik\u0161anai vadu k\u016bl\u012b. Var noteikt ar\u012b dro\u0161in\u0101t\u0101jus vai kontaktligzdas, kas pieder pie konkr\u0113tas cilpas. Line Tracer pal\u012bdz operatoram viegli atrisin\u0101t sl\u0113pt\u0101s l\u012bnijas probl\u0113mas (\u012bssavienojumus, p\u0101rr\u0101vumus, boj\u0101jumus).<\/p>\n<p>Standarta komplekts: MI2093: Komplekt\u0101: raid\u012bt\u0101js T10K, uztv\u0113r\u0113js R10K, testa vads R10K ar ieb\u016bv\u0113tu rezistoru un testa zondi, 1,5 m, testa vads T10K, 1,5 m, 2 gab, speci\u0101la selekt\u012bv\u0101 zonde, testa zonde, melna, 2 gab, krokodila skava, melna, 2 gab, m\u012bksta somi\u0146a, lieto\u0161anas instrukcija.<\/p>\n<h3>Tehnisk\u0101 inform\u0101cija:<\/h3>\n<ul>\n<li><a href=\"https:\/\/axiomams.eu\/importer\/export\/attachments\/en\/mi2093_instrukcija_lt.pdf\" target=\"_blank\">MI2093_instrukcija_LT.pdf<\/a><\/li>\n<li><a href=\"https:\/\/axiomams.eu\/importer\/export\/attachments\/en\/metrel-mi-2093-line-tracer.pdf\" target=\"_blank\">Metrel MI 2093 Line Tracer.pdf<\/a><\/li>\n<\/ul>\n","protected":false},"excerpt":{"rendered":"<p>Metrel MI 2093 Line Tracer ir univers\u0101ls instruments, kas paredz\u0113ts sl\u0113pto vad\u012btsp\u0113j\u012bgo ce\u013cu izseko\u0161anai zem sienu, gr\u012bdu un zemes apmetuma vai viena vada noteik\u0161anai vadu k\u016bl\u012b. Var noteikt ar\u012b dro\u0161in\u0101t\u0101jus vai kontaktligzdas, kas pieder pie konkr\u0113tas cilpas. Line Tracer pal\u012bdz operatoram viegli atrisin\u0101t sl\u0113pt\u0101s l\u012bnijas probl\u0113mas (\u012bssavienojumus, p\u0101rr\u0101vumus, boj\u0101jumus). Standarta komplekts: MI2093: Komplekt\u0101: raid\u012bt\u0101js T10K,&#8230;<\/p>\n","protected":false},"featured_media":42175,"comment_status":"open","ping_status":"closed","template":"","meta":{"_acf_changed":false},"product_brand":[732],"product_cat":[17716],"product_tag":[],"class_list":{"0":"post-39228","1":"product","2":"type-product","3":"status-publish","4":"has-post-thumbnail","6":"product_brand-metrel","7":"product_cat-kabelu-meklesanai-un-atlasei","9":"first","10":"instock","11":"taxable","12":"shipping-taxable","13":"purchasable","14":"product-type-simple"},"acf":[],"yoast_head":"<!-- This site is optimized with the Yoast SEO plugin v27.0 - https:\/\/yoast.com\/product\/yoast-seo-wordpress\/ -->\n<title>Metrel MI 2093 kabe\u013cu detektors - AXIOMA MS<\/title>\n<meta name=\"robots\" content=\"index, follow, max-snippet:-1, max-image-preview:large, max-video-preview:-1\" \/>\n<link rel=\"canonical\" href=\"https:\/\/www.axiomams.eu\/lv\/produktas\/metrel-mi-2093-kabelu-detektors\" \/>\n<meta property=\"og:locale\" content=\"lv_LV\" \/>\n<meta property=\"og:type\" content=\"article\" \/>\n<meta property=\"og:title\" content=\"Metrel MI 2093 kabe\u013cu detektors - AXIOMA MS\" \/>\n<meta property=\"og:description\" content=\"Metrel MI 2093 Line Tracer ir univers\u0101ls instruments, kas paredz\u0113ts sl\u0113pto vad\u012btsp\u0113j\u012bgo ce\u013cu izseko\u0161anai zem sienu, gr\u012bdu un zemes apmetuma vai viena vada noteik\u0161anai vadu k\u016bl\u012b. Var noteikt ar\u012b dro\u0161in\u0101t\u0101jus vai kontaktligzdas, kas pieder pie konkr\u0113tas cilpas. Line Tracer pal\u012bdz operatoram viegli atrisin\u0101t sl\u0113pt\u0101s l\u012bnijas probl\u0113mas (\u012bssavienojumus, p\u0101rr\u0101vumus, boj\u0101jumus). Standarta komplekts: MI2093: Komplekt\u0101: raid\u012bt\u0101js T10K,...\" \/>\n<meta property=\"og:url\" content=\"https:\/\/www.axiomams.eu\/lv\/produktas\/metrel-mi-2093-kabelu-detektors\" \/>\n<meta property=\"og:site_name\" content=\"AXIOMA MS\" \/>\n<meta property=\"article:publisher\" content=\"https:\/\/www.facebook.com\/AxiomaMS\" \/>\n<meta property=\"article:modified_time\" content=\"2026-03-25T15:00:56+00:00\" \/>\n<meta property=\"og:image\" content=\"https:\/\/www.axiomams.eu\/wp-content\/uploads\/2025\/07\/385-3074.jpg\" \/>\n\t<meta property=\"og:image:width\" content=\"440\" \/>\n\t<meta property=\"og:image:height\" content=\"400\" \/>\n\t<meta property=\"og:image:type\" content=\"image\/jpeg\" \/>\n<meta name=\"twitter:card\" content=\"summary_large_image\" \/>\n<meta name=\"twitter:label1\" content=\"Est. reading time\" \/>\n\t<meta name=\"twitter:data1\" content=\"1 minute\" \/>\n<script type=\"application\/ld+json\" class=\"yoast-schema-graph\">{\"@context\":\"https:\/\/schema.org\",\"@graph\":[{\"@type\":\"WebPage\",\"@id\":\"https:\/\/www.axiomams.eu\/lv\/produktas\/metrel-mi-2093-kabelu-detektors\",\"url\":\"https:\/\/www.axiomams.eu\/lv\/produktas\/metrel-mi-2093-kabelu-detektors\",\"name\":\"Metrel MI 2093 kabe\u013cu detektors - AXIOMA MS\",\"isPartOf\":{\"@id\":\"https:\/\/www.axiomams.eu\/lv#website\"},\"primaryImageOfPage\":{\"@id\":\"https:\/\/www.axiomams.eu\/lv\/produktas\/metrel-mi-2093-kabelu-detektors#primaryimage\"},\"image\":{\"@id\":\"https:\/\/www.axiomams.eu\/lv\/produktas\/metrel-mi-2093-kabelu-detektors#primaryimage\"},\"thumbnailUrl\":\"https:\/\/www.axiomams.eu\/wp-content\/uploads\/2025\/07\/385-3074.jpg\",\"datePublished\":\"2025-05-15T16:03:19+00:00\",\"dateModified\":\"2026-03-25T15:00:56+00:00\",\"breadcrumb\":{\"@id\":\"https:\/\/www.axiomams.eu\/lv\/produktas\/metrel-mi-2093-kabelu-detektors#breadcrumb\"},\"inLanguage\":\"lv-LV\",\"potentialAction\":[{\"@type\":\"ReadAction\",\"target\":[\"https:\/\/www.axiomams.eu\/lv\/produktas\/metrel-mi-2093-kabelu-detektors\"]}]},{\"@type\":\"ImageObject\",\"inLanguage\":\"lv-LV\",\"@id\":\"https:\/\/www.axiomams.eu\/lv\/produktas\/metrel-mi-2093-kabelu-detektors#primaryimage\",\"url\":\"https:\/\/www.axiomams.eu\/wp-content\/uploads\/2025\/07\/385-3074.jpg\",\"contentUrl\":\"https:\/\/www.axiomams.eu\/wp-content\/uploads\/2025\/07\/385-3074.jpg\",\"width\":440,\"height\":400},{\"@type\":\"BreadcrumbList\",\"@id\":\"https:\/\/www.axiomams.eu\/lv\/produktas\/metrel-mi-2093-kabelu-detektors#breadcrumb\",\"itemListElement\":[{\"@type\":\"ListItem\",\"position\":1,\"name\":\"Home\",\"item\":\"https:\/\/www.axiomams.eu\/lv\"},{\"@type\":\"ListItem\",\"position\":2,\"name\":\"Produkti\",\"item\":\"https:\/\/www.axiomams.eu\/lv\/produkti\"},{\"@type\":\"ListItem\",\"position\":3,\"name\":\"Metrel MI 2093 kabe\u013cu detektors\"}]},{\"@type\":\"WebSite\",\"@id\":\"https:\/\/www.axiomams.eu\/lv#website\",\"url\":\"https:\/\/www.axiomams.eu\/lv\",\"name\":\"AXIOMA MS\",\"description\":\"Terrmovizoriai ir matavimo \u012franga\",\"publisher\":{\"@id\":\"https:\/\/www.axiomams.eu\/lv#organization\"},\"potentialAction\":[{\"@type\":\"SearchAction\",\"target\":{\"@type\":\"EntryPoint\",\"urlTemplate\":\"https:\/\/www.axiomams.eu\/lv?s={search_term_string}\"},\"query-input\":{\"@type\":\"PropertyValueSpecification\",\"valueRequired\":true,\"valueName\":\"search_term_string\"}}],\"inLanguage\":\"lv-LV\"},{\"@type\":\"Organization\",\"@id\":\"https:\/\/www.axiomams.eu\/lv#organization\",\"name\":\"AXIOMA MS\",\"url\":\"https:\/\/www.axiomams.eu\/lv\",\"logo\":{\"@type\":\"ImageObject\",\"inLanguage\":\"lv-LV\",\"@id\":\"https:\/\/www.axiomams.eu\/lv#\/schema\/logo\/image\/\",\"url\":\"https:\/\/www.axiomams.eu\/wp-content\/uploads\/2025\/06\/axioma-logo-2.png\",\"contentUrl\":\"https:\/\/www.axiomams.eu\/wp-content\/uploads\/2025\/06\/axioma-logo-2.png\",\"width\":1200,\"height\":1200,\"caption\":\"AXIOMA MS\"},\"image\":{\"@id\":\"https:\/\/www.axiomams.eu\/lv#\/schema\/logo\/image\/\"},\"sameAs\":[\"https:\/\/www.facebook.com\/AxiomaMS\",\"https:\/\/www.linkedin.com\/company\/axiomams\/\"]}]}<\/script>\n<!-- \/ Yoast SEO plugin. -->","yoast_head_json":{"title":"Metrel MI 2093 kabe\u013cu detektors - AXIOMA MS","robots":{"index":"index","follow":"follow","max-snippet":"max-snippet:-1","max-image-preview":"max-image-preview:large","max-video-preview":"max-video-preview:-1"},"canonical":"https:\/\/www.axiomams.eu\/lv\/produktas\/metrel-mi-2093-kabelu-detektors","og_locale":"lv_LV","og_type":"article","og_title":"Metrel MI 2093 kabe\u013cu detektors - AXIOMA MS","og_description":"Metrel MI 2093 Line Tracer ir univers\u0101ls instruments, kas paredz\u0113ts sl\u0113pto vad\u012btsp\u0113j\u012bgo ce\u013cu izseko\u0161anai zem sienu, gr\u012bdu un zemes apmetuma vai viena vada noteik\u0161anai vadu k\u016bl\u012b. Var noteikt ar\u012b dro\u0161in\u0101t\u0101jus vai kontaktligzdas, kas pieder pie konkr\u0113tas cilpas. Line Tracer pal\u012bdz operatoram viegli atrisin\u0101t sl\u0113pt\u0101s l\u012bnijas probl\u0113mas (\u012bssavienojumus, p\u0101rr\u0101vumus, boj\u0101jumus). Standarta komplekts: MI2093: Komplekt\u0101: raid\u012bt\u0101js T10K,...","og_url":"https:\/\/www.axiomams.eu\/lv\/produktas\/metrel-mi-2093-kabelu-detektors","og_site_name":"AXIOMA MS","article_publisher":"https:\/\/www.facebook.com\/AxiomaMS","article_modified_time":"2026-03-25T15:00:56+00:00","og_image":[{"width":440,"height":400,"url":"https:\/\/www.axiomams.eu\/wp-content\/uploads\/2025\/07\/385-3074.jpg","type":"image\/jpeg"}],"twitter_card":"summary_large_image","twitter_misc":{"Est. reading time":"1 minute"},"schema":{"@context":"https:\/\/schema.org","@graph":[{"@type":"WebPage","@id":"https:\/\/www.axiomams.eu\/lv\/produktas\/metrel-mi-2093-kabelu-detektors","url":"https:\/\/www.axiomams.eu\/lv\/produktas\/metrel-mi-2093-kabelu-detektors","name":"Metrel MI 2093 kabe\u013cu detektors - AXIOMA MS","isPartOf":{"@id":"https:\/\/www.axiomams.eu\/lv#website"},"primaryImageOfPage":{"@id":"https:\/\/www.axiomams.eu\/lv\/produktas\/metrel-mi-2093-kabelu-detektors#primaryimage"},"image":{"@id":"https:\/\/www.axiomams.eu\/lv\/produktas\/metrel-mi-2093-kabelu-detektors#primaryimage"},"thumbnailUrl":"https:\/\/www.axiomams.eu\/wp-content\/uploads\/2025\/07\/385-3074.jpg","datePublished":"2025-05-15T16:03:19+00:00","dateModified":"2026-03-25T15:00:56+00:00","breadcrumb":{"@id":"https:\/\/www.axiomams.eu\/lv\/produktas\/metrel-mi-2093-kabelu-detektors#breadcrumb"},"inLanguage":"lv-LV","potentialAction":[{"@type":"ReadAction","target":["https:\/\/www.axiomams.eu\/lv\/produktas\/metrel-mi-2093-kabelu-detektors"]}]},{"@type":"ImageObject","inLanguage":"lv-LV","@id":"https:\/\/www.axiomams.eu\/lv\/produktas\/metrel-mi-2093-kabelu-detektors#primaryimage","url":"https:\/\/www.axiomams.eu\/wp-content\/uploads\/2025\/07\/385-3074.jpg","contentUrl":"https:\/\/www.axiomams.eu\/wp-content\/uploads\/2025\/07\/385-3074.jpg","width":440,"height":400},{"@type":"BreadcrumbList","@id":"https:\/\/www.axiomams.eu\/lv\/produktas\/metrel-mi-2093-kabelu-detektors#breadcrumb","itemListElement":[{"@type":"ListItem","position":1,"name":"Home","item":"https:\/\/www.axiomams.eu\/lv"},{"@type":"ListItem","position":2,"name":"Produkti","item":"https:\/\/www.axiomams.eu\/lv\/produkti"},{"@type":"ListItem","position":3,"name":"Metrel MI 2093 kabe\u013cu detektors"}]},{"@type":"WebSite","@id":"https:\/\/www.axiomams.eu\/lv#website","url":"https:\/\/www.axiomams.eu\/lv","name":"AXIOMA MS","description":"Terrmovizoriai ir matavimo \u012franga","publisher":{"@id":"https:\/\/www.axiomams.eu\/lv#organization"},"potentialAction":[{"@type":"SearchAction","target":{"@type":"EntryPoint","urlTemplate":"https:\/\/www.axiomams.eu\/lv?s={search_term_string}"},"query-input":{"@type":"PropertyValueSpecification","valueRequired":true,"valueName":"search_term_string"}}],"inLanguage":"lv-LV"},{"@type":"Organization","@id":"https:\/\/www.axiomams.eu\/lv#organization","name":"AXIOMA MS","url":"https:\/\/www.axiomams.eu\/lv","logo":{"@type":"ImageObject","inLanguage":"lv-LV","@id":"https:\/\/www.axiomams.eu\/lv#\/schema\/logo\/image\/","url":"https:\/\/www.axiomams.eu\/wp-content\/uploads\/2025\/06\/axioma-logo-2.png","contentUrl":"https:\/\/www.axiomams.eu\/wp-content\/uploads\/2025\/06\/axioma-logo-2.png","width":1200,"height":1200,"caption":"AXIOMA MS"},"image":{"@id":"https:\/\/www.axiomams.eu\/lv#\/schema\/logo\/image\/"},"sameAs":["https:\/\/www.facebook.com\/AxiomaMS","https:\/\/www.linkedin.com\/company\/axiomams\/"]}]}},"_links":{"self":[{"href":"https:\/\/www.axiomams.eu\/lv\/wp-json\/wp\/v2\/product\/39228","targetHints":{"allow":["GET"]}}],"collection":[{"href":"https:\/\/www.axiomams.eu\/lv\/wp-json\/wp\/v2\/product"}],"about":[{"href":"https:\/\/www.axiomams.eu\/lv\/wp-json\/wp\/v2\/types\/product"}],"replies":[{"embeddable":true,"href":"https:\/\/www.axiomams.eu\/lv\/wp-json\/wp\/v2\/comments?post=39228"}],"wp:featuredmedia":[{"embeddable":true,"href":"https:\/\/www.axiomams.eu\/lv\/wp-json\/wp\/v2\/media\/42175"}],"wp:attachment":[{"href":"https:\/\/www.axiomams.eu\/lv\/wp-json\/wp\/v2\/media?parent=39228"}],"wp:term":[{"taxonomy":"product_brand","embeddable":true,"href":"https:\/\/www.axiomams.eu\/lv\/wp-json\/wp\/v2\/product_brand?post=39228"},{"taxonomy":"product_cat","embeddable":true,"href":"https:\/\/www.axiomams.eu\/lv\/wp-json\/wp\/v2\/product_cat?post=39228"},{"taxonomy":"product_tag","embeddable":true,"href":"https:\/\/www.axiomams.eu\/lv\/wp-json\/wp\/v2\/product_tag?post=39228"}],"curies":[{"name":"wp","href":"https:\/\/api.w.org\/{rel}","templated":true}]}}