{"id":39231,"date":"2025-05-15T18:03:25","date_gmt":"2025-05-15T16:03:25","guid":{"rendered":"https:\/\/www.axiomams.eu\/produktas\/metrel-mi-2883-eu-elektroenergijas-kvalitates-analizators"},"modified":"2026-03-25T17:00:57","modified_gmt":"2026-03-25T15:00:57","slug":"metrel-mi-2883-eu-elektroenergijas-kvalitates-analizators","status":"publish","type":"product","link":"https:\/\/www.axiomams.eu\/lv\/produktas\/metrel-mi-2883-eu-elektroenergijas-kvalitates-analizators","title":{"rendered":"Metrel MI 2883 EU Elektroener\u0123ijas kvalit\u0101tes analizators"},"content":{"rendered":"<p>Metrel MI 2883 Power Master ir rokas tr\u012bsf\u0101\u017eu str\u0101vas kvalit\u0101tes analizators ar lielu, viegli nolas\u0101mu grafisku kr\u0101sainu displeju, kas \u013cauj lietot\u0101jam noteikt harmonikas, fazorus un vi\u013c\u0146u formas anom\u0101lijas instal\u0101cij\u0101, vienk\u0101r\u0161i piesl\u0113dzot ier\u012bci. Ier\u012bce ir paredz\u0113ta ilgtermi\u0146a re\u0123istr\u0113\u0161anai, k\u0101 ar\u012b str\u0101vas kvalit\u0101tes probl\u0113mu nov\u0113r\u0161anai tr\u012bsf\u0101zu un vienf\u0101zu elektroener\u0123ijas sadales sist\u0113m\u0101s.<\/p>\n<p>Standarta komplekts: instruments Power Master, 1-f\u0101zes elast\u012bg\u0101s str\u0101vas spailes 3000 \/ 300 \/ 30 A (A 1227), 3 gab., testa zonde (br\u016bna, melna, pel\u0113ka, zila), 4 gab., krokodila skava (br\u016bna, melna, pel\u0113ka, zila), 4 gab., sprieguma m\u0113r\u012b\u0161anas vads (br\u016bns, melns, pel\u0113ks, zils), 4 gab., eti\u0137etes kr\u0101su kod\u0113\u0161anai, microSD atmi\u0146as karte 8.0 GB, mikrosSD kar\u0161u las\u012bt\u0101js, PC SW PowerView3, USB savienojuma kabelis, baro\u0161anas adapteris, 1,2 V NiMH uzl\u0101d\u0113jams akumulators, 6 gab., m\u012bksta somi\u0146a, lieto\u0161anas instrukcija, kalibr\u0113\u0161anas sertifik\u0101ts.<\/p>\n<h3>Tehnisk\u0101 inform\u0101cija:<\/h3>\n<ul>\n<li><a href=\"https:\/\/axiomams.eu\/importer\/export\/attachments\/en\/metrel-mi-2883.pdf\" target=\"_blank\">Metrel MI 2883.pdf<\/a><\/li>\n<\/ul>\n","protected":false},"excerpt":{"rendered":"<p>Metrel MI 2883 Power Master ir rokas tr\u012bsf\u0101\u017eu str\u0101vas kvalit\u0101tes analizators ar lielu, viegli nolas\u0101mu grafisku kr\u0101sainu displeju, kas \u013cauj lietot\u0101jam noteikt harmonikas, fazorus un vi\u013c\u0146u formas anom\u0101lijas instal\u0101cij\u0101, vienk\u0101r\u0161i piesl\u0113dzot ier\u012bci. Ier\u012bce ir paredz\u0113ta ilgtermi\u0146a re\u0123istr\u0113\u0161anai, k\u0101 ar\u012b str\u0101vas kvalit\u0101tes probl\u0113mu nov\u0113r\u0161anai tr\u012bsf\u0101zu un vienf\u0101zu elektroener\u0123ijas sadales sist\u0113m\u0101s. Standarta komplekts: instruments Power Master, 1-f\u0101zes&#8230;<\/p>\n","protected":false},"featured_media":42181,"comment_status":"open","ping_status":"closed","template":"","meta":{"_acf_changed":false},"product_brand":[732],"product_cat":[17714],"product_tag":[],"class_list":{"0":"post-39231","1":"product","2":"type-product","3":"status-publish","4":"has-post-thumbnail","6":"product_brand-metrel","7":"product_cat-elektroenergijas-tikla-analizei-un-uzskaitei","9":"first","10":"instock","11":"taxable","12":"shipping-taxable","13":"purchasable","14":"product-type-simple"},"acf":[],"yoast_head":"<!-- This site is optimized with the Yoast SEO plugin v27.0 - https:\/\/yoast.com\/product\/yoast-seo-wordpress\/ -->\n<title>Metrel MI 2883 EU Elektroener\u0123ijas kvalit\u0101tes analizators - AXIOMA MS<\/title>\n<meta name=\"robots\" content=\"index, follow, max-snippet:-1, max-image-preview:large, max-video-preview:-1\" \/>\n<link rel=\"canonical\" href=\"https:\/\/www.axiomams.eu\/lv\/produktas\/metrel-mi-2883-eu-elektroenergijas-kvalitates-analizators\" \/>\n<meta property=\"og:locale\" content=\"lv_LV\" \/>\n<meta property=\"og:type\" content=\"article\" \/>\n<meta property=\"og:title\" content=\"Metrel MI 2883 EU Elektroener\u0123ijas kvalit\u0101tes analizators - AXIOMA MS\" \/>\n<meta property=\"og:description\" content=\"Metrel MI 2883 Power Master ir rokas tr\u012bsf\u0101\u017eu str\u0101vas kvalit\u0101tes analizators ar lielu, viegli nolas\u0101mu grafisku kr\u0101sainu displeju, kas \u013cauj lietot\u0101jam noteikt harmonikas, fazorus un vi\u013c\u0146u formas anom\u0101lijas instal\u0101cij\u0101, vienk\u0101r\u0161i piesl\u0113dzot ier\u012bci. Ier\u012bce ir paredz\u0113ta ilgtermi\u0146a re\u0123istr\u0113\u0161anai, k\u0101 ar\u012b str\u0101vas kvalit\u0101tes probl\u0113mu nov\u0113r\u0161anai tr\u012bsf\u0101zu un vienf\u0101zu elektroener\u0123ijas sadales sist\u0113m\u0101s. Standarta komplekts: instruments Power Master, 1-f\u0101zes...\" \/>\n<meta property=\"og:url\" content=\"https:\/\/www.axiomams.eu\/lv\/produktas\/metrel-mi-2883-eu-elektroenergijas-kvalitates-analizators\" \/>\n<meta property=\"og:site_name\" content=\"AXIOMA MS\" \/>\n<meta property=\"article:publisher\" content=\"https:\/\/www.facebook.com\/AxiomaMS\" \/>\n<meta property=\"article:modified_time\" content=\"2026-03-25T15:00:57+00:00\" \/>\n<meta property=\"og:image\" content=\"https:\/\/www.axiomams.eu\/wp-content\/uploads\/2025\/07\/1318-1685.jpg\" \/>\n\t<meta property=\"og:image:width\" content=\"800\" \/>\n\t<meta property=\"og:image:height\" content=\"600\" \/>\n\t<meta property=\"og:image:type\" content=\"image\/jpeg\" \/>\n<meta name=\"twitter:card\" content=\"summary_large_image\" \/>\n<meta name=\"twitter:label1\" content=\"Est. reading time\" \/>\n\t<meta name=\"twitter:data1\" content=\"1 minute\" \/>\n<script type=\"application\/ld+json\" class=\"yoast-schema-graph\">{\"@context\":\"https:\/\/schema.org\",\"@graph\":[{\"@type\":\"WebPage\",\"@id\":\"https:\/\/www.axiomams.eu\/lv\/produktas\/metrel-mi-2883-eu-elektroenergijas-kvalitates-analizators\",\"url\":\"https:\/\/www.axiomams.eu\/lv\/produktas\/metrel-mi-2883-eu-elektroenergijas-kvalitates-analizators\",\"name\":\"Metrel MI 2883 EU Elektroener\u0123ijas kvalit\u0101tes analizators - AXIOMA MS\",\"isPartOf\":{\"@id\":\"https:\/\/www.axiomams.eu\/lv#website\"},\"primaryImageOfPage\":{\"@id\":\"https:\/\/www.axiomams.eu\/lv\/produktas\/metrel-mi-2883-eu-elektroenergijas-kvalitates-analizators#primaryimage\"},\"image\":{\"@id\":\"https:\/\/www.axiomams.eu\/lv\/produktas\/metrel-mi-2883-eu-elektroenergijas-kvalitates-analizators#primaryimage\"},\"thumbnailUrl\":\"https:\/\/www.axiomams.eu\/wp-content\/uploads\/2025\/07\/1318-1685.jpg\",\"datePublished\":\"2025-05-15T16:03:25+00:00\",\"dateModified\":\"2026-03-25T15:00:57+00:00\",\"breadcrumb\":{\"@id\":\"https:\/\/www.axiomams.eu\/lv\/produktas\/metrel-mi-2883-eu-elektroenergijas-kvalitates-analizators#breadcrumb\"},\"inLanguage\":\"lv-LV\",\"potentialAction\":[{\"@type\":\"ReadAction\",\"target\":[\"https:\/\/www.axiomams.eu\/lv\/produktas\/metrel-mi-2883-eu-elektroenergijas-kvalitates-analizators\"]}]},{\"@type\":\"ImageObject\",\"inLanguage\":\"lv-LV\",\"@id\":\"https:\/\/www.axiomams.eu\/lv\/produktas\/metrel-mi-2883-eu-elektroenergijas-kvalitates-analizators#primaryimage\",\"url\":\"https:\/\/www.axiomams.eu\/wp-content\/uploads\/2025\/07\/1318-1685.jpg\",\"contentUrl\":\"https:\/\/www.axiomams.eu\/wp-content\/uploads\/2025\/07\/1318-1685.jpg\",\"width\":800,\"height\":600},{\"@type\":\"BreadcrumbList\",\"@id\":\"https:\/\/www.axiomams.eu\/lv\/produktas\/metrel-mi-2883-eu-elektroenergijas-kvalitates-analizators#breadcrumb\",\"itemListElement\":[{\"@type\":\"ListItem\",\"position\":1,\"name\":\"Home\",\"item\":\"https:\/\/www.axiomams.eu\/lv\"},{\"@type\":\"ListItem\",\"position\":2,\"name\":\"Produkti\",\"item\":\"https:\/\/www.axiomams.eu\/lv\/produkti\"},{\"@type\":\"ListItem\",\"position\":3,\"name\":\"Metrel MI 2883 EU Elektroener\u0123ijas kvalit\u0101tes analizators\"}]},{\"@type\":\"WebSite\",\"@id\":\"https:\/\/www.axiomams.eu\/lv#website\",\"url\":\"https:\/\/www.axiomams.eu\/lv\",\"name\":\"AXIOMA MS\",\"description\":\"Terrmovizoriai ir matavimo \u012franga\",\"publisher\":{\"@id\":\"https:\/\/www.axiomams.eu\/lv#organization\"},\"potentialAction\":[{\"@type\":\"SearchAction\",\"target\":{\"@type\":\"EntryPoint\",\"urlTemplate\":\"https:\/\/www.axiomams.eu\/lv?s={search_term_string}\"},\"query-input\":{\"@type\":\"PropertyValueSpecification\",\"valueRequired\":true,\"valueName\":\"search_term_string\"}}],\"inLanguage\":\"lv-LV\"},{\"@type\":\"Organization\",\"@id\":\"https:\/\/www.axiomams.eu\/lv#organization\",\"name\":\"AXIOMA MS\",\"url\":\"https:\/\/www.axiomams.eu\/lv\",\"logo\":{\"@type\":\"ImageObject\",\"inLanguage\":\"lv-LV\",\"@id\":\"https:\/\/www.axiomams.eu\/lv#\/schema\/logo\/image\/\",\"url\":\"https:\/\/www.axiomams.eu\/wp-content\/uploads\/2025\/06\/axioma-logo-2.png\",\"contentUrl\":\"https:\/\/www.axiomams.eu\/wp-content\/uploads\/2025\/06\/axioma-logo-2.png\",\"width\":1200,\"height\":1200,\"caption\":\"AXIOMA MS\"},\"image\":{\"@id\":\"https:\/\/www.axiomams.eu\/lv#\/schema\/logo\/image\/\"},\"sameAs\":[\"https:\/\/www.facebook.com\/AxiomaMS\",\"https:\/\/www.linkedin.com\/company\/axiomams\/\"]}]}<\/script>\n<!-- \/ Yoast SEO plugin. -->","yoast_head_json":{"title":"Metrel MI 2883 EU Elektroener\u0123ijas kvalit\u0101tes analizators - AXIOMA MS","robots":{"index":"index","follow":"follow","max-snippet":"max-snippet:-1","max-image-preview":"max-image-preview:large","max-video-preview":"max-video-preview:-1"},"canonical":"https:\/\/www.axiomams.eu\/lv\/produktas\/metrel-mi-2883-eu-elektroenergijas-kvalitates-analizators","og_locale":"lv_LV","og_type":"article","og_title":"Metrel MI 2883 EU Elektroener\u0123ijas kvalit\u0101tes analizators - AXIOMA MS","og_description":"Metrel MI 2883 Power Master ir rokas tr\u012bsf\u0101\u017eu str\u0101vas kvalit\u0101tes analizators ar lielu, viegli nolas\u0101mu grafisku kr\u0101sainu displeju, kas \u013cauj lietot\u0101jam noteikt harmonikas, fazorus un vi\u013c\u0146u formas anom\u0101lijas instal\u0101cij\u0101, vienk\u0101r\u0161i piesl\u0113dzot ier\u012bci. Ier\u012bce ir paredz\u0113ta ilgtermi\u0146a re\u0123istr\u0113\u0161anai, k\u0101 ar\u012b str\u0101vas kvalit\u0101tes probl\u0113mu nov\u0113r\u0161anai tr\u012bsf\u0101zu un vienf\u0101zu elektroener\u0123ijas sadales sist\u0113m\u0101s. Standarta komplekts: instruments Power Master, 1-f\u0101zes...","og_url":"https:\/\/www.axiomams.eu\/lv\/produktas\/metrel-mi-2883-eu-elektroenergijas-kvalitates-analizators","og_site_name":"AXIOMA MS","article_publisher":"https:\/\/www.facebook.com\/AxiomaMS","article_modified_time":"2026-03-25T15:00:57+00:00","og_image":[{"width":800,"height":600,"url":"https:\/\/www.axiomams.eu\/wp-content\/uploads\/2025\/07\/1318-1685.jpg","type":"image\/jpeg"}],"twitter_card":"summary_large_image","twitter_misc":{"Est. reading time":"1 minute"},"schema":{"@context":"https:\/\/schema.org","@graph":[{"@type":"WebPage","@id":"https:\/\/www.axiomams.eu\/lv\/produktas\/metrel-mi-2883-eu-elektroenergijas-kvalitates-analizators","url":"https:\/\/www.axiomams.eu\/lv\/produktas\/metrel-mi-2883-eu-elektroenergijas-kvalitates-analizators","name":"Metrel MI 2883 EU Elektroener\u0123ijas kvalit\u0101tes analizators - AXIOMA MS","isPartOf":{"@id":"https:\/\/www.axiomams.eu\/lv#website"},"primaryImageOfPage":{"@id":"https:\/\/www.axiomams.eu\/lv\/produktas\/metrel-mi-2883-eu-elektroenergijas-kvalitates-analizators#primaryimage"},"image":{"@id":"https:\/\/www.axiomams.eu\/lv\/produktas\/metrel-mi-2883-eu-elektroenergijas-kvalitates-analizators#primaryimage"},"thumbnailUrl":"https:\/\/www.axiomams.eu\/wp-content\/uploads\/2025\/07\/1318-1685.jpg","datePublished":"2025-05-15T16:03:25+00:00","dateModified":"2026-03-25T15:00:57+00:00","breadcrumb":{"@id":"https:\/\/www.axiomams.eu\/lv\/produktas\/metrel-mi-2883-eu-elektroenergijas-kvalitates-analizators#breadcrumb"},"inLanguage":"lv-LV","potentialAction":[{"@type":"ReadAction","target":["https:\/\/www.axiomams.eu\/lv\/produktas\/metrel-mi-2883-eu-elektroenergijas-kvalitates-analizators"]}]},{"@type":"ImageObject","inLanguage":"lv-LV","@id":"https:\/\/www.axiomams.eu\/lv\/produktas\/metrel-mi-2883-eu-elektroenergijas-kvalitates-analizators#primaryimage","url":"https:\/\/www.axiomams.eu\/wp-content\/uploads\/2025\/07\/1318-1685.jpg","contentUrl":"https:\/\/www.axiomams.eu\/wp-content\/uploads\/2025\/07\/1318-1685.jpg","width":800,"height":600},{"@type":"BreadcrumbList","@id":"https:\/\/www.axiomams.eu\/lv\/produktas\/metrel-mi-2883-eu-elektroenergijas-kvalitates-analizators#breadcrumb","itemListElement":[{"@type":"ListItem","position":1,"name":"Home","item":"https:\/\/www.axiomams.eu\/lv"},{"@type":"ListItem","position":2,"name":"Produkti","item":"https:\/\/www.axiomams.eu\/lv\/produkti"},{"@type":"ListItem","position":3,"name":"Metrel MI 2883 EU Elektroener\u0123ijas kvalit\u0101tes analizators"}]},{"@type":"WebSite","@id":"https:\/\/www.axiomams.eu\/lv#website","url":"https:\/\/www.axiomams.eu\/lv","name":"AXIOMA MS","description":"Terrmovizoriai ir matavimo \u012franga","publisher":{"@id":"https:\/\/www.axiomams.eu\/lv#organization"},"potentialAction":[{"@type":"SearchAction","target":{"@type":"EntryPoint","urlTemplate":"https:\/\/www.axiomams.eu\/lv?s={search_term_string}"},"query-input":{"@type":"PropertyValueSpecification","valueRequired":true,"valueName":"search_term_string"}}],"inLanguage":"lv-LV"},{"@type":"Organization","@id":"https:\/\/www.axiomams.eu\/lv#organization","name":"AXIOMA MS","url":"https:\/\/www.axiomams.eu\/lv","logo":{"@type":"ImageObject","inLanguage":"lv-LV","@id":"https:\/\/www.axiomams.eu\/lv#\/schema\/logo\/image\/","url":"https:\/\/www.axiomams.eu\/wp-content\/uploads\/2025\/06\/axioma-logo-2.png","contentUrl":"https:\/\/www.axiomams.eu\/wp-content\/uploads\/2025\/06\/axioma-logo-2.png","width":1200,"height":1200,"caption":"AXIOMA MS"},"image":{"@id":"https:\/\/www.axiomams.eu\/lv#\/schema\/logo\/image\/"},"sameAs":["https:\/\/www.facebook.com\/AxiomaMS","https:\/\/www.linkedin.com\/company\/axiomams\/"]}]}},"_links":{"self":[{"href":"https:\/\/www.axiomams.eu\/lv\/wp-json\/wp\/v2\/product\/39231","targetHints":{"allow":["GET"]}}],"collection":[{"href":"https:\/\/www.axiomams.eu\/lv\/wp-json\/wp\/v2\/product"}],"about":[{"href":"https:\/\/www.axiomams.eu\/lv\/wp-json\/wp\/v2\/types\/product"}],"replies":[{"embeddable":true,"href":"https:\/\/www.axiomams.eu\/lv\/wp-json\/wp\/v2\/comments?post=39231"}],"wp:featuredmedia":[{"embeddable":true,"href":"https:\/\/www.axiomams.eu\/lv\/wp-json\/wp\/v2\/media\/42181"}],"wp:attachment":[{"href":"https:\/\/www.axiomams.eu\/lv\/wp-json\/wp\/v2\/media?parent=39231"}],"wp:term":[{"taxonomy":"product_brand","embeddable":true,"href":"https:\/\/www.axiomams.eu\/lv\/wp-json\/wp\/v2\/product_brand?post=39231"},{"taxonomy":"product_cat","embeddable":true,"href":"https:\/\/www.axiomams.eu\/lv\/wp-json\/wp\/v2\/product_cat?post=39231"},{"taxonomy":"product_tag","embeddable":true,"href":"https:\/\/www.axiomams.eu\/lv\/wp-json\/wp\/v2\/product_tag?post=39231"}],"curies":[{"name":"wp","href":"https:\/\/api.w.org\/{rel}","templated":true}]}}