{"id":39235,"date":"2025-05-15T18:03:27","date_gmt":"2025-05-15T16:03:27","guid":{"rendered":"https:\/\/www.axiomams.eu\/produktas\/metrel-mi-2891-jaudas-simulators"},"modified":"2026-03-25T17:00:57","modified_gmt":"2026-03-25T15:00:57","slug":"metrel-mi-2891-jaudas-simulators","status":"publish","type":"product","link":"https:\/\/www.axiomams.eu\/lv\/produktas\/metrel-mi-2891-jaudas-simulators","title":{"rendered":"Metrel MI 2891 jaudas simulators"},"content":{"rendered":"<p>Metrel MI 2891 Power Simulator ir daudzfunkcion\u0101ls tr\u012bsf\u0101\u017eu jaudas simulators tipisku situ\u0101ciju simul\u0113\u0161anai zemsprieguma baro\u0161anas sist\u0113m\u0101s. Tas ir lielisks r\u012bks apm\u0101c\u012bbai, demonstr\u0101cijas nol\u016bkiem vai k\u0101 elektrodidaktisks l\u012bdzeklis. Simulatoram ir da\u017ei iepriek\u0161 ieprogramm\u0113ti scen\u0101riji, k\u0101 ar\u012b piln\u012bga manu\u0101l\u0101 re\u017e\u012bma iesp\u0113ja. Lietot\u0101js var izv\u0113l\u0113ties starp da\u017e\u0101diem slodzes rakstura regul\u0113jumiem, regul\u0113jamu str\u0101vas un sprieguma l\u012bmeni, simul\u0113jot da\u017e\u0101dus boj\u0101juma apst\u0101k\u013cus.<\/p>\n<p>Izejas sprieguma mai\u0146str\u0101vas diapazons: 50 &#8230; 300 V<br \/>\nPrecizit\u0101te: \u00b1 0,1 %.<\/p>\n<p>Notikuma izejas sprieguma diapazons (mai\u0146str\u0101va): 0 V &#8230; 350 V<br \/>\nPrecizit\u0101te: \u00b1 0,1 %<\/p>\n<p>Fundament\u0101l\u0101s vid\u0113j\u0101s kvadr\u0101tisk\u0101s v\u0113rt\u012bbas str\u0101vas diapazons: 100 A &#8230; 2000 A<br \/>\nKop\u0113j\u0101 str\u0101vas precizit\u0101te: \u00b1 0,1<\/p>\n<p>Spriedzes vid\u0113j\u0101 kvadr\u0101tisk\u0101 kvadr\u0101tisk\u0101 str\u0101va izejas str\u0101va: J\u0101<\/p>\n<p>Frekvences izejas diapazons: 45 Hz &#8230; 70 Hz<br \/>\nPrecizit\u0101te: \u00b1 10 mHz<\/p>\n<p>Mirgo\u0161anas diapazons (Pst): 0,5 &#8230; 5,0<br \/>\nPrecizit\u0101te: \u00b1 1 %<\/p>\n<p>Sprieguma harmonikas diapazons (2. &#8230; 50.): 1 % &#8230; 100 %<br \/>\nPrecizit\u0101te: \u00b1 5 % no UhN<br \/>\nStr\u0101vas harmonikas (2. &#8230; 50.) un THD diapazons: 1 % &#8230; 100 %<br \/>\nPrecizit\u0101te: \u00b1 5 % no IhN<\/p>\n<p>Nesabalans\u0113t\u0101 sprieguma diapazons: 0,5 % &#8230; 5,0 %<br \/>\nPrecizit\u0101te: \u00b1 0,15 %<br \/>\nNebalansa str\u0101vas diapazons: 0,5 % &#8230; 20 %<br \/>\nPrecizit\u0101te: \u00b1 1 %<\/p>\n<p>P\u0101rsnieguma diapazons: 0 &#8230; 50 % UNom<br \/>\nPrecizit\u0101te: \u00b1 0,15 %<br \/>\nUP\u0101rsniedz diapazonu: 0 &#8230; 90 % UNom<br \/>\nPrecizit\u0101te:\u00b1 0,15 %<\/p>\n<p>Notikumu ilgums:10 ms &#8230; 7 dienas<br \/>\nIeraksta un notikuma laika z\u012bmogs: L\u012bdz aptur\u0113\u0161anai<\/p>\n<p>M\u0113r\u012bjumu kategorija: CAT I \/ 300 V<br \/>\nIzm\u0113ri: 23 x 14 x 8 cm<br \/>\nSvars: 1,34 kg<br \/>\nDisplejs: Kr\u0101sains 4,3 collu LCD displejs ar apgaismojumu, 480 x 272 punkti.<br \/>\nBaterijas: 6 x 1,2 V NiMH uzl\u0101d\u0113jamas HR 6 (AA) tipa baterijas.<br \/>\nDarba temperat\u016bras diapazons: -20 \u00b0C &#8230; +40 \u00b0C<\/p>\n<p>Standarta komplekts: MI 2891, sprieguma m\u0113r\u012b\u0161anas vadi (br\u016bns, melns, pel\u0113ks, za\u013c\u0161, zils), 5 gab, str\u0101vas m\u0113r\u012b\u0161anas vadi, 4 gab, kr\u0101su mar\u0137\u0113juma uzl\u012bmes, baro\u0161anas adapteris, 1,2 V NiMH uzl\u0101d\u0113jam\u0101 baterija, 6 gab, m\u012bksta somi\u0146a, USB kabelis, lieto\u0161anas instrukcija.<\/p>\n<h3>Tehnisk\u0101 inform\u0101cija:<\/h3>\n<ul>\n<li><a href=\"https:\/\/axiomams.eu\/importer\/export\/attachments\/en\/metrel-mi-2891.pdf\" target=\"_blank\">Metrel MI 2891.pdf<\/a><\/li>\n<\/ul>\n","protected":false},"excerpt":{"rendered":"<p>Metrel MI 2891 Power Simulator ir daudzfunkcion\u0101ls tr\u012bsf\u0101\u017eu jaudas simulators tipisku situ\u0101ciju simul\u0113\u0161anai zemsprieguma baro\u0161anas sist\u0113m\u0101s. Tas ir lielisks r\u012bks apm\u0101c\u012bbai, demonstr\u0101cijas nol\u016bkiem vai k\u0101 elektrodidaktisks l\u012bdzeklis. Simulatoram ir da\u017ei iepriek\u0161 ieprogramm\u0113ti scen\u0101riji, k\u0101 ar\u012b piln\u012bga manu\u0101l\u0101 re\u017e\u012bma iesp\u0113ja. Lietot\u0101js var izv\u0113l\u0113ties starp da\u017e\u0101diem slodzes rakstura regul\u0113jumiem, regul\u0113jamu str\u0101vas un sprieguma l\u012bmeni, simul\u0113jot da\u017e\u0101dus boj\u0101juma&#8230;<\/p>\n","protected":false},"featured_media":42189,"comment_status":"open","ping_status":"closed","template":"","meta":{"_acf_changed":false},"product_brand":[732],"product_cat":[17756],"product_tag":[],"class_list":{"0":"post-39235","1":"product","2":"type-product","3":"status-publish","4":"has-post-thumbnail","6":"product_brand-metrel","7":"product_cat-izglitibas-stendi","9":"first","10":"instock","11":"taxable","12":"shipping-taxable","13":"purchasable","14":"product-type-simple"},"acf":[],"yoast_head":"<!-- This site is optimized with the Yoast SEO plugin v27.0 - https:\/\/yoast.com\/product\/yoast-seo-wordpress\/ -->\n<title>Metrel MI 2891 jaudas simulators - AXIOMA MS<\/title>\n<meta name=\"robots\" content=\"index, follow, max-snippet:-1, max-image-preview:large, max-video-preview:-1\" \/>\n<link rel=\"canonical\" href=\"https:\/\/www.axiomams.eu\/lv\/produktas\/metrel-mi-2891-jaudas-simulators\" \/>\n<meta property=\"og:locale\" content=\"lv_LV\" \/>\n<meta property=\"og:type\" content=\"article\" \/>\n<meta property=\"og:title\" content=\"Metrel MI 2891 jaudas simulators - AXIOMA MS\" \/>\n<meta property=\"og:description\" content=\"Metrel MI 2891 Power Simulator ir daudzfunkcion\u0101ls tr\u012bsf\u0101\u017eu jaudas simulators tipisku situ\u0101ciju simul\u0113\u0161anai zemsprieguma baro\u0161anas sist\u0113m\u0101s. Tas ir lielisks r\u012bks apm\u0101c\u012bbai, demonstr\u0101cijas nol\u016bkiem vai k\u0101 elektrodidaktisks l\u012bdzeklis. Simulatoram ir da\u017ei iepriek\u0161 ieprogramm\u0113ti scen\u0101riji, k\u0101 ar\u012b piln\u012bga manu\u0101l\u0101 re\u017e\u012bma iesp\u0113ja. Lietot\u0101js var izv\u0113l\u0113ties starp da\u017e\u0101diem slodzes rakstura regul\u0113jumiem, regul\u0113jamu str\u0101vas un sprieguma l\u012bmeni, simul\u0113jot da\u017e\u0101dus boj\u0101juma...\" \/>\n<meta property=\"og:url\" content=\"https:\/\/www.axiomams.eu\/lv\/produktas\/metrel-mi-2891-jaudas-simulators\" \/>\n<meta property=\"og:site_name\" content=\"AXIOMA MS\" \/>\n<meta property=\"article:publisher\" content=\"https:\/\/www.facebook.com\/AxiomaMS\" \/>\n<meta property=\"article:modified_time\" content=\"2026-03-25T15:00:57+00:00\" \/>\n<meta property=\"og:image\" content=\"https:\/\/www.axiomams.eu\/wp-content\/uploads\/2025\/07\/2130-2754.jpg\" \/>\n\t<meta property=\"og:image:width\" content=\"660\" \/>\n\t<meta property=\"og:image:height\" content=\"600\" \/>\n\t<meta property=\"og:image:type\" content=\"image\/jpeg\" \/>\n<meta name=\"twitter:card\" content=\"summary_large_image\" \/>\n<meta name=\"twitter:label1\" content=\"Est. reading time\" \/>\n\t<meta name=\"twitter:data1\" content=\"2 minutes\" \/>\n<script type=\"application\/ld+json\" class=\"yoast-schema-graph\">{\"@context\":\"https:\/\/schema.org\",\"@graph\":[{\"@type\":\"WebPage\",\"@id\":\"https:\/\/www.axiomams.eu\/lv\/produktas\/metrel-mi-2891-jaudas-simulators\",\"url\":\"https:\/\/www.axiomams.eu\/lv\/produktas\/metrel-mi-2891-jaudas-simulators\",\"name\":\"Metrel MI 2891 jaudas simulators - AXIOMA MS\",\"isPartOf\":{\"@id\":\"https:\/\/www.axiomams.eu\/lv#website\"},\"primaryImageOfPage\":{\"@id\":\"https:\/\/www.axiomams.eu\/lv\/produktas\/metrel-mi-2891-jaudas-simulators#primaryimage\"},\"image\":{\"@id\":\"https:\/\/www.axiomams.eu\/lv\/produktas\/metrel-mi-2891-jaudas-simulators#primaryimage\"},\"thumbnailUrl\":\"https:\/\/www.axiomams.eu\/wp-content\/uploads\/2025\/07\/2130-2754.jpg\",\"datePublished\":\"2025-05-15T16:03:27+00:00\",\"dateModified\":\"2026-03-25T15:00:57+00:00\",\"breadcrumb\":{\"@id\":\"https:\/\/www.axiomams.eu\/lv\/produktas\/metrel-mi-2891-jaudas-simulators#breadcrumb\"},\"inLanguage\":\"lv-LV\",\"potentialAction\":[{\"@type\":\"ReadAction\",\"target\":[\"https:\/\/www.axiomams.eu\/lv\/produktas\/metrel-mi-2891-jaudas-simulators\"]}]},{\"@type\":\"ImageObject\",\"inLanguage\":\"lv-LV\",\"@id\":\"https:\/\/www.axiomams.eu\/lv\/produktas\/metrel-mi-2891-jaudas-simulators#primaryimage\",\"url\":\"https:\/\/www.axiomams.eu\/wp-content\/uploads\/2025\/07\/2130-2754.jpg\",\"contentUrl\":\"https:\/\/www.axiomams.eu\/wp-content\/uploads\/2025\/07\/2130-2754.jpg\",\"width\":660,\"height\":600},{\"@type\":\"BreadcrumbList\",\"@id\":\"https:\/\/www.axiomams.eu\/lv\/produktas\/metrel-mi-2891-jaudas-simulators#breadcrumb\",\"itemListElement\":[{\"@type\":\"ListItem\",\"position\":1,\"name\":\"Home\",\"item\":\"https:\/\/www.axiomams.eu\/lv\"},{\"@type\":\"ListItem\",\"position\":2,\"name\":\"Produkti\",\"item\":\"https:\/\/www.axiomams.eu\/lv\/produkti\"},{\"@type\":\"ListItem\",\"position\":3,\"name\":\"Metrel MI 2891 jaudas simulators\"}]},{\"@type\":\"WebSite\",\"@id\":\"https:\/\/www.axiomams.eu\/lv#website\",\"url\":\"https:\/\/www.axiomams.eu\/lv\",\"name\":\"AXIOMA MS\",\"description\":\"Terrmovizoriai ir matavimo \u012franga\",\"publisher\":{\"@id\":\"https:\/\/www.axiomams.eu\/lv#organization\"},\"potentialAction\":[{\"@type\":\"SearchAction\",\"target\":{\"@type\":\"EntryPoint\",\"urlTemplate\":\"https:\/\/www.axiomams.eu\/lv?s={search_term_string}\"},\"query-input\":{\"@type\":\"PropertyValueSpecification\",\"valueRequired\":true,\"valueName\":\"search_term_string\"}}],\"inLanguage\":\"lv-LV\"},{\"@type\":\"Organization\",\"@id\":\"https:\/\/www.axiomams.eu\/lv#organization\",\"name\":\"AXIOMA MS\",\"url\":\"https:\/\/www.axiomams.eu\/lv\",\"logo\":{\"@type\":\"ImageObject\",\"inLanguage\":\"lv-LV\",\"@id\":\"https:\/\/www.axiomams.eu\/lv#\/schema\/logo\/image\/\",\"url\":\"https:\/\/www.axiomams.eu\/wp-content\/uploads\/2025\/06\/axioma-logo-2.png\",\"contentUrl\":\"https:\/\/www.axiomams.eu\/wp-content\/uploads\/2025\/06\/axioma-logo-2.png\",\"width\":1200,\"height\":1200,\"caption\":\"AXIOMA MS\"},\"image\":{\"@id\":\"https:\/\/www.axiomams.eu\/lv#\/schema\/logo\/image\/\"},\"sameAs\":[\"https:\/\/www.facebook.com\/AxiomaMS\",\"https:\/\/www.linkedin.com\/company\/axiomams\/\"]}]}<\/script>\n<!-- \/ Yoast SEO plugin. -->","yoast_head_json":{"title":"Metrel MI 2891 jaudas simulators - AXIOMA MS","robots":{"index":"index","follow":"follow","max-snippet":"max-snippet:-1","max-image-preview":"max-image-preview:large","max-video-preview":"max-video-preview:-1"},"canonical":"https:\/\/www.axiomams.eu\/lv\/produktas\/metrel-mi-2891-jaudas-simulators","og_locale":"lv_LV","og_type":"article","og_title":"Metrel MI 2891 jaudas simulators - AXIOMA MS","og_description":"Metrel MI 2891 Power Simulator ir daudzfunkcion\u0101ls tr\u012bsf\u0101\u017eu jaudas simulators tipisku situ\u0101ciju simul\u0113\u0161anai zemsprieguma baro\u0161anas sist\u0113m\u0101s. Tas ir lielisks r\u012bks apm\u0101c\u012bbai, demonstr\u0101cijas nol\u016bkiem vai k\u0101 elektrodidaktisks l\u012bdzeklis. Simulatoram ir da\u017ei iepriek\u0161 ieprogramm\u0113ti scen\u0101riji, k\u0101 ar\u012b piln\u012bga manu\u0101l\u0101 re\u017e\u012bma iesp\u0113ja. Lietot\u0101js var izv\u0113l\u0113ties starp da\u017e\u0101diem slodzes rakstura regul\u0113jumiem, regul\u0113jamu str\u0101vas un sprieguma l\u012bmeni, simul\u0113jot da\u017e\u0101dus boj\u0101juma...","og_url":"https:\/\/www.axiomams.eu\/lv\/produktas\/metrel-mi-2891-jaudas-simulators","og_site_name":"AXIOMA MS","article_publisher":"https:\/\/www.facebook.com\/AxiomaMS","article_modified_time":"2026-03-25T15:00:57+00:00","og_image":[{"width":660,"height":600,"url":"https:\/\/www.axiomams.eu\/wp-content\/uploads\/2025\/07\/2130-2754.jpg","type":"image\/jpeg"}],"twitter_card":"summary_large_image","twitter_misc":{"Est. reading time":"2 minutes"},"schema":{"@context":"https:\/\/schema.org","@graph":[{"@type":"WebPage","@id":"https:\/\/www.axiomams.eu\/lv\/produktas\/metrel-mi-2891-jaudas-simulators","url":"https:\/\/www.axiomams.eu\/lv\/produktas\/metrel-mi-2891-jaudas-simulators","name":"Metrel MI 2891 jaudas simulators - AXIOMA MS","isPartOf":{"@id":"https:\/\/www.axiomams.eu\/lv#website"},"primaryImageOfPage":{"@id":"https:\/\/www.axiomams.eu\/lv\/produktas\/metrel-mi-2891-jaudas-simulators#primaryimage"},"image":{"@id":"https:\/\/www.axiomams.eu\/lv\/produktas\/metrel-mi-2891-jaudas-simulators#primaryimage"},"thumbnailUrl":"https:\/\/www.axiomams.eu\/wp-content\/uploads\/2025\/07\/2130-2754.jpg","datePublished":"2025-05-15T16:03:27+00:00","dateModified":"2026-03-25T15:00:57+00:00","breadcrumb":{"@id":"https:\/\/www.axiomams.eu\/lv\/produktas\/metrel-mi-2891-jaudas-simulators#breadcrumb"},"inLanguage":"lv-LV","potentialAction":[{"@type":"ReadAction","target":["https:\/\/www.axiomams.eu\/lv\/produktas\/metrel-mi-2891-jaudas-simulators"]}]},{"@type":"ImageObject","inLanguage":"lv-LV","@id":"https:\/\/www.axiomams.eu\/lv\/produktas\/metrel-mi-2891-jaudas-simulators#primaryimage","url":"https:\/\/www.axiomams.eu\/wp-content\/uploads\/2025\/07\/2130-2754.jpg","contentUrl":"https:\/\/www.axiomams.eu\/wp-content\/uploads\/2025\/07\/2130-2754.jpg","width":660,"height":600},{"@type":"BreadcrumbList","@id":"https:\/\/www.axiomams.eu\/lv\/produktas\/metrel-mi-2891-jaudas-simulators#breadcrumb","itemListElement":[{"@type":"ListItem","position":1,"name":"Home","item":"https:\/\/www.axiomams.eu\/lv"},{"@type":"ListItem","position":2,"name":"Produkti","item":"https:\/\/www.axiomams.eu\/lv\/produkti"},{"@type":"ListItem","position":3,"name":"Metrel MI 2891 jaudas simulators"}]},{"@type":"WebSite","@id":"https:\/\/www.axiomams.eu\/lv#website","url":"https:\/\/www.axiomams.eu\/lv","name":"AXIOMA MS","description":"Terrmovizoriai ir matavimo \u012franga","publisher":{"@id":"https:\/\/www.axiomams.eu\/lv#organization"},"potentialAction":[{"@type":"SearchAction","target":{"@type":"EntryPoint","urlTemplate":"https:\/\/www.axiomams.eu\/lv?s={search_term_string}"},"query-input":{"@type":"PropertyValueSpecification","valueRequired":true,"valueName":"search_term_string"}}],"inLanguage":"lv-LV"},{"@type":"Organization","@id":"https:\/\/www.axiomams.eu\/lv#organization","name":"AXIOMA MS","url":"https:\/\/www.axiomams.eu\/lv","logo":{"@type":"ImageObject","inLanguage":"lv-LV","@id":"https:\/\/www.axiomams.eu\/lv#\/schema\/logo\/image\/","url":"https:\/\/www.axiomams.eu\/wp-content\/uploads\/2025\/06\/axioma-logo-2.png","contentUrl":"https:\/\/www.axiomams.eu\/wp-content\/uploads\/2025\/06\/axioma-logo-2.png","width":1200,"height":1200,"caption":"AXIOMA MS"},"image":{"@id":"https:\/\/www.axiomams.eu\/lv#\/schema\/logo\/image\/"},"sameAs":["https:\/\/www.facebook.com\/AxiomaMS","https:\/\/www.linkedin.com\/company\/axiomams\/"]}]}},"_links":{"self":[{"href":"https:\/\/www.axiomams.eu\/lv\/wp-json\/wp\/v2\/product\/39235","targetHints":{"allow":["GET"]}}],"collection":[{"href":"https:\/\/www.axiomams.eu\/lv\/wp-json\/wp\/v2\/product"}],"about":[{"href":"https:\/\/www.axiomams.eu\/lv\/wp-json\/wp\/v2\/types\/product"}],"replies":[{"embeddable":true,"href":"https:\/\/www.axiomams.eu\/lv\/wp-json\/wp\/v2\/comments?post=39235"}],"wp:featuredmedia":[{"embeddable":true,"href":"https:\/\/www.axiomams.eu\/lv\/wp-json\/wp\/v2\/media\/42189"}],"wp:attachment":[{"href":"https:\/\/www.axiomams.eu\/lv\/wp-json\/wp\/v2\/media?parent=39235"}],"wp:term":[{"taxonomy":"product_brand","embeddable":true,"href":"https:\/\/www.axiomams.eu\/lv\/wp-json\/wp\/v2\/product_brand?post=39235"},{"taxonomy":"product_cat","embeddable":true,"href":"https:\/\/www.axiomams.eu\/lv\/wp-json\/wp\/v2\/product_cat?post=39235"},{"taxonomy":"product_tag","embeddable":true,"href":"https:\/\/www.axiomams.eu\/lv\/wp-json\/wp\/v2\/product_tag?post=39235"}],"curies":[{"name":"wp","href":"https:\/\/api.w.org\/{rel}","templated":true}]}}