{"id":39238,"date":"2025-05-15T18:03:29","date_gmt":"2025-05-15T16:03:29","guid":{"rendered":"https:\/\/www.axiomams.eu\/produktas\/metrel-mi-3100-se-daudzfunkcionals-elektroinstalaciju-testeris"},"modified":"2026-03-25T17:01:00","modified_gmt":"2026-03-25T15:01:00","slug":"metrel-mi-3100-se-daudzfunkcionals-elektroinstalaciju-testeris","status":"publish","type":"product","link":"https:\/\/www.axiomams.eu\/lv\/produktas\/metrel-mi-3100-se-daudzfunkcionals-elektroinstalaciju-testeris","title":{"rendered":"Metrel MI 3100 SE daudzfunkcion\u0101ls elektroinstal\u0101ciju testeris"},"content":{"rendered":"<p>Standarta komplekts: Metrel MI 3100 SE, Schuko-plug testa kabelis, 1,5 m, testa vads, 3 x 1,5 m, testa zonde, 3 gab (zila, melna, za\u013ca), krokodila skava, 3 gab (zila, melna, za\u013ca), baro\u0161anas adapteris + 6 NiMH uzl\u0101d\u0113jamas baterijas, AA izm\u0113rs, RS232 &#8211; PS\/2 kabelis, USB kabelis, m\u012bksts kakla josta, m\u012bksta somi\u0146a, PC programmat\u016bra EuroLink PRO, \u012bsa lieto\u0161anas instrukcija, lieto\u0161anas instrukcija uz CD, rokasgr\u0101mata uz CD, kalibr\u0113\u0161anas sertifik\u0101ts.<\/p>\n<h3>Tehnisk\u0101 inform\u0101cija:<\/h3>\n<ul>\n<li><a href=\"https:\/\/axiomams.eu\/importer\/export\/attachments\/en\/metrel-mi-3100-se.pdf\" target=\"_blank\">Metrel MI 3100 SE.pdf<\/a><\/li>\n<\/ul>\n","protected":false},"excerpt":{"rendered":"<p>Standarta komplekts: Metrel MI 3100 SE, Schuko-plug testa kabelis, 1,5 m, testa vads, 3 x 1,5 m, testa zonde, 3 gab (zila, melna, za\u013ca), krokodila skava, 3 gab (zila, melna, za\u013ca), baro\u0161anas adapteris + 6 NiMH uzl\u0101d\u0113jamas baterijas, AA izm\u0113rs, RS232 &#8211; PS\/2 kabelis, USB kabelis, m\u012bksts kakla josta, m\u012bksta somi\u0146a, PC programmat\u016bra EuroLink PRO,&#8230;<\/p>\n","protected":false},"featured_media":42197,"comment_status":"open","ping_status":"closed","template":"","meta":{"_acf_changed":false},"product_brand":[732],"product_cat":[17712],"product_tag":[],"class_list":{"0":"post-39238","1":"product","2":"type-product","3":"status-publish","4":"has-post-thumbnail","6":"product_brand-metrel","7":"product_cat-elektroinstalacijas-parbaudei","9":"first","10":"instock","11":"taxable","12":"shipping-taxable","13":"purchasable","14":"product-type-simple"},"acf":[],"yoast_head":"<!-- This site is optimized with the Yoast SEO plugin v27.0 - https:\/\/yoast.com\/product\/yoast-seo-wordpress\/ -->\n<title>Metrel MI 3100 SE daudzfunkcion\u0101ls elektroinstal\u0101ciju testeris - AXIOMA MS<\/title>\n<meta name=\"robots\" content=\"index, follow, max-snippet:-1, max-image-preview:large, max-video-preview:-1\" \/>\n<link rel=\"canonical\" href=\"https:\/\/www.axiomams.eu\/lv\/produktas\/metrel-mi-3100-se-daudzfunkcionals-elektroinstalaciju-testeris\" \/>\n<meta property=\"og:locale\" content=\"lv_LV\" \/>\n<meta property=\"og:type\" content=\"article\" \/>\n<meta property=\"og:title\" content=\"Metrel MI 3100 SE daudzfunkcion\u0101ls elektroinstal\u0101ciju testeris - AXIOMA MS\" \/>\n<meta property=\"og:description\" content=\"Standarta komplekts: Metrel MI 3100 SE, Schuko-plug testa kabelis, 1,5 m, testa vads, 3 x 1,5 m, testa zonde, 3 gab (zila, melna, za\u013ca), krokodila skava, 3 gab (zila, melna, za\u013ca), baro\u0161anas adapteris + 6 NiMH uzl\u0101d\u0113jamas baterijas, AA izm\u0113rs, RS232 &#8211; PS\/2 kabelis, USB kabelis, m\u012bksts kakla josta, m\u012bksta somi\u0146a, PC programmat\u016bra EuroLink PRO,...\" \/>\n<meta property=\"og:url\" content=\"https:\/\/www.axiomams.eu\/lv\/produktas\/metrel-mi-3100-se-daudzfunkcionals-elektroinstalaciju-testeris\" \/>\n<meta property=\"og:site_name\" content=\"AXIOMA MS\" \/>\n<meta property=\"article:publisher\" content=\"https:\/\/www.facebook.com\/AxiomaMS\" \/>\n<meta property=\"article:modified_time\" content=\"2026-03-25T15:01:00+00:00\" \/>\n<meta property=\"og:image\" content=\"https:\/\/www.axiomams.eu\/wp-content\/uploads\/2025\/07\/3176-4196.jpg\" \/>\n\t<meta property=\"og:image:width\" content=\"840\" \/>\n\t<meta property=\"og:image:height\" content=\"472\" \/>\n\t<meta property=\"og:image:type\" content=\"image\/jpeg\" \/>\n<meta name=\"twitter:card\" content=\"summary_large_image\" \/>\n<script type=\"application\/ld+json\" class=\"yoast-schema-graph\">{\"@context\":\"https:\/\/schema.org\",\"@graph\":[{\"@type\":\"WebPage\",\"@id\":\"https:\/\/www.axiomams.eu\/lv\/produktas\/metrel-mi-3100-se-daudzfunkcionals-elektroinstalaciju-testeris\",\"url\":\"https:\/\/www.axiomams.eu\/lv\/produktas\/metrel-mi-3100-se-daudzfunkcionals-elektroinstalaciju-testeris\",\"name\":\"Metrel MI 3100 SE daudzfunkcion\u0101ls elektroinstal\u0101ciju testeris - AXIOMA MS\",\"isPartOf\":{\"@id\":\"https:\/\/www.axiomams.eu\/lv#website\"},\"primaryImageOfPage\":{\"@id\":\"https:\/\/www.axiomams.eu\/lv\/produktas\/metrel-mi-3100-se-daudzfunkcionals-elektroinstalaciju-testeris#primaryimage\"},\"image\":{\"@id\":\"https:\/\/www.axiomams.eu\/lv\/produktas\/metrel-mi-3100-se-daudzfunkcionals-elektroinstalaciju-testeris#primaryimage\"},\"thumbnailUrl\":\"https:\/\/www.axiomams.eu\/wp-content\/uploads\/2025\/07\/3176-4196.jpg\",\"datePublished\":\"2025-05-15T16:03:29+00:00\",\"dateModified\":\"2026-03-25T15:01:00+00:00\",\"breadcrumb\":{\"@id\":\"https:\/\/www.axiomams.eu\/lv\/produktas\/metrel-mi-3100-se-daudzfunkcionals-elektroinstalaciju-testeris#breadcrumb\"},\"inLanguage\":\"lv-LV\",\"potentialAction\":[{\"@type\":\"ReadAction\",\"target\":[\"https:\/\/www.axiomams.eu\/lv\/produktas\/metrel-mi-3100-se-daudzfunkcionals-elektroinstalaciju-testeris\"]}]},{\"@type\":\"ImageObject\",\"inLanguage\":\"lv-LV\",\"@id\":\"https:\/\/www.axiomams.eu\/lv\/produktas\/metrel-mi-3100-se-daudzfunkcionals-elektroinstalaciju-testeris#primaryimage\",\"url\":\"https:\/\/www.axiomams.eu\/wp-content\/uploads\/2025\/07\/3176-4196.jpg\",\"contentUrl\":\"https:\/\/www.axiomams.eu\/wp-content\/uploads\/2025\/07\/3176-4196.jpg\",\"width\":840,\"height\":472},{\"@type\":\"BreadcrumbList\",\"@id\":\"https:\/\/www.axiomams.eu\/lv\/produktas\/metrel-mi-3100-se-daudzfunkcionals-elektroinstalaciju-testeris#breadcrumb\",\"itemListElement\":[{\"@type\":\"ListItem\",\"position\":1,\"name\":\"Home\",\"item\":\"https:\/\/www.axiomams.eu\/lv\"},{\"@type\":\"ListItem\",\"position\":2,\"name\":\"Produkti\",\"item\":\"https:\/\/www.axiomams.eu\/lv\/produkti\"},{\"@type\":\"ListItem\",\"position\":3,\"name\":\"Metrel MI 3100 SE daudzfunkcion\u0101ls elektroinstal\u0101ciju testeris\"}]},{\"@type\":\"WebSite\",\"@id\":\"https:\/\/www.axiomams.eu\/lv#website\",\"url\":\"https:\/\/www.axiomams.eu\/lv\",\"name\":\"AXIOMA MS\",\"description\":\"Terrmovizoriai ir matavimo \u012franga\",\"publisher\":{\"@id\":\"https:\/\/www.axiomams.eu\/lv#organization\"},\"potentialAction\":[{\"@type\":\"SearchAction\",\"target\":{\"@type\":\"EntryPoint\",\"urlTemplate\":\"https:\/\/www.axiomams.eu\/lv?s={search_term_string}\"},\"query-input\":{\"@type\":\"PropertyValueSpecification\",\"valueRequired\":true,\"valueName\":\"search_term_string\"}}],\"inLanguage\":\"lv-LV\"},{\"@type\":\"Organization\",\"@id\":\"https:\/\/www.axiomams.eu\/lv#organization\",\"name\":\"AXIOMA MS\",\"url\":\"https:\/\/www.axiomams.eu\/lv\",\"logo\":{\"@type\":\"ImageObject\",\"inLanguage\":\"lv-LV\",\"@id\":\"https:\/\/www.axiomams.eu\/lv#\/schema\/logo\/image\/\",\"url\":\"https:\/\/www.axiomams.eu\/wp-content\/uploads\/2025\/06\/axioma-logo-2.png\",\"contentUrl\":\"https:\/\/www.axiomams.eu\/wp-content\/uploads\/2025\/06\/axioma-logo-2.png\",\"width\":1200,\"height\":1200,\"caption\":\"AXIOMA MS\"},\"image\":{\"@id\":\"https:\/\/www.axiomams.eu\/lv#\/schema\/logo\/image\/\"},\"sameAs\":[\"https:\/\/www.facebook.com\/AxiomaMS\",\"https:\/\/www.linkedin.com\/company\/axiomams\/\"]}]}<\/script>\n<!-- \/ Yoast SEO plugin. -->","yoast_head_json":{"title":"Metrel MI 3100 SE daudzfunkcion\u0101ls elektroinstal\u0101ciju testeris - AXIOMA MS","robots":{"index":"index","follow":"follow","max-snippet":"max-snippet:-1","max-image-preview":"max-image-preview:large","max-video-preview":"max-video-preview:-1"},"canonical":"https:\/\/www.axiomams.eu\/lv\/produktas\/metrel-mi-3100-se-daudzfunkcionals-elektroinstalaciju-testeris","og_locale":"lv_LV","og_type":"article","og_title":"Metrel MI 3100 SE daudzfunkcion\u0101ls elektroinstal\u0101ciju testeris - AXIOMA MS","og_description":"Standarta komplekts: Metrel MI 3100 SE, Schuko-plug testa kabelis, 1,5 m, testa vads, 3 x 1,5 m, testa zonde, 3 gab (zila, melna, za\u013ca), krokodila skava, 3 gab (zila, melna, za\u013ca), baro\u0161anas adapteris + 6 NiMH uzl\u0101d\u0113jamas baterijas, AA izm\u0113rs, RS232 &#8211; PS\/2 kabelis, USB kabelis, m\u012bksts kakla josta, m\u012bksta somi\u0146a, PC programmat\u016bra EuroLink PRO,...","og_url":"https:\/\/www.axiomams.eu\/lv\/produktas\/metrel-mi-3100-se-daudzfunkcionals-elektroinstalaciju-testeris","og_site_name":"AXIOMA MS","article_publisher":"https:\/\/www.facebook.com\/AxiomaMS","article_modified_time":"2026-03-25T15:01:00+00:00","og_image":[{"width":840,"height":472,"url":"https:\/\/www.axiomams.eu\/wp-content\/uploads\/2025\/07\/3176-4196.jpg","type":"image\/jpeg"}],"twitter_card":"summary_large_image","schema":{"@context":"https:\/\/schema.org","@graph":[{"@type":"WebPage","@id":"https:\/\/www.axiomams.eu\/lv\/produktas\/metrel-mi-3100-se-daudzfunkcionals-elektroinstalaciju-testeris","url":"https:\/\/www.axiomams.eu\/lv\/produktas\/metrel-mi-3100-se-daudzfunkcionals-elektroinstalaciju-testeris","name":"Metrel MI 3100 SE daudzfunkcion\u0101ls elektroinstal\u0101ciju testeris - AXIOMA MS","isPartOf":{"@id":"https:\/\/www.axiomams.eu\/lv#website"},"primaryImageOfPage":{"@id":"https:\/\/www.axiomams.eu\/lv\/produktas\/metrel-mi-3100-se-daudzfunkcionals-elektroinstalaciju-testeris#primaryimage"},"image":{"@id":"https:\/\/www.axiomams.eu\/lv\/produktas\/metrel-mi-3100-se-daudzfunkcionals-elektroinstalaciju-testeris#primaryimage"},"thumbnailUrl":"https:\/\/www.axiomams.eu\/wp-content\/uploads\/2025\/07\/3176-4196.jpg","datePublished":"2025-05-15T16:03:29+00:00","dateModified":"2026-03-25T15:01:00+00:00","breadcrumb":{"@id":"https:\/\/www.axiomams.eu\/lv\/produktas\/metrel-mi-3100-se-daudzfunkcionals-elektroinstalaciju-testeris#breadcrumb"},"inLanguage":"lv-LV","potentialAction":[{"@type":"ReadAction","target":["https:\/\/www.axiomams.eu\/lv\/produktas\/metrel-mi-3100-se-daudzfunkcionals-elektroinstalaciju-testeris"]}]},{"@type":"ImageObject","inLanguage":"lv-LV","@id":"https:\/\/www.axiomams.eu\/lv\/produktas\/metrel-mi-3100-se-daudzfunkcionals-elektroinstalaciju-testeris#primaryimage","url":"https:\/\/www.axiomams.eu\/wp-content\/uploads\/2025\/07\/3176-4196.jpg","contentUrl":"https:\/\/www.axiomams.eu\/wp-content\/uploads\/2025\/07\/3176-4196.jpg","width":840,"height":472},{"@type":"BreadcrumbList","@id":"https:\/\/www.axiomams.eu\/lv\/produktas\/metrel-mi-3100-se-daudzfunkcionals-elektroinstalaciju-testeris#breadcrumb","itemListElement":[{"@type":"ListItem","position":1,"name":"Home","item":"https:\/\/www.axiomams.eu\/lv"},{"@type":"ListItem","position":2,"name":"Produkti","item":"https:\/\/www.axiomams.eu\/lv\/produkti"},{"@type":"ListItem","position":3,"name":"Metrel MI 3100 SE daudzfunkcion\u0101ls elektroinstal\u0101ciju testeris"}]},{"@type":"WebSite","@id":"https:\/\/www.axiomams.eu\/lv#website","url":"https:\/\/www.axiomams.eu\/lv","name":"AXIOMA MS","description":"Terrmovizoriai ir matavimo \u012franga","publisher":{"@id":"https:\/\/www.axiomams.eu\/lv#organization"},"potentialAction":[{"@type":"SearchAction","target":{"@type":"EntryPoint","urlTemplate":"https:\/\/www.axiomams.eu\/lv?s={search_term_string}"},"query-input":{"@type":"PropertyValueSpecification","valueRequired":true,"valueName":"search_term_string"}}],"inLanguage":"lv-LV"},{"@type":"Organization","@id":"https:\/\/www.axiomams.eu\/lv#organization","name":"AXIOMA MS","url":"https:\/\/www.axiomams.eu\/lv","logo":{"@type":"ImageObject","inLanguage":"lv-LV","@id":"https:\/\/www.axiomams.eu\/lv#\/schema\/logo\/image\/","url":"https:\/\/www.axiomams.eu\/wp-content\/uploads\/2025\/06\/axioma-logo-2.png","contentUrl":"https:\/\/www.axiomams.eu\/wp-content\/uploads\/2025\/06\/axioma-logo-2.png","width":1200,"height":1200,"caption":"AXIOMA MS"},"image":{"@id":"https:\/\/www.axiomams.eu\/lv#\/schema\/logo\/image\/"},"sameAs":["https:\/\/www.facebook.com\/AxiomaMS","https:\/\/www.linkedin.com\/company\/axiomams\/"]}]}},"_links":{"self":[{"href":"https:\/\/www.axiomams.eu\/lv\/wp-json\/wp\/v2\/product\/39238","targetHints":{"allow":["GET"]}}],"collection":[{"href":"https:\/\/www.axiomams.eu\/lv\/wp-json\/wp\/v2\/product"}],"about":[{"href":"https:\/\/www.axiomams.eu\/lv\/wp-json\/wp\/v2\/types\/product"}],"replies":[{"embeddable":true,"href":"https:\/\/www.axiomams.eu\/lv\/wp-json\/wp\/v2\/comments?post=39238"}],"wp:featuredmedia":[{"embeddable":true,"href":"https:\/\/www.axiomams.eu\/lv\/wp-json\/wp\/v2\/media\/42197"}],"wp:attachment":[{"href":"https:\/\/www.axiomams.eu\/lv\/wp-json\/wp\/v2\/media?parent=39238"}],"wp:term":[{"taxonomy":"product_brand","embeddable":true,"href":"https:\/\/www.axiomams.eu\/lv\/wp-json\/wp\/v2\/product_brand?post=39238"},{"taxonomy":"product_cat","embeddable":true,"href":"https:\/\/www.axiomams.eu\/lv\/wp-json\/wp\/v2\/product_cat?post=39238"},{"taxonomy":"product_tag","embeddable":true,"href":"https:\/\/www.axiomams.eu\/lv\/wp-json\/wp\/v2\/product_tag?post=39238"}],"curies":[{"name":"wp","href":"https:\/\/api.w.org\/{rel}","templated":true}]}}