{"id":39242,"date":"2025-05-15T17:58:22","date_gmt":"2025-05-15T15:58:22","guid":{"rendered":"https:\/\/www.axiomams.eu\/produktas\/metrel-mi-3125-bt-uzstadisanas-drosibas-testeris"},"modified":"2026-03-25T17:01:00","modified_gmt":"2026-03-25T15:01:00","slug":"metrel-mi-3125-bt-uzstadisanas-drosibas-testeris","status":"publish","type":"product","link":"https:\/\/www.axiomams.eu\/lv\/produktas\/metrel-mi-3125-bt-uzstadisanas-drosibas-testeris","title":{"rendered":"Metrel MI 3125 BT uzst\u0101d\u012b\u0161anas dro\u0161\u012bbas testeris"},"content":{"rendered":"<p>EurotestCOMBO (MI 3102 BT) EurotestXE ir daudzfunkcion\u0101ls m\u0113rinstruments, kas veic pilnu instal\u0101cijas dro\u0161\u012bbas testu komplektu saska\u0146\u0101 ar IEC\/EN 61557. Tas atbalsta TN, TT un IT zem\u0113juma sist\u0113mu AUTO SEQUENCE \u00ae test\u0113\u0161anu. Var veikt ISFL m\u0113r\u012bjumus un IMD testus. Turkl\u0101t ar MI 3102 BT EurotestXE var veikt tie\u0161saistes sprieguma uzraudz\u012bbu, f\u0101\u017eu sec\u012bbas test\u0113\u0161anu, zem\u0113juma pretest\u012bbas m\u0113r\u012bjumus, apgaismojuma m\u0113r\u012bjumus un TRMS str\u0101vas m\u0113r\u012bjumus. EurotestXE ir apr\u012bkots ar integr\u0113tu dro\u0161in\u0101t\u0101ju un RCD raksturlielumu, lai var\u0113tu nov\u0113rt\u0113t PASS \/ FAIL testa rezult\u0101tus. Visus rezult\u0101tus var \u0101tri saglab\u0101t un atsaukties uz instrumentu un p\u0113c tam, izmantojot EuroLink PRO programmat\u016bru (iek\u013cauta standarta komplekt\u0101cij\u0101), lejupiel\u0101d\u0113t dator\u0101, lai p\u0113c test\u0113\u0161anas tos nov\u0113rt\u0113tu un sagatavotu p\u0101rskatu.<\/p>\n<p>Standarta komplekts: instruments EurotestCOMBO (MI3125 BT), p\u0101rn\u0113s\u0101\u0161anas siksnu komplekts, testa vads 3 x 1,5 m, \u0161uko-plug testa kabelis, testa zonde (3 gab.), krokodila skava (3 gab.), l\u0101d\u0113t\u0101js &#8211; baro\u0161anas adapteris, uzl\u0101d\u0113jamas baterijas 6 x 1,5 V NiMH, AA tipa, USB kabelis, RS232 kabelis, PC SW EuroLink PRO, lieto\u0161anas instrukcija, rokasgr\u0101mata, kalibr\u0113\u0161anas sertifik\u0101ts.<\/p>\n<h3>Tehnisk\u0101 inform\u0101cija:<\/h3>\n<ul>\n<li><a href=\"https:\/\/axiomams.eu\/importer\/export\/attachments\/en\/metrel-mi-3125-bt.pdf\" target=\"_blank\">Metrel MI 3125 BT.pdf<\/a><\/li>\n<\/ul>\n","protected":false},"excerpt":{"rendered":"<p>EurotestCOMBO (MI 3102 BT) EurotestXE ir daudzfunkcion\u0101ls m\u0113rinstruments, kas veic pilnu instal\u0101cijas dro\u0161\u012bbas testu komplektu saska\u0146\u0101 ar IEC\/EN 61557. Tas atbalsta TN, TT un IT zem\u0113juma sist\u0113mu AUTO SEQUENCE \u00ae test\u0113\u0161anu. Var veikt ISFL m\u0113r\u012bjumus un IMD testus. Turkl\u0101t ar MI 3102 BT EurotestXE var veikt tie\u0161saistes sprieguma uzraudz\u012bbu, f\u0101\u017eu sec\u012bbas test\u0113\u0161anu, zem\u0113juma pretest\u012bbas m\u0113r\u012bjumus,&#8230;<\/p>\n","protected":false},"featured_media":42205,"comment_status":"open","ping_status":"closed","template":"","meta":{"_acf_changed":false},"product_brand":[732],"product_cat":[17712],"product_tag":[],"class_list":{"0":"post-39242","1":"product","2":"type-product","3":"status-publish","4":"has-post-thumbnail","6":"product_brand-metrel","7":"product_cat-elektroinstalacijas-parbaudei","9":"first","10":"instock","11":"taxable","12":"shipping-taxable","13":"purchasable","14":"product-type-simple"},"acf":[],"yoast_head":"<!-- This site is optimized with the Yoast SEO plugin v27.0 - https:\/\/yoast.com\/product\/yoast-seo-wordpress\/ -->\n<title>Metrel MI 3125 BT uzst\u0101d\u012b\u0161anas dro\u0161\u012bbas testeris - AXIOMA MS<\/title>\n<meta name=\"robots\" content=\"index, follow, max-snippet:-1, max-image-preview:large, max-video-preview:-1\" \/>\n<link rel=\"canonical\" href=\"https:\/\/www.axiomams.eu\/lv\/produktas\/metrel-mi-3125-bt-uzstadisanas-drosibas-testeris\" \/>\n<meta property=\"og:locale\" content=\"lv_LV\" \/>\n<meta property=\"og:type\" content=\"article\" \/>\n<meta property=\"og:title\" content=\"Metrel MI 3125 BT uzst\u0101d\u012b\u0161anas dro\u0161\u012bbas testeris - AXIOMA MS\" \/>\n<meta property=\"og:description\" content=\"EurotestCOMBO (MI 3102 BT) EurotestXE ir daudzfunkcion\u0101ls m\u0113rinstruments, kas veic pilnu instal\u0101cijas dro\u0161\u012bbas testu komplektu saska\u0146\u0101 ar IEC\/EN 61557. Tas atbalsta TN, TT un IT zem\u0113juma sist\u0113mu AUTO SEQUENCE \u00ae test\u0113\u0161anu. Var veikt ISFL m\u0113r\u012bjumus un IMD testus. Turkl\u0101t ar MI 3102 BT EurotestXE var veikt tie\u0161saistes sprieguma uzraudz\u012bbu, f\u0101\u017eu sec\u012bbas test\u0113\u0161anu, zem\u0113juma pretest\u012bbas m\u0113r\u012bjumus,...\" \/>\n<meta property=\"og:url\" content=\"https:\/\/www.axiomams.eu\/lv\/produktas\/metrel-mi-3125-bt-uzstadisanas-drosibas-testeris\" \/>\n<meta property=\"og:site_name\" content=\"AXIOMA MS\" \/>\n<meta property=\"article:publisher\" content=\"https:\/\/www.facebook.com\/AxiomaMS\" \/>\n<meta property=\"article:modified_time\" content=\"2026-03-25T15:01:00+00:00\" \/>\n<meta property=\"og:image\" content=\"https:\/\/www.axiomams.eu\/wp-content\/uploads\/2025\/07\/537-559.jpg\" \/>\n\t<meta property=\"og:image:width\" content=\"800\" \/>\n\t<meta property=\"og:image:height\" content=\"600\" \/>\n\t<meta property=\"og:image:type\" content=\"image\/jpeg\" \/>\n<meta name=\"twitter:card\" content=\"summary_large_image\" \/>\n<meta name=\"twitter:label1\" content=\"Est. reading time\" \/>\n\t<meta name=\"twitter:data1\" content=\"1 minute\" \/>\n<script type=\"application\/ld+json\" class=\"yoast-schema-graph\">{\"@context\":\"https:\/\/schema.org\",\"@graph\":[{\"@type\":\"WebPage\",\"@id\":\"https:\/\/www.axiomams.eu\/lv\/produktas\/metrel-mi-3125-bt-uzstadisanas-drosibas-testeris\",\"url\":\"https:\/\/www.axiomams.eu\/lv\/produktas\/metrel-mi-3125-bt-uzstadisanas-drosibas-testeris\",\"name\":\"Metrel MI 3125 BT uzst\u0101d\u012b\u0161anas dro\u0161\u012bbas testeris - AXIOMA MS\",\"isPartOf\":{\"@id\":\"https:\/\/www.axiomams.eu\/lv#website\"},\"primaryImageOfPage\":{\"@id\":\"https:\/\/www.axiomams.eu\/lv\/produktas\/metrel-mi-3125-bt-uzstadisanas-drosibas-testeris#primaryimage\"},\"image\":{\"@id\":\"https:\/\/www.axiomams.eu\/lv\/produktas\/metrel-mi-3125-bt-uzstadisanas-drosibas-testeris#primaryimage\"},\"thumbnailUrl\":\"https:\/\/www.axiomams.eu\/wp-content\/uploads\/2025\/07\/537-559.jpg\",\"datePublished\":\"2025-05-15T15:58:22+00:00\",\"dateModified\":\"2026-03-25T15:01:00+00:00\",\"breadcrumb\":{\"@id\":\"https:\/\/www.axiomams.eu\/lv\/produktas\/metrel-mi-3125-bt-uzstadisanas-drosibas-testeris#breadcrumb\"},\"inLanguage\":\"lv-LV\",\"potentialAction\":[{\"@type\":\"ReadAction\",\"target\":[\"https:\/\/www.axiomams.eu\/lv\/produktas\/metrel-mi-3125-bt-uzstadisanas-drosibas-testeris\"]}]},{\"@type\":\"ImageObject\",\"inLanguage\":\"lv-LV\",\"@id\":\"https:\/\/www.axiomams.eu\/lv\/produktas\/metrel-mi-3125-bt-uzstadisanas-drosibas-testeris#primaryimage\",\"url\":\"https:\/\/www.axiomams.eu\/wp-content\/uploads\/2025\/07\/537-559.jpg\",\"contentUrl\":\"https:\/\/www.axiomams.eu\/wp-content\/uploads\/2025\/07\/537-559.jpg\",\"width\":800,\"height\":600},{\"@type\":\"BreadcrumbList\",\"@id\":\"https:\/\/www.axiomams.eu\/lv\/produktas\/metrel-mi-3125-bt-uzstadisanas-drosibas-testeris#breadcrumb\",\"itemListElement\":[{\"@type\":\"ListItem\",\"position\":1,\"name\":\"Home\",\"item\":\"https:\/\/www.axiomams.eu\/lv\"},{\"@type\":\"ListItem\",\"position\":2,\"name\":\"Produkti\",\"item\":\"https:\/\/www.axiomams.eu\/lv\/produkti\"},{\"@type\":\"ListItem\",\"position\":3,\"name\":\"Metrel MI 3125 BT uzst\u0101d\u012b\u0161anas dro\u0161\u012bbas testeris\"}]},{\"@type\":\"WebSite\",\"@id\":\"https:\/\/www.axiomams.eu\/lv#website\",\"url\":\"https:\/\/www.axiomams.eu\/lv\",\"name\":\"AXIOMA MS\",\"description\":\"Terrmovizoriai ir matavimo \u012franga\",\"publisher\":{\"@id\":\"https:\/\/www.axiomams.eu\/lv#organization\"},\"potentialAction\":[{\"@type\":\"SearchAction\",\"target\":{\"@type\":\"EntryPoint\",\"urlTemplate\":\"https:\/\/www.axiomams.eu\/lv?s={search_term_string}\"},\"query-input\":{\"@type\":\"PropertyValueSpecification\",\"valueRequired\":true,\"valueName\":\"search_term_string\"}}],\"inLanguage\":\"lv-LV\"},{\"@type\":\"Organization\",\"@id\":\"https:\/\/www.axiomams.eu\/lv#organization\",\"name\":\"AXIOMA MS\",\"url\":\"https:\/\/www.axiomams.eu\/lv\",\"logo\":{\"@type\":\"ImageObject\",\"inLanguage\":\"lv-LV\",\"@id\":\"https:\/\/www.axiomams.eu\/lv#\/schema\/logo\/image\/\",\"url\":\"https:\/\/www.axiomams.eu\/wp-content\/uploads\/2025\/06\/axioma-logo-2.png\",\"contentUrl\":\"https:\/\/www.axiomams.eu\/wp-content\/uploads\/2025\/06\/axioma-logo-2.png\",\"width\":1200,\"height\":1200,\"caption\":\"AXIOMA MS\"},\"image\":{\"@id\":\"https:\/\/www.axiomams.eu\/lv#\/schema\/logo\/image\/\"},\"sameAs\":[\"https:\/\/www.facebook.com\/AxiomaMS\",\"https:\/\/www.linkedin.com\/company\/axiomams\/\"]}]}<\/script>\n<!-- \/ Yoast SEO plugin. -->","yoast_head_json":{"title":"Metrel MI 3125 BT uzst\u0101d\u012b\u0161anas dro\u0161\u012bbas testeris - AXIOMA MS","robots":{"index":"index","follow":"follow","max-snippet":"max-snippet:-1","max-image-preview":"max-image-preview:large","max-video-preview":"max-video-preview:-1"},"canonical":"https:\/\/www.axiomams.eu\/lv\/produktas\/metrel-mi-3125-bt-uzstadisanas-drosibas-testeris","og_locale":"lv_LV","og_type":"article","og_title":"Metrel MI 3125 BT uzst\u0101d\u012b\u0161anas dro\u0161\u012bbas testeris - AXIOMA MS","og_description":"EurotestCOMBO (MI 3102 BT) EurotestXE ir daudzfunkcion\u0101ls m\u0113rinstruments, kas veic pilnu instal\u0101cijas dro\u0161\u012bbas testu komplektu saska\u0146\u0101 ar IEC\/EN 61557. Tas atbalsta TN, TT un IT zem\u0113juma sist\u0113mu AUTO SEQUENCE \u00ae test\u0113\u0161anu. Var veikt ISFL m\u0113r\u012bjumus un IMD testus. Turkl\u0101t ar MI 3102 BT EurotestXE var veikt tie\u0161saistes sprieguma uzraudz\u012bbu, f\u0101\u017eu sec\u012bbas test\u0113\u0161anu, zem\u0113juma pretest\u012bbas m\u0113r\u012bjumus,...","og_url":"https:\/\/www.axiomams.eu\/lv\/produktas\/metrel-mi-3125-bt-uzstadisanas-drosibas-testeris","og_site_name":"AXIOMA MS","article_publisher":"https:\/\/www.facebook.com\/AxiomaMS","article_modified_time":"2026-03-25T15:01:00+00:00","og_image":[{"width":800,"height":600,"url":"https:\/\/www.axiomams.eu\/wp-content\/uploads\/2025\/07\/537-559.jpg","type":"image\/jpeg"}],"twitter_card":"summary_large_image","twitter_misc":{"Est. reading time":"1 minute"},"schema":{"@context":"https:\/\/schema.org","@graph":[{"@type":"WebPage","@id":"https:\/\/www.axiomams.eu\/lv\/produktas\/metrel-mi-3125-bt-uzstadisanas-drosibas-testeris","url":"https:\/\/www.axiomams.eu\/lv\/produktas\/metrel-mi-3125-bt-uzstadisanas-drosibas-testeris","name":"Metrel MI 3125 BT uzst\u0101d\u012b\u0161anas dro\u0161\u012bbas testeris - AXIOMA MS","isPartOf":{"@id":"https:\/\/www.axiomams.eu\/lv#website"},"primaryImageOfPage":{"@id":"https:\/\/www.axiomams.eu\/lv\/produktas\/metrel-mi-3125-bt-uzstadisanas-drosibas-testeris#primaryimage"},"image":{"@id":"https:\/\/www.axiomams.eu\/lv\/produktas\/metrel-mi-3125-bt-uzstadisanas-drosibas-testeris#primaryimage"},"thumbnailUrl":"https:\/\/www.axiomams.eu\/wp-content\/uploads\/2025\/07\/537-559.jpg","datePublished":"2025-05-15T15:58:22+00:00","dateModified":"2026-03-25T15:01:00+00:00","breadcrumb":{"@id":"https:\/\/www.axiomams.eu\/lv\/produktas\/metrel-mi-3125-bt-uzstadisanas-drosibas-testeris#breadcrumb"},"inLanguage":"lv-LV","potentialAction":[{"@type":"ReadAction","target":["https:\/\/www.axiomams.eu\/lv\/produktas\/metrel-mi-3125-bt-uzstadisanas-drosibas-testeris"]}]},{"@type":"ImageObject","inLanguage":"lv-LV","@id":"https:\/\/www.axiomams.eu\/lv\/produktas\/metrel-mi-3125-bt-uzstadisanas-drosibas-testeris#primaryimage","url":"https:\/\/www.axiomams.eu\/wp-content\/uploads\/2025\/07\/537-559.jpg","contentUrl":"https:\/\/www.axiomams.eu\/wp-content\/uploads\/2025\/07\/537-559.jpg","width":800,"height":600},{"@type":"BreadcrumbList","@id":"https:\/\/www.axiomams.eu\/lv\/produktas\/metrel-mi-3125-bt-uzstadisanas-drosibas-testeris#breadcrumb","itemListElement":[{"@type":"ListItem","position":1,"name":"Home","item":"https:\/\/www.axiomams.eu\/lv"},{"@type":"ListItem","position":2,"name":"Produkti","item":"https:\/\/www.axiomams.eu\/lv\/produkti"},{"@type":"ListItem","position":3,"name":"Metrel MI 3125 BT uzst\u0101d\u012b\u0161anas dro\u0161\u012bbas testeris"}]},{"@type":"WebSite","@id":"https:\/\/www.axiomams.eu\/lv#website","url":"https:\/\/www.axiomams.eu\/lv","name":"AXIOMA MS","description":"Terrmovizoriai ir matavimo \u012franga","publisher":{"@id":"https:\/\/www.axiomams.eu\/lv#organization"},"potentialAction":[{"@type":"SearchAction","target":{"@type":"EntryPoint","urlTemplate":"https:\/\/www.axiomams.eu\/lv?s={search_term_string}"},"query-input":{"@type":"PropertyValueSpecification","valueRequired":true,"valueName":"search_term_string"}}],"inLanguage":"lv-LV"},{"@type":"Organization","@id":"https:\/\/www.axiomams.eu\/lv#organization","name":"AXIOMA MS","url":"https:\/\/www.axiomams.eu\/lv","logo":{"@type":"ImageObject","inLanguage":"lv-LV","@id":"https:\/\/www.axiomams.eu\/lv#\/schema\/logo\/image\/","url":"https:\/\/www.axiomams.eu\/wp-content\/uploads\/2025\/06\/axioma-logo-2.png","contentUrl":"https:\/\/www.axiomams.eu\/wp-content\/uploads\/2025\/06\/axioma-logo-2.png","width":1200,"height":1200,"caption":"AXIOMA MS"},"image":{"@id":"https:\/\/www.axiomams.eu\/lv#\/schema\/logo\/image\/"},"sameAs":["https:\/\/www.facebook.com\/AxiomaMS","https:\/\/www.linkedin.com\/company\/axiomams\/"]}]}},"_links":{"self":[{"href":"https:\/\/www.axiomams.eu\/lv\/wp-json\/wp\/v2\/product\/39242","targetHints":{"allow":["GET"]}}],"collection":[{"href":"https:\/\/www.axiomams.eu\/lv\/wp-json\/wp\/v2\/product"}],"about":[{"href":"https:\/\/www.axiomams.eu\/lv\/wp-json\/wp\/v2\/types\/product"}],"replies":[{"embeddable":true,"href":"https:\/\/www.axiomams.eu\/lv\/wp-json\/wp\/v2\/comments?post=39242"}],"wp:featuredmedia":[{"embeddable":true,"href":"https:\/\/www.axiomams.eu\/lv\/wp-json\/wp\/v2\/media\/42205"}],"wp:attachment":[{"href":"https:\/\/www.axiomams.eu\/lv\/wp-json\/wp\/v2\/media?parent=39242"}],"wp:term":[{"taxonomy":"product_brand","embeddable":true,"href":"https:\/\/www.axiomams.eu\/lv\/wp-json\/wp\/v2\/product_brand?post=39242"},{"taxonomy":"product_cat","embeddable":true,"href":"https:\/\/www.axiomams.eu\/lv\/wp-json\/wp\/v2\/product_cat?post=39242"},{"taxonomy":"product_tag","embeddable":true,"href":"https:\/\/www.axiomams.eu\/lv\/wp-json\/wp\/v2\/product_tag?post=39242"}],"curies":[{"name":"wp","href":"https:\/\/api.w.org\/{rel}","templated":true}]}}