{"id":39243,"date":"2025-05-15T18:04:07","date_gmt":"2025-05-15T16:04:07","guid":{"rendered":"https:\/\/www.axiomams.eu\/produktas\/metrel-mi-3125-uzstadisanas-drosibas-testeris"},"modified":"2026-03-25T17:01:01","modified_gmt":"2026-03-25T15:01:01","slug":"metrel-mi-3125-uzstadisanas-drosibas-testeris","status":"publish","type":"product","link":"https:\/\/www.axiomams.eu\/lv\/produktas\/metrel-mi-3125-uzstadisanas-drosibas-testeris","title":{"rendered":"Metrel MI 3125 uzst\u0101d\u012b\u0161anas dro\u0161\u012bbas testeris"},"content":{"rendered":"<p>MI 3125 ir daudzfunkcion\u0101ls instal\u0101cijas dro\u0161\u012bbas testeris, kas izce\u013cas ar vieglu dizainu un lieto\u0161anas \u0113rtumu. Integr\u0113ti dro\u0161in\u0101t\u0101ju un RCD raksturlielumi, pal\u012bdz\u012bbas ekr\u0101ni, sarkan\u0101 un za\u013c\u0101 gaismas diode PASS \/ FAIL testa rezult\u0101tu nov\u0113rt\u0113\u0161anai tie\u0161saistes sprieguma monitor\u0101 padara MI 3125 ide\u0101li piem\u0113rotu \u0101trai un vienk\u0101r\u0161ai elektroinstal\u0101ciju test\u0113\u0161anai.<\/p>\n<p>Standarta komplekts: instruments MI3125 BT, p\u0101rn\u0113s\u0101\u0161anas siksnu komplekts, testa vads 3 x 1,5 m, \u0161uko-plug testa kabelis, testa zonde (3 gab.), krokodila skava (3 gab.), l\u0101d\u0113t\u0101js &#8211; baro\u0161anas adapteris, uzl\u0101d\u0113jamas baterijas 6 x 1,5 V NiMH, AA tipa, lieto\u0161anas instrukcija, rokasgr\u0101mata, kalibr\u0113\u0161anas sertifik\u0101ts.<\/p>\n<h3>Tehnisk\u0101 inform\u0101cija:<\/h3>\n<ul>\n<li><a href=\"https:\/\/axiomams.eu\/importer\/export\/attachments\/en\/mi3125_eurotestcombo_ang.pdf\" target=\"_blank\">MI3125_EurotestCOMBO_Ang.pdf<\/a><\/li>\n<\/ul>\n","protected":false},"excerpt":{"rendered":"<p>MI 3125 ir daudzfunkcion\u0101ls instal\u0101cijas dro\u0161\u012bbas testeris, kas izce\u013cas ar vieglu dizainu un lieto\u0161anas \u0113rtumu. Integr\u0113ti dro\u0161in\u0101t\u0101ju un RCD raksturlielumi, pal\u012bdz\u012bbas ekr\u0101ni, sarkan\u0101 un za\u013c\u0101 gaismas diode PASS \/ FAIL testa rezult\u0101tu nov\u0113rt\u0113\u0161anai tie\u0161saistes sprieguma monitor\u0101 padara MI 3125 ide\u0101li piem\u0113rotu \u0101trai un vienk\u0101r\u0161ai elektroinstal\u0101ciju test\u0113\u0161anai. Standarta komplekts: instruments MI3125 BT, p\u0101rn\u0113s\u0101\u0161anas siksnu komplekts, testa&#8230;<\/p>\n","protected":false},"featured_media":42207,"comment_status":"open","ping_status":"closed","template":"","meta":{"_acf_changed":false},"product_brand":[732],"product_cat":[17712],"product_tag":[],"class_list":{"0":"post-39243","1":"product","2":"type-product","3":"status-publish","4":"has-post-thumbnail","6":"product_brand-metrel","7":"product_cat-elektroinstalacijas-parbaudei","9":"first","10":"instock","11":"taxable","12":"shipping-taxable","13":"purchasable","14":"product-type-simple"},"acf":[],"yoast_head":"<!-- This site is optimized with the Yoast SEO plugin v27.0 - https:\/\/yoast.com\/product\/yoast-seo-wordpress\/ -->\n<title>Metrel MI 3125 uzst\u0101d\u012b\u0161anas dro\u0161\u012bbas testeris - AXIOMA MS<\/title>\n<meta name=\"robots\" content=\"index, follow, max-snippet:-1, max-image-preview:large, max-video-preview:-1\" \/>\n<link rel=\"canonical\" href=\"https:\/\/www.axiomams.eu\/lv\/produktas\/metrel-mi-3125-uzstadisanas-drosibas-testeris\" \/>\n<meta property=\"og:locale\" content=\"lv_LV\" \/>\n<meta property=\"og:type\" content=\"article\" \/>\n<meta property=\"og:title\" content=\"Metrel MI 3125 uzst\u0101d\u012b\u0161anas dro\u0161\u012bbas testeris - AXIOMA MS\" \/>\n<meta property=\"og:description\" content=\"MI 3125 ir daudzfunkcion\u0101ls instal\u0101cijas dro\u0161\u012bbas testeris, kas izce\u013cas ar vieglu dizainu un lieto\u0161anas \u0113rtumu. Integr\u0113ti dro\u0161in\u0101t\u0101ju un RCD raksturlielumi, pal\u012bdz\u012bbas ekr\u0101ni, sarkan\u0101 un za\u013c\u0101 gaismas diode PASS \/ FAIL testa rezult\u0101tu nov\u0113rt\u0113\u0161anai tie\u0161saistes sprieguma monitor\u0101 padara MI 3125 ide\u0101li piem\u0113rotu \u0101trai un vienk\u0101r\u0161ai elektroinstal\u0101ciju test\u0113\u0161anai. Standarta komplekts: instruments MI3125 BT, p\u0101rn\u0113s\u0101\u0161anas siksnu komplekts, testa...\" \/>\n<meta property=\"og:url\" content=\"https:\/\/www.axiomams.eu\/lv\/produktas\/metrel-mi-3125-uzstadisanas-drosibas-testeris\" \/>\n<meta property=\"og:site_name\" content=\"AXIOMA MS\" \/>\n<meta property=\"article:publisher\" content=\"https:\/\/www.facebook.com\/AxiomaMS\" \/>\n<meta property=\"article:modified_time\" content=\"2026-03-25T15:01:01+00:00\" \/>\n<meta property=\"og:image\" content=\"https:\/\/www.axiomams.eu\/wp-content\/uploads\/2025\/07\/1466-1880.jpg\" \/>\n\t<meta property=\"og:image:width\" content=\"800\" \/>\n\t<meta property=\"og:image:height\" content=\"600\" \/>\n\t<meta property=\"og:image:type\" content=\"image\/jpeg\" \/>\n<meta name=\"twitter:card\" content=\"summary_large_image\" \/>\n<meta name=\"twitter:label1\" content=\"Est. reading time\" \/>\n\t<meta name=\"twitter:data1\" content=\"1 minute\" \/>\n<script type=\"application\/ld+json\" class=\"yoast-schema-graph\">{\"@context\":\"https:\/\/schema.org\",\"@graph\":[{\"@type\":\"WebPage\",\"@id\":\"https:\/\/www.axiomams.eu\/lv\/produktas\/metrel-mi-3125-uzstadisanas-drosibas-testeris\",\"url\":\"https:\/\/www.axiomams.eu\/lv\/produktas\/metrel-mi-3125-uzstadisanas-drosibas-testeris\",\"name\":\"Metrel MI 3125 uzst\u0101d\u012b\u0161anas dro\u0161\u012bbas testeris - AXIOMA MS\",\"isPartOf\":{\"@id\":\"https:\/\/www.axiomams.eu\/lv#website\"},\"primaryImageOfPage\":{\"@id\":\"https:\/\/www.axiomams.eu\/lv\/produktas\/metrel-mi-3125-uzstadisanas-drosibas-testeris#primaryimage\"},\"image\":{\"@id\":\"https:\/\/www.axiomams.eu\/lv\/produktas\/metrel-mi-3125-uzstadisanas-drosibas-testeris#primaryimage\"},\"thumbnailUrl\":\"https:\/\/www.axiomams.eu\/wp-content\/uploads\/2025\/07\/1466-1880.jpg\",\"datePublished\":\"2025-05-15T16:04:07+00:00\",\"dateModified\":\"2026-03-25T15:01:01+00:00\",\"breadcrumb\":{\"@id\":\"https:\/\/www.axiomams.eu\/lv\/produktas\/metrel-mi-3125-uzstadisanas-drosibas-testeris#breadcrumb\"},\"inLanguage\":\"lv-LV\",\"potentialAction\":[{\"@type\":\"ReadAction\",\"target\":[\"https:\/\/www.axiomams.eu\/lv\/produktas\/metrel-mi-3125-uzstadisanas-drosibas-testeris\"]}]},{\"@type\":\"ImageObject\",\"inLanguage\":\"lv-LV\",\"@id\":\"https:\/\/www.axiomams.eu\/lv\/produktas\/metrel-mi-3125-uzstadisanas-drosibas-testeris#primaryimage\",\"url\":\"https:\/\/www.axiomams.eu\/wp-content\/uploads\/2025\/07\/1466-1880.jpg\",\"contentUrl\":\"https:\/\/www.axiomams.eu\/wp-content\/uploads\/2025\/07\/1466-1880.jpg\",\"width\":800,\"height\":600},{\"@type\":\"BreadcrumbList\",\"@id\":\"https:\/\/www.axiomams.eu\/lv\/produktas\/metrel-mi-3125-uzstadisanas-drosibas-testeris#breadcrumb\",\"itemListElement\":[{\"@type\":\"ListItem\",\"position\":1,\"name\":\"Home\",\"item\":\"https:\/\/www.axiomams.eu\/lv\"},{\"@type\":\"ListItem\",\"position\":2,\"name\":\"Produkti\",\"item\":\"https:\/\/www.axiomams.eu\/lv\/produkti\"},{\"@type\":\"ListItem\",\"position\":3,\"name\":\"Metrel MI 3125 uzst\u0101d\u012b\u0161anas dro\u0161\u012bbas testeris\"}]},{\"@type\":\"WebSite\",\"@id\":\"https:\/\/www.axiomams.eu\/lv#website\",\"url\":\"https:\/\/www.axiomams.eu\/lv\",\"name\":\"AXIOMA MS\",\"description\":\"Terrmovizoriai ir matavimo \u012franga\",\"publisher\":{\"@id\":\"https:\/\/www.axiomams.eu\/lv#organization\"},\"potentialAction\":[{\"@type\":\"SearchAction\",\"target\":{\"@type\":\"EntryPoint\",\"urlTemplate\":\"https:\/\/www.axiomams.eu\/lv?s={search_term_string}\"},\"query-input\":{\"@type\":\"PropertyValueSpecification\",\"valueRequired\":true,\"valueName\":\"search_term_string\"}}],\"inLanguage\":\"lv-LV\"},{\"@type\":\"Organization\",\"@id\":\"https:\/\/www.axiomams.eu\/lv#organization\",\"name\":\"AXIOMA MS\",\"url\":\"https:\/\/www.axiomams.eu\/lv\",\"logo\":{\"@type\":\"ImageObject\",\"inLanguage\":\"lv-LV\",\"@id\":\"https:\/\/www.axiomams.eu\/lv#\/schema\/logo\/image\/\",\"url\":\"https:\/\/www.axiomams.eu\/wp-content\/uploads\/2025\/06\/axioma-logo-2.png\",\"contentUrl\":\"https:\/\/www.axiomams.eu\/wp-content\/uploads\/2025\/06\/axioma-logo-2.png\",\"width\":1200,\"height\":1200,\"caption\":\"AXIOMA MS\"},\"image\":{\"@id\":\"https:\/\/www.axiomams.eu\/lv#\/schema\/logo\/image\/\"},\"sameAs\":[\"https:\/\/www.facebook.com\/AxiomaMS\",\"https:\/\/www.linkedin.com\/company\/axiomams\/\"]}]}<\/script>\n<!-- \/ Yoast SEO plugin. -->","yoast_head_json":{"title":"Metrel MI 3125 uzst\u0101d\u012b\u0161anas dro\u0161\u012bbas testeris - AXIOMA MS","robots":{"index":"index","follow":"follow","max-snippet":"max-snippet:-1","max-image-preview":"max-image-preview:large","max-video-preview":"max-video-preview:-1"},"canonical":"https:\/\/www.axiomams.eu\/lv\/produktas\/metrel-mi-3125-uzstadisanas-drosibas-testeris","og_locale":"lv_LV","og_type":"article","og_title":"Metrel MI 3125 uzst\u0101d\u012b\u0161anas dro\u0161\u012bbas testeris - AXIOMA MS","og_description":"MI 3125 ir daudzfunkcion\u0101ls instal\u0101cijas dro\u0161\u012bbas testeris, kas izce\u013cas ar vieglu dizainu un lieto\u0161anas \u0113rtumu. Integr\u0113ti dro\u0161in\u0101t\u0101ju un RCD raksturlielumi, pal\u012bdz\u012bbas ekr\u0101ni, sarkan\u0101 un za\u013c\u0101 gaismas diode PASS \/ FAIL testa rezult\u0101tu nov\u0113rt\u0113\u0161anai tie\u0161saistes sprieguma monitor\u0101 padara MI 3125 ide\u0101li piem\u0113rotu \u0101trai un vienk\u0101r\u0161ai elektroinstal\u0101ciju test\u0113\u0161anai. Standarta komplekts: instruments MI3125 BT, p\u0101rn\u0113s\u0101\u0161anas siksnu komplekts, testa...","og_url":"https:\/\/www.axiomams.eu\/lv\/produktas\/metrel-mi-3125-uzstadisanas-drosibas-testeris","og_site_name":"AXIOMA MS","article_publisher":"https:\/\/www.facebook.com\/AxiomaMS","article_modified_time":"2026-03-25T15:01:01+00:00","og_image":[{"width":800,"height":600,"url":"https:\/\/www.axiomams.eu\/wp-content\/uploads\/2025\/07\/1466-1880.jpg","type":"image\/jpeg"}],"twitter_card":"summary_large_image","twitter_misc":{"Est. reading time":"1 minute"},"schema":{"@context":"https:\/\/schema.org","@graph":[{"@type":"WebPage","@id":"https:\/\/www.axiomams.eu\/lv\/produktas\/metrel-mi-3125-uzstadisanas-drosibas-testeris","url":"https:\/\/www.axiomams.eu\/lv\/produktas\/metrel-mi-3125-uzstadisanas-drosibas-testeris","name":"Metrel MI 3125 uzst\u0101d\u012b\u0161anas dro\u0161\u012bbas testeris - AXIOMA MS","isPartOf":{"@id":"https:\/\/www.axiomams.eu\/lv#website"},"primaryImageOfPage":{"@id":"https:\/\/www.axiomams.eu\/lv\/produktas\/metrel-mi-3125-uzstadisanas-drosibas-testeris#primaryimage"},"image":{"@id":"https:\/\/www.axiomams.eu\/lv\/produktas\/metrel-mi-3125-uzstadisanas-drosibas-testeris#primaryimage"},"thumbnailUrl":"https:\/\/www.axiomams.eu\/wp-content\/uploads\/2025\/07\/1466-1880.jpg","datePublished":"2025-05-15T16:04:07+00:00","dateModified":"2026-03-25T15:01:01+00:00","breadcrumb":{"@id":"https:\/\/www.axiomams.eu\/lv\/produktas\/metrel-mi-3125-uzstadisanas-drosibas-testeris#breadcrumb"},"inLanguage":"lv-LV","potentialAction":[{"@type":"ReadAction","target":["https:\/\/www.axiomams.eu\/lv\/produktas\/metrel-mi-3125-uzstadisanas-drosibas-testeris"]}]},{"@type":"ImageObject","inLanguage":"lv-LV","@id":"https:\/\/www.axiomams.eu\/lv\/produktas\/metrel-mi-3125-uzstadisanas-drosibas-testeris#primaryimage","url":"https:\/\/www.axiomams.eu\/wp-content\/uploads\/2025\/07\/1466-1880.jpg","contentUrl":"https:\/\/www.axiomams.eu\/wp-content\/uploads\/2025\/07\/1466-1880.jpg","width":800,"height":600},{"@type":"BreadcrumbList","@id":"https:\/\/www.axiomams.eu\/lv\/produktas\/metrel-mi-3125-uzstadisanas-drosibas-testeris#breadcrumb","itemListElement":[{"@type":"ListItem","position":1,"name":"Home","item":"https:\/\/www.axiomams.eu\/lv"},{"@type":"ListItem","position":2,"name":"Produkti","item":"https:\/\/www.axiomams.eu\/lv\/produkti"},{"@type":"ListItem","position":3,"name":"Metrel MI 3125 uzst\u0101d\u012b\u0161anas dro\u0161\u012bbas testeris"}]},{"@type":"WebSite","@id":"https:\/\/www.axiomams.eu\/lv#website","url":"https:\/\/www.axiomams.eu\/lv","name":"AXIOMA MS","description":"Terrmovizoriai ir matavimo \u012franga","publisher":{"@id":"https:\/\/www.axiomams.eu\/lv#organization"},"potentialAction":[{"@type":"SearchAction","target":{"@type":"EntryPoint","urlTemplate":"https:\/\/www.axiomams.eu\/lv?s={search_term_string}"},"query-input":{"@type":"PropertyValueSpecification","valueRequired":true,"valueName":"search_term_string"}}],"inLanguage":"lv-LV"},{"@type":"Organization","@id":"https:\/\/www.axiomams.eu\/lv#organization","name":"AXIOMA MS","url":"https:\/\/www.axiomams.eu\/lv","logo":{"@type":"ImageObject","inLanguage":"lv-LV","@id":"https:\/\/www.axiomams.eu\/lv#\/schema\/logo\/image\/","url":"https:\/\/www.axiomams.eu\/wp-content\/uploads\/2025\/06\/axioma-logo-2.png","contentUrl":"https:\/\/www.axiomams.eu\/wp-content\/uploads\/2025\/06\/axioma-logo-2.png","width":1200,"height":1200,"caption":"AXIOMA MS"},"image":{"@id":"https:\/\/www.axiomams.eu\/lv#\/schema\/logo\/image\/"},"sameAs":["https:\/\/www.facebook.com\/AxiomaMS","https:\/\/www.linkedin.com\/company\/axiomams\/"]}]}},"_links":{"self":[{"href":"https:\/\/www.axiomams.eu\/lv\/wp-json\/wp\/v2\/product\/39243","targetHints":{"allow":["GET"]}}],"collection":[{"href":"https:\/\/www.axiomams.eu\/lv\/wp-json\/wp\/v2\/product"}],"about":[{"href":"https:\/\/www.axiomams.eu\/lv\/wp-json\/wp\/v2\/types\/product"}],"replies":[{"embeddable":true,"href":"https:\/\/www.axiomams.eu\/lv\/wp-json\/wp\/v2\/comments?post=39243"}],"wp:featuredmedia":[{"embeddable":true,"href":"https:\/\/www.axiomams.eu\/lv\/wp-json\/wp\/v2\/media\/42207"}],"wp:attachment":[{"href":"https:\/\/www.axiomams.eu\/lv\/wp-json\/wp\/v2\/media?parent=39243"}],"wp:term":[{"taxonomy":"product_brand","embeddable":true,"href":"https:\/\/www.axiomams.eu\/lv\/wp-json\/wp\/v2\/product_brand?post=39243"},{"taxonomy":"product_cat","embeddable":true,"href":"https:\/\/www.axiomams.eu\/lv\/wp-json\/wp\/v2\/product_cat?post=39243"},{"taxonomy":"product_tag","embeddable":true,"href":"https:\/\/www.axiomams.eu\/lv\/wp-json\/wp\/v2\/product_tag?post=39243"}],"curies":[{"name":"wp","href":"https:\/\/api.w.org\/{rel}","templated":true}]}}