{"id":39244,"date":"2025-05-15T18:03:33","date_gmt":"2025-05-15T16:03:33","guid":{"rendered":"https:\/\/www.axiomams.eu\/produktas\/metrel-mi-3132-ev-testeris"},"modified":"2026-03-25T17:01:01","modified_gmt":"2026-03-25T15:01:01","slug":"metrel-mi-3132-ev-testeris","status":"publish","type":"product","link":"https:\/\/www.axiomams.eu\/lv\/produktas\/metrel-mi-3132-ev-testeris","title":{"rendered":"Metrel MI 3132 EV testeris"},"content":{"rendered":"<p>Metrel MI 3132 EV testeris ir p\u0101rn\u0113s\u0101jams, ar akumulatoru darbin\u0101ms test\u0113\u0161anas instruments ar lielisku IP aizsardz\u012bbu, kas \u012bpa\u0161i paredz\u0113ts elektrisko transportl\u012bdzek\u013cu test\u0113\u0161anai. Instruments atbalsta jaun\u0101ko standartu UN ECE R100 4A, 4B pielikumu, kas paredz\u0113ts elektrisko transportl\u012bdzek\u013cu izol\u0101cijas pretest\u012bbas m\u0113r\u012bjumiem. Instrumentam ir ergonomisks dizains ar intuit\u012bvu lietot\u0101ja saskarni, kas ietver atmi\u0146as organizatoru un piln\u012bb\u0101 programm\u0113jamas AUTO SEKVENCES, kuras p\u0101rvalda ar liela kr\u0101su sk\u0101rienj\u016bt\u012bg\u0101 ekr\u0101na pal\u012bdz\u012bbu. Papildus tam instruments atbalsta pla\u0161u testu un m\u0113r\u012b\u0161anas funkciju kl\u0101stu, tostarp 2 A mikroomu m\u0113r\u012bjumus, tie\u0161saistes sprieguma uzraudz\u012bbu, izol\u0101cijas testu l\u012bdz 1500 V, k\u0101 ar\u012b funkcion\u0101l\u0101s un vizu\u0101l\u0101s p\u0101rbaudes.<\/p>\n<p>Standarta komplekts: Metrel MI 3132 EV Tester, somi\u0146a, siksni\u0146u komplekts, 4 vadu testa vads, 3 vadu testa vads, 2 vadu testa vads, melns testa zonde, sarkans testa zonde, br\u016bns testa zonde, pel\u0113ks testa zonde, 2 melnas krokodila skavas, 2 sarkanas krokodila skavas, za\u013ca krokodila skava, USB kabelis, akumulators, baro\u0161anas adapteris, lieto\u0161anas instrukcija, kalibr\u0113\u0161anas sertifik\u0101ts, Metrel ES Manager programmat\u016bra.<\/p>\n<h3>Tehnisk\u0101 inform\u0101cija:<\/h3>\n<ul>\n<li><a href=\"https:\/\/axiomams.eu\/importer\/export\/attachments\/en\/metrel-mi-3132.pdf\" target=\"_blank\">Metrel MI 3132.pdf<\/a><\/li>\n<\/ul>\n","protected":false},"excerpt":{"rendered":"<p>Metrel MI 3132 EV testeris ir p\u0101rn\u0113s\u0101jams, ar akumulatoru darbin\u0101ms test\u0113\u0161anas instruments ar lielisku IP aizsardz\u012bbu, kas \u012bpa\u0161i paredz\u0113ts elektrisko transportl\u012bdzek\u013cu test\u0113\u0161anai. Instruments atbalsta jaun\u0101ko standartu UN ECE R100 4A, 4B pielikumu, kas paredz\u0113ts elektrisko transportl\u012bdzek\u013cu izol\u0101cijas pretest\u012bbas m\u0113r\u012bjumiem. Instrumentam ir ergonomisks dizains ar intuit\u012bvu lietot\u0101ja saskarni, kas ietver atmi\u0146as organizatoru un piln\u012bb\u0101 programm\u0113jamas AUTO&#8230;<\/p>\n","protected":false},"featured_media":42209,"comment_status":"open","ping_status":"closed","template":"","meta":{"_acf_changed":false},"product_brand":[732],"product_cat":[17764],"product_tag":[],"class_list":{"0":"post-39244","1":"product","2":"type-product","3":"status-publish","4":"has-post-thumbnail","6":"product_brand-metrel","7":"product_cat-elektromotoru-diagnostikai","9":"first","10":"instock","11":"taxable","12":"shipping-taxable","13":"purchasable","14":"product-type-simple"},"acf":[],"yoast_head":"<!-- This site is optimized with the Yoast SEO plugin v27.0 - https:\/\/yoast.com\/product\/yoast-seo-wordpress\/ -->\n<title>Metrel MI 3132 EV testeris - AXIOMA MS<\/title>\n<meta name=\"robots\" content=\"index, follow, max-snippet:-1, max-image-preview:large, max-video-preview:-1\" \/>\n<link rel=\"canonical\" href=\"https:\/\/www.axiomams.eu\/lv\/produktas\/metrel-mi-3132-ev-testeris\" \/>\n<meta property=\"og:locale\" content=\"lv_LV\" \/>\n<meta property=\"og:type\" content=\"article\" \/>\n<meta property=\"og:title\" content=\"Metrel MI 3132 EV testeris - AXIOMA MS\" \/>\n<meta property=\"og:description\" content=\"Metrel MI 3132 EV testeris ir p\u0101rn\u0113s\u0101jams, ar akumulatoru darbin\u0101ms test\u0113\u0161anas instruments ar lielisku IP aizsardz\u012bbu, kas \u012bpa\u0161i paredz\u0113ts elektrisko transportl\u012bdzek\u013cu test\u0113\u0161anai. Instruments atbalsta jaun\u0101ko standartu UN ECE R100 4A, 4B pielikumu, kas paredz\u0113ts elektrisko transportl\u012bdzek\u013cu izol\u0101cijas pretest\u012bbas m\u0113r\u012bjumiem. Instrumentam ir ergonomisks dizains ar intuit\u012bvu lietot\u0101ja saskarni, kas ietver atmi\u0146as organizatoru un piln\u012bb\u0101 programm\u0113jamas AUTO...\" \/>\n<meta property=\"og:url\" content=\"https:\/\/www.axiomams.eu\/lv\/produktas\/metrel-mi-3132-ev-testeris\" \/>\n<meta property=\"og:site_name\" content=\"AXIOMA MS\" \/>\n<meta property=\"article:publisher\" content=\"https:\/\/www.facebook.com\/AxiomaMS\" \/>\n<meta property=\"article:modified_time\" content=\"2026-03-25T15:01:01+00:00\" \/>\n<meta property=\"og:image\" content=\"https:\/\/www.axiomams.eu\/wp-content\/uploads\/2025\/07\/3461-4651.jpg\" \/>\n\t<meta property=\"og:image:width\" content=\"544\" \/>\n\t<meta property=\"og:image:height\" content=\"368\" \/>\n\t<meta property=\"og:image:type\" content=\"image\/jpeg\" \/>\n<meta name=\"twitter:card\" content=\"summary_large_image\" \/>\n<meta name=\"twitter:label1\" content=\"Est. reading time\" \/>\n\t<meta name=\"twitter:data1\" content=\"1 minute\" \/>\n<script type=\"application\/ld+json\" class=\"yoast-schema-graph\">{\"@context\":\"https:\/\/schema.org\",\"@graph\":[{\"@type\":\"WebPage\",\"@id\":\"https:\/\/www.axiomams.eu\/lv\/produktas\/metrel-mi-3132-ev-testeris\",\"url\":\"https:\/\/www.axiomams.eu\/lv\/produktas\/metrel-mi-3132-ev-testeris\",\"name\":\"Metrel MI 3132 EV testeris - AXIOMA MS\",\"isPartOf\":{\"@id\":\"https:\/\/www.axiomams.eu\/lv#website\"},\"primaryImageOfPage\":{\"@id\":\"https:\/\/www.axiomams.eu\/lv\/produktas\/metrel-mi-3132-ev-testeris#primaryimage\"},\"image\":{\"@id\":\"https:\/\/www.axiomams.eu\/lv\/produktas\/metrel-mi-3132-ev-testeris#primaryimage\"},\"thumbnailUrl\":\"https:\/\/www.axiomams.eu\/wp-content\/uploads\/2025\/07\/3461-4651.jpg\",\"datePublished\":\"2025-05-15T16:03:33+00:00\",\"dateModified\":\"2026-03-25T15:01:01+00:00\",\"breadcrumb\":{\"@id\":\"https:\/\/www.axiomams.eu\/lv\/produktas\/metrel-mi-3132-ev-testeris#breadcrumb\"},\"inLanguage\":\"lv-LV\",\"potentialAction\":[{\"@type\":\"ReadAction\",\"target\":[\"https:\/\/www.axiomams.eu\/lv\/produktas\/metrel-mi-3132-ev-testeris\"]}]},{\"@type\":\"ImageObject\",\"inLanguage\":\"lv-LV\",\"@id\":\"https:\/\/www.axiomams.eu\/lv\/produktas\/metrel-mi-3132-ev-testeris#primaryimage\",\"url\":\"https:\/\/www.axiomams.eu\/wp-content\/uploads\/2025\/07\/3461-4651.jpg\",\"contentUrl\":\"https:\/\/www.axiomams.eu\/wp-content\/uploads\/2025\/07\/3461-4651.jpg\",\"width\":544,\"height\":368},{\"@type\":\"BreadcrumbList\",\"@id\":\"https:\/\/www.axiomams.eu\/lv\/produktas\/metrel-mi-3132-ev-testeris#breadcrumb\",\"itemListElement\":[{\"@type\":\"ListItem\",\"position\":1,\"name\":\"Home\",\"item\":\"https:\/\/www.axiomams.eu\/lv\"},{\"@type\":\"ListItem\",\"position\":2,\"name\":\"Produkti\",\"item\":\"https:\/\/www.axiomams.eu\/lv\/produkti\"},{\"@type\":\"ListItem\",\"position\":3,\"name\":\"Metrel MI 3132 EV testeris\"}]},{\"@type\":\"WebSite\",\"@id\":\"https:\/\/www.axiomams.eu\/lv#website\",\"url\":\"https:\/\/www.axiomams.eu\/lv\",\"name\":\"AXIOMA MS\",\"description\":\"Terrmovizoriai ir matavimo \u012franga\",\"publisher\":{\"@id\":\"https:\/\/www.axiomams.eu\/lv#organization\"},\"potentialAction\":[{\"@type\":\"SearchAction\",\"target\":{\"@type\":\"EntryPoint\",\"urlTemplate\":\"https:\/\/www.axiomams.eu\/lv?s={search_term_string}\"},\"query-input\":{\"@type\":\"PropertyValueSpecification\",\"valueRequired\":true,\"valueName\":\"search_term_string\"}}],\"inLanguage\":\"lv-LV\"},{\"@type\":\"Organization\",\"@id\":\"https:\/\/www.axiomams.eu\/lv#organization\",\"name\":\"AXIOMA MS\",\"url\":\"https:\/\/www.axiomams.eu\/lv\",\"logo\":{\"@type\":\"ImageObject\",\"inLanguage\":\"lv-LV\",\"@id\":\"https:\/\/www.axiomams.eu\/lv#\/schema\/logo\/image\/\",\"url\":\"https:\/\/www.axiomams.eu\/wp-content\/uploads\/2025\/06\/axioma-logo-2.png\",\"contentUrl\":\"https:\/\/www.axiomams.eu\/wp-content\/uploads\/2025\/06\/axioma-logo-2.png\",\"width\":1200,\"height\":1200,\"caption\":\"AXIOMA MS\"},\"image\":{\"@id\":\"https:\/\/www.axiomams.eu\/lv#\/schema\/logo\/image\/\"},\"sameAs\":[\"https:\/\/www.facebook.com\/AxiomaMS\",\"https:\/\/www.linkedin.com\/company\/axiomams\/\"]}]}<\/script>\n<!-- \/ Yoast SEO plugin. -->","yoast_head_json":{"title":"Metrel MI 3132 EV testeris - AXIOMA MS","robots":{"index":"index","follow":"follow","max-snippet":"max-snippet:-1","max-image-preview":"max-image-preview:large","max-video-preview":"max-video-preview:-1"},"canonical":"https:\/\/www.axiomams.eu\/lv\/produktas\/metrel-mi-3132-ev-testeris","og_locale":"lv_LV","og_type":"article","og_title":"Metrel MI 3132 EV testeris - AXIOMA MS","og_description":"Metrel MI 3132 EV testeris ir p\u0101rn\u0113s\u0101jams, ar akumulatoru darbin\u0101ms test\u0113\u0161anas instruments ar lielisku IP aizsardz\u012bbu, kas \u012bpa\u0161i paredz\u0113ts elektrisko transportl\u012bdzek\u013cu test\u0113\u0161anai. Instruments atbalsta jaun\u0101ko standartu UN ECE R100 4A, 4B pielikumu, kas paredz\u0113ts elektrisko transportl\u012bdzek\u013cu izol\u0101cijas pretest\u012bbas m\u0113r\u012bjumiem. Instrumentam ir ergonomisks dizains ar intuit\u012bvu lietot\u0101ja saskarni, kas ietver atmi\u0146as organizatoru un piln\u012bb\u0101 programm\u0113jamas AUTO...","og_url":"https:\/\/www.axiomams.eu\/lv\/produktas\/metrel-mi-3132-ev-testeris","og_site_name":"AXIOMA MS","article_publisher":"https:\/\/www.facebook.com\/AxiomaMS","article_modified_time":"2026-03-25T15:01:01+00:00","og_image":[{"width":544,"height":368,"url":"https:\/\/www.axiomams.eu\/wp-content\/uploads\/2025\/07\/3461-4651.jpg","type":"image\/jpeg"}],"twitter_card":"summary_large_image","twitter_misc":{"Est. reading time":"1 minute"},"schema":{"@context":"https:\/\/schema.org","@graph":[{"@type":"WebPage","@id":"https:\/\/www.axiomams.eu\/lv\/produktas\/metrel-mi-3132-ev-testeris","url":"https:\/\/www.axiomams.eu\/lv\/produktas\/metrel-mi-3132-ev-testeris","name":"Metrel MI 3132 EV testeris - AXIOMA MS","isPartOf":{"@id":"https:\/\/www.axiomams.eu\/lv#website"},"primaryImageOfPage":{"@id":"https:\/\/www.axiomams.eu\/lv\/produktas\/metrel-mi-3132-ev-testeris#primaryimage"},"image":{"@id":"https:\/\/www.axiomams.eu\/lv\/produktas\/metrel-mi-3132-ev-testeris#primaryimage"},"thumbnailUrl":"https:\/\/www.axiomams.eu\/wp-content\/uploads\/2025\/07\/3461-4651.jpg","datePublished":"2025-05-15T16:03:33+00:00","dateModified":"2026-03-25T15:01:01+00:00","breadcrumb":{"@id":"https:\/\/www.axiomams.eu\/lv\/produktas\/metrel-mi-3132-ev-testeris#breadcrumb"},"inLanguage":"lv-LV","potentialAction":[{"@type":"ReadAction","target":["https:\/\/www.axiomams.eu\/lv\/produktas\/metrel-mi-3132-ev-testeris"]}]},{"@type":"ImageObject","inLanguage":"lv-LV","@id":"https:\/\/www.axiomams.eu\/lv\/produktas\/metrel-mi-3132-ev-testeris#primaryimage","url":"https:\/\/www.axiomams.eu\/wp-content\/uploads\/2025\/07\/3461-4651.jpg","contentUrl":"https:\/\/www.axiomams.eu\/wp-content\/uploads\/2025\/07\/3461-4651.jpg","width":544,"height":368},{"@type":"BreadcrumbList","@id":"https:\/\/www.axiomams.eu\/lv\/produktas\/metrel-mi-3132-ev-testeris#breadcrumb","itemListElement":[{"@type":"ListItem","position":1,"name":"Home","item":"https:\/\/www.axiomams.eu\/lv"},{"@type":"ListItem","position":2,"name":"Produkti","item":"https:\/\/www.axiomams.eu\/lv\/produkti"},{"@type":"ListItem","position":3,"name":"Metrel MI 3132 EV testeris"}]},{"@type":"WebSite","@id":"https:\/\/www.axiomams.eu\/lv#website","url":"https:\/\/www.axiomams.eu\/lv","name":"AXIOMA MS","description":"Terrmovizoriai ir matavimo \u012franga","publisher":{"@id":"https:\/\/www.axiomams.eu\/lv#organization"},"potentialAction":[{"@type":"SearchAction","target":{"@type":"EntryPoint","urlTemplate":"https:\/\/www.axiomams.eu\/lv?s={search_term_string}"},"query-input":{"@type":"PropertyValueSpecification","valueRequired":true,"valueName":"search_term_string"}}],"inLanguage":"lv-LV"},{"@type":"Organization","@id":"https:\/\/www.axiomams.eu\/lv#organization","name":"AXIOMA MS","url":"https:\/\/www.axiomams.eu\/lv","logo":{"@type":"ImageObject","inLanguage":"lv-LV","@id":"https:\/\/www.axiomams.eu\/lv#\/schema\/logo\/image\/","url":"https:\/\/www.axiomams.eu\/wp-content\/uploads\/2025\/06\/axioma-logo-2.png","contentUrl":"https:\/\/www.axiomams.eu\/wp-content\/uploads\/2025\/06\/axioma-logo-2.png","width":1200,"height":1200,"caption":"AXIOMA MS"},"image":{"@id":"https:\/\/www.axiomams.eu\/lv#\/schema\/logo\/image\/"},"sameAs":["https:\/\/www.facebook.com\/AxiomaMS","https:\/\/www.linkedin.com\/company\/axiomams\/"]}]}},"_links":{"self":[{"href":"https:\/\/www.axiomams.eu\/lv\/wp-json\/wp\/v2\/product\/39244","targetHints":{"allow":["GET"]}}],"collection":[{"href":"https:\/\/www.axiomams.eu\/lv\/wp-json\/wp\/v2\/product"}],"about":[{"href":"https:\/\/www.axiomams.eu\/lv\/wp-json\/wp\/v2\/types\/product"}],"replies":[{"embeddable":true,"href":"https:\/\/www.axiomams.eu\/lv\/wp-json\/wp\/v2\/comments?post=39244"}],"wp:featuredmedia":[{"embeddable":true,"href":"https:\/\/www.axiomams.eu\/lv\/wp-json\/wp\/v2\/media\/42209"}],"wp:attachment":[{"href":"https:\/\/www.axiomams.eu\/lv\/wp-json\/wp\/v2\/media?parent=39244"}],"wp:term":[{"taxonomy":"product_brand","embeddable":true,"href":"https:\/\/www.axiomams.eu\/lv\/wp-json\/wp\/v2\/product_brand?post=39244"},{"taxonomy":"product_cat","embeddable":true,"href":"https:\/\/www.axiomams.eu\/lv\/wp-json\/wp\/v2\/product_cat?post=39244"},{"taxonomy":"product_tag","embeddable":true,"href":"https:\/\/www.axiomams.eu\/lv\/wp-json\/wp\/v2\/product_tag?post=39244"}],"curies":[{"name":"wp","href":"https:\/\/api.w.org\/{rel}","templated":true}]}}