{"id":39245,"date":"2025-05-15T18:03:34","date_gmt":"2025-05-15T16:03:34","guid":{"rendered":"https:\/\/www.axiomams.eu\/produktas\/metrel-mi-3155-eurotestxd-euro-komplekts"},"modified":"2026-03-25T17:01:01","modified_gmt":"2026-03-25T15:01:01","slug":"metrel-mi-3155-eurotestxd-euro-komplekts","status":"publish","type":"product","link":"https:\/\/www.axiomams.eu\/lv\/produktas\/metrel-mi-3155-eurotestxd-euro-komplekts","title":{"rendered":"Metrel MI 3155 EurotestXD Euro komplekts"},"content":{"rendered":"<p>Metrel MI 3155 EurotestXD ir jaun\u0101kais Metrel vismodern\u0101k\u0101s daudzfunkcion\u0101lo m\u0113rinstrumentu l\u012bnijas flagmanis, kas ir \u012bpa\u0161i izstr\u0101d\u0101ts test\u0113\u0161anai r\u016bpniec\u012bb\u0101. \u0160o instrumentu no p\u0101r\u0113jiem at\u0161\u0137ir ergonomisks dizains un intuit\u012bva lietot\u0101ja saskarne, kas ietver atmi\u0146as organizatoru un piln\u012bb\u0101 programm\u0113jamas AUTO SEKVENCES, kuras p\u0101rvalda ar liela kr\u0101su sk\u0101rienj\u016bt\u012bg\u0101 ekr\u0101na pal\u012bdz\u012bbu. Tas piln\u012bb\u0101 atbilst funkcionalit\u0101tes standartiem (piem\u0113ram, IEC\/EN 61557) un citiem test\u0113\u0161anas standartstandartiem (piem\u0113ram, IEC\/EN\/HD 60364-4-41, &#8230;), k\u0101 tas ir nepiecie\u0161ams jebkuram instrumentam, kas veic TRMS str\u0101vas m\u0113r\u012bjumus, RCD testus, l\u012bnijas un cilpas impedances testus ar 3 (un 4) vadiem un zem\u0113juma pretest\u012bbas m\u0113r\u012bjumus. Papildus \u0161iem testiem un m\u0113r\u012b\u0161anas funkcij\u0101m instruments atbalsta pla\u0161u testu un m\u0113r\u012b\u0161anas funkciju kl\u0101stu, tostarp tie\u0161saistes sprieguma uzraudz\u012bbu, f\u0101\u017eu sec\u012bbas test\u0113\u0161anu, varistoru test\u0113\u0161anu, PI\/DAR apr\u0113\u0137in\u0101\u0161anu, spilgtuma m\u0113r\u012bjumus, izl\u0101des laika test\u0113\u0161anu, ISFL m\u0113r\u012bjumus, IMD testus, k\u0101 ar\u012b funkcion\u0101l\u0101s un vizu\u0101l\u0101s p\u0101rbaudes.<\/p>\n<p>Standarta komplekts: Metrel MI 3155 EurotestXD Euro komplekts, 8800 mAh akumulators, 12 V \/ 3 A baro\u0161anas adapteris, 1,5 m kontaktdak\u0161as komandieris, 1,5 m testa vads, 4 vadu, 1,5 m, 1,5 m testa vads, 3 vadu, 1,5 m, 1,5 m testa vads, 2 vadu, 2,5 kV, 1.5 m, Testa zonde, 4 gab (melna, zila, za\u013ca, sarkana), Krokodila skava, 6 gab (melna &#8211; 2 gab, zila &#8211; 1 gab, za\u013ca &#8211; 1 gab, za\u013ca &#8211; 1 gab, sarkana &#8211; 2 gab), Zem\u0113juma komplekts 20 m, USB kabelis, M\u012bksta somi\u0146a, M\u012bksta kakla josta, Metrel ES Manager BASIC licence*, \u012asa lieto\u0161anas instrukcija, Instrukcija (CD), Rokasgr\u0101mata zemsprieguma instal\u0101ciju test\u0113\u0161anai un verifik\u0101cijai (CD), Kalibr\u0113\u0161anas sertifik\u0101ts, Metrel ES Manager (programmas instal\u0113\u0161ana) A 1481 (CD), Str\u0101vas knaibles A 1018, Str\u0101vas knaibles A 1019, Metrel ES Manager PRO licence, Metrel aMESM Android lietotne.<\/p>\n<h3>Tehnisk\u0101 inform\u0101cija:<\/h3>\n<ul>\n<li><a href=\"https:\/\/axiomams.eu\/importer\/export\/attachments\/en\/metrel-mi-3155-eurotestxd.pdf\" target=\"_blank\">Metrel MI 3155 EurotestXD.pdf<\/a><\/li>\n<\/ul>\n","protected":false},"excerpt":{"rendered":"<p>Metrel MI 3155 EurotestXD ir jaun\u0101kais Metrel vismodern\u0101k\u0101s daudzfunkcion\u0101lo m\u0113rinstrumentu l\u012bnijas flagmanis, kas ir \u012bpa\u0161i izstr\u0101d\u0101ts test\u0113\u0161anai r\u016bpniec\u012bb\u0101. \u0160o instrumentu no p\u0101r\u0113jiem at\u0161\u0137ir ergonomisks dizains un intuit\u012bva lietot\u0101ja saskarne, kas ietver atmi\u0146as organizatoru un piln\u012bb\u0101 programm\u0113jamas AUTO SEKVENCES, kuras p\u0101rvalda ar liela kr\u0101su sk\u0101rienj\u016bt\u012bg\u0101 ekr\u0101na pal\u012bdz\u012bbu. Tas piln\u012bb\u0101 atbilst funkcionalit\u0101tes standartiem (piem\u0113ram, IEC\/EN 61557) un&#8230;<\/p>\n","protected":false},"featured_media":42211,"comment_status":"open","ping_status":"closed","template":"","meta":{"_acf_changed":false},"product_brand":[732],"product_cat":[17712],"product_tag":[],"class_list":{"0":"post-39245","1":"product","2":"type-product","3":"status-publish","4":"has-post-thumbnail","6":"product_brand-metrel","7":"product_cat-elektroinstalacijas-parbaudei","9":"first","10":"instock","11":"taxable","12":"shipping-taxable","13":"purchasable","14":"product-type-simple"},"acf":[],"yoast_head":"<!-- This site is optimized with the Yoast SEO plugin v27.0 - https:\/\/yoast.com\/product\/yoast-seo-wordpress\/ -->\n<title>Metrel MI 3155 EurotestXD Euro komplekts - AXIOMA MS<\/title>\n<meta name=\"robots\" content=\"index, follow, max-snippet:-1, max-image-preview:large, max-video-preview:-1\" \/>\n<link rel=\"canonical\" href=\"https:\/\/www.axiomams.eu\/lv\/produktas\/metrel-mi-3155-eurotestxd-euro-komplekts\" \/>\n<meta property=\"og:locale\" content=\"lv_LV\" \/>\n<meta property=\"og:type\" content=\"article\" \/>\n<meta property=\"og:title\" content=\"Metrel MI 3155 EurotestXD Euro komplekts - AXIOMA MS\" \/>\n<meta property=\"og:description\" content=\"Metrel MI 3155 EurotestXD ir jaun\u0101kais Metrel vismodern\u0101k\u0101s daudzfunkcion\u0101lo m\u0113rinstrumentu l\u012bnijas flagmanis, kas ir \u012bpa\u0161i izstr\u0101d\u0101ts test\u0113\u0161anai r\u016bpniec\u012bb\u0101. \u0160o instrumentu no p\u0101r\u0113jiem at\u0161\u0137ir ergonomisks dizains un intuit\u012bva lietot\u0101ja saskarne, kas ietver atmi\u0146as organizatoru un piln\u012bb\u0101 programm\u0113jamas AUTO SEKVENCES, kuras p\u0101rvalda ar liela kr\u0101su sk\u0101rienj\u016bt\u012bg\u0101 ekr\u0101na pal\u012bdz\u012bbu. Tas piln\u012bb\u0101 atbilst funkcionalit\u0101tes standartiem (piem\u0113ram, IEC\/EN 61557) un...\" \/>\n<meta property=\"og:url\" content=\"https:\/\/www.axiomams.eu\/lv\/produktas\/metrel-mi-3155-eurotestxd-euro-komplekts\" \/>\n<meta property=\"og:site_name\" content=\"AXIOMA MS\" \/>\n<meta property=\"article:publisher\" content=\"https:\/\/www.facebook.com\/AxiomaMS\" \/>\n<meta property=\"article:modified_time\" content=\"2026-03-25T15:01:01+00:00\" \/>\n<meta property=\"og:image\" content=\"https:\/\/www.axiomams.eu\/wp-content\/uploads\/2025\/07\/4574-5874.jpg\" \/>\n\t<meta property=\"og:image:width\" content=\"1020\" \/>\n\t<meta property=\"og:image:height\" content=\"1020\" \/>\n\t<meta property=\"og:image:type\" content=\"image\/jpeg\" \/>\n<meta name=\"twitter:card\" content=\"summary_large_image\" \/>\n<meta name=\"twitter:label1\" content=\"Est. reading time\" \/>\n\t<meta name=\"twitter:data1\" content=\"2 minutes\" \/>\n<script type=\"application\/ld+json\" class=\"yoast-schema-graph\">{\"@context\":\"https:\/\/schema.org\",\"@graph\":[{\"@type\":\"WebPage\",\"@id\":\"https:\/\/www.axiomams.eu\/lv\/produktas\/metrel-mi-3155-eurotestxd-euro-komplekts\",\"url\":\"https:\/\/www.axiomams.eu\/lv\/produktas\/metrel-mi-3155-eurotestxd-euro-komplekts\",\"name\":\"Metrel MI 3155 EurotestXD Euro komplekts - AXIOMA MS\",\"isPartOf\":{\"@id\":\"https:\/\/www.axiomams.eu\/lv#website\"},\"primaryImageOfPage\":{\"@id\":\"https:\/\/www.axiomams.eu\/lv\/produktas\/metrel-mi-3155-eurotestxd-euro-komplekts#primaryimage\"},\"image\":{\"@id\":\"https:\/\/www.axiomams.eu\/lv\/produktas\/metrel-mi-3155-eurotestxd-euro-komplekts#primaryimage\"},\"thumbnailUrl\":\"https:\/\/www.axiomams.eu\/wp-content\/uploads\/2025\/07\/4574-5874.jpg\",\"datePublished\":\"2025-05-15T16:03:34+00:00\",\"dateModified\":\"2026-03-25T15:01:01+00:00\",\"breadcrumb\":{\"@id\":\"https:\/\/www.axiomams.eu\/lv\/produktas\/metrel-mi-3155-eurotestxd-euro-komplekts#breadcrumb\"},\"inLanguage\":\"lv-LV\",\"potentialAction\":[{\"@type\":\"ReadAction\",\"target\":[\"https:\/\/www.axiomams.eu\/lv\/produktas\/metrel-mi-3155-eurotestxd-euro-komplekts\"]}]},{\"@type\":\"ImageObject\",\"inLanguage\":\"lv-LV\",\"@id\":\"https:\/\/www.axiomams.eu\/lv\/produktas\/metrel-mi-3155-eurotestxd-euro-komplekts#primaryimage\",\"url\":\"https:\/\/www.axiomams.eu\/wp-content\/uploads\/2025\/07\/4574-5874.jpg\",\"contentUrl\":\"https:\/\/www.axiomams.eu\/wp-content\/uploads\/2025\/07\/4574-5874.jpg\",\"width\":1020,\"height\":1020},{\"@type\":\"BreadcrumbList\",\"@id\":\"https:\/\/www.axiomams.eu\/lv\/produktas\/metrel-mi-3155-eurotestxd-euro-komplekts#breadcrumb\",\"itemListElement\":[{\"@type\":\"ListItem\",\"position\":1,\"name\":\"Home\",\"item\":\"https:\/\/www.axiomams.eu\/lv\"},{\"@type\":\"ListItem\",\"position\":2,\"name\":\"Produkti\",\"item\":\"https:\/\/www.axiomams.eu\/lv\/produkti\"},{\"@type\":\"ListItem\",\"position\":3,\"name\":\"Metrel MI 3155 EurotestXD Euro komplekts\"}]},{\"@type\":\"WebSite\",\"@id\":\"https:\/\/www.axiomams.eu\/lv#website\",\"url\":\"https:\/\/www.axiomams.eu\/lv\",\"name\":\"AXIOMA MS\",\"description\":\"Terrmovizoriai ir matavimo \u012franga\",\"publisher\":{\"@id\":\"https:\/\/www.axiomams.eu\/lv#organization\"},\"potentialAction\":[{\"@type\":\"SearchAction\",\"target\":{\"@type\":\"EntryPoint\",\"urlTemplate\":\"https:\/\/www.axiomams.eu\/lv?s={search_term_string}\"},\"query-input\":{\"@type\":\"PropertyValueSpecification\",\"valueRequired\":true,\"valueName\":\"search_term_string\"}}],\"inLanguage\":\"lv-LV\"},{\"@type\":\"Organization\",\"@id\":\"https:\/\/www.axiomams.eu\/lv#organization\",\"name\":\"AXIOMA MS\",\"url\":\"https:\/\/www.axiomams.eu\/lv\",\"logo\":{\"@type\":\"ImageObject\",\"inLanguage\":\"lv-LV\",\"@id\":\"https:\/\/www.axiomams.eu\/lv#\/schema\/logo\/image\/\",\"url\":\"https:\/\/www.axiomams.eu\/wp-content\/uploads\/2025\/06\/axioma-logo-2.png\",\"contentUrl\":\"https:\/\/www.axiomams.eu\/wp-content\/uploads\/2025\/06\/axioma-logo-2.png\",\"width\":1200,\"height\":1200,\"caption\":\"AXIOMA MS\"},\"image\":{\"@id\":\"https:\/\/www.axiomams.eu\/lv#\/schema\/logo\/image\/\"},\"sameAs\":[\"https:\/\/www.facebook.com\/AxiomaMS\",\"https:\/\/www.linkedin.com\/company\/axiomams\/\"]}]}<\/script>\n<!-- \/ Yoast SEO plugin. -->","yoast_head_json":{"title":"Metrel MI 3155 EurotestXD Euro komplekts - AXIOMA MS","robots":{"index":"index","follow":"follow","max-snippet":"max-snippet:-1","max-image-preview":"max-image-preview:large","max-video-preview":"max-video-preview:-1"},"canonical":"https:\/\/www.axiomams.eu\/lv\/produktas\/metrel-mi-3155-eurotestxd-euro-komplekts","og_locale":"lv_LV","og_type":"article","og_title":"Metrel MI 3155 EurotestXD Euro komplekts - AXIOMA MS","og_description":"Metrel MI 3155 EurotestXD ir jaun\u0101kais Metrel vismodern\u0101k\u0101s daudzfunkcion\u0101lo m\u0113rinstrumentu l\u012bnijas flagmanis, kas ir \u012bpa\u0161i izstr\u0101d\u0101ts test\u0113\u0161anai r\u016bpniec\u012bb\u0101. \u0160o instrumentu no p\u0101r\u0113jiem at\u0161\u0137ir ergonomisks dizains un intuit\u012bva lietot\u0101ja saskarne, kas ietver atmi\u0146as organizatoru un piln\u012bb\u0101 programm\u0113jamas AUTO SEKVENCES, kuras p\u0101rvalda ar liela kr\u0101su sk\u0101rienj\u016bt\u012bg\u0101 ekr\u0101na pal\u012bdz\u012bbu. Tas piln\u012bb\u0101 atbilst funkcionalit\u0101tes standartiem (piem\u0113ram, IEC\/EN 61557) un...","og_url":"https:\/\/www.axiomams.eu\/lv\/produktas\/metrel-mi-3155-eurotestxd-euro-komplekts","og_site_name":"AXIOMA MS","article_publisher":"https:\/\/www.facebook.com\/AxiomaMS","article_modified_time":"2026-03-25T15:01:01+00:00","og_image":[{"width":1020,"height":1020,"url":"https:\/\/www.axiomams.eu\/wp-content\/uploads\/2025\/07\/4574-5874.jpg","type":"image\/jpeg"}],"twitter_card":"summary_large_image","twitter_misc":{"Est. reading time":"2 minutes"},"schema":{"@context":"https:\/\/schema.org","@graph":[{"@type":"WebPage","@id":"https:\/\/www.axiomams.eu\/lv\/produktas\/metrel-mi-3155-eurotestxd-euro-komplekts","url":"https:\/\/www.axiomams.eu\/lv\/produktas\/metrel-mi-3155-eurotestxd-euro-komplekts","name":"Metrel MI 3155 EurotestXD Euro komplekts - AXIOMA MS","isPartOf":{"@id":"https:\/\/www.axiomams.eu\/lv#website"},"primaryImageOfPage":{"@id":"https:\/\/www.axiomams.eu\/lv\/produktas\/metrel-mi-3155-eurotestxd-euro-komplekts#primaryimage"},"image":{"@id":"https:\/\/www.axiomams.eu\/lv\/produktas\/metrel-mi-3155-eurotestxd-euro-komplekts#primaryimage"},"thumbnailUrl":"https:\/\/www.axiomams.eu\/wp-content\/uploads\/2025\/07\/4574-5874.jpg","datePublished":"2025-05-15T16:03:34+00:00","dateModified":"2026-03-25T15:01:01+00:00","breadcrumb":{"@id":"https:\/\/www.axiomams.eu\/lv\/produktas\/metrel-mi-3155-eurotestxd-euro-komplekts#breadcrumb"},"inLanguage":"lv-LV","potentialAction":[{"@type":"ReadAction","target":["https:\/\/www.axiomams.eu\/lv\/produktas\/metrel-mi-3155-eurotestxd-euro-komplekts"]}]},{"@type":"ImageObject","inLanguage":"lv-LV","@id":"https:\/\/www.axiomams.eu\/lv\/produktas\/metrel-mi-3155-eurotestxd-euro-komplekts#primaryimage","url":"https:\/\/www.axiomams.eu\/wp-content\/uploads\/2025\/07\/4574-5874.jpg","contentUrl":"https:\/\/www.axiomams.eu\/wp-content\/uploads\/2025\/07\/4574-5874.jpg","width":1020,"height":1020},{"@type":"BreadcrumbList","@id":"https:\/\/www.axiomams.eu\/lv\/produktas\/metrel-mi-3155-eurotestxd-euro-komplekts#breadcrumb","itemListElement":[{"@type":"ListItem","position":1,"name":"Home","item":"https:\/\/www.axiomams.eu\/lv"},{"@type":"ListItem","position":2,"name":"Produkti","item":"https:\/\/www.axiomams.eu\/lv\/produkti"},{"@type":"ListItem","position":3,"name":"Metrel MI 3155 EurotestXD Euro komplekts"}]},{"@type":"WebSite","@id":"https:\/\/www.axiomams.eu\/lv#website","url":"https:\/\/www.axiomams.eu\/lv","name":"AXIOMA MS","description":"Terrmovizoriai ir matavimo \u012franga","publisher":{"@id":"https:\/\/www.axiomams.eu\/lv#organization"},"potentialAction":[{"@type":"SearchAction","target":{"@type":"EntryPoint","urlTemplate":"https:\/\/www.axiomams.eu\/lv?s={search_term_string}"},"query-input":{"@type":"PropertyValueSpecification","valueRequired":true,"valueName":"search_term_string"}}],"inLanguage":"lv-LV"},{"@type":"Organization","@id":"https:\/\/www.axiomams.eu\/lv#organization","name":"AXIOMA MS","url":"https:\/\/www.axiomams.eu\/lv","logo":{"@type":"ImageObject","inLanguage":"lv-LV","@id":"https:\/\/www.axiomams.eu\/lv#\/schema\/logo\/image\/","url":"https:\/\/www.axiomams.eu\/wp-content\/uploads\/2025\/06\/axioma-logo-2.png","contentUrl":"https:\/\/www.axiomams.eu\/wp-content\/uploads\/2025\/06\/axioma-logo-2.png","width":1200,"height":1200,"caption":"AXIOMA MS"},"image":{"@id":"https:\/\/www.axiomams.eu\/lv#\/schema\/logo\/image\/"},"sameAs":["https:\/\/www.facebook.com\/AxiomaMS","https:\/\/www.linkedin.com\/company\/axiomams\/"]}]}},"_links":{"self":[{"href":"https:\/\/www.axiomams.eu\/lv\/wp-json\/wp\/v2\/product\/39245","targetHints":{"allow":["GET"]}}],"collection":[{"href":"https:\/\/www.axiomams.eu\/lv\/wp-json\/wp\/v2\/product"}],"about":[{"href":"https:\/\/www.axiomams.eu\/lv\/wp-json\/wp\/v2\/types\/product"}],"replies":[{"embeddable":true,"href":"https:\/\/www.axiomams.eu\/lv\/wp-json\/wp\/v2\/comments?post=39245"}],"wp:featuredmedia":[{"embeddable":true,"href":"https:\/\/www.axiomams.eu\/lv\/wp-json\/wp\/v2\/media\/42211"}],"wp:attachment":[{"href":"https:\/\/www.axiomams.eu\/lv\/wp-json\/wp\/v2\/media?parent=39245"}],"wp:term":[{"taxonomy":"product_brand","embeddable":true,"href":"https:\/\/www.axiomams.eu\/lv\/wp-json\/wp\/v2\/product_brand?post=39245"},{"taxonomy":"product_cat","embeddable":true,"href":"https:\/\/www.axiomams.eu\/lv\/wp-json\/wp\/v2\/product_cat?post=39245"},{"taxonomy":"product_tag","embeddable":true,"href":"https:\/\/www.axiomams.eu\/lv\/wp-json\/wp\/v2\/product_tag?post=39245"}],"curies":[{"name":"wp","href":"https:\/\/api.w.org\/{rel}","templated":true}]}}