{"id":39248,"date":"2025-05-23T10:40:09","date_gmt":"2025-05-23T08:40:09","guid":{"rendered":"https:\/\/www.axiomams.eu\/produktas\/metrel-mi-3211-teraohmhp-10-kv-izolacijas-pretestibas-testeris"},"modified":"2026-03-25T17:01:04","modified_gmt":"2026-03-25T15:01:04","slug":"metrel-mi-3211-teraohmhp-10-kv-izolacijas-pretestibas-testeris","status":"publish","type":"product","link":"https:\/\/www.axiomams.eu\/lv\/produktas\/metrel-mi-3211-teraohmhp-10-kv-izolacijas-pretestibas-testeris","title":{"rendered":"Metrel MI 3211 TeraOhmHP 10 kV izol\u0101cijas pretest\u012bbas testeris"},"content":{"rendered":"<p>Metrel MI 3211 TeraOhmHP 10 kV ir jaud\u012bgs, p\u0101rn\u0113s\u0101jams, no akumulatora vai elektrot\u012bkla barojams test\u0113\u0161anas instruments ar lielisku IP aizsardz\u012bbu (IP65), kas paredz\u0113ts izol\u0101cijas pretest\u012bbas anal\u012bzei, izmantojot augstu l\u012bdzstr\u0101vas testa spriegumu l\u012bdz 10 kV. Pateicoties t\u0101 iztur\u012bbai (CAT IV m\u0113r\u012bjumu kategorija) un augstajai imunit\u0101tei pret izstarotajiem elektromagn\u0113tiskajiem laukiem, tas ir vispiem\u0113rot\u0101kais izmanto\u0161anai sare\u017e\u0123\u012bt\u0101s r\u016bpniecisk\u0101s vid\u0113s. Sk\u0101rienj\u016bt\u012bgais ekr\u0101ns vai manipul\u0101cijas ar tausti\u0146iem, izmantojot izv\u0113lnes vad\u012btu LCD displeju, \u013cauj viegli un p\u0101rskat\u0101mi izv\u0113l\u0113ties da\u017e\u0101das m\u0113r\u012b\u0161anas metodes un viegli ievad\u012bt datus. Jaunizstr\u0101d\u0101tajiem testa vadiem ir kod\u0113ti ban\u0101nu savienot\u0101ji pareizai savieno\u0161anai un blo\u0137\u0113\u0161anai, lai tos aizsarg\u0101tu pret nev\u0113lamu vai nejau\u0161u no\u0146em\u0161anu.<\/p>\n<p>Standarta komplekts: Metrel MI 3211 izol\u0101cijas pretest\u012bbas testeris, testa vadi, baro\u0161anas kabelis, USB kabelis, somi\u0146a, ES Manager BASIC licence, \u012bsa lieto\u0161anas instrukcija, kalibr\u0113\u0161anas sertifik\u0101ts.<\/p>\n<h3>Tehnisk\u0101 inform\u0101cija:<\/h3>\n<ul>\n<li><a href=\"https:\/\/axiomams.eu\/importer\/export\/attachments\/en\/metrel-mi-3211.pdf\" target=\"_blank\">Metrel MI 3211.pdf<\/a><\/li>\n<\/ul>\n","protected":false},"excerpt":{"rendered":"<p>Metrel MI 3211 TeraOhmHP 10 kV ir jaud\u012bgs, p\u0101rn\u0113s\u0101jams, no akumulatora vai elektrot\u012bkla barojams test\u0113\u0161anas instruments ar lielisku IP aizsardz\u012bbu (IP65), kas paredz\u0113ts izol\u0101cijas pretest\u012bbas anal\u012bzei, izmantojot augstu l\u012bdzstr\u0101vas testa spriegumu l\u012bdz 10 kV. Pateicoties t\u0101 iztur\u012bbai (CAT IV m\u0113r\u012bjumu kategorija) un augstajai imunit\u0101tei pret izstarotajiem elektromagn\u0113tiskajiem laukiem, tas ir vispiem\u0113rot\u0101kais izmanto\u0161anai sare\u017e\u0123\u012bt\u0101s r\u016bpniecisk\u0101s vid\u0113s&#8230;.<\/p>\n","protected":false},"featured_media":42217,"comment_status":"open","ping_status":"closed","template":"","meta":{"_acf_changed":false},"product_brand":[732],"product_cat":[17712],"product_tag":[],"class_list":{"0":"post-39248","1":"product","2":"type-product","3":"status-publish","4":"has-post-thumbnail","6":"product_brand-metrel","7":"product_cat-elektroinstalacijas-parbaudei","9":"first","10":"instock","11":"taxable","12":"shipping-taxable","13":"purchasable","14":"product-type-simple"},"acf":[],"yoast_head":"<!-- This site is optimized with the Yoast SEO plugin v27.0 - https:\/\/yoast.com\/product\/yoast-seo-wordpress\/ -->\n<title>Metrel MI 3211 TeraOhmHP 10 kV izol\u0101cijas pretest\u012bbas testeris - AXIOMA MS<\/title>\n<meta name=\"robots\" content=\"index, follow, max-snippet:-1, max-image-preview:large, max-video-preview:-1\" \/>\n<link rel=\"canonical\" href=\"https:\/\/www.axiomams.eu\/lv\/produktas\/metrel-mi-3211-teraohmhp-10-kv-izolacijas-pretestibas-testeris\" \/>\n<meta property=\"og:locale\" content=\"lv_LV\" \/>\n<meta property=\"og:type\" content=\"article\" \/>\n<meta property=\"og:title\" content=\"Metrel MI 3211 TeraOhmHP 10 kV izol\u0101cijas pretest\u012bbas testeris - AXIOMA MS\" \/>\n<meta property=\"og:description\" content=\"Metrel MI 3211 TeraOhmHP 10 kV ir jaud\u012bgs, p\u0101rn\u0113s\u0101jams, no akumulatora vai elektrot\u012bkla barojams test\u0113\u0161anas instruments ar lielisku IP aizsardz\u012bbu (IP65), kas paredz\u0113ts izol\u0101cijas pretest\u012bbas anal\u012bzei, izmantojot augstu l\u012bdzstr\u0101vas testa spriegumu l\u012bdz 10 kV. Pateicoties t\u0101 iztur\u012bbai (CAT IV m\u0113r\u012bjumu kategorija) un augstajai imunit\u0101tei pret izstarotajiem elektromagn\u0113tiskajiem laukiem, tas ir vispiem\u0113rot\u0101kais izmanto\u0161anai sare\u017e\u0123\u012bt\u0101s r\u016bpniecisk\u0101s vid\u0113s....\" \/>\n<meta property=\"og:url\" content=\"https:\/\/www.axiomams.eu\/lv\/produktas\/metrel-mi-3211-teraohmhp-10-kv-izolacijas-pretestibas-testeris\" \/>\n<meta property=\"og:site_name\" content=\"AXIOMA MS\" \/>\n<meta property=\"article:publisher\" content=\"https:\/\/www.facebook.com\/AxiomaMS\" \/>\n<meta property=\"article:modified_time\" content=\"2026-03-25T15:01:04+00:00\" \/>\n<meta property=\"og:image\" content=\"https:\/\/www.axiomams.eu\/wp-content\/uploads\/2025\/07\/4578-5885.jpg\" \/>\n\t<meta property=\"og:image:width\" content=\"1200\" \/>\n\t<meta property=\"og:image:height\" content=\"900\" \/>\n\t<meta property=\"og:image:type\" content=\"image\/jpeg\" \/>\n<meta name=\"twitter:card\" content=\"summary_large_image\" \/>\n<meta name=\"twitter:label1\" content=\"Est. reading time\" \/>\n\t<meta name=\"twitter:data1\" content=\"1 minute\" \/>\n<script type=\"application\/ld+json\" class=\"yoast-schema-graph\">{\"@context\":\"https:\/\/schema.org\",\"@graph\":[{\"@type\":\"WebPage\",\"@id\":\"https:\/\/www.axiomams.eu\/lv\/produktas\/metrel-mi-3211-teraohmhp-10-kv-izolacijas-pretestibas-testeris\",\"url\":\"https:\/\/www.axiomams.eu\/lv\/produktas\/metrel-mi-3211-teraohmhp-10-kv-izolacijas-pretestibas-testeris\",\"name\":\"Metrel MI 3211 TeraOhmHP 10 kV izol\u0101cijas pretest\u012bbas testeris - AXIOMA MS\",\"isPartOf\":{\"@id\":\"https:\/\/www.axiomams.eu\/lv#website\"},\"primaryImageOfPage\":{\"@id\":\"https:\/\/www.axiomams.eu\/lv\/produktas\/metrel-mi-3211-teraohmhp-10-kv-izolacijas-pretestibas-testeris#primaryimage\"},\"image\":{\"@id\":\"https:\/\/www.axiomams.eu\/lv\/produktas\/metrel-mi-3211-teraohmhp-10-kv-izolacijas-pretestibas-testeris#primaryimage\"},\"thumbnailUrl\":\"https:\/\/www.axiomams.eu\/wp-content\/uploads\/2025\/07\/4578-5885.jpg\",\"datePublished\":\"2025-05-23T08:40:09+00:00\",\"dateModified\":\"2026-03-25T15:01:04+00:00\",\"breadcrumb\":{\"@id\":\"https:\/\/www.axiomams.eu\/lv\/produktas\/metrel-mi-3211-teraohmhp-10-kv-izolacijas-pretestibas-testeris#breadcrumb\"},\"inLanguage\":\"lv-LV\",\"potentialAction\":[{\"@type\":\"ReadAction\",\"target\":[\"https:\/\/www.axiomams.eu\/lv\/produktas\/metrel-mi-3211-teraohmhp-10-kv-izolacijas-pretestibas-testeris\"]}]},{\"@type\":\"ImageObject\",\"inLanguage\":\"lv-LV\",\"@id\":\"https:\/\/www.axiomams.eu\/lv\/produktas\/metrel-mi-3211-teraohmhp-10-kv-izolacijas-pretestibas-testeris#primaryimage\",\"url\":\"https:\/\/www.axiomams.eu\/wp-content\/uploads\/2025\/07\/4578-5885.jpg\",\"contentUrl\":\"https:\/\/www.axiomams.eu\/wp-content\/uploads\/2025\/07\/4578-5885.jpg\",\"width\":1200,\"height\":900},{\"@type\":\"BreadcrumbList\",\"@id\":\"https:\/\/www.axiomams.eu\/lv\/produktas\/metrel-mi-3211-teraohmhp-10-kv-izolacijas-pretestibas-testeris#breadcrumb\",\"itemListElement\":[{\"@type\":\"ListItem\",\"position\":1,\"name\":\"Home\",\"item\":\"https:\/\/www.axiomams.eu\/lv\"},{\"@type\":\"ListItem\",\"position\":2,\"name\":\"Produkti\",\"item\":\"https:\/\/www.axiomams.eu\/lv\/produkti\"},{\"@type\":\"ListItem\",\"position\":3,\"name\":\"Metrel MI 3211 TeraOhmHP 10 kV izol\u0101cijas pretest\u012bbas testeris\"}]},{\"@type\":\"WebSite\",\"@id\":\"https:\/\/www.axiomams.eu\/lv#website\",\"url\":\"https:\/\/www.axiomams.eu\/lv\",\"name\":\"AXIOMA MS\",\"description\":\"Terrmovizoriai ir matavimo \u012franga\",\"publisher\":{\"@id\":\"https:\/\/www.axiomams.eu\/lv#organization\"},\"potentialAction\":[{\"@type\":\"SearchAction\",\"target\":{\"@type\":\"EntryPoint\",\"urlTemplate\":\"https:\/\/www.axiomams.eu\/lv?s={search_term_string}\"},\"query-input\":{\"@type\":\"PropertyValueSpecification\",\"valueRequired\":true,\"valueName\":\"search_term_string\"}}],\"inLanguage\":\"lv-LV\"},{\"@type\":\"Organization\",\"@id\":\"https:\/\/www.axiomams.eu\/lv#organization\",\"name\":\"AXIOMA MS\",\"url\":\"https:\/\/www.axiomams.eu\/lv\",\"logo\":{\"@type\":\"ImageObject\",\"inLanguage\":\"lv-LV\",\"@id\":\"https:\/\/www.axiomams.eu\/lv#\/schema\/logo\/image\/\",\"url\":\"https:\/\/www.axiomams.eu\/wp-content\/uploads\/2025\/06\/axioma-logo-2.png\",\"contentUrl\":\"https:\/\/www.axiomams.eu\/wp-content\/uploads\/2025\/06\/axioma-logo-2.png\",\"width\":1200,\"height\":1200,\"caption\":\"AXIOMA MS\"},\"image\":{\"@id\":\"https:\/\/www.axiomams.eu\/lv#\/schema\/logo\/image\/\"},\"sameAs\":[\"https:\/\/www.facebook.com\/AxiomaMS\",\"https:\/\/www.linkedin.com\/company\/axiomams\/\"]}]}<\/script>\n<!-- \/ Yoast SEO plugin. -->","yoast_head_json":{"title":"Metrel MI 3211 TeraOhmHP 10 kV izol\u0101cijas pretest\u012bbas testeris - AXIOMA MS","robots":{"index":"index","follow":"follow","max-snippet":"max-snippet:-1","max-image-preview":"max-image-preview:large","max-video-preview":"max-video-preview:-1"},"canonical":"https:\/\/www.axiomams.eu\/lv\/produktas\/metrel-mi-3211-teraohmhp-10-kv-izolacijas-pretestibas-testeris","og_locale":"lv_LV","og_type":"article","og_title":"Metrel MI 3211 TeraOhmHP 10 kV izol\u0101cijas pretest\u012bbas testeris - AXIOMA MS","og_description":"Metrel MI 3211 TeraOhmHP 10 kV ir jaud\u012bgs, p\u0101rn\u0113s\u0101jams, no akumulatora vai elektrot\u012bkla barojams test\u0113\u0161anas instruments ar lielisku IP aizsardz\u012bbu (IP65), kas paredz\u0113ts izol\u0101cijas pretest\u012bbas anal\u012bzei, izmantojot augstu l\u012bdzstr\u0101vas testa spriegumu l\u012bdz 10 kV. Pateicoties t\u0101 iztur\u012bbai (CAT IV m\u0113r\u012bjumu kategorija) un augstajai imunit\u0101tei pret izstarotajiem elektromagn\u0113tiskajiem laukiem, tas ir vispiem\u0113rot\u0101kais izmanto\u0161anai sare\u017e\u0123\u012bt\u0101s r\u016bpniecisk\u0101s vid\u0113s....","og_url":"https:\/\/www.axiomams.eu\/lv\/produktas\/metrel-mi-3211-teraohmhp-10-kv-izolacijas-pretestibas-testeris","og_site_name":"AXIOMA MS","article_publisher":"https:\/\/www.facebook.com\/AxiomaMS","article_modified_time":"2026-03-25T15:01:04+00:00","og_image":[{"width":1200,"height":900,"url":"https:\/\/www.axiomams.eu\/wp-content\/uploads\/2025\/07\/4578-5885.jpg","type":"image\/jpeg"}],"twitter_card":"summary_large_image","twitter_misc":{"Est. reading time":"1 minute"},"schema":{"@context":"https:\/\/schema.org","@graph":[{"@type":"WebPage","@id":"https:\/\/www.axiomams.eu\/lv\/produktas\/metrel-mi-3211-teraohmhp-10-kv-izolacijas-pretestibas-testeris","url":"https:\/\/www.axiomams.eu\/lv\/produktas\/metrel-mi-3211-teraohmhp-10-kv-izolacijas-pretestibas-testeris","name":"Metrel MI 3211 TeraOhmHP 10 kV izol\u0101cijas pretest\u012bbas testeris - AXIOMA MS","isPartOf":{"@id":"https:\/\/www.axiomams.eu\/lv#website"},"primaryImageOfPage":{"@id":"https:\/\/www.axiomams.eu\/lv\/produktas\/metrel-mi-3211-teraohmhp-10-kv-izolacijas-pretestibas-testeris#primaryimage"},"image":{"@id":"https:\/\/www.axiomams.eu\/lv\/produktas\/metrel-mi-3211-teraohmhp-10-kv-izolacijas-pretestibas-testeris#primaryimage"},"thumbnailUrl":"https:\/\/www.axiomams.eu\/wp-content\/uploads\/2025\/07\/4578-5885.jpg","datePublished":"2025-05-23T08:40:09+00:00","dateModified":"2026-03-25T15:01:04+00:00","breadcrumb":{"@id":"https:\/\/www.axiomams.eu\/lv\/produktas\/metrel-mi-3211-teraohmhp-10-kv-izolacijas-pretestibas-testeris#breadcrumb"},"inLanguage":"lv-LV","potentialAction":[{"@type":"ReadAction","target":["https:\/\/www.axiomams.eu\/lv\/produktas\/metrel-mi-3211-teraohmhp-10-kv-izolacijas-pretestibas-testeris"]}]},{"@type":"ImageObject","inLanguage":"lv-LV","@id":"https:\/\/www.axiomams.eu\/lv\/produktas\/metrel-mi-3211-teraohmhp-10-kv-izolacijas-pretestibas-testeris#primaryimage","url":"https:\/\/www.axiomams.eu\/wp-content\/uploads\/2025\/07\/4578-5885.jpg","contentUrl":"https:\/\/www.axiomams.eu\/wp-content\/uploads\/2025\/07\/4578-5885.jpg","width":1200,"height":900},{"@type":"BreadcrumbList","@id":"https:\/\/www.axiomams.eu\/lv\/produktas\/metrel-mi-3211-teraohmhp-10-kv-izolacijas-pretestibas-testeris#breadcrumb","itemListElement":[{"@type":"ListItem","position":1,"name":"Home","item":"https:\/\/www.axiomams.eu\/lv"},{"@type":"ListItem","position":2,"name":"Produkti","item":"https:\/\/www.axiomams.eu\/lv\/produkti"},{"@type":"ListItem","position":3,"name":"Metrel MI 3211 TeraOhmHP 10 kV izol\u0101cijas pretest\u012bbas testeris"}]},{"@type":"WebSite","@id":"https:\/\/www.axiomams.eu\/lv#website","url":"https:\/\/www.axiomams.eu\/lv","name":"AXIOMA MS","description":"Terrmovizoriai ir matavimo \u012franga","publisher":{"@id":"https:\/\/www.axiomams.eu\/lv#organization"},"potentialAction":[{"@type":"SearchAction","target":{"@type":"EntryPoint","urlTemplate":"https:\/\/www.axiomams.eu\/lv?s={search_term_string}"},"query-input":{"@type":"PropertyValueSpecification","valueRequired":true,"valueName":"search_term_string"}}],"inLanguage":"lv-LV"},{"@type":"Organization","@id":"https:\/\/www.axiomams.eu\/lv#organization","name":"AXIOMA MS","url":"https:\/\/www.axiomams.eu\/lv","logo":{"@type":"ImageObject","inLanguage":"lv-LV","@id":"https:\/\/www.axiomams.eu\/lv#\/schema\/logo\/image\/","url":"https:\/\/www.axiomams.eu\/wp-content\/uploads\/2025\/06\/axioma-logo-2.png","contentUrl":"https:\/\/www.axiomams.eu\/wp-content\/uploads\/2025\/06\/axioma-logo-2.png","width":1200,"height":1200,"caption":"AXIOMA MS"},"image":{"@id":"https:\/\/www.axiomams.eu\/lv#\/schema\/logo\/image\/"},"sameAs":["https:\/\/www.facebook.com\/AxiomaMS","https:\/\/www.linkedin.com\/company\/axiomams\/"]}]}},"_links":{"self":[{"href":"https:\/\/www.axiomams.eu\/lv\/wp-json\/wp\/v2\/product\/39248","targetHints":{"allow":["GET"]}}],"collection":[{"href":"https:\/\/www.axiomams.eu\/lv\/wp-json\/wp\/v2\/product"}],"about":[{"href":"https:\/\/www.axiomams.eu\/lv\/wp-json\/wp\/v2\/types\/product"}],"replies":[{"embeddable":true,"href":"https:\/\/www.axiomams.eu\/lv\/wp-json\/wp\/v2\/comments?post=39248"}],"wp:featuredmedia":[{"embeddable":true,"href":"https:\/\/www.axiomams.eu\/lv\/wp-json\/wp\/v2\/media\/42217"}],"wp:attachment":[{"href":"https:\/\/www.axiomams.eu\/lv\/wp-json\/wp\/v2\/media?parent=39248"}],"wp:term":[{"taxonomy":"product_brand","embeddable":true,"href":"https:\/\/www.axiomams.eu\/lv\/wp-json\/wp\/v2\/product_brand?post=39248"},{"taxonomy":"product_cat","embeddable":true,"href":"https:\/\/www.axiomams.eu\/lv\/wp-json\/wp\/v2\/product_cat?post=39248"},{"taxonomy":"product_tag","embeddable":true,"href":"https:\/\/www.axiomams.eu\/lv\/wp-json\/wp\/v2\/product_tag?post=39248"}],"curies":[{"name":"wp","href":"https:\/\/api.w.org\/{rel}","templated":true}]}}