{"id":39250,"date":"2025-05-15T18:03:37","date_gmt":"2025-05-15T16:03:37","guid":{"rendered":"https:\/\/www.axiomams.eu\/produktas\/metrel-mi-3290-gx-zemes-pretestibas-testeris"},"modified":"2026-03-25T17:01:04","modified_gmt":"2026-03-25T15:01:04","slug":"metrel-mi-3290-gx-zemes-pretestibas-testeris","status":"publish","type":"product","link":"https:\/\/www.axiomams.eu\/lv\/produktas\/metrel-mi-3290-gx-zemes-pretestibas-testeris","title":{"rendered":"Metrel MI 3290 GX Zemes pretest\u012bbas testeris"},"content":{"rendered":"<p>Metrel MI 3290 Zemes analizators ir p\u0101rn\u0113s\u0101jams, ar akumulatoru vai elektrot\u012bkla str\u0101vu darbin\u0101ms testa instruments ar izcilu IP aizsardz\u012bbu (IP 54 atv\u0113rts korpuss), kas paredz\u0113ts da\u017e\u0101du ener\u0123\u0113tisku un neener\u0123\u0113tisku objektu zem\u0113juma pretest\u012bbas, \u012bpatn\u0113j\u0101s zem\u0113juma pretest\u012bbas un zem\u0113juma potenci\u0101la m\u0113r\u012bjumiem. Lietot\u0101js var izv\u0113l\u0113ties no da\u017e\u0101d\u0101m metod\u0113m, s\u0101kot no klasisk\u0101s tr\u012bs vadu zem\u0113juma pretest\u012bbas m\u0113r\u012b\u0161anas l\u012bdz vienas vai \u010detru skavu metodei pilonu m\u0113r\u012b\u0161anai. Vi\u0146\u0161 var izv\u0113l\u0113ties m\u0113r\u012b\u0161anas metodes ar da\u017e\u0101d\u0101m frekven\u010du metod\u0113m: vienfrekvences vai frekven\u010du sv\u0101rst\u012b\u0161anas metodi no 55 Hz l\u012bdz 15 kHz, HF metodi ar 25 kHz un impulsu metodi, kas simul\u0113 zibens sp\u0113rienu. Augsta elektrisk\u0101 trok\u0161\u0146a notur\u012bba padara \u0161o instrumentu vislab\u0101k piem\u0113rotu industri\u0101l\u0101 vid\u0113. Instruments ir pieejams vair\u0101kos komplektos, kas ir da\u017e\u0101du piederumu un m\u0113r\u012b\u0161anas funkciju kombin\u0101cija.<\/p>\n<p>Standarta komplekts: Metrel MI 3290, str\u0101vas zem\u0113juma smaile 90 cm, 2 gab, potenci\u0101la zem\u0113juma smaile 50 cm, 2 gab, savienojuma vads melns 2 m, testa vads sarkans 5 m, testa vads zils 5 m, testa vads melns ru\u013c\u013cos 50 m, testa vads za\u013c\u0161 ru\u013c\u013cos 50 m, testa vads zils ru\u013c\u013cos 50 m, ekran\u0113ts testa vads ru\u013c\u013cos 75 m, G skava, testa zondes, krokodila skava un 2 m testa vad\u012bt\u0101js, 4 gab.<\/p>\n<p>Metrel MI 3290 GX papildu piederumi: Licence GX, Dzelzs skava ar 3,5 m testa vadu, Dzelzs skava A 1019, Flex skava 5 m ar 15 m ekran\u0113tu kabeli, 4 gab, Kelvina skava ar 2,5 m kabeli, 2 gab, Voltmetrs MI 3295M ar 2 vadu testa vadu, Pak\u0101pju sprieguma testa plate, 2 gab.<\/p>\n<h3>Tehnisk\u0101 inform\u0101cija:<\/h3>\n<ul>\n<li><a href=\"https:\/\/axiomams.eu\/importer\/export\/attachments\/en\/metrel-mi3290.pdf\" target=\"_blank\">METREL MI3290.pdf<\/a><\/li>\n<\/ul>\n","protected":false},"excerpt":{"rendered":"<p>Metrel MI 3290 Zemes analizators ir p\u0101rn\u0113s\u0101jams, ar akumulatoru vai elektrot\u012bkla str\u0101vu darbin\u0101ms testa instruments ar izcilu IP aizsardz\u012bbu (IP 54 atv\u0113rts korpuss), kas paredz\u0113ts da\u017e\u0101du ener\u0123\u0113tisku un neener\u0123\u0113tisku objektu zem\u0113juma pretest\u012bbas, \u012bpatn\u0113j\u0101s zem\u0113juma pretest\u012bbas un zem\u0113juma potenci\u0101la m\u0113r\u012bjumiem. Lietot\u0101js var izv\u0113l\u0113ties no da\u017e\u0101d\u0101m metod\u0113m, s\u0101kot no klasisk\u0101s tr\u012bs vadu zem\u0113juma pretest\u012bbas m\u0113r\u012b\u0161anas l\u012bdz vienas&#8230;<\/p>\n","protected":false},"featured_media":42221,"comment_status":"open","ping_status":"closed","template":"","meta":{"_acf_changed":false},"product_brand":[732],"product_cat":[17712],"product_tag":[],"class_list":{"0":"post-39250","1":"product","2":"type-product","3":"status-publish","4":"has-post-thumbnail","6":"product_brand-metrel","7":"product_cat-elektroinstalacijas-parbaudei","9":"first","10":"instock","11":"taxable","12":"shipping-taxable","13":"product-type-simple"},"acf":[],"yoast_head":"<!-- This site is optimized with the Yoast SEO plugin v27.0 - https:\/\/yoast.com\/product\/yoast-seo-wordpress\/ -->\n<title>Metrel MI 3290 GX Zemes pretest\u012bbas testeris - AXIOMA MS<\/title>\n<meta name=\"robots\" content=\"index, follow, max-snippet:-1, max-image-preview:large, max-video-preview:-1\" \/>\n<link rel=\"canonical\" href=\"https:\/\/www.axiomams.eu\/lv\/produktas\/metrel-mi-3290-gx-zemes-pretestibas-testeris\" \/>\n<meta property=\"og:locale\" content=\"lv_LV\" \/>\n<meta property=\"og:type\" content=\"article\" \/>\n<meta property=\"og:title\" content=\"Metrel MI 3290 GX Zemes pretest\u012bbas testeris - AXIOMA MS\" \/>\n<meta property=\"og:description\" content=\"Metrel MI 3290 Zemes analizators ir p\u0101rn\u0113s\u0101jams, ar akumulatoru vai elektrot\u012bkla str\u0101vu darbin\u0101ms testa instruments ar izcilu IP aizsardz\u012bbu (IP 54 atv\u0113rts korpuss), kas paredz\u0113ts da\u017e\u0101du ener\u0123\u0113tisku un neener\u0123\u0113tisku objektu zem\u0113juma pretest\u012bbas, \u012bpatn\u0113j\u0101s zem\u0113juma pretest\u012bbas un zem\u0113juma potenci\u0101la m\u0113r\u012bjumiem. Lietot\u0101js var izv\u0113l\u0113ties no da\u017e\u0101d\u0101m metod\u0113m, s\u0101kot no klasisk\u0101s tr\u012bs vadu zem\u0113juma pretest\u012bbas m\u0113r\u012b\u0161anas l\u012bdz vienas...\" \/>\n<meta property=\"og:url\" content=\"https:\/\/www.axiomams.eu\/lv\/produktas\/metrel-mi-3290-gx-zemes-pretestibas-testeris\" \/>\n<meta property=\"og:site_name\" content=\"AXIOMA MS\" \/>\n<meta property=\"article:publisher\" content=\"https:\/\/www.facebook.com\/AxiomaMS\" \/>\n<meta property=\"article:modified_time\" content=\"2026-03-25T15:01:04+00:00\" \/>\n<meta property=\"og:image\" content=\"https:\/\/www.axiomams.eu\/wp-content\/uploads\/2025\/07\/1580-2045.jpg\" \/>\n\t<meta property=\"og:image:width\" content=\"800\" \/>\n\t<meta property=\"og:image:height\" content=\"728\" \/>\n\t<meta property=\"og:image:type\" content=\"image\/jpeg\" \/>\n<meta name=\"twitter:card\" content=\"summary_large_image\" \/>\n<meta name=\"twitter:label1\" content=\"Est. reading time\" \/>\n\t<meta name=\"twitter:data1\" content=\"1 minute\" \/>\n<script type=\"application\/ld+json\" class=\"yoast-schema-graph\">{\"@context\":\"https:\/\/schema.org\",\"@graph\":[{\"@type\":\"WebPage\",\"@id\":\"https:\/\/www.axiomams.eu\/lv\/produktas\/metrel-mi-3290-gx-zemes-pretestibas-testeris\",\"url\":\"https:\/\/www.axiomams.eu\/lv\/produktas\/metrel-mi-3290-gx-zemes-pretestibas-testeris\",\"name\":\"Metrel MI 3290 GX Zemes pretest\u012bbas testeris - AXIOMA MS\",\"isPartOf\":{\"@id\":\"https:\/\/www.axiomams.eu\/lv#website\"},\"primaryImageOfPage\":{\"@id\":\"https:\/\/www.axiomams.eu\/lv\/produktas\/metrel-mi-3290-gx-zemes-pretestibas-testeris#primaryimage\"},\"image\":{\"@id\":\"https:\/\/www.axiomams.eu\/lv\/produktas\/metrel-mi-3290-gx-zemes-pretestibas-testeris#primaryimage\"},\"thumbnailUrl\":\"https:\/\/www.axiomams.eu\/wp-content\/uploads\/2025\/07\/1580-2045.jpg\",\"datePublished\":\"2025-05-15T16:03:37+00:00\",\"dateModified\":\"2026-03-25T15:01:04+00:00\",\"breadcrumb\":{\"@id\":\"https:\/\/www.axiomams.eu\/lv\/produktas\/metrel-mi-3290-gx-zemes-pretestibas-testeris#breadcrumb\"},\"inLanguage\":\"lv-LV\",\"potentialAction\":[{\"@type\":\"ReadAction\",\"target\":[\"https:\/\/www.axiomams.eu\/lv\/produktas\/metrel-mi-3290-gx-zemes-pretestibas-testeris\"]}]},{\"@type\":\"ImageObject\",\"inLanguage\":\"lv-LV\",\"@id\":\"https:\/\/www.axiomams.eu\/lv\/produktas\/metrel-mi-3290-gx-zemes-pretestibas-testeris#primaryimage\",\"url\":\"https:\/\/www.axiomams.eu\/wp-content\/uploads\/2025\/07\/1580-2045.jpg\",\"contentUrl\":\"https:\/\/www.axiomams.eu\/wp-content\/uploads\/2025\/07\/1580-2045.jpg\",\"width\":800,\"height\":728},{\"@type\":\"BreadcrumbList\",\"@id\":\"https:\/\/www.axiomams.eu\/lv\/produktas\/metrel-mi-3290-gx-zemes-pretestibas-testeris#breadcrumb\",\"itemListElement\":[{\"@type\":\"ListItem\",\"position\":1,\"name\":\"Home\",\"item\":\"https:\/\/www.axiomams.eu\/lv\"},{\"@type\":\"ListItem\",\"position\":2,\"name\":\"Produkti\",\"item\":\"https:\/\/www.axiomams.eu\/lv\/produkti\"},{\"@type\":\"ListItem\",\"position\":3,\"name\":\"Metrel MI 3290 GX Zemes pretest\u012bbas testeris\"}]},{\"@type\":\"WebSite\",\"@id\":\"https:\/\/www.axiomams.eu\/lv#website\",\"url\":\"https:\/\/www.axiomams.eu\/lv\",\"name\":\"AXIOMA MS\",\"description\":\"Terrmovizoriai ir matavimo \u012franga\",\"publisher\":{\"@id\":\"https:\/\/www.axiomams.eu\/lv#organization\"},\"potentialAction\":[{\"@type\":\"SearchAction\",\"target\":{\"@type\":\"EntryPoint\",\"urlTemplate\":\"https:\/\/www.axiomams.eu\/lv?s={search_term_string}\"},\"query-input\":{\"@type\":\"PropertyValueSpecification\",\"valueRequired\":true,\"valueName\":\"search_term_string\"}}],\"inLanguage\":\"lv-LV\"},{\"@type\":\"Organization\",\"@id\":\"https:\/\/www.axiomams.eu\/lv#organization\",\"name\":\"AXIOMA MS\",\"url\":\"https:\/\/www.axiomams.eu\/lv\",\"logo\":{\"@type\":\"ImageObject\",\"inLanguage\":\"lv-LV\",\"@id\":\"https:\/\/www.axiomams.eu\/lv#\/schema\/logo\/image\/\",\"url\":\"https:\/\/www.axiomams.eu\/wp-content\/uploads\/2025\/06\/axioma-logo-2.png\",\"contentUrl\":\"https:\/\/www.axiomams.eu\/wp-content\/uploads\/2025\/06\/axioma-logo-2.png\",\"width\":1200,\"height\":1200,\"caption\":\"AXIOMA MS\"},\"image\":{\"@id\":\"https:\/\/www.axiomams.eu\/lv#\/schema\/logo\/image\/\"},\"sameAs\":[\"https:\/\/www.facebook.com\/AxiomaMS\",\"https:\/\/www.linkedin.com\/company\/axiomams\/\"]}]}<\/script>\n<!-- \/ Yoast SEO plugin. -->","yoast_head_json":{"title":"Metrel MI 3290 GX Zemes pretest\u012bbas testeris - AXIOMA MS","robots":{"index":"index","follow":"follow","max-snippet":"max-snippet:-1","max-image-preview":"max-image-preview:large","max-video-preview":"max-video-preview:-1"},"canonical":"https:\/\/www.axiomams.eu\/lv\/produktas\/metrel-mi-3290-gx-zemes-pretestibas-testeris","og_locale":"lv_LV","og_type":"article","og_title":"Metrel MI 3290 GX Zemes pretest\u012bbas testeris - AXIOMA MS","og_description":"Metrel MI 3290 Zemes analizators ir p\u0101rn\u0113s\u0101jams, ar akumulatoru vai elektrot\u012bkla str\u0101vu darbin\u0101ms testa instruments ar izcilu IP aizsardz\u012bbu (IP 54 atv\u0113rts korpuss), kas paredz\u0113ts da\u017e\u0101du ener\u0123\u0113tisku un neener\u0123\u0113tisku objektu zem\u0113juma pretest\u012bbas, \u012bpatn\u0113j\u0101s zem\u0113juma pretest\u012bbas un zem\u0113juma potenci\u0101la m\u0113r\u012bjumiem. Lietot\u0101js var izv\u0113l\u0113ties no da\u017e\u0101d\u0101m metod\u0113m, s\u0101kot no klasisk\u0101s tr\u012bs vadu zem\u0113juma pretest\u012bbas m\u0113r\u012b\u0161anas l\u012bdz vienas...","og_url":"https:\/\/www.axiomams.eu\/lv\/produktas\/metrel-mi-3290-gx-zemes-pretestibas-testeris","og_site_name":"AXIOMA MS","article_publisher":"https:\/\/www.facebook.com\/AxiomaMS","article_modified_time":"2026-03-25T15:01:04+00:00","og_image":[{"width":800,"height":728,"url":"https:\/\/www.axiomams.eu\/wp-content\/uploads\/2025\/07\/1580-2045.jpg","type":"image\/jpeg"}],"twitter_card":"summary_large_image","twitter_misc":{"Est. reading time":"1 minute"},"schema":{"@context":"https:\/\/schema.org","@graph":[{"@type":"WebPage","@id":"https:\/\/www.axiomams.eu\/lv\/produktas\/metrel-mi-3290-gx-zemes-pretestibas-testeris","url":"https:\/\/www.axiomams.eu\/lv\/produktas\/metrel-mi-3290-gx-zemes-pretestibas-testeris","name":"Metrel MI 3290 GX Zemes pretest\u012bbas testeris - AXIOMA MS","isPartOf":{"@id":"https:\/\/www.axiomams.eu\/lv#website"},"primaryImageOfPage":{"@id":"https:\/\/www.axiomams.eu\/lv\/produktas\/metrel-mi-3290-gx-zemes-pretestibas-testeris#primaryimage"},"image":{"@id":"https:\/\/www.axiomams.eu\/lv\/produktas\/metrel-mi-3290-gx-zemes-pretestibas-testeris#primaryimage"},"thumbnailUrl":"https:\/\/www.axiomams.eu\/wp-content\/uploads\/2025\/07\/1580-2045.jpg","datePublished":"2025-05-15T16:03:37+00:00","dateModified":"2026-03-25T15:01:04+00:00","breadcrumb":{"@id":"https:\/\/www.axiomams.eu\/lv\/produktas\/metrel-mi-3290-gx-zemes-pretestibas-testeris#breadcrumb"},"inLanguage":"lv-LV","potentialAction":[{"@type":"ReadAction","target":["https:\/\/www.axiomams.eu\/lv\/produktas\/metrel-mi-3290-gx-zemes-pretestibas-testeris"]}]},{"@type":"ImageObject","inLanguage":"lv-LV","@id":"https:\/\/www.axiomams.eu\/lv\/produktas\/metrel-mi-3290-gx-zemes-pretestibas-testeris#primaryimage","url":"https:\/\/www.axiomams.eu\/wp-content\/uploads\/2025\/07\/1580-2045.jpg","contentUrl":"https:\/\/www.axiomams.eu\/wp-content\/uploads\/2025\/07\/1580-2045.jpg","width":800,"height":728},{"@type":"BreadcrumbList","@id":"https:\/\/www.axiomams.eu\/lv\/produktas\/metrel-mi-3290-gx-zemes-pretestibas-testeris#breadcrumb","itemListElement":[{"@type":"ListItem","position":1,"name":"Home","item":"https:\/\/www.axiomams.eu\/lv"},{"@type":"ListItem","position":2,"name":"Produkti","item":"https:\/\/www.axiomams.eu\/lv\/produkti"},{"@type":"ListItem","position":3,"name":"Metrel MI 3290 GX Zemes pretest\u012bbas testeris"}]},{"@type":"WebSite","@id":"https:\/\/www.axiomams.eu\/lv#website","url":"https:\/\/www.axiomams.eu\/lv","name":"AXIOMA MS","description":"Terrmovizoriai ir matavimo \u012franga","publisher":{"@id":"https:\/\/www.axiomams.eu\/lv#organization"},"potentialAction":[{"@type":"SearchAction","target":{"@type":"EntryPoint","urlTemplate":"https:\/\/www.axiomams.eu\/lv?s={search_term_string}"},"query-input":{"@type":"PropertyValueSpecification","valueRequired":true,"valueName":"search_term_string"}}],"inLanguage":"lv-LV"},{"@type":"Organization","@id":"https:\/\/www.axiomams.eu\/lv#organization","name":"AXIOMA MS","url":"https:\/\/www.axiomams.eu\/lv","logo":{"@type":"ImageObject","inLanguage":"lv-LV","@id":"https:\/\/www.axiomams.eu\/lv#\/schema\/logo\/image\/","url":"https:\/\/www.axiomams.eu\/wp-content\/uploads\/2025\/06\/axioma-logo-2.png","contentUrl":"https:\/\/www.axiomams.eu\/wp-content\/uploads\/2025\/06\/axioma-logo-2.png","width":1200,"height":1200,"caption":"AXIOMA MS"},"image":{"@id":"https:\/\/www.axiomams.eu\/lv#\/schema\/logo\/image\/"},"sameAs":["https:\/\/www.facebook.com\/AxiomaMS","https:\/\/www.linkedin.com\/company\/axiomams\/"]}]}},"_links":{"self":[{"href":"https:\/\/www.axiomams.eu\/lv\/wp-json\/wp\/v2\/product\/39250","targetHints":{"allow":["GET"]}}],"collection":[{"href":"https:\/\/www.axiomams.eu\/lv\/wp-json\/wp\/v2\/product"}],"about":[{"href":"https:\/\/www.axiomams.eu\/lv\/wp-json\/wp\/v2\/types\/product"}],"replies":[{"embeddable":true,"href":"https:\/\/www.axiomams.eu\/lv\/wp-json\/wp\/v2\/comments?post=39250"}],"wp:featuredmedia":[{"embeddable":true,"href":"https:\/\/www.axiomams.eu\/lv\/wp-json\/wp\/v2\/media\/42221"}],"wp:attachment":[{"href":"https:\/\/www.axiomams.eu\/lv\/wp-json\/wp\/v2\/media?parent=39250"}],"wp:term":[{"taxonomy":"product_brand","embeddable":true,"href":"https:\/\/www.axiomams.eu\/lv\/wp-json\/wp\/v2\/product_brand?post=39250"},{"taxonomy":"product_cat","embeddable":true,"href":"https:\/\/www.axiomams.eu\/lv\/wp-json\/wp\/v2\/product_cat?post=39250"},{"taxonomy":"product_tag","embeddable":true,"href":"https:\/\/www.axiomams.eu\/lv\/wp-json\/wp\/v2\/product_tag?post=39250"}],"curies":[{"name":"wp","href":"https:\/\/api.w.org\/{rel}","templated":true}]}}