{"id":39251,"date":"2025-05-15T18:03:38","date_gmt":"2025-05-15T16:03:38","guid":{"rendered":"https:\/\/www.axiomams.eu\/produktas\/metrel-mi-3295-pakapju-kontaktu-sprieguma-merisanas-sistema"},"modified":"2026-03-25T17:01:04","modified_gmt":"2026-03-25T15:01:04","slug":"metrel-mi-3295-pakapju-kontaktu-sprieguma-merisanas-sistema","status":"publish","type":"product","link":"https:\/\/www.axiomams.eu\/lv\/produktas\/metrel-mi-3295-pakapju-kontaktu-sprieguma-merisanas-sistema","title":{"rendered":"Metrel MI 3295 pak\u0101pju kontaktu sprieguma m\u0113r\u012b\u0161anas sist\u0113ma"},"content":{"rendered":"<p>Metrel MI 3295 pak\u0101pju kontaktu sprieguma m\u0113r\u012b\u0161anas sist\u0113ma ir sprieguma m\u0113r\u012b\u0161anas sist\u0113ma elektrostaciju, apak\u0161staciju un citu energosist\u0113mu aizsargzem\u0113juma test\u0113\u0161anai un verifik\u0101cijai.<\/p>\n<p>Standarta komplekts: instruments MI 3295M, instruments MI 3295S, t\u012bkla kabelis, pak\u0101pju sprieguma zonde (25 kg), 2 gab., str\u0101vas zem\u0113juma smaile, potenci\u0101l\u0101 zem\u0113juma smaile, str\u0101vas testa vads, 50 m, melns, 10 mm2, ar krokodila skavu, uz rite\u0146a, str\u0101vas testa vads, 10 m, melns, 10 mm2, ar krokodila skavu, testa vads, melns, 2 x 3 m, testa vads, za\u013c\u0161, 10 m, testa vads, melns, 1.5 m, testa vads, sarkans, 50 m, savienojuma vads ar krokodila skavu, sarkans, 1 m, krokodila skava, 4 gab., RS232 kabelis USB kabelis, m\u012bksta p\u0101rn\u0113s\u0101\u0161anas soma, 2 gab., m\u012bksta kakla josta, NiMH akumulatora elementi, AA tipa, 6 gab., baro\u0161anas adapteris, CD ar lieto\u0161anas instrukciju un PC SW HVLink PRO, lieto\u0161anas instrukcija, kalibr\u0113\u0161anas sertifik\u0101ts.<\/p>\n<h3>Tehnisk\u0101 inform\u0101cija:<\/h3>\n<ul>\n<li><a href=\"https:\/\/axiomams.eu\/importer\/export\/attachments\/en\/mi3295_en.pdf\" target=\"_blank\">MI3295_en.pdf<\/a><\/li>\n<\/ul>\n","protected":false},"excerpt":{"rendered":"<p>Metrel MI 3295 pak\u0101pju kontaktu sprieguma m\u0113r\u012b\u0161anas sist\u0113ma ir sprieguma m\u0113r\u012b\u0161anas sist\u0113ma elektrostaciju, apak\u0161staciju un citu energosist\u0113mu aizsargzem\u0113juma test\u0113\u0161anai un verifik\u0101cijai. Standarta komplekts: instruments MI 3295M, instruments MI 3295S, t\u012bkla kabelis, pak\u0101pju sprieguma zonde (25 kg), 2 gab., str\u0101vas zem\u0113juma smaile, potenci\u0101l\u0101 zem\u0113juma smaile, str\u0101vas testa vads, 50 m, melns, 10 mm2, ar krokodila skavu,&#8230;<\/p>\n","protected":false},"featured_media":42223,"comment_status":"open","ping_status":"closed","template":"","meta":{"_acf_changed":false},"product_brand":[732],"product_cat":[17712],"product_tag":[],"class_list":{"0":"post-39251","1":"product","2":"type-product","3":"status-publish","4":"has-post-thumbnail","6":"product_brand-metrel","7":"product_cat-elektroinstalacijas-parbaudei","9":"first","10":"instock","11":"taxable","12":"shipping-taxable","13":"purchasable","14":"product-type-simple"},"acf":[],"yoast_head":"<!-- This site is optimized with the Yoast SEO plugin v27.0 - https:\/\/yoast.com\/product\/yoast-seo-wordpress\/ -->\n<title>Metrel MI 3295 pak\u0101pju kontaktu sprieguma m\u0113r\u012b\u0161anas sist\u0113ma - AXIOMA MS<\/title>\n<meta name=\"robots\" content=\"index, follow, max-snippet:-1, max-image-preview:large, max-video-preview:-1\" \/>\n<link rel=\"canonical\" href=\"https:\/\/www.axiomams.eu\/lv\/produktas\/metrel-mi-3295-pakapju-kontaktu-sprieguma-merisanas-sistema\" \/>\n<meta property=\"og:locale\" content=\"lv_LV\" \/>\n<meta property=\"og:type\" content=\"article\" \/>\n<meta property=\"og:title\" content=\"Metrel MI 3295 pak\u0101pju kontaktu sprieguma m\u0113r\u012b\u0161anas sist\u0113ma - AXIOMA MS\" \/>\n<meta property=\"og:description\" content=\"Metrel MI 3295 pak\u0101pju kontaktu sprieguma m\u0113r\u012b\u0161anas sist\u0113ma ir sprieguma m\u0113r\u012b\u0161anas sist\u0113ma elektrostaciju, apak\u0161staciju un citu energosist\u0113mu aizsargzem\u0113juma test\u0113\u0161anai un verifik\u0101cijai. Standarta komplekts: instruments MI 3295M, instruments MI 3295S, t\u012bkla kabelis, pak\u0101pju sprieguma zonde (25 kg), 2 gab., str\u0101vas zem\u0113juma smaile, potenci\u0101l\u0101 zem\u0113juma smaile, str\u0101vas testa vads, 50 m, melns, 10 mm2, ar krokodila skavu,...\" \/>\n<meta property=\"og:url\" content=\"https:\/\/www.axiomams.eu\/lv\/produktas\/metrel-mi-3295-pakapju-kontaktu-sprieguma-merisanas-sistema\" \/>\n<meta property=\"og:site_name\" content=\"AXIOMA MS\" \/>\n<meta property=\"article:publisher\" content=\"https:\/\/www.facebook.com\/AxiomaMS\" \/>\n<meta property=\"article:modified_time\" content=\"2026-03-25T15:01:04+00:00\" \/>\n<meta property=\"og:image\" content=\"https:\/\/www.axiomams.eu\/wp-content\/uploads\/2025\/07\/386-6034.jpg\" \/>\n\t<meta property=\"og:image:width\" content=\"1020\" \/>\n\t<meta property=\"og:image:height\" content=\"1020\" \/>\n\t<meta property=\"og:image:type\" content=\"image\/jpeg\" \/>\n<meta name=\"twitter:card\" content=\"summary_large_image\" \/>\n<meta name=\"twitter:label1\" content=\"Est. reading time\" \/>\n\t<meta name=\"twitter:data1\" content=\"1 minute\" \/>\n<script type=\"application\/ld+json\" class=\"yoast-schema-graph\">{\"@context\":\"https:\/\/schema.org\",\"@graph\":[{\"@type\":\"WebPage\",\"@id\":\"https:\/\/www.axiomams.eu\/lv\/produktas\/metrel-mi-3295-pakapju-kontaktu-sprieguma-merisanas-sistema\",\"url\":\"https:\/\/www.axiomams.eu\/lv\/produktas\/metrel-mi-3295-pakapju-kontaktu-sprieguma-merisanas-sistema\",\"name\":\"Metrel MI 3295 pak\u0101pju kontaktu sprieguma m\u0113r\u012b\u0161anas sist\u0113ma - AXIOMA MS\",\"isPartOf\":{\"@id\":\"https:\/\/www.axiomams.eu\/lv#website\"},\"primaryImageOfPage\":{\"@id\":\"https:\/\/www.axiomams.eu\/lv\/produktas\/metrel-mi-3295-pakapju-kontaktu-sprieguma-merisanas-sistema#primaryimage\"},\"image\":{\"@id\":\"https:\/\/www.axiomams.eu\/lv\/produktas\/metrel-mi-3295-pakapju-kontaktu-sprieguma-merisanas-sistema#primaryimage\"},\"thumbnailUrl\":\"https:\/\/www.axiomams.eu\/wp-content\/uploads\/2025\/07\/386-6034.jpg\",\"datePublished\":\"2025-05-15T16:03:38+00:00\",\"dateModified\":\"2026-03-25T15:01:04+00:00\",\"breadcrumb\":{\"@id\":\"https:\/\/www.axiomams.eu\/lv\/produktas\/metrel-mi-3295-pakapju-kontaktu-sprieguma-merisanas-sistema#breadcrumb\"},\"inLanguage\":\"lv-LV\",\"potentialAction\":[{\"@type\":\"ReadAction\",\"target\":[\"https:\/\/www.axiomams.eu\/lv\/produktas\/metrel-mi-3295-pakapju-kontaktu-sprieguma-merisanas-sistema\"]}]},{\"@type\":\"ImageObject\",\"inLanguage\":\"lv-LV\",\"@id\":\"https:\/\/www.axiomams.eu\/lv\/produktas\/metrel-mi-3295-pakapju-kontaktu-sprieguma-merisanas-sistema#primaryimage\",\"url\":\"https:\/\/www.axiomams.eu\/wp-content\/uploads\/2025\/07\/386-6034.jpg\",\"contentUrl\":\"https:\/\/www.axiomams.eu\/wp-content\/uploads\/2025\/07\/386-6034.jpg\",\"width\":1020,\"height\":1020},{\"@type\":\"BreadcrumbList\",\"@id\":\"https:\/\/www.axiomams.eu\/lv\/produktas\/metrel-mi-3295-pakapju-kontaktu-sprieguma-merisanas-sistema#breadcrumb\",\"itemListElement\":[{\"@type\":\"ListItem\",\"position\":1,\"name\":\"Home\",\"item\":\"https:\/\/www.axiomams.eu\/lv\"},{\"@type\":\"ListItem\",\"position\":2,\"name\":\"Produkti\",\"item\":\"https:\/\/www.axiomams.eu\/lv\/produkti\"},{\"@type\":\"ListItem\",\"position\":3,\"name\":\"Metrel MI 3295 pak\u0101pju kontaktu sprieguma m\u0113r\u012b\u0161anas sist\u0113ma\"}]},{\"@type\":\"WebSite\",\"@id\":\"https:\/\/www.axiomams.eu\/lv#website\",\"url\":\"https:\/\/www.axiomams.eu\/lv\",\"name\":\"AXIOMA MS\",\"description\":\"Terrmovizoriai ir matavimo \u012franga\",\"publisher\":{\"@id\":\"https:\/\/www.axiomams.eu\/lv#organization\"},\"potentialAction\":[{\"@type\":\"SearchAction\",\"target\":{\"@type\":\"EntryPoint\",\"urlTemplate\":\"https:\/\/www.axiomams.eu\/lv?s={search_term_string}\"},\"query-input\":{\"@type\":\"PropertyValueSpecification\",\"valueRequired\":true,\"valueName\":\"search_term_string\"}}],\"inLanguage\":\"lv-LV\"},{\"@type\":\"Organization\",\"@id\":\"https:\/\/www.axiomams.eu\/lv#organization\",\"name\":\"AXIOMA MS\",\"url\":\"https:\/\/www.axiomams.eu\/lv\",\"logo\":{\"@type\":\"ImageObject\",\"inLanguage\":\"lv-LV\",\"@id\":\"https:\/\/www.axiomams.eu\/lv#\/schema\/logo\/image\/\",\"url\":\"https:\/\/www.axiomams.eu\/wp-content\/uploads\/2025\/06\/axioma-logo-2.png\",\"contentUrl\":\"https:\/\/www.axiomams.eu\/wp-content\/uploads\/2025\/06\/axioma-logo-2.png\",\"width\":1200,\"height\":1200,\"caption\":\"AXIOMA MS\"},\"image\":{\"@id\":\"https:\/\/www.axiomams.eu\/lv#\/schema\/logo\/image\/\"},\"sameAs\":[\"https:\/\/www.facebook.com\/AxiomaMS\",\"https:\/\/www.linkedin.com\/company\/axiomams\/\"]}]}<\/script>\n<!-- \/ Yoast SEO plugin. -->","yoast_head_json":{"title":"Metrel MI 3295 pak\u0101pju kontaktu sprieguma m\u0113r\u012b\u0161anas sist\u0113ma - AXIOMA MS","robots":{"index":"index","follow":"follow","max-snippet":"max-snippet:-1","max-image-preview":"max-image-preview:large","max-video-preview":"max-video-preview:-1"},"canonical":"https:\/\/www.axiomams.eu\/lv\/produktas\/metrel-mi-3295-pakapju-kontaktu-sprieguma-merisanas-sistema","og_locale":"lv_LV","og_type":"article","og_title":"Metrel MI 3295 pak\u0101pju kontaktu sprieguma m\u0113r\u012b\u0161anas sist\u0113ma - AXIOMA MS","og_description":"Metrel MI 3295 pak\u0101pju kontaktu sprieguma m\u0113r\u012b\u0161anas sist\u0113ma ir sprieguma m\u0113r\u012b\u0161anas sist\u0113ma elektrostaciju, apak\u0161staciju un citu energosist\u0113mu aizsargzem\u0113juma test\u0113\u0161anai un verifik\u0101cijai. Standarta komplekts: instruments MI 3295M, instruments MI 3295S, t\u012bkla kabelis, pak\u0101pju sprieguma zonde (25 kg), 2 gab., str\u0101vas zem\u0113juma smaile, potenci\u0101l\u0101 zem\u0113juma smaile, str\u0101vas testa vads, 50 m, melns, 10 mm2, ar krokodila skavu,...","og_url":"https:\/\/www.axiomams.eu\/lv\/produktas\/metrel-mi-3295-pakapju-kontaktu-sprieguma-merisanas-sistema","og_site_name":"AXIOMA MS","article_publisher":"https:\/\/www.facebook.com\/AxiomaMS","article_modified_time":"2026-03-25T15:01:04+00:00","og_image":[{"width":1020,"height":1020,"url":"https:\/\/www.axiomams.eu\/wp-content\/uploads\/2025\/07\/386-6034.jpg","type":"image\/jpeg"}],"twitter_card":"summary_large_image","twitter_misc":{"Est. reading time":"1 minute"},"schema":{"@context":"https:\/\/schema.org","@graph":[{"@type":"WebPage","@id":"https:\/\/www.axiomams.eu\/lv\/produktas\/metrel-mi-3295-pakapju-kontaktu-sprieguma-merisanas-sistema","url":"https:\/\/www.axiomams.eu\/lv\/produktas\/metrel-mi-3295-pakapju-kontaktu-sprieguma-merisanas-sistema","name":"Metrel MI 3295 pak\u0101pju kontaktu sprieguma m\u0113r\u012b\u0161anas sist\u0113ma - AXIOMA MS","isPartOf":{"@id":"https:\/\/www.axiomams.eu\/lv#website"},"primaryImageOfPage":{"@id":"https:\/\/www.axiomams.eu\/lv\/produktas\/metrel-mi-3295-pakapju-kontaktu-sprieguma-merisanas-sistema#primaryimage"},"image":{"@id":"https:\/\/www.axiomams.eu\/lv\/produktas\/metrel-mi-3295-pakapju-kontaktu-sprieguma-merisanas-sistema#primaryimage"},"thumbnailUrl":"https:\/\/www.axiomams.eu\/wp-content\/uploads\/2025\/07\/386-6034.jpg","datePublished":"2025-05-15T16:03:38+00:00","dateModified":"2026-03-25T15:01:04+00:00","breadcrumb":{"@id":"https:\/\/www.axiomams.eu\/lv\/produktas\/metrel-mi-3295-pakapju-kontaktu-sprieguma-merisanas-sistema#breadcrumb"},"inLanguage":"lv-LV","potentialAction":[{"@type":"ReadAction","target":["https:\/\/www.axiomams.eu\/lv\/produktas\/metrel-mi-3295-pakapju-kontaktu-sprieguma-merisanas-sistema"]}]},{"@type":"ImageObject","inLanguage":"lv-LV","@id":"https:\/\/www.axiomams.eu\/lv\/produktas\/metrel-mi-3295-pakapju-kontaktu-sprieguma-merisanas-sistema#primaryimage","url":"https:\/\/www.axiomams.eu\/wp-content\/uploads\/2025\/07\/386-6034.jpg","contentUrl":"https:\/\/www.axiomams.eu\/wp-content\/uploads\/2025\/07\/386-6034.jpg","width":1020,"height":1020},{"@type":"BreadcrumbList","@id":"https:\/\/www.axiomams.eu\/lv\/produktas\/metrel-mi-3295-pakapju-kontaktu-sprieguma-merisanas-sistema#breadcrumb","itemListElement":[{"@type":"ListItem","position":1,"name":"Home","item":"https:\/\/www.axiomams.eu\/lv"},{"@type":"ListItem","position":2,"name":"Produkti","item":"https:\/\/www.axiomams.eu\/lv\/produkti"},{"@type":"ListItem","position":3,"name":"Metrel MI 3295 pak\u0101pju kontaktu sprieguma m\u0113r\u012b\u0161anas sist\u0113ma"}]},{"@type":"WebSite","@id":"https:\/\/www.axiomams.eu\/lv#website","url":"https:\/\/www.axiomams.eu\/lv","name":"AXIOMA MS","description":"Terrmovizoriai ir matavimo \u012franga","publisher":{"@id":"https:\/\/www.axiomams.eu\/lv#organization"},"potentialAction":[{"@type":"SearchAction","target":{"@type":"EntryPoint","urlTemplate":"https:\/\/www.axiomams.eu\/lv?s={search_term_string}"},"query-input":{"@type":"PropertyValueSpecification","valueRequired":true,"valueName":"search_term_string"}}],"inLanguage":"lv-LV"},{"@type":"Organization","@id":"https:\/\/www.axiomams.eu\/lv#organization","name":"AXIOMA MS","url":"https:\/\/www.axiomams.eu\/lv","logo":{"@type":"ImageObject","inLanguage":"lv-LV","@id":"https:\/\/www.axiomams.eu\/lv#\/schema\/logo\/image\/","url":"https:\/\/www.axiomams.eu\/wp-content\/uploads\/2025\/06\/axioma-logo-2.png","contentUrl":"https:\/\/www.axiomams.eu\/wp-content\/uploads\/2025\/06\/axioma-logo-2.png","width":1200,"height":1200,"caption":"AXIOMA MS"},"image":{"@id":"https:\/\/www.axiomams.eu\/lv#\/schema\/logo\/image\/"},"sameAs":["https:\/\/www.facebook.com\/AxiomaMS","https:\/\/www.linkedin.com\/company\/axiomams\/"]}]}},"_links":{"self":[{"href":"https:\/\/www.axiomams.eu\/lv\/wp-json\/wp\/v2\/product\/39251","targetHints":{"allow":["GET"]}}],"collection":[{"href":"https:\/\/www.axiomams.eu\/lv\/wp-json\/wp\/v2\/product"}],"about":[{"href":"https:\/\/www.axiomams.eu\/lv\/wp-json\/wp\/v2\/types\/product"}],"replies":[{"embeddable":true,"href":"https:\/\/www.axiomams.eu\/lv\/wp-json\/wp\/v2\/comments?post=39251"}],"wp:featuredmedia":[{"embeddable":true,"href":"https:\/\/www.axiomams.eu\/lv\/wp-json\/wp\/v2\/media\/42223"}],"wp:attachment":[{"href":"https:\/\/www.axiomams.eu\/lv\/wp-json\/wp\/v2\/media?parent=39251"}],"wp:term":[{"taxonomy":"product_brand","embeddable":true,"href":"https:\/\/www.axiomams.eu\/lv\/wp-json\/wp\/v2\/product_brand?post=39251"},{"taxonomy":"product_cat","embeddable":true,"href":"https:\/\/www.axiomams.eu\/lv\/wp-json\/wp\/v2\/product_cat?post=39251"},{"taxonomy":"product_tag","embeddable":true,"href":"https:\/\/www.axiomams.eu\/lv\/wp-json\/wp\/v2\/product_tag?post=39251"}],"curies":[{"name":"wp","href":"https:\/\/api.w.org\/{rel}","templated":true}]}}