{"id":39252,"date":"2025-05-15T18:03:40","date_gmt":"2025-05-15T16:03:40","guid":{"rendered":"https:\/\/www.axiomams.eu\/produktas\/metrel-mi-3325-daudzfunkcionals-instruments"},"modified":"2026-03-25T17:01:04","modified_gmt":"2026-03-25T15:01:04","slug":"metrel-mi-3325-daudzfunkcionals-instruments","status":"publish","type":"product","link":"https:\/\/www.axiomams.eu\/lv\/produktas\/metrel-mi-3325-daudzfunkcionals-instruments","title":{"rendered":"Metrel MI 3325 daudzfunkcion\u0101ls instruments"},"content":{"rendered":"<p>Metrel MI 3325 MultiServicerXD ir augst\u0101k\u0101s klases daudzfunkcion\u0101ls instruments, kas paredz\u0113ts da\u017e\u0101diem r\u016bpnieciskiem lietojumiem, kur ir nepiecie\u0161ama iztur\u012bba un uzticam\u012bba. MI 3325 MultiServicerXD integr\u0113taj\u0101 jaunaj\u0101 platform\u0101 ir kr\u0101su sk\u0101rienekr\u0101na tehnolo\u0123ijas atbalsts, uzlabots atmi\u0146as organiz\u0113t\u0101js, tostarp lieli SD kar\u0161u datu nes\u0113ji, un m\u016bsdien\u012bgi AUTOSEQUENCEs.<\/p>\n<p>Standarta komplekts: Metrel MI 3325 MultiServicerXD, HV testa vads ar testa zondi, HV testa vads ar krokodilu, t\u012bkla kabelis, IEC testa kabelis, atliku\u0161\u0101 sprieguma testa kabelis, kontaktdak\u0161as testa kabelis, 3 vadu testa kabelis, 3 m, nep\u0101rtraukt\u012bbas testa kabelis, 2,5 m, 2 gab.5 m, Testa zonde, 4 gab (melna, sarkana, za\u013ca, zila), Krokodila skava, za\u013ca, Krokodila skava, zila, Krokodila skava, melna, 3 gab, Krokodila skava, sarkana, 3 gab, Kalibr\u0113\u0161anas sertifik\u0101ts, RS-232 kabelis, USB kabelis, \u012asa lieto\u0161anas instrukcija, CD ar lieto\u0161anas instrukciju (piln\u0101 versija), PC SW Metrel ES Manager BASIC, Aizsargl\u012bdzeklis piederumiem.<\/p>\n<h3>Tehnisk\u0101 inform\u0101cija:<\/h3>\n<ul>\n<li><a href=\"https:\/\/axiomams.eu\/importer\/export\/attachments\/en\/metrel-mi-3325-multiservicerxd.pdf\" target=\"_blank\">Metrel MI 3325 MultiServicerXD.pdf<\/a><\/li>\n<\/ul>\n","protected":false},"excerpt":{"rendered":"<p>Metrel MI 3325 MultiServicerXD ir augst\u0101k\u0101s klases daudzfunkcion\u0101ls instruments, kas paredz\u0113ts da\u017e\u0101diem r\u016bpnieciskiem lietojumiem, kur ir nepiecie\u0161ama iztur\u012bba un uzticam\u012bba. MI 3325 MultiServicerXD integr\u0113taj\u0101 jaunaj\u0101 platform\u0101 ir kr\u0101su sk\u0101rienekr\u0101na tehnolo\u0123ijas atbalsts, uzlabots atmi\u0146as organiz\u0113t\u0101js, tostarp lieli SD kar\u0161u datu nes\u0113ji, un m\u016bsdien\u012bgi AUTOSEQUENCEs. Standarta komplekts: Metrel MI 3325 MultiServicerXD, HV testa vads ar testa zondi,&#8230;<\/p>\n","protected":false},"featured_media":42225,"comment_status":"open","ping_status":"closed","template":"","meta":{"_acf_changed":false},"product_brand":[732],"product_cat":[17713,17766],"product_tag":[],"class_list":{"0":"post-39252","1":"product","2":"type-product","3":"status-publish","4":"has-post-thumbnail","6":"product_brand-metrel","7":"product_cat-elektroiekartu-testesanai-un-parbaudei","8":"product_cat-iekartu-un-elektrisko-masinu-testesanai-pat","10":"first","11":"instock","12":"taxable","13":"shipping-taxable","14":"product-type-simple"},"acf":[],"yoast_head":"<!-- This site is optimized with the Yoast SEO plugin v27.0 - https:\/\/yoast.com\/product\/yoast-seo-wordpress\/ -->\n<title>Metrel MI 3325 daudzfunkcion\u0101ls instruments - AXIOMA MS<\/title>\n<meta name=\"robots\" content=\"index, follow, max-snippet:-1, max-image-preview:large, max-video-preview:-1\" \/>\n<link rel=\"canonical\" href=\"https:\/\/www.axiomams.eu\/lv\/produktas\/metrel-mi-3325-daudzfunkcionals-instruments\" \/>\n<meta property=\"og:locale\" content=\"lv_LV\" \/>\n<meta property=\"og:type\" content=\"article\" \/>\n<meta property=\"og:title\" content=\"Metrel MI 3325 daudzfunkcion\u0101ls instruments - AXIOMA MS\" \/>\n<meta property=\"og:description\" content=\"Metrel MI 3325 MultiServicerXD ir augst\u0101k\u0101s klases daudzfunkcion\u0101ls instruments, kas paredz\u0113ts da\u017e\u0101diem r\u016bpnieciskiem lietojumiem, kur ir nepiecie\u0161ama iztur\u012bba un uzticam\u012bba. MI 3325 MultiServicerXD integr\u0113taj\u0101 jaunaj\u0101 platform\u0101 ir kr\u0101su sk\u0101rienekr\u0101na tehnolo\u0123ijas atbalsts, uzlabots atmi\u0146as organiz\u0113t\u0101js, tostarp lieli SD kar\u0161u datu nes\u0113ji, un m\u016bsdien\u012bgi AUTOSEQUENCEs. Standarta komplekts: Metrel MI 3325 MultiServicerXD, HV testa vads ar testa zondi,...\" \/>\n<meta property=\"og:url\" content=\"https:\/\/www.axiomams.eu\/lv\/produktas\/metrel-mi-3325-daudzfunkcionals-instruments\" \/>\n<meta property=\"og:site_name\" content=\"AXIOMA MS\" \/>\n<meta property=\"article:publisher\" content=\"https:\/\/www.facebook.com\/AxiomaMS\" \/>\n<meta property=\"article:modified_time\" content=\"2026-03-25T15:01:04+00:00\" \/>\n<meta property=\"og:image\" content=\"https:\/\/www.axiomams.eu\/wp-content\/uploads\/2025\/07\/2613-3366.jpg\" \/>\n\t<meta property=\"og:image:width\" content=\"850\" \/>\n\t<meta property=\"og:image:height\" content=\"850\" \/>\n\t<meta property=\"og:image:type\" content=\"image\/jpeg\" \/>\n<meta name=\"twitter:card\" content=\"summary_large_image\" \/>\n<meta name=\"twitter:label1\" content=\"Est. reading time\" \/>\n\t<meta name=\"twitter:data1\" content=\"1 minute\" \/>\n<script type=\"application\/ld+json\" class=\"yoast-schema-graph\">{\"@context\":\"https:\/\/schema.org\",\"@graph\":[{\"@type\":\"WebPage\",\"@id\":\"https:\/\/www.axiomams.eu\/lv\/produktas\/metrel-mi-3325-daudzfunkcionals-instruments\",\"url\":\"https:\/\/www.axiomams.eu\/lv\/produktas\/metrel-mi-3325-daudzfunkcionals-instruments\",\"name\":\"Metrel MI 3325 daudzfunkcion\u0101ls instruments - AXIOMA MS\",\"isPartOf\":{\"@id\":\"https:\/\/www.axiomams.eu\/lv#website\"},\"primaryImageOfPage\":{\"@id\":\"https:\/\/www.axiomams.eu\/lv\/produktas\/metrel-mi-3325-daudzfunkcionals-instruments#primaryimage\"},\"image\":{\"@id\":\"https:\/\/www.axiomams.eu\/lv\/produktas\/metrel-mi-3325-daudzfunkcionals-instruments#primaryimage\"},\"thumbnailUrl\":\"https:\/\/www.axiomams.eu\/wp-content\/uploads\/2025\/07\/2613-3366.jpg\",\"datePublished\":\"2025-05-15T16:03:40+00:00\",\"dateModified\":\"2026-03-25T15:01:04+00:00\",\"breadcrumb\":{\"@id\":\"https:\/\/www.axiomams.eu\/lv\/produktas\/metrel-mi-3325-daudzfunkcionals-instruments#breadcrumb\"},\"inLanguage\":\"lv-LV\",\"potentialAction\":[{\"@type\":\"ReadAction\",\"target\":[\"https:\/\/www.axiomams.eu\/lv\/produktas\/metrel-mi-3325-daudzfunkcionals-instruments\"]}]},{\"@type\":\"ImageObject\",\"inLanguage\":\"lv-LV\",\"@id\":\"https:\/\/www.axiomams.eu\/lv\/produktas\/metrel-mi-3325-daudzfunkcionals-instruments#primaryimage\",\"url\":\"https:\/\/www.axiomams.eu\/wp-content\/uploads\/2025\/07\/2613-3366.jpg\",\"contentUrl\":\"https:\/\/www.axiomams.eu\/wp-content\/uploads\/2025\/07\/2613-3366.jpg\",\"width\":850,\"height\":850},{\"@type\":\"BreadcrumbList\",\"@id\":\"https:\/\/www.axiomams.eu\/lv\/produktas\/metrel-mi-3325-daudzfunkcionals-instruments#breadcrumb\",\"itemListElement\":[{\"@type\":\"ListItem\",\"position\":1,\"name\":\"Home\",\"item\":\"https:\/\/www.axiomams.eu\/lv\"},{\"@type\":\"ListItem\",\"position\":2,\"name\":\"Produkti\",\"item\":\"https:\/\/www.axiomams.eu\/lv\/produkti\"},{\"@type\":\"ListItem\",\"position\":3,\"name\":\"Metrel MI 3325 daudzfunkcion\u0101ls instruments\"}]},{\"@type\":\"WebSite\",\"@id\":\"https:\/\/www.axiomams.eu\/lv#website\",\"url\":\"https:\/\/www.axiomams.eu\/lv\",\"name\":\"AXIOMA MS\",\"description\":\"Terrmovizoriai ir matavimo \u012franga\",\"publisher\":{\"@id\":\"https:\/\/www.axiomams.eu\/lv#organization\"},\"potentialAction\":[{\"@type\":\"SearchAction\",\"target\":{\"@type\":\"EntryPoint\",\"urlTemplate\":\"https:\/\/www.axiomams.eu\/lv?s={search_term_string}\"},\"query-input\":{\"@type\":\"PropertyValueSpecification\",\"valueRequired\":true,\"valueName\":\"search_term_string\"}}],\"inLanguage\":\"lv-LV\"},{\"@type\":\"Organization\",\"@id\":\"https:\/\/www.axiomams.eu\/lv#organization\",\"name\":\"AXIOMA MS\",\"url\":\"https:\/\/www.axiomams.eu\/lv\",\"logo\":{\"@type\":\"ImageObject\",\"inLanguage\":\"lv-LV\",\"@id\":\"https:\/\/www.axiomams.eu\/lv#\/schema\/logo\/image\/\",\"url\":\"https:\/\/www.axiomams.eu\/wp-content\/uploads\/2025\/06\/axioma-logo-2.png\",\"contentUrl\":\"https:\/\/www.axiomams.eu\/wp-content\/uploads\/2025\/06\/axioma-logo-2.png\",\"width\":1200,\"height\":1200,\"caption\":\"AXIOMA MS\"},\"image\":{\"@id\":\"https:\/\/www.axiomams.eu\/lv#\/schema\/logo\/image\/\"},\"sameAs\":[\"https:\/\/www.facebook.com\/AxiomaMS\",\"https:\/\/www.linkedin.com\/company\/axiomams\/\"]}]}<\/script>\n<!-- \/ Yoast SEO plugin. -->","yoast_head_json":{"title":"Metrel MI 3325 daudzfunkcion\u0101ls instruments - AXIOMA MS","robots":{"index":"index","follow":"follow","max-snippet":"max-snippet:-1","max-image-preview":"max-image-preview:large","max-video-preview":"max-video-preview:-1"},"canonical":"https:\/\/www.axiomams.eu\/lv\/produktas\/metrel-mi-3325-daudzfunkcionals-instruments","og_locale":"lv_LV","og_type":"article","og_title":"Metrel MI 3325 daudzfunkcion\u0101ls instruments - AXIOMA MS","og_description":"Metrel MI 3325 MultiServicerXD ir augst\u0101k\u0101s klases daudzfunkcion\u0101ls instruments, kas paredz\u0113ts da\u017e\u0101diem r\u016bpnieciskiem lietojumiem, kur ir nepiecie\u0161ama iztur\u012bba un uzticam\u012bba. MI 3325 MultiServicerXD integr\u0113taj\u0101 jaunaj\u0101 platform\u0101 ir kr\u0101su sk\u0101rienekr\u0101na tehnolo\u0123ijas atbalsts, uzlabots atmi\u0146as organiz\u0113t\u0101js, tostarp lieli SD kar\u0161u datu nes\u0113ji, un m\u016bsdien\u012bgi AUTOSEQUENCEs. Standarta komplekts: Metrel MI 3325 MultiServicerXD, HV testa vads ar testa zondi,...","og_url":"https:\/\/www.axiomams.eu\/lv\/produktas\/metrel-mi-3325-daudzfunkcionals-instruments","og_site_name":"AXIOMA MS","article_publisher":"https:\/\/www.facebook.com\/AxiomaMS","article_modified_time":"2026-03-25T15:01:04+00:00","og_image":[{"width":850,"height":850,"url":"https:\/\/www.axiomams.eu\/wp-content\/uploads\/2025\/07\/2613-3366.jpg","type":"image\/jpeg"}],"twitter_card":"summary_large_image","twitter_misc":{"Est. reading time":"1 minute"},"schema":{"@context":"https:\/\/schema.org","@graph":[{"@type":"WebPage","@id":"https:\/\/www.axiomams.eu\/lv\/produktas\/metrel-mi-3325-daudzfunkcionals-instruments","url":"https:\/\/www.axiomams.eu\/lv\/produktas\/metrel-mi-3325-daudzfunkcionals-instruments","name":"Metrel MI 3325 daudzfunkcion\u0101ls instruments - AXIOMA MS","isPartOf":{"@id":"https:\/\/www.axiomams.eu\/lv#website"},"primaryImageOfPage":{"@id":"https:\/\/www.axiomams.eu\/lv\/produktas\/metrel-mi-3325-daudzfunkcionals-instruments#primaryimage"},"image":{"@id":"https:\/\/www.axiomams.eu\/lv\/produktas\/metrel-mi-3325-daudzfunkcionals-instruments#primaryimage"},"thumbnailUrl":"https:\/\/www.axiomams.eu\/wp-content\/uploads\/2025\/07\/2613-3366.jpg","datePublished":"2025-05-15T16:03:40+00:00","dateModified":"2026-03-25T15:01:04+00:00","breadcrumb":{"@id":"https:\/\/www.axiomams.eu\/lv\/produktas\/metrel-mi-3325-daudzfunkcionals-instruments#breadcrumb"},"inLanguage":"lv-LV","potentialAction":[{"@type":"ReadAction","target":["https:\/\/www.axiomams.eu\/lv\/produktas\/metrel-mi-3325-daudzfunkcionals-instruments"]}]},{"@type":"ImageObject","inLanguage":"lv-LV","@id":"https:\/\/www.axiomams.eu\/lv\/produktas\/metrel-mi-3325-daudzfunkcionals-instruments#primaryimage","url":"https:\/\/www.axiomams.eu\/wp-content\/uploads\/2025\/07\/2613-3366.jpg","contentUrl":"https:\/\/www.axiomams.eu\/wp-content\/uploads\/2025\/07\/2613-3366.jpg","width":850,"height":850},{"@type":"BreadcrumbList","@id":"https:\/\/www.axiomams.eu\/lv\/produktas\/metrel-mi-3325-daudzfunkcionals-instruments#breadcrumb","itemListElement":[{"@type":"ListItem","position":1,"name":"Home","item":"https:\/\/www.axiomams.eu\/lv"},{"@type":"ListItem","position":2,"name":"Produkti","item":"https:\/\/www.axiomams.eu\/lv\/produkti"},{"@type":"ListItem","position":3,"name":"Metrel MI 3325 daudzfunkcion\u0101ls instruments"}]},{"@type":"WebSite","@id":"https:\/\/www.axiomams.eu\/lv#website","url":"https:\/\/www.axiomams.eu\/lv","name":"AXIOMA MS","description":"Terrmovizoriai ir matavimo \u012franga","publisher":{"@id":"https:\/\/www.axiomams.eu\/lv#organization"},"potentialAction":[{"@type":"SearchAction","target":{"@type":"EntryPoint","urlTemplate":"https:\/\/www.axiomams.eu\/lv?s={search_term_string}"},"query-input":{"@type":"PropertyValueSpecification","valueRequired":true,"valueName":"search_term_string"}}],"inLanguage":"lv-LV"},{"@type":"Organization","@id":"https:\/\/www.axiomams.eu\/lv#organization","name":"AXIOMA MS","url":"https:\/\/www.axiomams.eu\/lv","logo":{"@type":"ImageObject","inLanguage":"lv-LV","@id":"https:\/\/www.axiomams.eu\/lv#\/schema\/logo\/image\/","url":"https:\/\/www.axiomams.eu\/wp-content\/uploads\/2025\/06\/axioma-logo-2.png","contentUrl":"https:\/\/www.axiomams.eu\/wp-content\/uploads\/2025\/06\/axioma-logo-2.png","width":1200,"height":1200,"caption":"AXIOMA MS"},"image":{"@id":"https:\/\/www.axiomams.eu\/lv#\/schema\/logo\/image\/"},"sameAs":["https:\/\/www.facebook.com\/AxiomaMS","https:\/\/www.linkedin.com\/company\/axiomams\/"]}]}},"_links":{"self":[{"href":"https:\/\/www.axiomams.eu\/lv\/wp-json\/wp\/v2\/product\/39252","targetHints":{"allow":["GET"]}}],"collection":[{"href":"https:\/\/www.axiomams.eu\/lv\/wp-json\/wp\/v2\/product"}],"about":[{"href":"https:\/\/www.axiomams.eu\/lv\/wp-json\/wp\/v2\/types\/product"}],"replies":[{"embeddable":true,"href":"https:\/\/www.axiomams.eu\/lv\/wp-json\/wp\/v2\/comments?post=39252"}],"wp:featuredmedia":[{"embeddable":true,"href":"https:\/\/www.axiomams.eu\/lv\/wp-json\/wp\/v2\/media\/42225"}],"wp:attachment":[{"href":"https:\/\/www.axiomams.eu\/lv\/wp-json\/wp\/v2\/media?parent=39252"}],"wp:term":[{"taxonomy":"product_brand","embeddable":true,"href":"https:\/\/www.axiomams.eu\/lv\/wp-json\/wp\/v2\/product_brand?post=39252"},{"taxonomy":"product_cat","embeddable":true,"href":"https:\/\/www.axiomams.eu\/lv\/wp-json\/wp\/v2\/product_cat?post=39252"},{"taxonomy":"product_tag","embeddable":true,"href":"https:\/\/www.axiomams.eu\/lv\/wp-json\/wp\/v2\/product_tag?post=39252"}],"curies":[{"name":"wp","href":"https:\/\/api.w.org\/{rel}","templated":true}]}}