{"id":39253,"date":"2025-05-15T18:03:40","date_gmt":"2025-05-15T16:03:40","guid":{"rendered":"https:\/\/www.axiomams.eu\/produktas\/metrel-mi-3360-m-omegapat-xa-pat-testesanas-iekarta"},"modified":"2026-03-25T17:01:05","modified_gmt":"2026-03-25T15:01:05","slug":"metrel-mi-3360-m-omegapat-xa-pat-testesanas-iekarta","status":"publish","type":"product","link":"https:\/\/www.axiomams.eu\/lv\/produktas\/metrel-mi-3360-m-omegapat-xa-pat-testesanas-iekarta","title":{"rendered":"Metrel MI 3360 M OmegaPAT XA PAT test\u0113\u0161anas iek\u0101rta"},"content":{"rendered":"<p>Metrel MI 3360 M OmegaPAT XA paredz\u0113ts profesion\u0101lai lieto\u0161anai vispras\u012bg\u0101kajos lietojumos. MI 3360 M OmegaPAT XA atbalsta lietot\u0101ju kontus, kas noz\u012bm\u0113, ka vienu ier\u012bci var izmantot vair\u0101ki elektri\u0137i. Mode\u013ca versijas aptver \u0161\u0101das test\u0113\u0161anas jomas: portat\u012bv\u0101s ier\u012bces, metin\u0101\u0161anas iek\u0101rtas, medic\u012bnas ier\u012bces un PRCD ier\u012b\u010du profesion\u0101la test\u0113\u0161ana. Visos instrumentos ir ieb\u016bv\u0113ta uzlabota lietot\u0101ja saskarne, kas \u013cauj izpild\u012bt iepriek\u0161 defin\u0113tas un lietot\u0101ja izveidotas AUTOSEQUENCE\u00ae .<\/p>\n<p>Standarta komplekts: MI 3360 M OmegaPAT XA, piederumu soma, Smartball pildspalva ar sk\u0101rienj\u016bt\u012bga ekr\u0101na funkciju, IEC testa kabelis, 2 m, testa vads, melns, testa uzgalis, melns, aligatora skava, melna, t\u012bkla kabelis, USB kabelis, kalibr\u0113\u0161anas sertifik\u0101ts, sa\u012bsin\u0101ta lieto\u0161anas instrukcija, CD ar lieto\u0161anas instrukciju un PC SW Metrel ES Manager.<\/p>\n<h3>Tehnisk\u0101 inform\u0101cija:<\/h3>\n<ul>\n<li><a href=\"https:\/\/axiomams.eu\/importer\/export\/attachments\/en\/metrel-mi-3360-omegapat-xa.pdf\" target=\"_blank\">Metrel MI 3360 OmegaPAT XA.pdf<\/a><\/li>\n<\/ul>\n","protected":false},"excerpt":{"rendered":"<p>Metrel MI 3360 M OmegaPAT XA paredz\u0113ts profesion\u0101lai lieto\u0161anai vispras\u012bg\u0101kajos lietojumos. MI 3360 M OmegaPAT XA atbalsta lietot\u0101ju kontus, kas noz\u012bm\u0113, ka vienu ier\u012bci var izmantot vair\u0101ki elektri\u0137i. Mode\u013ca versijas aptver \u0161\u0101das test\u0113\u0161anas jomas: portat\u012bv\u0101s ier\u012bces, metin\u0101\u0161anas iek\u0101rtas, medic\u012bnas ier\u012bces un PRCD ier\u012b\u010du profesion\u0101la test\u0113\u0161ana. Visos instrumentos ir ieb\u016bv\u0113ta uzlabota lietot\u0101ja saskarne, kas \u013cauj izpild\u012bt&#8230;<\/p>\n","protected":false},"featured_media":42227,"comment_status":"open","ping_status":"closed","template":"","meta":{"_acf_changed":false},"product_brand":[732],"product_cat":[17713,17766],"product_tag":[],"class_list":{"0":"post-39253","1":"product","2":"type-product","3":"status-publish","4":"has-post-thumbnail","6":"product_brand-metrel","7":"product_cat-elektroiekartu-testesanai-un-parbaudei","8":"product_cat-iekartu-un-elektrisko-masinu-testesanai-pat","10":"first","11":"instock","12":"taxable","13":"shipping-taxable","14":"product-type-simple"},"acf":[],"yoast_head":"<!-- This site is optimized with the Yoast SEO plugin v27.0 - https:\/\/yoast.com\/product\/yoast-seo-wordpress\/ -->\n<title>Metrel MI 3360 M OmegaPAT XA PAT test\u0113\u0161anas iek\u0101rta - AXIOMA MS<\/title>\n<meta name=\"robots\" content=\"index, follow, max-snippet:-1, max-image-preview:large, max-video-preview:-1\" \/>\n<link rel=\"canonical\" href=\"https:\/\/www.axiomams.eu\/lv\/produktas\/metrel-mi-3360-m-omegapat-xa-pat-testesanas-iekarta\" \/>\n<meta property=\"og:locale\" content=\"lv_LV\" \/>\n<meta property=\"og:type\" content=\"article\" \/>\n<meta property=\"og:title\" content=\"Metrel MI 3360 M OmegaPAT XA PAT test\u0113\u0161anas iek\u0101rta - AXIOMA MS\" \/>\n<meta property=\"og:description\" content=\"Metrel MI 3360 M OmegaPAT XA paredz\u0113ts profesion\u0101lai lieto\u0161anai vispras\u012bg\u0101kajos lietojumos. MI 3360 M OmegaPAT XA atbalsta lietot\u0101ju kontus, kas noz\u012bm\u0113, ka vienu ier\u012bci var izmantot vair\u0101ki elektri\u0137i. Mode\u013ca versijas aptver \u0161\u0101das test\u0113\u0161anas jomas: portat\u012bv\u0101s ier\u012bces, metin\u0101\u0161anas iek\u0101rtas, medic\u012bnas ier\u012bces un PRCD ier\u012b\u010du profesion\u0101la test\u0113\u0161ana. Visos instrumentos ir ieb\u016bv\u0113ta uzlabota lietot\u0101ja saskarne, kas \u013cauj izpild\u012bt...\" \/>\n<meta property=\"og:url\" content=\"https:\/\/www.axiomams.eu\/lv\/produktas\/metrel-mi-3360-m-omegapat-xa-pat-testesanas-iekarta\" \/>\n<meta property=\"og:site_name\" content=\"AXIOMA MS\" \/>\n<meta property=\"article:publisher\" content=\"https:\/\/www.facebook.com\/AxiomaMS\" \/>\n<meta property=\"article:modified_time\" content=\"2026-03-25T15:01:05+00:00\" \/>\n<meta property=\"og:image\" content=\"https:\/\/www.axiomams.eu\/wp-content\/uploads\/2025\/07\/2203-2860.jpg\" \/>\n\t<meta property=\"og:image:width\" content=\"600\" \/>\n\t<meta property=\"og:image:height\" content=\"545\" \/>\n\t<meta property=\"og:image:type\" content=\"image\/jpeg\" \/>\n<meta name=\"twitter:card\" content=\"summary_large_image\" \/>\n<meta name=\"twitter:label1\" content=\"Est. reading time\" \/>\n\t<meta name=\"twitter:data1\" content=\"1 minute\" \/>\n<script type=\"application\/ld+json\" class=\"yoast-schema-graph\">{\"@context\":\"https:\/\/schema.org\",\"@graph\":[{\"@type\":\"WebPage\",\"@id\":\"https:\/\/www.axiomams.eu\/lv\/produktas\/metrel-mi-3360-m-omegapat-xa-pat-testesanas-iekarta\",\"url\":\"https:\/\/www.axiomams.eu\/lv\/produktas\/metrel-mi-3360-m-omegapat-xa-pat-testesanas-iekarta\",\"name\":\"Metrel MI 3360 M OmegaPAT XA PAT test\u0113\u0161anas iek\u0101rta - AXIOMA MS\",\"isPartOf\":{\"@id\":\"https:\/\/www.axiomams.eu\/lv#website\"},\"primaryImageOfPage\":{\"@id\":\"https:\/\/www.axiomams.eu\/lv\/produktas\/metrel-mi-3360-m-omegapat-xa-pat-testesanas-iekarta#primaryimage\"},\"image\":{\"@id\":\"https:\/\/www.axiomams.eu\/lv\/produktas\/metrel-mi-3360-m-omegapat-xa-pat-testesanas-iekarta#primaryimage\"},\"thumbnailUrl\":\"https:\/\/www.axiomams.eu\/wp-content\/uploads\/2025\/07\/2203-2860.jpg\",\"datePublished\":\"2025-05-15T16:03:40+00:00\",\"dateModified\":\"2026-03-25T15:01:05+00:00\",\"breadcrumb\":{\"@id\":\"https:\/\/www.axiomams.eu\/lv\/produktas\/metrel-mi-3360-m-omegapat-xa-pat-testesanas-iekarta#breadcrumb\"},\"inLanguage\":\"lv-LV\",\"potentialAction\":[{\"@type\":\"ReadAction\",\"target\":[\"https:\/\/www.axiomams.eu\/lv\/produktas\/metrel-mi-3360-m-omegapat-xa-pat-testesanas-iekarta\"]}]},{\"@type\":\"ImageObject\",\"inLanguage\":\"lv-LV\",\"@id\":\"https:\/\/www.axiomams.eu\/lv\/produktas\/metrel-mi-3360-m-omegapat-xa-pat-testesanas-iekarta#primaryimage\",\"url\":\"https:\/\/www.axiomams.eu\/wp-content\/uploads\/2025\/07\/2203-2860.jpg\",\"contentUrl\":\"https:\/\/www.axiomams.eu\/wp-content\/uploads\/2025\/07\/2203-2860.jpg\",\"width\":600,\"height\":545},{\"@type\":\"BreadcrumbList\",\"@id\":\"https:\/\/www.axiomams.eu\/lv\/produktas\/metrel-mi-3360-m-omegapat-xa-pat-testesanas-iekarta#breadcrumb\",\"itemListElement\":[{\"@type\":\"ListItem\",\"position\":1,\"name\":\"Home\",\"item\":\"https:\/\/www.axiomams.eu\/lv\"},{\"@type\":\"ListItem\",\"position\":2,\"name\":\"Produkti\",\"item\":\"https:\/\/www.axiomams.eu\/lv\/produkti\"},{\"@type\":\"ListItem\",\"position\":3,\"name\":\"Metrel MI 3360 M OmegaPAT XA PAT test\u0113\u0161anas iek\u0101rta\"}]},{\"@type\":\"WebSite\",\"@id\":\"https:\/\/www.axiomams.eu\/lv#website\",\"url\":\"https:\/\/www.axiomams.eu\/lv\",\"name\":\"AXIOMA MS\",\"description\":\"Terrmovizoriai ir matavimo \u012franga\",\"publisher\":{\"@id\":\"https:\/\/www.axiomams.eu\/lv#organization\"},\"potentialAction\":[{\"@type\":\"SearchAction\",\"target\":{\"@type\":\"EntryPoint\",\"urlTemplate\":\"https:\/\/www.axiomams.eu\/lv?s={search_term_string}\"},\"query-input\":{\"@type\":\"PropertyValueSpecification\",\"valueRequired\":true,\"valueName\":\"search_term_string\"}}],\"inLanguage\":\"lv-LV\"},{\"@type\":\"Organization\",\"@id\":\"https:\/\/www.axiomams.eu\/lv#organization\",\"name\":\"AXIOMA MS\",\"url\":\"https:\/\/www.axiomams.eu\/lv\",\"logo\":{\"@type\":\"ImageObject\",\"inLanguage\":\"lv-LV\",\"@id\":\"https:\/\/www.axiomams.eu\/lv#\/schema\/logo\/image\/\",\"url\":\"https:\/\/www.axiomams.eu\/wp-content\/uploads\/2025\/06\/axioma-logo-2.png\",\"contentUrl\":\"https:\/\/www.axiomams.eu\/wp-content\/uploads\/2025\/06\/axioma-logo-2.png\",\"width\":1200,\"height\":1200,\"caption\":\"AXIOMA MS\"},\"image\":{\"@id\":\"https:\/\/www.axiomams.eu\/lv#\/schema\/logo\/image\/\"},\"sameAs\":[\"https:\/\/www.facebook.com\/AxiomaMS\",\"https:\/\/www.linkedin.com\/company\/axiomams\/\"]}]}<\/script>\n<!-- \/ Yoast SEO plugin. -->","yoast_head_json":{"title":"Metrel MI 3360 M OmegaPAT XA PAT test\u0113\u0161anas iek\u0101rta - AXIOMA MS","robots":{"index":"index","follow":"follow","max-snippet":"max-snippet:-1","max-image-preview":"max-image-preview:large","max-video-preview":"max-video-preview:-1"},"canonical":"https:\/\/www.axiomams.eu\/lv\/produktas\/metrel-mi-3360-m-omegapat-xa-pat-testesanas-iekarta","og_locale":"lv_LV","og_type":"article","og_title":"Metrel MI 3360 M OmegaPAT XA PAT test\u0113\u0161anas iek\u0101rta - AXIOMA MS","og_description":"Metrel MI 3360 M OmegaPAT XA paredz\u0113ts profesion\u0101lai lieto\u0161anai vispras\u012bg\u0101kajos lietojumos. MI 3360 M OmegaPAT XA atbalsta lietot\u0101ju kontus, kas noz\u012bm\u0113, ka vienu ier\u012bci var izmantot vair\u0101ki elektri\u0137i. Mode\u013ca versijas aptver \u0161\u0101das test\u0113\u0161anas jomas: portat\u012bv\u0101s ier\u012bces, metin\u0101\u0161anas iek\u0101rtas, medic\u012bnas ier\u012bces un PRCD ier\u012b\u010du profesion\u0101la test\u0113\u0161ana. Visos instrumentos ir ieb\u016bv\u0113ta uzlabota lietot\u0101ja saskarne, kas \u013cauj izpild\u012bt...","og_url":"https:\/\/www.axiomams.eu\/lv\/produktas\/metrel-mi-3360-m-omegapat-xa-pat-testesanas-iekarta","og_site_name":"AXIOMA MS","article_publisher":"https:\/\/www.facebook.com\/AxiomaMS","article_modified_time":"2026-03-25T15:01:05+00:00","og_image":[{"width":600,"height":545,"url":"https:\/\/www.axiomams.eu\/wp-content\/uploads\/2025\/07\/2203-2860.jpg","type":"image\/jpeg"}],"twitter_card":"summary_large_image","twitter_misc":{"Est. reading time":"1 minute"},"schema":{"@context":"https:\/\/schema.org","@graph":[{"@type":"WebPage","@id":"https:\/\/www.axiomams.eu\/lv\/produktas\/metrel-mi-3360-m-omegapat-xa-pat-testesanas-iekarta","url":"https:\/\/www.axiomams.eu\/lv\/produktas\/metrel-mi-3360-m-omegapat-xa-pat-testesanas-iekarta","name":"Metrel MI 3360 M OmegaPAT XA PAT test\u0113\u0161anas iek\u0101rta - AXIOMA MS","isPartOf":{"@id":"https:\/\/www.axiomams.eu\/lv#website"},"primaryImageOfPage":{"@id":"https:\/\/www.axiomams.eu\/lv\/produktas\/metrel-mi-3360-m-omegapat-xa-pat-testesanas-iekarta#primaryimage"},"image":{"@id":"https:\/\/www.axiomams.eu\/lv\/produktas\/metrel-mi-3360-m-omegapat-xa-pat-testesanas-iekarta#primaryimage"},"thumbnailUrl":"https:\/\/www.axiomams.eu\/wp-content\/uploads\/2025\/07\/2203-2860.jpg","datePublished":"2025-05-15T16:03:40+00:00","dateModified":"2026-03-25T15:01:05+00:00","breadcrumb":{"@id":"https:\/\/www.axiomams.eu\/lv\/produktas\/metrel-mi-3360-m-omegapat-xa-pat-testesanas-iekarta#breadcrumb"},"inLanguage":"lv-LV","potentialAction":[{"@type":"ReadAction","target":["https:\/\/www.axiomams.eu\/lv\/produktas\/metrel-mi-3360-m-omegapat-xa-pat-testesanas-iekarta"]}]},{"@type":"ImageObject","inLanguage":"lv-LV","@id":"https:\/\/www.axiomams.eu\/lv\/produktas\/metrel-mi-3360-m-omegapat-xa-pat-testesanas-iekarta#primaryimage","url":"https:\/\/www.axiomams.eu\/wp-content\/uploads\/2025\/07\/2203-2860.jpg","contentUrl":"https:\/\/www.axiomams.eu\/wp-content\/uploads\/2025\/07\/2203-2860.jpg","width":600,"height":545},{"@type":"BreadcrumbList","@id":"https:\/\/www.axiomams.eu\/lv\/produktas\/metrel-mi-3360-m-omegapat-xa-pat-testesanas-iekarta#breadcrumb","itemListElement":[{"@type":"ListItem","position":1,"name":"Home","item":"https:\/\/www.axiomams.eu\/lv"},{"@type":"ListItem","position":2,"name":"Produkti","item":"https:\/\/www.axiomams.eu\/lv\/produkti"},{"@type":"ListItem","position":3,"name":"Metrel MI 3360 M OmegaPAT XA PAT test\u0113\u0161anas iek\u0101rta"}]},{"@type":"WebSite","@id":"https:\/\/www.axiomams.eu\/lv#website","url":"https:\/\/www.axiomams.eu\/lv","name":"AXIOMA MS","description":"Terrmovizoriai ir matavimo \u012franga","publisher":{"@id":"https:\/\/www.axiomams.eu\/lv#organization"},"potentialAction":[{"@type":"SearchAction","target":{"@type":"EntryPoint","urlTemplate":"https:\/\/www.axiomams.eu\/lv?s={search_term_string}"},"query-input":{"@type":"PropertyValueSpecification","valueRequired":true,"valueName":"search_term_string"}}],"inLanguage":"lv-LV"},{"@type":"Organization","@id":"https:\/\/www.axiomams.eu\/lv#organization","name":"AXIOMA MS","url":"https:\/\/www.axiomams.eu\/lv","logo":{"@type":"ImageObject","inLanguage":"lv-LV","@id":"https:\/\/www.axiomams.eu\/lv#\/schema\/logo\/image\/","url":"https:\/\/www.axiomams.eu\/wp-content\/uploads\/2025\/06\/axioma-logo-2.png","contentUrl":"https:\/\/www.axiomams.eu\/wp-content\/uploads\/2025\/06\/axioma-logo-2.png","width":1200,"height":1200,"caption":"AXIOMA MS"},"image":{"@id":"https:\/\/www.axiomams.eu\/lv#\/schema\/logo\/image\/"},"sameAs":["https:\/\/www.facebook.com\/AxiomaMS","https:\/\/www.linkedin.com\/company\/axiomams\/"]}]}},"_links":{"self":[{"href":"https:\/\/www.axiomams.eu\/lv\/wp-json\/wp\/v2\/product\/39253","targetHints":{"allow":["GET"]}}],"collection":[{"href":"https:\/\/www.axiomams.eu\/lv\/wp-json\/wp\/v2\/product"}],"about":[{"href":"https:\/\/www.axiomams.eu\/lv\/wp-json\/wp\/v2\/types\/product"}],"replies":[{"embeddable":true,"href":"https:\/\/www.axiomams.eu\/lv\/wp-json\/wp\/v2\/comments?post=39253"}],"wp:featuredmedia":[{"embeddable":true,"href":"https:\/\/www.axiomams.eu\/lv\/wp-json\/wp\/v2\/media\/42227"}],"wp:attachment":[{"href":"https:\/\/www.axiomams.eu\/lv\/wp-json\/wp\/v2\/media?parent=39253"}],"wp:term":[{"taxonomy":"product_brand","embeddable":true,"href":"https:\/\/www.axiomams.eu\/lv\/wp-json\/wp\/v2\/product_brand?post=39253"},{"taxonomy":"product_cat","embeddable":true,"href":"https:\/\/www.axiomams.eu\/lv\/wp-json\/wp\/v2\/product_cat?post=39253"},{"taxonomy":"product_tag","embeddable":true,"href":"https:\/\/www.axiomams.eu\/lv\/wp-json\/wp\/v2\/product_tag?post=39253"}],"curies":[{"name":"wp","href":"https:\/\/api.w.org\/{rel}","templated":true}]}}