{"id":39254,"date":"2025-05-15T18:03:45","date_gmt":"2025-05-15T16:03:45","guid":{"rendered":"https:\/\/www.axiomams.eu\/produktas\/metrel-mi-3394-eu-ce-multitesterxa"},"modified":"2026-03-25T17:01:05","modified_gmt":"2026-03-25T15:01:05","slug":"metrel-mi-3394-eu-ce-multitesterxa","status":"publish","type":"product","link":"https:\/\/www.axiomams.eu\/lv\/produktas\/metrel-mi-3394-eu-ce-multitesterxa","title":{"rendered":"Metrel MI 3394 EU CE MultiTesterXA"},"content":{"rendered":"<p>Metrel MI 3394 CE MultiTesterXA ir p\u0101rn\u0113s\u0101jams instruments, kas paredz\u0113ts elektroier\u012b\u010du, ma\u0161\u012bnu un sadales skapju elektrodro\u0161\u012bbas test\u0113\u0161anai un CE sertifik\u0101cijai ra\u017eo\u0161anas laik\u0101.<br \/>\nPerson\u0101l\u0101 datora programmat\u016bra MES-Manager \u013cauj aug\u0161upiel\u0101d\u0113t autom\u0101tisk\u0101s testu sekvences, projektus, lejupiel\u0101d\u0113t testu rezult\u0101tus dator\u0101, autom\u0101tiski saglab\u0101t datus fail\u0101 un izdruk\u0101t testu p\u0101rskatus.<\/p>\n<p>Standarta komplekts: Metrel MI 3394 CE MultiTesterXA &#8211; Euro komplekts, HV testa pistoles 2 gab., nep\u0101rtraukt\u012bbas testa vadu komplekts, izol\u0101cijas testa vadu komplekts, krokodila skavu komplekts, izl\u0101des laika kabelis, t\u012bkla kabelis, piederumu soma, kalibr\u0113\u0161anas sertifik\u0101ts, RS232 kabelis, USB kabelis, CD ar lieto\u0161anas instrukciju, Metrel ES Manager BASIC programmat\u016bra.<\/p>\n<p><iframe loading=\"lazy\" width=\"560\" height=\"315\" src=\"https:\/\/www.youtube.com\/embed\/wYuQMd0Uljk?si=31QvZFVL4WQ7ffsI\" title=\"YouTube video atska\u0146ot\u0101js\" frameborder=\"0\" allow=\"accelerometer; autoplay; clipboard-write; encrypted-media; gyroscope; picture-in-picture; web-share\" referrerpolicy=\"strict-origin-when-cross-origin\" allowfullscreen><\/iframe><\/p>\n<h3>Tehnisk\u0101 inform\u0101cija:<\/h3>\n<ul>\n<li><a href=\"https:\/\/axiomams.eu\/importer\/export\/attachments\/en\/metrel-mi-3394-eu.pdf\" target=\"_blank\">Metrel MI 3394 EU.pdf<\/a><\/li>\n<\/ul>\n","protected":false},"excerpt":{"rendered":"<p>Metrel MI 3394 CE MultiTesterXA ir p\u0101rn\u0113s\u0101jams instruments, kas paredz\u0113ts elektroier\u012b\u010du, ma\u0161\u012bnu un sadales skapju elektrodro\u0161\u012bbas test\u0113\u0161anai un CE sertifik\u0101cijai ra\u017eo\u0161anas laik\u0101. Person\u0101l\u0101 datora programmat\u016bra MES-Manager \u013cauj aug\u0161upiel\u0101d\u0113t autom\u0101tisk\u0101s testu sekvences, projektus, lejupiel\u0101d\u0113t testu rezult\u0101tus dator\u0101, autom\u0101tiski saglab\u0101t datus fail\u0101 un izdruk\u0101t testu p\u0101rskatus. Standarta komplekts: Metrel MI 3394 CE MultiTesterXA &#8211; Euro komplekts, HV&#8230;<\/p>\n","protected":false},"featured_media":42229,"comment_status":"open","ping_status":"closed","template":"","meta":{"_acf_changed":false},"product_brand":[732],"product_cat":[17713,17766],"product_tag":[],"class_list":{"0":"post-39254","1":"product","2":"type-product","3":"status-publish","4":"has-post-thumbnail","6":"product_brand-metrel","7":"product_cat-elektroiekartu-testesanai-un-parbaudei","8":"product_cat-iekartu-un-elektrisko-masinu-testesanai-pat","10":"first","11":"instock","12":"taxable","13":"shipping-taxable","14":"product-type-simple"},"acf":[],"yoast_head":"<!-- This site is optimized with the Yoast SEO plugin v27.0 - https:\/\/yoast.com\/product\/yoast-seo-wordpress\/ -->\n<title>Metrel MI 3394 EU CE MultiTesterXA - AXIOMA MS<\/title>\n<meta name=\"robots\" content=\"index, follow, max-snippet:-1, max-image-preview:large, max-video-preview:-1\" \/>\n<link rel=\"canonical\" href=\"https:\/\/www.axiomams.eu\/lv\/produktas\/metrel-mi-3394-eu-ce-multitesterxa\" \/>\n<meta property=\"og:locale\" content=\"lv_LV\" \/>\n<meta property=\"og:type\" content=\"article\" \/>\n<meta property=\"og:title\" content=\"Metrel MI 3394 EU CE MultiTesterXA - AXIOMA MS\" \/>\n<meta property=\"og:description\" content=\"Metrel MI 3394 CE MultiTesterXA ir p\u0101rn\u0113s\u0101jams instruments, kas paredz\u0113ts elektroier\u012b\u010du, ma\u0161\u012bnu un sadales skapju elektrodro\u0161\u012bbas test\u0113\u0161anai un CE sertifik\u0101cijai ra\u017eo\u0161anas laik\u0101. Person\u0101l\u0101 datora programmat\u016bra MES-Manager \u013cauj aug\u0161upiel\u0101d\u0113t autom\u0101tisk\u0101s testu sekvences, projektus, lejupiel\u0101d\u0113t testu rezult\u0101tus dator\u0101, autom\u0101tiski saglab\u0101t datus fail\u0101 un izdruk\u0101t testu p\u0101rskatus. Standarta komplekts: Metrel MI 3394 CE MultiTesterXA &#8211; Euro komplekts, HV...\" \/>\n<meta property=\"og:url\" content=\"https:\/\/www.axiomams.eu\/lv\/produktas\/metrel-mi-3394-eu-ce-multitesterxa\" \/>\n<meta property=\"og:site_name\" content=\"AXIOMA MS\" \/>\n<meta property=\"article:publisher\" content=\"https:\/\/www.facebook.com\/AxiomaMS\" \/>\n<meta property=\"article:modified_time\" content=\"2026-03-25T15:01:05+00:00\" \/>\n<meta property=\"og:image\" content=\"https:\/\/www.axiomams.eu\/wp-content\/uploads\/2025\/07\/3511-4736.jpg\" \/>\n\t<meta property=\"og:image:width\" content=\"1020\" \/>\n\t<meta property=\"og:image:height\" content=\"1020\" \/>\n\t<meta property=\"og:image:type\" content=\"image\/jpeg\" \/>\n<meta name=\"twitter:card\" content=\"summary_large_image\" \/>\n<meta name=\"twitter:label1\" content=\"Est. reading time\" \/>\n\t<meta name=\"twitter:data1\" content=\"1 minute\" \/>\n<script type=\"application\/ld+json\" class=\"yoast-schema-graph\">{\"@context\":\"https:\/\/schema.org\",\"@graph\":[{\"@type\":\"WebPage\",\"@id\":\"https:\/\/www.axiomams.eu\/lv\/produktas\/metrel-mi-3394-eu-ce-multitesterxa\",\"url\":\"https:\/\/www.axiomams.eu\/lv\/produktas\/metrel-mi-3394-eu-ce-multitesterxa\",\"name\":\"Metrel MI 3394 EU CE MultiTesterXA - AXIOMA MS\",\"isPartOf\":{\"@id\":\"https:\/\/www.axiomams.eu\/lv#website\"},\"primaryImageOfPage\":{\"@id\":\"https:\/\/www.axiomams.eu\/lv\/produktas\/metrel-mi-3394-eu-ce-multitesterxa#primaryimage\"},\"image\":{\"@id\":\"https:\/\/www.axiomams.eu\/lv\/produktas\/metrel-mi-3394-eu-ce-multitesterxa#primaryimage\"},\"thumbnailUrl\":\"https:\/\/www.axiomams.eu\/wp-content\/uploads\/2025\/07\/3511-4736.jpg\",\"datePublished\":\"2025-05-15T16:03:45+00:00\",\"dateModified\":\"2026-03-25T15:01:05+00:00\",\"breadcrumb\":{\"@id\":\"https:\/\/www.axiomams.eu\/lv\/produktas\/metrel-mi-3394-eu-ce-multitesterxa#breadcrumb\"},\"inLanguage\":\"lv-LV\",\"potentialAction\":[{\"@type\":\"ReadAction\",\"target\":[\"https:\/\/www.axiomams.eu\/lv\/produktas\/metrel-mi-3394-eu-ce-multitesterxa\"]}]},{\"@type\":\"ImageObject\",\"inLanguage\":\"lv-LV\",\"@id\":\"https:\/\/www.axiomams.eu\/lv\/produktas\/metrel-mi-3394-eu-ce-multitesterxa#primaryimage\",\"url\":\"https:\/\/www.axiomams.eu\/wp-content\/uploads\/2025\/07\/3511-4736.jpg\",\"contentUrl\":\"https:\/\/www.axiomams.eu\/wp-content\/uploads\/2025\/07\/3511-4736.jpg\",\"width\":1020,\"height\":1020},{\"@type\":\"BreadcrumbList\",\"@id\":\"https:\/\/www.axiomams.eu\/lv\/produktas\/metrel-mi-3394-eu-ce-multitesterxa#breadcrumb\",\"itemListElement\":[{\"@type\":\"ListItem\",\"position\":1,\"name\":\"Home\",\"item\":\"https:\/\/www.axiomams.eu\/lv\"},{\"@type\":\"ListItem\",\"position\":2,\"name\":\"Produkti\",\"item\":\"https:\/\/www.axiomams.eu\/lv\/produkti\"},{\"@type\":\"ListItem\",\"position\":3,\"name\":\"Metrel MI 3394 EU CE MultiTesterXA\"}]},{\"@type\":\"WebSite\",\"@id\":\"https:\/\/www.axiomams.eu\/lv#website\",\"url\":\"https:\/\/www.axiomams.eu\/lv\",\"name\":\"AXIOMA MS\",\"description\":\"Terrmovizoriai ir matavimo \u012franga\",\"publisher\":{\"@id\":\"https:\/\/www.axiomams.eu\/lv#organization\"},\"potentialAction\":[{\"@type\":\"SearchAction\",\"target\":{\"@type\":\"EntryPoint\",\"urlTemplate\":\"https:\/\/www.axiomams.eu\/lv?s={search_term_string}\"},\"query-input\":{\"@type\":\"PropertyValueSpecification\",\"valueRequired\":true,\"valueName\":\"search_term_string\"}}],\"inLanguage\":\"lv-LV\"},{\"@type\":\"Organization\",\"@id\":\"https:\/\/www.axiomams.eu\/lv#organization\",\"name\":\"AXIOMA MS\",\"url\":\"https:\/\/www.axiomams.eu\/lv\",\"logo\":{\"@type\":\"ImageObject\",\"inLanguage\":\"lv-LV\",\"@id\":\"https:\/\/www.axiomams.eu\/lv#\/schema\/logo\/image\/\",\"url\":\"https:\/\/www.axiomams.eu\/wp-content\/uploads\/2025\/06\/axioma-logo-2.png\",\"contentUrl\":\"https:\/\/www.axiomams.eu\/wp-content\/uploads\/2025\/06\/axioma-logo-2.png\",\"width\":1200,\"height\":1200,\"caption\":\"AXIOMA MS\"},\"image\":{\"@id\":\"https:\/\/www.axiomams.eu\/lv#\/schema\/logo\/image\/\"},\"sameAs\":[\"https:\/\/www.facebook.com\/AxiomaMS\",\"https:\/\/www.linkedin.com\/company\/axiomams\/\"]}]}<\/script>\n<!-- \/ Yoast SEO plugin. -->","yoast_head_json":{"title":"Metrel MI 3394 EU CE MultiTesterXA - AXIOMA MS","robots":{"index":"index","follow":"follow","max-snippet":"max-snippet:-1","max-image-preview":"max-image-preview:large","max-video-preview":"max-video-preview:-1"},"canonical":"https:\/\/www.axiomams.eu\/lv\/produktas\/metrel-mi-3394-eu-ce-multitesterxa","og_locale":"lv_LV","og_type":"article","og_title":"Metrel MI 3394 EU CE MultiTesterXA - AXIOMA MS","og_description":"Metrel MI 3394 CE MultiTesterXA ir p\u0101rn\u0113s\u0101jams instruments, kas paredz\u0113ts elektroier\u012b\u010du, ma\u0161\u012bnu un sadales skapju elektrodro\u0161\u012bbas test\u0113\u0161anai un CE sertifik\u0101cijai ra\u017eo\u0161anas laik\u0101. Person\u0101l\u0101 datora programmat\u016bra MES-Manager \u013cauj aug\u0161upiel\u0101d\u0113t autom\u0101tisk\u0101s testu sekvences, projektus, lejupiel\u0101d\u0113t testu rezult\u0101tus dator\u0101, autom\u0101tiski saglab\u0101t datus fail\u0101 un izdruk\u0101t testu p\u0101rskatus. Standarta komplekts: Metrel MI 3394 CE MultiTesterXA &#8211; Euro komplekts, HV...","og_url":"https:\/\/www.axiomams.eu\/lv\/produktas\/metrel-mi-3394-eu-ce-multitesterxa","og_site_name":"AXIOMA MS","article_publisher":"https:\/\/www.facebook.com\/AxiomaMS","article_modified_time":"2026-03-25T15:01:05+00:00","og_image":[{"width":1020,"height":1020,"url":"https:\/\/www.axiomams.eu\/wp-content\/uploads\/2025\/07\/3511-4736.jpg","type":"image\/jpeg"}],"twitter_card":"summary_large_image","twitter_misc":{"Est. reading time":"1 minute"},"schema":{"@context":"https:\/\/schema.org","@graph":[{"@type":"WebPage","@id":"https:\/\/www.axiomams.eu\/lv\/produktas\/metrel-mi-3394-eu-ce-multitesterxa","url":"https:\/\/www.axiomams.eu\/lv\/produktas\/metrel-mi-3394-eu-ce-multitesterxa","name":"Metrel MI 3394 EU CE MultiTesterXA - AXIOMA MS","isPartOf":{"@id":"https:\/\/www.axiomams.eu\/lv#website"},"primaryImageOfPage":{"@id":"https:\/\/www.axiomams.eu\/lv\/produktas\/metrel-mi-3394-eu-ce-multitesterxa#primaryimage"},"image":{"@id":"https:\/\/www.axiomams.eu\/lv\/produktas\/metrel-mi-3394-eu-ce-multitesterxa#primaryimage"},"thumbnailUrl":"https:\/\/www.axiomams.eu\/wp-content\/uploads\/2025\/07\/3511-4736.jpg","datePublished":"2025-05-15T16:03:45+00:00","dateModified":"2026-03-25T15:01:05+00:00","breadcrumb":{"@id":"https:\/\/www.axiomams.eu\/lv\/produktas\/metrel-mi-3394-eu-ce-multitesterxa#breadcrumb"},"inLanguage":"lv-LV","potentialAction":[{"@type":"ReadAction","target":["https:\/\/www.axiomams.eu\/lv\/produktas\/metrel-mi-3394-eu-ce-multitesterxa"]}]},{"@type":"ImageObject","inLanguage":"lv-LV","@id":"https:\/\/www.axiomams.eu\/lv\/produktas\/metrel-mi-3394-eu-ce-multitesterxa#primaryimage","url":"https:\/\/www.axiomams.eu\/wp-content\/uploads\/2025\/07\/3511-4736.jpg","contentUrl":"https:\/\/www.axiomams.eu\/wp-content\/uploads\/2025\/07\/3511-4736.jpg","width":1020,"height":1020},{"@type":"BreadcrumbList","@id":"https:\/\/www.axiomams.eu\/lv\/produktas\/metrel-mi-3394-eu-ce-multitesterxa#breadcrumb","itemListElement":[{"@type":"ListItem","position":1,"name":"Home","item":"https:\/\/www.axiomams.eu\/lv"},{"@type":"ListItem","position":2,"name":"Produkti","item":"https:\/\/www.axiomams.eu\/lv\/produkti"},{"@type":"ListItem","position":3,"name":"Metrel MI 3394 EU CE MultiTesterXA"}]},{"@type":"WebSite","@id":"https:\/\/www.axiomams.eu\/lv#website","url":"https:\/\/www.axiomams.eu\/lv","name":"AXIOMA MS","description":"Terrmovizoriai ir matavimo \u012franga","publisher":{"@id":"https:\/\/www.axiomams.eu\/lv#organization"},"potentialAction":[{"@type":"SearchAction","target":{"@type":"EntryPoint","urlTemplate":"https:\/\/www.axiomams.eu\/lv?s={search_term_string}"},"query-input":{"@type":"PropertyValueSpecification","valueRequired":true,"valueName":"search_term_string"}}],"inLanguage":"lv-LV"},{"@type":"Organization","@id":"https:\/\/www.axiomams.eu\/lv#organization","name":"AXIOMA MS","url":"https:\/\/www.axiomams.eu\/lv","logo":{"@type":"ImageObject","inLanguage":"lv-LV","@id":"https:\/\/www.axiomams.eu\/lv#\/schema\/logo\/image\/","url":"https:\/\/www.axiomams.eu\/wp-content\/uploads\/2025\/06\/axioma-logo-2.png","contentUrl":"https:\/\/www.axiomams.eu\/wp-content\/uploads\/2025\/06\/axioma-logo-2.png","width":1200,"height":1200,"caption":"AXIOMA MS"},"image":{"@id":"https:\/\/www.axiomams.eu\/lv#\/schema\/logo\/image\/"},"sameAs":["https:\/\/www.facebook.com\/AxiomaMS","https:\/\/www.linkedin.com\/company\/axiomams\/"]}]}},"_links":{"self":[{"href":"https:\/\/www.axiomams.eu\/lv\/wp-json\/wp\/v2\/product\/39254","targetHints":{"allow":["GET"]}}],"collection":[{"href":"https:\/\/www.axiomams.eu\/lv\/wp-json\/wp\/v2\/product"}],"about":[{"href":"https:\/\/www.axiomams.eu\/lv\/wp-json\/wp\/v2\/types\/product"}],"replies":[{"embeddable":true,"href":"https:\/\/www.axiomams.eu\/lv\/wp-json\/wp\/v2\/comments?post=39254"}],"wp:featuredmedia":[{"embeddable":true,"href":"https:\/\/www.axiomams.eu\/lv\/wp-json\/wp\/v2\/media\/42229"}],"wp:attachment":[{"href":"https:\/\/www.axiomams.eu\/lv\/wp-json\/wp\/v2\/media?parent=39254"}],"wp:term":[{"taxonomy":"product_brand","embeddable":true,"href":"https:\/\/www.axiomams.eu\/lv\/wp-json\/wp\/v2\/product_brand?post=39254"},{"taxonomy":"product_cat","embeddable":true,"href":"https:\/\/www.axiomams.eu\/lv\/wp-json\/wp\/v2\/product_cat?post=39254"},{"taxonomy":"product_tag","embeddable":true,"href":"https:\/\/www.axiomams.eu\/lv\/wp-json\/wp\/v2\/product_tag?post=39254"}],"curies":[{"name":"wp","href":"https:\/\/api.w.org\/{rel}","templated":true}]}}