{"id":39255,"date":"2025-05-15T18:04:09","date_gmt":"2025-05-15T16:04:09","guid":{"rendered":"https:\/\/www.axiomams.eu\/produktas\/metrel-mi-3399-elektrodrosibas-un-kvalitates-lietojumprogrammu-treneris"},"modified":"2026-03-25T17:01:05","modified_gmt":"2026-03-25T15:01:05","slug":"metrel-mi-3399-elektrodrosibas-un-kvalitates-lietojumprogrammu-treneris","status":"publish","type":"product","link":"https:\/\/www.axiomams.eu\/lv\/produktas\/metrel-mi-3399-elektrodrosibas-un-kvalitates-lietojumprogrammu-treneris","title":{"rendered":"Metrel MI 3399 Elektrodro\u0161\u012bbas un kvalit\u0101tes lietojumprogrammu treneris"},"content":{"rendered":"<p>MI 3399 elektrodro\u0161\u012bbas un kvalit\u0101tes lietojumprogrammas trena\u017eieris ir re\u0101lu re\u0101l\u0101s dz\u012bves dro\u0161\u012bbas un kvalit\u0101tes situ\u0101ciju 3D simulators ar daudziem regul\u0113jamiem riskiem un k\u013c\u016bd\u0101m. Modelis ir izstr\u0101d\u0101ts k\u0101 atsevi\u0161\u0137a iek\u0101rta demonstr\u0101cij\u0101m, apm\u0101c\u012bbai un izgl\u012bt\u012bbas m\u0113r\u0137iem. Pateicoties da\u017e\u0101diem integr\u0113tiem elektriskajiem elementiem, modelis \u013cauj piln\u012bb\u0101 test\u0113t un nov\u0113rst probl\u0113mas, kas saist\u012btas ar elektroener\u0123ijas kvalit\u0101tes anal\u012bzi, k\u0101 ar\u012b zemsprieguma elektroinstal\u0101cij\u0101m, zibens sist\u0113m\u0101m, zem\u0113juma sist\u0113m\u0101m, fotoelektriskaj\u0101m sist\u0113m\u0101m, ier\u012bc\u0113m, iek\u0101rt\u0101m, ma\u0161\u012bn\u0101m vai sadales skapjiem, izmantojot modernas metodes, test\u0113\u0161anas proced\u016bras un instrumentus.<\/p>\n<p>Veicamie m\u0113r\u012bjumi:<br \/>\nIzol\u0101cijas pretest\u012bba;<br \/>\nPE vadu nep\u0101rtraukt\u012bba;<br \/>\nl\u012bnijas pretest\u012bba;<br \/>\ncilpas pretest\u012bba;<br \/>\nRCD test\u0113\u0161ana (kontakta spriegums, atsl\u0113g\u0161an\u0101s spriegums, atsl\u0113g\u0161an\u0101s str\u0101va, autotests);<br \/>\nIMD, ELM, RCM nopl\u016bdes un izol\u0101cijas monitoru regul\u0113\u0161ana un p\u0101rbaude;<br \/>\nZemes pretest\u012bba (4 vadu, 3 vadu, 2 vadu, 2 vadu, divu str\u0101vas skavu);<br \/>\nSpecifisk\u0101 zem\u0113juma pretest\u012bba;<br \/>\nzibens aizsardz\u012bbas cilpas un k\u0101ju pretest\u012bba;<br \/>\nP\u0101rsprieguma aizsargier\u012bces tests;<br \/>\nnopl\u016bdes str\u0101va;<br \/>\nF\u0101\u017eu rot\u0101cija;<br \/>\nSpriegums;<br \/>\nFrekvence;<br \/>\nAUTO SEQUENCE \u00ae proced\u016bra TN, TT vai IT zem\u0113juma sist\u0113mai;<br \/>\nElektroener\u0123ijas kvalit\u0101te.<\/p>\n<h3>Tehnisk\u0101 inform\u0101cija:<\/h3>\n<ul>\n<li><a href=\"https:\/\/axiomams.eu\/importer\/export\/attachments\/en\/mi_3399_ang.pdf\" target=\"_blank\">MI_3399_Ang.pdf<\/a><\/li>\n<\/ul>\n","protected":false},"excerpt":{"rendered":"<p>MI 3399 elektrodro\u0161\u012bbas un kvalit\u0101tes lietojumprogrammas trena\u017eieris ir re\u0101lu re\u0101l\u0101s dz\u012bves dro\u0161\u012bbas un kvalit\u0101tes situ\u0101ciju 3D simulators ar daudziem regul\u0113jamiem riskiem un k\u013c\u016bd\u0101m. Modelis ir izstr\u0101d\u0101ts k\u0101 atsevi\u0161\u0137a iek\u0101rta demonstr\u0101cij\u0101m, apm\u0101c\u012bbai un izgl\u012bt\u012bbas m\u0113r\u0137iem. Pateicoties da\u017e\u0101diem integr\u0113tiem elektriskajiem elementiem, modelis \u013cauj piln\u012bb\u0101 test\u0113t un nov\u0113rst probl\u0113mas, kas saist\u012btas ar elektroener\u0123ijas kvalit\u0101tes anal\u012bzi, k\u0101 ar\u012b zemsprieguma&#8230;<\/p>\n","protected":false},"featured_media":42231,"comment_status":"open","ping_status":"closed","template":"","meta":{"_acf_changed":false},"product_brand":[732],"product_cat":[17756],"product_tag":[],"class_list":{"0":"post-39255","1":"product","2":"type-product","3":"status-publish","4":"has-post-thumbnail","6":"product_brand-metrel","7":"product_cat-izglitibas-stendi","9":"first","10":"instock","11":"taxable","12":"shipping-taxable","13":"product-type-simple"},"acf":[],"yoast_head":"<!-- This site is optimized with the Yoast SEO plugin v27.0 - https:\/\/yoast.com\/product\/yoast-seo-wordpress\/ -->\n<title>Metrel MI 3399 Elektrodro\u0161\u012bbas un kvalit\u0101tes lietojumprogrammu treneris - AXIOMA MS<\/title>\n<meta name=\"robots\" content=\"index, follow, max-snippet:-1, max-image-preview:large, max-video-preview:-1\" \/>\n<link rel=\"canonical\" href=\"https:\/\/www.axiomams.eu\/lv\/produktas\/metrel-mi-3399-elektrodrosibas-un-kvalitates-lietojumprogrammu-treneris\" \/>\n<meta property=\"og:locale\" content=\"lv_LV\" \/>\n<meta property=\"og:type\" content=\"article\" \/>\n<meta property=\"og:title\" content=\"Metrel MI 3399 Elektrodro\u0161\u012bbas un kvalit\u0101tes lietojumprogrammu treneris - AXIOMA MS\" \/>\n<meta property=\"og:description\" content=\"MI 3399 elektrodro\u0161\u012bbas un kvalit\u0101tes lietojumprogrammas trena\u017eieris ir re\u0101lu re\u0101l\u0101s dz\u012bves dro\u0161\u012bbas un kvalit\u0101tes situ\u0101ciju 3D simulators ar daudziem regul\u0113jamiem riskiem un k\u013c\u016bd\u0101m. Modelis ir izstr\u0101d\u0101ts k\u0101 atsevi\u0161\u0137a iek\u0101rta demonstr\u0101cij\u0101m, apm\u0101c\u012bbai un izgl\u012bt\u012bbas m\u0113r\u0137iem. Pateicoties da\u017e\u0101diem integr\u0113tiem elektriskajiem elementiem, modelis \u013cauj piln\u012bb\u0101 test\u0113t un nov\u0113rst probl\u0113mas, kas saist\u012btas ar elektroener\u0123ijas kvalit\u0101tes anal\u012bzi, k\u0101 ar\u012b zemsprieguma...\" \/>\n<meta property=\"og:url\" content=\"https:\/\/www.axiomams.eu\/lv\/produktas\/metrel-mi-3399-elektrodrosibas-un-kvalitates-lietojumprogrammu-treneris\" \/>\n<meta property=\"og:site_name\" content=\"AXIOMA MS\" \/>\n<meta property=\"article:publisher\" content=\"https:\/\/www.facebook.com\/AxiomaMS\" \/>\n<meta property=\"article:modified_time\" content=\"2026-03-25T15:01:05+00:00\" \/>\n<meta property=\"og:image\" content=\"https:\/\/www.axiomams.eu\/wp-content\/uploads\/2025\/07\/2522-3248.png\" \/>\n\t<meta property=\"og:image:width\" content=\"1200\" \/>\n\t<meta property=\"og:image:height\" content=\"900\" \/>\n\t<meta property=\"og:image:type\" content=\"image\/png\" \/>\n<meta name=\"twitter:card\" content=\"summary_large_image\" \/>\n<meta name=\"twitter:label1\" content=\"Est. reading time\" \/>\n\t<meta name=\"twitter:data1\" content=\"1 minute\" \/>\n<script type=\"application\/ld+json\" class=\"yoast-schema-graph\">{\"@context\":\"https:\/\/schema.org\",\"@graph\":[{\"@type\":\"WebPage\",\"@id\":\"https:\/\/www.axiomams.eu\/lv\/produktas\/metrel-mi-3399-elektrodrosibas-un-kvalitates-lietojumprogrammu-treneris\",\"url\":\"https:\/\/www.axiomams.eu\/lv\/produktas\/metrel-mi-3399-elektrodrosibas-un-kvalitates-lietojumprogrammu-treneris\",\"name\":\"Metrel MI 3399 Elektrodro\u0161\u012bbas un kvalit\u0101tes lietojumprogrammu treneris - AXIOMA MS\",\"isPartOf\":{\"@id\":\"https:\/\/www.axiomams.eu\/lv#website\"},\"primaryImageOfPage\":{\"@id\":\"https:\/\/www.axiomams.eu\/lv\/produktas\/metrel-mi-3399-elektrodrosibas-un-kvalitates-lietojumprogrammu-treneris#primaryimage\"},\"image\":{\"@id\":\"https:\/\/www.axiomams.eu\/lv\/produktas\/metrel-mi-3399-elektrodrosibas-un-kvalitates-lietojumprogrammu-treneris#primaryimage\"},\"thumbnailUrl\":\"https:\/\/www.axiomams.eu\/wp-content\/uploads\/2025\/07\/2522-3248.png\",\"datePublished\":\"2025-05-15T16:04:09+00:00\",\"dateModified\":\"2026-03-25T15:01:05+00:00\",\"breadcrumb\":{\"@id\":\"https:\/\/www.axiomams.eu\/lv\/produktas\/metrel-mi-3399-elektrodrosibas-un-kvalitates-lietojumprogrammu-treneris#breadcrumb\"},\"inLanguage\":\"lv-LV\",\"potentialAction\":[{\"@type\":\"ReadAction\",\"target\":[\"https:\/\/www.axiomams.eu\/lv\/produktas\/metrel-mi-3399-elektrodrosibas-un-kvalitates-lietojumprogrammu-treneris\"]}]},{\"@type\":\"ImageObject\",\"inLanguage\":\"lv-LV\",\"@id\":\"https:\/\/www.axiomams.eu\/lv\/produktas\/metrel-mi-3399-elektrodrosibas-un-kvalitates-lietojumprogrammu-treneris#primaryimage\",\"url\":\"https:\/\/www.axiomams.eu\/wp-content\/uploads\/2025\/07\/2522-3248.png\",\"contentUrl\":\"https:\/\/www.axiomams.eu\/wp-content\/uploads\/2025\/07\/2522-3248.png\",\"width\":1200,\"height\":900},{\"@type\":\"BreadcrumbList\",\"@id\":\"https:\/\/www.axiomams.eu\/lv\/produktas\/metrel-mi-3399-elektrodrosibas-un-kvalitates-lietojumprogrammu-treneris#breadcrumb\",\"itemListElement\":[{\"@type\":\"ListItem\",\"position\":1,\"name\":\"Home\",\"item\":\"https:\/\/www.axiomams.eu\/lv\"},{\"@type\":\"ListItem\",\"position\":2,\"name\":\"Produkti\",\"item\":\"https:\/\/www.axiomams.eu\/lv\/produkti\"},{\"@type\":\"ListItem\",\"position\":3,\"name\":\"Metrel MI 3399 Elektrodro\u0161\u012bbas un kvalit\u0101tes lietojumprogrammu treneris\"}]},{\"@type\":\"WebSite\",\"@id\":\"https:\/\/www.axiomams.eu\/lv#website\",\"url\":\"https:\/\/www.axiomams.eu\/lv\",\"name\":\"AXIOMA MS\",\"description\":\"Terrmovizoriai ir matavimo \u012franga\",\"publisher\":{\"@id\":\"https:\/\/www.axiomams.eu\/lv#organization\"},\"potentialAction\":[{\"@type\":\"SearchAction\",\"target\":{\"@type\":\"EntryPoint\",\"urlTemplate\":\"https:\/\/www.axiomams.eu\/lv?s={search_term_string}\"},\"query-input\":{\"@type\":\"PropertyValueSpecification\",\"valueRequired\":true,\"valueName\":\"search_term_string\"}}],\"inLanguage\":\"lv-LV\"},{\"@type\":\"Organization\",\"@id\":\"https:\/\/www.axiomams.eu\/lv#organization\",\"name\":\"AXIOMA MS\",\"url\":\"https:\/\/www.axiomams.eu\/lv\",\"logo\":{\"@type\":\"ImageObject\",\"inLanguage\":\"lv-LV\",\"@id\":\"https:\/\/www.axiomams.eu\/lv#\/schema\/logo\/image\/\",\"url\":\"https:\/\/www.axiomams.eu\/wp-content\/uploads\/2025\/06\/axioma-logo-2.png\",\"contentUrl\":\"https:\/\/www.axiomams.eu\/wp-content\/uploads\/2025\/06\/axioma-logo-2.png\",\"width\":1200,\"height\":1200,\"caption\":\"AXIOMA MS\"},\"image\":{\"@id\":\"https:\/\/www.axiomams.eu\/lv#\/schema\/logo\/image\/\"},\"sameAs\":[\"https:\/\/www.facebook.com\/AxiomaMS\",\"https:\/\/www.linkedin.com\/company\/axiomams\/\"]}]}<\/script>\n<!-- \/ Yoast SEO plugin. -->","yoast_head_json":{"title":"Metrel MI 3399 Elektrodro\u0161\u012bbas un kvalit\u0101tes lietojumprogrammu treneris - AXIOMA MS","robots":{"index":"index","follow":"follow","max-snippet":"max-snippet:-1","max-image-preview":"max-image-preview:large","max-video-preview":"max-video-preview:-1"},"canonical":"https:\/\/www.axiomams.eu\/lv\/produktas\/metrel-mi-3399-elektrodrosibas-un-kvalitates-lietojumprogrammu-treneris","og_locale":"lv_LV","og_type":"article","og_title":"Metrel MI 3399 Elektrodro\u0161\u012bbas un kvalit\u0101tes lietojumprogrammu treneris - AXIOMA MS","og_description":"MI 3399 elektrodro\u0161\u012bbas un kvalit\u0101tes lietojumprogrammas trena\u017eieris ir re\u0101lu re\u0101l\u0101s dz\u012bves dro\u0161\u012bbas un kvalit\u0101tes situ\u0101ciju 3D simulators ar daudziem regul\u0113jamiem riskiem un k\u013c\u016bd\u0101m. Modelis ir izstr\u0101d\u0101ts k\u0101 atsevi\u0161\u0137a iek\u0101rta demonstr\u0101cij\u0101m, apm\u0101c\u012bbai un izgl\u012bt\u012bbas m\u0113r\u0137iem. Pateicoties da\u017e\u0101diem integr\u0113tiem elektriskajiem elementiem, modelis \u013cauj piln\u012bb\u0101 test\u0113t un nov\u0113rst probl\u0113mas, kas saist\u012btas ar elektroener\u0123ijas kvalit\u0101tes anal\u012bzi, k\u0101 ar\u012b zemsprieguma...","og_url":"https:\/\/www.axiomams.eu\/lv\/produktas\/metrel-mi-3399-elektrodrosibas-un-kvalitates-lietojumprogrammu-treneris","og_site_name":"AXIOMA MS","article_publisher":"https:\/\/www.facebook.com\/AxiomaMS","article_modified_time":"2026-03-25T15:01:05+00:00","og_image":[{"width":1200,"height":900,"url":"https:\/\/www.axiomams.eu\/wp-content\/uploads\/2025\/07\/2522-3248.png","type":"image\/png"}],"twitter_card":"summary_large_image","twitter_misc":{"Est. reading time":"1 minute"},"schema":{"@context":"https:\/\/schema.org","@graph":[{"@type":"WebPage","@id":"https:\/\/www.axiomams.eu\/lv\/produktas\/metrel-mi-3399-elektrodrosibas-un-kvalitates-lietojumprogrammu-treneris","url":"https:\/\/www.axiomams.eu\/lv\/produktas\/metrel-mi-3399-elektrodrosibas-un-kvalitates-lietojumprogrammu-treneris","name":"Metrel MI 3399 Elektrodro\u0161\u012bbas un kvalit\u0101tes lietojumprogrammu treneris - AXIOMA MS","isPartOf":{"@id":"https:\/\/www.axiomams.eu\/lv#website"},"primaryImageOfPage":{"@id":"https:\/\/www.axiomams.eu\/lv\/produktas\/metrel-mi-3399-elektrodrosibas-un-kvalitates-lietojumprogrammu-treneris#primaryimage"},"image":{"@id":"https:\/\/www.axiomams.eu\/lv\/produktas\/metrel-mi-3399-elektrodrosibas-un-kvalitates-lietojumprogrammu-treneris#primaryimage"},"thumbnailUrl":"https:\/\/www.axiomams.eu\/wp-content\/uploads\/2025\/07\/2522-3248.png","datePublished":"2025-05-15T16:04:09+00:00","dateModified":"2026-03-25T15:01:05+00:00","breadcrumb":{"@id":"https:\/\/www.axiomams.eu\/lv\/produktas\/metrel-mi-3399-elektrodrosibas-un-kvalitates-lietojumprogrammu-treneris#breadcrumb"},"inLanguage":"lv-LV","potentialAction":[{"@type":"ReadAction","target":["https:\/\/www.axiomams.eu\/lv\/produktas\/metrel-mi-3399-elektrodrosibas-un-kvalitates-lietojumprogrammu-treneris"]}]},{"@type":"ImageObject","inLanguage":"lv-LV","@id":"https:\/\/www.axiomams.eu\/lv\/produktas\/metrel-mi-3399-elektrodrosibas-un-kvalitates-lietojumprogrammu-treneris#primaryimage","url":"https:\/\/www.axiomams.eu\/wp-content\/uploads\/2025\/07\/2522-3248.png","contentUrl":"https:\/\/www.axiomams.eu\/wp-content\/uploads\/2025\/07\/2522-3248.png","width":1200,"height":900},{"@type":"BreadcrumbList","@id":"https:\/\/www.axiomams.eu\/lv\/produktas\/metrel-mi-3399-elektrodrosibas-un-kvalitates-lietojumprogrammu-treneris#breadcrumb","itemListElement":[{"@type":"ListItem","position":1,"name":"Home","item":"https:\/\/www.axiomams.eu\/lv"},{"@type":"ListItem","position":2,"name":"Produkti","item":"https:\/\/www.axiomams.eu\/lv\/produkti"},{"@type":"ListItem","position":3,"name":"Metrel MI 3399 Elektrodro\u0161\u012bbas un kvalit\u0101tes lietojumprogrammu treneris"}]},{"@type":"WebSite","@id":"https:\/\/www.axiomams.eu\/lv#website","url":"https:\/\/www.axiomams.eu\/lv","name":"AXIOMA MS","description":"Terrmovizoriai ir matavimo \u012franga","publisher":{"@id":"https:\/\/www.axiomams.eu\/lv#organization"},"potentialAction":[{"@type":"SearchAction","target":{"@type":"EntryPoint","urlTemplate":"https:\/\/www.axiomams.eu\/lv?s={search_term_string}"},"query-input":{"@type":"PropertyValueSpecification","valueRequired":true,"valueName":"search_term_string"}}],"inLanguage":"lv-LV"},{"@type":"Organization","@id":"https:\/\/www.axiomams.eu\/lv#organization","name":"AXIOMA MS","url":"https:\/\/www.axiomams.eu\/lv","logo":{"@type":"ImageObject","inLanguage":"lv-LV","@id":"https:\/\/www.axiomams.eu\/lv#\/schema\/logo\/image\/","url":"https:\/\/www.axiomams.eu\/wp-content\/uploads\/2025\/06\/axioma-logo-2.png","contentUrl":"https:\/\/www.axiomams.eu\/wp-content\/uploads\/2025\/06\/axioma-logo-2.png","width":1200,"height":1200,"caption":"AXIOMA MS"},"image":{"@id":"https:\/\/www.axiomams.eu\/lv#\/schema\/logo\/image\/"},"sameAs":["https:\/\/www.facebook.com\/AxiomaMS","https:\/\/www.linkedin.com\/company\/axiomams\/"]}]}},"_links":{"self":[{"href":"https:\/\/www.axiomams.eu\/lv\/wp-json\/wp\/v2\/product\/39255","targetHints":{"allow":["GET"]}}],"collection":[{"href":"https:\/\/www.axiomams.eu\/lv\/wp-json\/wp\/v2\/product"}],"about":[{"href":"https:\/\/www.axiomams.eu\/lv\/wp-json\/wp\/v2\/types\/product"}],"replies":[{"embeddable":true,"href":"https:\/\/www.axiomams.eu\/lv\/wp-json\/wp\/v2\/comments?post=39255"}],"wp:featuredmedia":[{"embeddable":true,"href":"https:\/\/www.axiomams.eu\/lv\/wp-json\/wp\/v2\/media\/42231"}],"wp:attachment":[{"href":"https:\/\/www.axiomams.eu\/lv\/wp-json\/wp\/v2\/media?parent=39255"}],"wp:term":[{"taxonomy":"product_brand","embeddable":true,"href":"https:\/\/www.axiomams.eu\/lv\/wp-json\/wp\/v2\/product_brand?post=39255"},{"taxonomy":"product_cat","embeddable":true,"href":"https:\/\/www.axiomams.eu\/lv\/wp-json\/wp\/v2\/product_cat?post=39255"},{"taxonomy":"product_tag","embeddable":true,"href":"https:\/\/www.axiomams.eu\/lv\/wp-json\/wp\/v2\/product_tag?post=39255"}],"curies":[{"name":"wp","href":"https:\/\/api.w.org\/{rel}","templated":true}]}}