{"id":39259,"date":"2025-05-15T18:04:14","date_gmt":"2025-05-15T16:04:14","guid":{"rendered":"https:\/\/www.axiomams.eu\/produktas\/blowerdoor-minifan-gaisa-hermetiskuma-merisanas-sistema"},"modified":"2026-03-25T17:01:08","modified_gmt":"2026-03-25T15:01:08","slug":"blowerdoor-minifan-gaisa-hermetiskuma-merisanas-sistema","status":"publish","type":"product","link":"https:\/\/www.axiomams.eu\/lv\/produktas\/blowerdoor-minifan-gaisa-hermetiskuma-merisanas-sistema","title":{"rendered":"BlowerDoor MiniFan gaisa herm\u0113tiskuma m\u0113r\u012b\u0161anas sist\u0113ma"},"content":{"rendered":"<p>Ar m\u0113r\u012bjumu diapazonu no 5 l\u012bdz 2300 m\u00b3\/h m\u016bsu kompakt\u0101 BlowerDoor MiniFan sist\u0113ma ir ide\u0101li piem\u0113rota izmanto\u0161anai individu\u0101los dz\u012bvok\u013cos vai \u013coti herm\u0113tisk\u0101s vai maz\u0101k\u0101s \u0113k\u0101s. Lai p\u0101rbaud\u012btu ventil\u0101cijas sist\u0113mu veiktsp\u0113ju, vienk\u0101r\u0161i apvienojiet to ar Minneapolis FlowBlaster un Micro Leakage Meter.<\/p>\n<p>Standarta komplekts: BlowerDoor ventilators, pl\u016bsmas gredzeni 1-4 un elast\u012bga savienojuma l\u012bste, digit\u0101lais manometrs DG-1000 ar transport\u0113\u0161anas somu, piederumu soma, kur\u0101 ietilpst ventilatora p\u0101rsegs, BlowerDoor panelis (standarta izm\u0113rs), ventilatora \u0101truma regulators (220-240 V), tostarp m\u0113rier\u012bces plate, uzzi\u0146u rokasgr\u0101mata, programmat\u016bra TECTITE Express 5.1, cauru\u013cu komplekts, tostarp T-veida savienojums, kapil\u0101r\u0101 caurule, kalibr\u0113\u0161anas sertifik\u0101ts DG-1000 un BlowerDoor ventilatoram \/ BlowerDoor mont\u0101\u017eas r\u0101mim (standarta izm\u0113rs), tostarp transport\u0113\u0161anas soma.<\/p>\n<h3>Tehnisk\u0101 inform\u0101cija:<\/h3>\n<ul>\n<li><a href=\"https:\/\/axiomams.eu\/importer\/export\/attachments\/en\/blowerdoor-minifan.pdf\" target=\"_blank\">BlowerDoor MiniFan.pdf<\/a><\/li>\n<li><a href=\"https:\/\/axiomams.eu\/importer\/export\/attachments\/en\/blowerdoor-dg-1000.pdf\" target=\"_blank\">BlowerDoor DG-1000.pdf<\/a><\/li>\n<\/ul>\n","protected":false},"excerpt":{"rendered":"<p>Ar m\u0113r\u012bjumu diapazonu no 5 l\u012bdz 2300 m\u00b3\/h m\u016bsu kompakt\u0101 BlowerDoor MiniFan sist\u0113ma ir ide\u0101li piem\u0113rota izmanto\u0161anai individu\u0101los dz\u012bvok\u013cos vai \u013coti herm\u0113tisk\u0101s vai maz\u0101k\u0101s \u0113k\u0101s. Lai p\u0101rbaud\u012btu ventil\u0101cijas sist\u0113mu veiktsp\u0113ju, vienk\u0101r\u0161i apvienojiet to ar Minneapolis FlowBlaster un Micro Leakage Meter. Standarta komplekts: BlowerDoor ventilators, pl\u016bsmas gredzeni 1-4 un elast\u012bga savienojuma l\u012bste, digit\u0101lais manometrs DG-1000 ar&#8230;<\/p>\n","protected":false},"featured_media":42237,"comment_status":"open","ping_status":"closed","template":"","meta":{"_acf_changed":false},"product_brand":[2311],"product_cat":[17738],"product_tag":[],"class_list":{"0":"post-39259","1":"product","2":"type-product","3":"status-publish","4":"has-post-thumbnail","6":"product_brand-blowerdoor","7":"product_cat-nopludes-parbaudei","9":"first","10":"instock","11":"taxable","12":"shipping-taxable","13":"purchasable","14":"product-type-simple"},"acf":[],"yoast_head":"<!-- This site is optimized with the Yoast SEO plugin v27.0 - https:\/\/yoast.com\/product\/yoast-seo-wordpress\/ -->\n<title>BlowerDoor MiniFan gaisa herm\u0113tiskuma m\u0113r\u012b\u0161anas sist\u0113ma - AXIOMA MS<\/title>\n<meta name=\"robots\" content=\"index, follow, max-snippet:-1, max-image-preview:large, max-video-preview:-1\" \/>\n<link rel=\"canonical\" href=\"https:\/\/www.axiomams.eu\/lv\/produktas\/blowerdoor-minifan-gaisa-hermetiskuma-merisanas-sistema\" \/>\n<meta property=\"og:locale\" content=\"lv_LV\" \/>\n<meta property=\"og:type\" content=\"article\" \/>\n<meta property=\"og:title\" content=\"BlowerDoor MiniFan gaisa herm\u0113tiskuma m\u0113r\u012b\u0161anas sist\u0113ma - AXIOMA MS\" \/>\n<meta property=\"og:description\" content=\"Ar m\u0113r\u012bjumu diapazonu no 5 l\u012bdz 2300 m\u00b3\/h m\u016bsu kompakt\u0101 BlowerDoor MiniFan sist\u0113ma ir ide\u0101li piem\u0113rota izmanto\u0161anai individu\u0101los dz\u012bvok\u013cos vai \u013coti herm\u0113tisk\u0101s vai maz\u0101k\u0101s \u0113k\u0101s. Lai p\u0101rbaud\u012btu ventil\u0101cijas sist\u0113mu veiktsp\u0113ju, vienk\u0101r\u0161i apvienojiet to ar Minneapolis FlowBlaster un Micro Leakage Meter. Standarta komplekts: BlowerDoor ventilators, pl\u016bsmas gredzeni 1-4 un elast\u012bga savienojuma l\u012bste, digit\u0101lais manometrs DG-1000 ar...\" \/>\n<meta property=\"og:url\" content=\"https:\/\/www.axiomams.eu\/lv\/produktas\/blowerdoor-minifan-gaisa-hermetiskuma-merisanas-sistema\" \/>\n<meta property=\"og:site_name\" content=\"AXIOMA MS\" \/>\n<meta property=\"article:publisher\" content=\"https:\/\/www.facebook.com\/AxiomaMS\" \/>\n<meta property=\"article:modified_time\" content=\"2026-03-25T15:01:08+00:00\" \/>\n<meta property=\"og:image\" content=\"https:\/\/www.axiomams.eu\/wp-content\/uploads\/2025\/07\/668-2850.jpg\" \/>\n\t<meta property=\"og:image:width\" content=\"809\" \/>\n\t<meta property=\"og:image:height\" content=\"1020\" \/>\n\t<meta property=\"og:image:type\" content=\"image\/jpeg\" \/>\n<meta name=\"twitter:card\" content=\"summary_large_image\" \/>\n<meta name=\"twitter:label1\" content=\"Est. reading time\" \/>\n\t<meta name=\"twitter:data1\" content=\"1 minute\" \/>\n<script type=\"application\/ld+json\" class=\"yoast-schema-graph\">{\"@context\":\"https:\/\/schema.org\",\"@graph\":[{\"@type\":\"WebPage\",\"@id\":\"https:\/\/www.axiomams.eu\/lv\/produktas\/blowerdoor-minifan-gaisa-hermetiskuma-merisanas-sistema\",\"url\":\"https:\/\/www.axiomams.eu\/lv\/produktas\/blowerdoor-minifan-gaisa-hermetiskuma-merisanas-sistema\",\"name\":\"BlowerDoor MiniFan gaisa herm\u0113tiskuma m\u0113r\u012b\u0161anas sist\u0113ma - AXIOMA MS\",\"isPartOf\":{\"@id\":\"https:\/\/www.axiomams.eu\/lv#website\"},\"primaryImageOfPage\":{\"@id\":\"https:\/\/www.axiomams.eu\/lv\/produktas\/blowerdoor-minifan-gaisa-hermetiskuma-merisanas-sistema#primaryimage\"},\"image\":{\"@id\":\"https:\/\/www.axiomams.eu\/lv\/produktas\/blowerdoor-minifan-gaisa-hermetiskuma-merisanas-sistema#primaryimage\"},\"thumbnailUrl\":\"https:\/\/www.axiomams.eu\/wp-content\/uploads\/2025\/07\/668-2850.jpg\",\"datePublished\":\"2025-05-15T16:04:14+00:00\",\"dateModified\":\"2026-03-25T15:01:08+00:00\",\"breadcrumb\":{\"@id\":\"https:\/\/www.axiomams.eu\/lv\/produktas\/blowerdoor-minifan-gaisa-hermetiskuma-merisanas-sistema#breadcrumb\"},\"inLanguage\":\"lv-LV\",\"potentialAction\":[{\"@type\":\"ReadAction\",\"target\":[\"https:\/\/www.axiomams.eu\/lv\/produktas\/blowerdoor-minifan-gaisa-hermetiskuma-merisanas-sistema\"]}]},{\"@type\":\"ImageObject\",\"inLanguage\":\"lv-LV\",\"@id\":\"https:\/\/www.axiomams.eu\/lv\/produktas\/blowerdoor-minifan-gaisa-hermetiskuma-merisanas-sistema#primaryimage\",\"url\":\"https:\/\/www.axiomams.eu\/wp-content\/uploads\/2025\/07\/668-2850.jpg\",\"contentUrl\":\"https:\/\/www.axiomams.eu\/wp-content\/uploads\/2025\/07\/668-2850.jpg\",\"width\":809,\"height\":1020},{\"@type\":\"BreadcrumbList\",\"@id\":\"https:\/\/www.axiomams.eu\/lv\/produktas\/blowerdoor-minifan-gaisa-hermetiskuma-merisanas-sistema#breadcrumb\",\"itemListElement\":[{\"@type\":\"ListItem\",\"position\":1,\"name\":\"Home\",\"item\":\"https:\/\/www.axiomams.eu\/lv\"},{\"@type\":\"ListItem\",\"position\":2,\"name\":\"Produkti\",\"item\":\"https:\/\/www.axiomams.eu\/lv\/produkti\"},{\"@type\":\"ListItem\",\"position\":3,\"name\":\"BlowerDoor MiniFan gaisa herm\u0113tiskuma m\u0113r\u012b\u0161anas sist\u0113ma\"}]},{\"@type\":\"WebSite\",\"@id\":\"https:\/\/www.axiomams.eu\/lv#website\",\"url\":\"https:\/\/www.axiomams.eu\/lv\",\"name\":\"AXIOMA MS\",\"description\":\"Terrmovizoriai ir matavimo \u012franga\",\"publisher\":{\"@id\":\"https:\/\/www.axiomams.eu\/lv#organization\"},\"potentialAction\":[{\"@type\":\"SearchAction\",\"target\":{\"@type\":\"EntryPoint\",\"urlTemplate\":\"https:\/\/www.axiomams.eu\/lv?s={search_term_string}\"},\"query-input\":{\"@type\":\"PropertyValueSpecification\",\"valueRequired\":true,\"valueName\":\"search_term_string\"}}],\"inLanguage\":\"lv-LV\"},{\"@type\":\"Organization\",\"@id\":\"https:\/\/www.axiomams.eu\/lv#organization\",\"name\":\"AXIOMA MS\",\"url\":\"https:\/\/www.axiomams.eu\/lv\",\"logo\":{\"@type\":\"ImageObject\",\"inLanguage\":\"lv-LV\",\"@id\":\"https:\/\/www.axiomams.eu\/lv#\/schema\/logo\/image\/\",\"url\":\"https:\/\/www.axiomams.eu\/wp-content\/uploads\/2025\/06\/axioma-logo-2.png\",\"contentUrl\":\"https:\/\/www.axiomams.eu\/wp-content\/uploads\/2025\/06\/axioma-logo-2.png\",\"width\":1200,\"height\":1200,\"caption\":\"AXIOMA MS\"},\"image\":{\"@id\":\"https:\/\/www.axiomams.eu\/lv#\/schema\/logo\/image\/\"},\"sameAs\":[\"https:\/\/www.facebook.com\/AxiomaMS\",\"https:\/\/www.linkedin.com\/company\/axiomams\/\"]}]}<\/script>\n<!-- \/ Yoast SEO plugin. -->","yoast_head_json":{"title":"BlowerDoor MiniFan gaisa herm\u0113tiskuma m\u0113r\u012b\u0161anas sist\u0113ma - AXIOMA MS","robots":{"index":"index","follow":"follow","max-snippet":"max-snippet:-1","max-image-preview":"max-image-preview:large","max-video-preview":"max-video-preview:-1"},"canonical":"https:\/\/www.axiomams.eu\/lv\/produktas\/blowerdoor-minifan-gaisa-hermetiskuma-merisanas-sistema","og_locale":"lv_LV","og_type":"article","og_title":"BlowerDoor MiniFan gaisa herm\u0113tiskuma m\u0113r\u012b\u0161anas sist\u0113ma - AXIOMA MS","og_description":"Ar m\u0113r\u012bjumu diapazonu no 5 l\u012bdz 2300 m\u00b3\/h m\u016bsu kompakt\u0101 BlowerDoor MiniFan sist\u0113ma ir ide\u0101li piem\u0113rota izmanto\u0161anai individu\u0101los dz\u012bvok\u013cos vai \u013coti herm\u0113tisk\u0101s vai maz\u0101k\u0101s \u0113k\u0101s. Lai p\u0101rbaud\u012btu ventil\u0101cijas sist\u0113mu veiktsp\u0113ju, vienk\u0101r\u0161i apvienojiet to ar Minneapolis FlowBlaster un Micro Leakage Meter. Standarta komplekts: BlowerDoor ventilators, pl\u016bsmas gredzeni 1-4 un elast\u012bga savienojuma l\u012bste, digit\u0101lais manometrs DG-1000 ar...","og_url":"https:\/\/www.axiomams.eu\/lv\/produktas\/blowerdoor-minifan-gaisa-hermetiskuma-merisanas-sistema","og_site_name":"AXIOMA MS","article_publisher":"https:\/\/www.facebook.com\/AxiomaMS","article_modified_time":"2026-03-25T15:01:08+00:00","og_image":[{"width":809,"height":1020,"url":"https:\/\/www.axiomams.eu\/wp-content\/uploads\/2025\/07\/668-2850.jpg","type":"image\/jpeg"}],"twitter_card":"summary_large_image","twitter_misc":{"Est. reading time":"1 minute"},"schema":{"@context":"https:\/\/schema.org","@graph":[{"@type":"WebPage","@id":"https:\/\/www.axiomams.eu\/lv\/produktas\/blowerdoor-minifan-gaisa-hermetiskuma-merisanas-sistema","url":"https:\/\/www.axiomams.eu\/lv\/produktas\/blowerdoor-minifan-gaisa-hermetiskuma-merisanas-sistema","name":"BlowerDoor MiniFan gaisa herm\u0113tiskuma m\u0113r\u012b\u0161anas sist\u0113ma - AXIOMA MS","isPartOf":{"@id":"https:\/\/www.axiomams.eu\/lv#website"},"primaryImageOfPage":{"@id":"https:\/\/www.axiomams.eu\/lv\/produktas\/blowerdoor-minifan-gaisa-hermetiskuma-merisanas-sistema#primaryimage"},"image":{"@id":"https:\/\/www.axiomams.eu\/lv\/produktas\/blowerdoor-minifan-gaisa-hermetiskuma-merisanas-sistema#primaryimage"},"thumbnailUrl":"https:\/\/www.axiomams.eu\/wp-content\/uploads\/2025\/07\/668-2850.jpg","datePublished":"2025-05-15T16:04:14+00:00","dateModified":"2026-03-25T15:01:08+00:00","breadcrumb":{"@id":"https:\/\/www.axiomams.eu\/lv\/produktas\/blowerdoor-minifan-gaisa-hermetiskuma-merisanas-sistema#breadcrumb"},"inLanguage":"lv-LV","potentialAction":[{"@type":"ReadAction","target":["https:\/\/www.axiomams.eu\/lv\/produktas\/blowerdoor-minifan-gaisa-hermetiskuma-merisanas-sistema"]}]},{"@type":"ImageObject","inLanguage":"lv-LV","@id":"https:\/\/www.axiomams.eu\/lv\/produktas\/blowerdoor-minifan-gaisa-hermetiskuma-merisanas-sistema#primaryimage","url":"https:\/\/www.axiomams.eu\/wp-content\/uploads\/2025\/07\/668-2850.jpg","contentUrl":"https:\/\/www.axiomams.eu\/wp-content\/uploads\/2025\/07\/668-2850.jpg","width":809,"height":1020},{"@type":"BreadcrumbList","@id":"https:\/\/www.axiomams.eu\/lv\/produktas\/blowerdoor-minifan-gaisa-hermetiskuma-merisanas-sistema#breadcrumb","itemListElement":[{"@type":"ListItem","position":1,"name":"Home","item":"https:\/\/www.axiomams.eu\/lv"},{"@type":"ListItem","position":2,"name":"Produkti","item":"https:\/\/www.axiomams.eu\/lv\/produkti"},{"@type":"ListItem","position":3,"name":"BlowerDoor MiniFan gaisa herm\u0113tiskuma m\u0113r\u012b\u0161anas sist\u0113ma"}]},{"@type":"WebSite","@id":"https:\/\/www.axiomams.eu\/lv#website","url":"https:\/\/www.axiomams.eu\/lv","name":"AXIOMA MS","description":"Terrmovizoriai ir matavimo \u012franga","publisher":{"@id":"https:\/\/www.axiomams.eu\/lv#organization"},"potentialAction":[{"@type":"SearchAction","target":{"@type":"EntryPoint","urlTemplate":"https:\/\/www.axiomams.eu\/lv?s={search_term_string}"},"query-input":{"@type":"PropertyValueSpecification","valueRequired":true,"valueName":"search_term_string"}}],"inLanguage":"lv-LV"},{"@type":"Organization","@id":"https:\/\/www.axiomams.eu\/lv#organization","name":"AXIOMA MS","url":"https:\/\/www.axiomams.eu\/lv","logo":{"@type":"ImageObject","inLanguage":"lv-LV","@id":"https:\/\/www.axiomams.eu\/lv#\/schema\/logo\/image\/","url":"https:\/\/www.axiomams.eu\/wp-content\/uploads\/2025\/06\/axioma-logo-2.png","contentUrl":"https:\/\/www.axiomams.eu\/wp-content\/uploads\/2025\/06\/axioma-logo-2.png","width":1200,"height":1200,"caption":"AXIOMA MS"},"image":{"@id":"https:\/\/www.axiomams.eu\/lv#\/schema\/logo\/image\/"},"sameAs":["https:\/\/www.facebook.com\/AxiomaMS","https:\/\/www.linkedin.com\/company\/axiomams\/"]}]}},"_links":{"self":[{"href":"https:\/\/www.axiomams.eu\/lv\/wp-json\/wp\/v2\/product\/39259","targetHints":{"allow":["GET"]}}],"collection":[{"href":"https:\/\/www.axiomams.eu\/lv\/wp-json\/wp\/v2\/product"}],"about":[{"href":"https:\/\/www.axiomams.eu\/lv\/wp-json\/wp\/v2\/types\/product"}],"replies":[{"embeddable":true,"href":"https:\/\/www.axiomams.eu\/lv\/wp-json\/wp\/v2\/comments?post=39259"}],"wp:featuredmedia":[{"embeddable":true,"href":"https:\/\/www.axiomams.eu\/lv\/wp-json\/wp\/v2\/media\/42237"}],"wp:attachment":[{"href":"https:\/\/www.axiomams.eu\/lv\/wp-json\/wp\/v2\/media?parent=39259"}],"wp:term":[{"taxonomy":"product_brand","embeddable":true,"href":"https:\/\/www.axiomams.eu\/lv\/wp-json\/wp\/v2\/product_brand?post=39259"},{"taxonomy":"product_cat","embeddable":true,"href":"https:\/\/www.axiomams.eu\/lv\/wp-json\/wp\/v2\/product_cat?post=39259"},{"taxonomy":"product_tag","embeddable":true,"href":"https:\/\/www.axiomams.eu\/lv\/wp-json\/wp\/v2\/product_tag?post=39259"}],"curies":[{"name":"wp","href":"https:\/\/api.w.org\/{rel}","templated":true}]}}