{"id":39261,"date":"2025-05-15T18:04:42","date_gmt":"2025-05-15T16:04:42","guid":{"rendered":"https:\/\/www.axiomams.eu\/produktas\/parnesajamais-gazu-hromatografs"},"modified":"2026-03-25T17:01:08","modified_gmt":"2026-03-25T15:01:08","slug":"parnesajamais-gazu-hromatografs","status":"publish","type":"product","link":"https:\/\/www.axiomams.eu\/lv\/produktas\/parnesajamais-gazu-hromatografs","title":{"rendered":"P\u0101rn\u0113s\u0101jamais g\u0101zu hromatogr\u0101fs"},"content":{"rendered":"<p>Energy Support Mobile GC ir p\u0101rn\u0113s\u0101jams g\u0101zu hromatogr\u0101fs. Viens no svar\u012bg\u0101kajiem transformatoru e\u013c\u013cas testiem ir iz\u0161\u0137\u012bdu\u0161\u0101s g\u0101zes tests. Paraugi vairs nav j\u0101ved uz laboratorij\u0101m &#8211; vienk\u0101r\u0161i ielieciet paraugu un nospiediet testa pogu. Ar Mobile GC var izm\u0113r\u012bt l\u012bdz 11 da\u017e\u0101d\u0101m g\u0101z\u0113m. Instruments piln\u012bb\u0101 atbilst ASTM D3612 un IEC 60567 standartiem.<\/p>\n<p>Vair\u0101k par instrumentu:<br \/>\nDetekt\u0113jam\u0101s g\u0101zes un precizit\u0101te: \u016bde\u0146radis (1 ppm), oglek\u013ca monoks\u012bds (0,2 ppm), oglek\u013ca dioks\u012bds (0,2 ppm), met\u0101ns (0,1 ppm), acetil\u0113ns (0,1 ppm), etil\u0113ns (0,1 ppm), et\u0101ns (0,1 ppm), prop\u0113ns (0,5 ppm), prop\u0101ns (0,5 ppm), sk\u0101beklis (30 ppm) un sl\u0101peklis (30 ppm);<br \/>\nM\u0113r\u012b\u0161anas tehnolo\u0123ija: piln\u012bga g\u0101zu hromatogr\u0101fisk\u0101 anal\u012bze;<br \/>\nM\u0113r\u012b\u0161anas diapazons: 0,1 &#8230; 100 000 ppm;<br \/>\nM\u0113r\u012bjumu iz\u0161\u0137irtsp\u0113ja: 0,1 ppm;<br \/>\nParaugu \u0146em\u0161ana: Nepiecie\u0161ams 10 ml e\u013c\u013cas;<br \/>\nG\u0101zes pras\u012bbas: 99,999 % t\u012br\u012bbas argona g\u0101ze, 99,999 % t\u012br\u012bbas \u016bde\u0146radis;<br \/>\nAizsardz\u012bba pret iek\u013c\u016b\u0161anu: IP 67;<br \/>\nDarba temperat\u016bra: 0 &#8230; +50 \u00b0C;<br \/>\nIzm\u0113ri: 460 x 500 x 310 mm;<br \/>\nSvars: 19 kg.<\/p>\n<h3>Tehnisk\u0101 inform\u0101cija:<\/h3>\n<ul>\n<li><a href=\"https:\/\/axiomams.eu\/importer\/export\/attachments\/en\/mobile-gc_datasheet.pdf\" target=\"_blank\">Mobile-GC_datasheet.pdf<\/a><\/li>\n<\/ul>\n","protected":false},"excerpt":{"rendered":"<p>Energy Support Mobile GC ir p\u0101rn\u0113s\u0101jams g\u0101zu hromatogr\u0101fs. Viens no svar\u012bg\u0101kajiem transformatoru e\u013c\u013cas testiem ir iz\u0161\u0137\u012bdu\u0161\u0101s g\u0101zes tests. Paraugi vairs nav j\u0101ved uz laboratorij\u0101m &#8211; vienk\u0101r\u0161i ielieciet paraugu un nospiediet testa pogu. Ar Mobile GC var izm\u0113r\u012bt l\u012bdz 11 da\u017e\u0101d\u0101m g\u0101z\u0113m. Instruments piln\u012bb\u0101 atbilst ASTM D3612 un IEC 60567 standartiem. Vair\u0101k par instrumentu: Detekt\u0113jam\u0101s g\u0101zes&#8230;<\/p>\n","protected":false},"featured_media":42241,"comment_status":"open","ping_status":"closed","template":"","meta":{"_acf_changed":false},"product_brand":[],"product_cat":[17713],"product_tag":[],"class_list":{"0":"post-39261","1":"product","2":"type-product","3":"status-publish","4":"has-post-thumbnail","6":"product_cat-elektroiekartu-testesanai-un-parbaudei","8":"first","9":"instock","10":"taxable","11":"shipping-taxable","12":"product-type-simple"},"acf":[],"yoast_head":"<!-- This site is optimized with the Yoast SEO plugin v27.0 - https:\/\/yoast.com\/product\/yoast-seo-wordpress\/ -->\n<title>P\u0101rn\u0113s\u0101jamais g\u0101zu hromatogr\u0101fs - AXIOMA MS<\/title>\n<meta name=\"robots\" content=\"index, follow, max-snippet:-1, max-image-preview:large, max-video-preview:-1\" \/>\n<link rel=\"canonical\" href=\"https:\/\/www.axiomams.eu\/lv\/produktas\/parnesajamais-gazu-hromatografs\" \/>\n<meta property=\"og:locale\" content=\"lv_LV\" \/>\n<meta property=\"og:type\" content=\"article\" \/>\n<meta property=\"og:title\" content=\"P\u0101rn\u0113s\u0101jamais g\u0101zu hromatogr\u0101fs - AXIOMA MS\" \/>\n<meta property=\"og:description\" content=\"Energy Support Mobile GC ir p\u0101rn\u0113s\u0101jams g\u0101zu hromatogr\u0101fs. Viens no svar\u012bg\u0101kajiem transformatoru e\u013c\u013cas testiem ir iz\u0161\u0137\u012bdu\u0161\u0101s g\u0101zes tests. Paraugi vairs nav j\u0101ved uz laboratorij\u0101m &#8211; vienk\u0101r\u0161i ielieciet paraugu un nospiediet testa pogu. Ar Mobile GC var izm\u0113r\u012bt l\u012bdz 11 da\u017e\u0101d\u0101m g\u0101z\u0113m. Instruments piln\u012bb\u0101 atbilst ASTM D3612 un IEC 60567 standartiem. Vair\u0101k par instrumentu: Detekt\u0113jam\u0101s g\u0101zes...\" \/>\n<meta property=\"og:url\" content=\"https:\/\/www.axiomams.eu\/lv\/produktas\/parnesajamais-gazu-hromatografs\" \/>\n<meta property=\"og:site_name\" content=\"AXIOMA MS\" \/>\n<meta property=\"article:publisher\" content=\"https:\/\/www.facebook.com\/AxiomaMS\" \/>\n<meta property=\"article:modified_time\" content=\"2026-03-25T15:01:08+00:00\" \/>\n<meta property=\"og:image\" content=\"https:\/\/www.axiomams.eu\/wp-content\/uploads\/2025\/07\/1842-2386.jpg\" \/>\n\t<meta property=\"og:image:width\" content=\"235\" \/>\n\t<meta property=\"og:image:height\" content=\"300\" \/>\n\t<meta property=\"og:image:type\" content=\"image\/jpeg\" \/>\n<meta name=\"twitter:card\" content=\"summary_large_image\" \/>\n<meta name=\"twitter:label1\" content=\"Est. reading time\" \/>\n\t<meta name=\"twitter:data1\" content=\"1 minute\" \/>\n<script type=\"application\/ld+json\" class=\"yoast-schema-graph\">{\"@context\":\"https:\/\/schema.org\",\"@graph\":[{\"@type\":\"WebPage\",\"@id\":\"https:\/\/www.axiomams.eu\/lv\/produktas\/parnesajamais-gazu-hromatografs\",\"url\":\"https:\/\/www.axiomams.eu\/lv\/produktas\/parnesajamais-gazu-hromatografs\",\"name\":\"P\u0101rn\u0113s\u0101jamais g\u0101zu hromatogr\u0101fs - AXIOMA MS\",\"isPartOf\":{\"@id\":\"https:\/\/www.axiomams.eu\/lv#website\"},\"primaryImageOfPage\":{\"@id\":\"https:\/\/www.axiomams.eu\/lv\/produktas\/parnesajamais-gazu-hromatografs#primaryimage\"},\"image\":{\"@id\":\"https:\/\/www.axiomams.eu\/lv\/produktas\/parnesajamais-gazu-hromatografs#primaryimage\"},\"thumbnailUrl\":\"https:\/\/www.axiomams.eu\/wp-content\/uploads\/2025\/07\/1842-2386.jpg\",\"datePublished\":\"2025-05-15T16:04:42+00:00\",\"dateModified\":\"2026-03-25T15:01:08+00:00\",\"breadcrumb\":{\"@id\":\"https:\/\/www.axiomams.eu\/lv\/produktas\/parnesajamais-gazu-hromatografs#breadcrumb\"},\"inLanguage\":\"lv-LV\",\"potentialAction\":[{\"@type\":\"ReadAction\",\"target\":[\"https:\/\/www.axiomams.eu\/lv\/produktas\/parnesajamais-gazu-hromatografs\"]}]},{\"@type\":\"ImageObject\",\"inLanguage\":\"lv-LV\",\"@id\":\"https:\/\/www.axiomams.eu\/lv\/produktas\/parnesajamais-gazu-hromatografs#primaryimage\",\"url\":\"https:\/\/www.axiomams.eu\/wp-content\/uploads\/2025\/07\/1842-2386.jpg\",\"contentUrl\":\"https:\/\/www.axiomams.eu\/wp-content\/uploads\/2025\/07\/1842-2386.jpg\",\"width\":235,\"height\":300},{\"@type\":\"BreadcrumbList\",\"@id\":\"https:\/\/www.axiomams.eu\/lv\/produktas\/parnesajamais-gazu-hromatografs#breadcrumb\",\"itemListElement\":[{\"@type\":\"ListItem\",\"position\":1,\"name\":\"Home\",\"item\":\"https:\/\/www.axiomams.eu\/lv\"},{\"@type\":\"ListItem\",\"position\":2,\"name\":\"Produkti\",\"item\":\"https:\/\/www.axiomams.eu\/lv\/produkti\"},{\"@type\":\"ListItem\",\"position\":3,\"name\":\"P\u0101rn\u0113s\u0101jamais g\u0101zu hromatogr\u0101fs\"}]},{\"@type\":\"WebSite\",\"@id\":\"https:\/\/www.axiomams.eu\/lv#website\",\"url\":\"https:\/\/www.axiomams.eu\/lv\",\"name\":\"AXIOMA MS\",\"description\":\"Terrmovizoriai ir matavimo \u012franga\",\"publisher\":{\"@id\":\"https:\/\/www.axiomams.eu\/lv#organization\"},\"potentialAction\":[{\"@type\":\"SearchAction\",\"target\":{\"@type\":\"EntryPoint\",\"urlTemplate\":\"https:\/\/www.axiomams.eu\/lv?s={search_term_string}\"},\"query-input\":{\"@type\":\"PropertyValueSpecification\",\"valueRequired\":true,\"valueName\":\"search_term_string\"}}],\"inLanguage\":\"lv-LV\"},{\"@type\":\"Organization\",\"@id\":\"https:\/\/www.axiomams.eu\/lv#organization\",\"name\":\"AXIOMA MS\",\"url\":\"https:\/\/www.axiomams.eu\/lv\",\"logo\":{\"@type\":\"ImageObject\",\"inLanguage\":\"lv-LV\",\"@id\":\"https:\/\/www.axiomams.eu\/lv#\/schema\/logo\/image\/\",\"url\":\"https:\/\/www.axiomams.eu\/wp-content\/uploads\/2025\/06\/axioma-logo-2.png\",\"contentUrl\":\"https:\/\/www.axiomams.eu\/wp-content\/uploads\/2025\/06\/axioma-logo-2.png\",\"width\":1200,\"height\":1200,\"caption\":\"AXIOMA MS\"},\"image\":{\"@id\":\"https:\/\/www.axiomams.eu\/lv#\/schema\/logo\/image\/\"},\"sameAs\":[\"https:\/\/www.facebook.com\/AxiomaMS\",\"https:\/\/www.linkedin.com\/company\/axiomams\/\"]}]}<\/script>\n<!-- \/ Yoast SEO plugin. -->","yoast_head_json":{"title":"P\u0101rn\u0113s\u0101jamais g\u0101zu hromatogr\u0101fs - AXIOMA MS","robots":{"index":"index","follow":"follow","max-snippet":"max-snippet:-1","max-image-preview":"max-image-preview:large","max-video-preview":"max-video-preview:-1"},"canonical":"https:\/\/www.axiomams.eu\/lv\/produktas\/parnesajamais-gazu-hromatografs","og_locale":"lv_LV","og_type":"article","og_title":"P\u0101rn\u0113s\u0101jamais g\u0101zu hromatogr\u0101fs - AXIOMA MS","og_description":"Energy Support Mobile GC ir p\u0101rn\u0113s\u0101jams g\u0101zu hromatogr\u0101fs. Viens no svar\u012bg\u0101kajiem transformatoru e\u013c\u013cas testiem ir iz\u0161\u0137\u012bdu\u0161\u0101s g\u0101zes tests. Paraugi vairs nav j\u0101ved uz laboratorij\u0101m &#8211; vienk\u0101r\u0161i ielieciet paraugu un nospiediet testa pogu. Ar Mobile GC var izm\u0113r\u012bt l\u012bdz 11 da\u017e\u0101d\u0101m g\u0101z\u0113m. Instruments piln\u012bb\u0101 atbilst ASTM D3612 un IEC 60567 standartiem. Vair\u0101k par instrumentu: Detekt\u0113jam\u0101s g\u0101zes...","og_url":"https:\/\/www.axiomams.eu\/lv\/produktas\/parnesajamais-gazu-hromatografs","og_site_name":"AXIOMA MS","article_publisher":"https:\/\/www.facebook.com\/AxiomaMS","article_modified_time":"2026-03-25T15:01:08+00:00","og_image":[{"width":235,"height":300,"url":"https:\/\/www.axiomams.eu\/wp-content\/uploads\/2025\/07\/1842-2386.jpg","type":"image\/jpeg"}],"twitter_card":"summary_large_image","twitter_misc":{"Est. reading time":"1 minute"},"schema":{"@context":"https:\/\/schema.org","@graph":[{"@type":"WebPage","@id":"https:\/\/www.axiomams.eu\/lv\/produktas\/parnesajamais-gazu-hromatografs","url":"https:\/\/www.axiomams.eu\/lv\/produktas\/parnesajamais-gazu-hromatografs","name":"P\u0101rn\u0113s\u0101jamais g\u0101zu hromatogr\u0101fs - AXIOMA MS","isPartOf":{"@id":"https:\/\/www.axiomams.eu\/lv#website"},"primaryImageOfPage":{"@id":"https:\/\/www.axiomams.eu\/lv\/produktas\/parnesajamais-gazu-hromatografs#primaryimage"},"image":{"@id":"https:\/\/www.axiomams.eu\/lv\/produktas\/parnesajamais-gazu-hromatografs#primaryimage"},"thumbnailUrl":"https:\/\/www.axiomams.eu\/wp-content\/uploads\/2025\/07\/1842-2386.jpg","datePublished":"2025-05-15T16:04:42+00:00","dateModified":"2026-03-25T15:01:08+00:00","breadcrumb":{"@id":"https:\/\/www.axiomams.eu\/lv\/produktas\/parnesajamais-gazu-hromatografs#breadcrumb"},"inLanguage":"lv-LV","potentialAction":[{"@type":"ReadAction","target":["https:\/\/www.axiomams.eu\/lv\/produktas\/parnesajamais-gazu-hromatografs"]}]},{"@type":"ImageObject","inLanguage":"lv-LV","@id":"https:\/\/www.axiomams.eu\/lv\/produktas\/parnesajamais-gazu-hromatografs#primaryimage","url":"https:\/\/www.axiomams.eu\/wp-content\/uploads\/2025\/07\/1842-2386.jpg","contentUrl":"https:\/\/www.axiomams.eu\/wp-content\/uploads\/2025\/07\/1842-2386.jpg","width":235,"height":300},{"@type":"BreadcrumbList","@id":"https:\/\/www.axiomams.eu\/lv\/produktas\/parnesajamais-gazu-hromatografs#breadcrumb","itemListElement":[{"@type":"ListItem","position":1,"name":"Home","item":"https:\/\/www.axiomams.eu\/lv"},{"@type":"ListItem","position":2,"name":"Produkti","item":"https:\/\/www.axiomams.eu\/lv\/produkti"},{"@type":"ListItem","position":3,"name":"P\u0101rn\u0113s\u0101jamais g\u0101zu hromatogr\u0101fs"}]},{"@type":"WebSite","@id":"https:\/\/www.axiomams.eu\/lv#website","url":"https:\/\/www.axiomams.eu\/lv","name":"AXIOMA MS","description":"Terrmovizoriai ir matavimo \u012franga","publisher":{"@id":"https:\/\/www.axiomams.eu\/lv#organization"},"potentialAction":[{"@type":"SearchAction","target":{"@type":"EntryPoint","urlTemplate":"https:\/\/www.axiomams.eu\/lv?s={search_term_string}"},"query-input":{"@type":"PropertyValueSpecification","valueRequired":true,"valueName":"search_term_string"}}],"inLanguage":"lv-LV"},{"@type":"Organization","@id":"https:\/\/www.axiomams.eu\/lv#organization","name":"AXIOMA MS","url":"https:\/\/www.axiomams.eu\/lv","logo":{"@type":"ImageObject","inLanguage":"lv-LV","@id":"https:\/\/www.axiomams.eu\/lv#\/schema\/logo\/image\/","url":"https:\/\/www.axiomams.eu\/wp-content\/uploads\/2025\/06\/axioma-logo-2.png","contentUrl":"https:\/\/www.axiomams.eu\/wp-content\/uploads\/2025\/06\/axioma-logo-2.png","width":1200,"height":1200,"caption":"AXIOMA MS"},"image":{"@id":"https:\/\/www.axiomams.eu\/lv#\/schema\/logo\/image\/"},"sameAs":["https:\/\/www.facebook.com\/AxiomaMS","https:\/\/www.linkedin.com\/company\/axiomams\/"]}]}},"_links":{"self":[{"href":"https:\/\/www.axiomams.eu\/lv\/wp-json\/wp\/v2\/product\/39261","targetHints":{"allow":["GET"]}}],"collection":[{"href":"https:\/\/www.axiomams.eu\/lv\/wp-json\/wp\/v2\/product"}],"about":[{"href":"https:\/\/www.axiomams.eu\/lv\/wp-json\/wp\/v2\/types\/product"}],"replies":[{"embeddable":true,"href":"https:\/\/www.axiomams.eu\/lv\/wp-json\/wp\/v2\/comments?post=39261"}],"wp:featuredmedia":[{"embeddable":true,"href":"https:\/\/www.axiomams.eu\/lv\/wp-json\/wp\/v2\/media\/42241"}],"wp:attachment":[{"href":"https:\/\/www.axiomams.eu\/lv\/wp-json\/wp\/v2\/media?parent=39261"}],"wp:term":[{"taxonomy":"product_brand","embeddable":true,"href":"https:\/\/www.axiomams.eu\/lv\/wp-json\/wp\/v2\/product_brand?post=39261"},{"taxonomy":"product_cat","embeddable":true,"href":"https:\/\/www.axiomams.eu\/lv\/wp-json\/wp\/v2\/product_cat?post=39261"},{"taxonomy":"product_tag","embeddable":true,"href":"https:\/\/www.axiomams.eu\/lv\/wp-json\/wp\/v2\/product_tag?post=39261"}],"curies":[{"name":"wp","href":"https:\/\/api.w.org\/{rel}","templated":true}]}}