{"id":39268,"date":"2025-05-15T18:04:21","date_gmt":"2025-05-15T16:04:21","guid":{"rendered":"https:\/\/www.axiomams.eu\/produktas\/flir-mr176-mitruma-meritajs"},"modified":"2026-03-25T17:01:11","modified_gmt":"2026-03-25T15:01:11","slug":"flir-mr176-mitruma-meritajs","status":"publish","type":"product","link":"https:\/\/www.axiomams.eu\/lv\/produktas\/flir-mr176-mitruma-meritajs","title":{"rendered":"Flir MR176 mitruma m\u0113r\u012bt\u0101js"},"content":{"rendered":"<p>FLIR MR176 att\u0113lveido\u0161anas mitruma m\u0113r\u012bt\u0101js Plus ar IGM\u2122 ir univers\u0101ls instruments, kas apr\u012bkots ar ieb\u016bv\u0113tu termokameru, kas var prec\u012bzi par\u0101d\u012bt, kur tie\u0161i m\u0113r\u012bt mitrumu. Pateicoties infrasarkano staru vad\u012btas m\u0113r\u012b\u0161anas (IGM) tehnolo\u0123ijai, MR176 pal\u012bdz \u0101tri sken\u0113t un noteikt mitruma probl\u0113mas, vizu\u0101li nor\u0101dot uz vietu, kur dro\u0161i veikt m\u0113r\u012bjumus un analiz\u0113t r\u0101d\u012bjumus. Ieb\u016bv\u0113tais sensors bez tapas un \u0101r\u0113j\u0101 tapas zonde nodro\u0161ina elast\u012bbu, lai veiktu neintruz\u012bvus vai invaz\u012bvus m\u0113r\u012bjumus.<\/p>\n<p>Standarta komplekts: FLIR MR 176, MR01 nomain\u0101ms temperat\u016bras un relat\u012bv\u0101 mitruma sensors, MR02 standarta tapu zonde, \u0101tras lieto\u0161anas rokasgr\u0101mata, starptautisks USB l\u0101d\u0113t\u0101js, USB kabelis.<\/p>\n<h3>Tehnisk\u0101 inform\u0101cija:<\/h3>\n<ul>\n<li><a href=\"https:\/\/axiomams.eu\/importer\/export\/attachments\/en\/flir-mr176.pdf\" target=\"_blank\">FLIR MR176.pdf<\/a><\/li>\n<\/ul>\n","protected":false},"excerpt":{"rendered":"<p>FLIR MR176 att\u0113lveido\u0161anas mitruma m\u0113r\u012bt\u0101js Plus ar IGM\u2122 ir univers\u0101ls instruments, kas apr\u012bkots ar ieb\u016bv\u0113tu termokameru, kas var prec\u012bzi par\u0101d\u012bt, kur tie\u0161i m\u0113r\u012bt mitrumu. Pateicoties infrasarkano staru vad\u012btas m\u0113r\u012b\u0161anas (IGM) tehnolo\u0123ijai, MR176 pal\u012bdz \u0101tri sken\u0113t un noteikt mitruma probl\u0113mas, vizu\u0101li nor\u0101dot uz vietu, kur dro\u0161i veikt m\u0113r\u012bjumus un analiz\u0113t r\u0101d\u012bjumus. Ieb\u016bv\u0113tais sensors bez tapas un&#8230;<\/p>\n","protected":false},"featured_media":42255,"comment_status":"open","ping_status":"closed","template":"","meta":{"_acf_changed":false},"product_brand":[734],"product_cat":[17721],"product_tag":[],"class_list":{"0":"post-39268","1":"product","2":"type-product","3":"status-publish","4":"has-post-thumbnail","6":"product_brand-flir","7":"product_cat-temperaturas-mitruma-spiediena-merijumiem","9":"first","10":"instock","11":"taxable","12":"shipping-taxable","13":"purchasable","14":"product-type-simple"},"acf":[],"yoast_head":"<!-- This site is optimized with the Yoast SEO plugin v27.0 - https:\/\/yoast.com\/product\/yoast-seo-wordpress\/ -->\n<title>Flir MR176 mitruma m\u0113r\u012bt\u0101js - AXIOMA MS<\/title>\n<meta name=\"robots\" content=\"index, follow, max-snippet:-1, max-image-preview:large, max-video-preview:-1\" \/>\n<link rel=\"canonical\" href=\"https:\/\/www.axiomams.eu\/lv\/produktas\/flir-mr176-mitruma-meritajs\" \/>\n<meta property=\"og:locale\" content=\"lv_LV\" \/>\n<meta property=\"og:type\" content=\"article\" \/>\n<meta property=\"og:title\" content=\"Flir MR176 mitruma m\u0113r\u012bt\u0101js - AXIOMA MS\" \/>\n<meta property=\"og:description\" content=\"FLIR MR176 att\u0113lveido\u0161anas mitruma m\u0113r\u012bt\u0101js Plus ar IGM\u2122 ir univers\u0101ls instruments, kas apr\u012bkots ar ieb\u016bv\u0113tu termokameru, kas var prec\u012bzi par\u0101d\u012bt, kur tie\u0161i m\u0113r\u012bt mitrumu. Pateicoties infrasarkano staru vad\u012btas m\u0113r\u012b\u0161anas (IGM) tehnolo\u0123ijai, MR176 pal\u012bdz \u0101tri sken\u0113t un noteikt mitruma probl\u0113mas, vizu\u0101li nor\u0101dot uz vietu, kur dro\u0161i veikt m\u0113r\u012bjumus un analiz\u0113t r\u0101d\u012bjumus. Ieb\u016bv\u0113tais sensors bez tapas un...\" \/>\n<meta property=\"og:url\" content=\"https:\/\/www.axiomams.eu\/lv\/produktas\/flir-mr176-mitruma-meritajs\" \/>\n<meta property=\"og:site_name\" content=\"AXIOMA MS\" \/>\n<meta property=\"article:publisher\" content=\"https:\/\/www.facebook.com\/AxiomaMS\" \/>\n<meta property=\"article:modified_time\" content=\"2026-03-25T15:01:11+00:00\" \/>\n<meta property=\"og:image\" content=\"https:\/\/www.axiomams.eu\/wp-content\/uploads\/2025\/07\/2358-3043.jpg\" \/>\n\t<meta property=\"og:image:width\" content=\"1100\" \/>\n\t<meta property=\"og:image:height\" content=\"1000\" \/>\n\t<meta property=\"og:image:type\" content=\"image\/jpeg\" \/>\n<meta name=\"twitter:card\" content=\"summary_large_image\" \/>\n<meta name=\"twitter:label1\" content=\"Est. reading time\" \/>\n\t<meta name=\"twitter:data1\" content=\"1 minute\" \/>\n<script type=\"application\/ld+json\" class=\"yoast-schema-graph\">{\"@context\":\"https:\/\/schema.org\",\"@graph\":[{\"@type\":\"WebPage\",\"@id\":\"https:\/\/www.axiomams.eu\/lv\/produktas\/flir-mr176-mitruma-meritajs\",\"url\":\"https:\/\/www.axiomams.eu\/lv\/produktas\/flir-mr176-mitruma-meritajs\",\"name\":\"Flir MR176 mitruma m\u0113r\u012bt\u0101js - AXIOMA MS\",\"isPartOf\":{\"@id\":\"https:\/\/www.axiomams.eu\/lv#website\"},\"primaryImageOfPage\":{\"@id\":\"https:\/\/www.axiomams.eu\/lv\/produktas\/flir-mr176-mitruma-meritajs#primaryimage\"},\"image\":{\"@id\":\"https:\/\/www.axiomams.eu\/lv\/produktas\/flir-mr176-mitruma-meritajs#primaryimage\"},\"thumbnailUrl\":\"https:\/\/www.axiomams.eu\/wp-content\/uploads\/2025\/07\/2358-3043.jpg\",\"datePublished\":\"2025-05-15T16:04:21+00:00\",\"dateModified\":\"2026-03-25T15:01:11+00:00\",\"breadcrumb\":{\"@id\":\"https:\/\/www.axiomams.eu\/lv\/produktas\/flir-mr176-mitruma-meritajs#breadcrumb\"},\"inLanguage\":\"lv-LV\",\"potentialAction\":[{\"@type\":\"ReadAction\",\"target\":[\"https:\/\/www.axiomams.eu\/lv\/produktas\/flir-mr176-mitruma-meritajs\"]}]},{\"@type\":\"ImageObject\",\"inLanguage\":\"lv-LV\",\"@id\":\"https:\/\/www.axiomams.eu\/lv\/produktas\/flir-mr176-mitruma-meritajs#primaryimage\",\"url\":\"https:\/\/www.axiomams.eu\/wp-content\/uploads\/2025\/07\/2358-3043.jpg\",\"contentUrl\":\"https:\/\/www.axiomams.eu\/wp-content\/uploads\/2025\/07\/2358-3043.jpg\",\"width\":1100,\"height\":1000},{\"@type\":\"BreadcrumbList\",\"@id\":\"https:\/\/www.axiomams.eu\/lv\/produktas\/flir-mr176-mitruma-meritajs#breadcrumb\",\"itemListElement\":[{\"@type\":\"ListItem\",\"position\":1,\"name\":\"Home\",\"item\":\"https:\/\/www.axiomams.eu\/lv\"},{\"@type\":\"ListItem\",\"position\":2,\"name\":\"Produkti\",\"item\":\"https:\/\/www.axiomams.eu\/lv\/produkti\"},{\"@type\":\"ListItem\",\"position\":3,\"name\":\"Flir MR176 mitruma m\u0113r\u012bt\u0101js\"}]},{\"@type\":\"WebSite\",\"@id\":\"https:\/\/www.axiomams.eu\/lv#website\",\"url\":\"https:\/\/www.axiomams.eu\/lv\",\"name\":\"AXIOMA MS\",\"description\":\"Terrmovizoriai ir matavimo \u012franga\",\"publisher\":{\"@id\":\"https:\/\/www.axiomams.eu\/lv#organization\"},\"potentialAction\":[{\"@type\":\"SearchAction\",\"target\":{\"@type\":\"EntryPoint\",\"urlTemplate\":\"https:\/\/www.axiomams.eu\/lv?s={search_term_string}\"},\"query-input\":{\"@type\":\"PropertyValueSpecification\",\"valueRequired\":true,\"valueName\":\"search_term_string\"}}],\"inLanguage\":\"lv-LV\"},{\"@type\":\"Organization\",\"@id\":\"https:\/\/www.axiomams.eu\/lv#organization\",\"name\":\"AXIOMA MS\",\"url\":\"https:\/\/www.axiomams.eu\/lv\",\"logo\":{\"@type\":\"ImageObject\",\"inLanguage\":\"lv-LV\",\"@id\":\"https:\/\/www.axiomams.eu\/lv#\/schema\/logo\/image\/\",\"url\":\"https:\/\/www.axiomams.eu\/wp-content\/uploads\/2025\/06\/axioma-logo-2.png\",\"contentUrl\":\"https:\/\/www.axiomams.eu\/wp-content\/uploads\/2025\/06\/axioma-logo-2.png\",\"width\":1200,\"height\":1200,\"caption\":\"AXIOMA MS\"},\"image\":{\"@id\":\"https:\/\/www.axiomams.eu\/lv#\/schema\/logo\/image\/\"},\"sameAs\":[\"https:\/\/www.facebook.com\/AxiomaMS\",\"https:\/\/www.linkedin.com\/company\/axiomams\/\"]}]}<\/script>\n<!-- \/ Yoast SEO plugin. -->","yoast_head_json":{"title":"Flir MR176 mitruma m\u0113r\u012bt\u0101js - AXIOMA MS","robots":{"index":"index","follow":"follow","max-snippet":"max-snippet:-1","max-image-preview":"max-image-preview:large","max-video-preview":"max-video-preview:-1"},"canonical":"https:\/\/www.axiomams.eu\/lv\/produktas\/flir-mr176-mitruma-meritajs","og_locale":"lv_LV","og_type":"article","og_title":"Flir MR176 mitruma m\u0113r\u012bt\u0101js - AXIOMA MS","og_description":"FLIR MR176 att\u0113lveido\u0161anas mitruma m\u0113r\u012bt\u0101js Plus ar IGM\u2122 ir univers\u0101ls instruments, kas apr\u012bkots ar ieb\u016bv\u0113tu termokameru, kas var prec\u012bzi par\u0101d\u012bt, kur tie\u0161i m\u0113r\u012bt mitrumu. Pateicoties infrasarkano staru vad\u012btas m\u0113r\u012b\u0161anas (IGM) tehnolo\u0123ijai, MR176 pal\u012bdz \u0101tri sken\u0113t un noteikt mitruma probl\u0113mas, vizu\u0101li nor\u0101dot uz vietu, kur dro\u0161i veikt m\u0113r\u012bjumus un analiz\u0113t r\u0101d\u012bjumus. Ieb\u016bv\u0113tais sensors bez tapas un...","og_url":"https:\/\/www.axiomams.eu\/lv\/produktas\/flir-mr176-mitruma-meritajs","og_site_name":"AXIOMA MS","article_publisher":"https:\/\/www.facebook.com\/AxiomaMS","article_modified_time":"2026-03-25T15:01:11+00:00","og_image":[{"width":1100,"height":1000,"url":"https:\/\/www.axiomams.eu\/wp-content\/uploads\/2025\/07\/2358-3043.jpg","type":"image\/jpeg"}],"twitter_card":"summary_large_image","twitter_misc":{"Est. reading time":"1 minute"},"schema":{"@context":"https:\/\/schema.org","@graph":[{"@type":"WebPage","@id":"https:\/\/www.axiomams.eu\/lv\/produktas\/flir-mr176-mitruma-meritajs","url":"https:\/\/www.axiomams.eu\/lv\/produktas\/flir-mr176-mitruma-meritajs","name":"Flir MR176 mitruma m\u0113r\u012bt\u0101js - AXIOMA MS","isPartOf":{"@id":"https:\/\/www.axiomams.eu\/lv#website"},"primaryImageOfPage":{"@id":"https:\/\/www.axiomams.eu\/lv\/produktas\/flir-mr176-mitruma-meritajs#primaryimage"},"image":{"@id":"https:\/\/www.axiomams.eu\/lv\/produktas\/flir-mr176-mitruma-meritajs#primaryimage"},"thumbnailUrl":"https:\/\/www.axiomams.eu\/wp-content\/uploads\/2025\/07\/2358-3043.jpg","datePublished":"2025-05-15T16:04:21+00:00","dateModified":"2026-03-25T15:01:11+00:00","breadcrumb":{"@id":"https:\/\/www.axiomams.eu\/lv\/produktas\/flir-mr176-mitruma-meritajs#breadcrumb"},"inLanguage":"lv-LV","potentialAction":[{"@type":"ReadAction","target":["https:\/\/www.axiomams.eu\/lv\/produktas\/flir-mr176-mitruma-meritajs"]}]},{"@type":"ImageObject","inLanguage":"lv-LV","@id":"https:\/\/www.axiomams.eu\/lv\/produktas\/flir-mr176-mitruma-meritajs#primaryimage","url":"https:\/\/www.axiomams.eu\/wp-content\/uploads\/2025\/07\/2358-3043.jpg","contentUrl":"https:\/\/www.axiomams.eu\/wp-content\/uploads\/2025\/07\/2358-3043.jpg","width":1100,"height":1000},{"@type":"BreadcrumbList","@id":"https:\/\/www.axiomams.eu\/lv\/produktas\/flir-mr176-mitruma-meritajs#breadcrumb","itemListElement":[{"@type":"ListItem","position":1,"name":"Home","item":"https:\/\/www.axiomams.eu\/lv"},{"@type":"ListItem","position":2,"name":"Produkti","item":"https:\/\/www.axiomams.eu\/lv\/produkti"},{"@type":"ListItem","position":3,"name":"Flir MR176 mitruma m\u0113r\u012bt\u0101js"}]},{"@type":"WebSite","@id":"https:\/\/www.axiomams.eu\/lv#website","url":"https:\/\/www.axiomams.eu\/lv","name":"AXIOMA MS","description":"Terrmovizoriai ir matavimo \u012franga","publisher":{"@id":"https:\/\/www.axiomams.eu\/lv#organization"},"potentialAction":[{"@type":"SearchAction","target":{"@type":"EntryPoint","urlTemplate":"https:\/\/www.axiomams.eu\/lv?s={search_term_string}"},"query-input":{"@type":"PropertyValueSpecification","valueRequired":true,"valueName":"search_term_string"}}],"inLanguage":"lv-LV"},{"@type":"Organization","@id":"https:\/\/www.axiomams.eu\/lv#organization","name":"AXIOMA MS","url":"https:\/\/www.axiomams.eu\/lv","logo":{"@type":"ImageObject","inLanguage":"lv-LV","@id":"https:\/\/www.axiomams.eu\/lv#\/schema\/logo\/image\/","url":"https:\/\/www.axiomams.eu\/wp-content\/uploads\/2025\/06\/axioma-logo-2.png","contentUrl":"https:\/\/www.axiomams.eu\/wp-content\/uploads\/2025\/06\/axioma-logo-2.png","width":1200,"height":1200,"caption":"AXIOMA MS"},"image":{"@id":"https:\/\/www.axiomams.eu\/lv#\/schema\/logo\/image\/"},"sameAs":["https:\/\/www.facebook.com\/AxiomaMS","https:\/\/www.linkedin.com\/company\/axiomams\/"]}]}},"_links":{"self":[{"href":"https:\/\/www.axiomams.eu\/lv\/wp-json\/wp\/v2\/product\/39268","targetHints":{"allow":["GET"]}}],"collection":[{"href":"https:\/\/www.axiomams.eu\/lv\/wp-json\/wp\/v2\/product"}],"about":[{"href":"https:\/\/www.axiomams.eu\/lv\/wp-json\/wp\/v2\/types\/product"}],"replies":[{"embeddable":true,"href":"https:\/\/www.axiomams.eu\/lv\/wp-json\/wp\/v2\/comments?post=39268"}],"wp:featuredmedia":[{"embeddable":true,"href":"https:\/\/www.axiomams.eu\/lv\/wp-json\/wp\/v2\/media\/42255"}],"wp:attachment":[{"href":"https:\/\/www.axiomams.eu\/lv\/wp-json\/wp\/v2\/media?parent=39268"}],"wp:term":[{"taxonomy":"product_brand","embeddable":true,"href":"https:\/\/www.axiomams.eu\/lv\/wp-json\/wp\/v2\/product_brand?post=39268"},{"taxonomy":"product_cat","embeddable":true,"href":"https:\/\/www.axiomams.eu\/lv\/wp-json\/wp\/v2\/product_cat?post=39268"},{"taxonomy":"product_tag","embeddable":true,"href":"https:\/\/www.axiomams.eu\/lv\/wp-json\/wp\/v2\/product_tag?post=39268"}],"curies":[{"name":"wp","href":"https:\/\/api.w.org\/{rel}","templated":true}]}}