{"id":39269,"date":"2025-05-15T18:04:22","date_gmt":"2025-05-15T16:04:22","guid":{"rendered":"https:\/\/www.axiomams.eu\/produktas\/flir-mr40-mitruma-meritajs"},"modified":"2026-03-25T17:01:11","modified_gmt":"2026-03-25T15:01:11","slug":"flir-mr40-mitruma-meritajs","status":"publish","type":"product","link":"https:\/\/www.axiomams.eu\/lv\/produktas\/flir-mr40-mitruma-meritajs","title":{"rendered":"Flir MR40 Mitruma m\u0113r\u012bt\u0101js"},"content":{"rendered":"<p>FLIR MR40 &#8211; iztur\u012bgs 2 kontaktu, vienskalas mitruma m\u0113r\u012bt\u0101js ar integr\u0113tu luktur\u012bti koksnei un parastiem celtniec\u012bbas materi\u0101liem &#8211; ide\u0101li piem\u0113rots celtniekiem, \u0113ku inspektoriem, p\u0101rb\u016bv\u0113t\u0101jiem, mitruma att\u012br\u012b\u0161anas tehni\u0137iem, kait\u0113k\u013cu apkaro\u0161anas speci\u0101listiem un dz\u012bvojamo jumtu un gr\u012bdas segumu darbu veic\u0113jiem. FLIR MR40 nodro\u0161ina uzticamus un prec\u012bzus m\u0113r\u012bjumus par \u013coti pie\u0146emamu cenu, un tas ir \u0101trs un viegli lietojams r\u012bks mitruma probl\u0113mu mekl\u0113\u0161anai un kvantitat\u012bvai noteik\u0161anai. FLIR MR40 ir pildspalvai l\u012bdz\u012bga izm\u0113ra, t\u0101p\u0113c to var n\u0113s\u0101t krekla kabat\u0101, gatavu darbam.<\/p>\n<p>Standarta komplekts: FLIR MR 40, 2 x AAA baterijas, rezerves adatu komplekts, lietot\u0101ja rokasgr\u0101mata.<\/p>\n<h3>Tehnisk\u0101 inform\u0101cija:<\/h3>\n<ul>\n<li><a href=\"https:\/\/axiomams.eu\/importer\/export\/attachments\/en\/flir-mr40.pdf\" target=\"_blank\">FLIR MR40.pdf<\/a><\/li>\n<\/ul>\n","protected":false},"excerpt":{"rendered":"<p>FLIR MR40 &#8211; iztur\u012bgs 2 kontaktu, vienskalas mitruma m\u0113r\u012bt\u0101js ar integr\u0113tu luktur\u012bti koksnei un parastiem celtniec\u012bbas materi\u0101liem &#8211; ide\u0101li piem\u0113rots celtniekiem, \u0113ku inspektoriem, p\u0101rb\u016bv\u0113t\u0101jiem, mitruma att\u012br\u012b\u0161anas tehni\u0137iem, kait\u0113k\u013cu apkaro\u0161anas speci\u0101listiem un dz\u012bvojamo jumtu un gr\u012bdas segumu darbu veic\u0113jiem. FLIR MR40 nodro\u0161ina uzticamus un prec\u012bzus m\u0113r\u012bjumus par \u013coti pie\u0146emamu cenu, un tas ir \u0101trs un viegli&#8230;<\/p>\n","protected":false},"featured_media":42257,"comment_status":"open","ping_status":"closed","template":"","meta":{"_acf_changed":false},"product_brand":[734],"product_cat":[17742],"product_tag":[],"class_list":{"0":"post-39269","1":"product","2":"type-product","3":"status-publish","4":"has-post-thumbnail","6":"product_brand-flir","7":"product_cat-materialu-mitruma-merisanai","9":"first","10":"instock","11":"taxable","12":"shipping-taxable","13":"purchasable","14":"product-type-simple"},"acf":[],"yoast_head":"<!-- This site is optimized with the Yoast SEO plugin v27.0 - https:\/\/yoast.com\/product\/yoast-seo-wordpress\/ -->\n<title>Flir MR40 Mitruma m\u0113r\u012bt\u0101js - AXIOMA MS<\/title>\n<meta name=\"robots\" content=\"index, follow, max-snippet:-1, max-image-preview:large, max-video-preview:-1\" \/>\n<link rel=\"canonical\" href=\"https:\/\/www.axiomams.eu\/lv\/produktas\/flir-mr40-mitruma-meritajs\" \/>\n<meta property=\"og:locale\" content=\"lv_LV\" \/>\n<meta property=\"og:type\" content=\"article\" \/>\n<meta property=\"og:title\" content=\"Flir MR40 Mitruma m\u0113r\u012bt\u0101js - AXIOMA MS\" \/>\n<meta property=\"og:description\" content=\"FLIR MR40 &#8211; iztur\u012bgs 2 kontaktu, vienskalas mitruma m\u0113r\u012bt\u0101js ar integr\u0113tu luktur\u012bti koksnei un parastiem celtniec\u012bbas materi\u0101liem &#8211; ide\u0101li piem\u0113rots celtniekiem, \u0113ku inspektoriem, p\u0101rb\u016bv\u0113t\u0101jiem, mitruma att\u012br\u012b\u0161anas tehni\u0137iem, kait\u0113k\u013cu apkaro\u0161anas speci\u0101listiem un dz\u012bvojamo jumtu un gr\u012bdas segumu darbu veic\u0113jiem. FLIR MR40 nodro\u0161ina uzticamus un prec\u012bzus m\u0113r\u012bjumus par \u013coti pie\u0146emamu cenu, un tas ir \u0101trs un viegli...\" \/>\n<meta property=\"og:url\" content=\"https:\/\/www.axiomams.eu\/lv\/produktas\/flir-mr40-mitruma-meritajs\" \/>\n<meta property=\"og:site_name\" content=\"AXIOMA MS\" \/>\n<meta property=\"article:publisher\" content=\"https:\/\/www.facebook.com\/AxiomaMS\" \/>\n<meta property=\"article:modified_time\" content=\"2026-03-25T15:01:11+00:00\" \/>\n<meta property=\"og:image\" content=\"https:\/\/www.axiomams.eu\/wp-content\/uploads\/2025\/07\/2353-3039.jpg\" \/>\n\t<meta property=\"og:image:width\" content=\"1000\" \/>\n\t<meta property=\"og:image:height\" content=\"909\" \/>\n\t<meta property=\"og:image:type\" content=\"image\/jpeg\" \/>\n<meta name=\"twitter:card\" content=\"summary_large_image\" \/>\n<meta name=\"twitter:label1\" content=\"Est. reading time\" \/>\n\t<meta name=\"twitter:data1\" content=\"1 minute\" \/>\n<script type=\"application\/ld+json\" class=\"yoast-schema-graph\">{\"@context\":\"https:\/\/schema.org\",\"@graph\":[{\"@type\":\"WebPage\",\"@id\":\"https:\/\/www.axiomams.eu\/lv\/produktas\/flir-mr40-mitruma-meritajs\",\"url\":\"https:\/\/www.axiomams.eu\/lv\/produktas\/flir-mr40-mitruma-meritajs\",\"name\":\"Flir MR40 Mitruma m\u0113r\u012bt\u0101js - AXIOMA MS\",\"isPartOf\":{\"@id\":\"https:\/\/www.axiomams.eu\/lv#website\"},\"primaryImageOfPage\":{\"@id\":\"https:\/\/www.axiomams.eu\/lv\/produktas\/flir-mr40-mitruma-meritajs#primaryimage\"},\"image\":{\"@id\":\"https:\/\/www.axiomams.eu\/lv\/produktas\/flir-mr40-mitruma-meritajs#primaryimage\"},\"thumbnailUrl\":\"https:\/\/www.axiomams.eu\/wp-content\/uploads\/2025\/07\/2353-3039.jpg\",\"datePublished\":\"2025-05-15T16:04:22+00:00\",\"dateModified\":\"2026-03-25T15:01:11+00:00\",\"breadcrumb\":{\"@id\":\"https:\/\/www.axiomams.eu\/lv\/produktas\/flir-mr40-mitruma-meritajs#breadcrumb\"},\"inLanguage\":\"lv-LV\",\"potentialAction\":[{\"@type\":\"ReadAction\",\"target\":[\"https:\/\/www.axiomams.eu\/lv\/produktas\/flir-mr40-mitruma-meritajs\"]}]},{\"@type\":\"ImageObject\",\"inLanguage\":\"lv-LV\",\"@id\":\"https:\/\/www.axiomams.eu\/lv\/produktas\/flir-mr40-mitruma-meritajs#primaryimage\",\"url\":\"https:\/\/www.axiomams.eu\/wp-content\/uploads\/2025\/07\/2353-3039.jpg\",\"contentUrl\":\"https:\/\/www.axiomams.eu\/wp-content\/uploads\/2025\/07\/2353-3039.jpg\",\"width\":1000,\"height\":909},{\"@type\":\"BreadcrumbList\",\"@id\":\"https:\/\/www.axiomams.eu\/lv\/produktas\/flir-mr40-mitruma-meritajs#breadcrumb\",\"itemListElement\":[{\"@type\":\"ListItem\",\"position\":1,\"name\":\"Home\",\"item\":\"https:\/\/www.axiomams.eu\/lv\"},{\"@type\":\"ListItem\",\"position\":2,\"name\":\"Produkti\",\"item\":\"https:\/\/www.axiomams.eu\/lv\/produkti\"},{\"@type\":\"ListItem\",\"position\":3,\"name\":\"Flir MR40 Mitruma m\u0113r\u012bt\u0101js\"}]},{\"@type\":\"WebSite\",\"@id\":\"https:\/\/www.axiomams.eu\/lv#website\",\"url\":\"https:\/\/www.axiomams.eu\/lv\",\"name\":\"AXIOMA MS\",\"description\":\"Terrmovizoriai ir matavimo \u012franga\",\"publisher\":{\"@id\":\"https:\/\/www.axiomams.eu\/lv#organization\"},\"potentialAction\":[{\"@type\":\"SearchAction\",\"target\":{\"@type\":\"EntryPoint\",\"urlTemplate\":\"https:\/\/www.axiomams.eu\/lv?s={search_term_string}\"},\"query-input\":{\"@type\":\"PropertyValueSpecification\",\"valueRequired\":true,\"valueName\":\"search_term_string\"}}],\"inLanguage\":\"lv-LV\"},{\"@type\":\"Organization\",\"@id\":\"https:\/\/www.axiomams.eu\/lv#organization\",\"name\":\"AXIOMA MS\",\"url\":\"https:\/\/www.axiomams.eu\/lv\",\"logo\":{\"@type\":\"ImageObject\",\"inLanguage\":\"lv-LV\",\"@id\":\"https:\/\/www.axiomams.eu\/lv#\/schema\/logo\/image\/\",\"url\":\"https:\/\/www.axiomams.eu\/wp-content\/uploads\/2025\/06\/axioma-logo-2.png\",\"contentUrl\":\"https:\/\/www.axiomams.eu\/wp-content\/uploads\/2025\/06\/axioma-logo-2.png\",\"width\":1200,\"height\":1200,\"caption\":\"AXIOMA MS\"},\"image\":{\"@id\":\"https:\/\/www.axiomams.eu\/lv#\/schema\/logo\/image\/\"},\"sameAs\":[\"https:\/\/www.facebook.com\/AxiomaMS\",\"https:\/\/www.linkedin.com\/company\/axiomams\/\"]}]}<\/script>\n<!-- \/ Yoast SEO plugin. -->","yoast_head_json":{"title":"Flir MR40 Mitruma m\u0113r\u012bt\u0101js - AXIOMA MS","robots":{"index":"index","follow":"follow","max-snippet":"max-snippet:-1","max-image-preview":"max-image-preview:large","max-video-preview":"max-video-preview:-1"},"canonical":"https:\/\/www.axiomams.eu\/lv\/produktas\/flir-mr40-mitruma-meritajs","og_locale":"lv_LV","og_type":"article","og_title":"Flir MR40 Mitruma m\u0113r\u012bt\u0101js - AXIOMA MS","og_description":"FLIR MR40 &#8211; iztur\u012bgs 2 kontaktu, vienskalas mitruma m\u0113r\u012bt\u0101js ar integr\u0113tu luktur\u012bti koksnei un parastiem celtniec\u012bbas materi\u0101liem &#8211; ide\u0101li piem\u0113rots celtniekiem, \u0113ku inspektoriem, p\u0101rb\u016bv\u0113t\u0101jiem, mitruma att\u012br\u012b\u0161anas tehni\u0137iem, kait\u0113k\u013cu apkaro\u0161anas speci\u0101listiem un dz\u012bvojamo jumtu un gr\u012bdas segumu darbu veic\u0113jiem. FLIR MR40 nodro\u0161ina uzticamus un prec\u012bzus m\u0113r\u012bjumus par \u013coti pie\u0146emamu cenu, un tas ir \u0101trs un viegli...","og_url":"https:\/\/www.axiomams.eu\/lv\/produktas\/flir-mr40-mitruma-meritajs","og_site_name":"AXIOMA MS","article_publisher":"https:\/\/www.facebook.com\/AxiomaMS","article_modified_time":"2026-03-25T15:01:11+00:00","og_image":[{"width":1000,"height":909,"url":"https:\/\/www.axiomams.eu\/wp-content\/uploads\/2025\/07\/2353-3039.jpg","type":"image\/jpeg"}],"twitter_card":"summary_large_image","twitter_misc":{"Est. reading time":"1 minute"},"schema":{"@context":"https:\/\/schema.org","@graph":[{"@type":"WebPage","@id":"https:\/\/www.axiomams.eu\/lv\/produktas\/flir-mr40-mitruma-meritajs","url":"https:\/\/www.axiomams.eu\/lv\/produktas\/flir-mr40-mitruma-meritajs","name":"Flir MR40 Mitruma m\u0113r\u012bt\u0101js - AXIOMA MS","isPartOf":{"@id":"https:\/\/www.axiomams.eu\/lv#website"},"primaryImageOfPage":{"@id":"https:\/\/www.axiomams.eu\/lv\/produktas\/flir-mr40-mitruma-meritajs#primaryimage"},"image":{"@id":"https:\/\/www.axiomams.eu\/lv\/produktas\/flir-mr40-mitruma-meritajs#primaryimage"},"thumbnailUrl":"https:\/\/www.axiomams.eu\/wp-content\/uploads\/2025\/07\/2353-3039.jpg","datePublished":"2025-05-15T16:04:22+00:00","dateModified":"2026-03-25T15:01:11+00:00","breadcrumb":{"@id":"https:\/\/www.axiomams.eu\/lv\/produktas\/flir-mr40-mitruma-meritajs#breadcrumb"},"inLanguage":"lv-LV","potentialAction":[{"@type":"ReadAction","target":["https:\/\/www.axiomams.eu\/lv\/produktas\/flir-mr40-mitruma-meritajs"]}]},{"@type":"ImageObject","inLanguage":"lv-LV","@id":"https:\/\/www.axiomams.eu\/lv\/produktas\/flir-mr40-mitruma-meritajs#primaryimage","url":"https:\/\/www.axiomams.eu\/wp-content\/uploads\/2025\/07\/2353-3039.jpg","contentUrl":"https:\/\/www.axiomams.eu\/wp-content\/uploads\/2025\/07\/2353-3039.jpg","width":1000,"height":909},{"@type":"BreadcrumbList","@id":"https:\/\/www.axiomams.eu\/lv\/produktas\/flir-mr40-mitruma-meritajs#breadcrumb","itemListElement":[{"@type":"ListItem","position":1,"name":"Home","item":"https:\/\/www.axiomams.eu\/lv"},{"@type":"ListItem","position":2,"name":"Produkti","item":"https:\/\/www.axiomams.eu\/lv\/produkti"},{"@type":"ListItem","position":3,"name":"Flir MR40 Mitruma m\u0113r\u012bt\u0101js"}]},{"@type":"WebSite","@id":"https:\/\/www.axiomams.eu\/lv#website","url":"https:\/\/www.axiomams.eu\/lv","name":"AXIOMA MS","description":"Terrmovizoriai ir matavimo \u012franga","publisher":{"@id":"https:\/\/www.axiomams.eu\/lv#organization"},"potentialAction":[{"@type":"SearchAction","target":{"@type":"EntryPoint","urlTemplate":"https:\/\/www.axiomams.eu\/lv?s={search_term_string}"},"query-input":{"@type":"PropertyValueSpecification","valueRequired":true,"valueName":"search_term_string"}}],"inLanguage":"lv-LV"},{"@type":"Organization","@id":"https:\/\/www.axiomams.eu\/lv#organization","name":"AXIOMA MS","url":"https:\/\/www.axiomams.eu\/lv","logo":{"@type":"ImageObject","inLanguage":"lv-LV","@id":"https:\/\/www.axiomams.eu\/lv#\/schema\/logo\/image\/","url":"https:\/\/www.axiomams.eu\/wp-content\/uploads\/2025\/06\/axioma-logo-2.png","contentUrl":"https:\/\/www.axiomams.eu\/wp-content\/uploads\/2025\/06\/axioma-logo-2.png","width":1200,"height":1200,"caption":"AXIOMA MS"},"image":{"@id":"https:\/\/www.axiomams.eu\/lv#\/schema\/logo\/image\/"},"sameAs":["https:\/\/www.facebook.com\/AxiomaMS","https:\/\/www.linkedin.com\/company\/axiomams\/"]}]}},"_links":{"self":[{"href":"https:\/\/www.axiomams.eu\/lv\/wp-json\/wp\/v2\/product\/39269","targetHints":{"allow":["GET"]}}],"collection":[{"href":"https:\/\/www.axiomams.eu\/lv\/wp-json\/wp\/v2\/product"}],"about":[{"href":"https:\/\/www.axiomams.eu\/lv\/wp-json\/wp\/v2\/types\/product"}],"replies":[{"embeddable":true,"href":"https:\/\/www.axiomams.eu\/lv\/wp-json\/wp\/v2\/comments?post=39269"}],"wp:featuredmedia":[{"embeddable":true,"href":"https:\/\/www.axiomams.eu\/lv\/wp-json\/wp\/v2\/media\/42257"}],"wp:attachment":[{"href":"https:\/\/www.axiomams.eu\/lv\/wp-json\/wp\/v2\/media?parent=39269"}],"wp:term":[{"taxonomy":"product_brand","embeddable":true,"href":"https:\/\/www.axiomams.eu\/lv\/wp-json\/wp\/v2\/product_brand?post=39269"},{"taxonomy":"product_cat","embeddable":true,"href":"https:\/\/www.axiomams.eu\/lv\/wp-json\/wp\/v2\/product_cat?post=39269"},{"taxonomy":"product_tag","embeddable":true,"href":"https:\/\/www.axiomams.eu\/lv\/wp-json\/wp\/v2\/product_tag?post=39269"}],"curies":[{"name":"wp","href":"https:\/\/api.w.org\/{rel}","templated":true}]}}