{"id":39270,"date":"2025-07-08T09:45:59","date_gmt":"2025-07-08T07:45:59","guid":{"rendered":"https:\/\/www.axiomams.eu\/produktas\/hioki-mr6000-datu-registretajs"},"modified":"2026-03-25T17:01:11","modified_gmt":"2026-03-25T15:01:11","slug":"hioki-mr6000-datu-registretajs","status":"publish","type":"product","link":"https:\/\/www.axiomams.eu\/lv\/produktas\/hioki-mr6000-datu-registretajs","title":{"rendered":"HIOKI MR6000 Datu re\u0123istr\u0113t\u0101js"},"content":{"rendered":"<p><b>Limited Time Offer: Hioki MR6000-MAX komplekts &#8211; ietaupiet 20%<br \/>\nUzlabojiet savas m\u0113r\u012b\u0161anas iesp\u0113jas ar Hioki MR6000-MAX komplektu. \u0160aj\u0101 ierobe\u017eota laika pied\u0101v\u0101jum\u0101 ietilpst MR6000-01 atmi\u0146as re\u0123istrators, U8332 SSD bloks un Z5021 zondes baro\u0161anas bloks, kas nodro\u0161ina visaptvero\u0161u risin\u0101jumu \u0101trai un prec\u012bzai datu ieg\u016b\u0161anai. Ieg\u0101d\u0101joties \u0161o komplektu, j\u016bs ietaup\u0101t 20 %, sal\u012bdzinot ar \u0161o komponentu atsevi\u0161\u0137\u0101m cenr\u0101\u017ea cen\u0101m.<br \/>\n<i>Izmantojiet, ka ieejas modu\u013ci un piederumi tiek p\u0101rdoti atsevi\u0161\u0137i, \u013caujot jums piel\u0101got sist\u0113mu sav\u0101m \u012bpa\u0161aj\u0101m m\u0113r\u012bjumu vajadz\u012bb\u0101m <\/i><\/b>.<\/p>\n<p>Hioki MR6000 datu re\u0123istrators &#8211; modul\u0101ra veiktsp\u0113ja pras\u012bgiem m\u0113r\u012bjumu lietojumiem<\/p>\n<p>P\u0101rsniedziet test\u0113\u0161anas un m\u0113r\u012bjumu robe\u017eas ar Hioki MR6000 &#8211; modernu datu v\u0101k\u0161anas sist\u0113mu, kas izstr\u0101d\u0101ta profesion\u0101\u013ciem, kuriem nepiecie\u0161ams \u0101trums, piel\u0101gojam\u012bba un absol\u016bta precizit\u0101te. MR6000 sp\u0113j veikt paraugu \u0146em\u0161anu l\u012bdz 200 MS\/s ar piln\u012bb\u0101 izol\u0113t\u0101m ieej\u0101m, un t\u0101 sp\u0113j fiks\u0113t pat sare\u017e\u0123\u012bt\u0101kos un \u0101trdarb\u012bg\u0101kos elektriskos notikumus &#8211; ja vien sist\u0113ma ir konfigur\u0113ta ar atbilsto\u0161iem papildmodu\u013ciem.<\/p>\n<p>Piel\u0101gots, lai att\u012bst\u012btos atbilsto\u0161i j\u016bsu pras\u012bb\u0101m<\/p>\n<p>MR6000 atbalsta l\u012bdz pat 32 ieejas kan\u0101liem (atkar\u012bb\u0101 no modu\u013cu konfigur\u0101cijas), t\u0101p\u0113c MR6000 ir viegli piel\u0101gojama gan m\u0113r\u0137tiec\u012bgiem m\u0113r\u012bjumiem, gan liela m\u0113roga test\u0113\u0161anas konfigur\u0101cij\u0101m. T\u0101 modul\u0101r\u0101 konstrukcija nodro\u0161ina, ka j\u016bs invest\u0113jat tikai taj\u0101, kas jums nepiecie\u0161ams &#8211; kad tas nepiecie\u0161ams.<\/p>\n<p>Papildu iesp\u0113jas ar modul\u0101ro papla\u0161in\u0101\u0161anu:<br \/>\n&#8211; \u012apa\u0161i \u0101tra datu ieguve ar vienlaic\u012bgu, izol\u0113tu paraugu \u0146em\u0161anu ar \u0101trumu l\u012bdz 200 MS\/s.<br \/>\n&#8211; Pla\u0161s ieejas joslas platums un izcila izol\u0101cija prec\u012bzai \u0101tru p\u0101rejo\u0161u sign\u0101lu uztver\u0161anai.<br \/>\n&#8211; Papla\u0161in\u0101ta ilguma uzraudz\u012bba vair\u0101kos sinhroniz\u0113tos kan\u0101los<br \/>\n&#8211; Savietojam\u012bba ar da\u017e\u0101diem ievades tipiem: spriegums, str\u0101va, temperat\u016bra, deform\u0101cija, vibr\u0101cija un citi.<br \/>\n&#8211; Integr\u0113tas opcijas elektrisk\u0101s jaudas anal\u012bzei, meh\u0101nisk\u0101s rot\u0101cijas izseko\u0161anai un automobi\u013cu sakaru protokoliem (CAN, CAN FD, LIN).<br \/>\n&#8211; Tie\u0161raides sign\u0101lu apstr\u0101de un re\u0101llaika apr\u0113\u0137ini m\u0113r\u012bjumu laik\u0101 (pieejams kop\u0101 ar MR6000-01).<br \/>\n&#8211; Prec\u012bza notikumu noteik\u0161ana, izmantojot konfigur\u0113jamus iedarbin\u0101\u0161anas nosac\u012bjumus<br \/>\n&#8211; Apvalka ierakst\u012b\u0161ana, lai nov\u0113rotu smalkas vi\u013c\u0146u formas izmai\u0146as, neapdraudot \u0101trumu<br \/>\n&#8211; Dubultie ieg\u016b\u0161anas re\u017e\u012bmi, lai atkl\u0101tu retas vai periodiskas anom\u0101lijas ilgos test\u0113\u0161anas periodos.<br \/>\n&#8211; Efekt\u012bvi r\u012bki datu navig\u0101cijai un izol\u0113\u0161anai liela apjoma ierakstos<br \/>\n&#8211; Vienlaic\u012bga iesp\u0113ja \u0123ener\u0113t un re\u0123istr\u0113t sign\u0101lus, samazinot apr\u012bkojuma nepiecie\u0161am\u012bbu.<br \/>\n&#8211; Ieb\u016bv\u0113ta funkcionalit\u0101te piel\u0101gotiem skaitliskajiem apr\u0113\u0137iniem un datu anal\u012bzei.<\/p>\n<p>Neatkar\u012bgi no t\u0101, vai veicat \u012bstermi\u0146a diagnostiku vai nep\u0101rtrauktu test\u0113\u0161anu vair\u0101ku stundu vai dienu garum\u0101, Hioki MR6000 nodro\u0161ina \u0101trumu, dzi\u013cumu un elast\u012bgumu, kas nepiecie\u0161ams, lai risin\u0101tu j\u016bsu main\u012bgos uzdevumus.<\/p>\n<p><iframe loading=\"lazy\" width=\"560\" height=\"315\" src=\"https:\/\/www.youtube.com\/embed\/z7kFRPsub9U?si=iLPO9k76e6Mz8ZXi\" title=\"YouTube video atska\u0146ot\u0101js\" frameborder=\"0\" allow=\"accelerometer; autoplay; clipboard-write; encrypted-media; gyroscope; picture-in-picture; web-share\" referrerpolicy=\"strict-origin-when-cross-origin\" allowfullscreen><\/iframe><\/p>\n<h3>Tehnisk\u0101 inform\u0101cija:<\/h3>\n<ul>\n<li><a href=\"https:\/\/axiomams.eu\/importer\/export\/attachments\/en\/hioki-mr6000.pdf\" target=\"_blank\">Hioki MR6000.pdf<\/a><\/li>\n<\/ul>\n","protected":false},"excerpt":{"rendered":"<p>Limited Time Offer: Hioki MR6000-MAX komplekts &#8211; ietaupiet 20% Uzlabojiet savas m\u0113r\u012b\u0161anas iesp\u0113jas ar Hioki MR6000-MAX komplektu. \u0160aj\u0101 ierobe\u017eota laika pied\u0101v\u0101jum\u0101 ietilpst MR6000-01 atmi\u0146as re\u0123istrators, U8332 SSD bloks un Z5021 zondes baro\u0161anas bloks, kas nodro\u0161ina visaptvero\u0161u risin\u0101jumu \u0101trai un prec\u012bzai datu ieg\u016b\u0161anai. Ieg\u0101d\u0101joties \u0161o komplektu, j\u016bs ietaup\u0101t 20 %, sal\u012bdzinot ar \u0161o komponentu atsevi\u0161\u0137\u0101m cenr\u0101\u017ea&#8230;<\/p>\n","protected":false},"featured_media":42259,"comment_status":"open","ping_status":"closed","template":"","meta":{"_acf_changed":false},"product_brand":[1112],"product_cat":[17714],"product_tag":[],"class_list":{"0":"post-39270","1":"product","2":"type-product","3":"status-publish","4":"has-post-thumbnail","6":"product_brand-hioki","7":"product_cat-elektroenergijas-tikla-analizei-un-uzskaitei","9":"first","10":"instock","11":"taxable","12":"shipping-taxable","13":"product-type-simple"},"acf":[],"yoast_head":"<!-- This site is optimized with the Yoast SEO plugin v27.0 - https:\/\/yoast.com\/product\/yoast-seo-wordpress\/ -->\n<title>HIOKI MR6000 Datu re\u0123istr\u0113t\u0101js - AXIOMA MS<\/title>\n<meta name=\"robots\" content=\"index, follow, max-snippet:-1, max-image-preview:large, max-video-preview:-1\" \/>\n<link rel=\"canonical\" href=\"https:\/\/www.axiomams.eu\/lv\/produktas\/hioki-mr6000-datu-registretajs\" \/>\n<meta property=\"og:locale\" content=\"lv_LV\" \/>\n<meta property=\"og:type\" content=\"article\" \/>\n<meta property=\"og:title\" content=\"HIOKI MR6000 Datu re\u0123istr\u0113t\u0101js - AXIOMA MS\" \/>\n<meta property=\"og:description\" content=\"Limited Time Offer: Hioki MR6000-MAX komplekts &#8211; ietaupiet 20% Uzlabojiet savas m\u0113r\u012b\u0161anas iesp\u0113jas ar Hioki MR6000-MAX komplektu. \u0160aj\u0101 ierobe\u017eota laika pied\u0101v\u0101jum\u0101 ietilpst MR6000-01 atmi\u0146as re\u0123istrators, U8332 SSD bloks un Z5021 zondes baro\u0161anas bloks, kas nodro\u0161ina visaptvero\u0161u risin\u0101jumu \u0101trai un prec\u012bzai datu ieg\u016b\u0161anai. Ieg\u0101d\u0101joties \u0161o komplektu, j\u016bs ietaup\u0101t 20 %, sal\u012bdzinot ar \u0161o komponentu atsevi\u0161\u0137\u0101m cenr\u0101\u017ea...\" \/>\n<meta property=\"og:url\" content=\"https:\/\/www.axiomams.eu\/lv\/produktas\/hioki-mr6000-datu-registretajs\" \/>\n<meta property=\"og:site_name\" content=\"AXIOMA MS\" \/>\n<meta property=\"article:publisher\" content=\"https:\/\/www.facebook.com\/AxiomaMS\" \/>\n<meta property=\"article:modified_time\" content=\"2026-03-25T15:01:11+00:00\" \/>\n<meta property=\"og:image\" content=\"https:\/\/www.axiomams.eu\/wp-content\/uploads\/2025\/07\/4636-5964.jpg\" \/>\n\t<meta property=\"og:image:width\" content=\"1040\" \/>\n\t<meta property=\"og:image:height\" content=\"694\" \/>\n\t<meta property=\"og:image:type\" content=\"image\/jpeg\" \/>\n<meta name=\"twitter:card\" content=\"summary_large_image\" \/>\n<meta name=\"twitter:label1\" content=\"Est. reading time\" \/>\n\t<meta name=\"twitter:data1\" content=\"3 minutes\" \/>\n<script type=\"application\/ld+json\" class=\"yoast-schema-graph\">{\"@context\":\"https:\/\/schema.org\",\"@graph\":[{\"@type\":\"WebPage\",\"@id\":\"https:\/\/www.axiomams.eu\/lv\/produktas\/hioki-mr6000-datu-registretajs\",\"url\":\"https:\/\/www.axiomams.eu\/lv\/produktas\/hioki-mr6000-datu-registretajs\",\"name\":\"HIOKI MR6000 Datu re\u0123istr\u0113t\u0101js - AXIOMA MS\",\"isPartOf\":{\"@id\":\"https:\/\/www.axiomams.eu\/lv#website\"},\"primaryImageOfPage\":{\"@id\":\"https:\/\/www.axiomams.eu\/lv\/produktas\/hioki-mr6000-datu-registretajs#primaryimage\"},\"image\":{\"@id\":\"https:\/\/www.axiomams.eu\/lv\/produktas\/hioki-mr6000-datu-registretajs#primaryimage\"},\"thumbnailUrl\":\"https:\/\/www.axiomams.eu\/wp-content\/uploads\/2025\/07\/4636-5964.jpg\",\"datePublished\":\"2025-07-08T07:45:59+00:00\",\"dateModified\":\"2026-03-25T15:01:11+00:00\",\"breadcrumb\":{\"@id\":\"https:\/\/www.axiomams.eu\/lv\/produktas\/hioki-mr6000-datu-registretajs#breadcrumb\"},\"inLanguage\":\"lv-LV\",\"potentialAction\":[{\"@type\":\"ReadAction\",\"target\":[\"https:\/\/www.axiomams.eu\/lv\/produktas\/hioki-mr6000-datu-registretajs\"]}]},{\"@type\":\"ImageObject\",\"inLanguage\":\"lv-LV\",\"@id\":\"https:\/\/www.axiomams.eu\/lv\/produktas\/hioki-mr6000-datu-registretajs#primaryimage\",\"url\":\"https:\/\/www.axiomams.eu\/wp-content\/uploads\/2025\/07\/4636-5964.jpg\",\"contentUrl\":\"https:\/\/www.axiomams.eu\/wp-content\/uploads\/2025\/07\/4636-5964.jpg\",\"width\":1040,\"height\":694},{\"@type\":\"BreadcrumbList\",\"@id\":\"https:\/\/www.axiomams.eu\/lv\/produktas\/hioki-mr6000-datu-registretajs#breadcrumb\",\"itemListElement\":[{\"@type\":\"ListItem\",\"position\":1,\"name\":\"Home\",\"item\":\"https:\/\/www.axiomams.eu\/lv\"},{\"@type\":\"ListItem\",\"position\":2,\"name\":\"Produkti\",\"item\":\"https:\/\/www.axiomams.eu\/lv\/produkti\"},{\"@type\":\"ListItem\",\"position\":3,\"name\":\"HIOKI MR6000 Datu re\u0123istr\u0113t\u0101js\"}]},{\"@type\":\"WebSite\",\"@id\":\"https:\/\/www.axiomams.eu\/lv#website\",\"url\":\"https:\/\/www.axiomams.eu\/lv\",\"name\":\"AXIOMA MS\",\"description\":\"Terrmovizoriai ir matavimo \u012franga\",\"publisher\":{\"@id\":\"https:\/\/www.axiomams.eu\/lv#organization\"},\"potentialAction\":[{\"@type\":\"SearchAction\",\"target\":{\"@type\":\"EntryPoint\",\"urlTemplate\":\"https:\/\/www.axiomams.eu\/lv?s={search_term_string}\"},\"query-input\":{\"@type\":\"PropertyValueSpecification\",\"valueRequired\":true,\"valueName\":\"search_term_string\"}}],\"inLanguage\":\"lv-LV\"},{\"@type\":\"Organization\",\"@id\":\"https:\/\/www.axiomams.eu\/lv#organization\",\"name\":\"AXIOMA MS\",\"url\":\"https:\/\/www.axiomams.eu\/lv\",\"logo\":{\"@type\":\"ImageObject\",\"inLanguage\":\"lv-LV\",\"@id\":\"https:\/\/www.axiomams.eu\/lv#\/schema\/logo\/image\/\",\"url\":\"https:\/\/www.axiomams.eu\/wp-content\/uploads\/2025\/06\/axioma-logo-2.png\",\"contentUrl\":\"https:\/\/www.axiomams.eu\/wp-content\/uploads\/2025\/06\/axioma-logo-2.png\",\"width\":1200,\"height\":1200,\"caption\":\"AXIOMA MS\"},\"image\":{\"@id\":\"https:\/\/www.axiomams.eu\/lv#\/schema\/logo\/image\/\"},\"sameAs\":[\"https:\/\/www.facebook.com\/AxiomaMS\",\"https:\/\/www.linkedin.com\/company\/axiomams\/\"]}]}<\/script>\n<!-- \/ Yoast SEO plugin. -->","yoast_head_json":{"title":"HIOKI MR6000 Datu re\u0123istr\u0113t\u0101js - AXIOMA MS","robots":{"index":"index","follow":"follow","max-snippet":"max-snippet:-1","max-image-preview":"max-image-preview:large","max-video-preview":"max-video-preview:-1"},"canonical":"https:\/\/www.axiomams.eu\/lv\/produktas\/hioki-mr6000-datu-registretajs","og_locale":"lv_LV","og_type":"article","og_title":"HIOKI MR6000 Datu re\u0123istr\u0113t\u0101js - AXIOMA MS","og_description":"Limited Time Offer: Hioki MR6000-MAX komplekts &#8211; ietaupiet 20% Uzlabojiet savas m\u0113r\u012b\u0161anas iesp\u0113jas ar Hioki MR6000-MAX komplektu. \u0160aj\u0101 ierobe\u017eota laika pied\u0101v\u0101jum\u0101 ietilpst MR6000-01 atmi\u0146as re\u0123istrators, U8332 SSD bloks un Z5021 zondes baro\u0161anas bloks, kas nodro\u0161ina visaptvero\u0161u risin\u0101jumu \u0101trai un prec\u012bzai datu ieg\u016b\u0161anai. Ieg\u0101d\u0101joties \u0161o komplektu, j\u016bs ietaup\u0101t 20 %, sal\u012bdzinot ar \u0161o komponentu atsevi\u0161\u0137\u0101m cenr\u0101\u017ea...","og_url":"https:\/\/www.axiomams.eu\/lv\/produktas\/hioki-mr6000-datu-registretajs","og_site_name":"AXIOMA MS","article_publisher":"https:\/\/www.facebook.com\/AxiomaMS","article_modified_time":"2026-03-25T15:01:11+00:00","og_image":[{"width":1040,"height":694,"url":"https:\/\/www.axiomams.eu\/wp-content\/uploads\/2025\/07\/4636-5964.jpg","type":"image\/jpeg"}],"twitter_card":"summary_large_image","twitter_misc":{"Est. reading time":"3 minutes"},"schema":{"@context":"https:\/\/schema.org","@graph":[{"@type":"WebPage","@id":"https:\/\/www.axiomams.eu\/lv\/produktas\/hioki-mr6000-datu-registretajs","url":"https:\/\/www.axiomams.eu\/lv\/produktas\/hioki-mr6000-datu-registretajs","name":"HIOKI MR6000 Datu re\u0123istr\u0113t\u0101js - AXIOMA MS","isPartOf":{"@id":"https:\/\/www.axiomams.eu\/lv#website"},"primaryImageOfPage":{"@id":"https:\/\/www.axiomams.eu\/lv\/produktas\/hioki-mr6000-datu-registretajs#primaryimage"},"image":{"@id":"https:\/\/www.axiomams.eu\/lv\/produktas\/hioki-mr6000-datu-registretajs#primaryimage"},"thumbnailUrl":"https:\/\/www.axiomams.eu\/wp-content\/uploads\/2025\/07\/4636-5964.jpg","datePublished":"2025-07-08T07:45:59+00:00","dateModified":"2026-03-25T15:01:11+00:00","breadcrumb":{"@id":"https:\/\/www.axiomams.eu\/lv\/produktas\/hioki-mr6000-datu-registretajs#breadcrumb"},"inLanguage":"lv-LV","potentialAction":[{"@type":"ReadAction","target":["https:\/\/www.axiomams.eu\/lv\/produktas\/hioki-mr6000-datu-registretajs"]}]},{"@type":"ImageObject","inLanguage":"lv-LV","@id":"https:\/\/www.axiomams.eu\/lv\/produktas\/hioki-mr6000-datu-registretajs#primaryimage","url":"https:\/\/www.axiomams.eu\/wp-content\/uploads\/2025\/07\/4636-5964.jpg","contentUrl":"https:\/\/www.axiomams.eu\/wp-content\/uploads\/2025\/07\/4636-5964.jpg","width":1040,"height":694},{"@type":"BreadcrumbList","@id":"https:\/\/www.axiomams.eu\/lv\/produktas\/hioki-mr6000-datu-registretajs#breadcrumb","itemListElement":[{"@type":"ListItem","position":1,"name":"Home","item":"https:\/\/www.axiomams.eu\/lv"},{"@type":"ListItem","position":2,"name":"Produkti","item":"https:\/\/www.axiomams.eu\/lv\/produkti"},{"@type":"ListItem","position":3,"name":"HIOKI MR6000 Datu re\u0123istr\u0113t\u0101js"}]},{"@type":"WebSite","@id":"https:\/\/www.axiomams.eu\/lv#website","url":"https:\/\/www.axiomams.eu\/lv","name":"AXIOMA MS","description":"Terrmovizoriai ir matavimo \u012franga","publisher":{"@id":"https:\/\/www.axiomams.eu\/lv#organization"},"potentialAction":[{"@type":"SearchAction","target":{"@type":"EntryPoint","urlTemplate":"https:\/\/www.axiomams.eu\/lv?s={search_term_string}"},"query-input":{"@type":"PropertyValueSpecification","valueRequired":true,"valueName":"search_term_string"}}],"inLanguage":"lv-LV"},{"@type":"Organization","@id":"https:\/\/www.axiomams.eu\/lv#organization","name":"AXIOMA MS","url":"https:\/\/www.axiomams.eu\/lv","logo":{"@type":"ImageObject","inLanguage":"lv-LV","@id":"https:\/\/www.axiomams.eu\/lv#\/schema\/logo\/image\/","url":"https:\/\/www.axiomams.eu\/wp-content\/uploads\/2025\/06\/axioma-logo-2.png","contentUrl":"https:\/\/www.axiomams.eu\/wp-content\/uploads\/2025\/06\/axioma-logo-2.png","width":1200,"height":1200,"caption":"AXIOMA MS"},"image":{"@id":"https:\/\/www.axiomams.eu\/lv#\/schema\/logo\/image\/"},"sameAs":["https:\/\/www.facebook.com\/AxiomaMS","https:\/\/www.linkedin.com\/company\/axiomams\/"]}]}},"_links":{"self":[{"href":"https:\/\/www.axiomams.eu\/lv\/wp-json\/wp\/v2\/product\/39270","targetHints":{"allow":["GET"]}}],"collection":[{"href":"https:\/\/www.axiomams.eu\/lv\/wp-json\/wp\/v2\/product"}],"about":[{"href":"https:\/\/www.axiomams.eu\/lv\/wp-json\/wp\/v2\/types\/product"}],"replies":[{"embeddable":true,"href":"https:\/\/www.axiomams.eu\/lv\/wp-json\/wp\/v2\/comments?post=39270"}],"wp:featuredmedia":[{"embeddable":true,"href":"https:\/\/www.axiomams.eu\/lv\/wp-json\/wp\/v2\/media\/42259"}],"wp:attachment":[{"href":"https:\/\/www.axiomams.eu\/lv\/wp-json\/wp\/v2\/media?parent=39270"}],"wp:term":[{"taxonomy":"product_brand","embeddable":true,"href":"https:\/\/www.axiomams.eu\/lv\/wp-json\/wp\/v2\/product_brand?post=39270"},{"taxonomy":"product_cat","embeddable":true,"href":"https:\/\/www.axiomams.eu\/lv\/wp-json\/wp\/v2\/product_cat?post=39270"},{"taxonomy":"product_tag","embeddable":true,"href":"https:\/\/www.axiomams.eu\/lv\/wp-json\/wp\/v2\/product_tag?post=39270"}],"curies":[{"name":"wp","href":"https:\/\/api.w.org\/{rel}","templated":true}]}}