{"id":39272,"date":"2025-05-15T18:04:23","date_gmt":"2025-05-15T16:04:23","guid":{"rendered":"https:\/\/www.axiomams.eu\/produktas\/hioki-mr8870-datu-registrators"},"modified":"2026-03-25T17:01:12","modified_gmt":"2026-03-25T15:01:12","slug":"hioki-mr8870-datu-registrators","status":"publish","type":"product","link":"https:\/\/www.axiomams.eu\/lv\/produktas\/hioki-mr8870-datu-registrators","title":{"rendered":"HIOKI MR8870 datu re\u0123istrators"},"content":{"rendered":"<p>Kan\u0101lu skaits: 2 analogie kan\u0101li + 4 lo\u0123iskie kan\u0101li (standarta)<br \/>\nM\u0113r\u012bjumu diapazoni: 10 mV &#8230; 50 V\/div (10 dal\u012bt\u0101ju pilna skala), 12 diapazoni, iz\u0161\u0137irtsp\u0113ja: iz\u0161\u0137irtsp\u0113ja: 1\/100 no diapazona<br \/>\nMaksim\u0101lais nomin\u0101lais spriegums: Starp spail\u0113m: Starp spail\u0113m un zemi: 300 VAC, DC CAT II<br \/>\nFrekvences raksturlielumi: L\u012bdzstr\u0101va l\u012bdz 50 kHz (-3 dB)<br \/>\nLaika ass (atmi\u0146as re\u017e\u012bms): 100 \u00b5s &#8230; 5 min\/div, 20 diapazoni, ar 100 punktu\/div iz\u0161\u0137irtsp\u0113ju, tr\u012bs laika ass palielin\u0101juma pak\u0101pes no \u00d72 l\u012bdz \u00d710 un 9 laika ass saspie\u0161anas pak\u0101pes no \u00d71\/2 l\u012bdz \u00d71\/1000.<br \/>\nIerakst\u012b\u0161anas interv\u0101li (RMS re\u017e\u012bms): 1 ms &#8230; 1 min., 16 iestat\u012bjumi, paraugu \u0146em\u0161anas periods: 200 \u03bcs (fiks\u0113ts) (mai\u0146str\u0101vas spriegumam\/str\u0101vai, 1 000 RMS v\u0113rt\u012bbas\/sek.), vienm\u0113r iesl\u0113gts aploksnes re\u017e\u012bms.<br \/>\nM\u0113r\u012b\u0161anas funkcijas: Atmi\u0146as re\u0123istrators, RMS re\u0123istrators (50\/60 Hz, tikai l\u012bdzstr\u0101va)<br \/>\nAtmi\u0146as ietilp\u012bba: 12 bitu x 2M v\u0101rdu\/ch (1 v\u0101rds = 2 baiti)<br \/>\nNo\u0146emama atmi\u0146a: CF I tipa karte (l\u012bdz 2 GB)<br \/>\nDisplejs: 4,3 collu kr\u0101su LCD displejs (480 \u00d7 272 pikse\u013ci)<br \/>\nSaskarnes: USB 2.0 mini-B<br \/>\nBaro\u0161anas avots: Mai\u0146str\u0101vas adapteris Z1005: 100 V &#8230; 240 V mai\u0146str\u0101vas (50\/60 Hz) , 30 VA maks.<br \/>\nAkumulators 9780: 3 VA, nep\u0101rtrauktas darb\u012bbas laiks aptuveni 2 h, uzl\u0101des laiks 200 min., izmantojot mai\u0146str\u0101vas adapteri (papildapr\u012bkojums).<br \/>\n\u0100r\u0113j\u0101 l\u012bdzstr\u0101vas padeve: 10 V &#8230; 16 V, 10 VA maks.<br \/>\nIzm\u0113ri: 176 x 101 x 41 mm<br \/>\nMasa: 600 g.<\/p>\n<p>Standarta komplekts: Hioki MR 8870, lieto\u0161anas instrukcija, m\u0113r\u012bjumu rokasgr\u0101mata, mai\u0146str\u0101vas adapteris, siksna, USB kabelis, lietojumprogrammas disks, aizsardz\u012bbas lapa.<\/p>\n<h3>Tehnisk\u0101 inform\u0101cija:<\/h3>\n<ul>\n<li><a href=\"https:\/\/axiomams.eu\/importer\/export\/attachments\/en\/hioki-mr8870.pdf\" target=\"_blank\">Hioki MR8870.pdf<\/a><\/li>\n<\/ul>\n","protected":false},"excerpt":{"rendered":"<p>Kan\u0101lu skaits: 2 analogie kan\u0101li + 4 lo\u0123iskie kan\u0101li (standarta) M\u0113r\u012bjumu diapazoni: 10 mV &#8230; 50 V\/div (10 dal\u012bt\u0101ju pilna skala), 12 diapazoni, iz\u0161\u0137irtsp\u0113ja: iz\u0161\u0137irtsp\u0113ja: 1\/100 no diapazona Maksim\u0101lais nomin\u0101lais spriegums: Starp spail\u0113m: Starp spail\u0113m un zemi: 300 VAC, DC CAT II Frekvences raksturlielumi: L\u012bdzstr\u0101va l\u012bdz 50 kHz (-3 dB) Laika ass (atmi\u0146as re\u017e\u012bms): 100&#8230;<\/p>\n","protected":false},"featured_media":42263,"comment_status":"open","ping_status":"closed","template":"","meta":{"_acf_changed":false},"product_brand":[1112],"product_cat":[17725],"product_tag":[],"class_list":{"0":"post-39272","1":"product","2":"type-product","3":"status-publish","4":"has-post-thumbnail","6":"product_brand-hioki","7":"product_cat-datu-registretaji","9":"first","10":"instock","11":"taxable","12":"shipping-taxable","13":"product-type-simple"},"acf":[],"yoast_head":"<!-- This site is optimized with the Yoast SEO plugin v27.0 - https:\/\/yoast.com\/product\/yoast-seo-wordpress\/ -->\n<title>HIOKI MR8870 datu re\u0123istrators - AXIOMA MS<\/title>\n<meta name=\"robots\" content=\"index, follow, max-snippet:-1, max-image-preview:large, max-video-preview:-1\" \/>\n<link rel=\"canonical\" href=\"https:\/\/www.axiomams.eu\/lv\/produktas\/hioki-mr8870-datu-registrators\" \/>\n<meta property=\"og:locale\" content=\"lv_LV\" \/>\n<meta property=\"og:type\" content=\"article\" \/>\n<meta property=\"og:title\" content=\"HIOKI MR8870 datu re\u0123istrators - AXIOMA MS\" \/>\n<meta property=\"og:description\" content=\"Kan\u0101lu skaits: 2 analogie kan\u0101li + 4 lo\u0123iskie kan\u0101li (standarta) M\u0113r\u012bjumu diapazoni: 10 mV &#8230; 50 V\/div (10 dal\u012bt\u0101ju pilna skala), 12 diapazoni, iz\u0161\u0137irtsp\u0113ja: iz\u0161\u0137irtsp\u0113ja: 1\/100 no diapazona Maksim\u0101lais nomin\u0101lais spriegums: Starp spail\u0113m: Starp spail\u0113m un zemi: 300 VAC, DC CAT II Frekvences raksturlielumi: L\u012bdzstr\u0101va l\u012bdz 50 kHz (-3 dB) Laika ass (atmi\u0146as re\u017e\u012bms): 100...\" \/>\n<meta property=\"og:url\" content=\"https:\/\/www.axiomams.eu\/lv\/produktas\/hioki-mr8870-datu-registrators\" \/>\n<meta property=\"og:site_name\" content=\"AXIOMA MS\" \/>\n<meta property=\"article:publisher\" content=\"https:\/\/www.facebook.com\/AxiomaMS\" \/>\n<meta property=\"article:modified_time\" content=\"2026-03-25T15:01:12+00:00\" \/>\n<meta property=\"og:image\" content=\"https:\/\/www.axiomams.eu\/wp-content\/uploads\/2025\/07\/2766-6045.jpg\" \/>\n\t<meta property=\"og:image:width\" content=\"1020\" \/>\n\t<meta property=\"og:image:height\" content=\"1020\" \/>\n\t<meta property=\"og:image:type\" content=\"image\/jpeg\" \/>\n<meta name=\"twitter:card\" content=\"summary_large_image\" \/>\n<meta name=\"twitter:label1\" content=\"Est. reading time\" \/>\n\t<meta name=\"twitter:data1\" content=\"1 minute\" \/>\n<script type=\"application\/ld+json\" class=\"yoast-schema-graph\">{\"@context\":\"https:\/\/schema.org\",\"@graph\":[{\"@type\":\"WebPage\",\"@id\":\"https:\/\/www.axiomams.eu\/lv\/produktas\/hioki-mr8870-datu-registrators\",\"url\":\"https:\/\/www.axiomams.eu\/lv\/produktas\/hioki-mr8870-datu-registrators\",\"name\":\"HIOKI MR8870 datu re\u0123istrators - AXIOMA MS\",\"isPartOf\":{\"@id\":\"https:\/\/www.axiomams.eu\/lv#website\"},\"primaryImageOfPage\":{\"@id\":\"https:\/\/www.axiomams.eu\/lv\/produktas\/hioki-mr8870-datu-registrators#primaryimage\"},\"image\":{\"@id\":\"https:\/\/www.axiomams.eu\/lv\/produktas\/hioki-mr8870-datu-registrators#primaryimage\"},\"thumbnailUrl\":\"https:\/\/www.axiomams.eu\/wp-content\/uploads\/2025\/07\/2766-6045.jpg\",\"datePublished\":\"2025-05-15T16:04:23+00:00\",\"dateModified\":\"2026-03-25T15:01:12+00:00\",\"breadcrumb\":{\"@id\":\"https:\/\/www.axiomams.eu\/lv\/produktas\/hioki-mr8870-datu-registrators#breadcrumb\"},\"inLanguage\":\"lv-LV\",\"potentialAction\":[{\"@type\":\"ReadAction\",\"target\":[\"https:\/\/www.axiomams.eu\/lv\/produktas\/hioki-mr8870-datu-registrators\"]}]},{\"@type\":\"ImageObject\",\"inLanguage\":\"lv-LV\",\"@id\":\"https:\/\/www.axiomams.eu\/lv\/produktas\/hioki-mr8870-datu-registrators#primaryimage\",\"url\":\"https:\/\/www.axiomams.eu\/wp-content\/uploads\/2025\/07\/2766-6045.jpg\",\"contentUrl\":\"https:\/\/www.axiomams.eu\/wp-content\/uploads\/2025\/07\/2766-6045.jpg\",\"width\":1020,\"height\":1020},{\"@type\":\"BreadcrumbList\",\"@id\":\"https:\/\/www.axiomams.eu\/lv\/produktas\/hioki-mr8870-datu-registrators#breadcrumb\",\"itemListElement\":[{\"@type\":\"ListItem\",\"position\":1,\"name\":\"Home\",\"item\":\"https:\/\/www.axiomams.eu\/lv\"},{\"@type\":\"ListItem\",\"position\":2,\"name\":\"Produkti\",\"item\":\"https:\/\/www.axiomams.eu\/lv\/produkti\"},{\"@type\":\"ListItem\",\"position\":3,\"name\":\"HIOKI MR8870 datu re\u0123istrators\"}]},{\"@type\":\"WebSite\",\"@id\":\"https:\/\/www.axiomams.eu\/lv#website\",\"url\":\"https:\/\/www.axiomams.eu\/lv\",\"name\":\"AXIOMA MS\",\"description\":\"Terrmovizoriai ir matavimo \u012franga\",\"publisher\":{\"@id\":\"https:\/\/www.axiomams.eu\/lv#organization\"},\"potentialAction\":[{\"@type\":\"SearchAction\",\"target\":{\"@type\":\"EntryPoint\",\"urlTemplate\":\"https:\/\/www.axiomams.eu\/lv?s={search_term_string}\"},\"query-input\":{\"@type\":\"PropertyValueSpecification\",\"valueRequired\":true,\"valueName\":\"search_term_string\"}}],\"inLanguage\":\"lv-LV\"},{\"@type\":\"Organization\",\"@id\":\"https:\/\/www.axiomams.eu\/lv#organization\",\"name\":\"AXIOMA MS\",\"url\":\"https:\/\/www.axiomams.eu\/lv\",\"logo\":{\"@type\":\"ImageObject\",\"inLanguage\":\"lv-LV\",\"@id\":\"https:\/\/www.axiomams.eu\/lv#\/schema\/logo\/image\/\",\"url\":\"https:\/\/www.axiomams.eu\/wp-content\/uploads\/2025\/06\/axioma-logo-2.png\",\"contentUrl\":\"https:\/\/www.axiomams.eu\/wp-content\/uploads\/2025\/06\/axioma-logo-2.png\",\"width\":1200,\"height\":1200,\"caption\":\"AXIOMA MS\"},\"image\":{\"@id\":\"https:\/\/www.axiomams.eu\/lv#\/schema\/logo\/image\/\"},\"sameAs\":[\"https:\/\/www.facebook.com\/AxiomaMS\",\"https:\/\/www.linkedin.com\/company\/axiomams\/\"]}]}<\/script>\n<!-- \/ Yoast SEO plugin. -->","yoast_head_json":{"title":"HIOKI MR8870 datu re\u0123istrators - AXIOMA MS","robots":{"index":"index","follow":"follow","max-snippet":"max-snippet:-1","max-image-preview":"max-image-preview:large","max-video-preview":"max-video-preview:-1"},"canonical":"https:\/\/www.axiomams.eu\/lv\/produktas\/hioki-mr8870-datu-registrators","og_locale":"lv_LV","og_type":"article","og_title":"HIOKI MR8870 datu re\u0123istrators - AXIOMA MS","og_description":"Kan\u0101lu skaits: 2 analogie kan\u0101li + 4 lo\u0123iskie kan\u0101li (standarta) M\u0113r\u012bjumu diapazoni: 10 mV &#8230; 50 V\/div (10 dal\u012bt\u0101ju pilna skala), 12 diapazoni, iz\u0161\u0137irtsp\u0113ja: iz\u0161\u0137irtsp\u0113ja: 1\/100 no diapazona Maksim\u0101lais nomin\u0101lais spriegums: Starp spail\u0113m: Starp spail\u0113m un zemi: 300 VAC, DC CAT II Frekvences raksturlielumi: L\u012bdzstr\u0101va l\u012bdz 50 kHz (-3 dB) Laika ass (atmi\u0146as re\u017e\u012bms): 100...","og_url":"https:\/\/www.axiomams.eu\/lv\/produktas\/hioki-mr8870-datu-registrators","og_site_name":"AXIOMA MS","article_publisher":"https:\/\/www.facebook.com\/AxiomaMS","article_modified_time":"2026-03-25T15:01:12+00:00","og_image":[{"width":1020,"height":1020,"url":"https:\/\/www.axiomams.eu\/wp-content\/uploads\/2025\/07\/2766-6045.jpg","type":"image\/jpeg"}],"twitter_card":"summary_large_image","twitter_misc":{"Est. reading time":"1 minute"},"schema":{"@context":"https:\/\/schema.org","@graph":[{"@type":"WebPage","@id":"https:\/\/www.axiomams.eu\/lv\/produktas\/hioki-mr8870-datu-registrators","url":"https:\/\/www.axiomams.eu\/lv\/produktas\/hioki-mr8870-datu-registrators","name":"HIOKI MR8870 datu re\u0123istrators - AXIOMA MS","isPartOf":{"@id":"https:\/\/www.axiomams.eu\/lv#website"},"primaryImageOfPage":{"@id":"https:\/\/www.axiomams.eu\/lv\/produktas\/hioki-mr8870-datu-registrators#primaryimage"},"image":{"@id":"https:\/\/www.axiomams.eu\/lv\/produktas\/hioki-mr8870-datu-registrators#primaryimage"},"thumbnailUrl":"https:\/\/www.axiomams.eu\/wp-content\/uploads\/2025\/07\/2766-6045.jpg","datePublished":"2025-05-15T16:04:23+00:00","dateModified":"2026-03-25T15:01:12+00:00","breadcrumb":{"@id":"https:\/\/www.axiomams.eu\/lv\/produktas\/hioki-mr8870-datu-registrators#breadcrumb"},"inLanguage":"lv-LV","potentialAction":[{"@type":"ReadAction","target":["https:\/\/www.axiomams.eu\/lv\/produktas\/hioki-mr8870-datu-registrators"]}]},{"@type":"ImageObject","inLanguage":"lv-LV","@id":"https:\/\/www.axiomams.eu\/lv\/produktas\/hioki-mr8870-datu-registrators#primaryimage","url":"https:\/\/www.axiomams.eu\/wp-content\/uploads\/2025\/07\/2766-6045.jpg","contentUrl":"https:\/\/www.axiomams.eu\/wp-content\/uploads\/2025\/07\/2766-6045.jpg","width":1020,"height":1020},{"@type":"BreadcrumbList","@id":"https:\/\/www.axiomams.eu\/lv\/produktas\/hioki-mr8870-datu-registrators#breadcrumb","itemListElement":[{"@type":"ListItem","position":1,"name":"Home","item":"https:\/\/www.axiomams.eu\/lv"},{"@type":"ListItem","position":2,"name":"Produkti","item":"https:\/\/www.axiomams.eu\/lv\/produkti"},{"@type":"ListItem","position":3,"name":"HIOKI MR8870 datu re\u0123istrators"}]},{"@type":"WebSite","@id":"https:\/\/www.axiomams.eu\/lv#website","url":"https:\/\/www.axiomams.eu\/lv","name":"AXIOMA MS","description":"Terrmovizoriai ir matavimo \u012franga","publisher":{"@id":"https:\/\/www.axiomams.eu\/lv#organization"},"potentialAction":[{"@type":"SearchAction","target":{"@type":"EntryPoint","urlTemplate":"https:\/\/www.axiomams.eu\/lv?s={search_term_string}"},"query-input":{"@type":"PropertyValueSpecification","valueRequired":true,"valueName":"search_term_string"}}],"inLanguage":"lv-LV"},{"@type":"Organization","@id":"https:\/\/www.axiomams.eu\/lv#organization","name":"AXIOMA MS","url":"https:\/\/www.axiomams.eu\/lv","logo":{"@type":"ImageObject","inLanguage":"lv-LV","@id":"https:\/\/www.axiomams.eu\/lv#\/schema\/logo\/image\/","url":"https:\/\/www.axiomams.eu\/wp-content\/uploads\/2025\/06\/axioma-logo-2.png","contentUrl":"https:\/\/www.axiomams.eu\/wp-content\/uploads\/2025\/06\/axioma-logo-2.png","width":1200,"height":1200,"caption":"AXIOMA MS"},"image":{"@id":"https:\/\/www.axiomams.eu\/lv#\/schema\/logo\/image\/"},"sameAs":["https:\/\/www.facebook.com\/AxiomaMS","https:\/\/www.linkedin.com\/company\/axiomams\/"]}]}},"_links":{"self":[{"href":"https:\/\/www.axiomams.eu\/lv\/wp-json\/wp\/v2\/product\/39272","targetHints":{"allow":["GET"]}}],"collection":[{"href":"https:\/\/www.axiomams.eu\/lv\/wp-json\/wp\/v2\/product"}],"about":[{"href":"https:\/\/www.axiomams.eu\/lv\/wp-json\/wp\/v2\/types\/product"}],"replies":[{"embeddable":true,"href":"https:\/\/www.axiomams.eu\/lv\/wp-json\/wp\/v2\/comments?post=39272"}],"wp:featuredmedia":[{"embeddable":true,"href":"https:\/\/www.axiomams.eu\/lv\/wp-json\/wp\/v2\/media\/42263"}],"wp:attachment":[{"href":"https:\/\/www.axiomams.eu\/lv\/wp-json\/wp\/v2\/media?parent=39272"}],"wp:term":[{"taxonomy":"product_brand","embeddable":true,"href":"https:\/\/www.axiomams.eu\/lv\/wp-json\/wp\/v2\/product_brand?post=39272"},{"taxonomy":"product_cat","embeddable":true,"href":"https:\/\/www.axiomams.eu\/lv\/wp-json\/wp\/v2\/product_cat?post=39272"},{"taxonomy":"product_tag","embeddable":true,"href":"https:\/\/www.axiomams.eu\/lv\/wp-json\/wp\/v2\/product_tag?post=39272"}],"curies":[{"name":"wp","href":"https:\/\/api.w.org\/{rel}","templated":true}]}}