{"id":39273,"date":"2025-05-15T18:04:23","date_gmt":"2025-05-15T16:04:23","guid":{"rendered":"https:\/\/www.axiomams.eu\/produktas\/hioki-mr8875-datu-registrators"},"modified":"2026-03-25T17:01:12","modified_gmt":"2026-03-25T15:01:12","slug":"hioki-mr8875-datu-registrators","status":"publish","type":"product","link":"https:\/\/www.axiomams.eu\/lv\/produktas\/hioki-mr8875-datu-registrators","title":{"rendered":"HIOKI MR8875 datu re\u0123istrators"},"content":{"rendered":"<p>Ieejas vien\u012bbu skaits: L\u012bdz 4 ligzd\u0101m.<br \/>\nKan\u0101lu skaits: Kan\u0101lu skaits: Maks. 16 analogo kan\u0101li + standarta 8 lo\u0123iskie kan\u0101li + 2 impulsu kan\u0101li<br \/>\nM\u0113r\u012bjumu diapazoni (20 dal\u012bt\u0101ju pilna skala): 5 mV &#8230; 10 V\/div , 11 diapazoni (izmantojot MR8901), 500 mV &#8230; 50 V\/div , 7 diapazoni (ja izmanto MR8905), iz\u0161\u0137irtsp\u0113ja: 1\/1250 diapazona<br \/>\nMaksim\u0101lais nomin\u0101lais spriegums: Starp spail\u0113m: L\u012aDZSTR\u0100VAS SPRIEGUMS: 150 V<br \/>\nStarp spail\u0113m un zemi: 100 V mai\u0146str\u0101vas, l\u012bdzstr\u0101vas (ja izmanto MR8901)<br \/>\nFrekvences raksturlielumi: L\u012bdzstr\u0101va l\u012bdz 100 kHz (-3 dB, ja izmanto MR8901)<br \/>\nLaika ass: 200 \u00b5s &#8230; 5 min\/div, 21 diapazons, paraugu \u0146em\u0161anas periods: 1\/100 no diapazona, iesp\u0113jama \u0101r\u0113j\u0101 paraugu \u0146em\u0161ana<\/p>\n<p>Maksim\u0101lais paraugu \u0146em\u0161anas bie\u017eums:<br \/>\n[Izmantojot MR8901] 500 kS\/s (2 \u03bcs periods, visi kan\u0101li vienlaic\u012bgi).<br \/>\n[Izmantojot MR8902] 10 ms (visi ieejas kan\u0101li tiek sken\u0113ti liel\u0101 \u0101trum\u0101 katr\u0101 ieraksta interv\u0101l\u0101)<br \/>\n[Ja izmanto MR8903] 200 kS\/s (5 \u03bcs periods, visi kan\u0101li vienlaic\u012bgi).<br \/>\n\u0100r\u0113j\u0101 paraugu \u0146em\u0161ana: 200 kS\/s (5 \u03bcs periods)<\/p>\n<p>M\u0113r\u012b\u0161anas funkcijas: \u0100trgaitas funkcija (\u0101trgaitas ierakst\u012b\u0161ana), re\u0101llaika apr\u0113\u0137ins starp kan\u0101liem, FFT apr\u0113\u0137ins vai citas funkcijas.<br \/>\nUzglab\u0101\u0161anas atmi\u0146as ietilp\u012bba: 64 megabaiti<br \/>\nNo\u0146emam\u0101 atmi\u0146as kopija: SD kartes slots \u00d71, USB 2.0 atmi\u0146a<br \/>\nDisplejs: 8,4 collu SVGA-TFT kr\u0101su LCD displejs (800 \u00d7 600 pikse\u013ci).<br \/>\nSakaru saskarnes: LAN: 100BASE-TX (atbalsta DHCP, DNS, FTP serveris\/klients, WEB serveris, e-pasta s\u016bt\u012b\u0161ana, komandu vad\u012bba).<br \/>\nUSB: USB 2.0 sader\u012bgs, mini-B s\u0113rijas ligzda \u00d71 (iestat\u012b\u0161ana \/ m\u0113r\u012b\u0161ana ar sakaru komandu vai failu p\u0101rs\u016bt\u012b\u0161ana no SD kartes uz datoru), A s\u0113rijas ligzda \u00d72 (USB atmi\u0146a, USB pele\/klaviat\u016bra).<br \/>\nBaro\u0161anas avots: Mai\u0146str\u0101vas adapteris Z1002: 100 V &#8230; 240 V mai\u0146str\u0101vas (50\/60 Hz), 56 VA<br \/>\nIzm\u0113ri: 298 x 224 x 84 mm<br \/>\nMasa: 2,4 kg<\/p>\n<p>Standarta komplekts: Hioki MR 8875, lieto\u0161anas pam\u0101c\u012bba, m\u0113r\u012bjumu rokasgr\u0101mata, mai\u0146str\u0101vas adapteris Z1002, aizsardz\u012bbas lapa, USB kabelis, plecu siksna, lietojumprogrammas disks.<\/p>\n<h3>Tehnisk\u0101 inform\u0101cija:<\/h3>\n<ul>\n<li><a href=\"https:\/\/axiomams.eu\/importer\/export\/attachments\/en\/hioki-mr8875.pdf\" target=\"_blank\">Hioki MR8875.pdf<\/a><\/li>\n<\/ul>\n","protected":false},"excerpt":{"rendered":"<p>Ieejas vien\u012bbu skaits: L\u012bdz 4 ligzd\u0101m. Kan\u0101lu skaits: Kan\u0101lu skaits: Maks. 16 analogo kan\u0101li + standarta 8 lo\u0123iskie kan\u0101li + 2 impulsu kan\u0101li M\u0113r\u012bjumu diapazoni (20 dal\u012bt\u0101ju pilna skala): 5 mV &#8230; 10 V\/div , 11 diapazoni (izmantojot MR8901), 500 mV &#8230; 50 V\/div , 7 diapazoni (ja izmanto MR8905), iz\u0161\u0137irtsp\u0113ja: 1\/1250 diapazona Maksim\u0101lais nomin\u0101lais&#8230;<\/p>\n","protected":false},"featured_media":42265,"comment_status":"open","ping_status":"closed","template":"","meta":{"_acf_changed":false},"product_brand":[1112],"product_cat":[17725],"product_tag":[],"class_list":{"0":"post-39273","1":"product","2":"type-product","3":"status-publish","4":"has-post-thumbnail","6":"product_brand-hioki","7":"product_cat-datu-registretaji","9":"first","10":"instock","11":"taxable","12":"shipping-taxable","13":"product-type-simple"},"acf":[],"yoast_head":"<!-- This site is optimized with the Yoast SEO plugin v27.0 - https:\/\/yoast.com\/product\/yoast-seo-wordpress\/ -->\n<title>HIOKI MR8875 datu re\u0123istrators - AXIOMA MS<\/title>\n<meta name=\"robots\" content=\"index, follow, max-snippet:-1, max-image-preview:large, max-video-preview:-1\" \/>\n<link rel=\"canonical\" href=\"https:\/\/www.axiomams.eu\/lv\/produktas\/hioki-mr8875-datu-registrators\" \/>\n<meta property=\"og:locale\" content=\"lv_LV\" \/>\n<meta property=\"og:type\" content=\"article\" \/>\n<meta property=\"og:title\" content=\"HIOKI MR8875 datu re\u0123istrators - AXIOMA MS\" \/>\n<meta property=\"og:description\" content=\"Ieejas vien\u012bbu skaits: L\u012bdz 4 ligzd\u0101m. Kan\u0101lu skaits: Kan\u0101lu skaits: Maks. 16 analogo kan\u0101li + standarta 8 lo\u0123iskie kan\u0101li + 2 impulsu kan\u0101li M\u0113r\u012bjumu diapazoni (20 dal\u012bt\u0101ju pilna skala): 5 mV &#8230; 10 V\/div , 11 diapazoni (izmantojot MR8901), 500 mV &#8230; 50 V\/div , 7 diapazoni (ja izmanto MR8905), iz\u0161\u0137irtsp\u0113ja: 1\/1250 diapazona Maksim\u0101lais nomin\u0101lais...\" \/>\n<meta property=\"og:url\" content=\"https:\/\/www.axiomams.eu\/lv\/produktas\/hioki-mr8875-datu-registrators\" \/>\n<meta property=\"og:site_name\" content=\"AXIOMA MS\" \/>\n<meta property=\"article:publisher\" content=\"https:\/\/www.facebook.com\/AxiomaMS\" \/>\n<meta property=\"article:modified_time\" content=\"2026-03-25T15:01:12+00:00\" \/>\n<meta property=\"og:image\" content=\"https:\/\/www.axiomams.eu\/wp-content\/uploads\/2025\/07\/2767-6048.jpg\" \/>\n\t<meta property=\"og:image:width\" content=\"1020\" \/>\n\t<meta property=\"og:image:height\" content=\"1020\" \/>\n\t<meta property=\"og:image:type\" content=\"image\/jpeg\" \/>\n<meta name=\"twitter:card\" content=\"summary_large_image\" \/>\n<meta name=\"twitter:label1\" content=\"Est. reading time\" \/>\n\t<meta name=\"twitter:data1\" content=\"2 minutes\" \/>\n<script type=\"application\/ld+json\" class=\"yoast-schema-graph\">{\"@context\":\"https:\/\/schema.org\",\"@graph\":[{\"@type\":\"WebPage\",\"@id\":\"https:\/\/www.axiomams.eu\/lv\/produktas\/hioki-mr8875-datu-registrators\",\"url\":\"https:\/\/www.axiomams.eu\/lv\/produktas\/hioki-mr8875-datu-registrators\",\"name\":\"HIOKI MR8875 datu re\u0123istrators - AXIOMA MS\",\"isPartOf\":{\"@id\":\"https:\/\/www.axiomams.eu\/lv#website\"},\"primaryImageOfPage\":{\"@id\":\"https:\/\/www.axiomams.eu\/lv\/produktas\/hioki-mr8875-datu-registrators#primaryimage\"},\"image\":{\"@id\":\"https:\/\/www.axiomams.eu\/lv\/produktas\/hioki-mr8875-datu-registrators#primaryimage\"},\"thumbnailUrl\":\"https:\/\/www.axiomams.eu\/wp-content\/uploads\/2025\/07\/2767-6048.jpg\",\"datePublished\":\"2025-05-15T16:04:23+00:00\",\"dateModified\":\"2026-03-25T15:01:12+00:00\",\"breadcrumb\":{\"@id\":\"https:\/\/www.axiomams.eu\/lv\/produktas\/hioki-mr8875-datu-registrators#breadcrumb\"},\"inLanguage\":\"lv-LV\",\"potentialAction\":[{\"@type\":\"ReadAction\",\"target\":[\"https:\/\/www.axiomams.eu\/lv\/produktas\/hioki-mr8875-datu-registrators\"]}]},{\"@type\":\"ImageObject\",\"inLanguage\":\"lv-LV\",\"@id\":\"https:\/\/www.axiomams.eu\/lv\/produktas\/hioki-mr8875-datu-registrators#primaryimage\",\"url\":\"https:\/\/www.axiomams.eu\/wp-content\/uploads\/2025\/07\/2767-6048.jpg\",\"contentUrl\":\"https:\/\/www.axiomams.eu\/wp-content\/uploads\/2025\/07\/2767-6048.jpg\",\"width\":1020,\"height\":1020},{\"@type\":\"BreadcrumbList\",\"@id\":\"https:\/\/www.axiomams.eu\/lv\/produktas\/hioki-mr8875-datu-registrators#breadcrumb\",\"itemListElement\":[{\"@type\":\"ListItem\",\"position\":1,\"name\":\"Home\",\"item\":\"https:\/\/www.axiomams.eu\/lv\"},{\"@type\":\"ListItem\",\"position\":2,\"name\":\"Produkti\",\"item\":\"https:\/\/www.axiomams.eu\/lv\/produkti\"},{\"@type\":\"ListItem\",\"position\":3,\"name\":\"HIOKI MR8875 datu re\u0123istrators\"}]},{\"@type\":\"WebSite\",\"@id\":\"https:\/\/www.axiomams.eu\/lv#website\",\"url\":\"https:\/\/www.axiomams.eu\/lv\",\"name\":\"AXIOMA MS\",\"description\":\"Terrmovizoriai ir matavimo \u012franga\",\"publisher\":{\"@id\":\"https:\/\/www.axiomams.eu\/lv#organization\"},\"potentialAction\":[{\"@type\":\"SearchAction\",\"target\":{\"@type\":\"EntryPoint\",\"urlTemplate\":\"https:\/\/www.axiomams.eu\/lv?s={search_term_string}\"},\"query-input\":{\"@type\":\"PropertyValueSpecification\",\"valueRequired\":true,\"valueName\":\"search_term_string\"}}],\"inLanguage\":\"lv-LV\"},{\"@type\":\"Organization\",\"@id\":\"https:\/\/www.axiomams.eu\/lv#organization\",\"name\":\"AXIOMA MS\",\"url\":\"https:\/\/www.axiomams.eu\/lv\",\"logo\":{\"@type\":\"ImageObject\",\"inLanguage\":\"lv-LV\",\"@id\":\"https:\/\/www.axiomams.eu\/lv#\/schema\/logo\/image\/\",\"url\":\"https:\/\/www.axiomams.eu\/wp-content\/uploads\/2025\/06\/axioma-logo-2.png\",\"contentUrl\":\"https:\/\/www.axiomams.eu\/wp-content\/uploads\/2025\/06\/axioma-logo-2.png\",\"width\":1200,\"height\":1200,\"caption\":\"AXIOMA MS\"},\"image\":{\"@id\":\"https:\/\/www.axiomams.eu\/lv#\/schema\/logo\/image\/\"},\"sameAs\":[\"https:\/\/www.facebook.com\/AxiomaMS\",\"https:\/\/www.linkedin.com\/company\/axiomams\/\"]}]}<\/script>\n<!-- \/ Yoast SEO plugin. -->","yoast_head_json":{"title":"HIOKI MR8875 datu re\u0123istrators - AXIOMA MS","robots":{"index":"index","follow":"follow","max-snippet":"max-snippet:-1","max-image-preview":"max-image-preview:large","max-video-preview":"max-video-preview:-1"},"canonical":"https:\/\/www.axiomams.eu\/lv\/produktas\/hioki-mr8875-datu-registrators","og_locale":"lv_LV","og_type":"article","og_title":"HIOKI MR8875 datu re\u0123istrators - AXIOMA MS","og_description":"Ieejas vien\u012bbu skaits: L\u012bdz 4 ligzd\u0101m. Kan\u0101lu skaits: Kan\u0101lu skaits: Maks. 16 analogo kan\u0101li + standarta 8 lo\u0123iskie kan\u0101li + 2 impulsu kan\u0101li M\u0113r\u012bjumu diapazoni (20 dal\u012bt\u0101ju pilna skala): 5 mV &#8230; 10 V\/div , 11 diapazoni (izmantojot MR8901), 500 mV &#8230; 50 V\/div , 7 diapazoni (ja izmanto MR8905), iz\u0161\u0137irtsp\u0113ja: 1\/1250 diapazona Maksim\u0101lais nomin\u0101lais...","og_url":"https:\/\/www.axiomams.eu\/lv\/produktas\/hioki-mr8875-datu-registrators","og_site_name":"AXIOMA MS","article_publisher":"https:\/\/www.facebook.com\/AxiomaMS","article_modified_time":"2026-03-25T15:01:12+00:00","og_image":[{"width":1020,"height":1020,"url":"https:\/\/www.axiomams.eu\/wp-content\/uploads\/2025\/07\/2767-6048.jpg","type":"image\/jpeg"}],"twitter_card":"summary_large_image","twitter_misc":{"Est. reading time":"2 minutes"},"schema":{"@context":"https:\/\/schema.org","@graph":[{"@type":"WebPage","@id":"https:\/\/www.axiomams.eu\/lv\/produktas\/hioki-mr8875-datu-registrators","url":"https:\/\/www.axiomams.eu\/lv\/produktas\/hioki-mr8875-datu-registrators","name":"HIOKI MR8875 datu re\u0123istrators - AXIOMA MS","isPartOf":{"@id":"https:\/\/www.axiomams.eu\/lv#website"},"primaryImageOfPage":{"@id":"https:\/\/www.axiomams.eu\/lv\/produktas\/hioki-mr8875-datu-registrators#primaryimage"},"image":{"@id":"https:\/\/www.axiomams.eu\/lv\/produktas\/hioki-mr8875-datu-registrators#primaryimage"},"thumbnailUrl":"https:\/\/www.axiomams.eu\/wp-content\/uploads\/2025\/07\/2767-6048.jpg","datePublished":"2025-05-15T16:04:23+00:00","dateModified":"2026-03-25T15:01:12+00:00","breadcrumb":{"@id":"https:\/\/www.axiomams.eu\/lv\/produktas\/hioki-mr8875-datu-registrators#breadcrumb"},"inLanguage":"lv-LV","potentialAction":[{"@type":"ReadAction","target":["https:\/\/www.axiomams.eu\/lv\/produktas\/hioki-mr8875-datu-registrators"]}]},{"@type":"ImageObject","inLanguage":"lv-LV","@id":"https:\/\/www.axiomams.eu\/lv\/produktas\/hioki-mr8875-datu-registrators#primaryimage","url":"https:\/\/www.axiomams.eu\/wp-content\/uploads\/2025\/07\/2767-6048.jpg","contentUrl":"https:\/\/www.axiomams.eu\/wp-content\/uploads\/2025\/07\/2767-6048.jpg","width":1020,"height":1020},{"@type":"BreadcrumbList","@id":"https:\/\/www.axiomams.eu\/lv\/produktas\/hioki-mr8875-datu-registrators#breadcrumb","itemListElement":[{"@type":"ListItem","position":1,"name":"Home","item":"https:\/\/www.axiomams.eu\/lv"},{"@type":"ListItem","position":2,"name":"Produkti","item":"https:\/\/www.axiomams.eu\/lv\/produkti"},{"@type":"ListItem","position":3,"name":"HIOKI MR8875 datu re\u0123istrators"}]},{"@type":"WebSite","@id":"https:\/\/www.axiomams.eu\/lv#website","url":"https:\/\/www.axiomams.eu\/lv","name":"AXIOMA MS","description":"Terrmovizoriai ir matavimo \u012franga","publisher":{"@id":"https:\/\/www.axiomams.eu\/lv#organization"},"potentialAction":[{"@type":"SearchAction","target":{"@type":"EntryPoint","urlTemplate":"https:\/\/www.axiomams.eu\/lv?s={search_term_string}"},"query-input":{"@type":"PropertyValueSpecification","valueRequired":true,"valueName":"search_term_string"}}],"inLanguage":"lv-LV"},{"@type":"Organization","@id":"https:\/\/www.axiomams.eu\/lv#organization","name":"AXIOMA MS","url":"https:\/\/www.axiomams.eu\/lv","logo":{"@type":"ImageObject","inLanguage":"lv-LV","@id":"https:\/\/www.axiomams.eu\/lv#\/schema\/logo\/image\/","url":"https:\/\/www.axiomams.eu\/wp-content\/uploads\/2025\/06\/axioma-logo-2.png","contentUrl":"https:\/\/www.axiomams.eu\/wp-content\/uploads\/2025\/06\/axioma-logo-2.png","width":1200,"height":1200,"caption":"AXIOMA MS"},"image":{"@id":"https:\/\/www.axiomams.eu\/lv#\/schema\/logo\/image\/"},"sameAs":["https:\/\/www.facebook.com\/AxiomaMS","https:\/\/www.linkedin.com\/company\/axiomams\/"]}]}},"_links":{"self":[{"href":"https:\/\/www.axiomams.eu\/lv\/wp-json\/wp\/v2\/product\/39273","targetHints":{"allow":["GET"]}}],"collection":[{"href":"https:\/\/www.axiomams.eu\/lv\/wp-json\/wp\/v2\/product"}],"about":[{"href":"https:\/\/www.axiomams.eu\/lv\/wp-json\/wp\/v2\/types\/product"}],"replies":[{"embeddable":true,"href":"https:\/\/www.axiomams.eu\/lv\/wp-json\/wp\/v2\/comments?post=39273"}],"wp:featuredmedia":[{"embeddable":true,"href":"https:\/\/www.axiomams.eu\/lv\/wp-json\/wp\/v2\/media\/42265"}],"wp:attachment":[{"href":"https:\/\/www.axiomams.eu\/lv\/wp-json\/wp\/v2\/media?parent=39273"}],"wp:term":[{"taxonomy":"product_brand","embeddable":true,"href":"https:\/\/www.axiomams.eu\/lv\/wp-json\/wp\/v2\/product_brand?post=39273"},{"taxonomy":"product_cat","embeddable":true,"href":"https:\/\/www.axiomams.eu\/lv\/wp-json\/wp\/v2\/product_cat?post=39273"},{"taxonomy":"product_tag","embeddable":true,"href":"https:\/\/www.axiomams.eu\/lv\/wp-json\/wp\/v2\/product_tag?post=39273"}],"curies":[{"name":"wp","href":"https:\/\/api.w.org\/{rel}","templated":true}]}}