{"id":39274,"date":"2025-05-15T18:04:24","date_gmt":"2025-05-15T16:04:24","guid":{"rendered":"https:\/\/www.axiomams.eu\/produktas\/polytec-msa-100-3d-vibrometrs"},"modified":"2026-03-25T17:01:12","modified_gmt":"2026-03-25T15:01:12","slug":"polytec-msa-100-3d-vibrometrs","status":"publish","type":"product","link":"https:\/\/www.axiomams.eu\/lv\/produktas\/polytec-msa-100-3d-vibrometrs","title":{"rendered":"Polytec MSA-100-3D vibrometrs"},"content":{"rendered":"<p><b>Mikrosist\u0113mu analizators MSA-100-3D<\/b> ir paredz\u0113ts 3D vibr\u0101ciju anal\u012bzei ar augstu s\u0101nu iz\u0161\u0137irtsp\u0113ju. Tas ir \u012bpa\u0161i piem\u0113rots mikrosist\u0113m\u0101m, prec\u012bz\u0101s meh\u0101nikas deta\u013c\u0101m, k\u0101 ar\u012b HGA un sekund\u0101ro izpildmeh\u0101nismu dinamikas p\u0113t\u012bjumiem datu glab\u0101\u0161anas nozar\u0113. Integr\u0113tais XY-travers\u0101lais stat\u012bvs ar pilnu programmat\u016bras atbalstu augstas precizit\u0101tes parauga kust\u012bbai \u013cauj veikt sken\u0113tus m\u0113r\u012bjumus, lai ieg\u016btu 3D novirzes formas.<\/p>\n<p>&#8211; Vibr\u0101ciju m\u0113r\u012bjumi re\u0101laj\u0101 laik\u0101 ar lielu frekven\u010du joslas platumu l\u012bdz 25 MHz.<br \/>\n&#8211; Amplit\u016bdas iz\u0161\u0137irtsp\u0113ja zem pikometra gan kust\u012bb\u0101m \u0101rpus plaknes, gan plakn\u0113.<br \/>\n&#8211; Gan viena punkta, gan pilna lauka m\u0113r\u012bjumi<br \/>\n&#8211; Mazs l\u0101zera starpsv\u012btras laukums, kas maz\u0101ks par 4 \u03bcm, nodro\u0161ina maksim\u0101lu s\u0101nu iz\u0161\u0137irtsp\u0113ju.<br \/>\n&#8211; Liels att\u0101lums l\u012bdz 38 mm<br \/>\n&#8211; Savietojam\u012bba ar parastaj\u0101m MEMS zond\u0113\u0161anas stacij\u0101m<\/p>\n<h3>Tehnisk\u0101 inform\u0101cija:<\/h3>\n<ul>\n<li><a href=\"https:\/\/axiomams.eu\/importer\/export\/attachments\/en\/polytec-msa-100-3d.pdf\" target=\"_blank\">Polytec MSA-100-3D.pdf<\/a><\/li>\n<\/ul>\n","protected":false},"excerpt":{"rendered":"<p>Mikrosist\u0113mu analizators MSA-100-3D ir paredz\u0113ts 3D vibr\u0101ciju anal\u012bzei ar augstu s\u0101nu iz\u0161\u0137irtsp\u0113ju. Tas ir \u012bpa\u0161i piem\u0113rots mikrosist\u0113m\u0101m, prec\u012bz\u0101s meh\u0101nikas deta\u013c\u0101m, k\u0101 ar\u012b HGA un sekund\u0101ro izpildmeh\u0101nismu dinamikas p\u0113t\u012bjumiem datu glab\u0101\u0161anas nozar\u0113. Integr\u0113tais XY-travers\u0101lais stat\u012bvs ar pilnu programmat\u016bras atbalstu augstas precizit\u0101tes parauga kust\u012bbai \u013cauj veikt sken\u0113tus m\u0113r\u012bjumus, lai ieg\u016btu 3D novirzes formas. &#8211; Vibr\u0101ciju m\u0113r\u012bjumi re\u0101laj\u0101&#8230;<\/p>\n","protected":false},"featured_media":42267,"comment_status":"open","ping_status":"closed","template":"","meta":{"_acf_changed":false},"product_brand":[17687],"product_cat":[17755],"product_tag":[],"class_list":{"0":"post-39274","1":"product","2":"type-product","3":"status-publish","4":"has-post-thumbnail","6":"product_brand-polytec","7":"product_cat-bezkontakta-vibracijas-merijumiem","9":"first","10":"instock","11":"taxable","12":"shipping-taxable","13":"product-type-simple"},"acf":[],"yoast_head":"<!-- This site is optimized with the Yoast SEO plugin v27.0 - https:\/\/yoast.com\/product\/yoast-seo-wordpress\/ -->\n<title>Polytec MSA-100-3D vibrometrs - AXIOMA MS<\/title>\n<meta name=\"robots\" content=\"index, follow, max-snippet:-1, max-image-preview:large, max-video-preview:-1\" \/>\n<link rel=\"canonical\" href=\"https:\/\/www.axiomams.eu\/lv\/produktas\/polytec-msa-100-3d-vibrometrs\" \/>\n<meta property=\"og:locale\" content=\"lv_LV\" \/>\n<meta property=\"og:type\" content=\"article\" \/>\n<meta property=\"og:title\" content=\"Polytec MSA-100-3D vibrometrs - AXIOMA MS\" \/>\n<meta property=\"og:description\" content=\"Mikrosist\u0113mu analizators MSA-100-3D ir paredz\u0113ts 3D vibr\u0101ciju anal\u012bzei ar augstu s\u0101nu iz\u0161\u0137irtsp\u0113ju. Tas ir \u012bpa\u0161i piem\u0113rots mikrosist\u0113m\u0101m, prec\u012bz\u0101s meh\u0101nikas deta\u013c\u0101m, k\u0101 ar\u012b HGA un sekund\u0101ro izpildmeh\u0101nismu dinamikas p\u0113t\u012bjumiem datu glab\u0101\u0161anas nozar\u0113. Integr\u0113tais XY-travers\u0101lais stat\u012bvs ar pilnu programmat\u016bras atbalstu augstas precizit\u0101tes parauga kust\u012bbai \u013cauj veikt sken\u0113tus m\u0113r\u012bjumus, lai ieg\u016btu 3D novirzes formas. &#8211; Vibr\u0101ciju m\u0113r\u012bjumi re\u0101laj\u0101...\" \/>\n<meta property=\"og:url\" content=\"https:\/\/www.axiomams.eu\/lv\/produktas\/polytec-msa-100-3d-vibrometrs\" \/>\n<meta property=\"og:site_name\" content=\"AXIOMA MS\" \/>\n<meta property=\"article:publisher\" content=\"https:\/\/www.facebook.com\/AxiomaMS\" \/>\n<meta property=\"article:modified_time\" content=\"2026-03-25T15:01:12+00:00\" \/>\n<meta property=\"og:image\" content=\"https:\/\/www.axiomams.eu\/wp-content\/uploads\/2025\/07\/3430-4600.jpg\" \/>\n\t<meta property=\"og:image:width\" content=\"900\" \/>\n\t<meta property=\"og:image:height\" content=\"636\" \/>\n\t<meta property=\"og:image:type\" content=\"image\/jpeg\" \/>\n<meta name=\"twitter:card\" content=\"summary_large_image\" \/>\n<meta name=\"twitter:label1\" content=\"Est. reading time\" \/>\n\t<meta name=\"twitter:data1\" content=\"1 minute\" \/>\n<script type=\"application\/ld+json\" class=\"yoast-schema-graph\">{\"@context\":\"https:\/\/schema.org\",\"@graph\":[{\"@type\":\"WebPage\",\"@id\":\"https:\/\/www.axiomams.eu\/lv\/produktas\/polytec-msa-100-3d-vibrometrs\",\"url\":\"https:\/\/www.axiomams.eu\/lv\/produktas\/polytec-msa-100-3d-vibrometrs\",\"name\":\"Polytec MSA-100-3D vibrometrs - AXIOMA MS\",\"isPartOf\":{\"@id\":\"https:\/\/www.axiomams.eu\/lv#website\"},\"primaryImageOfPage\":{\"@id\":\"https:\/\/www.axiomams.eu\/lv\/produktas\/polytec-msa-100-3d-vibrometrs#primaryimage\"},\"image\":{\"@id\":\"https:\/\/www.axiomams.eu\/lv\/produktas\/polytec-msa-100-3d-vibrometrs#primaryimage\"},\"thumbnailUrl\":\"https:\/\/www.axiomams.eu\/wp-content\/uploads\/2025\/07\/3430-4600.jpg\",\"datePublished\":\"2025-05-15T16:04:24+00:00\",\"dateModified\":\"2026-03-25T15:01:12+00:00\",\"breadcrumb\":{\"@id\":\"https:\/\/www.axiomams.eu\/lv\/produktas\/polytec-msa-100-3d-vibrometrs#breadcrumb\"},\"inLanguage\":\"lv-LV\",\"potentialAction\":[{\"@type\":\"ReadAction\",\"target\":[\"https:\/\/www.axiomams.eu\/lv\/produktas\/polytec-msa-100-3d-vibrometrs\"]}]},{\"@type\":\"ImageObject\",\"inLanguage\":\"lv-LV\",\"@id\":\"https:\/\/www.axiomams.eu\/lv\/produktas\/polytec-msa-100-3d-vibrometrs#primaryimage\",\"url\":\"https:\/\/www.axiomams.eu\/wp-content\/uploads\/2025\/07\/3430-4600.jpg\",\"contentUrl\":\"https:\/\/www.axiomams.eu\/wp-content\/uploads\/2025\/07\/3430-4600.jpg\",\"width\":900,\"height\":636},{\"@type\":\"BreadcrumbList\",\"@id\":\"https:\/\/www.axiomams.eu\/lv\/produktas\/polytec-msa-100-3d-vibrometrs#breadcrumb\",\"itemListElement\":[{\"@type\":\"ListItem\",\"position\":1,\"name\":\"Home\",\"item\":\"https:\/\/www.axiomams.eu\/lv\"},{\"@type\":\"ListItem\",\"position\":2,\"name\":\"Produkti\",\"item\":\"https:\/\/www.axiomams.eu\/lv\/produkti\"},{\"@type\":\"ListItem\",\"position\":3,\"name\":\"Polytec MSA-100-3D vibrometrs\"}]},{\"@type\":\"WebSite\",\"@id\":\"https:\/\/www.axiomams.eu\/lv#website\",\"url\":\"https:\/\/www.axiomams.eu\/lv\",\"name\":\"AXIOMA MS\",\"description\":\"Terrmovizoriai ir matavimo \u012franga\",\"publisher\":{\"@id\":\"https:\/\/www.axiomams.eu\/lv#organization\"},\"potentialAction\":[{\"@type\":\"SearchAction\",\"target\":{\"@type\":\"EntryPoint\",\"urlTemplate\":\"https:\/\/www.axiomams.eu\/lv?s={search_term_string}\"},\"query-input\":{\"@type\":\"PropertyValueSpecification\",\"valueRequired\":true,\"valueName\":\"search_term_string\"}}],\"inLanguage\":\"lv-LV\"},{\"@type\":\"Organization\",\"@id\":\"https:\/\/www.axiomams.eu\/lv#organization\",\"name\":\"AXIOMA MS\",\"url\":\"https:\/\/www.axiomams.eu\/lv\",\"logo\":{\"@type\":\"ImageObject\",\"inLanguage\":\"lv-LV\",\"@id\":\"https:\/\/www.axiomams.eu\/lv#\/schema\/logo\/image\/\",\"url\":\"https:\/\/www.axiomams.eu\/wp-content\/uploads\/2025\/06\/axioma-logo-2.png\",\"contentUrl\":\"https:\/\/www.axiomams.eu\/wp-content\/uploads\/2025\/06\/axioma-logo-2.png\",\"width\":1200,\"height\":1200,\"caption\":\"AXIOMA MS\"},\"image\":{\"@id\":\"https:\/\/www.axiomams.eu\/lv#\/schema\/logo\/image\/\"},\"sameAs\":[\"https:\/\/www.facebook.com\/AxiomaMS\",\"https:\/\/www.linkedin.com\/company\/axiomams\/\"]}]}<\/script>\n<!-- \/ Yoast SEO plugin. -->","yoast_head_json":{"title":"Polytec MSA-100-3D vibrometrs - AXIOMA MS","robots":{"index":"index","follow":"follow","max-snippet":"max-snippet:-1","max-image-preview":"max-image-preview:large","max-video-preview":"max-video-preview:-1"},"canonical":"https:\/\/www.axiomams.eu\/lv\/produktas\/polytec-msa-100-3d-vibrometrs","og_locale":"lv_LV","og_type":"article","og_title":"Polytec MSA-100-3D vibrometrs - AXIOMA MS","og_description":"Mikrosist\u0113mu analizators MSA-100-3D ir paredz\u0113ts 3D vibr\u0101ciju anal\u012bzei ar augstu s\u0101nu iz\u0161\u0137irtsp\u0113ju. Tas ir \u012bpa\u0161i piem\u0113rots mikrosist\u0113m\u0101m, prec\u012bz\u0101s meh\u0101nikas deta\u013c\u0101m, k\u0101 ar\u012b HGA un sekund\u0101ro izpildmeh\u0101nismu dinamikas p\u0113t\u012bjumiem datu glab\u0101\u0161anas nozar\u0113. Integr\u0113tais XY-travers\u0101lais stat\u012bvs ar pilnu programmat\u016bras atbalstu augstas precizit\u0101tes parauga kust\u012bbai \u013cauj veikt sken\u0113tus m\u0113r\u012bjumus, lai ieg\u016btu 3D novirzes formas. &#8211; Vibr\u0101ciju m\u0113r\u012bjumi re\u0101laj\u0101...","og_url":"https:\/\/www.axiomams.eu\/lv\/produktas\/polytec-msa-100-3d-vibrometrs","og_site_name":"AXIOMA MS","article_publisher":"https:\/\/www.facebook.com\/AxiomaMS","article_modified_time":"2026-03-25T15:01:12+00:00","og_image":[{"width":900,"height":636,"url":"https:\/\/www.axiomams.eu\/wp-content\/uploads\/2025\/07\/3430-4600.jpg","type":"image\/jpeg"}],"twitter_card":"summary_large_image","twitter_misc":{"Est. reading time":"1 minute"},"schema":{"@context":"https:\/\/schema.org","@graph":[{"@type":"WebPage","@id":"https:\/\/www.axiomams.eu\/lv\/produktas\/polytec-msa-100-3d-vibrometrs","url":"https:\/\/www.axiomams.eu\/lv\/produktas\/polytec-msa-100-3d-vibrometrs","name":"Polytec MSA-100-3D vibrometrs - AXIOMA MS","isPartOf":{"@id":"https:\/\/www.axiomams.eu\/lv#website"},"primaryImageOfPage":{"@id":"https:\/\/www.axiomams.eu\/lv\/produktas\/polytec-msa-100-3d-vibrometrs#primaryimage"},"image":{"@id":"https:\/\/www.axiomams.eu\/lv\/produktas\/polytec-msa-100-3d-vibrometrs#primaryimage"},"thumbnailUrl":"https:\/\/www.axiomams.eu\/wp-content\/uploads\/2025\/07\/3430-4600.jpg","datePublished":"2025-05-15T16:04:24+00:00","dateModified":"2026-03-25T15:01:12+00:00","breadcrumb":{"@id":"https:\/\/www.axiomams.eu\/lv\/produktas\/polytec-msa-100-3d-vibrometrs#breadcrumb"},"inLanguage":"lv-LV","potentialAction":[{"@type":"ReadAction","target":["https:\/\/www.axiomams.eu\/lv\/produktas\/polytec-msa-100-3d-vibrometrs"]}]},{"@type":"ImageObject","inLanguage":"lv-LV","@id":"https:\/\/www.axiomams.eu\/lv\/produktas\/polytec-msa-100-3d-vibrometrs#primaryimage","url":"https:\/\/www.axiomams.eu\/wp-content\/uploads\/2025\/07\/3430-4600.jpg","contentUrl":"https:\/\/www.axiomams.eu\/wp-content\/uploads\/2025\/07\/3430-4600.jpg","width":900,"height":636},{"@type":"BreadcrumbList","@id":"https:\/\/www.axiomams.eu\/lv\/produktas\/polytec-msa-100-3d-vibrometrs#breadcrumb","itemListElement":[{"@type":"ListItem","position":1,"name":"Home","item":"https:\/\/www.axiomams.eu\/lv"},{"@type":"ListItem","position":2,"name":"Produkti","item":"https:\/\/www.axiomams.eu\/lv\/produkti"},{"@type":"ListItem","position":3,"name":"Polytec MSA-100-3D vibrometrs"}]},{"@type":"WebSite","@id":"https:\/\/www.axiomams.eu\/lv#website","url":"https:\/\/www.axiomams.eu\/lv","name":"AXIOMA MS","description":"Terrmovizoriai ir matavimo \u012franga","publisher":{"@id":"https:\/\/www.axiomams.eu\/lv#organization"},"potentialAction":[{"@type":"SearchAction","target":{"@type":"EntryPoint","urlTemplate":"https:\/\/www.axiomams.eu\/lv?s={search_term_string}"},"query-input":{"@type":"PropertyValueSpecification","valueRequired":true,"valueName":"search_term_string"}}],"inLanguage":"lv-LV"},{"@type":"Organization","@id":"https:\/\/www.axiomams.eu\/lv#organization","name":"AXIOMA MS","url":"https:\/\/www.axiomams.eu\/lv","logo":{"@type":"ImageObject","inLanguage":"lv-LV","@id":"https:\/\/www.axiomams.eu\/lv#\/schema\/logo\/image\/","url":"https:\/\/www.axiomams.eu\/wp-content\/uploads\/2025\/06\/axioma-logo-2.png","contentUrl":"https:\/\/www.axiomams.eu\/wp-content\/uploads\/2025\/06\/axioma-logo-2.png","width":1200,"height":1200,"caption":"AXIOMA MS"},"image":{"@id":"https:\/\/www.axiomams.eu\/lv#\/schema\/logo\/image\/"},"sameAs":["https:\/\/www.facebook.com\/AxiomaMS","https:\/\/www.linkedin.com\/company\/axiomams\/"]}]}},"_links":{"self":[{"href":"https:\/\/www.axiomams.eu\/lv\/wp-json\/wp\/v2\/product\/39274","targetHints":{"allow":["GET"]}}],"collection":[{"href":"https:\/\/www.axiomams.eu\/lv\/wp-json\/wp\/v2\/product"}],"about":[{"href":"https:\/\/www.axiomams.eu\/lv\/wp-json\/wp\/v2\/types\/product"}],"replies":[{"embeddable":true,"href":"https:\/\/www.axiomams.eu\/lv\/wp-json\/wp\/v2\/comments?post=39274"}],"wp:featuredmedia":[{"embeddable":true,"href":"https:\/\/www.axiomams.eu\/lv\/wp-json\/wp\/v2\/media\/42267"}],"wp:attachment":[{"href":"https:\/\/www.axiomams.eu\/lv\/wp-json\/wp\/v2\/media?parent=39274"}],"wp:term":[{"taxonomy":"product_brand","embeddable":true,"href":"https:\/\/www.axiomams.eu\/lv\/wp-json\/wp\/v2\/product_brand?post=39274"},{"taxonomy":"product_cat","embeddable":true,"href":"https:\/\/www.axiomams.eu\/lv\/wp-json\/wp\/v2\/product_cat?post=39274"},{"taxonomy":"product_tag","embeddable":true,"href":"https:\/\/www.axiomams.eu\/lv\/wp-json\/wp\/v2\/product_tag?post=39274"}],"curies":[{"name":"wp","href":"https:\/\/api.w.org\/{rel}","templated":true}]}}