{"id":39277,"date":"2025-05-15T18:04:30","date_gmt":"2025-05-15T16:04:30","guid":{"rendered":"https:\/\/www.axiomams.eu\/produktas\/rigol-mso5104-osciloskops"},"modified":"2026-03-25T17:01:14","modified_gmt":"2026-03-25T15:01:14","slug":"rigol-mso5104-osciloskops","status":"publish","type":"product","link":"https:\/\/www.axiomams.eu\/lv\/produktas\/rigol-mso5104-osciloskops","title":{"rendered":"Rigol MSO5104 osciloskops"},"content":{"rendered":"<p>Rigol MSO5104 digit\u0101lie osciloskopi apvieno sav\u0101 klas\u0113 lab\u0101ko paraugu \u0146em\u0161anu un atmi\u0146as dzi\u013cumu ar m\u016bsdien\u012bgu, elast\u012bgu lietot\u0101ja saskarni, ko nodro\u0161ina jaun\u0101 UltraVision II arhitekt\u016bra un inovat\u012bv\u0101 Phoenix mikrosh\u0113ma. Ar 100 MHz un 4 analogajiem kan\u0101liem MSO5104 nodro\u0161ina inovat\u012bvu elast\u012bbu un iesp\u0113jas in\u017eenieru darbam. Analiz\u0113jiet svar\u012bg\u0101kos sign\u0101lus ar zonu aktiviz\u0113\u0161anu, 7 instrumentiem 1, uzlaboto FFT, kr\u0101su grad\u0101ciju un histogramm\u0101m, ko atbalsta augsta paraugu \u0146em\u0161anas frekvence, dzi\u013ca atmi\u0146a un pilnas atmi\u0146as m\u0113r\u012bjumi.<\/p>\n<p><b>Standarta komplekts:<\/b> Rigol MSO5104 osciloskops, baro\u0161anas vads, USB kabelis, 4 pas\u012bv\u0101s zondes, \u012bsa rokasgr\u0101mata.<\/p>\n<p>Ietver MSO5000-BND komplektu: Datora s\u0113rijveida iesl\u0113g\u0161ana un anal\u012bze, I\u00b2C un SPI sign\u0101lu dekod\u0113\u0161anas modulis, Automobi\u013cu s\u0113rijveida iesl\u0113g\u0161ana un anal\u012bze, FlexRay s\u0113rijveida kopnes iesl\u0113g\u0161ana un anal\u012bze, Audio s\u0113rijveida iesl\u0113g\u0161ana un anal\u012bze, MIL-STD 1553 s\u0113rijveida iesl\u0113g\u0161ana un anal\u012bze, Ener\u0123ijas anal\u012bzes modulis, Divkan\u0101lu 25 MHz vi\u013c\u0146u formas \u0123enerators.<\/p>\n<p><iframe loading=\"lazy\" width=\"560\" height=\"315\" src=\"https:\/\/www.youtube.com\/embed\/s8ZigQ47p3Y?si=lpj9bOg10Uk16Koe\" title=\"YouTube video atska\u0146ot\u0101js\" frameborder=\"0\" allow=\"akselerometrs; autoplay; clipboard-write; encrypted-media; gyroscope; picture-in-picture; web-share\" allowfullscreen><\/iframe><\/p>\n<h3>Tehnisk\u0101 inform\u0101cija:<\/h3>\n<ul>\n<li><a href=\"https:\/\/axiomams.eu\/importer\/export\/attachments\/en\/rigol-mso5000.pdf\" target=\"_blank\">RIGOL MSO5000.pdf<\/a><\/li>\n<\/ul>\n","protected":false},"excerpt":{"rendered":"<p>Rigol MSO5104 digit\u0101lie osciloskopi apvieno sav\u0101 klas\u0113 lab\u0101ko paraugu \u0146em\u0161anu un atmi\u0146as dzi\u013cumu ar m\u016bsdien\u012bgu, elast\u012bgu lietot\u0101ja saskarni, ko nodro\u0161ina jaun\u0101 UltraVision II arhitekt\u016bra un inovat\u012bv\u0101 Phoenix mikrosh\u0113ma. Ar 100 MHz un 4 analogajiem kan\u0101liem MSO5104 nodro\u0161ina inovat\u012bvu elast\u012bbu un iesp\u0113jas in\u017eenieru darbam. Analiz\u0113jiet svar\u012bg\u0101kos sign\u0101lus ar zonu aktiviz\u0113\u0161anu, 7 instrumentiem 1, uzlaboto FFT, kr\u0101su&#8230;<\/p>\n","protected":false},"featured_media":42273,"comment_status":"open","ping_status":"closed","template":"","meta":{"_acf_changed":false},"product_brand":[2082],"product_cat":[17757],"product_tag":[],"class_list":{"0":"post-39277","1":"product","2":"type-product","3":"status-publish","4":"has-post-thumbnail","6":"product_brand-rigol","7":"product_cat-generatori-barosanas-avoti-oscilografi-rcl-meritaji","9":"first","10":"instock","11":"taxable","12":"shipping-taxable","13":"purchasable","14":"product-type-simple"},"acf":[],"yoast_head":"<!-- This site is optimized with the Yoast SEO plugin v27.0 - https:\/\/yoast.com\/product\/yoast-seo-wordpress\/ -->\n<title>Rigol MSO5104 osciloskops - AXIOMA MS<\/title>\n<meta name=\"robots\" content=\"index, follow, max-snippet:-1, max-image-preview:large, max-video-preview:-1\" \/>\n<link rel=\"canonical\" href=\"https:\/\/www.axiomams.eu\/lv\/produktas\/rigol-mso5104-osciloskops\" \/>\n<meta property=\"og:locale\" content=\"lv_LV\" \/>\n<meta property=\"og:type\" content=\"article\" \/>\n<meta property=\"og:title\" content=\"Rigol MSO5104 osciloskops - AXIOMA MS\" \/>\n<meta property=\"og:description\" content=\"Rigol MSO5104 digit\u0101lie osciloskopi apvieno sav\u0101 klas\u0113 lab\u0101ko paraugu \u0146em\u0161anu un atmi\u0146as dzi\u013cumu ar m\u016bsdien\u012bgu, elast\u012bgu lietot\u0101ja saskarni, ko nodro\u0161ina jaun\u0101 UltraVision II arhitekt\u016bra un inovat\u012bv\u0101 Phoenix mikrosh\u0113ma. Ar 100 MHz un 4 analogajiem kan\u0101liem MSO5104 nodro\u0161ina inovat\u012bvu elast\u012bbu un iesp\u0113jas in\u017eenieru darbam. Analiz\u0113jiet svar\u012bg\u0101kos sign\u0101lus ar zonu aktiviz\u0113\u0161anu, 7 instrumentiem 1, uzlaboto FFT, kr\u0101su...\" \/>\n<meta property=\"og:url\" content=\"https:\/\/www.axiomams.eu\/lv\/produktas\/rigol-mso5104-osciloskops\" \/>\n<meta property=\"og:site_name\" content=\"AXIOMA MS\" \/>\n<meta property=\"article:publisher\" content=\"https:\/\/www.facebook.com\/AxiomaMS\" \/>\n<meta property=\"article:modified_time\" content=\"2026-03-25T15:01:14+00:00\" \/>\n<meta property=\"og:image\" content=\"https:\/\/www.axiomams.eu\/wp-content\/uploads\/2025\/07\/3469-4663.jpg\" \/>\n\t<meta property=\"og:image:width\" content=\"950\" \/>\n\t<meta property=\"og:image:height\" content=\"560\" \/>\n\t<meta property=\"og:image:type\" content=\"image\/jpeg\" \/>\n<meta name=\"twitter:card\" content=\"summary_large_image\" \/>\n<meta name=\"twitter:label1\" content=\"Est. reading time\" \/>\n\t<meta name=\"twitter:data1\" content=\"1 minute\" \/>\n<script type=\"application\/ld+json\" class=\"yoast-schema-graph\">{\"@context\":\"https:\/\/schema.org\",\"@graph\":[{\"@type\":\"WebPage\",\"@id\":\"https:\/\/www.axiomams.eu\/lv\/produktas\/rigol-mso5104-osciloskops\",\"url\":\"https:\/\/www.axiomams.eu\/lv\/produktas\/rigol-mso5104-osciloskops\",\"name\":\"Rigol MSO5104 osciloskops - AXIOMA MS\",\"isPartOf\":{\"@id\":\"https:\/\/www.axiomams.eu\/lv#website\"},\"primaryImageOfPage\":{\"@id\":\"https:\/\/www.axiomams.eu\/lv\/produktas\/rigol-mso5104-osciloskops#primaryimage\"},\"image\":{\"@id\":\"https:\/\/www.axiomams.eu\/lv\/produktas\/rigol-mso5104-osciloskops#primaryimage\"},\"thumbnailUrl\":\"https:\/\/www.axiomams.eu\/wp-content\/uploads\/2025\/07\/3469-4663.jpg\",\"datePublished\":\"2025-05-15T16:04:30+00:00\",\"dateModified\":\"2026-03-25T15:01:14+00:00\",\"breadcrumb\":{\"@id\":\"https:\/\/www.axiomams.eu\/lv\/produktas\/rigol-mso5104-osciloskops#breadcrumb\"},\"inLanguage\":\"lv-LV\",\"potentialAction\":[{\"@type\":\"ReadAction\",\"target\":[\"https:\/\/www.axiomams.eu\/lv\/produktas\/rigol-mso5104-osciloskops\"]}]},{\"@type\":\"ImageObject\",\"inLanguage\":\"lv-LV\",\"@id\":\"https:\/\/www.axiomams.eu\/lv\/produktas\/rigol-mso5104-osciloskops#primaryimage\",\"url\":\"https:\/\/www.axiomams.eu\/wp-content\/uploads\/2025\/07\/3469-4663.jpg\",\"contentUrl\":\"https:\/\/www.axiomams.eu\/wp-content\/uploads\/2025\/07\/3469-4663.jpg\",\"width\":950,\"height\":560},{\"@type\":\"BreadcrumbList\",\"@id\":\"https:\/\/www.axiomams.eu\/lv\/produktas\/rigol-mso5104-osciloskops#breadcrumb\",\"itemListElement\":[{\"@type\":\"ListItem\",\"position\":1,\"name\":\"Home\",\"item\":\"https:\/\/www.axiomams.eu\/lv\"},{\"@type\":\"ListItem\",\"position\":2,\"name\":\"Produkti\",\"item\":\"https:\/\/www.axiomams.eu\/lv\/produkti\"},{\"@type\":\"ListItem\",\"position\":3,\"name\":\"Rigol MSO5104 osciloskops\"}]},{\"@type\":\"WebSite\",\"@id\":\"https:\/\/www.axiomams.eu\/lv#website\",\"url\":\"https:\/\/www.axiomams.eu\/lv\",\"name\":\"AXIOMA MS\",\"description\":\"Terrmovizoriai ir matavimo \u012franga\",\"publisher\":{\"@id\":\"https:\/\/www.axiomams.eu\/lv#organization\"},\"potentialAction\":[{\"@type\":\"SearchAction\",\"target\":{\"@type\":\"EntryPoint\",\"urlTemplate\":\"https:\/\/www.axiomams.eu\/lv?s={search_term_string}\"},\"query-input\":{\"@type\":\"PropertyValueSpecification\",\"valueRequired\":true,\"valueName\":\"search_term_string\"}}],\"inLanguage\":\"lv-LV\"},{\"@type\":\"Organization\",\"@id\":\"https:\/\/www.axiomams.eu\/lv#organization\",\"name\":\"AXIOMA MS\",\"url\":\"https:\/\/www.axiomams.eu\/lv\",\"logo\":{\"@type\":\"ImageObject\",\"inLanguage\":\"lv-LV\",\"@id\":\"https:\/\/www.axiomams.eu\/lv#\/schema\/logo\/image\/\",\"url\":\"https:\/\/www.axiomams.eu\/wp-content\/uploads\/2025\/06\/axioma-logo-2.png\",\"contentUrl\":\"https:\/\/www.axiomams.eu\/wp-content\/uploads\/2025\/06\/axioma-logo-2.png\",\"width\":1200,\"height\":1200,\"caption\":\"AXIOMA MS\"},\"image\":{\"@id\":\"https:\/\/www.axiomams.eu\/lv#\/schema\/logo\/image\/\"},\"sameAs\":[\"https:\/\/www.facebook.com\/AxiomaMS\",\"https:\/\/www.linkedin.com\/company\/axiomams\/\"]}]}<\/script>\n<!-- \/ Yoast SEO plugin. -->","yoast_head_json":{"title":"Rigol MSO5104 osciloskops - AXIOMA MS","robots":{"index":"index","follow":"follow","max-snippet":"max-snippet:-1","max-image-preview":"max-image-preview:large","max-video-preview":"max-video-preview:-1"},"canonical":"https:\/\/www.axiomams.eu\/lv\/produktas\/rigol-mso5104-osciloskops","og_locale":"lv_LV","og_type":"article","og_title":"Rigol MSO5104 osciloskops - AXIOMA MS","og_description":"Rigol MSO5104 digit\u0101lie osciloskopi apvieno sav\u0101 klas\u0113 lab\u0101ko paraugu \u0146em\u0161anu un atmi\u0146as dzi\u013cumu ar m\u016bsdien\u012bgu, elast\u012bgu lietot\u0101ja saskarni, ko nodro\u0161ina jaun\u0101 UltraVision II arhitekt\u016bra un inovat\u012bv\u0101 Phoenix mikrosh\u0113ma. Ar 100 MHz un 4 analogajiem kan\u0101liem MSO5104 nodro\u0161ina inovat\u012bvu elast\u012bbu un iesp\u0113jas in\u017eenieru darbam. Analiz\u0113jiet svar\u012bg\u0101kos sign\u0101lus ar zonu aktiviz\u0113\u0161anu, 7 instrumentiem 1, uzlaboto FFT, kr\u0101su...","og_url":"https:\/\/www.axiomams.eu\/lv\/produktas\/rigol-mso5104-osciloskops","og_site_name":"AXIOMA MS","article_publisher":"https:\/\/www.facebook.com\/AxiomaMS","article_modified_time":"2026-03-25T15:01:14+00:00","og_image":[{"width":950,"height":560,"url":"https:\/\/www.axiomams.eu\/wp-content\/uploads\/2025\/07\/3469-4663.jpg","type":"image\/jpeg"}],"twitter_card":"summary_large_image","twitter_misc":{"Est. reading time":"1 minute"},"schema":{"@context":"https:\/\/schema.org","@graph":[{"@type":"WebPage","@id":"https:\/\/www.axiomams.eu\/lv\/produktas\/rigol-mso5104-osciloskops","url":"https:\/\/www.axiomams.eu\/lv\/produktas\/rigol-mso5104-osciloskops","name":"Rigol MSO5104 osciloskops - AXIOMA MS","isPartOf":{"@id":"https:\/\/www.axiomams.eu\/lv#website"},"primaryImageOfPage":{"@id":"https:\/\/www.axiomams.eu\/lv\/produktas\/rigol-mso5104-osciloskops#primaryimage"},"image":{"@id":"https:\/\/www.axiomams.eu\/lv\/produktas\/rigol-mso5104-osciloskops#primaryimage"},"thumbnailUrl":"https:\/\/www.axiomams.eu\/wp-content\/uploads\/2025\/07\/3469-4663.jpg","datePublished":"2025-05-15T16:04:30+00:00","dateModified":"2026-03-25T15:01:14+00:00","breadcrumb":{"@id":"https:\/\/www.axiomams.eu\/lv\/produktas\/rigol-mso5104-osciloskops#breadcrumb"},"inLanguage":"lv-LV","potentialAction":[{"@type":"ReadAction","target":["https:\/\/www.axiomams.eu\/lv\/produktas\/rigol-mso5104-osciloskops"]}]},{"@type":"ImageObject","inLanguage":"lv-LV","@id":"https:\/\/www.axiomams.eu\/lv\/produktas\/rigol-mso5104-osciloskops#primaryimage","url":"https:\/\/www.axiomams.eu\/wp-content\/uploads\/2025\/07\/3469-4663.jpg","contentUrl":"https:\/\/www.axiomams.eu\/wp-content\/uploads\/2025\/07\/3469-4663.jpg","width":950,"height":560},{"@type":"BreadcrumbList","@id":"https:\/\/www.axiomams.eu\/lv\/produktas\/rigol-mso5104-osciloskops#breadcrumb","itemListElement":[{"@type":"ListItem","position":1,"name":"Home","item":"https:\/\/www.axiomams.eu\/lv"},{"@type":"ListItem","position":2,"name":"Produkti","item":"https:\/\/www.axiomams.eu\/lv\/produkti"},{"@type":"ListItem","position":3,"name":"Rigol MSO5104 osciloskops"}]},{"@type":"WebSite","@id":"https:\/\/www.axiomams.eu\/lv#website","url":"https:\/\/www.axiomams.eu\/lv","name":"AXIOMA MS","description":"Terrmovizoriai ir matavimo \u012franga","publisher":{"@id":"https:\/\/www.axiomams.eu\/lv#organization"},"potentialAction":[{"@type":"SearchAction","target":{"@type":"EntryPoint","urlTemplate":"https:\/\/www.axiomams.eu\/lv?s={search_term_string}"},"query-input":{"@type":"PropertyValueSpecification","valueRequired":true,"valueName":"search_term_string"}}],"inLanguage":"lv-LV"},{"@type":"Organization","@id":"https:\/\/www.axiomams.eu\/lv#organization","name":"AXIOMA MS","url":"https:\/\/www.axiomams.eu\/lv","logo":{"@type":"ImageObject","inLanguage":"lv-LV","@id":"https:\/\/www.axiomams.eu\/lv#\/schema\/logo\/image\/","url":"https:\/\/www.axiomams.eu\/wp-content\/uploads\/2025\/06\/axioma-logo-2.png","contentUrl":"https:\/\/www.axiomams.eu\/wp-content\/uploads\/2025\/06\/axioma-logo-2.png","width":1200,"height":1200,"caption":"AXIOMA MS"},"image":{"@id":"https:\/\/www.axiomams.eu\/lv#\/schema\/logo\/image\/"},"sameAs":["https:\/\/www.facebook.com\/AxiomaMS","https:\/\/www.linkedin.com\/company\/axiomams\/"]}]}},"_links":{"self":[{"href":"https:\/\/www.axiomams.eu\/lv\/wp-json\/wp\/v2\/product\/39277","targetHints":{"allow":["GET"]}}],"collection":[{"href":"https:\/\/www.axiomams.eu\/lv\/wp-json\/wp\/v2\/product"}],"about":[{"href":"https:\/\/www.axiomams.eu\/lv\/wp-json\/wp\/v2\/types\/product"}],"replies":[{"embeddable":true,"href":"https:\/\/www.axiomams.eu\/lv\/wp-json\/wp\/v2\/comments?post=39277"}],"wp:featuredmedia":[{"embeddable":true,"href":"https:\/\/www.axiomams.eu\/lv\/wp-json\/wp\/v2\/media\/42273"}],"wp:attachment":[{"href":"https:\/\/www.axiomams.eu\/lv\/wp-json\/wp\/v2\/media?parent=39277"}],"wp:term":[{"taxonomy":"product_brand","embeddable":true,"href":"https:\/\/www.axiomams.eu\/lv\/wp-json\/wp\/v2\/product_brand?post=39277"},{"taxonomy":"product_cat","embeddable":true,"href":"https:\/\/www.axiomams.eu\/lv\/wp-json\/wp\/v2\/product_cat?post=39277"},{"taxonomy":"product_tag","embeddable":true,"href":"https:\/\/www.axiomams.eu\/lv\/wp-json\/wp\/v2\/product_tag?post=39277"}],"curies":[{"name":"wp","href":"https:\/\/api.w.org\/{rel}","templated":true}]}}