{"id":39282,"date":"2025-05-15T18:04:32","date_gmt":"2025-05-15T16:04:32","guid":{"rendered":"https:\/\/www.axiomams.eu\/produktas\/chauvin-arnoux-mtx-3297ex-multimetrs"},"modified":"2026-03-25T17:01:15","modified_gmt":"2026-03-25T15:01:15","slug":"chauvin-arnoux-mtx-3297ex-multimetrs","status":"publish","type":"product","link":"https:\/\/www.axiomams.eu\/lv\/produktas\/chauvin-arnoux-mtx-3297ex-multimetrs","title":{"rendered":"Chauvin Arnoux MTX 3297EX multimetrs"},"content":{"rendered":"<p>Chauvin Arnoux Metrix MTX 3297Ex TRMS digit\u0101lais multimetrs lieto\u0161anai Ex zon\u0101s. Past\u0101v\u012bgai lieto\u0161anai naftas, \u0137\u012bmijas, lauksaimniec\u012bbas un p\u0101rtikas, kosm\u0113tikas un farm\u0101cijas r\u016bpniec\u012bb\u0101, k\u0101 ar\u012b cementa ra\u017eo\u0161an\u0101 un kalnr\u016bpniec\u012bb\u0101.<\/p>\n<p>Sertific\u0113ts k\u0101 Ex un IEC Ex \u0161\u0101d\u0101m zon\u0101m:<br \/>\n&#8211; IIC (g\u0101ze) 0, 1 un 2 zon\u0101.<br \/>\n&#8211; IIIC (putek\u013ci) 20, 21 un 22<br \/>\n&#8211; raktuves M1<\/p>\n<p>\u0100rpus spr\u0101dzienb\u012bstam\u0101m zon\u0101m MTX 3297Ex ir augstas veiktsp\u0113jas r\u016bpnieciskais multimetrs, kas atbilst IEC 61010-2-033 standartam darbam 1000 V CAT III \/ 600 V CAT IV elektroietais\u0113s.<br \/>\nLietojot kop\u0101 ar datoram paredz\u0113to programmat\u016bru SX-DMM, izol\u0113ta optisk\u0101 komunik\u0101cija \u013cauj apstr\u0101d\u0101t datus re\u0101llaik\u0101, att\u0101lin\u0101ti vad\u012bt MTX 3297Ex, veikt moderniz\u0101ciju un apkopi.<\/p>\n<p>Standarta komplekts: Chauvin Arnoux Metrix MTX 3297Ex multimetrs, kabe\u013cu komplekts (1,5 m), test\u0113\u0161anas zondes, \u0101tras lieto\u0161anas rokasgr\u0101mata, dro\u0161\u012bbas instrukcija, baterijas.<\/p>\n<h3>Tehnisk\u0101 inform\u0101cija:<\/h3>\n<ul>\n<li><a href=\"https:\/\/axiomams.eu\/importer\/export\/attachments\/en\/chauvin-arnoux-metrix-mtx-3297ex.pdf\" target=\"_blank\">Chauvin Arnoux Metrix MTX 3297Ex.pdf<\/a><\/li>\n<\/ul>\n","protected":false},"excerpt":{"rendered":"<p>Chauvin Arnoux Metrix MTX 3297Ex TRMS digit\u0101lais multimetrs lieto\u0161anai Ex zon\u0101s. Past\u0101v\u012bgai lieto\u0161anai naftas, \u0137\u012bmijas, lauksaimniec\u012bbas un p\u0101rtikas, kosm\u0113tikas un farm\u0101cijas r\u016bpniec\u012bb\u0101, k\u0101 ar\u012b cementa ra\u017eo\u0161an\u0101 un kalnr\u016bpniec\u012bb\u0101. Sertific\u0113ts k\u0101 Ex un IEC Ex \u0161\u0101d\u0101m zon\u0101m: &#8211; IIC (g\u0101ze) 0, 1 un 2 zon\u0101. &#8211; IIIC (putek\u013ci) 20, 21 un 22 &#8211; raktuves M1 \u0100rpus&#8230;<\/p>\n","protected":false},"featured_media":42283,"comment_status":"open","ping_status":"closed","template":"","meta":{"_acf_changed":false},"product_brand":[729],"product_cat":[17719],"product_tag":[],"class_list":{"0":"post-39282","1":"product","2":"type-product","3":"status-publish","4":"has-post-thumbnail","6":"product_brand-chauvin-arnoux","7":"product_cat-elektrikiem-un-energetikas-inzenieriem","9":"first","10":"instock","11":"taxable","12":"shipping-taxable","13":"purchasable","14":"product-type-simple"},"acf":[],"yoast_head":"<!-- This site is optimized with the Yoast SEO plugin v27.0 - https:\/\/yoast.com\/product\/yoast-seo-wordpress\/ -->\n<title>Chauvin Arnoux MTX 3297EX multimetrs - AXIOMA MS<\/title>\n<meta name=\"robots\" content=\"index, follow, max-snippet:-1, max-image-preview:large, max-video-preview:-1\" \/>\n<link rel=\"canonical\" href=\"https:\/\/www.axiomams.eu\/lv\/produktas\/chauvin-arnoux-mtx-3297ex-multimetrs\" \/>\n<meta property=\"og:locale\" content=\"lv_LV\" \/>\n<meta property=\"og:type\" content=\"article\" \/>\n<meta property=\"og:title\" content=\"Chauvin Arnoux MTX 3297EX multimetrs - AXIOMA MS\" \/>\n<meta property=\"og:description\" content=\"Chauvin Arnoux Metrix MTX 3297Ex TRMS digit\u0101lais multimetrs lieto\u0161anai Ex zon\u0101s. Past\u0101v\u012bgai lieto\u0161anai naftas, \u0137\u012bmijas, lauksaimniec\u012bbas un p\u0101rtikas, kosm\u0113tikas un farm\u0101cijas r\u016bpniec\u012bb\u0101, k\u0101 ar\u012b cementa ra\u017eo\u0161an\u0101 un kalnr\u016bpniec\u012bb\u0101. Sertific\u0113ts k\u0101 Ex un IEC Ex \u0161\u0101d\u0101m zon\u0101m: &#8211; IIC (g\u0101ze) 0, 1 un 2 zon\u0101. &#8211; IIIC (putek\u013ci) 20, 21 un 22 &#8211; raktuves M1 \u0100rpus...\" \/>\n<meta property=\"og:url\" content=\"https:\/\/www.axiomams.eu\/lv\/produktas\/chauvin-arnoux-mtx-3297ex-multimetrs\" \/>\n<meta property=\"og:site_name\" content=\"AXIOMA MS\" \/>\n<meta property=\"article:publisher\" content=\"https:\/\/www.facebook.com\/AxiomaMS\" \/>\n<meta property=\"article:modified_time\" content=\"2026-03-25T15:01:15+00:00\" \/>\n<meta property=\"og:image\" content=\"https:\/\/www.axiomams.eu\/wp-content\/uploads\/2025\/07\/3547-4813.jpg\" \/>\n\t<meta property=\"og:image:width\" content=\"480\" \/>\n\t<meta property=\"og:image:height\" content=\"800\" \/>\n\t<meta property=\"og:image:type\" content=\"image\/jpeg\" \/>\n<meta name=\"twitter:card\" content=\"summary_large_image\" \/>\n<meta name=\"twitter:label1\" content=\"Est. reading time\" \/>\n\t<meta name=\"twitter:data1\" content=\"1 minute\" \/>\n<script type=\"application\/ld+json\" class=\"yoast-schema-graph\">{\"@context\":\"https:\/\/schema.org\",\"@graph\":[{\"@type\":\"WebPage\",\"@id\":\"https:\/\/www.axiomams.eu\/lv\/produktas\/chauvin-arnoux-mtx-3297ex-multimetrs\",\"url\":\"https:\/\/www.axiomams.eu\/lv\/produktas\/chauvin-arnoux-mtx-3297ex-multimetrs\",\"name\":\"Chauvin Arnoux MTX 3297EX multimetrs - AXIOMA MS\",\"isPartOf\":{\"@id\":\"https:\/\/www.axiomams.eu\/lv#website\"},\"primaryImageOfPage\":{\"@id\":\"https:\/\/www.axiomams.eu\/lv\/produktas\/chauvin-arnoux-mtx-3297ex-multimetrs#primaryimage\"},\"image\":{\"@id\":\"https:\/\/www.axiomams.eu\/lv\/produktas\/chauvin-arnoux-mtx-3297ex-multimetrs#primaryimage\"},\"thumbnailUrl\":\"https:\/\/www.axiomams.eu\/wp-content\/uploads\/2025\/07\/3547-4813.jpg\",\"datePublished\":\"2025-05-15T16:04:32+00:00\",\"dateModified\":\"2026-03-25T15:01:15+00:00\",\"breadcrumb\":{\"@id\":\"https:\/\/www.axiomams.eu\/lv\/produktas\/chauvin-arnoux-mtx-3297ex-multimetrs#breadcrumb\"},\"inLanguage\":\"lv-LV\",\"potentialAction\":[{\"@type\":\"ReadAction\",\"target\":[\"https:\/\/www.axiomams.eu\/lv\/produktas\/chauvin-arnoux-mtx-3297ex-multimetrs\"]}]},{\"@type\":\"ImageObject\",\"inLanguage\":\"lv-LV\",\"@id\":\"https:\/\/www.axiomams.eu\/lv\/produktas\/chauvin-arnoux-mtx-3297ex-multimetrs#primaryimage\",\"url\":\"https:\/\/www.axiomams.eu\/wp-content\/uploads\/2025\/07\/3547-4813.jpg\",\"contentUrl\":\"https:\/\/www.axiomams.eu\/wp-content\/uploads\/2025\/07\/3547-4813.jpg\",\"width\":480,\"height\":800},{\"@type\":\"BreadcrumbList\",\"@id\":\"https:\/\/www.axiomams.eu\/lv\/produktas\/chauvin-arnoux-mtx-3297ex-multimetrs#breadcrumb\",\"itemListElement\":[{\"@type\":\"ListItem\",\"position\":1,\"name\":\"Home\",\"item\":\"https:\/\/www.axiomams.eu\/lv\"},{\"@type\":\"ListItem\",\"position\":2,\"name\":\"Produkti\",\"item\":\"https:\/\/www.axiomams.eu\/lv\/produkti\"},{\"@type\":\"ListItem\",\"position\":3,\"name\":\"Chauvin Arnoux MTX 3297EX multimetrs\"}]},{\"@type\":\"WebSite\",\"@id\":\"https:\/\/www.axiomams.eu\/lv#website\",\"url\":\"https:\/\/www.axiomams.eu\/lv\",\"name\":\"AXIOMA MS\",\"description\":\"Terrmovizoriai ir matavimo \u012franga\",\"publisher\":{\"@id\":\"https:\/\/www.axiomams.eu\/lv#organization\"},\"potentialAction\":[{\"@type\":\"SearchAction\",\"target\":{\"@type\":\"EntryPoint\",\"urlTemplate\":\"https:\/\/www.axiomams.eu\/lv?s={search_term_string}\"},\"query-input\":{\"@type\":\"PropertyValueSpecification\",\"valueRequired\":true,\"valueName\":\"search_term_string\"}}],\"inLanguage\":\"lv-LV\"},{\"@type\":\"Organization\",\"@id\":\"https:\/\/www.axiomams.eu\/lv#organization\",\"name\":\"AXIOMA MS\",\"url\":\"https:\/\/www.axiomams.eu\/lv\",\"logo\":{\"@type\":\"ImageObject\",\"inLanguage\":\"lv-LV\",\"@id\":\"https:\/\/www.axiomams.eu\/lv#\/schema\/logo\/image\/\",\"url\":\"https:\/\/www.axiomams.eu\/wp-content\/uploads\/2025\/06\/axioma-logo-2.png\",\"contentUrl\":\"https:\/\/www.axiomams.eu\/wp-content\/uploads\/2025\/06\/axioma-logo-2.png\",\"width\":1200,\"height\":1200,\"caption\":\"AXIOMA MS\"},\"image\":{\"@id\":\"https:\/\/www.axiomams.eu\/lv#\/schema\/logo\/image\/\"},\"sameAs\":[\"https:\/\/www.facebook.com\/AxiomaMS\",\"https:\/\/www.linkedin.com\/company\/axiomams\/\"]}]}<\/script>\n<!-- \/ Yoast SEO plugin. -->","yoast_head_json":{"title":"Chauvin Arnoux MTX 3297EX multimetrs - AXIOMA MS","robots":{"index":"index","follow":"follow","max-snippet":"max-snippet:-1","max-image-preview":"max-image-preview:large","max-video-preview":"max-video-preview:-1"},"canonical":"https:\/\/www.axiomams.eu\/lv\/produktas\/chauvin-arnoux-mtx-3297ex-multimetrs","og_locale":"lv_LV","og_type":"article","og_title":"Chauvin Arnoux MTX 3297EX multimetrs - AXIOMA MS","og_description":"Chauvin Arnoux Metrix MTX 3297Ex TRMS digit\u0101lais multimetrs lieto\u0161anai Ex zon\u0101s. Past\u0101v\u012bgai lieto\u0161anai naftas, \u0137\u012bmijas, lauksaimniec\u012bbas un p\u0101rtikas, kosm\u0113tikas un farm\u0101cijas r\u016bpniec\u012bb\u0101, k\u0101 ar\u012b cementa ra\u017eo\u0161an\u0101 un kalnr\u016bpniec\u012bb\u0101. Sertific\u0113ts k\u0101 Ex un IEC Ex \u0161\u0101d\u0101m zon\u0101m: &#8211; IIC (g\u0101ze) 0, 1 un 2 zon\u0101. &#8211; IIIC (putek\u013ci) 20, 21 un 22 &#8211; raktuves M1 \u0100rpus...","og_url":"https:\/\/www.axiomams.eu\/lv\/produktas\/chauvin-arnoux-mtx-3297ex-multimetrs","og_site_name":"AXIOMA MS","article_publisher":"https:\/\/www.facebook.com\/AxiomaMS","article_modified_time":"2026-03-25T15:01:15+00:00","og_image":[{"width":480,"height":800,"url":"https:\/\/www.axiomams.eu\/wp-content\/uploads\/2025\/07\/3547-4813.jpg","type":"image\/jpeg"}],"twitter_card":"summary_large_image","twitter_misc":{"Est. reading time":"1 minute"},"schema":{"@context":"https:\/\/schema.org","@graph":[{"@type":"WebPage","@id":"https:\/\/www.axiomams.eu\/lv\/produktas\/chauvin-arnoux-mtx-3297ex-multimetrs","url":"https:\/\/www.axiomams.eu\/lv\/produktas\/chauvin-arnoux-mtx-3297ex-multimetrs","name":"Chauvin Arnoux MTX 3297EX multimetrs - AXIOMA MS","isPartOf":{"@id":"https:\/\/www.axiomams.eu\/lv#website"},"primaryImageOfPage":{"@id":"https:\/\/www.axiomams.eu\/lv\/produktas\/chauvin-arnoux-mtx-3297ex-multimetrs#primaryimage"},"image":{"@id":"https:\/\/www.axiomams.eu\/lv\/produktas\/chauvin-arnoux-mtx-3297ex-multimetrs#primaryimage"},"thumbnailUrl":"https:\/\/www.axiomams.eu\/wp-content\/uploads\/2025\/07\/3547-4813.jpg","datePublished":"2025-05-15T16:04:32+00:00","dateModified":"2026-03-25T15:01:15+00:00","breadcrumb":{"@id":"https:\/\/www.axiomams.eu\/lv\/produktas\/chauvin-arnoux-mtx-3297ex-multimetrs#breadcrumb"},"inLanguage":"lv-LV","potentialAction":[{"@type":"ReadAction","target":["https:\/\/www.axiomams.eu\/lv\/produktas\/chauvin-arnoux-mtx-3297ex-multimetrs"]}]},{"@type":"ImageObject","inLanguage":"lv-LV","@id":"https:\/\/www.axiomams.eu\/lv\/produktas\/chauvin-arnoux-mtx-3297ex-multimetrs#primaryimage","url":"https:\/\/www.axiomams.eu\/wp-content\/uploads\/2025\/07\/3547-4813.jpg","contentUrl":"https:\/\/www.axiomams.eu\/wp-content\/uploads\/2025\/07\/3547-4813.jpg","width":480,"height":800},{"@type":"BreadcrumbList","@id":"https:\/\/www.axiomams.eu\/lv\/produktas\/chauvin-arnoux-mtx-3297ex-multimetrs#breadcrumb","itemListElement":[{"@type":"ListItem","position":1,"name":"Home","item":"https:\/\/www.axiomams.eu\/lv"},{"@type":"ListItem","position":2,"name":"Produkti","item":"https:\/\/www.axiomams.eu\/lv\/produkti"},{"@type":"ListItem","position":3,"name":"Chauvin Arnoux MTX 3297EX multimetrs"}]},{"@type":"WebSite","@id":"https:\/\/www.axiomams.eu\/lv#website","url":"https:\/\/www.axiomams.eu\/lv","name":"AXIOMA MS","description":"Terrmovizoriai ir matavimo \u012franga","publisher":{"@id":"https:\/\/www.axiomams.eu\/lv#organization"},"potentialAction":[{"@type":"SearchAction","target":{"@type":"EntryPoint","urlTemplate":"https:\/\/www.axiomams.eu\/lv?s={search_term_string}"},"query-input":{"@type":"PropertyValueSpecification","valueRequired":true,"valueName":"search_term_string"}}],"inLanguage":"lv-LV"},{"@type":"Organization","@id":"https:\/\/www.axiomams.eu\/lv#organization","name":"AXIOMA MS","url":"https:\/\/www.axiomams.eu\/lv","logo":{"@type":"ImageObject","inLanguage":"lv-LV","@id":"https:\/\/www.axiomams.eu\/lv#\/schema\/logo\/image\/","url":"https:\/\/www.axiomams.eu\/wp-content\/uploads\/2025\/06\/axioma-logo-2.png","contentUrl":"https:\/\/www.axiomams.eu\/wp-content\/uploads\/2025\/06\/axioma-logo-2.png","width":1200,"height":1200,"caption":"AXIOMA MS"},"image":{"@id":"https:\/\/www.axiomams.eu\/lv#\/schema\/logo\/image\/"},"sameAs":["https:\/\/www.facebook.com\/AxiomaMS","https:\/\/www.linkedin.com\/company\/axiomams\/"]}]}},"_links":{"self":[{"href":"https:\/\/www.axiomams.eu\/lv\/wp-json\/wp\/v2\/product\/39282","targetHints":{"allow":["GET"]}}],"collection":[{"href":"https:\/\/www.axiomams.eu\/lv\/wp-json\/wp\/v2\/product"}],"about":[{"href":"https:\/\/www.axiomams.eu\/lv\/wp-json\/wp\/v2\/types\/product"}],"replies":[{"embeddable":true,"href":"https:\/\/www.axiomams.eu\/lv\/wp-json\/wp\/v2\/comments?post=39282"}],"wp:featuredmedia":[{"embeddable":true,"href":"https:\/\/www.axiomams.eu\/lv\/wp-json\/wp\/v2\/media\/42283"}],"wp:attachment":[{"href":"https:\/\/www.axiomams.eu\/lv\/wp-json\/wp\/v2\/media?parent=39282"}],"wp:term":[{"taxonomy":"product_brand","embeddable":true,"href":"https:\/\/www.axiomams.eu\/lv\/wp-json\/wp\/v2\/product_brand?post=39282"},{"taxonomy":"product_cat","embeddable":true,"href":"https:\/\/www.axiomams.eu\/lv\/wp-json\/wp\/v2\/product_cat?post=39282"},{"taxonomy":"product_tag","embeddable":true,"href":"https:\/\/www.axiomams.eu\/lv\/wp-json\/wp\/v2\/product_tag?post=39282"}],"curies":[{"name":"wp","href":"https:\/\/api.w.org\/{rel}","templated":true}]}}