{"id":39288,"date":"2025-05-15T18:04:44","date_gmt":"2025-05-15T16:04:44","guid":{"rendered":"https:\/\/www.axiomams.eu\/produktas\/norsonic-nor282-pastiprinatajs"},"modified":"2026-03-25T17:01:18","modified_gmt":"2026-03-25T15:01:18","slug":"norsonic-nor282-pastiprinatajs","status":"publish","type":"product","link":"https:\/\/www.axiomams.eu\/lv\/produktas\/norsonic-nor282-pastiprinatajs","title":{"rendered":"Norsonic Nor282 pastiprin\u0101t\u0101js"},"content":{"rendered":"<p>Norsonic Nor282 pastiprin\u0101t\u0101js &#8211; \u012bpa\u0161i izstr\u0101d\u0101ts \u0113ku akustikas un telpu akustikas m\u0113r\u012bjumiem.<br \/>\nJaudas pastiprin\u0101t\u0101js nodro\u0161ina maksim\u0101lu ska\u0146as spiediena l\u012bmeni no Norsonic ska\u013cru\u0146u kl\u0101sta. Ar Nor282 m\u0113s esam likvid\u0113ju\u0161i nepiecie\u0161am\u012bbu p\u0113c sign\u0101la un t\u012bkla kabe\u013ca un pievienoju\u0161i grafisko ekvalaizeru.<br \/>\nPateicoties lielajam kr\u0101su displejam un grafiskajam ekvalaizeram, ir viegli piel\u0101got ska\u013cru\u0146a frekven\u010du diapazonu atbilsto\u0161i telpas frekven\u010du diapazonam, lai izpild\u012btu pras\u012bbas attiec\u012bb\u0101 uz starp\u012bbu starp blakus eso\u0161aj\u0101m 1\/3 okt\u0101vas josl\u0101m saska\u0146\u0101 ar ISO 10140-5 un ISO 16283-1.<\/p>\n<p>Izejas jauda: >123 dB Lw, ja piesl\u0113gts pie Nor283.<br \/>\nDisplejs: Grafiskais LCD displejs<br \/>\nIeejas jut\u012bba: 1,0 Vrms<br \/>\nIeejas pretest\u012bba: 47 k\u03a9 \/ 220pF<br \/>\nEkvalaizeris: +6 dB &#8230; -24 dB (1 dB solis) 1\/3 okt\u0101vas josl\u0101s no 20 Hz l\u012bdz 20 kHz.<br \/>\nTrok\u0161\u0146u veidi: Roz\u0101, baltais, br\u016bnais, 1\/1 un 1\/3 okt\u0101vas BP troksnis, sinusa, Stipa un \u0101r\u0113jais caur BNC vai WiFi. Nor850 atbalsta sinusoid\u0101lo sign\u0101lu.<br \/>\nWiFi<br \/>\nDarba temperat\u016bra: -10 \u00b0C &#8230; +35 \u00b0C<br \/>\nAizsardz\u012bba pret iek\u013c\u016b\u0161anu: AIZSARDZ\u012aBA: IP20<br \/>\nIzm\u0113ri: 240 x 120 x 256 mm<br \/>\nSvars: 5,1 kg<br \/>\nAkumulatora darb\u012bbas laiks: 90 min\u016btes ar pilnu jaudu<\/p>\n<p>Standarta komplekts: Norsonic Nor282 pastiprin\u0101t\u0101js, t\u012bkla kabelis, WiFi un t\u0101lvad\u012bbas antenas, t\u0101lvad\u012bbas rokas sl\u0113dzis.<\/p>\n<h3>Tehnisk\u0101 inform\u0101cija:<\/h3>\n<ul>\n<li><a href=\"https:\/\/axiomams.eu\/importer\/export\/attachments\/en\/norsonic-nor282.pdf\" target=\"_blank\">Norsonic Nor282.pdf<\/a><\/li>\n<\/ul>\n","protected":false},"excerpt":{"rendered":"<p>Norsonic Nor282 pastiprin\u0101t\u0101js &#8211; \u012bpa\u0161i izstr\u0101d\u0101ts \u0113ku akustikas un telpu akustikas m\u0113r\u012bjumiem. Jaudas pastiprin\u0101t\u0101js nodro\u0161ina maksim\u0101lu ska\u0146as spiediena l\u012bmeni no Norsonic ska\u013cru\u0146u kl\u0101sta. Ar Nor282 m\u0113s esam likvid\u0113ju\u0161i nepiecie\u0161am\u012bbu p\u0113c sign\u0101la un t\u012bkla kabe\u013ca un pievienoju\u0161i grafisko ekvalaizeru. Pateicoties lielajam kr\u0101su displejam un grafiskajam ekvalaizeram, ir viegli piel\u0101got ska\u013cru\u0146a frekven\u010du diapazonu atbilsto\u0161i telpas frekven\u010du diapazonam,&#8230;<\/p>\n","protected":false},"featured_media":42297,"comment_status":"open","ping_status":"closed","template":"","meta":{"_acf_changed":false},"product_brand":[741],"product_cat":[17722],"product_tag":[],"class_list":{"0":"post-39288","1":"product","2":"type-product","3":"status-publish","4":"has-post-thumbnail","6":"product_brand-norsonic","7":"product_cat-apgaismojuma-troksna-gaisa-plusmas-merisanai","9":"first","10":"instock","11":"taxable","12":"shipping-taxable","13":"product-type-simple"},"acf":[],"yoast_head":"<!-- This site is optimized with the Yoast SEO plugin v27.0 - https:\/\/yoast.com\/product\/yoast-seo-wordpress\/ -->\n<title>Norsonic Nor282 pastiprin\u0101t\u0101js - AXIOMA MS<\/title>\n<meta name=\"robots\" content=\"index, follow, max-snippet:-1, max-image-preview:large, max-video-preview:-1\" \/>\n<link rel=\"canonical\" href=\"https:\/\/www.axiomams.eu\/lv\/produktas\/norsonic-nor282-pastiprinatajs\" \/>\n<meta property=\"og:locale\" content=\"lv_LV\" \/>\n<meta property=\"og:type\" content=\"article\" \/>\n<meta property=\"og:title\" content=\"Norsonic Nor282 pastiprin\u0101t\u0101js - AXIOMA MS\" \/>\n<meta property=\"og:description\" content=\"Norsonic Nor282 pastiprin\u0101t\u0101js &#8211; \u012bpa\u0161i izstr\u0101d\u0101ts \u0113ku akustikas un telpu akustikas m\u0113r\u012bjumiem. Jaudas pastiprin\u0101t\u0101js nodro\u0161ina maksim\u0101lu ska\u0146as spiediena l\u012bmeni no Norsonic ska\u013cru\u0146u kl\u0101sta. Ar Nor282 m\u0113s esam likvid\u0113ju\u0161i nepiecie\u0161am\u012bbu p\u0113c sign\u0101la un t\u012bkla kabe\u013ca un pievienoju\u0161i grafisko ekvalaizeru. Pateicoties lielajam kr\u0101su displejam un grafiskajam ekvalaizeram, ir viegli piel\u0101got ska\u013cru\u0146a frekven\u010du diapazonu atbilsto\u0161i telpas frekven\u010du diapazonam,...\" \/>\n<meta property=\"og:url\" content=\"https:\/\/www.axiomams.eu\/lv\/produktas\/norsonic-nor282-pastiprinatajs\" \/>\n<meta property=\"og:site_name\" content=\"AXIOMA MS\" \/>\n<meta property=\"article:publisher\" content=\"https:\/\/www.facebook.com\/AxiomaMS\" \/>\n<meta property=\"article:modified_time\" content=\"2026-03-25T15:01:18+00:00\" \/>\n<meta property=\"og:image\" content=\"https:\/\/www.axiomams.eu\/wp-content\/uploads\/2025\/07\/3531-4777.jpg\" \/>\n\t<meta property=\"og:image:width\" content=\"719\" \/>\n\t<meta property=\"og:image:height\" content=\"719\" \/>\n\t<meta property=\"og:image:type\" content=\"image\/jpeg\" \/>\n<meta name=\"twitter:card\" content=\"summary_large_image\" \/>\n<meta name=\"twitter:label1\" content=\"Est. reading time\" \/>\n\t<meta name=\"twitter:data1\" content=\"1 minute\" \/>\n<script type=\"application\/ld+json\" class=\"yoast-schema-graph\">{\"@context\":\"https:\/\/schema.org\",\"@graph\":[{\"@type\":\"WebPage\",\"@id\":\"https:\/\/www.axiomams.eu\/lv\/produktas\/norsonic-nor282-pastiprinatajs\",\"url\":\"https:\/\/www.axiomams.eu\/lv\/produktas\/norsonic-nor282-pastiprinatajs\",\"name\":\"Norsonic Nor282 pastiprin\u0101t\u0101js - AXIOMA MS\",\"isPartOf\":{\"@id\":\"https:\/\/www.axiomams.eu\/lv#website\"},\"primaryImageOfPage\":{\"@id\":\"https:\/\/www.axiomams.eu\/lv\/produktas\/norsonic-nor282-pastiprinatajs#primaryimage\"},\"image\":{\"@id\":\"https:\/\/www.axiomams.eu\/lv\/produktas\/norsonic-nor282-pastiprinatajs#primaryimage\"},\"thumbnailUrl\":\"https:\/\/www.axiomams.eu\/wp-content\/uploads\/2025\/07\/3531-4777.jpg\",\"datePublished\":\"2025-05-15T16:04:44+00:00\",\"dateModified\":\"2026-03-25T15:01:18+00:00\",\"breadcrumb\":{\"@id\":\"https:\/\/www.axiomams.eu\/lv\/produktas\/norsonic-nor282-pastiprinatajs#breadcrumb\"},\"inLanguage\":\"lv-LV\",\"potentialAction\":[{\"@type\":\"ReadAction\",\"target\":[\"https:\/\/www.axiomams.eu\/lv\/produktas\/norsonic-nor282-pastiprinatajs\"]}]},{\"@type\":\"ImageObject\",\"inLanguage\":\"lv-LV\",\"@id\":\"https:\/\/www.axiomams.eu\/lv\/produktas\/norsonic-nor282-pastiprinatajs#primaryimage\",\"url\":\"https:\/\/www.axiomams.eu\/wp-content\/uploads\/2025\/07\/3531-4777.jpg\",\"contentUrl\":\"https:\/\/www.axiomams.eu\/wp-content\/uploads\/2025\/07\/3531-4777.jpg\",\"width\":719,\"height\":719},{\"@type\":\"BreadcrumbList\",\"@id\":\"https:\/\/www.axiomams.eu\/lv\/produktas\/norsonic-nor282-pastiprinatajs#breadcrumb\",\"itemListElement\":[{\"@type\":\"ListItem\",\"position\":1,\"name\":\"Home\",\"item\":\"https:\/\/www.axiomams.eu\/lv\"},{\"@type\":\"ListItem\",\"position\":2,\"name\":\"Produkti\",\"item\":\"https:\/\/www.axiomams.eu\/lv\/produkti\"},{\"@type\":\"ListItem\",\"position\":3,\"name\":\"Norsonic Nor282 pastiprin\u0101t\u0101js\"}]},{\"@type\":\"WebSite\",\"@id\":\"https:\/\/www.axiomams.eu\/lv#website\",\"url\":\"https:\/\/www.axiomams.eu\/lv\",\"name\":\"AXIOMA MS\",\"description\":\"Terrmovizoriai ir matavimo \u012franga\",\"publisher\":{\"@id\":\"https:\/\/www.axiomams.eu\/lv#organization\"},\"potentialAction\":[{\"@type\":\"SearchAction\",\"target\":{\"@type\":\"EntryPoint\",\"urlTemplate\":\"https:\/\/www.axiomams.eu\/lv?s={search_term_string}\"},\"query-input\":{\"@type\":\"PropertyValueSpecification\",\"valueRequired\":true,\"valueName\":\"search_term_string\"}}],\"inLanguage\":\"lv-LV\"},{\"@type\":\"Organization\",\"@id\":\"https:\/\/www.axiomams.eu\/lv#organization\",\"name\":\"AXIOMA MS\",\"url\":\"https:\/\/www.axiomams.eu\/lv\",\"logo\":{\"@type\":\"ImageObject\",\"inLanguage\":\"lv-LV\",\"@id\":\"https:\/\/www.axiomams.eu\/lv#\/schema\/logo\/image\/\",\"url\":\"https:\/\/www.axiomams.eu\/wp-content\/uploads\/2025\/06\/axioma-logo-2.png\",\"contentUrl\":\"https:\/\/www.axiomams.eu\/wp-content\/uploads\/2025\/06\/axioma-logo-2.png\",\"width\":1200,\"height\":1200,\"caption\":\"AXIOMA MS\"},\"image\":{\"@id\":\"https:\/\/www.axiomams.eu\/lv#\/schema\/logo\/image\/\"},\"sameAs\":[\"https:\/\/www.facebook.com\/AxiomaMS\",\"https:\/\/www.linkedin.com\/company\/axiomams\/\"]}]}<\/script>\n<!-- \/ Yoast SEO plugin. -->","yoast_head_json":{"title":"Norsonic Nor282 pastiprin\u0101t\u0101js - AXIOMA MS","robots":{"index":"index","follow":"follow","max-snippet":"max-snippet:-1","max-image-preview":"max-image-preview:large","max-video-preview":"max-video-preview:-1"},"canonical":"https:\/\/www.axiomams.eu\/lv\/produktas\/norsonic-nor282-pastiprinatajs","og_locale":"lv_LV","og_type":"article","og_title":"Norsonic Nor282 pastiprin\u0101t\u0101js - AXIOMA MS","og_description":"Norsonic Nor282 pastiprin\u0101t\u0101js &#8211; \u012bpa\u0161i izstr\u0101d\u0101ts \u0113ku akustikas un telpu akustikas m\u0113r\u012bjumiem. Jaudas pastiprin\u0101t\u0101js nodro\u0161ina maksim\u0101lu ska\u0146as spiediena l\u012bmeni no Norsonic ska\u013cru\u0146u kl\u0101sta. Ar Nor282 m\u0113s esam likvid\u0113ju\u0161i nepiecie\u0161am\u012bbu p\u0113c sign\u0101la un t\u012bkla kabe\u013ca un pievienoju\u0161i grafisko ekvalaizeru. Pateicoties lielajam kr\u0101su displejam un grafiskajam ekvalaizeram, ir viegli piel\u0101got ska\u013cru\u0146a frekven\u010du diapazonu atbilsto\u0161i telpas frekven\u010du diapazonam,...","og_url":"https:\/\/www.axiomams.eu\/lv\/produktas\/norsonic-nor282-pastiprinatajs","og_site_name":"AXIOMA MS","article_publisher":"https:\/\/www.facebook.com\/AxiomaMS","article_modified_time":"2026-03-25T15:01:18+00:00","og_image":[{"width":719,"height":719,"url":"https:\/\/www.axiomams.eu\/wp-content\/uploads\/2025\/07\/3531-4777.jpg","type":"image\/jpeg"}],"twitter_card":"summary_large_image","twitter_misc":{"Est. reading time":"1 minute"},"schema":{"@context":"https:\/\/schema.org","@graph":[{"@type":"WebPage","@id":"https:\/\/www.axiomams.eu\/lv\/produktas\/norsonic-nor282-pastiprinatajs","url":"https:\/\/www.axiomams.eu\/lv\/produktas\/norsonic-nor282-pastiprinatajs","name":"Norsonic Nor282 pastiprin\u0101t\u0101js - AXIOMA MS","isPartOf":{"@id":"https:\/\/www.axiomams.eu\/lv#website"},"primaryImageOfPage":{"@id":"https:\/\/www.axiomams.eu\/lv\/produktas\/norsonic-nor282-pastiprinatajs#primaryimage"},"image":{"@id":"https:\/\/www.axiomams.eu\/lv\/produktas\/norsonic-nor282-pastiprinatajs#primaryimage"},"thumbnailUrl":"https:\/\/www.axiomams.eu\/wp-content\/uploads\/2025\/07\/3531-4777.jpg","datePublished":"2025-05-15T16:04:44+00:00","dateModified":"2026-03-25T15:01:18+00:00","breadcrumb":{"@id":"https:\/\/www.axiomams.eu\/lv\/produktas\/norsonic-nor282-pastiprinatajs#breadcrumb"},"inLanguage":"lv-LV","potentialAction":[{"@type":"ReadAction","target":["https:\/\/www.axiomams.eu\/lv\/produktas\/norsonic-nor282-pastiprinatajs"]}]},{"@type":"ImageObject","inLanguage":"lv-LV","@id":"https:\/\/www.axiomams.eu\/lv\/produktas\/norsonic-nor282-pastiprinatajs#primaryimage","url":"https:\/\/www.axiomams.eu\/wp-content\/uploads\/2025\/07\/3531-4777.jpg","contentUrl":"https:\/\/www.axiomams.eu\/wp-content\/uploads\/2025\/07\/3531-4777.jpg","width":719,"height":719},{"@type":"BreadcrumbList","@id":"https:\/\/www.axiomams.eu\/lv\/produktas\/norsonic-nor282-pastiprinatajs#breadcrumb","itemListElement":[{"@type":"ListItem","position":1,"name":"Home","item":"https:\/\/www.axiomams.eu\/lv"},{"@type":"ListItem","position":2,"name":"Produkti","item":"https:\/\/www.axiomams.eu\/lv\/produkti"},{"@type":"ListItem","position":3,"name":"Norsonic Nor282 pastiprin\u0101t\u0101js"}]},{"@type":"WebSite","@id":"https:\/\/www.axiomams.eu\/lv#website","url":"https:\/\/www.axiomams.eu\/lv","name":"AXIOMA MS","description":"Terrmovizoriai ir matavimo \u012franga","publisher":{"@id":"https:\/\/www.axiomams.eu\/lv#organization"},"potentialAction":[{"@type":"SearchAction","target":{"@type":"EntryPoint","urlTemplate":"https:\/\/www.axiomams.eu\/lv?s={search_term_string}"},"query-input":{"@type":"PropertyValueSpecification","valueRequired":true,"valueName":"search_term_string"}}],"inLanguage":"lv-LV"},{"@type":"Organization","@id":"https:\/\/www.axiomams.eu\/lv#organization","name":"AXIOMA MS","url":"https:\/\/www.axiomams.eu\/lv","logo":{"@type":"ImageObject","inLanguage":"lv-LV","@id":"https:\/\/www.axiomams.eu\/lv#\/schema\/logo\/image\/","url":"https:\/\/www.axiomams.eu\/wp-content\/uploads\/2025\/06\/axioma-logo-2.png","contentUrl":"https:\/\/www.axiomams.eu\/wp-content\/uploads\/2025\/06\/axioma-logo-2.png","width":1200,"height":1200,"caption":"AXIOMA MS"},"image":{"@id":"https:\/\/www.axiomams.eu\/lv#\/schema\/logo\/image\/"},"sameAs":["https:\/\/www.facebook.com\/AxiomaMS","https:\/\/www.linkedin.com\/company\/axiomams\/"]}]}},"_links":{"self":[{"href":"https:\/\/www.axiomams.eu\/lv\/wp-json\/wp\/v2\/product\/39288","targetHints":{"allow":["GET"]}}],"collection":[{"href":"https:\/\/www.axiomams.eu\/lv\/wp-json\/wp\/v2\/product"}],"about":[{"href":"https:\/\/www.axiomams.eu\/lv\/wp-json\/wp\/v2\/types\/product"}],"replies":[{"embeddable":true,"href":"https:\/\/www.axiomams.eu\/lv\/wp-json\/wp\/v2\/comments?post=39288"}],"wp:featuredmedia":[{"embeddable":true,"href":"https:\/\/www.axiomams.eu\/lv\/wp-json\/wp\/v2\/media\/42297"}],"wp:attachment":[{"href":"https:\/\/www.axiomams.eu\/lv\/wp-json\/wp\/v2\/media?parent=39288"}],"wp:term":[{"taxonomy":"product_brand","embeddable":true,"href":"https:\/\/www.axiomams.eu\/lv\/wp-json\/wp\/v2\/product_brand?post=39288"},{"taxonomy":"product_cat","embeddable":true,"href":"https:\/\/www.axiomams.eu\/lv\/wp-json\/wp\/v2\/product_cat?post=39288"},{"taxonomy":"product_tag","embeddable":true,"href":"https:\/\/www.axiomams.eu\/lv\/wp-json\/wp\/v2\/product_tag?post=39288"}],"curies":[{"name":"wp","href":"https:\/\/api.w.org\/{rel}","templated":true}]}}