{"id":39289,"date":"2025-05-15T18:04:45","date_gmt":"2025-05-15T16:04:45","guid":{"rendered":"https:\/\/www.axiomams.eu\/produktas\/ametek-nvision-spiediena-registrators"},"modified":"2026-03-25T17:01:18","modified_gmt":"2026-03-25T15:01:18","slug":"ametek-nvision-spiediena-registrators","status":"publish","type":"product","link":"https:\/\/www.axiomams.eu\/lv\/produktas\/ametek-nvision-spiediena-registrators","title":{"rendered":"Ametek nVision spiediena re\u0123istrators"},"content":{"rendered":"<p>Ametek nVision \u013cauj grafiski vizualiz\u0113t m\u0113r\u012bjumus re\u0101llaik\u0101, kam\u0113r tie tiek re\u0123istr\u0113ti, izmantojot datoru vai bez t\u0101. Ir daudz viegl\u0101k noteikt tendences vai anom\u0101lijas.<br \/>\nvizu\u0101li, nevis datu tabul\u0101s vai izkl\u0101jlap\u0101s.<\/p>\n<p>Standarta komplekts: nVision, CD rokasgr\u0101mata, ISO 17025 akredit\u0113ts kalibr\u0113\u0161anas sertifik\u0101ts, m\u012bksts koferis, aizsargapvalks, Mini-USB kabelis.<\/p>\n<h3>Tehnisk\u0101 inform\u0101cija:<\/h3>\n<ul>\n<li><a href=\"https:\/\/axiomams.eu\/importer\/export\/attachments\/en\/ametek-nvision.pdf\" target=\"_blank\">Ametek nVision.pdf<\/a><\/li>\n<\/ul>\n","protected":false},"excerpt":{"rendered":"<p>Ametek nVision \u013cauj grafiski vizualiz\u0113t m\u0113r\u012bjumus re\u0101llaik\u0101, kam\u0113r tie tiek re\u0123istr\u0113ti, izmantojot datoru vai bez t\u0101. Ir daudz viegl\u0101k noteikt tendences vai anom\u0101lijas. vizu\u0101li, nevis datu tabul\u0101s vai izkl\u0101jlap\u0101s. Standarta komplekts: nVision, CD rokasgr\u0101mata, ISO 17025 akredit\u0113ts kalibr\u0113\u0161anas sertifik\u0101ts, m\u012bksts koferis, aizsargapvalks, Mini-USB kabelis. Tehnisk\u0101 inform\u0101cija: Ametek nVision.pdf<\/p>\n","protected":false},"featured_media":42299,"comment_status":"open","ping_status":"closed","template":"","meta":{"_acf_changed":false},"product_brand":[1202],"product_cat":[17746],"product_tag":[],"class_list":{"0":"post-39289","1":"product","2":"type-product","3":"status-publish","4":"has-post-thumbnail","6":"product_brand-ametek","7":"product_cat-limena-spiediena-un-temperaturas-merijumiem","9":"first","10":"instock","11":"taxable","12":"shipping-taxable","13":"product-type-simple"},"acf":[],"yoast_head":"<!-- This site is optimized with the Yoast SEO plugin v27.0 - https:\/\/yoast.com\/product\/yoast-seo-wordpress\/ -->\n<title>Ametek nVision spiediena re\u0123istrators - AXIOMA MS<\/title>\n<meta name=\"robots\" content=\"index, follow, max-snippet:-1, max-image-preview:large, max-video-preview:-1\" \/>\n<link rel=\"canonical\" href=\"https:\/\/www.axiomams.eu\/lv\/produktas\/ametek-nvision-spiediena-registrators\" \/>\n<meta property=\"og:locale\" content=\"lv_LV\" \/>\n<meta property=\"og:type\" content=\"article\" \/>\n<meta property=\"og:title\" content=\"Ametek nVision spiediena re\u0123istrators - AXIOMA MS\" \/>\n<meta property=\"og:description\" content=\"Ametek nVision \u013cauj grafiski vizualiz\u0113t m\u0113r\u012bjumus re\u0101llaik\u0101, kam\u0113r tie tiek re\u0123istr\u0113ti, izmantojot datoru vai bez t\u0101. Ir daudz viegl\u0101k noteikt tendences vai anom\u0101lijas. vizu\u0101li, nevis datu tabul\u0101s vai izkl\u0101jlap\u0101s. Standarta komplekts: nVision, CD rokasgr\u0101mata, ISO 17025 akredit\u0113ts kalibr\u0113\u0161anas sertifik\u0101ts, m\u012bksts koferis, aizsargapvalks, Mini-USB kabelis. Tehnisk\u0101 inform\u0101cija: Ametek nVision.pdf\" \/>\n<meta property=\"og:url\" content=\"https:\/\/www.axiomams.eu\/lv\/produktas\/ametek-nvision-spiediena-registrators\" \/>\n<meta property=\"og:site_name\" content=\"AXIOMA MS\" \/>\n<meta property=\"article:publisher\" content=\"https:\/\/www.facebook.com\/AxiomaMS\" \/>\n<meta property=\"article:modified_time\" content=\"2026-03-25T15:01:18+00:00\" \/>\n<meta property=\"og:image\" content=\"https:\/\/www.axiomams.eu\/wp-content\/uploads\/2025\/07\/2295-2977.jpg\" \/>\n\t<meta property=\"og:image:width\" content=\"1122\" \/>\n\t<meta property=\"og:image:height\" content=\"1020\" \/>\n\t<meta property=\"og:image:type\" content=\"image\/jpeg\" \/>\n<meta name=\"twitter:card\" content=\"summary_large_image\" \/>\n<script type=\"application\/ld+json\" class=\"yoast-schema-graph\">{\"@context\":\"https:\/\/schema.org\",\"@graph\":[{\"@type\":\"WebPage\",\"@id\":\"https:\/\/www.axiomams.eu\/lv\/produktas\/ametek-nvision-spiediena-registrators\",\"url\":\"https:\/\/www.axiomams.eu\/lv\/produktas\/ametek-nvision-spiediena-registrators\",\"name\":\"Ametek nVision spiediena re\u0123istrators - AXIOMA MS\",\"isPartOf\":{\"@id\":\"https:\/\/www.axiomams.eu\/lv#website\"},\"primaryImageOfPage\":{\"@id\":\"https:\/\/www.axiomams.eu\/lv\/produktas\/ametek-nvision-spiediena-registrators#primaryimage\"},\"image\":{\"@id\":\"https:\/\/www.axiomams.eu\/lv\/produktas\/ametek-nvision-spiediena-registrators#primaryimage\"},\"thumbnailUrl\":\"https:\/\/www.axiomams.eu\/wp-content\/uploads\/2025\/07\/2295-2977.jpg\",\"datePublished\":\"2025-05-15T16:04:45+00:00\",\"dateModified\":\"2026-03-25T15:01:18+00:00\",\"breadcrumb\":{\"@id\":\"https:\/\/www.axiomams.eu\/lv\/produktas\/ametek-nvision-spiediena-registrators#breadcrumb\"},\"inLanguage\":\"lv-LV\",\"potentialAction\":[{\"@type\":\"ReadAction\",\"target\":[\"https:\/\/www.axiomams.eu\/lv\/produktas\/ametek-nvision-spiediena-registrators\"]}]},{\"@type\":\"ImageObject\",\"inLanguage\":\"lv-LV\",\"@id\":\"https:\/\/www.axiomams.eu\/lv\/produktas\/ametek-nvision-spiediena-registrators#primaryimage\",\"url\":\"https:\/\/www.axiomams.eu\/wp-content\/uploads\/2025\/07\/2295-2977.jpg\",\"contentUrl\":\"https:\/\/www.axiomams.eu\/wp-content\/uploads\/2025\/07\/2295-2977.jpg\",\"width\":1122,\"height\":1020},{\"@type\":\"BreadcrumbList\",\"@id\":\"https:\/\/www.axiomams.eu\/lv\/produktas\/ametek-nvision-spiediena-registrators#breadcrumb\",\"itemListElement\":[{\"@type\":\"ListItem\",\"position\":1,\"name\":\"Home\",\"item\":\"https:\/\/www.axiomams.eu\/lv\"},{\"@type\":\"ListItem\",\"position\":2,\"name\":\"Produkti\",\"item\":\"https:\/\/www.axiomams.eu\/lv\/produkti\"},{\"@type\":\"ListItem\",\"position\":3,\"name\":\"Ametek nVision spiediena re\u0123istrators\"}]},{\"@type\":\"WebSite\",\"@id\":\"https:\/\/www.axiomams.eu\/lv#website\",\"url\":\"https:\/\/www.axiomams.eu\/lv\",\"name\":\"AXIOMA MS\",\"description\":\"Terrmovizoriai ir matavimo \u012franga\",\"publisher\":{\"@id\":\"https:\/\/www.axiomams.eu\/lv#organization\"},\"potentialAction\":[{\"@type\":\"SearchAction\",\"target\":{\"@type\":\"EntryPoint\",\"urlTemplate\":\"https:\/\/www.axiomams.eu\/lv?s={search_term_string}\"},\"query-input\":{\"@type\":\"PropertyValueSpecification\",\"valueRequired\":true,\"valueName\":\"search_term_string\"}}],\"inLanguage\":\"lv-LV\"},{\"@type\":\"Organization\",\"@id\":\"https:\/\/www.axiomams.eu\/lv#organization\",\"name\":\"AXIOMA MS\",\"url\":\"https:\/\/www.axiomams.eu\/lv\",\"logo\":{\"@type\":\"ImageObject\",\"inLanguage\":\"lv-LV\",\"@id\":\"https:\/\/www.axiomams.eu\/lv#\/schema\/logo\/image\/\",\"url\":\"https:\/\/www.axiomams.eu\/wp-content\/uploads\/2025\/06\/axioma-logo-2.png\",\"contentUrl\":\"https:\/\/www.axiomams.eu\/wp-content\/uploads\/2025\/06\/axioma-logo-2.png\",\"width\":1200,\"height\":1200,\"caption\":\"AXIOMA MS\"},\"image\":{\"@id\":\"https:\/\/www.axiomams.eu\/lv#\/schema\/logo\/image\/\"},\"sameAs\":[\"https:\/\/www.facebook.com\/AxiomaMS\",\"https:\/\/www.linkedin.com\/company\/axiomams\/\"]}]}<\/script>\n<!-- \/ Yoast SEO plugin. -->","yoast_head_json":{"title":"Ametek nVision spiediena re\u0123istrators - AXIOMA MS","robots":{"index":"index","follow":"follow","max-snippet":"max-snippet:-1","max-image-preview":"max-image-preview:large","max-video-preview":"max-video-preview:-1"},"canonical":"https:\/\/www.axiomams.eu\/lv\/produktas\/ametek-nvision-spiediena-registrators","og_locale":"lv_LV","og_type":"article","og_title":"Ametek nVision spiediena re\u0123istrators - AXIOMA MS","og_description":"Ametek nVision \u013cauj grafiski vizualiz\u0113t m\u0113r\u012bjumus re\u0101llaik\u0101, kam\u0113r tie tiek re\u0123istr\u0113ti, izmantojot datoru vai bez t\u0101. Ir daudz viegl\u0101k noteikt tendences vai anom\u0101lijas. vizu\u0101li, nevis datu tabul\u0101s vai izkl\u0101jlap\u0101s. Standarta komplekts: nVision, CD rokasgr\u0101mata, ISO 17025 akredit\u0113ts kalibr\u0113\u0161anas sertifik\u0101ts, m\u012bksts koferis, aizsargapvalks, Mini-USB kabelis. Tehnisk\u0101 inform\u0101cija: Ametek nVision.pdf","og_url":"https:\/\/www.axiomams.eu\/lv\/produktas\/ametek-nvision-spiediena-registrators","og_site_name":"AXIOMA MS","article_publisher":"https:\/\/www.facebook.com\/AxiomaMS","article_modified_time":"2026-03-25T15:01:18+00:00","og_image":[{"width":1122,"height":1020,"url":"https:\/\/www.axiomams.eu\/wp-content\/uploads\/2025\/07\/2295-2977.jpg","type":"image\/jpeg"}],"twitter_card":"summary_large_image","schema":{"@context":"https:\/\/schema.org","@graph":[{"@type":"WebPage","@id":"https:\/\/www.axiomams.eu\/lv\/produktas\/ametek-nvision-spiediena-registrators","url":"https:\/\/www.axiomams.eu\/lv\/produktas\/ametek-nvision-spiediena-registrators","name":"Ametek nVision spiediena re\u0123istrators - AXIOMA MS","isPartOf":{"@id":"https:\/\/www.axiomams.eu\/lv#website"},"primaryImageOfPage":{"@id":"https:\/\/www.axiomams.eu\/lv\/produktas\/ametek-nvision-spiediena-registrators#primaryimage"},"image":{"@id":"https:\/\/www.axiomams.eu\/lv\/produktas\/ametek-nvision-spiediena-registrators#primaryimage"},"thumbnailUrl":"https:\/\/www.axiomams.eu\/wp-content\/uploads\/2025\/07\/2295-2977.jpg","datePublished":"2025-05-15T16:04:45+00:00","dateModified":"2026-03-25T15:01:18+00:00","breadcrumb":{"@id":"https:\/\/www.axiomams.eu\/lv\/produktas\/ametek-nvision-spiediena-registrators#breadcrumb"},"inLanguage":"lv-LV","potentialAction":[{"@type":"ReadAction","target":["https:\/\/www.axiomams.eu\/lv\/produktas\/ametek-nvision-spiediena-registrators"]}]},{"@type":"ImageObject","inLanguage":"lv-LV","@id":"https:\/\/www.axiomams.eu\/lv\/produktas\/ametek-nvision-spiediena-registrators#primaryimage","url":"https:\/\/www.axiomams.eu\/wp-content\/uploads\/2025\/07\/2295-2977.jpg","contentUrl":"https:\/\/www.axiomams.eu\/wp-content\/uploads\/2025\/07\/2295-2977.jpg","width":1122,"height":1020},{"@type":"BreadcrumbList","@id":"https:\/\/www.axiomams.eu\/lv\/produktas\/ametek-nvision-spiediena-registrators#breadcrumb","itemListElement":[{"@type":"ListItem","position":1,"name":"Home","item":"https:\/\/www.axiomams.eu\/lv"},{"@type":"ListItem","position":2,"name":"Produkti","item":"https:\/\/www.axiomams.eu\/lv\/produkti"},{"@type":"ListItem","position":3,"name":"Ametek nVision spiediena re\u0123istrators"}]},{"@type":"WebSite","@id":"https:\/\/www.axiomams.eu\/lv#website","url":"https:\/\/www.axiomams.eu\/lv","name":"AXIOMA MS","description":"Terrmovizoriai ir matavimo \u012franga","publisher":{"@id":"https:\/\/www.axiomams.eu\/lv#organization"},"potentialAction":[{"@type":"SearchAction","target":{"@type":"EntryPoint","urlTemplate":"https:\/\/www.axiomams.eu\/lv?s={search_term_string}"},"query-input":{"@type":"PropertyValueSpecification","valueRequired":true,"valueName":"search_term_string"}}],"inLanguage":"lv-LV"},{"@type":"Organization","@id":"https:\/\/www.axiomams.eu\/lv#organization","name":"AXIOMA MS","url":"https:\/\/www.axiomams.eu\/lv","logo":{"@type":"ImageObject","inLanguage":"lv-LV","@id":"https:\/\/www.axiomams.eu\/lv#\/schema\/logo\/image\/","url":"https:\/\/www.axiomams.eu\/wp-content\/uploads\/2025\/06\/axioma-logo-2.png","contentUrl":"https:\/\/www.axiomams.eu\/wp-content\/uploads\/2025\/06\/axioma-logo-2.png","width":1200,"height":1200,"caption":"AXIOMA MS"},"image":{"@id":"https:\/\/www.axiomams.eu\/lv#\/schema\/logo\/image\/"},"sameAs":["https:\/\/www.facebook.com\/AxiomaMS","https:\/\/www.linkedin.com\/company\/axiomams\/"]}]}},"_links":{"self":[{"href":"https:\/\/www.axiomams.eu\/lv\/wp-json\/wp\/v2\/product\/39289","targetHints":{"allow":["GET"]}}],"collection":[{"href":"https:\/\/www.axiomams.eu\/lv\/wp-json\/wp\/v2\/product"}],"about":[{"href":"https:\/\/www.axiomams.eu\/lv\/wp-json\/wp\/v2\/types\/product"}],"replies":[{"embeddable":true,"href":"https:\/\/www.axiomams.eu\/lv\/wp-json\/wp\/v2\/comments?post=39289"}],"wp:featuredmedia":[{"embeddable":true,"href":"https:\/\/www.axiomams.eu\/lv\/wp-json\/wp\/v2\/media\/42299"}],"wp:attachment":[{"href":"https:\/\/www.axiomams.eu\/lv\/wp-json\/wp\/v2\/media?parent=39289"}],"wp:term":[{"taxonomy":"product_brand","embeddable":true,"href":"https:\/\/www.axiomams.eu\/lv\/wp-json\/wp\/v2\/product_brand?post=39289"},{"taxonomy":"product_cat","embeddable":true,"href":"https:\/\/www.axiomams.eu\/lv\/wp-json\/wp\/v2\/product_cat?post=39289"},{"taxonomy":"product_tag","embeddable":true,"href":"https:\/\/www.axiomams.eu\/lv\/wp-json\/wp\/v2\/product_tag?post=39289"}],"curies":[{"name":"wp","href":"https:\/\/api.w.org\/{rel}","templated":true}]}}