{"id":39290,"date":"2025-05-15T18:04:46","date_gmt":"2025-05-15T16:04:46","guid":{"rendered":"https:\/\/www.axiomams.eu\/produktas\/fixturlaser-nxa-pro-varpstas-centresanas-riks"},"modified":"2026-03-25T17:01:19","modified_gmt":"2026-03-25T15:01:19","slug":"fixturlaser-nxa-pro-varpstas-centresanas-riks","status":"publish","type":"product","link":"https:\/\/www.axiomams.eu\/lv\/produktas\/fixturlaser-nxa-pro-varpstas-centresanas-riks","title":{"rendered":"Fixturlaser NXA Pro v\u0101rpstas centr\u0113\u0161anas r\u012bks"},"content":{"rendered":"<p>Fixturlaser NXA Pro &#8211; revol\u016bcija v\u0101rpstu centr\u0113\u0161an\u0101, k\u0101 ar\u012b revol\u016bcija lietojam\u012bb\u0101 ar Fixturlaser NXA Pro &#8211; digit\u0101lo l\u0101zera centr\u0113\u0161anas sist\u0113mu! Fixturlaser NXA Pro m\u0113r\u0137is ir nodro\u0161in\u0101t lietot\u0101jam \u0101tru un vienk\u0101r\u0161u darb\u012bbu, k\u0101 ar\u012b piek\u013cuvi uzlabot\u0101m funkcij\u0101m un iesp\u0113j\u0101m, piem\u0113ram, OmniView un VertiZontal Moves, un, iesp\u0113jams, lab\u0101ko ener\u0123ijas p\u0101rvald\u012bbas sist\u0113mu tirg\u016b.<\/p>\n<p>Fixturlaser NXA Pro sist\u0113ma<br \/>\nSvars, ieskaitot visas standarta da\u013cas: 7,7 kg<br \/>\nIzm\u0113ri: 415 x 325 x 180 mm.<\/p>\n<p>Displeja bloks<br \/>\nSvars: 1,2 kg ar akumulatoru<br \/>\nIzm\u0113ri: 224 x 158 x 49 mm<br \/>\nVides aizsardz\u012bba: Aizsardz\u012bba: IP 65 (putek\u013cu necaurlaid\u012bgs un aizsarg\u0101ts pret \u016bdens str\u016bklu)<br \/>\nDispleja izm\u0113rs: 6,5&#8243; diagon\u0101le (133 x 100 mm)<br \/>\nGiroskops: Inerci\u0101lais kust\u012bbas sensors: 6 asu MEMS inerci\u0101lais kust\u012bbas sensors ar dreifa kompens\u0101ciju un autom\u0101tisku kalibr\u0113\u0161anu.<br \/>\nDarb\u012bbas laiks: 10 stundas nep\u0101rtrauktas lieto\u0161anas (ar 50 % LCD apgaismojumu).<br \/>\nAkumulatora uzl\u0101des laiks (sist\u0113ma izsl\u0113gta, istabas temperat\u016bra): 1 stunda uzl\u0101des &#8211; 6 stundas darb\u012bbas laiks<\/p>\n<p>TD vien\u012bbas<br \/>\nSvars: 192 g.<br \/>\nIzm\u0113ri: 92 x 77 x 33 mm<br \/>\nVides aizsardz\u012bba: Aizsardz\u012bba: IP 65 (putek\u013cu necaurlaid\u012bgs un aizsarg\u0101ts pret \u016bdens str\u016bklu)<br \/>\nM\u0113r\u012b\u0161anas att\u0101lums: L\u012bdz 10 m<br \/>\nDetektors: 2. paaudzes Ultra HD CCD<br \/>\nDetektora garums: 30 mm<br \/>\nDetektora iz\u0161\u0137irtsp\u0113ja: Detektors: 1 \u03bcm<br \/>\nM\u0113r\u012bjumu precizit\u0101te: 0,3 % \u00b1 7 \u03bcm<br \/>\n\u017diroskops: 7,5 mm: Inerci\u0101lais kust\u012bbas sensors ar 6 as\u012bm: MEMS inerci\u0101lais kust\u012bbas sensors ar dreifa kompens\u0101ciju un autom\u0101tisku lauka kalibr\u0113\u0161anu.<br \/>\nDarb\u012bbas laiks: 17 stundas nep\u0101rtrauktas lieto\u0161anas (m\u0113r\u012b\u0161ana)<\/p>\n<p>V\u0101rpstas kron\u0161teini<br \/>\nV\u0101rpstas diametrs: \u00d8 25 mm &#8230; 175 mm; ar pagarin\u0101juma \u0137\u0113di \u00d8 25 mm &#8230; 450 mm<br \/>\nStie\u0146i: 4 gab. 85 mm un 4 gab. 160 mm (pagarin\u0101mi l\u012bdz 245 mm)<\/p>\n<p>Standarta komplekts: Displeja bloks, Fixturlaser M3, Fixturlaser S3, 2 gab. piln\u0101 V-veida kron\u0161teina, Ext. baro\u0161anas kabelis, USB kabelis A-mini, baro\u0161anas avots, USB zibatmi\u0146as, 2 gab. le\u0146\u0137veida univers\u0101lais instruments, 2 gab. magn\u0113tiskais V-veida kron\u0161teins, magn\u0113tisk\u0101 pamatne, \u0137\u0113de 8 mm 60 posmi L=970 mm, stie\u0146u komplekts, pagarin\u0101juma stiprin\u0101jums, m\u0113rlente 5 m.<\/p>\n<h3>Tehnisk\u0101 inform\u0101cija:<\/h3>\n<ul>\n<li><a href=\"https:\/\/axiomams.eu\/importer\/export\/attachments\/en\/fixturlaser-nxa-pro.pdf\" target=\"_blank\">Fixturlaser NXA Pro.pdf<\/a><\/li>\n<\/ul>\n","protected":false},"excerpt":{"rendered":"<p>Fixturlaser NXA Pro &#8211; revol\u016bcija v\u0101rpstu centr\u0113\u0161an\u0101, k\u0101 ar\u012b revol\u016bcija lietojam\u012bb\u0101 ar Fixturlaser NXA Pro &#8211; digit\u0101lo l\u0101zera centr\u0113\u0161anas sist\u0113mu! Fixturlaser NXA Pro m\u0113r\u0137is ir nodro\u0161in\u0101t lietot\u0101jam \u0101tru un vienk\u0101r\u0161u darb\u012bbu, k\u0101 ar\u012b piek\u013cuvi uzlabot\u0101m funkcij\u0101m un iesp\u0113j\u0101m, piem\u0113ram, OmniView un VertiZontal Moves, un, iesp\u0113jams, lab\u0101ko ener\u0123ijas p\u0101rvald\u012bbas sist\u0113mu tirg\u016b. Fixturlaser NXA Pro sist\u0113ma Svars,&#8230;<\/p>\n","protected":false},"featured_media":42301,"comment_status":"open","ping_status":"closed","template":"","meta":{"_acf_changed":false},"product_brand":[17686],"product_cat":[17765],"product_tag":[],"class_list":{"0":"post-39290","1":"product","2":"type-product","3":"status-publish","4":"has-post-thumbnail","6":"product_brand-fixturlaser","7":"product_cat-centresanas-varpstam-un-siksnu-piedzinam","9":"first","10":"instock","11":"taxable","12":"shipping-taxable","13":"product-type-simple"},"acf":[],"yoast_head":"<!-- This site is optimized with the Yoast SEO plugin v27.0 - https:\/\/yoast.com\/product\/yoast-seo-wordpress\/ -->\n<title>Fixturlaser NXA Pro v\u0101rpstas centr\u0113\u0161anas r\u012bks - AXIOMA MS<\/title>\n<meta name=\"robots\" content=\"index, follow, max-snippet:-1, max-image-preview:large, max-video-preview:-1\" \/>\n<link rel=\"canonical\" href=\"https:\/\/www.axiomams.eu\/lv\/produktas\/fixturlaser-nxa-pro-varpstas-centresanas-riks\" \/>\n<meta property=\"og:locale\" content=\"lv_LV\" \/>\n<meta property=\"og:type\" content=\"article\" \/>\n<meta property=\"og:title\" content=\"Fixturlaser NXA Pro v\u0101rpstas centr\u0113\u0161anas r\u012bks - AXIOMA MS\" \/>\n<meta property=\"og:description\" content=\"Fixturlaser NXA Pro &#8211; revol\u016bcija v\u0101rpstu centr\u0113\u0161an\u0101, k\u0101 ar\u012b revol\u016bcija lietojam\u012bb\u0101 ar Fixturlaser NXA Pro &#8211; digit\u0101lo l\u0101zera centr\u0113\u0161anas sist\u0113mu! Fixturlaser NXA Pro m\u0113r\u0137is ir nodro\u0161in\u0101t lietot\u0101jam \u0101tru un vienk\u0101r\u0161u darb\u012bbu, k\u0101 ar\u012b piek\u013cuvi uzlabot\u0101m funkcij\u0101m un iesp\u0113j\u0101m, piem\u0113ram, OmniView un VertiZontal Moves, un, iesp\u0113jams, lab\u0101ko ener\u0123ijas p\u0101rvald\u012bbas sist\u0113mu tirg\u016b. Fixturlaser NXA Pro sist\u0113ma Svars,...\" \/>\n<meta property=\"og:url\" content=\"https:\/\/www.axiomams.eu\/lv\/produktas\/fixturlaser-nxa-pro-varpstas-centresanas-riks\" \/>\n<meta property=\"og:site_name\" content=\"AXIOMA MS\" \/>\n<meta property=\"article:publisher\" content=\"https:\/\/www.facebook.com\/AxiomaMS\" \/>\n<meta property=\"article:modified_time\" content=\"2026-03-25T15:01:19+00:00\" \/>\n<meta property=\"og:image\" content=\"https:\/\/www.axiomams.eu\/wp-content\/uploads\/2025\/07\/2523-3249.jpg\" \/>\n\t<meta property=\"og:image:width\" content=\"300\" \/>\n\t<meta property=\"og:image:height\" content=\"273\" \/>\n\t<meta property=\"og:image:type\" content=\"image\/jpeg\" \/>\n<meta name=\"twitter:card\" content=\"summary_large_image\" \/>\n<meta name=\"twitter:label1\" content=\"Est. reading time\" \/>\n\t<meta name=\"twitter:data1\" content=\"2 minutes\" \/>\n<script type=\"application\/ld+json\" class=\"yoast-schema-graph\">{\"@context\":\"https:\/\/schema.org\",\"@graph\":[{\"@type\":\"WebPage\",\"@id\":\"https:\/\/www.axiomams.eu\/lv\/produktas\/fixturlaser-nxa-pro-varpstas-centresanas-riks\",\"url\":\"https:\/\/www.axiomams.eu\/lv\/produktas\/fixturlaser-nxa-pro-varpstas-centresanas-riks\",\"name\":\"Fixturlaser NXA Pro v\u0101rpstas centr\u0113\u0161anas r\u012bks - AXIOMA MS\",\"isPartOf\":{\"@id\":\"https:\/\/www.axiomams.eu\/lv#website\"},\"primaryImageOfPage\":{\"@id\":\"https:\/\/www.axiomams.eu\/lv\/produktas\/fixturlaser-nxa-pro-varpstas-centresanas-riks#primaryimage\"},\"image\":{\"@id\":\"https:\/\/www.axiomams.eu\/lv\/produktas\/fixturlaser-nxa-pro-varpstas-centresanas-riks#primaryimage\"},\"thumbnailUrl\":\"https:\/\/www.axiomams.eu\/wp-content\/uploads\/2025\/07\/2523-3249.jpg\",\"datePublished\":\"2025-05-15T16:04:46+00:00\",\"dateModified\":\"2026-03-25T15:01:19+00:00\",\"breadcrumb\":{\"@id\":\"https:\/\/www.axiomams.eu\/lv\/produktas\/fixturlaser-nxa-pro-varpstas-centresanas-riks#breadcrumb\"},\"inLanguage\":\"lv-LV\",\"potentialAction\":[{\"@type\":\"ReadAction\",\"target\":[\"https:\/\/www.axiomams.eu\/lv\/produktas\/fixturlaser-nxa-pro-varpstas-centresanas-riks\"]}]},{\"@type\":\"ImageObject\",\"inLanguage\":\"lv-LV\",\"@id\":\"https:\/\/www.axiomams.eu\/lv\/produktas\/fixturlaser-nxa-pro-varpstas-centresanas-riks#primaryimage\",\"url\":\"https:\/\/www.axiomams.eu\/wp-content\/uploads\/2025\/07\/2523-3249.jpg\",\"contentUrl\":\"https:\/\/www.axiomams.eu\/wp-content\/uploads\/2025\/07\/2523-3249.jpg\",\"width\":300,\"height\":273},{\"@type\":\"BreadcrumbList\",\"@id\":\"https:\/\/www.axiomams.eu\/lv\/produktas\/fixturlaser-nxa-pro-varpstas-centresanas-riks#breadcrumb\",\"itemListElement\":[{\"@type\":\"ListItem\",\"position\":1,\"name\":\"Home\",\"item\":\"https:\/\/www.axiomams.eu\/lv\"},{\"@type\":\"ListItem\",\"position\":2,\"name\":\"Produkti\",\"item\":\"https:\/\/www.axiomams.eu\/lv\/produkti\"},{\"@type\":\"ListItem\",\"position\":3,\"name\":\"Fixturlaser NXA Pro v\u0101rpstas centr\u0113\u0161anas r\u012bks\"}]},{\"@type\":\"WebSite\",\"@id\":\"https:\/\/www.axiomams.eu\/lv#website\",\"url\":\"https:\/\/www.axiomams.eu\/lv\",\"name\":\"AXIOMA MS\",\"description\":\"Terrmovizoriai ir matavimo \u012franga\",\"publisher\":{\"@id\":\"https:\/\/www.axiomams.eu\/lv#organization\"},\"potentialAction\":[{\"@type\":\"SearchAction\",\"target\":{\"@type\":\"EntryPoint\",\"urlTemplate\":\"https:\/\/www.axiomams.eu\/lv?s={search_term_string}\"},\"query-input\":{\"@type\":\"PropertyValueSpecification\",\"valueRequired\":true,\"valueName\":\"search_term_string\"}}],\"inLanguage\":\"lv-LV\"},{\"@type\":\"Organization\",\"@id\":\"https:\/\/www.axiomams.eu\/lv#organization\",\"name\":\"AXIOMA MS\",\"url\":\"https:\/\/www.axiomams.eu\/lv\",\"logo\":{\"@type\":\"ImageObject\",\"inLanguage\":\"lv-LV\",\"@id\":\"https:\/\/www.axiomams.eu\/lv#\/schema\/logo\/image\/\",\"url\":\"https:\/\/www.axiomams.eu\/wp-content\/uploads\/2025\/06\/axioma-logo-2.png\",\"contentUrl\":\"https:\/\/www.axiomams.eu\/wp-content\/uploads\/2025\/06\/axioma-logo-2.png\",\"width\":1200,\"height\":1200,\"caption\":\"AXIOMA MS\"},\"image\":{\"@id\":\"https:\/\/www.axiomams.eu\/lv#\/schema\/logo\/image\/\"},\"sameAs\":[\"https:\/\/www.facebook.com\/AxiomaMS\",\"https:\/\/www.linkedin.com\/company\/axiomams\/\"]}]}<\/script>\n<!-- \/ Yoast SEO plugin. -->","yoast_head_json":{"title":"Fixturlaser NXA Pro v\u0101rpstas centr\u0113\u0161anas r\u012bks - AXIOMA MS","robots":{"index":"index","follow":"follow","max-snippet":"max-snippet:-1","max-image-preview":"max-image-preview:large","max-video-preview":"max-video-preview:-1"},"canonical":"https:\/\/www.axiomams.eu\/lv\/produktas\/fixturlaser-nxa-pro-varpstas-centresanas-riks","og_locale":"lv_LV","og_type":"article","og_title":"Fixturlaser NXA Pro v\u0101rpstas centr\u0113\u0161anas r\u012bks - AXIOMA MS","og_description":"Fixturlaser NXA Pro &#8211; revol\u016bcija v\u0101rpstu centr\u0113\u0161an\u0101, k\u0101 ar\u012b revol\u016bcija lietojam\u012bb\u0101 ar Fixturlaser NXA Pro &#8211; digit\u0101lo l\u0101zera centr\u0113\u0161anas sist\u0113mu! Fixturlaser NXA Pro m\u0113r\u0137is ir nodro\u0161in\u0101t lietot\u0101jam \u0101tru un vienk\u0101r\u0161u darb\u012bbu, k\u0101 ar\u012b piek\u013cuvi uzlabot\u0101m funkcij\u0101m un iesp\u0113j\u0101m, piem\u0113ram, OmniView un VertiZontal Moves, un, iesp\u0113jams, lab\u0101ko ener\u0123ijas p\u0101rvald\u012bbas sist\u0113mu tirg\u016b. Fixturlaser NXA Pro sist\u0113ma Svars,...","og_url":"https:\/\/www.axiomams.eu\/lv\/produktas\/fixturlaser-nxa-pro-varpstas-centresanas-riks","og_site_name":"AXIOMA MS","article_publisher":"https:\/\/www.facebook.com\/AxiomaMS","article_modified_time":"2026-03-25T15:01:19+00:00","og_image":[{"width":300,"height":273,"url":"https:\/\/www.axiomams.eu\/wp-content\/uploads\/2025\/07\/2523-3249.jpg","type":"image\/jpeg"}],"twitter_card":"summary_large_image","twitter_misc":{"Est. reading time":"2 minutes"},"schema":{"@context":"https:\/\/schema.org","@graph":[{"@type":"WebPage","@id":"https:\/\/www.axiomams.eu\/lv\/produktas\/fixturlaser-nxa-pro-varpstas-centresanas-riks","url":"https:\/\/www.axiomams.eu\/lv\/produktas\/fixturlaser-nxa-pro-varpstas-centresanas-riks","name":"Fixturlaser NXA Pro v\u0101rpstas centr\u0113\u0161anas r\u012bks - AXIOMA MS","isPartOf":{"@id":"https:\/\/www.axiomams.eu\/lv#website"},"primaryImageOfPage":{"@id":"https:\/\/www.axiomams.eu\/lv\/produktas\/fixturlaser-nxa-pro-varpstas-centresanas-riks#primaryimage"},"image":{"@id":"https:\/\/www.axiomams.eu\/lv\/produktas\/fixturlaser-nxa-pro-varpstas-centresanas-riks#primaryimage"},"thumbnailUrl":"https:\/\/www.axiomams.eu\/wp-content\/uploads\/2025\/07\/2523-3249.jpg","datePublished":"2025-05-15T16:04:46+00:00","dateModified":"2026-03-25T15:01:19+00:00","breadcrumb":{"@id":"https:\/\/www.axiomams.eu\/lv\/produktas\/fixturlaser-nxa-pro-varpstas-centresanas-riks#breadcrumb"},"inLanguage":"lv-LV","potentialAction":[{"@type":"ReadAction","target":["https:\/\/www.axiomams.eu\/lv\/produktas\/fixturlaser-nxa-pro-varpstas-centresanas-riks"]}]},{"@type":"ImageObject","inLanguage":"lv-LV","@id":"https:\/\/www.axiomams.eu\/lv\/produktas\/fixturlaser-nxa-pro-varpstas-centresanas-riks#primaryimage","url":"https:\/\/www.axiomams.eu\/wp-content\/uploads\/2025\/07\/2523-3249.jpg","contentUrl":"https:\/\/www.axiomams.eu\/wp-content\/uploads\/2025\/07\/2523-3249.jpg","width":300,"height":273},{"@type":"BreadcrumbList","@id":"https:\/\/www.axiomams.eu\/lv\/produktas\/fixturlaser-nxa-pro-varpstas-centresanas-riks#breadcrumb","itemListElement":[{"@type":"ListItem","position":1,"name":"Home","item":"https:\/\/www.axiomams.eu\/lv"},{"@type":"ListItem","position":2,"name":"Produkti","item":"https:\/\/www.axiomams.eu\/lv\/produkti"},{"@type":"ListItem","position":3,"name":"Fixturlaser NXA Pro v\u0101rpstas centr\u0113\u0161anas r\u012bks"}]},{"@type":"WebSite","@id":"https:\/\/www.axiomams.eu\/lv#website","url":"https:\/\/www.axiomams.eu\/lv","name":"AXIOMA MS","description":"Terrmovizoriai ir matavimo \u012franga","publisher":{"@id":"https:\/\/www.axiomams.eu\/lv#organization"},"potentialAction":[{"@type":"SearchAction","target":{"@type":"EntryPoint","urlTemplate":"https:\/\/www.axiomams.eu\/lv?s={search_term_string}"},"query-input":{"@type":"PropertyValueSpecification","valueRequired":true,"valueName":"search_term_string"}}],"inLanguage":"lv-LV"},{"@type":"Organization","@id":"https:\/\/www.axiomams.eu\/lv#organization","name":"AXIOMA MS","url":"https:\/\/www.axiomams.eu\/lv","logo":{"@type":"ImageObject","inLanguage":"lv-LV","@id":"https:\/\/www.axiomams.eu\/lv#\/schema\/logo\/image\/","url":"https:\/\/www.axiomams.eu\/wp-content\/uploads\/2025\/06\/axioma-logo-2.png","contentUrl":"https:\/\/www.axiomams.eu\/wp-content\/uploads\/2025\/06\/axioma-logo-2.png","width":1200,"height":1200,"caption":"AXIOMA MS"},"image":{"@id":"https:\/\/www.axiomams.eu\/lv#\/schema\/logo\/image\/"},"sameAs":["https:\/\/www.facebook.com\/AxiomaMS","https:\/\/www.linkedin.com\/company\/axiomams\/"]}]}},"_links":{"self":[{"href":"https:\/\/www.axiomams.eu\/lv\/wp-json\/wp\/v2\/product\/39290","targetHints":{"allow":["GET"]}}],"collection":[{"href":"https:\/\/www.axiomams.eu\/lv\/wp-json\/wp\/v2\/product"}],"about":[{"href":"https:\/\/www.axiomams.eu\/lv\/wp-json\/wp\/v2\/types\/product"}],"replies":[{"embeddable":true,"href":"https:\/\/www.axiomams.eu\/lv\/wp-json\/wp\/v2\/comments?post=39290"}],"wp:featuredmedia":[{"embeddable":true,"href":"https:\/\/www.axiomams.eu\/lv\/wp-json\/wp\/v2\/media\/42301"}],"wp:attachment":[{"href":"https:\/\/www.axiomams.eu\/lv\/wp-json\/wp\/v2\/media?parent=39290"}],"wp:term":[{"taxonomy":"product_brand","embeddable":true,"href":"https:\/\/www.axiomams.eu\/lv\/wp-json\/wp\/v2\/product_brand?post=39290"},{"taxonomy":"product_cat","embeddable":true,"href":"https:\/\/www.axiomams.eu\/lv\/wp-json\/wp\/v2\/product_cat?post=39290"},{"taxonomy":"product_tag","embeddable":true,"href":"https:\/\/www.axiomams.eu\/lv\/wp-json\/wp\/v2\/product_tag?post=39290"}],"curies":[{"name":"wp","href":"https:\/\/api.w.org\/{rel}","templated":true}]}}