{"id":39291,"date":"2025-05-15T18:04:49","date_gmt":"2025-05-15T16:04:49","guid":{"rendered":"https:\/\/www.axiomams.eu\/produktas\/megger-oden-at-primaras-stravas-iesmidzinasanas-sistema"},"modified":"2026-03-25T17:01:19","modified_gmt":"2026-03-25T15:01:19","slug":"megger-oden-at-primaras-stravas-iesmidzinasanas-sistema","status":"publish","type":"product","link":"https:\/\/www.axiomams.eu\/lv\/produktas\/megger-oden-at-primaras-stravas-iesmidzinasanas-sistema","title":{"rendered":"Megger ODEN AT prim\u0101r\u0101s str\u0101vas iesmidzin\u0101\u0161anas sist\u0113ma"},"content":{"rendered":"<p>Megger ODEN AT &#8211; jaud\u012bga test\u0113\u0161anas sist\u0113ma, kas paredz\u0113ta aizsardz\u012bbas releju iek\u0101rtu un sl\u0113d\u017eu prim\u0101rai test\u0113\u0161anai. To izmanto ar\u012b str\u0101vas transformatoru pagriezienu koeficienta test\u0113\u0161anai un citiem lietojumiem, kur nepiecie\u0161ama liela main\u012bga str\u0101va.<\/p>\n<p>&#8211; Vismodern\u0101k\u0101 prim\u0101r\u0101s str\u0101vas iesmidzin\u0101\u0161anas test\u0113\u0161anas sist\u0113ma, kas vienk\u0101r\u0161o visu veidu sadales iek\u0101rtu un CT nodo\u0161anu ekspluat\u0101cij\u0101, iezem\u0113to t\u012bklu, sl\u0113d\u017eu test\u0113\u0161anu un daudz ko citu.<br \/>\n&#8211; Modul\u0101ra konstrukcija, kas \u013cauj lietot\u0101jam optim\u0101li konfigur\u0113t izejas str\u0101vu atkar\u012bb\u0101 no ier\u012bces lieluma.<br \/>\n&#8211; Kompakts transport\u0113\u0161anas grozs atvieglo p\u0101rvieto\u0161anu sadales iek\u0101rtu telp\u0101s ar ierobe\u017eotu telpu.<br \/>\n&#8211; Unik\u0101l\u0101 I\/30 funkcija \u013cauj iepriek\u0161 iestat\u012bt str\u0101vu, izmantojot zemu str\u0101vu, lai nov\u0113rstu testa parauga sakar\u0161anu, t\u0101d\u0113j\u0101di nov\u0113r\u0161ot testa rezult\u0101tu sagroz\u012b\u0161anu.<\/p>\n<h3>Tehnisk\u0101 inform\u0101cija:<\/h3>\n<ul>\n<li><a href=\"https:\/\/axiomams.eu\/importer\/export\/attachments\/en\/megger-oden-at.pdf\" target=\"_blank\">Megger ODEN AT.pdf<\/a><\/li>\n<\/ul>\n","protected":false},"excerpt":{"rendered":"<p>Megger ODEN AT &#8211; jaud\u012bga test\u0113\u0161anas sist\u0113ma, kas paredz\u0113ta aizsardz\u012bbas releju iek\u0101rtu un sl\u0113d\u017eu prim\u0101rai test\u0113\u0161anai. To izmanto ar\u012b str\u0101vas transformatoru pagriezienu koeficienta test\u0113\u0161anai un citiem lietojumiem, kur nepiecie\u0161ama liela main\u012bga str\u0101va. &#8211; Vismodern\u0101k\u0101 prim\u0101r\u0101s str\u0101vas iesmidzin\u0101\u0161anas test\u0113\u0161anas sist\u0113ma, kas vienk\u0101r\u0161o visu veidu sadales iek\u0101rtu un CT nodo\u0161anu ekspluat\u0101cij\u0101, iezem\u0113to t\u012bklu, sl\u0113d\u017eu test\u0113\u0161anu un daudz&#8230;<\/p>\n","protected":false},"featured_media":42303,"comment_status":"open","ping_status":"closed","template":"","meta":{"_acf_changed":false},"product_brand":[1726],"product_cat":[17713],"product_tag":[],"class_list":{"0":"post-39291","1":"product","2":"type-product","3":"status-publish","4":"has-post-thumbnail","6":"product_brand-megger","7":"product_cat-elektroiekartu-testesanai-un-parbaudei","9":"first","10":"instock","11":"taxable","12":"shipping-taxable","13":"product-type-simple"},"acf":[],"yoast_head":"<!-- This site is optimized with the Yoast SEO plugin v27.0 - https:\/\/yoast.com\/product\/yoast-seo-wordpress\/ -->\n<title>Megger ODEN AT prim\u0101r\u0101s str\u0101vas iesmidzin\u0101\u0161anas sist\u0113ma - AXIOMA MS<\/title>\n<meta name=\"robots\" content=\"index, follow, max-snippet:-1, max-image-preview:large, max-video-preview:-1\" \/>\n<link rel=\"canonical\" href=\"https:\/\/www.axiomams.eu\/lv\/produktas\/megger-oden-at-primaras-stravas-iesmidzinasanas-sistema\" \/>\n<meta property=\"og:locale\" content=\"lv_LV\" \/>\n<meta property=\"og:type\" content=\"article\" \/>\n<meta property=\"og:title\" content=\"Megger ODEN AT prim\u0101r\u0101s str\u0101vas iesmidzin\u0101\u0161anas sist\u0113ma - AXIOMA MS\" \/>\n<meta property=\"og:description\" content=\"Megger ODEN AT &#8211; jaud\u012bga test\u0113\u0161anas sist\u0113ma, kas paredz\u0113ta aizsardz\u012bbas releju iek\u0101rtu un sl\u0113d\u017eu prim\u0101rai test\u0113\u0161anai. To izmanto ar\u012b str\u0101vas transformatoru pagriezienu koeficienta test\u0113\u0161anai un citiem lietojumiem, kur nepiecie\u0161ama liela main\u012bga str\u0101va. &#8211; Vismodern\u0101k\u0101 prim\u0101r\u0101s str\u0101vas iesmidzin\u0101\u0161anas test\u0113\u0161anas sist\u0113ma, kas vienk\u0101r\u0161o visu veidu sadales iek\u0101rtu un CT nodo\u0161anu ekspluat\u0101cij\u0101, iezem\u0113to t\u012bklu, sl\u0113d\u017eu test\u0113\u0161anu un daudz...\" \/>\n<meta property=\"og:url\" content=\"https:\/\/www.axiomams.eu\/lv\/produktas\/megger-oden-at-primaras-stravas-iesmidzinasanas-sistema\" \/>\n<meta property=\"og:site_name\" content=\"AXIOMA MS\" \/>\n<meta property=\"article:publisher\" content=\"https:\/\/www.facebook.com\/AxiomaMS\" \/>\n<meta property=\"article:modified_time\" content=\"2026-03-25T15:01:19+00:00\" \/>\n<meta property=\"og:image\" content=\"https:\/\/www.axiomams.eu\/wp-content\/uploads\/2025\/07\/483-6085.jpg\" \/>\n\t<meta property=\"og:image:width\" content=\"1020\" \/>\n\t<meta property=\"og:image:height\" content=\"1020\" \/>\n\t<meta property=\"og:image:type\" content=\"image\/jpeg\" \/>\n<meta name=\"twitter:card\" content=\"summary_large_image\" \/>\n<meta name=\"twitter:label1\" content=\"Est. reading time\" \/>\n\t<meta name=\"twitter:data1\" content=\"1 minute\" \/>\n<script type=\"application\/ld+json\" class=\"yoast-schema-graph\">{\"@context\":\"https:\/\/schema.org\",\"@graph\":[{\"@type\":\"WebPage\",\"@id\":\"https:\/\/www.axiomams.eu\/lv\/produktas\/megger-oden-at-primaras-stravas-iesmidzinasanas-sistema\",\"url\":\"https:\/\/www.axiomams.eu\/lv\/produktas\/megger-oden-at-primaras-stravas-iesmidzinasanas-sistema\",\"name\":\"Megger ODEN AT prim\u0101r\u0101s str\u0101vas iesmidzin\u0101\u0161anas sist\u0113ma - AXIOMA MS\",\"isPartOf\":{\"@id\":\"https:\/\/www.axiomams.eu\/lv#website\"},\"primaryImageOfPage\":{\"@id\":\"https:\/\/www.axiomams.eu\/lv\/produktas\/megger-oden-at-primaras-stravas-iesmidzinasanas-sistema#primaryimage\"},\"image\":{\"@id\":\"https:\/\/www.axiomams.eu\/lv\/produktas\/megger-oden-at-primaras-stravas-iesmidzinasanas-sistema#primaryimage\"},\"thumbnailUrl\":\"https:\/\/www.axiomams.eu\/wp-content\/uploads\/2025\/07\/483-6085.jpg\",\"datePublished\":\"2025-05-15T16:04:49+00:00\",\"dateModified\":\"2026-03-25T15:01:19+00:00\",\"breadcrumb\":{\"@id\":\"https:\/\/www.axiomams.eu\/lv\/produktas\/megger-oden-at-primaras-stravas-iesmidzinasanas-sistema#breadcrumb\"},\"inLanguage\":\"lv-LV\",\"potentialAction\":[{\"@type\":\"ReadAction\",\"target\":[\"https:\/\/www.axiomams.eu\/lv\/produktas\/megger-oden-at-primaras-stravas-iesmidzinasanas-sistema\"]}]},{\"@type\":\"ImageObject\",\"inLanguage\":\"lv-LV\",\"@id\":\"https:\/\/www.axiomams.eu\/lv\/produktas\/megger-oden-at-primaras-stravas-iesmidzinasanas-sistema#primaryimage\",\"url\":\"https:\/\/www.axiomams.eu\/wp-content\/uploads\/2025\/07\/483-6085.jpg\",\"contentUrl\":\"https:\/\/www.axiomams.eu\/wp-content\/uploads\/2025\/07\/483-6085.jpg\",\"width\":1020,\"height\":1020},{\"@type\":\"BreadcrumbList\",\"@id\":\"https:\/\/www.axiomams.eu\/lv\/produktas\/megger-oden-at-primaras-stravas-iesmidzinasanas-sistema#breadcrumb\",\"itemListElement\":[{\"@type\":\"ListItem\",\"position\":1,\"name\":\"Home\",\"item\":\"https:\/\/www.axiomams.eu\/lv\"},{\"@type\":\"ListItem\",\"position\":2,\"name\":\"Produkti\",\"item\":\"https:\/\/www.axiomams.eu\/lv\/produkti\"},{\"@type\":\"ListItem\",\"position\":3,\"name\":\"Megger ODEN AT prim\u0101r\u0101s str\u0101vas iesmidzin\u0101\u0161anas sist\u0113ma\"}]},{\"@type\":\"WebSite\",\"@id\":\"https:\/\/www.axiomams.eu\/lv#website\",\"url\":\"https:\/\/www.axiomams.eu\/lv\",\"name\":\"AXIOMA MS\",\"description\":\"\",\"publisher\":{\"@id\":\"https:\/\/www.axiomams.eu\/lv#organization\"},\"potentialAction\":[{\"@type\":\"SearchAction\",\"target\":{\"@type\":\"EntryPoint\",\"urlTemplate\":\"https:\/\/www.axiomams.eu\/lv?s={search_term_string}\"},\"query-input\":{\"@type\":\"PropertyValueSpecification\",\"valueRequired\":true,\"valueName\":\"search_term_string\"}}],\"inLanguage\":\"lv-LV\"},{\"@type\":\"Organization\",\"@id\":\"https:\/\/www.axiomams.eu\/lv#organization\",\"name\":\"AXIOMA MS\",\"url\":\"https:\/\/www.axiomams.eu\/lv\",\"logo\":{\"@type\":\"ImageObject\",\"inLanguage\":\"lv-LV\",\"@id\":\"https:\/\/www.axiomams.eu\/lv#\/schema\/logo\/image\/\",\"url\":\"https:\/\/www.axiomams.eu\/wp-content\/uploads\/2025\/06\/axioma-logo-2.png\",\"contentUrl\":\"https:\/\/www.axiomams.eu\/wp-content\/uploads\/2025\/06\/axioma-logo-2.png\",\"width\":1200,\"height\":1200,\"caption\":\"AXIOMA MS\"},\"image\":{\"@id\":\"https:\/\/www.axiomams.eu\/lv#\/schema\/logo\/image\/\"},\"sameAs\":[\"https:\/\/www.facebook.com\/AxiomaMS\",\"https:\/\/www.linkedin.com\/company\/axiomams\/\"]}]}<\/script>\n<!-- \/ Yoast SEO plugin. -->","yoast_head_json":{"title":"Megger ODEN AT prim\u0101r\u0101s str\u0101vas iesmidzin\u0101\u0161anas sist\u0113ma - AXIOMA MS","robots":{"index":"index","follow":"follow","max-snippet":"max-snippet:-1","max-image-preview":"max-image-preview:large","max-video-preview":"max-video-preview:-1"},"canonical":"https:\/\/www.axiomams.eu\/lv\/produktas\/megger-oden-at-primaras-stravas-iesmidzinasanas-sistema","og_locale":"lv_LV","og_type":"article","og_title":"Megger ODEN AT prim\u0101r\u0101s str\u0101vas iesmidzin\u0101\u0161anas sist\u0113ma - AXIOMA MS","og_description":"Megger ODEN AT &#8211; jaud\u012bga test\u0113\u0161anas sist\u0113ma, kas paredz\u0113ta aizsardz\u012bbas releju iek\u0101rtu un sl\u0113d\u017eu prim\u0101rai test\u0113\u0161anai. To izmanto ar\u012b str\u0101vas transformatoru pagriezienu koeficienta test\u0113\u0161anai un citiem lietojumiem, kur nepiecie\u0161ama liela main\u012bga str\u0101va. &#8211; Vismodern\u0101k\u0101 prim\u0101r\u0101s str\u0101vas iesmidzin\u0101\u0161anas test\u0113\u0161anas sist\u0113ma, kas vienk\u0101r\u0161o visu veidu sadales iek\u0101rtu un CT nodo\u0161anu ekspluat\u0101cij\u0101, iezem\u0113to t\u012bklu, sl\u0113d\u017eu test\u0113\u0161anu un daudz...","og_url":"https:\/\/www.axiomams.eu\/lv\/produktas\/megger-oden-at-primaras-stravas-iesmidzinasanas-sistema","og_site_name":"AXIOMA MS","article_publisher":"https:\/\/www.facebook.com\/AxiomaMS","article_modified_time":"2026-03-25T15:01:19+00:00","og_image":[{"width":1020,"height":1020,"url":"https:\/\/www.axiomams.eu\/wp-content\/uploads\/2025\/07\/483-6085.jpg","type":"image\/jpeg"}],"twitter_card":"summary_large_image","twitter_misc":{"Est. reading time":"1 minute"},"schema":{"@context":"https:\/\/schema.org","@graph":[{"@type":"WebPage","@id":"https:\/\/www.axiomams.eu\/lv\/produktas\/megger-oden-at-primaras-stravas-iesmidzinasanas-sistema","url":"https:\/\/www.axiomams.eu\/lv\/produktas\/megger-oden-at-primaras-stravas-iesmidzinasanas-sistema","name":"Megger ODEN AT prim\u0101r\u0101s str\u0101vas iesmidzin\u0101\u0161anas sist\u0113ma - AXIOMA MS","isPartOf":{"@id":"https:\/\/www.axiomams.eu\/lv#website"},"primaryImageOfPage":{"@id":"https:\/\/www.axiomams.eu\/lv\/produktas\/megger-oden-at-primaras-stravas-iesmidzinasanas-sistema#primaryimage"},"image":{"@id":"https:\/\/www.axiomams.eu\/lv\/produktas\/megger-oden-at-primaras-stravas-iesmidzinasanas-sistema#primaryimage"},"thumbnailUrl":"https:\/\/www.axiomams.eu\/wp-content\/uploads\/2025\/07\/483-6085.jpg","datePublished":"2025-05-15T16:04:49+00:00","dateModified":"2026-03-25T15:01:19+00:00","breadcrumb":{"@id":"https:\/\/www.axiomams.eu\/lv\/produktas\/megger-oden-at-primaras-stravas-iesmidzinasanas-sistema#breadcrumb"},"inLanguage":"lv-LV","potentialAction":[{"@type":"ReadAction","target":["https:\/\/www.axiomams.eu\/lv\/produktas\/megger-oden-at-primaras-stravas-iesmidzinasanas-sistema"]}]},{"@type":"ImageObject","inLanguage":"lv-LV","@id":"https:\/\/www.axiomams.eu\/lv\/produktas\/megger-oden-at-primaras-stravas-iesmidzinasanas-sistema#primaryimage","url":"https:\/\/www.axiomams.eu\/wp-content\/uploads\/2025\/07\/483-6085.jpg","contentUrl":"https:\/\/www.axiomams.eu\/wp-content\/uploads\/2025\/07\/483-6085.jpg","width":1020,"height":1020},{"@type":"BreadcrumbList","@id":"https:\/\/www.axiomams.eu\/lv\/produktas\/megger-oden-at-primaras-stravas-iesmidzinasanas-sistema#breadcrumb","itemListElement":[{"@type":"ListItem","position":1,"name":"Home","item":"https:\/\/www.axiomams.eu\/lv"},{"@type":"ListItem","position":2,"name":"Produkti","item":"https:\/\/www.axiomams.eu\/lv\/produkti"},{"@type":"ListItem","position":3,"name":"Megger ODEN AT prim\u0101r\u0101s str\u0101vas iesmidzin\u0101\u0161anas sist\u0113ma"}]},{"@type":"WebSite","@id":"https:\/\/www.axiomams.eu\/lv#website","url":"https:\/\/www.axiomams.eu\/lv","name":"AXIOMA MS","description":"","publisher":{"@id":"https:\/\/www.axiomams.eu\/lv#organization"},"potentialAction":[{"@type":"SearchAction","target":{"@type":"EntryPoint","urlTemplate":"https:\/\/www.axiomams.eu\/lv?s={search_term_string}"},"query-input":{"@type":"PropertyValueSpecification","valueRequired":true,"valueName":"search_term_string"}}],"inLanguage":"lv-LV"},{"@type":"Organization","@id":"https:\/\/www.axiomams.eu\/lv#organization","name":"AXIOMA MS","url":"https:\/\/www.axiomams.eu\/lv","logo":{"@type":"ImageObject","inLanguage":"lv-LV","@id":"https:\/\/www.axiomams.eu\/lv#\/schema\/logo\/image\/","url":"https:\/\/www.axiomams.eu\/wp-content\/uploads\/2025\/06\/axioma-logo-2.png","contentUrl":"https:\/\/www.axiomams.eu\/wp-content\/uploads\/2025\/06\/axioma-logo-2.png","width":1200,"height":1200,"caption":"AXIOMA MS"},"image":{"@id":"https:\/\/www.axiomams.eu\/lv#\/schema\/logo\/image\/"},"sameAs":["https:\/\/www.facebook.com\/AxiomaMS","https:\/\/www.linkedin.com\/company\/axiomams\/"]}]}},"_links":{"self":[{"href":"https:\/\/www.axiomams.eu\/lv\/wp-json\/wp\/v2\/product\/39291","targetHints":{"allow":["GET"]}}],"collection":[{"href":"https:\/\/www.axiomams.eu\/lv\/wp-json\/wp\/v2\/product"}],"about":[{"href":"https:\/\/www.axiomams.eu\/lv\/wp-json\/wp\/v2\/types\/product"}],"replies":[{"embeddable":true,"href":"https:\/\/www.axiomams.eu\/lv\/wp-json\/wp\/v2\/comments?post=39291"}],"wp:featuredmedia":[{"embeddable":true,"href":"https:\/\/www.axiomams.eu\/lv\/wp-json\/wp\/v2\/media\/42303"}],"wp:attachment":[{"href":"https:\/\/www.axiomams.eu\/lv\/wp-json\/wp\/v2\/media?parent=39291"}],"wp:term":[{"taxonomy":"product_brand","embeddable":true,"href":"https:\/\/www.axiomams.eu\/lv\/wp-json\/wp\/v2\/product_brand?post=39291"},{"taxonomy":"product_cat","embeddable":true,"href":"https:\/\/www.axiomams.eu\/lv\/wp-json\/wp\/v2\/product_cat?post=39291"},{"taxonomy":"product_tag","embeddable":true,"href":"https:\/\/www.axiomams.eu\/lv\/wp-json\/wp\/v2\/product_tag?post=39291"}],"curies":[{"name":"wp","href":"https:\/\/api.w.org\/{rel}","templated":true}]}}