{"id":39295,"date":"2025-05-15T18:04:51","date_gmt":"2025-05-15T16:04:51","guid":{"rendered":"https:\/\/www.axiomams.eu\/produktas\/proceq-original-schmidt-betona-parbaudes-amurs"},"modified":"2026-03-25T17:01:19","modified_gmt":"2026-03-25T15:01:19","slug":"proceq-original-schmidt-betona-parbaudes-amurs","status":"publish","type":"product","link":"https:\/\/www.axiomams.eu\/lv\/produktas\/proceq-original-schmidt-betona-parbaudes-amurs","title":{"rendered":"Proceq Original Schmidt betona p\u0101rbaudes \u0101murs"},"content":{"rendered":"<p>Proceq Original Schmidt &#8211; Betona test\u0113\u0161ana ori\u0123in\u0101lais SCHMIDT \u0101murs.<\/p>\n<p>Standarta komplekts: Original Schmidt, somi\u0146a, sl\u012bp\u0113\u0161anas akmens, lietot\u0101ja rokasgr\u0101mata.<\/p>\n<h3>Tehnisk\u0101 inform\u0101cija:<\/h3>\n<ul>\n<li><a href=\"https:\/\/axiomams.eu\/importer\/export\/attachments\/en\/original-schmidt.pdf\" target=\"_blank\">Original Schmidt.pdf<\/a><\/li>\n<\/ul>\n","protected":false},"excerpt":{"rendered":"<p>Proceq Original Schmidt &#8211; Betona test\u0113\u0161ana ori\u0123in\u0101lais SCHMIDT \u0101murs. Standarta komplekts: Original Schmidt, somi\u0146a, sl\u012bp\u0113\u0161anas akmens, lietot\u0101ja rokasgr\u0101mata. Tehnisk\u0101 inform\u0101cija: Original Schmidt.pdf<\/p>\n","protected":false},"featured_media":42309,"comment_status":"open","ping_status":"closed","template":"","meta":{"_acf_changed":false},"product_brand":[988],"product_cat":[17736],"product_tag":[],"class_list":{"0":"post-39295","1":"product","2":"type-product","3":"status-publish","4":"has-post-thumbnail","6":"product_brand-proceq","7":"product_cat-betona-konstrukciju-izpetei","9":"first","10":"instock","11":"taxable","12":"shipping-taxable","13":"purchasable","14":"product-type-simple"},"acf":[],"yoast_head":"<!-- This site is optimized with the Yoast SEO plugin v27.0 - https:\/\/yoast.com\/product\/yoast-seo-wordpress\/ -->\n<title>Proceq Original Schmidt betona p\u0101rbaudes \u0101murs - AXIOMA MS<\/title>\n<meta name=\"robots\" content=\"index, follow, max-snippet:-1, max-image-preview:large, max-video-preview:-1\" \/>\n<link rel=\"canonical\" href=\"https:\/\/www.axiomams.eu\/lv\/produktas\/proceq-original-schmidt-betona-parbaudes-amurs\" \/>\n<meta property=\"og:locale\" content=\"lv_LV\" \/>\n<meta property=\"og:type\" content=\"article\" \/>\n<meta property=\"og:title\" content=\"Proceq Original Schmidt betona p\u0101rbaudes \u0101murs - AXIOMA MS\" \/>\n<meta property=\"og:description\" content=\"Proceq Original Schmidt &#8211; Betona test\u0113\u0161ana ori\u0123in\u0101lais SCHMIDT \u0101murs. Standarta komplekts: Original Schmidt, somi\u0146a, sl\u012bp\u0113\u0161anas akmens, lietot\u0101ja rokasgr\u0101mata. Tehnisk\u0101 inform\u0101cija: Original Schmidt.pdf\" \/>\n<meta property=\"og:url\" content=\"https:\/\/www.axiomams.eu\/lv\/produktas\/proceq-original-schmidt-betona-parbaudes-amurs\" \/>\n<meta property=\"og:site_name\" content=\"AXIOMA MS\" \/>\n<meta property=\"article:publisher\" content=\"https:\/\/www.facebook.com\/AxiomaMS\" \/>\n<meta property=\"article:modified_time\" content=\"2026-03-25T15:01:19+00:00\" \/>\n<meta property=\"og:image\" content=\"https:\/\/www.axiomams.eu\/wp-content\/uploads\/2025\/07\/3352-6060.jpg\" \/>\n\t<meta property=\"og:image:width\" content=\"1020\" \/>\n\t<meta property=\"og:image:height\" content=\"1020\" \/>\n\t<meta property=\"og:image:type\" content=\"image\/jpeg\" \/>\n<meta name=\"twitter:card\" content=\"summary_large_image\" \/>\n<script type=\"application\/ld+json\" class=\"yoast-schema-graph\">{\"@context\":\"https:\/\/schema.org\",\"@graph\":[{\"@type\":\"WebPage\",\"@id\":\"https:\/\/www.axiomams.eu\/lv\/produktas\/proceq-original-schmidt-betona-parbaudes-amurs\",\"url\":\"https:\/\/www.axiomams.eu\/lv\/produktas\/proceq-original-schmidt-betona-parbaudes-amurs\",\"name\":\"Proceq Original Schmidt betona p\u0101rbaudes \u0101murs - AXIOMA MS\",\"isPartOf\":{\"@id\":\"https:\/\/www.axiomams.eu\/lv#website\"},\"primaryImageOfPage\":{\"@id\":\"https:\/\/www.axiomams.eu\/lv\/produktas\/proceq-original-schmidt-betona-parbaudes-amurs#primaryimage\"},\"image\":{\"@id\":\"https:\/\/www.axiomams.eu\/lv\/produktas\/proceq-original-schmidt-betona-parbaudes-amurs#primaryimage\"},\"thumbnailUrl\":\"https:\/\/www.axiomams.eu\/wp-content\/uploads\/2025\/07\/3352-6060.jpg\",\"datePublished\":\"2025-05-15T16:04:51+00:00\",\"dateModified\":\"2026-03-25T15:01:19+00:00\",\"breadcrumb\":{\"@id\":\"https:\/\/www.axiomams.eu\/lv\/produktas\/proceq-original-schmidt-betona-parbaudes-amurs#breadcrumb\"},\"inLanguage\":\"lv-LV\",\"potentialAction\":[{\"@type\":\"ReadAction\",\"target\":[\"https:\/\/www.axiomams.eu\/lv\/produktas\/proceq-original-schmidt-betona-parbaudes-amurs\"]}]},{\"@type\":\"ImageObject\",\"inLanguage\":\"lv-LV\",\"@id\":\"https:\/\/www.axiomams.eu\/lv\/produktas\/proceq-original-schmidt-betona-parbaudes-amurs#primaryimage\",\"url\":\"https:\/\/www.axiomams.eu\/wp-content\/uploads\/2025\/07\/3352-6060.jpg\",\"contentUrl\":\"https:\/\/www.axiomams.eu\/wp-content\/uploads\/2025\/07\/3352-6060.jpg\",\"width\":1020,\"height\":1020},{\"@type\":\"BreadcrumbList\",\"@id\":\"https:\/\/www.axiomams.eu\/lv\/produktas\/proceq-original-schmidt-betona-parbaudes-amurs#breadcrumb\",\"itemListElement\":[{\"@type\":\"ListItem\",\"position\":1,\"name\":\"Home\",\"item\":\"https:\/\/www.axiomams.eu\/lv\"},{\"@type\":\"ListItem\",\"position\":2,\"name\":\"Produkti\",\"item\":\"https:\/\/www.axiomams.eu\/lv\/produkti\"},{\"@type\":\"ListItem\",\"position\":3,\"name\":\"Proceq Original Schmidt betona p\u0101rbaudes \u0101murs\"}]},{\"@type\":\"WebSite\",\"@id\":\"https:\/\/www.axiomams.eu\/lv#website\",\"url\":\"https:\/\/www.axiomams.eu\/lv\",\"name\":\"AXIOMA MS\",\"description\":\"Terrmovizoriai ir matavimo \u012franga\",\"publisher\":{\"@id\":\"https:\/\/www.axiomams.eu\/lv#organization\"},\"potentialAction\":[{\"@type\":\"SearchAction\",\"target\":{\"@type\":\"EntryPoint\",\"urlTemplate\":\"https:\/\/www.axiomams.eu\/lv?s={search_term_string}\"},\"query-input\":{\"@type\":\"PropertyValueSpecification\",\"valueRequired\":true,\"valueName\":\"search_term_string\"}}],\"inLanguage\":\"lv-LV\"},{\"@type\":\"Organization\",\"@id\":\"https:\/\/www.axiomams.eu\/lv#organization\",\"name\":\"AXIOMA MS\",\"url\":\"https:\/\/www.axiomams.eu\/lv\",\"logo\":{\"@type\":\"ImageObject\",\"inLanguage\":\"lv-LV\",\"@id\":\"https:\/\/www.axiomams.eu\/lv#\/schema\/logo\/image\/\",\"url\":\"https:\/\/www.axiomams.eu\/wp-content\/uploads\/2025\/06\/axioma-logo-2.png\",\"contentUrl\":\"https:\/\/www.axiomams.eu\/wp-content\/uploads\/2025\/06\/axioma-logo-2.png\",\"width\":1200,\"height\":1200,\"caption\":\"AXIOMA MS\"},\"image\":{\"@id\":\"https:\/\/www.axiomams.eu\/lv#\/schema\/logo\/image\/\"},\"sameAs\":[\"https:\/\/www.facebook.com\/AxiomaMS\",\"https:\/\/www.linkedin.com\/company\/axiomams\/\"]}]}<\/script>\n<!-- \/ Yoast SEO plugin. -->","yoast_head_json":{"title":"Proceq Original Schmidt betona p\u0101rbaudes \u0101murs - AXIOMA MS","robots":{"index":"index","follow":"follow","max-snippet":"max-snippet:-1","max-image-preview":"max-image-preview:large","max-video-preview":"max-video-preview:-1"},"canonical":"https:\/\/www.axiomams.eu\/lv\/produktas\/proceq-original-schmidt-betona-parbaudes-amurs","og_locale":"lv_LV","og_type":"article","og_title":"Proceq Original Schmidt betona p\u0101rbaudes \u0101murs - AXIOMA MS","og_description":"Proceq Original Schmidt &#8211; Betona test\u0113\u0161ana ori\u0123in\u0101lais SCHMIDT \u0101murs. Standarta komplekts: Original Schmidt, somi\u0146a, sl\u012bp\u0113\u0161anas akmens, lietot\u0101ja rokasgr\u0101mata. Tehnisk\u0101 inform\u0101cija: Original Schmidt.pdf","og_url":"https:\/\/www.axiomams.eu\/lv\/produktas\/proceq-original-schmidt-betona-parbaudes-amurs","og_site_name":"AXIOMA MS","article_publisher":"https:\/\/www.facebook.com\/AxiomaMS","article_modified_time":"2026-03-25T15:01:19+00:00","og_image":[{"width":1020,"height":1020,"url":"https:\/\/www.axiomams.eu\/wp-content\/uploads\/2025\/07\/3352-6060.jpg","type":"image\/jpeg"}],"twitter_card":"summary_large_image","schema":{"@context":"https:\/\/schema.org","@graph":[{"@type":"WebPage","@id":"https:\/\/www.axiomams.eu\/lv\/produktas\/proceq-original-schmidt-betona-parbaudes-amurs","url":"https:\/\/www.axiomams.eu\/lv\/produktas\/proceq-original-schmidt-betona-parbaudes-amurs","name":"Proceq Original Schmidt betona p\u0101rbaudes \u0101murs - AXIOMA MS","isPartOf":{"@id":"https:\/\/www.axiomams.eu\/lv#website"},"primaryImageOfPage":{"@id":"https:\/\/www.axiomams.eu\/lv\/produktas\/proceq-original-schmidt-betona-parbaudes-amurs#primaryimage"},"image":{"@id":"https:\/\/www.axiomams.eu\/lv\/produktas\/proceq-original-schmidt-betona-parbaudes-amurs#primaryimage"},"thumbnailUrl":"https:\/\/www.axiomams.eu\/wp-content\/uploads\/2025\/07\/3352-6060.jpg","datePublished":"2025-05-15T16:04:51+00:00","dateModified":"2026-03-25T15:01:19+00:00","breadcrumb":{"@id":"https:\/\/www.axiomams.eu\/lv\/produktas\/proceq-original-schmidt-betona-parbaudes-amurs#breadcrumb"},"inLanguage":"lv-LV","potentialAction":[{"@type":"ReadAction","target":["https:\/\/www.axiomams.eu\/lv\/produktas\/proceq-original-schmidt-betona-parbaudes-amurs"]}]},{"@type":"ImageObject","inLanguage":"lv-LV","@id":"https:\/\/www.axiomams.eu\/lv\/produktas\/proceq-original-schmidt-betona-parbaudes-amurs#primaryimage","url":"https:\/\/www.axiomams.eu\/wp-content\/uploads\/2025\/07\/3352-6060.jpg","contentUrl":"https:\/\/www.axiomams.eu\/wp-content\/uploads\/2025\/07\/3352-6060.jpg","width":1020,"height":1020},{"@type":"BreadcrumbList","@id":"https:\/\/www.axiomams.eu\/lv\/produktas\/proceq-original-schmidt-betona-parbaudes-amurs#breadcrumb","itemListElement":[{"@type":"ListItem","position":1,"name":"Home","item":"https:\/\/www.axiomams.eu\/lv"},{"@type":"ListItem","position":2,"name":"Produkti","item":"https:\/\/www.axiomams.eu\/lv\/produkti"},{"@type":"ListItem","position":3,"name":"Proceq Original Schmidt betona p\u0101rbaudes \u0101murs"}]},{"@type":"WebSite","@id":"https:\/\/www.axiomams.eu\/lv#website","url":"https:\/\/www.axiomams.eu\/lv","name":"AXIOMA MS","description":"Terrmovizoriai ir matavimo \u012franga","publisher":{"@id":"https:\/\/www.axiomams.eu\/lv#organization"},"potentialAction":[{"@type":"SearchAction","target":{"@type":"EntryPoint","urlTemplate":"https:\/\/www.axiomams.eu\/lv?s={search_term_string}"},"query-input":{"@type":"PropertyValueSpecification","valueRequired":true,"valueName":"search_term_string"}}],"inLanguage":"lv-LV"},{"@type":"Organization","@id":"https:\/\/www.axiomams.eu\/lv#organization","name":"AXIOMA MS","url":"https:\/\/www.axiomams.eu\/lv","logo":{"@type":"ImageObject","inLanguage":"lv-LV","@id":"https:\/\/www.axiomams.eu\/lv#\/schema\/logo\/image\/","url":"https:\/\/www.axiomams.eu\/wp-content\/uploads\/2025\/06\/axioma-logo-2.png","contentUrl":"https:\/\/www.axiomams.eu\/wp-content\/uploads\/2025\/06\/axioma-logo-2.png","width":1200,"height":1200,"caption":"AXIOMA MS"},"image":{"@id":"https:\/\/www.axiomams.eu\/lv#\/schema\/logo\/image\/"},"sameAs":["https:\/\/www.facebook.com\/AxiomaMS","https:\/\/www.linkedin.com\/company\/axiomams\/"]}]}},"_links":{"self":[{"href":"https:\/\/www.axiomams.eu\/lv\/wp-json\/wp\/v2\/product\/39295","targetHints":{"allow":["GET"]}}],"collection":[{"href":"https:\/\/www.axiomams.eu\/lv\/wp-json\/wp\/v2\/product"}],"about":[{"href":"https:\/\/www.axiomams.eu\/lv\/wp-json\/wp\/v2\/types\/product"}],"replies":[{"embeddable":true,"href":"https:\/\/www.axiomams.eu\/lv\/wp-json\/wp\/v2\/comments?post=39295"}],"wp:featuredmedia":[{"embeddable":true,"href":"https:\/\/www.axiomams.eu\/lv\/wp-json\/wp\/v2\/media\/42309"}],"wp:attachment":[{"href":"https:\/\/www.axiomams.eu\/lv\/wp-json\/wp\/v2\/media?parent=39295"}],"wp:term":[{"taxonomy":"product_brand","embeddable":true,"href":"https:\/\/www.axiomams.eu\/lv\/wp-json\/wp\/v2\/product_brand?post=39295"},{"taxonomy":"product_cat","embeddable":true,"href":"https:\/\/www.axiomams.eu\/lv\/wp-json\/wp\/v2\/product_cat?post=39295"},{"taxonomy":"product_tag","embeddable":true,"href":"https:\/\/www.axiomams.eu\/lv\/wp-json\/wp\/v2\/product_tag?post=39295"}],"curies":[{"name":"wp","href":"https:\/\/api.w.org\/{rel}","templated":true}]}}