{"id":39297,"date":"2025-05-15T18:05:01","date_gmt":"2025-05-15T16:05:01","guid":{"rendered":"https:\/\/www.axiomams.eu\/produktas\/proceq-os8000-n-betona-parbaudes-amurs"},"modified":"2026-03-25T17:01:22","modified_gmt":"2026-03-25T15:01:22","slug":"proceq-os8000-n-betona-parbaudes-amurs","status":"publish","type":"product","link":"https:\/\/www.axiomams.eu\/lv\/produktas\/proceq-os8000-n-betona-parbaudes-amurs","title":{"rendered":"Proceq OS8000 N betona p\u0101rbaudes \u0101murs"},"content":{"rendered":"<p>Proceq OS8000 N &#8211; betona stipr\u012bbas un viendab\u012bguma nov\u0113rt\u0113\u0161ana, izmantojot optisk\u0101 atsitiena \u0101mura tehnolo\u0123iju. Prec\u012bzi test\u0113 vispla\u0161\u0101ko betona stipr\u012bbas kla\u0161u diapazonu. Str\u0101d\u0101jiet ar ieb\u016bv\u0113taj\u0101m standartiem atbilsto\u0161aj\u0101m konversij\u0101m vai sav\u0101m piel\u0101gotaj\u0101m materi\u0101lu konversij\u0101m. Mobil\u0101 lietotne, kas \u013cauj anot\u0113t m\u0113r\u012bjumus ar balsi, fotoatt\u0113liem un koment\u0101riem. Veidojiet p\u0101rskatus un uzreiz tos kop\u012bgojiet. Piek\u013c\u016bstiet saviem datiem no jebkuras vietas un jebkur\u0101 laik\u0101.<\/p>\n<p>Standarta komplekts: Komplekt\u0101: Proceq OS8000 N, m\u012bkst\u0101 soma, Bluetooth adapteris, uzl\u0101d\u0113jams akumulators, USB kabelis, rokas siksna, sl\u012bpripas, konversijas tabula, lietot\u0101ja rokasgr\u0101mata.<\/p>\n<h3>Tehnisk\u0101 inform\u0101cija:<\/h3>\n<ul>\n<li><a href=\"https:\/\/axiomams.eu\/importer\/export\/attachments\/en\/proceq-silver-schmidt-os8000.pdf\" target=\"_blank\">Proceq Silver Schmidt OS8000.pdf<\/a><\/li>\n<\/ul>\n","protected":false},"excerpt":{"rendered":"<p>Proceq OS8000 N &#8211; betona stipr\u012bbas un viendab\u012bguma nov\u0113rt\u0113\u0161ana, izmantojot optisk\u0101 atsitiena \u0101mura tehnolo\u0123iju. Prec\u012bzi test\u0113 vispla\u0161\u0101ko betona stipr\u012bbas kla\u0161u diapazonu. Str\u0101d\u0101jiet ar ieb\u016bv\u0113taj\u0101m standartiem atbilsto\u0161aj\u0101m konversij\u0101m vai sav\u0101m piel\u0101gotaj\u0101m materi\u0101lu konversij\u0101m. Mobil\u0101 lietotne, kas \u013cauj anot\u0113t m\u0113r\u012bjumus ar balsi, fotoatt\u0113liem un koment\u0101riem. Veidojiet p\u0101rskatus un uzreiz tos kop\u012bgojiet. Piek\u013c\u016bstiet saviem datiem no jebkuras vietas&#8230;<\/p>\n","protected":false},"featured_media":42313,"comment_status":"open","ping_status":"closed","template":"","meta":{"_acf_changed":false},"product_brand":[988],"product_cat":[17736],"product_tag":[],"class_list":{"0":"post-39297","1":"product","2":"type-product","3":"status-publish","4":"has-post-thumbnail","6":"product_brand-proceq","7":"product_cat-betona-konstrukciju-izpetei","9":"first","10":"instock","11":"taxable","12":"shipping-taxable","13":"purchasable","14":"product-type-simple"},"acf":[],"yoast_head":"<!-- This site is optimized with the Yoast SEO plugin v27.0 - https:\/\/yoast.com\/product\/yoast-seo-wordpress\/ -->\n<title>Proceq OS8000 N betona p\u0101rbaudes \u0101murs - AXIOMA MS<\/title>\n<meta name=\"robots\" content=\"index, follow, max-snippet:-1, max-image-preview:large, max-video-preview:-1\" \/>\n<link rel=\"canonical\" href=\"https:\/\/www.axiomams.eu\/lv\/produktas\/proceq-os8000-n-betona-parbaudes-amurs\" \/>\n<meta property=\"og:locale\" content=\"lv_LV\" \/>\n<meta property=\"og:type\" content=\"article\" \/>\n<meta property=\"og:title\" content=\"Proceq OS8000 N betona p\u0101rbaudes \u0101murs - AXIOMA MS\" \/>\n<meta property=\"og:description\" content=\"Proceq OS8000 N &#8211; betona stipr\u012bbas un viendab\u012bguma nov\u0113rt\u0113\u0161ana, izmantojot optisk\u0101 atsitiena \u0101mura tehnolo\u0123iju. Prec\u012bzi test\u0113 vispla\u0161\u0101ko betona stipr\u012bbas kla\u0161u diapazonu. Str\u0101d\u0101jiet ar ieb\u016bv\u0113taj\u0101m standartiem atbilsto\u0161aj\u0101m konversij\u0101m vai sav\u0101m piel\u0101gotaj\u0101m materi\u0101lu konversij\u0101m. Mobil\u0101 lietotne, kas \u013cauj anot\u0113t m\u0113r\u012bjumus ar balsi, fotoatt\u0113liem un koment\u0101riem. Veidojiet p\u0101rskatus un uzreiz tos kop\u012bgojiet. Piek\u013c\u016bstiet saviem datiem no jebkuras vietas...\" \/>\n<meta property=\"og:url\" content=\"https:\/\/www.axiomams.eu\/lv\/produktas\/proceq-os8000-n-betona-parbaudes-amurs\" \/>\n<meta property=\"og:site_name\" content=\"AXIOMA MS\" \/>\n<meta property=\"article:publisher\" content=\"https:\/\/www.facebook.com\/AxiomaMS\" \/>\n<meta property=\"article:modified_time\" content=\"2026-03-25T15:01:22+00:00\" \/>\n<meta property=\"og:image\" content=\"https:\/\/www.axiomams.eu\/wp-content\/uploads\/2025\/07\/3101-4087.jpg\" \/>\n\t<meta property=\"og:image:width\" content=\"1000\" \/>\n\t<meta property=\"og:image:height\" content=\"847\" \/>\n\t<meta property=\"og:image:type\" content=\"image\/jpeg\" \/>\n<meta name=\"twitter:card\" content=\"summary_large_image\" \/>\n<meta name=\"twitter:label1\" content=\"Est. reading time\" \/>\n\t<meta name=\"twitter:data1\" content=\"1 minute\" \/>\n<script type=\"application\/ld+json\" class=\"yoast-schema-graph\">{\"@context\":\"https:\/\/schema.org\",\"@graph\":[{\"@type\":\"WebPage\",\"@id\":\"https:\/\/www.axiomams.eu\/lv\/produktas\/proceq-os8000-n-betona-parbaudes-amurs\",\"url\":\"https:\/\/www.axiomams.eu\/lv\/produktas\/proceq-os8000-n-betona-parbaudes-amurs\",\"name\":\"Proceq OS8000 N betona p\u0101rbaudes \u0101murs - AXIOMA MS\",\"isPartOf\":{\"@id\":\"https:\/\/www.axiomams.eu\/lv#website\"},\"primaryImageOfPage\":{\"@id\":\"https:\/\/www.axiomams.eu\/lv\/produktas\/proceq-os8000-n-betona-parbaudes-amurs#primaryimage\"},\"image\":{\"@id\":\"https:\/\/www.axiomams.eu\/lv\/produktas\/proceq-os8000-n-betona-parbaudes-amurs#primaryimage\"},\"thumbnailUrl\":\"https:\/\/www.axiomams.eu\/wp-content\/uploads\/2025\/07\/3101-4087.jpg\",\"datePublished\":\"2025-05-15T16:05:01+00:00\",\"dateModified\":\"2026-03-25T15:01:22+00:00\",\"breadcrumb\":{\"@id\":\"https:\/\/www.axiomams.eu\/lv\/produktas\/proceq-os8000-n-betona-parbaudes-amurs#breadcrumb\"},\"inLanguage\":\"lv-LV\",\"potentialAction\":[{\"@type\":\"ReadAction\",\"target\":[\"https:\/\/www.axiomams.eu\/lv\/produktas\/proceq-os8000-n-betona-parbaudes-amurs\"]}]},{\"@type\":\"ImageObject\",\"inLanguage\":\"lv-LV\",\"@id\":\"https:\/\/www.axiomams.eu\/lv\/produktas\/proceq-os8000-n-betona-parbaudes-amurs#primaryimage\",\"url\":\"https:\/\/www.axiomams.eu\/wp-content\/uploads\/2025\/07\/3101-4087.jpg\",\"contentUrl\":\"https:\/\/www.axiomams.eu\/wp-content\/uploads\/2025\/07\/3101-4087.jpg\",\"width\":1000,\"height\":847},{\"@type\":\"BreadcrumbList\",\"@id\":\"https:\/\/www.axiomams.eu\/lv\/produktas\/proceq-os8000-n-betona-parbaudes-amurs#breadcrumb\",\"itemListElement\":[{\"@type\":\"ListItem\",\"position\":1,\"name\":\"Home\",\"item\":\"https:\/\/www.axiomams.eu\/lv\"},{\"@type\":\"ListItem\",\"position\":2,\"name\":\"Produkti\",\"item\":\"https:\/\/www.axiomams.eu\/lv\/produkti\"},{\"@type\":\"ListItem\",\"position\":3,\"name\":\"Proceq OS8000 N betona p\u0101rbaudes \u0101murs\"}]},{\"@type\":\"WebSite\",\"@id\":\"https:\/\/www.axiomams.eu\/lv#website\",\"url\":\"https:\/\/www.axiomams.eu\/lv\",\"name\":\"AXIOMA MS\",\"description\":\"Terrmovizoriai ir matavimo \u012franga\",\"publisher\":{\"@id\":\"https:\/\/www.axiomams.eu\/lv#organization\"},\"potentialAction\":[{\"@type\":\"SearchAction\",\"target\":{\"@type\":\"EntryPoint\",\"urlTemplate\":\"https:\/\/www.axiomams.eu\/lv?s={search_term_string}\"},\"query-input\":{\"@type\":\"PropertyValueSpecification\",\"valueRequired\":true,\"valueName\":\"search_term_string\"}}],\"inLanguage\":\"lv-LV\"},{\"@type\":\"Organization\",\"@id\":\"https:\/\/www.axiomams.eu\/lv#organization\",\"name\":\"AXIOMA MS\",\"url\":\"https:\/\/www.axiomams.eu\/lv\",\"logo\":{\"@type\":\"ImageObject\",\"inLanguage\":\"lv-LV\",\"@id\":\"https:\/\/www.axiomams.eu\/lv#\/schema\/logo\/image\/\",\"url\":\"https:\/\/www.axiomams.eu\/wp-content\/uploads\/2025\/06\/axioma-logo-2.png\",\"contentUrl\":\"https:\/\/www.axiomams.eu\/wp-content\/uploads\/2025\/06\/axioma-logo-2.png\",\"width\":1200,\"height\":1200,\"caption\":\"AXIOMA MS\"},\"image\":{\"@id\":\"https:\/\/www.axiomams.eu\/lv#\/schema\/logo\/image\/\"},\"sameAs\":[\"https:\/\/www.facebook.com\/AxiomaMS\",\"https:\/\/www.linkedin.com\/company\/axiomams\/\"]}]}<\/script>\n<!-- \/ Yoast SEO plugin. -->","yoast_head_json":{"title":"Proceq OS8000 N betona p\u0101rbaudes \u0101murs - AXIOMA MS","robots":{"index":"index","follow":"follow","max-snippet":"max-snippet:-1","max-image-preview":"max-image-preview:large","max-video-preview":"max-video-preview:-1"},"canonical":"https:\/\/www.axiomams.eu\/lv\/produktas\/proceq-os8000-n-betona-parbaudes-amurs","og_locale":"lv_LV","og_type":"article","og_title":"Proceq OS8000 N betona p\u0101rbaudes \u0101murs - AXIOMA MS","og_description":"Proceq OS8000 N &#8211; betona stipr\u012bbas un viendab\u012bguma nov\u0113rt\u0113\u0161ana, izmantojot optisk\u0101 atsitiena \u0101mura tehnolo\u0123iju. Prec\u012bzi test\u0113 vispla\u0161\u0101ko betona stipr\u012bbas kla\u0161u diapazonu. Str\u0101d\u0101jiet ar ieb\u016bv\u0113taj\u0101m standartiem atbilsto\u0161aj\u0101m konversij\u0101m vai sav\u0101m piel\u0101gotaj\u0101m materi\u0101lu konversij\u0101m. Mobil\u0101 lietotne, kas \u013cauj anot\u0113t m\u0113r\u012bjumus ar balsi, fotoatt\u0113liem un koment\u0101riem. Veidojiet p\u0101rskatus un uzreiz tos kop\u012bgojiet. Piek\u013c\u016bstiet saviem datiem no jebkuras vietas...","og_url":"https:\/\/www.axiomams.eu\/lv\/produktas\/proceq-os8000-n-betona-parbaudes-amurs","og_site_name":"AXIOMA MS","article_publisher":"https:\/\/www.facebook.com\/AxiomaMS","article_modified_time":"2026-03-25T15:01:22+00:00","og_image":[{"width":1000,"height":847,"url":"https:\/\/www.axiomams.eu\/wp-content\/uploads\/2025\/07\/3101-4087.jpg","type":"image\/jpeg"}],"twitter_card":"summary_large_image","twitter_misc":{"Est. reading time":"1 minute"},"schema":{"@context":"https:\/\/schema.org","@graph":[{"@type":"WebPage","@id":"https:\/\/www.axiomams.eu\/lv\/produktas\/proceq-os8000-n-betona-parbaudes-amurs","url":"https:\/\/www.axiomams.eu\/lv\/produktas\/proceq-os8000-n-betona-parbaudes-amurs","name":"Proceq OS8000 N betona p\u0101rbaudes \u0101murs - AXIOMA MS","isPartOf":{"@id":"https:\/\/www.axiomams.eu\/lv#website"},"primaryImageOfPage":{"@id":"https:\/\/www.axiomams.eu\/lv\/produktas\/proceq-os8000-n-betona-parbaudes-amurs#primaryimage"},"image":{"@id":"https:\/\/www.axiomams.eu\/lv\/produktas\/proceq-os8000-n-betona-parbaudes-amurs#primaryimage"},"thumbnailUrl":"https:\/\/www.axiomams.eu\/wp-content\/uploads\/2025\/07\/3101-4087.jpg","datePublished":"2025-05-15T16:05:01+00:00","dateModified":"2026-03-25T15:01:22+00:00","breadcrumb":{"@id":"https:\/\/www.axiomams.eu\/lv\/produktas\/proceq-os8000-n-betona-parbaudes-amurs#breadcrumb"},"inLanguage":"lv-LV","potentialAction":[{"@type":"ReadAction","target":["https:\/\/www.axiomams.eu\/lv\/produktas\/proceq-os8000-n-betona-parbaudes-amurs"]}]},{"@type":"ImageObject","inLanguage":"lv-LV","@id":"https:\/\/www.axiomams.eu\/lv\/produktas\/proceq-os8000-n-betona-parbaudes-amurs#primaryimage","url":"https:\/\/www.axiomams.eu\/wp-content\/uploads\/2025\/07\/3101-4087.jpg","contentUrl":"https:\/\/www.axiomams.eu\/wp-content\/uploads\/2025\/07\/3101-4087.jpg","width":1000,"height":847},{"@type":"BreadcrumbList","@id":"https:\/\/www.axiomams.eu\/lv\/produktas\/proceq-os8000-n-betona-parbaudes-amurs#breadcrumb","itemListElement":[{"@type":"ListItem","position":1,"name":"Home","item":"https:\/\/www.axiomams.eu\/lv"},{"@type":"ListItem","position":2,"name":"Produkti","item":"https:\/\/www.axiomams.eu\/lv\/produkti"},{"@type":"ListItem","position":3,"name":"Proceq OS8000 N betona p\u0101rbaudes \u0101murs"}]},{"@type":"WebSite","@id":"https:\/\/www.axiomams.eu\/lv#website","url":"https:\/\/www.axiomams.eu\/lv","name":"AXIOMA MS","description":"Terrmovizoriai ir matavimo \u012franga","publisher":{"@id":"https:\/\/www.axiomams.eu\/lv#organization"},"potentialAction":[{"@type":"SearchAction","target":{"@type":"EntryPoint","urlTemplate":"https:\/\/www.axiomams.eu\/lv?s={search_term_string}"},"query-input":{"@type":"PropertyValueSpecification","valueRequired":true,"valueName":"search_term_string"}}],"inLanguage":"lv-LV"},{"@type":"Organization","@id":"https:\/\/www.axiomams.eu\/lv#organization","name":"AXIOMA MS","url":"https:\/\/www.axiomams.eu\/lv","logo":{"@type":"ImageObject","inLanguage":"lv-LV","@id":"https:\/\/www.axiomams.eu\/lv#\/schema\/logo\/image\/","url":"https:\/\/www.axiomams.eu\/wp-content\/uploads\/2025\/06\/axioma-logo-2.png","contentUrl":"https:\/\/www.axiomams.eu\/wp-content\/uploads\/2025\/06\/axioma-logo-2.png","width":1200,"height":1200,"caption":"AXIOMA MS"},"image":{"@id":"https:\/\/www.axiomams.eu\/lv#\/schema\/logo\/image\/"},"sameAs":["https:\/\/www.facebook.com\/AxiomaMS","https:\/\/www.linkedin.com\/company\/axiomams\/"]}]}},"_links":{"self":[{"href":"https:\/\/www.axiomams.eu\/lv\/wp-json\/wp\/v2\/product\/39297","targetHints":{"allow":["GET"]}}],"collection":[{"href":"https:\/\/www.axiomams.eu\/lv\/wp-json\/wp\/v2\/product"}],"about":[{"href":"https:\/\/www.axiomams.eu\/lv\/wp-json\/wp\/v2\/types\/product"}],"replies":[{"embeddable":true,"href":"https:\/\/www.axiomams.eu\/lv\/wp-json\/wp\/v2\/comments?post=39297"}],"wp:featuredmedia":[{"embeddable":true,"href":"https:\/\/www.axiomams.eu\/lv\/wp-json\/wp\/v2\/media\/42313"}],"wp:attachment":[{"href":"https:\/\/www.axiomams.eu\/lv\/wp-json\/wp\/v2\/media?parent=39297"}],"wp:term":[{"taxonomy":"product_brand","embeddable":true,"href":"https:\/\/www.axiomams.eu\/lv\/wp-json\/wp\/v2\/product_brand?post=39297"},{"taxonomy":"product_cat","embeddable":true,"href":"https:\/\/www.axiomams.eu\/lv\/wp-json\/wp\/v2\/product_cat?post=39297"},{"taxonomy":"product_tag","embeddable":true,"href":"https:\/\/www.axiomams.eu\/lv\/wp-json\/wp\/v2\/product_tag?post=39297"}],"curies":[{"name":"wp","href":"https:\/\/api.w.org\/{rel}","templated":true}]}}