{"id":39301,"date":"2025-05-15T18:05:06","date_gmt":"2025-05-15T16:05:06","guid":{"rendered":"https:\/\/www.axiomams.eu\/produktas\/owon-hds2062m-n-osciloskops"},"modified":"2026-03-25T17:01:22","modified_gmt":"2026-03-25T15:01:22","slug":"owon-hds2062m-n-osciloskops","status":"publish","type":"product","link":"https:\/\/www.axiomams.eu\/lv\/produktas\/owon-hds2062m-n-osciloskops","title":{"rendered":"Owon HDS2062M-N osciloskops"},"content":{"rendered":"<p>\u0100tri un viegli identific\u0113jiet, analiz\u0113jiet un apr\u0113\u0137iniet vi\u013c\u0146u formu frekvenci, izmantojot Owon HDS2062M-N 60Mhz 2 kan\u0101lu digit\u0101lo osciloskopu. Digit\u0101lajam osciloskopam ir 94 mm kr\u0101su LCD displejs, un tam ir autom\u0101tisk\u0101s iestat\u012b\u0161anas funkcija. \u0160\u012b \u012bpa\u0161\u0101 funkcija optimiz\u0113 diapazonu, laika b\u0101zi, poz\u012bciju un aktiviz\u0113\u0161anu, k\u0101 ar\u012b ir iek\u013cauta aktiviz\u0113\u0161anas aptur\u0113\u0161anas funkcija, kas pal\u012bdz nodro\u0161in\u0101t ne tikai vienk\u0101r\u0161u, bet ar\u012b stabilu vair\u0101ku vi\u013c\u0146u formu apskati.<\/p>\n<p>Standarta komplekts: instruments, l\u0101d\u0113t\u0101js, zondes, testa vadi, USB kabelis, modulis mazas kapacit\u0101tes m\u0113r\u012bjumiem, zondes regul\u0113\u0161anas r\u012bks, lietot\u0101ja rokasgr\u0101mata, programmat\u016bra.<\/p>\n<h3>Tehnisk\u0101 inform\u0101cija:<\/h3>\n<ul>\n<li><a href=\"https:\/\/axiomams.eu\/importer\/export\/attachments\/en\/hds_series_datasheet_en.pdf\" target=\"_blank\">HDS_series_datasheet_EN.pdf<\/a><\/li>\n<\/ul>\n","protected":false},"excerpt":{"rendered":"<p>\u0100tri un viegli identific\u0113jiet, analiz\u0113jiet un apr\u0113\u0137iniet vi\u013c\u0146u formu frekvenci, izmantojot Owon HDS2062M-N 60Mhz 2 kan\u0101lu digit\u0101lo osciloskopu. Digit\u0101lajam osciloskopam ir 94 mm kr\u0101su LCD displejs, un tam ir autom\u0101tisk\u0101s iestat\u012b\u0161anas funkcija. \u0160\u012b \u012bpa\u0161\u0101 funkcija optimiz\u0113 diapazonu, laika b\u0101zi, poz\u012bciju un aktiviz\u0113\u0161anu, k\u0101 ar\u012b ir iek\u013cauta aktiviz\u0113\u0161anas aptur\u0113\u0161anas funkcija, kas pal\u012bdz nodro\u0161in\u0101t ne tikai vienk\u0101r\u0161u,&#8230;<\/p>\n","protected":false},"featured_media":42321,"comment_status":"open","ping_status":"closed","template":"","meta":{"_acf_changed":false},"product_brand":[],"product_cat":[17757],"product_tag":[],"class_list":{"0":"post-39301","1":"product","2":"type-product","3":"status-publish","4":"has-post-thumbnail","6":"product_cat-generatori-barosanas-avoti-oscilografi-rcl-meritaji","8":"first","9":"instock","10":"taxable","11":"shipping-taxable","12":"product-type-simple"},"acf":[],"yoast_head":"<!-- This site is optimized with the Yoast SEO plugin v27.0 - https:\/\/yoast.com\/product\/yoast-seo-wordpress\/ -->\n<title>Owon HDS2062M-N osciloskops - AXIOMA MS<\/title>\n<meta name=\"robots\" content=\"index, follow, max-snippet:-1, max-image-preview:large, max-video-preview:-1\" \/>\n<link rel=\"canonical\" href=\"https:\/\/www.axiomams.eu\/lv\/produktas\/owon-hds2062m-n-osciloskops\" \/>\n<meta property=\"og:locale\" content=\"lv_LV\" \/>\n<meta property=\"og:type\" content=\"article\" \/>\n<meta property=\"og:title\" content=\"Owon HDS2062M-N osciloskops - AXIOMA MS\" \/>\n<meta property=\"og:description\" content=\"\u0100tri un viegli identific\u0113jiet, analiz\u0113jiet un apr\u0113\u0137iniet vi\u013c\u0146u formu frekvenci, izmantojot Owon HDS2062M-N 60Mhz 2 kan\u0101lu digit\u0101lo osciloskopu. Digit\u0101lajam osciloskopam ir 94 mm kr\u0101su LCD displejs, un tam ir autom\u0101tisk\u0101s iestat\u012b\u0161anas funkcija. \u0160\u012b \u012bpa\u0161\u0101 funkcija optimiz\u0113 diapazonu, laika b\u0101zi, poz\u012bciju un aktiviz\u0113\u0161anu, k\u0101 ar\u012b ir iek\u013cauta aktiviz\u0113\u0161anas aptur\u0113\u0161anas funkcija, kas pal\u012bdz nodro\u0161in\u0101t ne tikai vienk\u0101r\u0161u,...\" \/>\n<meta property=\"og:url\" content=\"https:\/\/www.axiomams.eu\/lv\/produktas\/owon-hds2062m-n-osciloskops\" \/>\n<meta property=\"og:site_name\" content=\"AXIOMA MS\" \/>\n<meta property=\"article:publisher\" content=\"https:\/\/www.facebook.com\/AxiomaMS\" \/>\n<meta property=\"article:modified_time\" content=\"2026-03-25T15:01:22+00:00\" \/>\n<meta property=\"og:image\" content=\"https:\/\/www.axiomams.eu\/wp-content\/uploads\/2025\/07\/685-721.jpg\" \/>\n\t<meta property=\"og:image:width\" content=\"800\" \/>\n\t<meta property=\"og:image:height\" content=\"800\" \/>\n\t<meta property=\"og:image:type\" content=\"image\/jpeg\" \/>\n<meta name=\"twitter:card\" content=\"summary_large_image\" \/>\n<meta name=\"twitter:label1\" content=\"Est. reading time\" \/>\n\t<meta name=\"twitter:data1\" content=\"1 minute\" \/>\n<script type=\"application\/ld+json\" class=\"yoast-schema-graph\">{\"@context\":\"https:\/\/schema.org\",\"@graph\":[{\"@type\":\"WebPage\",\"@id\":\"https:\/\/www.axiomams.eu\/lv\/produktas\/owon-hds2062m-n-osciloskops\",\"url\":\"https:\/\/www.axiomams.eu\/lv\/produktas\/owon-hds2062m-n-osciloskops\",\"name\":\"Owon HDS2062M-N osciloskops - AXIOMA MS\",\"isPartOf\":{\"@id\":\"https:\/\/www.axiomams.eu\/lv#website\"},\"primaryImageOfPage\":{\"@id\":\"https:\/\/www.axiomams.eu\/lv\/produktas\/owon-hds2062m-n-osciloskops#primaryimage\"},\"image\":{\"@id\":\"https:\/\/www.axiomams.eu\/lv\/produktas\/owon-hds2062m-n-osciloskops#primaryimage\"},\"thumbnailUrl\":\"https:\/\/www.axiomams.eu\/wp-content\/uploads\/2025\/07\/685-721.jpg\",\"datePublished\":\"2025-05-15T16:05:06+00:00\",\"dateModified\":\"2026-03-25T15:01:22+00:00\",\"breadcrumb\":{\"@id\":\"https:\/\/www.axiomams.eu\/lv\/produktas\/owon-hds2062m-n-osciloskops#breadcrumb\"},\"inLanguage\":\"lv-LV\",\"potentialAction\":[{\"@type\":\"ReadAction\",\"target\":[\"https:\/\/www.axiomams.eu\/lv\/produktas\/owon-hds2062m-n-osciloskops\"]}]},{\"@type\":\"ImageObject\",\"inLanguage\":\"lv-LV\",\"@id\":\"https:\/\/www.axiomams.eu\/lv\/produktas\/owon-hds2062m-n-osciloskops#primaryimage\",\"url\":\"https:\/\/www.axiomams.eu\/wp-content\/uploads\/2025\/07\/685-721.jpg\",\"contentUrl\":\"https:\/\/www.axiomams.eu\/wp-content\/uploads\/2025\/07\/685-721.jpg\",\"width\":800,\"height\":800},{\"@type\":\"BreadcrumbList\",\"@id\":\"https:\/\/www.axiomams.eu\/lv\/produktas\/owon-hds2062m-n-osciloskops#breadcrumb\",\"itemListElement\":[{\"@type\":\"ListItem\",\"position\":1,\"name\":\"Home\",\"item\":\"https:\/\/www.axiomams.eu\/lv\"},{\"@type\":\"ListItem\",\"position\":2,\"name\":\"Produkti\",\"item\":\"https:\/\/www.axiomams.eu\/lv\/produkti\"},{\"@type\":\"ListItem\",\"position\":3,\"name\":\"Owon HDS2062M-N osciloskops\"}]},{\"@type\":\"WebSite\",\"@id\":\"https:\/\/www.axiomams.eu\/lv#website\",\"url\":\"https:\/\/www.axiomams.eu\/lv\",\"name\":\"AXIOMA MS\",\"description\":\"Terrmovizoriai ir matavimo \u012franga\",\"publisher\":{\"@id\":\"https:\/\/www.axiomams.eu\/lv#organization\"},\"potentialAction\":[{\"@type\":\"SearchAction\",\"target\":{\"@type\":\"EntryPoint\",\"urlTemplate\":\"https:\/\/www.axiomams.eu\/lv?s={search_term_string}\"},\"query-input\":{\"@type\":\"PropertyValueSpecification\",\"valueRequired\":true,\"valueName\":\"search_term_string\"}}],\"inLanguage\":\"lv-LV\"},{\"@type\":\"Organization\",\"@id\":\"https:\/\/www.axiomams.eu\/lv#organization\",\"name\":\"AXIOMA MS\",\"url\":\"https:\/\/www.axiomams.eu\/lv\",\"logo\":{\"@type\":\"ImageObject\",\"inLanguage\":\"lv-LV\",\"@id\":\"https:\/\/www.axiomams.eu\/lv#\/schema\/logo\/image\/\",\"url\":\"https:\/\/www.axiomams.eu\/wp-content\/uploads\/2025\/06\/axioma-logo-2.png\",\"contentUrl\":\"https:\/\/www.axiomams.eu\/wp-content\/uploads\/2025\/06\/axioma-logo-2.png\",\"width\":1200,\"height\":1200,\"caption\":\"AXIOMA MS\"},\"image\":{\"@id\":\"https:\/\/www.axiomams.eu\/lv#\/schema\/logo\/image\/\"},\"sameAs\":[\"https:\/\/www.facebook.com\/AxiomaMS\",\"https:\/\/www.linkedin.com\/company\/axiomams\/\"]}]}<\/script>\n<!-- \/ Yoast SEO plugin. -->","yoast_head_json":{"title":"Owon HDS2062M-N osciloskops - AXIOMA MS","robots":{"index":"index","follow":"follow","max-snippet":"max-snippet:-1","max-image-preview":"max-image-preview:large","max-video-preview":"max-video-preview:-1"},"canonical":"https:\/\/www.axiomams.eu\/lv\/produktas\/owon-hds2062m-n-osciloskops","og_locale":"lv_LV","og_type":"article","og_title":"Owon HDS2062M-N osciloskops - AXIOMA MS","og_description":"\u0100tri un viegli identific\u0113jiet, analiz\u0113jiet un apr\u0113\u0137iniet vi\u013c\u0146u formu frekvenci, izmantojot Owon HDS2062M-N 60Mhz 2 kan\u0101lu digit\u0101lo osciloskopu. Digit\u0101lajam osciloskopam ir 94 mm kr\u0101su LCD displejs, un tam ir autom\u0101tisk\u0101s iestat\u012b\u0161anas funkcija. \u0160\u012b \u012bpa\u0161\u0101 funkcija optimiz\u0113 diapazonu, laika b\u0101zi, poz\u012bciju un aktiviz\u0113\u0161anu, k\u0101 ar\u012b ir iek\u013cauta aktiviz\u0113\u0161anas aptur\u0113\u0161anas funkcija, kas pal\u012bdz nodro\u0161in\u0101t ne tikai vienk\u0101r\u0161u,...","og_url":"https:\/\/www.axiomams.eu\/lv\/produktas\/owon-hds2062m-n-osciloskops","og_site_name":"AXIOMA MS","article_publisher":"https:\/\/www.facebook.com\/AxiomaMS","article_modified_time":"2026-03-25T15:01:22+00:00","og_image":[{"width":800,"height":800,"url":"https:\/\/www.axiomams.eu\/wp-content\/uploads\/2025\/07\/685-721.jpg","type":"image\/jpeg"}],"twitter_card":"summary_large_image","twitter_misc":{"Est. reading time":"1 minute"},"schema":{"@context":"https:\/\/schema.org","@graph":[{"@type":"WebPage","@id":"https:\/\/www.axiomams.eu\/lv\/produktas\/owon-hds2062m-n-osciloskops","url":"https:\/\/www.axiomams.eu\/lv\/produktas\/owon-hds2062m-n-osciloskops","name":"Owon HDS2062M-N osciloskops - AXIOMA MS","isPartOf":{"@id":"https:\/\/www.axiomams.eu\/lv#website"},"primaryImageOfPage":{"@id":"https:\/\/www.axiomams.eu\/lv\/produktas\/owon-hds2062m-n-osciloskops#primaryimage"},"image":{"@id":"https:\/\/www.axiomams.eu\/lv\/produktas\/owon-hds2062m-n-osciloskops#primaryimage"},"thumbnailUrl":"https:\/\/www.axiomams.eu\/wp-content\/uploads\/2025\/07\/685-721.jpg","datePublished":"2025-05-15T16:05:06+00:00","dateModified":"2026-03-25T15:01:22+00:00","breadcrumb":{"@id":"https:\/\/www.axiomams.eu\/lv\/produktas\/owon-hds2062m-n-osciloskops#breadcrumb"},"inLanguage":"lv-LV","potentialAction":[{"@type":"ReadAction","target":["https:\/\/www.axiomams.eu\/lv\/produktas\/owon-hds2062m-n-osciloskops"]}]},{"@type":"ImageObject","inLanguage":"lv-LV","@id":"https:\/\/www.axiomams.eu\/lv\/produktas\/owon-hds2062m-n-osciloskops#primaryimage","url":"https:\/\/www.axiomams.eu\/wp-content\/uploads\/2025\/07\/685-721.jpg","contentUrl":"https:\/\/www.axiomams.eu\/wp-content\/uploads\/2025\/07\/685-721.jpg","width":800,"height":800},{"@type":"BreadcrumbList","@id":"https:\/\/www.axiomams.eu\/lv\/produktas\/owon-hds2062m-n-osciloskops#breadcrumb","itemListElement":[{"@type":"ListItem","position":1,"name":"Home","item":"https:\/\/www.axiomams.eu\/lv"},{"@type":"ListItem","position":2,"name":"Produkti","item":"https:\/\/www.axiomams.eu\/lv\/produkti"},{"@type":"ListItem","position":3,"name":"Owon HDS2062M-N osciloskops"}]},{"@type":"WebSite","@id":"https:\/\/www.axiomams.eu\/lv#website","url":"https:\/\/www.axiomams.eu\/lv","name":"AXIOMA MS","description":"Terrmovizoriai ir matavimo \u012franga","publisher":{"@id":"https:\/\/www.axiomams.eu\/lv#organization"},"potentialAction":[{"@type":"SearchAction","target":{"@type":"EntryPoint","urlTemplate":"https:\/\/www.axiomams.eu\/lv?s={search_term_string}"},"query-input":{"@type":"PropertyValueSpecification","valueRequired":true,"valueName":"search_term_string"}}],"inLanguage":"lv-LV"},{"@type":"Organization","@id":"https:\/\/www.axiomams.eu\/lv#organization","name":"AXIOMA MS","url":"https:\/\/www.axiomams.eu\/lv","logo":{"@type":"ImageObject","inLanguage":"lv-LV","@id":"https:\/\/www.axiomams.eu\/lv#\/schema\/logo\/image\/","url":"https:\/\/www.axiomams.eu\/wp-content\/uploads\/2025\/06\/axioma-logo-2.png","contentUrl":"https:\/\/www.axiomams.eu\/wp-content\/uploads\/2025\/06\/axioma-logo-2.png","width":1200,"height":1200,"caption":"AXIOMA MS"},"image":{"@id":"https:\/\/www.axiomams.eu\/lv#\/schema\/logo\/image\/"},"sameAs":["https:\/\/www.facebook.com\/AxiomaMS","https:\/\/www.linkedin.com\/company\/axiomams\/"]}]}},"_links":{"self":[{"href":"https:\/\/www.axiomams.eu\/lv\/wp-json\/wp\/v2\/product\/39301","targetHints":{"allow":["GET"]}}],"collection":[{"href":"https:\/\/www.axiomams.eu\/lv\/wp-json\/wp\/v2\/product"}],"about":[{"href":"https:\/\/www.axiomams.eu\/lv\/wp-json\/wp\/v2\/types\/product"}],"replies":[{"embeddable":true,"href":"https:\/\/www.axiomams.eu\/lv\/wp-json\/wp\/v2\/comments?post=39301"}],"wp:featuredmedia":[{"embeddable":true,"href":"https:\/\/www.axiomams.eu\/lv\/wp-json\/wp\/v2\/media\/42321"}],"wp:attachment":[{"href":"https:\/\/www.axiomams.eu\/lv\/wp-json\/wp\/v2\/media?parent=39301"}],"wp:term":[{"taxonomy":"product_brand","embeddable":true,"href":"https:\/\/www.axiomams.eu\/lv\/wp-json\/wp\/v2\/product_brand?post=39301"},{"taxonomy":"product_cat","embeddable":true,"href":"https:\/\/www.axiomams.eu\/lv\/wp-json\/wp\/v2\/product_cat?post=39301"},{"taxonomy":"product_tag","embeddable":true,"href":"https:\/\/www.axiomams.eu\/lv\/wp-json\/wp\/v2\/product_tag?post=39301"}],"curies":[{"name":"wp","href":"https:\/\/api.w.org\/{rel}","templated":true}]}}