{"id":39302,"date":"2025-05-15T18:05:07","date_gmt":"2025-05-15T16:05:07","guid":{"rendered":"https:\/\/www.axiomams.eu\/produktas\/chauvin-arnoux-ox-9062-osciloskops"},"modified":"2026-03-25T17:01:22","modified_gmt":"2026-03-25T15:01:22","slug":"chauvin-arnoux-ox-9062-osciloskops","status":"publish","type":"product","link":"https:\/\/www.axiomams.eu\/lv\/produktas\/chauvin-arnoux-ox-9062-osciloskops","title":{"rendered":"Chauvin Arnoux OX 9062 osciloskops"},"content":{"rendered":"<p>Chauvin Arnoux OX9062 ir portat\u012bvs, autonoms, &#8220;plan\u0161etdatora ikonu paaudzes&#8221; Metrix osciloskops. SCOPIX IV ir \u012bpa\u0161i \u0113rts lieto\u0161an\u0101, jo tam ir 7&#8243; kr\u0101su sk\u0101rienekr\u0101ns ar apgaismojumu uz melna fona, kas atvieglo nolas\u012b\u0161anu, k\u0101 ar\u012b tastat\u016bras un korpusa dizains. Papildus uzlabotaj\u0101m trigeru funkcij\u0101m (impulsu platums, skait\u012b\u0161ana, aizkave) SCOPIX IV pied\u0101v\u0101 20 autom\u0101tiskus m\u0113r\u012bjumus katr\u0101 kan\u0101l\u0101, kas saist\u012bti ar kursoriem visaptvero\u0161ai anal\u012bzei. Katr\u0101 no re\u017e\u012bmiem ir pieejams .png ekr\u0101n\u0161\u0101vi\u0146\u0161, k\u0101 ar\u012b druk\u0101\u0161ana uz t\u012bkla printera, un visu ierakstu atg\u0101din\u0101jums nodro\u0161ina v\u0113l nebiju\u0161u diagnostikas komfortu.<\/p>\n<p>Standarta komplekts: Chauvin Arnoux OX 9062, mai\u0146str\u0101vas adapteris \/ l\u0101d\u0113t\u0101js, baterijas, stylus, jutiklis, ban\u0101nu adapteris, kabe\u013cu komplekts + ban\u0101nu testa zonde, Ethernet kabelis, USB vads, micro SD karte un SD kartes adapteris, CD-ROM ar lieto\u0161anas instrukcij\u0101m, programm\u0113\u0161anas instrukcij\u0101m, draiveriem.<\/p>\n<h3>Tehnisk\u0101 inform\u0101cija:<\/h3>\n<ul>\n<li><a href=\"https:\/\/axiomams.eu\/importer\/export\/attachments\/en\/chauvin-arnoux-ox-9062-9102-9104-9304.pdf\" target=\"_blank\">Chauvin Arnoux OX 9062 9102 9104 9304.PDF<\/a><\/li>\n<\/ul>\n","protected":false},"excerpt":{"rendered":"<p>Chauvin Arnoux OX9062 ir portat\u012bvs, autonoms, &#8220;plan\u0161etdatora ikonu paaudzes&#8221; Metrix osciloskops. SCOPIX IV ir \u012bpa\u0161i \u0113rts lieto\u0161an\u0101, jo tam ir 7&#8243; kr\u0101su sk\u0101rienekr\u0101ns ar apgaismojumu uz melna fona, kas atvieglo nolas\u012b\u0161anu, k\u0101 ar\u012b tastat\u016bras un korpusa dizains. Papildus uzlabotaj\u0101m trigeru funkcij\u0101m (impulsu platums, skait\u012b\u0161ana, aizkave) SCOPIX IV pied\u0101v\u0101 20 autom\u0101tiskus m\u0113r\u012bjumus katr\u0101 kan\u0101l\u0101, kas saist\u012bti&#8230;<\/p>\n","protected":false},"featured_media":42323,"comment_status":"open","ping_status":"closed","template":"","meta":{"_acf_changed":false},"product_brand":[729],"product_cat":[17757],"product_tag":[],"class_list":{"0":"post-39302","1":"product","2":"type-product","3":"status-publish","4":"has-post-thumbnail","6":"product_brand-chauvin-arnoux","7":"product_cat-generatori-barosanas-avoti-oscilografi-rcl-meritaji","9":"first","10":"instock","11":"taxable","12":"shipping-taxable","13":"product-type-simple"},"acf":[],"yoast_head":"<!-- This site is optimized with the Yoast SEO plugin v27.0 - https:\/\/yoast.com\/product\/yoast-seo-wordpress\/ -->\n<title>Chauvin Arnoux OX 9062 osciloskops - AXIOMA MS<\/title>\n<meta name=\"robots\" content=\"index, follow, max-snippet:-1, max-image-preview:large, max-video-preview:-1\" \/>\n<link rel=\"canonical\" href=\"https:\/\/www.axiomams.eu\/lv\/produktas\/chauvin-arnoux-ox-9062-osciloskops\" \/>\n<meta property=\"og:locale\" content=\"lv_LV\" \/>\n<meta property=\"og:type\" content=\"article\" \/>\n<meta property=\"og:title\" content=\"Chauvin Arnoux OX 9062 osciloskops - AXIOMA MS\" \/>\n<meta property=\"og:description\" content=\"Chauvin Arnoux OX9062 ir portat\u012bvs, autonoms, &#8220;plan\u0161etdatora ikonu paaudzes&#8221; Metrix osciloskops. SCOPIX IV ir \u012bpa\u0161i \u0113rts lieto\u0161an\u0101, jo tam ir 7&#8243; kr\u0101su sk\u0101rienekr\u0101ns ar apgaismojumu uz melna fona, kas atvieglo nolas\u012b\u0161anu, k\u0101 ar\u012b tastat\u016bras un korpusa dizains. Papildus uzlabotaj\u0101m trigeru funkcij\u0101m (impulsu platums, skait\u012b\u0161ana, aizkave) SCOPIX IV pied\u0101v\u0101 20 autom\u0101tiskus m\u0113r\u012bjumus katr\u0101 kan\u0101l\u0101, kas saist\u012bti...\" \/>\n<meta property=\"og:url\" content=\"https:\/\/www.axiomams.eu\/lv\/produktas\/chauvin-arnoux-ox-9062-osciloskops\" \/>\n<meta property=\"og:site_name\" content=\"AXIOMA MS\" \/>\n<meta property=\"article:publisher\" content=\"https:\/\/www.facebook.com\/AxiomaMS\" \/>\n<meta property=\"article:modified_time\" content=\"2026-03-25T15:01:22+00:00\" \/>\n<meta property=\"og:image\" content=\"https:\/\/www.axiomams.eu\/wp-content\/uploads\/2025\/07\/2282-3578.jpg\" \/>\n\t<meta property=\"og:image:width\" content=\"650\" \/>\n\t<meta property=\"og:image:height\" content=\"650\" \/>\n\t<meta property=\"og:image:type\" content=\"image\/jpeg\" \/>\n<meta name=\"twitter:card\" content=\"summary_large_image\" \/>\n<meta name=\"twitter:label1\" content=\"Est. reading time\" \/>\n\t<meta name=\"twitter:data1\" content=\"1 minute\" \/>\n<script type=\"application\/ld+json\" class=\"yoast-schema-graph\">{\"@context\":\"https:\/\/schema.org\",\"@graph\":[{\"@type\":\"WebPage\",\"@id\":\"https:\/\/www.axiomams.eu\/lv\/produktas\/chauvin-arnoux-ox-9062-osciloskops\",\"url\":\"https:\/\/www.axiomams.eu\/lv\/produktas\/chauvin-arnoux-ox-9062-osciloskops\",\"name\":\"Chauvin Arnoux OX 9062 osciloskops - AXIOMA MS\",\"isPartOf\":{\"@id\":\"https:\/\/www.axiomams.eu\/lv#website\"},\"primaryImageOfPage\":{\"@id\":\"https:\/\/www.axiomams.eu\/lv\/produktas\/chauvin-arnoux-ox-9062-osciloskops#primaryimage\"},\"image\":{\"@id\":\"https:\/\/www.axiomams.eu\/lv\/produktas\/chauvin-arnoux-ox-9062-osciloskops#primaryimage\"},\"thumbnailUrl\":\"https:\/\/www.axiomams.eu\/wp-content\/uploads\/2025\/07\/2282-3578.jpg\",\"datePublished\":\"2025-05-15T16:05:07+00:00\",\"dateModified\":\"2026-03-25T15:01:22+00:00\",\"breadcrumb\":{\"@id\":\"https:\/\/www.axiomams.eu\/lv\/produktas\/chauvin-arnoux-ox-9062-osciloskops#breadcrumb\"},\"inLanguage\":\"lv-LV\",\"potentialAction\":[{\"@type\":\"ReadAction\",\"target\":[\"https:\/\/www.axiomams.eu\/lv\/produktas\/chauvin-arnoux-ox-9062-osciloskops\"]}]},{\"@type\":\"ImageObject\",\"inLanguage\":\"lv-LV\",\"@id\":\"https:\/\/www.axiomams.eu\/lv\/produktas\/chauvin-arnoux-ox-9062-osciloskops#primaryimage\",\"url\":\"https:\/\/www.axiomams.eu\/wp-content\/uploads\/2025\/07\/2282-3578.jpg\",\"contentUrl\":\"https:\/\/www.axiomams.eu\/wp-content\/uploads\/2025\/07\/2282-3578.jpg\",\"width\":650,\"height\":650},{\"@type\":\"BreadcrumbList\",\"@id\":\"https:\/\/www.axiomams.eu\/lv\/produktas\/chauvin-arnoux-ox-9062-osciloskops#breadcrumb\",\"itemListElement\":[{\"@type\":\"ListItem\",\"position\":1,\"name\":\"Home\",\"item\":\"https:\/\/www.axiomams.eu\/lv\"},{\"@type\":\"ListItem\",\"position\":2,\"name\":\"Produkti\",\"item\":\"https:\/\/www.axiomams.eu\/lv\/produkti\"},{\"@type\":\"ListItem\",\"position\":3,\"name\":\"Chauvin Arnoux OX 9062 osciloskops\"}]},{\"@type\":\"WebSite\",\"@id\":\"https:\/\/www.axiomams.eu\/lv#website\",\"url\":\"https:\/\/www.axiomams.eu\/lv\",\"name\":\"AXIOMA MS\",\"description\":\"Terrmovizoriai ir matavimo \u012franga\",\"publisher\":{\"@id\":\"https:\/\/www.axiomams.eu\/lv#organization\"},\"potentialAction\":[{\"@type\":\"SearchAction\",\"target\":{\"@type\":\"EntryPoint\",\"urlTemplate\":\"https:\/\/www.axiomams.eu\/lv?s={search_term_string}\"},\"query-input\":{\"@type\":\"PropertyValueSpecification\",\"valueRequired\":true,\"valueName\":\"search_term_string\"}}],\"inLanguage\":\"lv-LV\"},{\"@type\":\"Organization\",\"@id\":\"https:\/\/www.axiomams.eu\/lv#organization\",\"name\":\"AXIOMA MS\",\"url\":\"https:\/\/www.axiomams.eu\/lv\",\"logo\":{\"@type\":\"ImageObject\",\"inLanguage\":\"lv-LV\",\"@id\":\"https:\/\/www.axiomams.eu\/lv#\/schema\/logo\/image\/\",\"url\":\"https:\/\/www.axiomams.eu\/wp-content\/uploads\/2025\/06\/axioma-logo-2.png\",\"contentUrl\":\"https:\/\/www.axiomams.eu\/wp-content\/uploads\/2025\/06\/axioma-logo-2.png\",\"width\":1200,\"height\":1200,\"caption\":\"AXIOMA MS\"},\"image\":{\"@id\":\"https:\/\/www.axiomams.eu\/lv#\/schema\/logo\/image\/\"},\"sameAs\":[\"https:\/\/www.facebook.com\/AxiomaMS\",\"https:\/\/www.linkedin.com\/company\/axiomams\/\"]}]}<\/script>\n<!-- \/ Yoast SEO plugin. -->","yoast_head_json":{"title":"Chauvin Arnoux OX 9062 osciloskops - AXIOMA MS","robots":{"index":"index","follow":"follow","max-snippet":"max-snippet:-1","max-image-preview":"max-image-preview:large","max-video-preview":"max-video-preview:-1"},"canonical":"https:\/\/www.axiomams.eu\/lv\/produktas\/chauvin-arnoux-ox-9062-osciloskops","og_locale":"lv_LV","og_type":"article","og_title":"Chauvin Arnoux OX 9062 osciloskops - AXIOMA MS","og_description":"Chauvin Arnoux OX9062 ir portat\u012bvs, autonoms, &#8220;plan\u0161etdatora ikonu paaudzes&#8221; Metrix osciloskops. SCOPIX IV ir \u012bpa\u0161i \u0113rts lieto\u0161an\u0101, jo tam ir 7&#8243; kr\u0101su sk\u0101rienekr\u0101ns ar apgaismojumu uz melna fona, kas atvieglo nolas\u012b\u0161anu, k\u0101 ar\u012b tastat\u016bras un korpusa dizains. Papildus uzlabotaj\u0101m trigeru funkcij\u0101m (impulsu platums, skait\u012b\u0161ana, aizkave) SCOPIX IV pied\u0101v\u0101 20 autom\u0101tiskus m\u0113r\u012bjumus katr\u0101 kan\u0101l\u0101, kas saist\u012bti...","og_url":"https:\/\/www.axiomams.eu\/lv\/produktas\/chauvin-arnoux-ox-9062-osciloskops","og_site_name":"AXIOMA MS","article_publisher":"https:\/\/www.facebook.com\/AxiomaMS","article_modified_time":"2026-03-25T15:01:22+00:00","og_image":[{"width":650,"height":650,"url":"https:\/\/www.axiomams.eu\/wp-content\/uploads\/2025\/07\/2282-3578.jpg","type":"image\/jpeg"}],"twitter_card":"summary_large_image","twitter_misc":{"Est. reading time":"1 minute"},"schema":{"@context":"https:\/\/schema.org","@graph":[{"@type":"WebPage","@id":"https:\/\/www.axiomams.eu\/lv\/produktas\/chauvin-arnoux-ox-9062-osciloskops","url":"https:\/\/www.axiomams.eu\/lv\/produktas\/chauvin-arnoux-ox-9062-osciloskops","name":"Chauvin Arnoux OX 9062 osciloskops - AXIOMA MS","isPartOf":{"@id":"https:\/\/www.axiomams.eu\/lv#website"},"primaryImageOfPage":{"@id":"https:\/\/www.axiomams.eu\/lv\/produktas\/chauvin-arnoux-ox-9062-osciloskops#primaryimage"},"image":{"@id":"https:\/\/www.axiomams.eu\/lv\/produktas\/chauvin-arnoux-ox-9062-osciloskops#primaryimage"},"thumbnailUrl":"https:\/\/www.axiomams.eu\/wp-content\/uploads\/2025\/07\/2282-3578.jpg","datePublished":"2025-05-15T16:05:07+00:00","dateModified":"2026-03-25T15:01:22+00:00","breadcrumb":{"@id":"https:\/\/www.axiomams.eu\/lv\/produktas\/chauvin-arnoux-ox-9062-osciloskops#breadcrumb"},"inLanguage":"lv-LV","potentialAction":[{"@type":"ReadAction","target":["https:\/\/www.axiomams.eu\/lv\/produktas\/chauvin-arnoux-ox-9062-osciloskops"]}]},{"@type":"ImageObject","inLanguage":"lv-LV","@id":"https:\/\/www.axiomams.eu\/lv\/produktas\/chauvin-arnoux-ox-9062-osciloskops#primaryimage","url":"https:\/\/www.axiomams.eu\/wp-content\/uploads\/2025\/07\/2282-3578.jpg","contentUrl":"https:\/\/www.axiomams.eu\/wp-content\/uploads\/2025\/07\/2282-3578.jpg","width":650,"height":650},{"@type":"BreadcrumbList","@id":"https:\/\/www.axiomams.eu\/lv\/produktas\/chauvin-arnoux-ox-9062-osciloskops#breadcrumb","itemListElement":[{"@type":"ListItem","position":1,"name":"Home","item":"https:\/\/www.axiomams.eu\/lv"},{"@type":"ListItem","position":2,"name":"Produkti","item":"https:\/\/www.axiomams.eu\/lv\/produkti"},{"@type":"ListItem","position":3,"name":"Chauvin Arnoux OX 9062 osciloskops"}]},{"@type":"WebSite","@id":"https:\/\/www.axiomams.eu\/lv#website","url":"https:\/\/www.axiomams.eu\/lv","name":"AXIOMA MS","description":"Terrmovizoriai ir matavimo \u012franga","publisher":{"@id":"https:\/\/www.axiomams.eu\/lv#organization"},"potentialAction":[{"@type":"SearchAction","target":{"@type":"EntryPoint","urlTemplate":"https:\/\/www.axiomams.eu\/lv?s={search_term_string}"},"query-input":{"@type":"PropertyValueSpecification","valueRequired":true,"valueName":"search_term_string"}}],"inLanguage":"lv-LV"},{"@type":"Organization","@id":"https:\/\/www.axiomams.eu\/lv#organization","name":"AXIOMA MS","url":"https:\/\/www.axiomams.eu\/lv","logo":{"@type":"ImageObject","inLanguage":"lv-LV","@id":"https:\/\/www.axiomams.eu\/lv#\/schema\/logo\/image\/","url":"https:\/\/www.axiomams.eu\/wp-content\/uploads\/2025\/06\/axioma-logo-2.png","contentUrl":"https:\/\/www.axiomams.eu\/wp-content\/uploads\/2025\/06\/axioma-logo-2.png","width":1200,"height":1200,"caption":"AXIOMA MS"},"image":{"@id":"https:\/\/www.axiomams.eu\/lv#\/schema\/logo\/image\/"},"sameAs":["https:\/\/www.facebook.com\/AxiomaMS","https:\/\/www.linkedin.com\/company\/axiomams\/"]}]}},"_links":{"self":[{"href":"https:\/\/www.axiomams.eu\/lv\/wp-json\/wp\/v2\/product\/39302","targetHints":{"allow":["GET"]}}],"collection":[{"href":"https:\/\/www.axiomams.eu\/lv\/wp-json\/wp\/v2\/product"}],"about":[{"href":"https:\/\/www.axiomams.eu\/lv\/wp-json\/wp\/v2\/types\/product"}],"replies":[{"embeddable":true,"href":"https:\/\/www.axiomams.eu\/lv\/wp-json\/wp\/v2\/comments?post=39302"}],"wp:featuredmedia":[{"embeddable":true,"href":"https:\/\/www.axiomams.eu\/lv\/wp-json\/wp\/v2\/media\/42323"}],"wp:attachment":[{"href":"https:\/\/www.axiomams.eu\/lv\/wp-json\/wp\/v2\/media?parent=39302"}],"wp:term":[{"taxonomy":"product_brand","embeddable":true,"href":"https:\/\/www.axiomams.eu\/lv\/wp-json\/wp\/v2\/product_brand?post=39302"},{"taxonomy":"product_cat","embeddable":true,"href":"https:\/\/www.axiomams.eu\/lv\/wp-json\/wp\/v2\/product_cat?post=39302"},{"taxonomy":"product_tag","embeddable":true,"href":"https:\/\/www.axiomams.eu\/lv\/wp-json\/wp\/v2\/product_tag?post=39302"}],"curies":[{"name":"wp","href":"https:\/\/api.w.org\/{rel}","templated":true}]}}