{"id":39306,"date":"2025-05-15T18:05:11","date_gmt":"2025-05-15T16:05:11","guid":{"rendered":"https:\/\/www.axiomams.eu\/produktas\/pce-instruments-pce-btm-2000-siksnas-spriegojuma-meritajs"},"modified":"2026-03-25T17:01:25","modified_gmt":"2026-03-25T15:01:25","slug":"pce-instruments-pce-btm-2000-siksnas-spriegojuma-meritajs","status":"publish","type":"product","link":"https:\/\/www.axiomams.eu\/lv\/produktas\/pce-instruments-pce-btm-2000-siksnas-spriegojuma-meritajs","title":{"rendered":"PCE Instruments PCE-BTM 2000 Siksnas spriegojuma m\u0113r\u012bt\u0101js"},"content":{"rendered":"<p>Siksnas spriegojuma m\u0113r\u012bt\u0101js ir optisks m\u0113r\u012b\u0161anas apkopes instruments siksnas spriegojuma sp\u0113ka noteik\u0161anai. \u0160\u012b siksnas spriegojuma m\u0113rier\u012bce sast\u0101v no displeja bloka un sensora galvas, kas ir piestiprin\u0101ta pie zoss kakla. Siksnas spriegojuma m\u0113rier\u012bce m\u0113ra siksnas spriegojumu un siksnas frekvenci, kad siksna ir nekust\u012bga. Pietiek ar nelielu impulsu uz jostu, kas ir vertik\u0101ls spriegojuma virzienam, lai siksna s\u0101k vibr\u0113t. Jostas spriegojuma m\u0113rier\u012bce ar sensoru m\u0113ra jostas dabisko frekvenci un vizualiz\u0113 to displej\u0101. Jostas spriegojuma m\u0113rier\u012bce var tie\u0161i noteikt jostas faktisko spriegojuma sp\u0113ku no jostas frekvences un p\u0113c izv\u0113les ievad\u012bt\u0101 jostas garuma un jostas masas. Tom\u0113r, lai veiktu m\u0113r\u012bjumus tie\u0161i ar jostas spriegojuma m\u0113r\u012bt\u0101ju, \u0161ie dati nav oblig\u0101ti j\u0101ievada. Siksnas spriegojuma m\u0113r\u012bt\u0101ja grafiskaj\u0101 displej\u0101 izm\u0113r\u012bt\u0101 v\u0113rt\u012bba vienm\u0113r tiek par\u0101d\u012bta k\u0101 siksnas frekvence Hz. Ja ier\u012bc\u0113 ir ievad\u012bta jostas masa un garums, tiek par\u0101d\u012bts ar\u012b jostas spriegojums \u0146\u016btonos. T\u0101l\u0101kai anal\u012bzei un kvalit\u0101tes nodro\u0161in\u0101\u0161anai jostas spriegojuma m\u0113r\u012bt\u0101js ir apr\u012bkots ar atmi\u0146u. Jostas spriegojuma m\u0113r\u012bt\u0101ja atmi\u0146\u0101 var saglab\u0101t l\u012bdz 750 datu ierakstiem 15 komplektos pa 50 izm\u0113r\u012btaj\u0101m v\u0113rt\u012bb\u0101m.<\/p>\n<p>Tehnisk\u0101s specifik\u0101cijas<br \/>\nM\u0113r\u012b\u0161anas diapazons: 10 Hz &#8230; 900 Hz<br \/>\nPrecizit\u0101te: \u00b1 (1 % no rdg. + 4 cipari)<br \/>\nAtk\u0101rtojam\u012bbas precizit\u0101te: \u00b1 1 Hz<br \/>\nIz\u0161\u0137irtsp\u0113ja: <100 Hz: 0,1 Hz, >100 Hz: 1 Hz: 1 Hz<br \/>\nJostas garums: maks. 9.999 m<br \/>\nJostas masa: maks. 9,999 kg\/m<br \/>\nAtmi\u0146a: 750 izm\u0113r\u012bt\u0101s v\u0113rt\u012bbas, 15 komplekti pa 50 m\u0113r\u012bjumu punktiem.<br \/>\nBaro\u0161anas avots: 3 x 1,5 V AAA baterijas<br \/>\nDarba apst\u0101k\u013ci: 0 &#8230; 50 \u00b0C, maks. 95 % R.H.<br \/>\nIzm\u0113ri: 150 x 80 x 38 mm<br \/>\nSvars: 200 g, ieskaitot baterijas<\/p>\n<p>Standarta komplekts: PCE-BTM 2000, magn\u0113tiskais tur\u0113t\u0101js, baterijas un lieto\u0161anas instrukcija.<\/p>\n<h3>Tehnisk\u0101 inform\u0101cija:<\/h3>\n<ul>\n<li><a href=\"https:\/\/axiomams.eu\/importer\/export\/attachments\/en\/pce-instruments-pce-btm-2000.pdf\" target=\"_blank\">PCE INSTRUMENTS PCE-BTM 2000.pdf<\/a><\/li>\n<\/ul>\n","protected":false},"excerpt":{"rendered":"<p>Siksnas spriegojuma m\u0113r\u012bt\u0101js ir optisks m\u0113r\u012b\u0161anas apkopes instruments siksnas spriegojuma sp\u0113ka noteik\u0161anai. \u0160\u012b siksnas spriegojuma m\u0113rier\u012bce sast\u0101v no displeja bloka un sensora galvas, kas ir piestiprin\u0101ta pie zoss kakla. Siksnas spriegojuma m\u0113rier\u012bce m\u0113ra siksnas spriegojumu un siksnas frekvenci, kad siksna ir nekust\u012bga. Pietiek ar nelielu impulsu uz jostu, kas ir vertik\u0101ls spriegojuma virzienam, lai siksna&#8230;<\/p>\n","protected":false},"featured_media":42331,"comment_status":"open","ping_status":"closed","template":"","meta":{"_acf_changed":false},"product_brand":[742],"product_cat":[17765],"product_tag":[],"class_list":{"0":"post-39306","1":"product","2":"type-product","3":"status-publish","4":"has-post-thumbnail","6":"product_brand-pce-instruments","7":"product_cat-centresanas-varpstam-un-siksnu-piedzinam","9":"first","10":"instock","11":"taxable","12":"shipping-taxable","13":"product-type-simple"},"acf":[],"yoast_head":"<!-- This site is optimized with the Yoast SEO plugin v27.0 - https:\/\/yoast.com\/product\/yoast-seo-wordpress\/ -->\n<title>PCE Instruments PCE-BTM 2000 Siksnas spriegojuma m\u0113r\u012bt\u0101js - AXIOMA MS<\/title>\n<meta name=\"robots\" content=\"index, follow, max-snippet:-1, max-image-preview:large, max-video-preview:-1\" \/>\n<link rel=\"canonical\" href=\"https:\/\/www.axiomams.eu\/lv\/produktas\/pce-instruments-pce-btm-2000-siksnas-spriegojuma-meritajs\" \/>\n<meta property=\"og:locale\" content=\"lv_LV\" \/>\n<meta property=\"og:type\" content=\"article\" \/>\n<meta property=\"og:title\" content=\"PCE Instruments PCE-BTM 2000 Siksnas spriegojuma m\u0113r\u012bt\u0101js - AXIOMA MS\" \/>\n<meta property=\"og:description\" content=\"Siksnas spriegojuma m\u0113r\u012bt\u0101js ir optisks m\u0113r\u012b\u0161anas apkopes instruments siksnas spriegojuma sp\u0113ka noteik\u0161anai. \u0160\u012b siksnas spriegojuma m\u0113rier\u012bce sast\u0101v no displeja bloka un sensora galvas, kas ir piestiprin\u0101ta pie zoss kakla. Siksnas spriegojuma m\u0113rier\u012bce m\u0113ra siksnas spriegojumu un siksnas frekvenci, kad siksna ir nekust\u012bga. Pietiek ar nelielu impulsu uz jostu, kas ir vertik\u0101ls spriegojuma virzienam, lai siksna...\" \/>\n<meta property=\"og:url\" content=\"https:\/\/www.axiomams.eu\/lv\/produktas\/pce-instruments-pce-btm-2000-siksnas-spriegojuma-meritajs\" \/>\n<meta property=\"og:site_name\" content=\"AXIOMA MS\" \/>\n<meta property=\"article:publisher\" content=\"https:\/\/www.facebook.com\/AxiomaMS\" \/>\n<meta property=\"article:modified_time\" content=\"2026-03-25T15:01:25+00:00\" \/>\n<meta property=\"og:image\" content=\"https:\/\/www.axiomams.eu\/wp-content\/uploads\/2025\/07\/2955-3893.jpg\" \/>\n\t<meta property=\"og:image:width\" content=\"800\" \/>\n\t<meta property=\"og:image:height\" content=\"800\" \/>\n\t<meta property=\"og:image:type\" content=\"image\/jpeg\" \/>\n<meta name=\"twitter:card\" content=\"summary_large_image\" \/>\n<meta name=\"twitter:label1\" content=\"Est. reading time\" \/>\n\t<meta name=\"twitter:data1\" content=\"2 minutes\" \/>\n<script type=\"application\/ld+json\" class=\"yoast-schema-graph\">{\"@context\":\"https:\/\/schema.org\",\"@graph\":[{\"@type\":\"WebPage\",\"@id\":\"https:\/\/www.axiomams.eu\/lv\/produktas\/pce-instruments-pce-btm-2000-siksnas-spriegojuma-meritajs\",\"url\":\"https:\/\/www.axiomams.eu\/lv\/produktas\/pce-instruments-pce-btm-2000-siksnas-spriegojuma-meritajs\",\"name\":\"PCE Instruments PCE-BTM 2000 Siksnas spriegojuma m\u0113r\u012bt\u0101js - AXIOMA MS\",\"isPartOf\":{\"@id\":\"https:\/\/www.axiomams.eu\/lv#website\"},\"primaryImageOfPage\":{\"@id\":\"https:\/\/www.axiomams.eu\/lv\/produktas\/pce-instruments-pce-btm-2000-siksnas-spriegojuma-meritajs#primaryimage\"},\"image\":{\"@id\":\"https:\/\/www.axiomams.eu\/lv\/produktas\/pce-instruments-pce-btm-2000-siksnas-spriegojuma-meritajs#primaryimage\"},\"thumbnailUrl\":\"https:\/\/www.axiomams.eu\/wp-content\/uploads\/2025\/07\/2955-3893.jpg\",\"datePublished\":\"2025-05-15T16:05:11+00:00\",\"dateModified\":\"2026-03-25T15:01:25+00:00\",\"breadcrumb\":{\"@id\":\"https:\/\/www.axiomams.eu\/lv\/produktas\/pce-instruments-pce-btm-2000-siksnas-spriegojuma-meritajs#breadcrumb\"},\"inLanguage\":\"lv-LV\",\"potentialAction\":[{\"@type\":\"ReadAction\",\"target\":[\"https:\/\/www.axiomams.eu\/lv\/produktas\/pce-instruments-pce-btm-2000-siksnas-spriegojuma-meritajs\"]}]},{\"@type\":\"ImageObject\",\"inLanguage\":\"lv-LV\",\"@id\":\"https:\/\/www.axiomams.eu\/lv\/produktas\/pce-instruments-pce-btm-2000-siksnas-spriegojuma-meritajs#primaryimage\",\"url\":\"https:\/\/www.axiomams.eu\/wp-content\/uploads\/2025\/07\/2955-3893.jpg\",\"contentUrl\":\"https:\/\/www.axiomams.eu\/wp-content\/uploads\/2025\/07\/2955-3893.jpg\",\"width\":800,\"height\":800},{\"@type\":\"BreadcrumbList\",\"@id\":\"https:\/\/www.axiomams.eu\/lv\/produktas\/pce-instruments-pce-btm-2000-siksnas-spriegojuma-meritajs#breadcrumb\",\"itemListElement\":[{\"@type\":\"ListItem\",\"position\":1,\"name\":\"Home\",\"item\":\"https:\/\/www.axiomams.eu\/lv\"},{\"@type\":\"ListItem\",\"position\":2,\"name\":\"Produkti\",\"item\":\"https:\/\/www.axiomams.eu\/lv\/produkti\"},{\"@type\":\"ListItem\",\"position\":3,\"name\":\"PCE Instruments PCE-BTM 2000 Siksnas spriegojuma m\u0113r\u012bt\u0101js\"}]},{\"@type\":\"WebSite\",\"@id\":\"https:\/\/www.axiomams.eu\/lv#website\",\"url\":\"https:\/\/www.axiomams.eu\/lv\",\"name\":\"AXIOMA MS\",\"description\":\"Terrmovizoriai ir matavimo \u012franga\",\"publisher\":{\"@id\":\"https:\/\/www.axiomams.eu\/lv#organization\"},\"potentialAction\":[{\"@type\":\"SearchAction\",\"target\":{\"@type\":\"EntryPoint\",\"urlTemplate\":\"https:\/\/www.axiomams.eu\/lv?s={search_term_string}\"},\"query-input\":{\"@type\":\"PropertyValueSpecification\",\"valueRequired\":true,\"valueName\":\"search_term_string\"}}],\"inLanguage\":\"lv-LV\"},{\"@type\":\"Organization\",\"@id\":\"https:\/\/www.axiomams.eu\/lv#organization\",\"name\":\"AXIOMA MS\",\"url\":\"https:\/\/www.axiomams.eu\/lv\",\"logo\":{\"@type\":\"ImageObject\",\"inLanguage\":\"lv-LV\",\"@id\":\"https:\/\/www.axiomams.eu\/lv#\/schema\/logo\/image\/\",\"url\":\"https:\/\/www.axiomams.eu\/wp-content\/uploads\/2025\/06\/axioma-logo-2.png\",\"contentUrl\":\"https:\/\/www.axiomams.eu\/wp-content\/uploads\/2025\/06\/axioma-logo-2.png\",\"width\":1200,\"height\":1200,\"caption\":\"AXIOMA MS\"},\"image\":{\"@id\":\"https:\/\/www.axiomams.eu\/lv#\/schema\/logo\/image\/\"},\"sameAs\":[\"https:\/\/www.facebook.com\/AxiomaMS\",\"https:\/\/www.linkedin.com\/company\/axiomams\/\"]}]}<\/script>\n<!-- \/ Yoast SEO plugin. -->","yoast_head_json":{"title":"PCE Instruments PCE-BTM 2000 Siksnas spriegojuma m\u0113r\u012bt\u0101js - AXIOMA MS","robots":{"index":"index","follow":"follow","max-snippet":"max-snippet:-1","max-image-preview":"max-image-preview:large","max-video-preview":"max-video-preview:-1"},"canonical":"https:\/\/www.axiomams.eu\/lv\/produktas\/pce-instruments-pce-btm-2000-siksnas-spriegojuma-meritajs","og_locale":"lv_LV","og_type":"article","og_title":"PCE Instruments PCE-BTM 2000 Siksnas spriegojuma m\u0113r\u012bt\u0101js - AXIOMA MS","og_description":"Siksnas spriegojuma m\u0113r\u012bt\u0101js ir optisks m\u0113r\u012b\u0161anas apkopes instruments siksnas spriegojuma sp\u0113ka noteik\u0161anai. \u0160\u012b siksnas spriegojuma m\u0113rier\u012bce sast\u0101v no displeja bloka un sensora galvas, kas ir piestiprin\u0101ta pie zoss kakla. Siksnas spriegojuma m\u0113rier\u012bce m\u0113ra siksnas spriegojumu un siksnas frekvenci, kad siksna ir nekust\u012bga. Pietiek ar nelielu impulsu uz jostu, kas ir vertik\u0101ls spriegojuma virzienam, lai siksna...","og_url":"https:\/\/www.axiomams.eu\/lv\/produktas\/pce-instruments-pce-btm-2000-siksnas-spriegojuma-meritajs","og_site_name":"AXIOMA MS","article_publisher":"https:\/\/www.facebook.com\/AxiomaMS","article_modified_time":"2026-03-25T15:01:25+00:00","og_image":[{"width":800,"height":800,"url":"https:\/\/www.axiomams.eu\/wp-content\/uploads\/2025\/07\/2955-3893.jpg","type":"image\/jpeg"}],"twitter_card":"summary_large_image","twitter_misc":{"Est. reading time":"2 minutes"},"schema":{"@context":"https:\/\/schema.org","@graph":[{"@type":"WebPage","@id":"https:\/\/www.axiomams.eu\/lv\/produktas\/pce-instruments-pce-btm-2000-siksnas-spriegojuma-meritajs","url":"https:\/\/www.axiomams.eu\/lv\/produktas\/pce-instruments-pce-btm-2000-siksnas-spriegojuma-meritajs","name":"PCE Instruments PCE-BTM 2000 Siksnas spriegojuma m\u0113r\u012bt\u0101js - AXIOMA MS","isPartOf":{"@id":"https:\/\/www.axiomams.eu\/lv#website"},"primaryImageOfPage":{"@id":"https:\/\/www.axiomams.eu\/lv\/produktas\/pce-instruments-pce-btm-2000-siksnas-spriegojuma-meritajs#primaryimage"},"image":{"@id":"https:\/\/www.axiomams.eu\/lv\/produktas\/pce-instruments-pce-btm-2000-siksnas-spriegojuma-meritajs#primaryimage"},"thumbnailUrl":"https:\/\/www.axiomams.eu\/wp-content\/uploads\/2025\/07\/2955-3893.jpg","datePublished":"2025-05-15T16:05:11+00:00","dateModified":"2026-03-25T15:01:25+00:00","breadcrumb":{"@id":"https:\/\/www.axiomams.eu\/lv\/produktas\/pce-instruments-pce-btm-2000-siksnas-spriegojuma-meritajs#breadcrumb"},"inLanguage":"lv-LV","potentialAction":[{"@type":"ReadAction","target":["https:\/\/www.axiomams.eu\/lv\/produktas\/pce-instruments-pce-btm-2000-siksnas-spriegojuma-meritajs"]}]},{"@type":"ImageObject","inLanguage":"lv-LV","@id":"https:\/\/www.axiomams.eu\/lv\/produktas\/pce-instruments-pce-btm-2000-siksnas-spriegojuma-meritajs#primaryimage","url":"https:\/\/www.axiomams.eu\/wp-content\/uploads\/2025\/07\/2955-3893.jpg","contentUrl":"https:\/\/www.axiomams.eu\/wp-content\/uploads\/2025\/07\/2955-3893.jpg","width":800,"height":800},{"@type":"BreadcrumbList","@id":"https:\/\/www.axiomams.eu\/lv\/produktas\/pce-instruments-pce-btm-2000-siksnas-spriegojuma-meritajs#breadcrumb","itemListElement":[{"@type":"ListItem","position":1,"name":"Home","item":"https:\/\/www.axiomams.eu\/lv"},{"@type":"ListItem","position":2,"name":"Produkti","item":"https:\/\/www.axiomams.eu\/lv\/produkti"},{"@type":"ListItem","position":3,"name":"PCE Instruments PCE-BTM 2000 Siksnas spriegojuma m\u0113r\u012bt\u0101js"}]},{"@type":"WebSite","@id":"https:\/\/www.axiomams.eu\/lv#website","url":"https:\/\/www.axiomams.eu\/lv","name":"AXIOMA MS","description":"Terrmovizoriai ir matavimo \u012franga","publisher":{"@id":"https:\/\/www.axiomams.eu\/lv#organization"},"potentialAction":[{"@type":"SearchAction","target":{"@type":"EntryPoint","urlTemplate":"https:\/\/www.axiomams.eu\/lv?s={search_term_string}"},"query-input":{"@type":"PropertyValueSpecification","valueRequired":true,"valueName":"search_term_string"}}],"inLanguage":"lv-LV"},{"@type":"Organization","@id":"https:\/\/www.axiomams.eu\/lv#organization","name":"AXIOMA MS","url":"https:\/\/www.axiomams.eu\/lv","logo":{"@type":"ImageObject","inLanguage":"lv-LV","@id":"https:\/\/www.axiomams.eu\/lv#\/schema\/logo\/image\/","url":"https:\/\/www.axiomams.eu\/wp-content\/uploads\/2025\/06\/axioma-logo-2.png","contentUrl":"https:\/\/www.axiomams.eu\/wp-content\/uploads\/2025\/06\/axioma-logo-2.png","width":1200,"height":1200,"caption":"AXIOMA MS"},"image":{"@id":"https:\/\/www.axiomams.eu\/lv#\/schema\/logo\/image\/"},"sameAs":["https:\/\/www.facebook.com\/AxiomaMS","https:\/\/www.linkedin.com\/company\/axiomams\/"]}]}},"_links":{"self":[{"href":"https:\/\/www.axiomams.eu\/lv\/wp-json\/wp\/v2\/product\/39306","targetHints":{"allow":["GET"]}}],"collection":[{"href":"https:\/\/www.axiomams.eu\/lv\/wp-json\/wp\/v2\/product"}],"about":[{"href":"https:\/\/www.axiomams.eu\/lv\/wp-json\/wp\/v2\/types\/product"}],"replies":[{"embeddable":true,"href":"https:\/\/www.axiomams.eu\/lv\/wp-json\/wp\/v2\/comments?post=39306"}],"wp:featuredmedia":[{"embeddable":true,"href":"https:\/\/www.axiomams.eu\/lv\/wp-json\/wp\/v2\/media\/42331"}],"wp:attachment":[{"href":"https:\/\/www.axiomams.eu\/lv\/wp-json\/wp\/v2\/media?parent=39306"}],"wp:term":[{"taxonomy":"product_brand","embeddable":true,"href":"https:\/\/www.axiomams.eu\/lv\/wp-json\/wp\/v2\/product_brand?post=39306"},{"taxonomy":"product_cat","embeddable":true,"href":"https:\/\/www.axiomams.eu\/lv\/wp-json\/wp\/v2\/product_cat?post=39306"},{"taxonomy":"product_tag","embeddable":true,"href":"https:\/\/www.axiomams.eu\/lv\/wp-json\/wp\/v2\/product_tag?post=39306"}],"curies":[{"name":"wp","href":"https:\/\/api.w.org\/{rel}","templated":true}]}}